{"id":14948,"date":"2026-01-15T11:39:07","date_gmt":"2026-01-15T10:39:07","guid":{"rendered":"https:\/\/nature-et-developpement.com\/macabane-materiaux\/produit\/sol-design-en-liege-corelan-decor-mineral-base-hdf-a-clic\/"},"modified":"2026-04-08T10:17:15","modified_gmt":"2026-04-08T08:17:15","slug":"sol-design-en-liege-corelan-decor-mineral-base-hdf-a-clic","status":"publish","type":"product","link":"https:\/\/nature-et-developpement.com\/macabane-materiaux\/produit\/sol-design-en-liege-corelan-decor-mineral-base-hdf-a-clic\/","title":{"rendered":"Sol design en li\u00e8ge Corelan d\u00e9cor min\u00e9ral &#8211; base HDF \u00e0 clic"},"content":{"rendered":"<h2>Sol en li\u00e8ge Corelan d\u00e9cor min\u00e9ral HDF &#8211; Dalles \u00e0 clic 11mm<\/h2>\n<h3>Un rendu min\u00e9ral structur\u00e9 en format dalle<\/h3>\n<p data-start=\"1312\" data-end=\"1579\">Le Corelan d\u00e9cor min\u00e9ral base HDF se distingue par ses <strong>d\u00e9cors inspir\u00e9s de la pierre, du b\u00e9ton et des surfaces min\u00e9rales contemporaines<\/strong>. Le format dalle renforce l\u2019aspect graphique du sol et s\u2019int\u00e8gre facilement dans des int\u00e9rieurs modernes, \u00e9pur\u00e9s ou industriels.<\/p>\n<p>L\u2019impression num\u00e9rique haute d\u00e9finition permet d\u2019obtenir des textures visuellement coh\u00e9rentes, avec des nuances ma\u00eetris\u00e9es, tout en conservant une surface r\u00e9guli\u00e8re et facile \u00e0 entretenir.<\/p>\n<h3>Structure HDF multicouche avec li\u00e8ge int\u00e9gr\u00e9<\/h3>\n<p>Ce rev\u00eatement repose sur un <strong>support HDF haute densit\u00e9<\/strong>, garantissant une bonne rigidit\u00e9 et une stabilit\u00e9 dimensionnelle durable. Une sous-couche en li\u00e8ge press\u00e9 est int\u00e9gr\u00e9e \u00e0 la structure, contribuant \u00e0 l\u2019absorption des bruits de pas et au confort \u00e0 la marche.<\/p>\n<p>La couche d\u00e9corative en li\u00e8ge naturel est prot\u00e9g\u00e9e par une finition <strong>HotCoating\u00ae avec rev\u00eatement PUR<\/strong>, con\u00e7ue pour r\u00e9sister \u00e0 l\u2019abrasion et aux sollicitations r\u00e9p\u00e9t\u00e9es, y compris dans les espaces \u00e0 usage professionnel.<\/p>\n<h3>Pose flottante \u00e0 clic Uniclic<\/h3>\n<p>Le syst\u00e8me de pose \u00e0 clic Uniclic permet un assemblage rapide et pr\u00e9cis des dalles, sans colle. Cette solution facilite la pose en r\u00e9novation comme en construction neuve, tout en limitant les temps de chantier.<\/p>\n<p data-start=\"2556\" data-end=\"2709\">Les dalles sont dot\u00e9es de <strong>super micro-chanfreins sur les quatre c\u00f4t\u00e9s<\/strong>, ce qui souligne le format et structure visuellement la surface une fois pos\u00e9e.<\/p>\n<h3>Usages et performances<\/h3>\n<p>Le sol Corelan d\u00e9cor min\u00e9ral base HDF b\u00e9n\u00e9ficie d\u2019une <strong>classe d\u2019usage 23 \/ 32<\/strong>, autorisant une utilisation en habitat priv\u00e9 \u00e0 fort passage ainsi que dans des locaux professionnels \u00e0 trafic mod\u00e9r\u00e9.<br data-start=\"2937\" data-end=\"2940\" \/>Il est compatible avec les planchers chauffants \u00e0 eau chaude. La r\u00e9duction des bruits de pas atteint <strong>18 dB<\/strong>, am\u00e9liorant le confort acoustique global des espaces.<\/p>\n<p>Ce produit n\u2019est pas destin\u00e9 aux pi\u00e8ces humides. Pour ces applications, une version Corelan \u00e0 coller sur base li\u00e8ge massif est \u00e0 privil\u00e9gier.<\/p>\n<h3>Caract\u00e9ristiques techniques<\/h3>\n<ul>\n<li>\u00c9paisseur totale : 11 mm<\/li>\n<li data-start=\"3323\" data-end=\"3354\">Support : HDF haute densit\u00e9<\/li>\n<li>Sous-couche int\u00e9gr\u00e9e : li\u00e8ge press\u00e9<\/li>\n<li>Couche d\u00e9corative : li\u00e8ge naturel imprim\u00e9<\/li>\n<li>Finition de surface : HotCoating\u00ae (rev\u00eatement PUR)<\/li>\n<li>Classe d\u2019usage : 23 \/ 32<\/li>\n<li>R\u00e9duction des bruits de pas : 18 dB<\/li>\n<li>R\u00e9sistance au glissement : R10<\/li>\n<li>Pose : flottante \u00e0 clic Uniclic<\/li>\n<li>Compatibilit\u00e9 chauffage au sol : oui (eau chaude)<\/li>\n<li>Adapt\u00e9 aux pi\u00e8ces humides : non<\/li>\n<\/ul>\n<h3>Format et d\u00e9cors disponibles<\/h3>\n<ul>\n<li><strong>Format dalle : 620 \u00d7 450 mm<\/strong><\/li>\n<li><strong>\u00c9paisseur : 11 mm<\/strong><\/li>\n<\/ul>\n<p>D\u00e9cors min\u00e9raux disponibles selon collection :<\/p>\n<ul>\n<li>B\u00e9ton<\/li>\n<li>Ciment<\/li>\n<li>Flagstone<\/li>\n<\/ul>\n<p>Le format dalle facilite les calepinages r\u00e9guliers et renforce l\u2019aspect min\u00e9ral du rev\u00eatement.<\/p>\n<h3>Conseils de pose<\/h3>\n<p>Le support doit \u00eatre propre, sec et parfaitement plan. La pose flottante n\u00e9cessite le respect des jeux de dilatation p\u00e9riph\u00e9riques.<br \/>\nAucune sous-couche suppl\u00e9mentaire n\u2019est requise, la dalle int\u00e9grant d\u00e9j\u00e0 une couche en li\u00e8ge.<br \/>\nCe produit ne doit pas \u00eatre pos\u00e9 dans les pi\u00e8ces humides ou les zones expos\u00e9es \u00e0 l\u2019eau stagnante.<\/p>\n<h3>Conseils de choix dans la gamme Corelan<\/h3>\n<ul>\n<li>Choisis la <strong>version d\u00e9cor min\u00e9ral base HDF<\/strong> pour un rendu pierre ou b\u00e9ton avec une pose rapide \u00e0 clic.<\/li>\n<li>Oriente-toi vers la <strong>version d\u00e9cor min\u00e9ral base KF \u00e0 coller<\/strong> si l\u2019installation est pr\u00e9vue en pi\u00e8ce humide.<\/li>\n<li>Les versions d\u00e9cor bois permettent d\u2019obtenir un rendu plus chaleureux, tout en conservant les m\u00eames principes de pose.<\/li>\n<\/ul>\n<h3>FAQ \u2013 Sol Corelan d\u00e9cor min\u00e9ral base HDF<\/h3>\n<p><strong>Ce sol est-il adapt\u00e9 \u00e0 un usage professionnel ?<\/strong><br \/>\nOui. Sa classe d\u2019usage 23 \/ 32 permet une utilisation dans des locaux professionnels \u00e0 fr\u00e9quentation mod\u00e9r\u00e9e.<\/p>\n<p><strong>Le format dalle est-il plus complexe \u00e0 poser qu\u2019une lame ?<\/strong><br \/>\nNon. La pose \u00e0 clic Uniclic reste simple. Un calepinage pr\u00e9alable est recommand\u00e9 pour optimiser les coupes.<\/p>\n<p><strong>Ce sol peut-il \u00eatre pos\u00e9 dans une salle de bain ?<\/strong><br \/>\nNon. Pour les pi\u00e8ces humides, il est recommand\u00e9 d\u2019utiliser la version Corelan d\u00e9cor min\u00e9ral \u00e0 coller sur base li\u00e8ge massif.<\/p>\n","protected":false},"excerpt":{"rendered":"<p>Le sol Corelan d\u00e9cor min\u00e9ral base HDF est un rev\u00eatement de sol design en li\u00e8ge propos\u00e9 en format dalle, avec un rendu inspir\u00e9 des surfaces min\u00e9rales.<br \/>\nSa structure multicouche sur support HDF assure stabilit\u00e9 et confort \u00e0 l\u2019usage, tandis que la pose \u00e0 clic Uniclic simplifie la mise en \u0153uvre sans collage.<br \/>\nAvec une \u00e9paisseur totale de 11 mm et une sous-couche en li\u00e8ge int\u00e9gr\u00e9e, ce sol offre une r\u00e9duction des bruits de pas appr\u00e9ciable et une bonne r\u00e9sistance \u00e0 l\u2019usure.<br \/>\nIl convient aux espaces r\u00e9sidentiels intensifs comme aux locaux professionnels \u00e0 fr\u00e9quentation mod\u00e9r\u00e9e.<\/p>\n","protected":false},"featured_media":1000000204959,"template":"","meta":[],"product_brand":[2905],"product_cat":[77,3522,99,100],"product_tag":[],"class_list":{"0":"post-14948","1":"product","2":"type-product","3":"status-publish","4":"has-post-thumbnail","6":"product_brand-ziro","7":"product_cat-promo-et-destockage","8":"product_cat-sol-liege","9":"product_cat-sols-en-liege-linoleum-et-stratifies","10":"product_cat-tomette-beton-cire-pierre-naturelle","11":"product_shipping_class-transport-parquet-lambris-meister-amorim","13":"first","14":"instock","15":"sale","16":"taxable","17":"shipping-taxable","18":"purchasable","19":"product-type-variable"},"yoast_head":"<!-- This site is optimized with the Yoast SEO plugin v27.5 - https:\/\/yoast.com\/product\/yoast-seo-wordpress\/ -->\n<title>Sol design en li\u00e8ge Corelan d\u00e9cor min\u00e9ral - base HDF \u00e0 clic - Ma Cabane mat\u00e9riaux naturels<\/title>\n<meta name=\"description\" content=\"Le sol Corelan d\u00e9cor min\u00e9ral base HDF est un rev\u00eatement de sol design en li\u00e8ge propos\u00e9 en format dalle, avec un rendu inspir\u00e9 des surfaces min\u00e9rales. Sa structure multicouche sur support HDF assure stabilit\u00e9 et confort \u00e0 l\u2019usage, tandis que la pose \u00e0 clic Uniclic simplifie la mise en \u0153uvre sans collage. Avec une \u00e9paisseur totale de 11 mm et une sous-couche en li\u00e8ge int\u00e9gr\u00e9e, ce sol offre une r\u00e9duction des bruits de pas appr\u00e9ciable et une bonne r\u00e9sistance \u00e0 l\u2019usure. Il convient aux espaces r\u00e9sidentiels intensifs comme aux locaux professionnels \u00e0 fr\u00e9quentation mod\u00e9r\u00e9e.\" \/>\n<meta name=\"robots\" content=\"noindex, follow\" \/>\n<meta property=\"og:locale\" content=\"fr_FR\" \/>\n<meta property=\"og:type\" content=\"article\" \/>\n<meta property=\"og:title\" content=\"Sol design en li\u00e8ge Corelan d\u00e9cor min\u00e9ral - base HDF \u00e0 clic - Ma Cabane mat\u00e9riaux naturels\" \/>\n<meta property=\"og:description\" content=\"Le sol Corelan d\u00e9cor min\u00e9ral base HDF est un rev\u00eatement de sol design en li\u00e8ge propos\u00e9 en format dalle, avec un rendu inspir\u00e9 des surfaces min\u00e9rales. Sa structure multicouche sur support HDF assure stabilit\u00e9 et confort \u00e0 l\u2019usage, tandis que la pose \u00e0 clic Uniclic simplifie la mise en \u0153uvre sans collage. Avec une \u00e9paisseur totale de 11 mm et une sous-couche en li\u00e8ge int\u00e9gr\u00e9e, ce sol offre une r\u00e9duction des bruits de pas appr\u00e9ciable et une bonne r\u00e9sistance \u00e0 l\u2019usure. Il convient aux espaces r\u00e9sidentiels intensifs comme aux locaux professionnels \u00e0 fr\u00e9quentation mod\u00e9r\u00e9e.\" \/>\n<meta property=\"og:url\" content=\"https:\/\/nature-et-developpement.com\/macabane-materiaux\/produit\/sol-design-en-liege-corelan-decor-mineral-base-hdf-a-clic\/\" \/>\n<meta property=\"og:site_name\" content=\"Ma Cabane mat\u00e9riaux naturels\" \/>\n<meta property=\"article:modified_time\" content=\"2026-04-08T08:17:15+00:00\" \/>\n<meta name=\"twitter:card\" content=\"summary_large_image\" \/>\n<meta name=\"twitter:label1\" content=\"Dur\u00e9e de lecture estim\u00e9e\" \/>\n\t<meta name=\"twitter:data1\" content=\"3 minutes\" \/>\n<script type=\"application\/ld+json\" class=\"yoast-schema-graph\">{\"@context\":\"https:\\\/\\\/schema.org\",\"@graph\":[{\"@type\":\"WebPage\",\"@id\":\"https:\\\/\\\/nature-et-developpement.com\\\/macabane-materiaux\\\/produit\\\/sol-design-en-liege-corelan-decor-mineral-base-hdf-a-clic\\\/\",\"url\":\"https:\\\/\\\/nature-et-developpement.com\\\/macabane-materiaux\\\/produit\\\/sol-design-en-liege-corelan-decor-mineral-base-hdf-a-clic\\\/\",\"name\":\"Sol design en li\u00e8ge Corelan d\u00e9cor min\u00e9ral - base HDF \u00e0 clic - Ma Cabane mat\u00e9riaux naturels\",\"isPartOf\":{\"@id\":\"https:\\\/\\\/nature-et-developpement.com\\\/macabane-materiaux\\\/#website\"},\"primaryImageOfPage\":{\"@id\":\"https:\\\/\\\/nature-et-developpement.com\\\/macabane-materiaux\\\/produit\\\/sol-design-en-liege-corelan-decor-mineral-base-hdf-a-clic\\\/#primaryimage\"},\"image\":{\"@id\":\"https:\\\/\\\/nature-et-developpement.com\\\/macabane-materiaux\\\/produit\\\/sol-design-en-liege-corelan-decor-mineral-base-hdf-a-clic\\\/#primaryimage\"},\"thumbnailUrl\":\"https:\\\/\\\/nature-et-developpement.com\\\/macabane-materiaux\\\/wp-content\\\/uploads\\\/Sol-design-liege-Corelan-ZIRO-decor-mineral-020745002-Beton-ambiance.jpg\",\"datePublished\":\"2026-01-15T10:39:07+00:00\",\"dateModified\":\"2026-04-08T08:17:15+00:00\",\"description\":\"Le sol Corelan d\u00e9cor min\u00e9ral base HDF est un rev\u00eatement de sol design en li\u00e8ge propos\u00e9 en format dalle, avec un rendu inspir\u00e9 des surfaces min\u00e9rales. Sa structure multicouche sur support HDF assure stabilit\u00e9 et confort \u00e0 l\u2019usage, tandis que la pose \u00e0 clic Uniclic simplifie la mise en \u0153uvre sans collage. Avec une \u00e9paisseur totale de 11 mm et une sous-couche en li\u00e8ge int\u00e9gr\u00e9e, ce sol offre une r\u00e9duction des bruits de pas appr\u00e9ciable et une bonne r\u00e9sistance \u00e0 l\u2019usure. Il convient aux espaces r\u00e9sidentiels intensifs comme aux locaux professionnels \u00e0 fr\u00e9quentation mod\u00e9r\u00e9e.\",\"breadcrumb\":{\"@id\":\"https:\\\/\\\/nature-et-developpement.com\\\/macabane-materiaux\\\/produit\\\/sol-design-en-liege-corelan-decor-mineral-base-hdf-a-clic\\\/#breadcrumb\"},\"inLanguage\":\"fr-FR\",\"potentialAction\":[{\"@type\":\"ReadAction\",\"target\":[\"https:\\\/\\\/nature-et-developpement.com\\\/macabane-materiaux\\\/produit\\\/sol-design-en-liege-corelan-decor-mineral-base-hdf-a-clic\\\/\"]}]},{\"@type\":\"ImageObject\",\"inLanguage\":\"fr-FR\",\"@id\":\"https:\\\/\\\/nature-et-developpement.com\\\/macabane-materiaux\\\/produit\\\/sol-design-en-liege-corelan-decor-mineral-base-hdf-a-clic\\\/#primaryimage\",\"url\":\"https:\\\/\\\/nature-et-developpement.com\\\/macabane-materiaux\\\/wp-content\\\/uploads\\\/Sol-design-liege-Corelan-ZIRO-decor-mineral-020745002-Beton-ambiance.jpg\",\"contentUrl\":\"https:\\\/\\\/nature-et-developpement.com\\\/macabane-materiaux\\\/wp-content\\\/uploads\\\/Sol-design-liege-Corelan-ZIRO-decor-mineral-020745002-Beton-ambiance.jpg\"},{\"@type\":\"BreadcrumbList\",\"@id\":\"https:\\\/\\\/nature-et-developpement.com\\\/macabane-materiaux\\\/produit\\\/sol-design-en-liege-corelan-decor-mineral-base-hdf-a-clic\\\/#breadcrumb\",\"itemListElement\":[{\"@type\":\"ListItem\",\"position\":1,\"name\":\"Accueil\",\"item\":\"https:\\\/\\\/nature-et-developpement.com\\\/macabane-materiaux\\\/\"},{\"@type\":\"ListItem\",\"position\":2,\"name\":\"Boutique\",\"item\":\"https:\\\/\\\/nature-et-developpement.com\\\/macabane-materiaux\\\/boutique\\\/\"},{\"@type\":\"ListItem\",\"position\":3,\"name\":\"Parquets bois, stratifi\u00e9s et li\u00e8ge\",\"item\":\"https:\\\/\\\/nature-et-developpement.com\\\/macabane-materiaux\\\/produits\\\/parquet-et-sol-naturels\\\/\"},{\"@type\":\"ListItem\",\"position\":4,\"name\":\"Sols linol\u00e9um et stratifi\u00e9s\",\"item\":\"https:\\\/\\\/nature-et-developpement.com\\\/macabane-materiaux\\\/produits\\\/parquet-et-sol-naturels\\\/sols-en-liege-linoleum-et-stratifies\\\/\"},{\"@type\":\"ListItem\",\"position\":5,\"name\":\"Sol design en li\u00e8ge Corelan d\u00e9cor min\u00e9ral &#8211; base HDF \u00e0 clic\"}]},{\"@type\":\"WebSite\",\"@id\":\"https:\\\/\\\/nature-et-developpement.com\\\/macabane-materiaux\\\/#website\",\"url\":\"https:\\\/\\\/nature-et-developpement.com\\\/macabane-materiaux\\\/\",\"name\":\"Ma Cabane mat\u00e9riaux naturels\",\"description\":\"Ma Cabane est membre du groupement Nature &amp; D\u00e9veloppement\",\"potentialAction\":[{\"@type\":\"SearchAction\",\"target\":{\"@type\":\"EntryPoint\",\"urlTemplate\":\"https:\\\/\\\/nature-et-developpement.com\\\/macabane-materiaux\\\/?s={search_term_string}\"},\"query-input\":{\"@type\":\"PropertyValueSpecification\",\"valueRequired\":true,\"valueName\":\"search_term_string\"}}],\"inLanguage\":\"fr-FR\"}]}<\/script>\n<!-- \/ Yoast SEO plugin. -->","yoast_head_json":{"title":"Sol design en li\u00e8ge Corelan d\u00e9cor min\u00e9ral - base HDF \u00e0 clic - Ma Cabane mat\u00e9riaux naturels","description":"Le sol Corelan d\u00e9cor min\u00e9ral base HDF est un rev\u00eatement de sol design en li\u00e8ge propos\u00e9 en format dalle, avec un rendu inspir\u00e9 des surfaces min\u00e9rales. Sa structure multicouche sur support HDF assure stabilit\u00e9 et confort \u00e0 l\u2019usage, tandis que la pose \u00e0 clic Uniclic simplifie la mise en \u0153uvre sans collage. Avec une \u00e9paisseur totale de 11 mm et une sous-couche en li\u00e8ge int\u00e9gr\u00e9e, ce sol offre une r\u00e9duction des bruits de pas appr\u00e9ciable et une bonne r\u00e9sistance \u00e0 l\u2019usure. Il convient aux espaces r\u00e9sidentiels intensifs comme aux locaux professionnels \u00e0 fr\u00e9quentation mod\u00e9r\u00e9e.","robots":{"index":"noindex","follow":"follow"},"og_locale":"fr_FR","og_type":"article","og_title":"Sol design en li\u00e8ge Corelan d\u00e9cor min\u00e9ral - base HDF \u00e0 clic - Ma Cabane mat\u00e9riaux naturels","og_description":"Le sol Corelan d\u00e9cor min\u00e9ral base HDF est un rev\u00eatement de sol design en li\u00e8ge propos\u00e9 en format dalle, avec un rendu inspir\u00e9 des surfaces min\u00e9rales. Sa structure multicouche sur support HDF assure stabilit\u00e9 et confort \u00e0 l\u2019usage, tandis que la pose \u00e0 clic Uniclic simplifie la mise en \u0153uvre sans collage. Avec une \u00e9paisseur totale de 11 mm et une sous-couche en li\u00e8ge int\u00e9gr\u00e9e, ce sol offre une r\u00e9duction des bruits de pas appr\u00e9ciable et une bonne r\u00e9sistance \u00e0 l\u2019usure. Il convient aux espaces r\u00e9sidentiels intensifs comme aux locaux professionnels \u00e0 fr\u00e9quentation mod\u00e9r\u00e9e.","og_url":"https:\/\/nature-et-developpement.com\/macabane-materiaux\/produit\/sol-design-en-liege-corelan-decor-mineral-base-hdf-a-clic\/","og_site_name":"Ma Cabane mat\u00e9riaux naturels","article_modified_time":"2026-04-08T08:17:15+00:00","twitter_card":"summary_large_image","twitter_misc":{"Dur\u00e9e de lecture estim\u00e9e":"3 minutes"},"schema":{"@context":"https:\/\/schema.org","@graph":[{"@type":"WebPage","@id":"https:\/\/nature-et-developpement.com\/macabane-materiaux\/produit\/sol-design-en-liege-corelan-decor-mineral-base-hdf-a-clic\/","url":"https:\/\/nature-et-developpement.com\/macabane-materiaux\/produit\/sol-design-en-liege-corelan-decor-mineral-base-hdf-a-clic\/","name":"Sol design en li\u00e8ge Corelan d\u00e9cor min\u00e9ral - base HDF \u00e0 clic - Ma Cabane mat\u00e9riaux naturels","isPartOf":{"@id":"https:\/\/nature-et-developpement.com\/macabane-materiaux\/#website"},"primaryImageOfPage":{"@id":"https:\/\/nature-et-developpement.com\/macabane-materiaux\/produit\/sol-design-en-liege-corelan-decor-mineral-base-hdf-a-clic\/#primaryimage"},"image":{"@id":"https:\/\/nature-et-developpement.com\/macabane-materiaux\/produit\/sol-design-en-liege-corelan-decor-mineral-base-hdf-a-clic\/#primaryimage"},"thumbnailUrl":"https:\/\/nature-et-developpement.com\/macabane-materiaux\/wp-content\/uploads\/Sol-design-liege-Corelan-ZIRO-decor-mineral-020745002-Beton-ambiance.jpg","datePublished":"2026-01-15T10:39:07+00:00","dateModified":"2026-04-08T08:17:15+00:00","description":"Le sol Corelan d\u00e9cor min\u00e9ral base HDF est un rev\u00eatement de sol design en li\u00e8ge propos\u00e9 en format dalle, avec un rendu inspir\u00e9 des surfaces min\u00e9rales. Sa structure multicouche sur support HDF assure stabilit\u00e9 et confort \u00e0 l\u2019usage, tandis que la pose \u00e0 clic Uniclic simplifie la mise en \u0153uvre sans collage. Avec une \u00e9paisseur totale de 11 mm et une sous-couche en li\u00e8ge int\u00e9gr\u00e9e, ce sol offre une r\u00e9duction des bruits de pas appr\u00e9ciable et une bonne r\u00e9sistance \u00e0 l\u2019usure. Il convient aux espaces r\u00e9sidentiels intensifs comme aux locaux professionnels \u00e0 fr\u00e9quentation mod\u00e9r\u00e9e.","breadcrumb":{"@id":"https:\/\/nature-et-developpement.com\/macabane-materiaux\/produit\/sol-design-en-liege-corelan-decor-mineral-base-hdf-a-clic\/#breadcrumb"},"inLanguage":"fr-FR","potentialAction":[{"@type":"ReadAction","target":["https:\/\/nature-et-developpement.com\/macabane-materiaux\/produit\/sol-design-en-liege-corelan-decor-mineral-base-hdf-a-clic\/"]}]},{"@type":"ImageObject","inLanguage":"fr-FR","@id":"https:\/\/nature-et-developpement.com\/macabane-materiaux\/produit\/sol-design-en-liege-corelan-decor-mineral-base-hdf-a-clic\/#primaryimage","url":"https:\/\/nature-et-developpement.com\/macabane-materiaux\/wp-content\/uploads\/Sol-design-liege-Corelan-ZIRO-decor-mineral-020745002-Beton-ambiance.jpg","contentUrl":"https:\/\/nature-et-developpement.com\/macabane-materiaux\/wp-content\/uploads\/Sol-design-liege-Corelan-ZIRO-decor-mineral-020745002-Beton-ambiance.jpg"},{"@type":"BreadcrumbList","@id":"https:\/\/nature-et-developpement.com\/macabane-materiaux\/produit\/sol-design-en-liege-corelan-decor-mineral-base-hdf-a-clic\/#breadcrumb","itemListElement":[{"@type":"ListItem","position":1,"name":"Accueil","item":"https:\/\/nature-et-developpement.com\/macabane-materiaux\/"},{"@type":"ListItem","position":2,"name":"Boutique","item":"https:\/\/nature-et-developpement.com\/macabane-materiaux\/boutique\/"},{"@type":"ListItem","position":3,"name":"Parquets bois, stratifi\u00e9s et li\u00e8ge","item":"https:\/\/nature-et-developpement.com\/macabane-materiaux\/produits\/parquet-et-sol-naturels\/"},{"@type":"ListItem","position":4,"name":"Sols linol\u00e9um et stratifi\u00e9s","item":"https:\/\/nature-et-developpement.com\/macabane-materiaux\/produits\/parquet-et-sol-naturels\/sols-en-liege-linoleum-et-stratifies\/"},{"@type":"ListItem","position":5,"name":"Sol design en li\u00e8ge Corelan d\u00e9cor min\u00e9ral &#8211; base HDF \u00e0 clic"}]},{"@type":"WebSite","@id":"https:\/\/nature-et-developpement.com\/macabane-materiaux\/#website","url":"https:\/\/nature-et-developpement.com\/macabane-materiaux\/","name":"Ma Cabane mat\u00e9riaux naturels","description":"Ma Cabane est membre du groupement Nature &amp; D\u00e9veloppement","potentialAction":[{"@type":"SearchAction","target":{"@type":"EntryPoint","urlTemplate":"https:\/\/nature-et-developpement.com\/macabane-materiaux\/?s={search_term_string}"},"query-input":{"@type":"PropertyValueSpecification","valueRequired":true,"valueName":"search_term_string"}}],"inLanguage":"fr-FR"}]}},"distributor_meta":false,"distributor_terms":false,"distributor_media":false,"distributor_original_site_name":"Ma Cabane mat\u00e9riaux naturels","distributor_original_site_url":"https:\/\/nature-et-developpement.com\/macabane-materiaux","push-errors":false,"_links":{"self":[{"href":"https:\/\/nature-et-developpement.com\/macabane-materiaux\/wp-json\/wp\/v2\/product\/14948","targetHints":{"allow":["GET"]}}],"collection":[{"href":"https:\/\/nature-et-developpement.com\/macabane-materiaux\/wp-json\/wp\/v2\/product"}],"about":[{"href":"https:\/\/nature-et-developpement.com\/macabane-materiaux\/wp-json\/wp\/v2\/types\/product"}],"wp:featuredmedia":[{"embeddable":true,"href":"https:\/\/nature-et-developpement.com\/macabane-materiaux\/wp-json\/"}],"wp:attachment":[{"href":"https:\/\/nature-et-developpement.com\/macabane-materiaux\/wp-json\/wp\/v2\/media?parent=14948"}],"wp:term":[{"taxonomy":"product_brand","embeddable":true,"href":"https:\/\/nature-et-developpement.com\/macabane-materiaux\/wp-json\/wp\/v2\/product_brand?post=14948"},{"taxonomy":"product_cat","embeddable":true,"href":"https:\/\/nature-et-developpement.com\/macabane-materiaux\/wp-json\/wp\/v2\/product_cat?post=14948"},{"taxonomy":"product_tag","embeddable":true,"href":"https:\/\/nature-et-developpement.com\/macabane-materiaux\/wp-json\/wp\/v2\/product_tag?post=14948"}],"curies":[{"name":"wp","href":"https:\/\/api.w.org\/{rel}","templated":true}]}}