{"id":1646,"date":"2024-01-01T00:00:00","date_gmt":"2023-12-31T23:00:00","guid":{"rendered":"https:\/\/nature-et-developpement.com\/macabane-materiaux\/produit\/blanc-de-chais-a-la-chaux-pret-a-lemploi-pozzo-nuovo-20-litres\/"},"modified":"2025-06-17T15:18:39","modified_gmt":"2025-06-17T13:18:39","slug":"blanc-de-chais-a-la-chaux-pozzo-nuovo-20l","status":"publish","type":"product","link":"https:\/\/nature-et-developpement.com\/macabane-materiaux\/produit\/blanc-de-chais-a-la-chaux-pozzo-nuovo-20l\/","title":{"rendered":"Peinture \u00e0 la chaux \u00ab\u00a0blanc de chais\u00a0\u00bb 20 litres"},"content":{"rendered":"<h2><span style=\"vertical-align: inherit\"><span style=\"vertical-align: inherit\">Badigeon \u00e9pais \u00e0 la chaux \u00a0\u00bb blanc de chais\u00a0\u00bb<\/span><\/span><\/h2>\n<p><span style=\"vertical-align: inherit\"><span style=\"vertical-align: inherit\">Ce badigeon \u00a0\u00bb blanc de chais \u00a0\u00bb de couleur ivoire s&rsquo;utilise dans les chais, il est pr\u00e9par\u00e9 \u00e0 base de <\/span><\/span><strong><span style=\"vertical-align: inherit\"><span style=\"vertical-align: inherit\">chaux en p\u00e2te<\/span><\/span><\/strong><span style=\"vertical-align: inherit\"><span style=\"vertical-align: inherit\"> , enti\u00e8rement naturelle et pr\u00eate \u00e0 \u00eatre utilis\u00e9e.<\/span><\/span><\/p>\n<p><em><strong><span style=\"vertical-align: inherit\"><span style=\"vertical-align: inherit\">Dans quel mais ?<\/span><\/span><\/strong><\/em><span style=\"vertical-align: inherit\"><span style=\"vertical-align: inherit\"> En raison de ses propri\u00e9t\u00e9s d\u00e9sinfectantes, il s&#8217;emploie comme traitement antiseptique.<\/span><\/span><\/p>\n<p><strong><span style=\"vertical-align: inherit\"><span style=\"vertical-align: inherit\">Ses caract\u00e9ristiques principales :<\/span><\/span><\/strong><\/p>\n<ul>\n<li><strong><span style=\"vertical-align: inherit\"><span style=\"vertical-align: inherit\">Purifie<\/span><\/span><\/strong><span style=\"vertical-align: inherit\"><span style=\"vertical-align: inherit\"> les murs et assure une propret\u00e9 en profondeur,<\/span><\/span><\/li>\n<li><span style=\"vertical-align: inherit\"><span style=\"vertical-align: inherit\">Pr\u00e9vient la condensation,<\/span><\/span><\/li>\n<li><span style=\"vertical-align: inherit\"><span style=\"vertical-align: inherit\">Diminue le risque de d\u00e9veloppement de moisissures.<\/span><\/span><\/li>\n<\/ul>\n<p><span style=\"vertical-align: inherit\"><span style=\"vertical-align: inherit\">Mais qu&rsquo;il peut le plus peut de moins, il apportera \u00e0 votre d\u00e9co int\u00e9rieure un rendu authentique avec une pose crois\u00e9e \u00e0 la <\/span><\/span><strong><span style=\"vertical-align: inherit\"><span style=\"vertical-align: inherit\">brosse<\/span><\/span><\/strong><span style=\"vertical-align: inherit\"><span style=\"vertical-align: inherit\"> ou d&rsquo;un <\/span><\/span><strong><span style=\"vertical-align: inherit\"><span style=\"vertical-align: inherit\">pinceau large<\/span><\/span><\/strong><span style=\"vertical-align: inherit\"><span style=\"vertical-align: inherit\"> .<\/span><\/span><\/p>\n<p><span style=\"vertical-align: inherit\"><span style=\"vertical-align: inherit\">Comme tous les badigeons, il est teintable dans une autre couleur avec des pigments naturels.<\/span><\/span><\/p>\n<p><span style=\"vertical-align: inherit\"><span style=\"vertical-align: inherit\">Pas de soucis pour une pose sur un enduit \u00e0 la chaux ou sur des briques, par contre pour une pose sur du pl\u00e2tre, il vous faudra une sous-couche adapt\u00e9e pour retarder le s\u00e9chage.<\/span><\/span><\/p>\n<p>&nbsp;<\/p>\n<h3><span style=\"vertical-align: inherit\"><span style=\"vertical-align: inherit\">Application :<\/span><\/span><\/h3>\n<ul>\n<li><span style=\"vertical-align: inherit\"><span style=\"vertical-align: inherit\">Bien remuer le produit dans l&rsquo;eau avant emploi afin de le rendre homog\u00e8ne, si n\u00e9cessaire, diluer le produit avec de l&rsquo;eau pour faciliter sa mise en \u0153uvre.<\/span><\/span><\/li>\n<li><span style=\"vertical-align: inherit\"><span style=\"vertical-align: inherit\">Laver et brosser les surfaces \u00e0 traiter pour \u00e9liminer tout mat\u00e9riau non adh\u00e9rent.<\/span><\/span><\/li>\n<li><span style=\"vertical-align: inherit\"><span style=\"vertical-align: inherit\">Appliquer en deux couches \u00e0 l&rsquo;aide d&rsquo;une brosse ou d&rsquo;un pinceau large.<\/span><\/span><\/li>\n<\/ul>\n<p><span style=\"vertical-align: inherit\"><span style=\"vertical-align: inherit\">NB : Appliquer de pr\u00e9f\u00e9rence \u00e0 l&rsquo;abri du soleil, du vent et de la pluie.<\/span><\/span><\/p>\n<p><span style=\"vertical-align: inherit\"><span style=\"vertical-align: inherit\">On admet g\u00e9n\u00e9ralement que les travaux peuvent \u00eatre ex\u00e9cut\u00e9s lorsque les temp\u00e9ratures sont comprises entre 5\u00b0 et 30\u00b0 C.<\/span><\/span><\/p>\n<p><span style=\"vertical-align: inherit\"><span style=\"vertical-align: inherit\">Au dessus de 30\u00b0 C, certaines dispositions seront prises pour \u00e9viter une dessiccation trop rapide du produit.<\/span><\/span><\/p>\n<p><strong><span style=\"vertical-align: inherit\"><span style=\"vertical-align: inherit\">Fr\u00e9quence conseill\u00e9e d&rsquo;application :<\/span><\/span><\/strong><span style=\"vertical-align: inherit\"><span style=\"vertical-align: inherit\"> une \u00e0 deux fois par an pour une protection efficace.<\/span><\/span><\/p>\n<p><strong><span style=\"vertical-align: inherit\"><span style=\"vertical-align: inherit\">Consommation moyenne :<\/span><\/span><\/strong><span style=\"vertical-align: inherit\"><span style=\"vertical-align: inherit\"> 1 litre pour 5 m\u00b2 par couche (tr\u00e8s variable en fonction des supports).<\/span><\/span><\/p>\n<p><strong><span style=\"vertical-align: inherit\"><span style=\"vertical-align: inherit\">Conservation :<\/span><\/span><\/strong><span style=\"vertical-align: inherit\"><span style=\"vertical-align: inherit\"> deux ans de bonnes conditions de stockage : produit recouvert de quelques millim\u00e8tres d&rsquo;eau et eau ferm\u00e9e \u00e0 l&rsquo;abri du gel.<\/span><\/span><\/p>\n<p><strong><span style=\"vertical-align: inherit\"><span style=\"vertical-align: inherit\">Composition :<\/span><\/span><\/strong><span style=\"vertical-align: inherit\"><span style=\"vertical-align: inherit\"> chaux naturelle en p\u00e2te CL90-S, eau de chaux, carbonate de calcium, cellulose.<\/span><\/span><\/p>\n","protected":false},"excerpt":{"rendered":"<p><span style=\"vertical-align: inherit\"><span style=\"vertical-align: inherit\">Le blanc de chais est un badigeon de couleur ivoire, \u00e9labor\u00e9 \u00e0 base de chaux en p\u00e2te, <\/span><\/span><span style=\"text-decoration: underline\"><span style=\"vertical-align: inherit\"><span style=\"vertical-align: inherit\">100% naturel et pr\u00eat \u00e0 l&#8217;emploi<\/span><\/span><\/span><span style=\"vertical-align: inherit\"><span style=\"vertical-align: inherit\"> . <\/span><\/span><br \/>\n<span style=\"vertical-align: inherit\"><span style=\"vertical-align: inherit\">Grace \u00e0 ses propri\u00e9t\u00e9s d\u00e9sinfectantes, il s&rsquo;utilise en traitement antiseptique dans les chais et toutes vos d\u00e9corations int\u00e9rieures. <\/span><\/span><br \/>\n<strong><span style=\"color: #008000\"><span style=\"vertical-align: inherit\"><span style=\"vertical-align: inherit\">En eau de 20L, 1L pour 5 m\u00b2 par couche<\/span><\/span><\/span><\/strong><em><span style=\"vertical-align: inherit\"><span style=\"vertical-align: inherit\"> (tr\u00e8s variable en fonction des supports)<\/span><\/span><\/em><\/p>\n","protected":false},"featured_media":1000000104414,"template":"","meta":[],"product_brand":[3070],"product_cat":[88],"product_tag":[2697],"class_list":{"0":"post-1646","1":"product","2":"type-product","3":"status-publish","4":"has-post-thumbnail","6":"product_brand-pozzo-nuovo-enduit-chaux-en-pate","7":"product_cat-peinture-ecologique","8":"product_tag-chaux","9":"product_shipping_class-sac-de-25kg","11":"first","12":"instock","13":"taxable","14":"shipping-taxable","15":"purchasable","16":"product-type-simple"},"yoast_head":"<!-- This site is optimized with the Yoast SEO plugin v27.5 - https:\/\/yoast.com\/product\/yoast-seo-wordpress\/ -->\n<title>Peinture \u00e0 la chaux &quot;blanc de chais&quot; 20 litres - Ma Cabane mat\u00e9riaux naturels<\/title>\n<meta name=\"description\" content=\"Badigeon de couleur ivoire &quot;blanc de chais&quot;, \u00e0 base de chaux en p\u00e2te, 100% naturel et pr\u00eat \u00e0 l\u2019emploi. S\u2019utilise en traitement antiseptique et en d\u00e9co.\" \/>\n<meta name=\"robots\" content=\"noindex, follow\" \/>\n<meta property=\"og:locale\" content=\"fr_FR\" \/>\n<meta property=\"og:type\" content=\"article\" \/>\n<meta property=\"og:title\" content=\"Peinture \u00e0 la chaux &quot;blanc de chais&quot; 20 litres - Ma Cabane mat\u00e9riaux naturels\" \/>\n<meta property=\"og:description\" content=\"Badigeon de couleur ivoire &quot;blanc de chais&quot;, \u00e0 base de chaux en p\u00e2te, 100% naturel et pr\u00eat \u00e0 l\u2019emploi. S\u2019utilise en traitement antiseptique et en d\u00e9co.\" \/>\n<meta property=\"og:url\" content=\"https:\/\/nature-et-developpement.com\/macabane-materiaux\/produit\/blanc-de-chais-a-la-chaux-pozzo-nuovo-20l\/\" \/>\n<meta property=\"og:site_name\" content=\"Ma Cabane mat\u00e9riaux naturels\" \/>\n<meta property=\"article:modified_time\" content=\"2025-06-17T13:18:39+00:00\" \/>\n<meta name=\"twitter:card\" content=\"summary_large_image\" \/>\n<meta name=\"twitter:label1\" content=\"Dur\u00e9e de lecture estim\u00e9e\" \/>\n\t<meta name=\"twitter:data1\" content=\"1 minute\" \/>\n<script type=\"application\/ld+json\" class=\"yoast-schema-graph\">{\"@context\":\"https:\\\/\\\/schema.org\",\"@graph\":[{\"@type\":\"WebPage\",\"@id\":\"https:\\\/\\\/nature-et-developpement.com\\\/macabane-materiaux\\\/produit\\\/blanc-de-chais-a-la-chaux-pozzo-nuovo-20l\\\/\",\"url\":\"https:\\\/\\\/nature-et-developpement.com\\\/macabane-materiaux\\\/produit\\\/blanc-de-chais-a-la-chaux-pozzo-nuovo-20l\\\/\",\"name\":\"Peinture \u00e0 la chaux \\\"blanc de chais\\\" 20 litres - Ma Cabane mat\u00e9riaux naturels\",\"isPartOf\":{\"@id\":\"https:\\\/\\\/nature-et-developpement.com\\\/macabane-materiaux\\\/#website\"},\"primaryImageOfPage\":{\"@id\":\"https:\\\/\\\/nature-et-developpement.com\\\/macabane-materiaux\\\/produit\\\/blanc-de-chais-a-la-chaux-pozzo-nuovo-20l\\\/#primaryimage\"},\"image\":{\"@id\":\"https:\\\/\\\/nature-et-developpement.com\\\/macabane-materiaux\\\/produit\\\/blanc-de-chais-a-la-chaux-pozzo-nuovo-20l\\\/#primaryimage\"},\"thumbnailUrl\":\"https:\\\/\\\/nature-et-developpement.com\\\/macabane-materiaux\\\/wp-content\\\/uploads\\\/29863-Blanc-de-chais-a-la-chaux-pret-a-lenploi-Pozzo-Nuovo-20-Litres.jpg\",\"datePublished\":\"2023-12-31T23:00:00+00:00\",\"dateModified\":\"2025-06-17T13:18:39+00:00\",\"description\":\"Badigeon de couleur ivoire \\\"blanc de chais\\\", \u00e0 base de chaux en p\u00e2te, 100% naturel et pr\u00eat \u00e0 l\u2019emploi. S\u2019utilise en traitement antiseptique et en d\u00e9co.\",\"breadcrumb\":{\"@id\":\"https:\\\/\\\/nature-et-developpement.com\\\/macabane-materiaux\\\/produit\\\/blanc-de-chais-a-la-chaux-pozzo-nuovo-20l\\\/#breadcrumb\"},\"inLanguage\":\"fr-FR\",\"potentialAction\":[{\"@type\":\"ReadAction\",\"target\":[\"https:\\\/\\\/nature-et-developpement.com\\\/macabane-materiaux\\\/produit\\\/blanc-de-chais-a-la-chaux-pozzo-nuovo-20l\\\/\"]}]},{\"@type\":\"ImageObject\",\"inLanguage\":\"fr-FR\",\"@id\":\"https:\\\/\\\/nature-et-developpement.com\\\/macabane-materiaux\\\/produit\\\/blanc-de-chais-a-la-chaux-pozzo-nuovo-20l\\\/#primaryimage\",\"url\":\"https:\\\/\\\/nature-et-developpement.com\\\/macabane-materiaux\\\/wp-content\\\/uploads\\\/29863-Blanc-de-chais-a-la-chaux-pret-a-lenploi-Pozzo-Nuovo-20-Litres.jpg\",\"contentUrl\":\"https:\\\/\\\/nature-et-developpement.com\\\/macabane-materiaux\\\/wp-content\\\/uploads\\\/29863-Blanc-de-chais-a-la-chaux-pret-a-lenploi-Pozzo-Nuovo-20-Litres.jpg\"},{\"@type\":\"BreadcrumbList\",\"@id\":\"https:\\\/\\\/nature-et-developpement.com\\\/macabane-materiaux\\\/produit\\\/blanc-de-chais-a-la-chaux-pozzo-nuovo-20l\\\/#breadcrumb\",\"itemListElement\":[{\"@type\":\"ListItem\",\"position\":1,\"name\":\"Accueil\",\"item\":\"https:\\\/\\\/nature-et-developpement.com\\\/macabane-materiaux\\\/\"},{\"@type\":\"ListItem\",\"position\":2,\"name\":\"Boutique\",\"item\":\"https:\\\/\\\/nature-et-developpement.com\\\/macabane-materiaux\\\/boutique\\\/\"},{\"@type\":\"ListItem\",\"position\":3,\"name\":\"Peinture, pigment et enduit\",\"item\":\"https:\\\/\\\/nature-et-developpement.com\\\/macabane-materiaux\\\/produits\\\/peinture-et-enduit\\\/\"},{\"@type\":\"ListItem\",\"position\":4,\"name\":\"Peintures\",\"item\":\"https:\\\/\\\/nature-et-developpement.com\\\/macabane-materiaux\\\/produits\\\/peinture-et-enduit\\\/peinture-ecologique\\\/\"},{\"@type\":\"ListItem\",\"position\":5,\"name\":\"Peinture \u00e0 la chaux \u00ab\u00a0blanc de chais\u00a0\u00bb 20 litres\"}]},{\"@type\":\"WebSite\",\"@id\":\"https:\\\/\\\/nature-et-developpement.com\\\/macabane-materiaux\\\/#website\",\"url\":\"https:\\\/\\\/nature-et-developpement.com\\\/macabane-materiaux\\\/\",\"name\":\"Ma Cabane mat\u00e9riaux naturels\",\"description\":\"Ma Cabane est membre du groupement Nature &amp; D\u00e9veloppement\",\"potentialAction\":[{\"@type\":\"SearchAction\",\"target\":{\"@type\":\"EntryPoint\",\"urlTemplate\":\"https:\\\/\\\/nature-et-developpement.com\\\/macabane-materiaux\\\/?s={search_term_string}\"},\"query-input\":{\"@type\":\"PropertyValueSpecification\",\"valueRequired\":true,\"valueName\":\"search_term_string\"}}],\"inLanguage\":\"fr-FR\"}]}<\/script>\n<!-- \/ Yoast SEO plugin. -->","yoast_head_json":{"title":"Peinture \u00e0 la chaux \"blanc de chais\" 20 litres - Ma Cabane mat\u00e9riaux naturels","description":"Badigeon de couleur ivoire \"blanc de chais\", \u00e0 base de chaux en p\u00e2te, 100% naturel et pr\u00eat \u00e0 l\u2019emploi. S\u2019utilise en traitement antiseptique et en d\u00e9co.","robots":{"index":"noindex","follow":"follow"},"og_locale":"fr_FR","og_type":"article","og_title":"Peinture \u00e0 la chaux \"blanc de chais\" 20 litres - Ma Cabane mat\u00e9riaux naturels","og_description":"Badigeon de couleur ivoire \"blanc de chais\", \u00e0 base de chaux en p\u00e2te, 100% naturel et pr\u00eat \u00e0 l\u2019emploi. S\u2019utilise en traitement antiseptique et en d\u00e9co.","og_url":"https:\/\/nature-et-developpement.com\/macabane-materiaux\/produit\/blanc-de-chais-a-la-chaux-pozzo-nuovo-20l\/","og_site_name":"Ma Cabane mat\u00e9riaux naturels","article_modified_time":"2025-06-17T13:18:39+00:00","twitter_card":"summary_large_image","twitter_misc":{"Dur\u00e9e de lecture estim\u00e9e":"1 minute"},"schema":{"@context":"https:\/\/schema.org","@graph":[{"@type":"WebPage","@id":"https:\/\/nature-et-developpement.com\/macabane-materiaux\/produit\/blanc-de-chais-a-la-chaux-pozzo-nuovo-20l\/","url":"https:\/\/nature-et-developpement.com\/macabane-materiaux\/produit\/blanc-de-chais-a-la-chaux-pozzo-nuovo-20l\/","name":"Peinture \u00e0 la chaux \"blanc de chais\" 20 litres - Ma Cabane mat\u00e9riaux naturels","isPartOf":{"@id":"https:\/\/nature-et-developpement.com\/macabane-materiaux\/#website"},"primaryImageOfPage":{"@id":"https:\/\/nature-et-developpement.com\/macabane-materiaux\/produit\/blanc-de-chais-a-la-chaux-pozzo-nuovo-20l\/#primaryimage"},"image":{"@id":"https:\/\/nature-et-developpement.com\/macabane-materiaux\/produit\/blanc-de-chais-a-la-chaux-pozzo-nuovo-20l\/#primaryimage"},"thumbnailUrl":"https:\/\/nature-et-developpement.com\/macabane-materiaux\/wp-content\/uploads\/29863-Blanc-de-chais-a-la-chaux-pret-a-lenploi-Pozzo-Nuovo-20-Litres.jpg","datePublished":"2023-12-31T23:00:00+00:00","dateModified":"2025-06-17T13:18:39+00:00","description":"Badigeon de couleur ivoire \"blanc de chais\", \u00e0 base de chaux en p\u00e2te, 100% naturel et pr\u00eat \u00e0 l\u2019emploi. S\u2019utilise en traitement antiseptique et en d\u00e9co.","breadcrumb":{"@id":"https:\/\/nature-et-developpement.com\/macabane-materiaux\/produit\/blanc-de-chais-a-la-chaux-pozzo-nuovo-20l\/#breadcrumb"},"inLanguage":"fr-FR","potentialAction":[{"@type":"ReadAction","target":["https:\/\/nature-et-developpement.com\/macabane-materiaux\/produit\/blanc-de-chais-a-la-chaux-pozzo-nuovo-20l\/"]}]},{"@type":"ImageObject","inLanguage":"fr-FR","@id":"https:\/\/nature-et-developpement.com\/macabane-materiaux\/produit\/blanc-de-chais-a-la-chaux-pozzo-nuovo-20l\/#primaryimage","url":"https:\/\/nature-et-developpement.com\/macabane-materiaux\/wp-content\/uploads\/29863-Blanc-de-chais-a-la-chaux-pret-a-lenploi-Pozzo-Nuovo-20-Litres.jpg","contentUrl":"https:\/\/nature-et-developpement.com\/macabane-materiaux\/wp-content\/uploads\/29863-Blanc-de-chais-a-la-chaux-pret-a-lenploi-Pozzo-Nuovo-20-Litres.jpg"},{"@type":"BreadcrumbList","@id":"https:\/\/nature-et-developpement.com\/macabane-materiaux\/produit\/blanc-de-chais-a-la-chaux-pozzo-nuovo-20l\/#breadcrumb","itemListElement":[{"@type":"ListItem","position":1,"name":"Accueil","item":"https:\/\/nature-et-developpement.com\/macabane-materiaux\/"},{"@type":"ListItem","position":2,"name":"Boutique","item":"https:\/\/nature-et-developpement.com\/macabane-materiaux\/boutique\/"},{"@type":"ListItem","position":3,"name":"Peinture, pigment et enduit","item":"https:\/\/nature-et-developpement.com\/macabane-materiaux\/produits\/peinture-et-enduit\/"},{"@type":"ListItem","position":4,"name":"Peintures","item":"https:\/\/nature-et-developpement.com\/macabane-materiaux\/produits\/peinture-et-enduit\/peinture-ecologique\/"},{"@type":"ListItem","position":5,"name":"Peinture \u00e0 la chaux \u00ab\u00a0blanc de chais\u00a0\u00bb 20 litres"}]},{"@type":"WebSite","@id":"https:\/\/nature-et-developpement.com\/macabane-materiaux\/#website","url":"https:\/\/nature-et-developpement.com\/macabane-materiaux\/","name":"Ma Cabane mat\u00e9riaux naturels","description":"Ma Cabane est membre du groupement Nature &amp; D\u00e9veloppement","potentialAction":[{"@type":"SearchAction","target":{"@type":"EntryPoint","urlTemplate":"https:\/\/nature-et-developpement.com\/macabane-materiaux\/?s={search_term_string}"},"query-input":{"@type":"PropertyValueSpecification","valueRequired":true,"valueName":"search_term_string"}}],"inLanguage":"fr-FR"}]}},"distributor_meta":false,"distributor_terms":false,"distributor_media":false,"distributor_original_site_name":"Ma Cabane mat\u00e9riaux naturels","distributor_original_site_url":"https:\/\/nature-et-developpement.com\/macabane-materiaux","push-errors":false,"_links":{"self":[{"href":"https:\/\/nature-et-developpement.com\/macabane-materiaux\/wp-json\/wp\/v2\/product\/1646","targetHints":{"allow":["GET"]}}],"collection":[{"href":"https:\/\/nature-et-developpement.com\/macabane-materiaux\/wp-json\/wp\/v2\/product"}],"about":[{"href":"https:\/\/nature-et-developpement.com\/macabane-materiaux\/wp-json\/wp\/v2\/types\/product"}],"wp:featuredmedia":[{"embeddable":true,"href":"https:\/\/nature-et-developpement.com\/macabane-materiaux\/wp-json\/"}],"wp:attachment":[{"href":"https:\/\/nature-et-developpement.com\/macabane-materiaux\/wp-json\/wp\/v2\/media?parent=1646"}],"wp:term":[{"taxonomy":"product_brand","embeddable":true,"href":"https:\/\/nature-et-developpement.com\/macabane-materiaux\/wp-json\/wp\/v2\/product_brand?post=1646"},{"taxonomy":"product_cat","embeddable":true,"href":"https:\/\/nature-et-developpement.com\/macabane-materiaux\/wp-json\/wp\/v2\/product_cat?post=1646"},{"taxonomy":"product_tag","embeddable":true,"href":"https:\/\/nature-et-developpement.com\/macabane-materiaux\/wp-json\/wp\/v2\/product_tag?post=1646"}],"curies":[{"name":"wp","href":"https:\/\/api.w.org\/{rel}","templated":true}]}}