{"id":1648,"date":"2024-01-01T00:00:00","date_gmt":"2023-12-31T23:00:00","guid":{"rendered":"https:\/\/nature-et-developpement.com\/macabane-materiaux\/produit\/dose-couleur-pozzo-nuovo\/"},"modified":"2025-06-17T15:23:25","modified_gmt":"2025-06-17T13:23:25","slug":"dose-couleur-pozzo-nuovo","status":"publish","type":"product","link":"https:\/\/nature-et-developpement.com\/macabane-materiaux\/produit\/dose-couleur-pozzo-nuovo\/","title":{"rendered":"Dose Couleur pour badigeon stuc ou enduit Pozzo Nuovo"},"content":{"rendered":"<div id=\"productTxtBox\">\n<h2>Dose Couleur en poudre<\/h2>\n<p>Il est important de pr\u00e9parer les pigments (syst\u00e8me Dose Couleur POZZO NUOVO) avant de les incorporer dans le badigeon, dans le stuc ou dans l\u2019enduit que vous allez mettre en \u0153uvre.<\/p>\n<p>Selon la teinte que vous avez s\u00e9lectionn\u00e9e sur un des Nuanciers \u00ab Badigeons \u00bb, \u00ab Stuc \u00bb ou \u00ab Enduits \u00bb, vous avez en votre possession une ou plusieurs Doses Couleur.<\/p>\n<p>Rappel :<\/p>\n<table class=\"productTable2\" style=\"height: 161px\" width=\"427\">\n<tbody>\n<tr>\n<th>Produit<\/th>\n<th>Conditionnement<\/th>\n<th>Dose Couleur<\/th>\n<th><\/th>\n<\/tr>\n<tr>\n<td>Enduits<\/td>\n<td>Seau de 27kg<\/td>\n<td>2<\/td>\n<td rowspan=\"7\"><\/td>\n<\/tr>\n<tr>\n<td rowspan=\"3\">Stuc<\/td>\n<td>Seau de 6kg<\/td>\n<td>1<\/td>\n<\/tr>\n<tr>\n<td>Seau de 12kg<\/td>\n<td>2<\/td>\n<\/tr>\n<tr>\n<td>Seau de 24kg<\/td>\n<td>4<\/td>\n<\/tr>\n<tr>\n<td rowspan=\"3\">Badigeons<\/td>\n<td>Seau de 5 litres<\/td>\n<td>1<\/td>\n<\/tr>\n<tr>\n<td>Seau de 10 litres<\/td>\n<td>2<\/td>\n<\/tr>\n<tr>\n<td>Seau de 20 litres<\/td>\n<td>4<\/td>\n<\/tr>\n<\/tbody>\n<\/table>\n<p>\u00c0 titre indicatif, le tableau des badigeons<\/p>\n<p>Pour information, les Doses Couleurs sont conditionn\u00e9es en boite de 1L ou de 0,5L en fonction du volume des pigments.<\/p>\n<p>Il convient maintenant de pr\u00e9parer les Doses Couleur avant incorporation.<\/p>\n<p><strong>Ne jamais m\u00e9langer directement les pigments secs \u00e0 votre badigeon, votre stuc ou votre enduit<\/strong>.<\/p>\n<p>Dans un r\u00e9cipient propre, versez le contenu de la ou des Doses Couleur choisies ; verser ensuite progressivement un peu d\u2019eau en remuant jusqu\u2019 \u00e0 obtention d\u2019une p\u00e2te onctueuse (consistance p\u00e2te \u00e0 cr\u00eape).<\/p>\n<p>Si vous avez plusieurs Doses Couleur \u00e0 m\u00e9langer, vous pouvez proc\u00e9der m\u00e9caniquement en utilisant une h\u00e9lice mont\u00e9e sur une perceuse.<\/p>\n<p>Afin de disperser correctement les pigments, il est conseill\u00e9 d\u2019ajouter quelques gouttes d\u2019agent mouillant (savon noir ou liquide vaisselle) en d\u00e9but de malaxage.<\/p>\n<p>Remuez plusieurs minutes pour dissoudre compl\u00e8tement tous les grumeaux.<\/p>\n<p>Les Doses Couleur sont maintenant pr\u00eates \u00e0 \u00eatre incorpor\u00e9es dans votre badigeon, votre stuc ou votre enduit.<\/p>\n<p>Afin d\u2019\u00e9viter tout risque de pr\u00e9sence de grumeaux, il est conseill\u00e9 de filtrer la pr\u00e9paration \u00e0 l\u2019aide d\u2019une passoire fine.<\/p>\n<p>L\u2019incorporation et le malaxage m\u00e9canique doivent durer au moins 2 \u00e0 3 minutes.<\/p>\n<p><strong>Le stuc demande une attention particuli\u00e8re <\/strong>: il est tr\u00e8s important de ne pas pr\u00e9parer les Doses Couleur trop liquides, ce qui pourrait modifier la consistance du stuc en le rendant trop fluide et donc plus difficile \u00e0 appliquer.<\/p>\n<p>Dans le m\u00eame objectif, il est recommand\u00e9 de le pr\u00e9parer la veille de la mise en \u0153uvre de fa\u00e7on \u00e0 le laisser reposer pour qu\u2019il reprenne une certaine rigidit\u00e9.<\/p>\n<\/div>\n","protected":false},"excerpt":{"rendered":"<p>Syst\u00e8me de mise \u00e0 la teinte pour les produits pr\u00eats \u00e0 l&#8217;emploi\u00a0POZZO NUOVO\u00a0: enduits de finition, stuc naturel et peintures min\u00e9rales (badigeons).<\/p>\n","protected":false},"featured_media":1000000107098,"template":"","meta":[],"product_brand":[173],"product_cat":[96,94,117,89],"product_tag":[2697],"class_list":{"0":"post-1648","1":"product","2":"type-product","3":"status-publish","4":"has-post-thumbnail","6":"product_brand-pozzo-nuovo","7":"product_cat-adjuvants","8":"product_cat-colorants-et-pigments","9":"product_cat-droguerie","10":"product_cat-enduits-naturels","11":"product_tag-chaux","12":"product_shipping_class-petit-equipement-outil-eclairage","14":"first","15":"instock","16":"taxable","17":"shipping-taxable","18":"purchasable","19":"product-type-variable"},"yoast_head":"<!-- This site is optimized with the Yoast SEO plugin v27.5 - https:\/\/yoast.com\/product\/yoast-seo-wordpress\/ -->\n<title>Dose Couleur pour badigeon stuc ou enduit Pozzo Nuovo - Ma Cabane mat\u00e9riaux naturels<\/title>\n<meta name=\"description\" content=\"Syst\u00e8me de mise \u00e0 la teinte pour les produits pr\u00eats \u00e0 l&#039;emploi\u00a0POZZO NUOVO\u00a0: enduits de finition, stuc naturel et peintures min\u00e9rales (badigeons).\" \/>\n<meta name=\"robots\" content=\"noindex, follow\" \/>\n<meta property=\"og:locale\" content=\"fr_FR\" \/>\n<meta property=\"og:type\" content=\"article\" \/>\n<meta property=\"og:title\" content=\"Dose Couleur pour badigeon stuc ou enduit Pozzo Nuovo - Ma Cabane mat\u00e9riaux naturels\" \/>\n<meta property=\"og:description\" content=\"Syst\u00e8me de mise \u00e0 la teinte pour les produits pr\u00eats \u00e0 l&#039;emploi\u00a0POZZO NUOVO\u00a0: enduits de finition, stuc naturel et peintures min\u00e9rales (badigeons).\" \/>\n<meta property=\"og:url\" content=\"https:\/\/nature-et-developpement.com\/macabane-materiaux\/produit\/dose-couleur-pozzo-nuovo\/\" \/>\n<meta property=\"og:site_name\" content=\"Ma Cabane mat\u00e9riaux naturels\" \/>\n<meta property=\"article:modified_time\" content=\"2025-06-17T13:23:25+00:00\" \/>\n<meta name=\"twitter:card\" content=\"summary_large_image\" \/>\n<meta name=\"twitter:label1\" content=\"Dur\u00e9e de lecture estim\u00e9e\" \/>\n\t<meta name=\"twitter:data1\" content=\"2 minutes\" \/>\n<script type=\"application\/ld+json\" class=\"yoast-schema-graph\">{\"@context\":\"https:\\\/\\\/schema.org\",\"@graph\":[{\"@type\":\"WebPage\",\"@id\":\"https:\\\/\\\/nature-et-developpement.com\\\/macabane-materiaux\\\/produit\\\/dose-couleur-pozzo-nuovo\\\/\",\"url\":\"https:\\\/\\\/nature-et-developpement.com\\\/macabane-materiaux\\\/produit\\\/dose-couleur-pozzo-nuovo\\\/\",\"name\":\"Dose Couleur pour badigeon stuc ou enduit Pozzo Nuovo - Ma Cabane mat\u00e9riaux naturels\",\"isPartOf\":{\"@id\":\"https:\\\/\\\/nature-et-developpement.com\\\/macabane-materiaux\\\/#website\"},\"primaryImageOfPage\":{\"@id\":\"https:\\\/\\\/nature-et-developpement.com\\\/macabane-materiaux\\\/produit\\\/dose-couleur-pozzo-nuovo\\\/#primaryimage\"},\"image\":{\"@id\":\"https:\\\/\\\/nature-et-developpement.com\\\/macabane-materiaux\\\/produit\\\/dose-couleur-pozzo-nuovo\\\/#primaryimage\"},\"thumbnailUrl\":\"https:\\\/\\\/nature-et-developpement.com\\\/macabane-materiaux\\\/wp-content\\\/uploads\\\/29861-Dose-Couleur-Pozzo-Nuovo.jpg\",\"datePublished\":\"2023-12-31T23:00:00+00:00\",\"dateModified\":\"2025-06-17T13:23:25+00:00\",\"description\":\"Syst\u00e8me de mise \u00e0 la teinte pour les produits pr\u00eats \u00e0 l'emploi\u00a0POZZO NUOVO\u00a0: enduits de finition, stuc naturel et peintures min\u00e9rales (badigeons).\",\"breadcrumb\":{\"@id\":\"https:\\\/\\\/nature-et-developpement.com\\\/macabane-materiaux\\\/produit\\\/dose-couleur-pozzo-nuovo\\\/#breadcrumb\"},\"inLanguage\":\"fr-FR\",\"potentialAction\":[{\"@type\":\"ReadAction\",\"target\":[\"https:\\\/\\\/nature-et-developpement.com\\\/macabane-materiaux\\\/produit\\\/dose-couleur-pozzo-nuovo\\\/\"]}]},{\"@type\":\"ImageObject\",\"inLanguage\":\"fr-FR\",\"@id\":\"https:\\\/\\\/nature-et-developpement.com\\\/macabane-materiaux\\\/produit\\\/dose-couleur-pozzo-nuovo\\\/#primaryimage\",\"url\":\"https:\\\/\\\/nature-et-developpement.com\\\/macabane-materiaux\\\/wp-content\\\/uploads\\\/29861-Dose-Couleur-Pozzo-Nuovo.jpg\",\"contentUrl\":\"https:\\\/\\\/nature-et-developpement.com\\\/macabane-materiaux\\\/wp-content\\\/uploads\\\/29861-Dose-Couleur-Pozzo-Nuovo.jpg\"},{\"@type\":\"BreadcrumbList\",\"@id\":\"https:\\\/\\\/nature-et-developpement.com\\\/macabane-materiaux\\\/produit\\\/dose-couleur-pozzo-nuovo\\\/#breadcrumb\",\"itemListElement\":[{\"@type\":\"ListItem\",\"position\":1,\"name\":\"Accueil\",\"item\":\"https:\\\/\\\/nature-et-developpement.com\\\/macabane-materiaux\\\/\"},{\"@type\":\"ListItem\",\"position\":2,\"name\":\"Boutique\",\"item\":\"https:\\\/\\\/nature-et-developpement.com\\\/macabane-materiaux\\\/boutique\\\/\"},{\"@type\":\"ListItem\",\"position\":3,\"name\":\"Peinture, pigment et enduit\",\"item\":\"https:\\\/\\\/nature-et-developpement.com\\\/macabane-materiaux\\\/produits\\\/peinture-et-enduit\\\/\"},{\"@type\":\"ListItem\",\"position\":4,\"name\":\"Adjuvants\",\"item\":\"https:\\\/\\\/nature-et-developpement.com\\\/macabane-materiaux\\\/produits\\\/peinture-et-enduit\\\/adjuvants\\\/\"},{\"@type\":\"ListItem\",\"position\":5,\"name\":\"Dose Couleur pour badigeon stuc ou enduit Pozzo Nuovo\"}]},{\"@type\":\"WebSite\",\"@id\":\"https:\\\/\\\/nature-et-developpement.com\\\/macabane-materiaux\\\/#website\",\"url\":\"https:\\\/\\\/nature-et-developpement.com\\\/macabane-materiaux\\\/\",\"name\":\"Ma Cabane mat\u00e9riaux naturels\",\"description\":\"Ma Cabane est membre du groupement Nature &amp; D\u00e9veloppement\",\"potentialAction\":[{\"@type\":\"SearchAction\",\"target\":{\"@type\":\"EntryPoint\",\"urlTemplate\":\"https:\\\/\\\/nature-et-developpement.com\\\/macabane-materiaux\\\/?s={search_term_string}\"},\"query-input\":{\"@type\":\"PropertyValueSpecification\",\"valueRequired\":true,\"valueName\":\"search_term_string\"}}],\"inLanguage\":\"fr-FR\"}]}<\/script>\n<!-- \/ Yoast SEO plugin. -->","yoast_head_json":{"title":"Dose Couleur pour badigeon stuc ou enduit Pozzo Nuovo - Ma Cabane mat\u00e9riaux naturels","description":"Syst\u00e8me de mise \u00e0 la teinte pour les produits pr\u00eats \u00e0 l'emploi\u00a0POZZO NUOVO\u00a0: enduits de finition, stuc naturel et peintures min\u00e9rales (badigeons).","robots":{"index":"noindex","follow":"follow"},"og_locale":"fr_FR","og_type":"article","og_title":"Dose Couleur pour badigeon stuc ou enduit Pozzo Nuovo - Ma Cabane mat\u00e9riaux naturels","og_description":"Syst\u00e8me de mise \u00e0 la teinte pour les produits pr\u00eats \u00e0 l'emploi\u00a0POZZO NUOVO\u00a0: enduits de finition, stuc naturel et peintures min\u00e9rales (badigeons).","og_url":"https:\/\/nature-et-developpement.com\/macabane-materiaux\/produit\/dose-couleur-pozzo-nuovo\/","og_site_name":"Ma Cabane mat\u00e9riaux naturels","article_modified_time":"2025-06-17T13:23:25+00:00","twitter_card":"summary_large_image","twitter_misc":{"Dur\u00e9e de lecture estim\u00e9e":"2 minutes"},"schema":{"@context":"https:\/\/schema.org","@graph":[{"@type":"WebPage","@id":"https:\/\/nature-et-developpement.com\/macabane-materiaux\/produit\/dose-couleur-pozzo-nuovo\/","url":"https:\/\/nature-et-developpement.com\/macabane-materiaux\/produit\/dose-couleur-pozzo-nuovo\/","name":"Dose Couleur pour badigeon stuc ou enduit Pozzo Nuovo - Ma Cabane mat\u00e9riaux naturels","isPartOf":{"@id":"https:\/\/nature-et-developpement.com\/macabane-materiaux\/#website"},"primaryImageOfPage":{"@id":"https:\/\/nature-et-developpement.com\/macabane-materiaux\/produit\/dose-couleur-pozzo-nuovo\/#primaryimage"},"image":{"@id":"https:\/\/nature-et-developpement.com\/macabane-materiaux\/produit\/dose-couleur-pozzo-nuovo\/#primaryimage"},"thumbnailUrl":"https:\/\/nature-et-developpement.com\/macabane-materiaux\/wp-content\/uploads\/29861-Dose-Couleur-Pozzo-Nuovo.jpg","datePublished":"2023-12-31T23:00:00+00:00","dateModified":"2025-06-17T13:23:25+00:00","description":"Syst\u00e8me de mise \u00e0 la teinte pour les produits pr\u00eats \u00e0 l'emploi\u00a0POZZO NUOVO\u00a0: enduits de finition, stuc naturel et peintures min\u00e9rales (badigeons).","breadcrumb":{"@id":"https:\/\/nature-et-developpement.com\/macabane-materiaux\/produit\/dose-couleur-pozzo-nuovo\/#breadcrumb"},"inLanguage":"fr-FR","potentialAction":[{"@type":"ReadAction","target":["https:\/\/nature-et-developpement.com\/macabane-materiaux\/produit\/dose-couleur-pozzo-nuovo\/"]}]},{"@type":"ImageObject","inLanguage":"fr-FR","@id":"https:\/\/nature-et-developpement.com\/macabane-materiaux\/produit\/dose-couleur-pozzo-nuovo\/#primaryimage","url":"https:\/\/nature-et-developpement.com\/macabane-materiaux\/wp-content\/uploads\/29861-Dose-Couleur-Pozzo-Nuovo.jpg","contentUrl":"https:\/\/nature-et-developpement.com\/macabane-materiaux\/wp-content\/uploads\/29861-Dose-Couleur-Pozzo-Nuovo.jpg"},{"@type":"BreadcrumbList","@id":"https:\/\/nature-et-developpement.com\/macabane-materiaux\/produit\/dose-couleur-pozzo-nuovo\/#breadcrumb","itemListElement":[{"@type":"ListItem","position":1,"name":"Accueil","item":"https:\/\/nature-et-developpement.com\/macabane-materiaux\/"},{"@type":"ListItem","position":2,"name":"Boutique","item":"https:\/\/nature-et-developpement.com\/macabane-materiaux\/boutique\/"},{"@type":"ListItem","position":3,"name":"Peinture, pigment et enduit","item":"https:\/\/nature-et-developpement.com\/macabane-materiaux\/produits\/peinture-et-enduit\/"},{"@type":"ListItem","position":4,"name":"Adjuvants","item":"https:\/\/nature-et-developpement.com\/macabane-materiaux\/produits\/peinture-et-enduit\/adjuvants\/"},{"@type":"ListItem","position":5,"name":"Dose Couleur pour badigeon stuc ou enduit Pozzo Nuovo"}]},{"@type":"WebSite","@id":"https:\/\/nature-et-developpement.com\/macabane-materiaux\/#website","url":"https:\/\/nature-et-developpement.com\/macabane-materiaux\/","name":"Ma Cabane mat\u00e9riaux naturels","description":"Ma Cabane est membre du groupement Nature &amp; D\u00e9veloppement","potentialAction":[{"@type":"SearchAction","target":{"@type":"EntryPoint","urlTemplate":"https:\/\/nature-et-developpement.com\/macabane-materiaux\/?s={search_term_string}"},"query-input":{"@type":"PropertyValueSpecification","valueRequired":true,"valueName":"search_term_string"}}],"inLanguage":"fr-FR"}]}},"distributor_meta":false,"distributor_terms":false,"distributor_media":false,"distributor_original_site_name":"Ma Cabane mat\u00e9riaux naturels","distributor_original_site_url":"https:\/\/nature-et-developpement.com\/macabane-materiaux","push-errors":false,"_links":{"self":[{"href":"https:\/\/nature-et-developpement.com\/macabane-materiaux\/wp-json\/wp\/v2\/product\/1648","targetHints":{"allow":["GET"]}}],"collection":[{"href":"https:\/\/nature-et-developpement.com\/macabane-materiaux\/wp-json\/wp\/v2\/product"}],"about":[{"href":"https:\/\/nature-et-developpement.com\/macabane-materiaux\/wp-json\/wp\/v2\/types\/product"}],"wp:featuredmedia":[{"embeddable":true,"href":"https:\/\/nature-et-developpement.com\/macabane-materiaux\/wp-json\/"}],"wp:attachment":[{"href":"https:\/\/nature-et-developpement.com\/macabane-materiaux\/wp-json\/wp\/v2\/media?parent=1648"}],"wp:term":[{"taxonomy":"product_brand","embeddable":true,"href":"https:\/\/nature-et-developpement.com\/macabane-materiaux\/wp-json\/wp\/v2\/product_brand?post=1648"},{"taxonomy":"product_cat","embeddable":true,"href":"https:\/\/nature-et-developpement.com\/macabane-materiaux\/wp-json\/wp\/v2\/product_cat?post=1648"},{"taxonomy":"product_tag","embeddable":true,"href":"https:\/\/nature-et-developpement.com\/macabane-materiaux\/wp-json\/wp\/v2\/product_tag?post=1648"}],"curies":[{"name":"wp","href":"https:\/\/api.w.org\/{rel}","templated":true}]}}