{"id":1792,"date":"2021-03-25T23:52:11","date_gmt":"2021-03-25T22:52:11","guid":{"rendered":"https:\/\/nature-et-developpement.com\/macabane-materiaux\/produit\/kit-maison-ossature-bois-mob-pret-a-assembler-de-france-poutres\/"},"modified":"2025-09-19T16:45:59","modified_gmt":"2025-09-19T14:45:59","slug":"kit-maison-ossature-bois-mob-pret-a-assembler-de-france-poutres","status":"publish","type":"product","link":"https:\/\/nature-et-developpement.com\/macabane-materiaux\/produit\/kit-maison-ossature-bois-mob-pret-a-assembler-de-france-poutres\/","title":{"rendered":"Kit maison ossature bois (MOB) pr\u00eat \u00e0 assembler de France Poutres"},"content":{"rendered":"<h2>Kit Maison Ossature Bois (MOB) pr\u00eat \u00e0 assembler &#8211; Construction \u00e9cologique | France Poutres<\/h2>\n<p>Une Maison Ossature Bois (MOB) pr\u00eat \u00e0 assembler est la solution \u00e9cologique pour une construction durable.<\/p>\n<p>Le Kit Maison Ossature Bois (MOB) pr\u00eat \u00e0 assembler de France Poutres est l&rsquo;option id\u00e9ale pour ceux qui recherchent une construction respectueuse de l&rsquo;environnement.<\/p>\n<p>Sp\u00e9cialis\u00e9s dans les mat\u00e9riaux \u00e9cologiques, France Poutres propose une solution compl\u00e8te, sur-mesure et optimis\u00e9e pour la r\u00e9alisation de b\u00e2timents en ossature bois.<\/p>\n<p>Leur \u00e9quipe comprend un bureau d&rsquo;\u00e9tudes int\u00e9gr\u00e9 qui se charge de toutes les \u00e9tapes de votre projet. Ils r\u00e9alisent des plans CAO\/DAO, des \u00e9tudes structurelles ainsi que des calepinages sp\u00e9cifiques pour votre ouvrage.<\/p>\n<h3>De la conception \u00e0 la livraison<\/h3>\n<p>France Poutres vous offre une prestation compl\u00e8te comprenant l&rsquo;\u00e9tude technique, la r\u00e9daction de l&rsquo;offre, la fabrication et la livraison de votre kit.<\/p>\n<p>Gr\u00e2ce \u00e0 leur centre d&rsquo;usinage moderne et performant, France Poutres vous garantit une d\u00e9coupe millim\u00e9trique ou sur-longueur pr\u00e9cise.<\/p>\n<p>Les montants de leur kit varient de 45 x 95mm \u00e0 45 x 220mm, en fonction des exigences de votre projet. Ils utilisent des essences de bois telles que le sapin, l&rsquo;\u00e9pic\u00e9a et le douglas, sur demande.<\/p>\n<p>De plus, les lisses b\u00e9n\u00e9ficient d&rsquo;un traitement en classe 2 et classe 3 pour assurer une durabilit\u00e9 optimale.<\/p>\n<h4>Pour faciliter l&rsquo;installation du kit<\/h4>\n<p>Il vous sera fourni \u00e9galement tous les accessoires n\u00e9cessaires \u00e0 la pose.<\/p>\n<p>Qu&rsquo;il s&rsquo;agisse de sabots standards ou sp\u00e9cifiques, de blocs de coulage, de planches de calage, ils veillent \u00e0 ce que vous disposiez de tout le n\u00e9cessaire pour mener \u00e0 bien votre projet.<\/p>\n<p>Les avantages de notre solution sont nombreux.<\/p>\n<p>Tout d&rsquo;abord, le kit est enti\u00e8rement personnalis\u00e9 pour r\u00e9pondre \u00e0 vos besoins sp\u00e9cifiques.<\/p>\n<p>Gr\u00e2ce au plan fourni, le montage est facile et rapide, vous permettant ainsi de gagner du temps sur votre chantier.<\/p>\n<p>De plus, l&rsquo;absence de d\u00e9coupe r\u00e9duit consid\u00e9rablement les chutes de mat\u00e9riaux \u00e0 g\u00e9rer.<\/p>\n<p>Enfin, France Poutres vous offre une <strong>garantie d\u00e9cennale<\/strong> fabricant.<\/p>\n<p>Mais aussi, une \u00e9tude bois approfondie pour vous assurer une construction de qualit\u00e9, sans soucis.<\/p>\n<p>Optez pour un Kit Maison Ossature Bois (MOB) pr\u00eat \u00e0 assembler.<\/p>\n<p>Profitez d&rsquo;une solution \u00e9cologique, durable et esth\u00e9tique pour votre projet de construction.<\/p>\n","protected":false},"excerpt":{"rendered":"<h5><a href=\"https:\/\/nature-et-developpement.com\/wp-content\/uploads\/Demande-etude-ossature-bois-ND-FrancePoutres.pdf\" target=\"_blank\" rel=\"noopener\">Demandez votre \u00e9tude pour votre projet.<\/a><\/h5>\n<p>D\u00e9couvrez le Kit Maison Ossature Bois (MOB) pr\u00eat \u00e0 assembler pour une construction \u00e9cologique et durable.<br \/>\nSolution sur-mesure, montage facile et garantie fabricant.<\/p>\n","protected":false},"featured_media":1000000172439,"template":"","meta":[],"product_brand":[3142],"product_cat":[81,73],"product_tag":[1389],"class_list":{"0":"post-1792","1":"product","2":"type-product","3":"status-publish","4":"has-post-thumbnail","6":"product_brand-france-poutre","7":"product_cat-construction-maison-bois","8":"product_cat-demande-de-devis-uniquement-sans-prix","9":"product_tag-technique-construction","10":"product_shipping_class-impact-transport-important","12":"first","13":"instock","14":"taxable","15":"shipping-taxable","16":"purchasable","17":"product-type-variable"},"yoast_head":"<!-- This site is optimized with the Yoast SEO plugin v27.5 - https:\/\/yoast.com\/product\/yoast-seo-wordpress\/ -->\n<title>Kit maison ossature bois (MOB) pr\u00eat \u00e0 assembler France Poutres<\/title>\n<meta name=\"description\" content=\"D\u00e9couvrez le Kit Maison Ossature Bois (MOB) pour une construction \u00e9cologique et durable. Solution sur-mesure, montage facile et garantie fabricant.\" \/>\n<meta name=\"robots\" content=\"noindex, nofollow\" \/>\n<meta property=\"og:locale\" content=\"fr_FR\" \/>\n<meta property=\"og:type\" content=\"article\" \/>\n<meta property=\"og:title\" content=\"Kit maison ossature bois (MOB) pr\u00eat \u00e0 assembler France Poutres\" \/>\n<meta property=\"og:description\" content=\"D\u00e9couvrez le Kit Maison Ossature Bois (MOB) pour une construction \u00e9cologique et durable. Solution sur-mesure, montage facile et garantie fabricant.\" \/>\n<meta property=\"og:url\" content=\"https:\/\/nature-et-developpement.com\/macabane-materiaux\/produit\/kit-maison-ossature-bois-mob-pret-a-assembler-de-france-poutres\/\" \/>\n<meta property=\"og:site_name\" content=\"Ma Cabane mat\u00e9riaux naturels\" \/>\n<meta property=\"article:modified_time\" content=\"2025-09-19T14:45:59+00:00\" \/>\n<meta name=\"twitter:card\" content=\"summary_large_image\" \/>\n<meta name=\"twitter:label1\" content=\"Dur\u00e9e de lecture estim\u00e9e\" \/>\n\t<meta name=\"twitter:data1\" content=\"2 minutes\" \/>\n<script type=\"application\/ld+json\" class=\"yoast-schema-graph\">{\"@context\":\"https:\\\/\\\/schema.org\",\"@graph\":[{\"@type\":\"WebPage\",\"@id\":\"https:\\\/\\\/nature-et-developpement.com\\\/macabane-materiaux\\\/produit\\\/kit-maison-ossature-bois-mob-pret-a-assembler-de-france-poutres\\\/\",\"url\":\"https:\\\/\\\/nature-et-developpement.com\\\/macabane-materiaux\\\/produit\\\/kit-maison-ossature-bois-mob-pret-a-assembler-de-france-poutres\\\/\",\"name\":\"Kit maison ossature bois (MOB) pr\u00eat \u00e0 assembler France Poutres\",\"isPartOf\":{\"@id\":\"https:\\\/\\\/nature-et-developpement.com\\\/macabane-materiaux\\\/#website\"},\"primaryImageOfPage\":{\"@id\":\"https:\\\/\\\/nature-et-developpement.com\\\/macabane-materiaux\\\/produit\\\/kit-maison-ossature-bois-mob-pret-a-assembler-de-france-poutres\\\/#primaryimage\"},\"image\":{\"@id\":\"https:\\\/\\\/nature-et-developpement.com\\\/macabane-materiaux\\\/produit\\\/kit-maison-ossature-bois-mob-pret-a-assembler-de-france-poutres\\\/#primaryimage\"},\"thumbnailUrl\":\"https:\\\/\\\/nature-et-developpement.com\\\/macabane-materiaux\\\/wp-content\\\/uploads\\\/Kit-MOB-France-Poutres.jpg\",\"datePublished\":\"2021-03-25T22:52:11+00:00\",\"dateModified\":\"2025-09-19T14:45:59+00:00\",\"description\":\"D\u00e9couvrez le Kit Maison Ossature Bois (MOB) pour une construction \u00e9cologique et durable. Solution sur-mesure, montage facile et garantie fabricant.\",\"breadcrumb\":{\"@id\":\"https:\\\/\\\/nature-et-developpement.com\\\/macabane-materiaux\\\/produit\\\/kit-maison-ossature-bois-mob-pret-a-assembler-de-france-poutres\\\/#breadcrumb\"},\"inLanguage\":\"fr-FR\",\"potentialAction\":[{\"@type\":\"ReadAction\",\"target\":[\"https:\\\/\\\/nature-et-developpement.com\\\/macabane-materiaux\\\/produit\\\/kit-maison-ossature-bois-mob-pret-a-assembler-de-france-poutres\\\/\"]}]},{\"@type\":\"ImageObject\",\"inLanguage\":\"fr-FR\",\"@id\":\"https:\\\/\\\/nature-et-developpement.com\\\/macabane-materiaux\\\/produit\\\/kit-maison-ossature-bois-mob-pret-a-assembler-de-france-poutres\\\/#primaryimage\",\"url\":\"https:\\\/\\\/nature-et-developpement.com\\\/macabane-materiaux\\\/wp-content\\\/uploads\\\/Kit-MOB-France-Poutres.jpg\",\"contentUrl\":\"https:\\\/\\\/nature-et-developpement.com\\\/macabane-materiaux\\\/wp-content\\\/uploads\\\/Kit-MOB-France-Poutres.jpg\"},{\"@type\":\"BreadcrumbList\",\"@id\":\"https:\\\/\\\/nature-et-developpement.com\\\/macabane-materiaux\\\/produit\\\/kit-maison-ossature-bois-mob-pret-a-assembler-de-france-poutres\\\/#breadcrumb\",\"itemListElement\":[{\"@type\":\"ListItem\",\"position\":1,\"name\":\"Accueil\",\"item\":\"https:\\\/\\\/nature-et-developpement.com\\\/macabane-materiaux\\\/\"},{\"@type\":\"ListItem\",\"position\":2,\"name\":\"Boutique\",\"item\":\"https:\\\/\\\/nature-et-developpement.com\\\/macabane-materiaux\\\/boutique\\\/\"},{\"@type\":\"ListItem\",\"position\":3,\"name\":\"Construction, cloison et fen\u00eatres\",\"item\":\"https:\\\/\\\/nature-et-developpement.com\\\/macabane-materiaux\\\/produits\\\/construction\\\/\"},{\"@type\":\"ListItem\",\"position\":4,\"name\":\"Construction bois\",\"item\":\"https:\\\/\\\/nature-et-developpement.com\\\/macabane-materiaux\\\/produits\\\/construction\\\/construction-maison-bois\\\/\"},{\"@type\":\"ListItem\",\"position\":5,\"name\":\"Kit maison ossature bois (MOB) pr\u00eat \u00e0 assembler de France Poutres\"}]},{\"@type\":\"WebSite\",\"@id\":\"https:\\\/\\\/nature-et-developpement.com\\\/macabane-materiaux\\\/#website\",\"url\":\"https:\\\/\\\/nature-et-developpement.com\\\/macabane-materiaux\\\/\",\"name\":\"Ma Cabane mat\u00e9riaux naturels\",\"description\":\"Ma Cabane est membre du groupement Nature &amp; D\u00e9veloppement\",\"potentialAction\":[{\"@type\":\"SearchAction\",\"target\":{\"@type\":\"EntryPoint\",\"urlTemplate\":\"https:\\\/\\\/nature-et-developpement.com\\\/macabane-materiaux\\\/?s={search_term_string}\"},\"query-input\":{\"@type\":\"PropertyValueSpecification\",\"valueRequired\":true,\"valueName\":\"search_term_string\"}}],\"inLanguage\":\"fr-FR\"}]}<\/script>\n<!-- \/ Yoast SEO plugin. -->","yoast_head_json":{"title":"Kit maison ossature bois (MOB) pr\u00eat \u00e0 assembler France Poutres","description":"D\u00e9couvrez le Kit Maison Ossature Bois (MOB) pour une construction \u00e9cologique et durable. Solution sur-mesure, montage facile et garantie fabricant.","robots":{"index":"noindex","follow":"nofollow"},"og_locale":"fr_FR","og_type":"article","og_title":"Kit maison ossature bois (MOB) pr\u00eat \u00e0 assembler France Poutres","og_description":"D\u00e9couvrez le Kit Maison Ossature Bois (MOB) pour une construction \u00e9cologique et durable. Solution sur-mesure, montage facile et garantie fabricant.","og_url":"https:\/\/nature-et-developpement.com\/macabane-materiaux\/produit\/kit-maison-ossature-bois-mob-pret-a-assembler-de-france-poutres\/","og_site_name":"Ma Cabane mat\u00e9riaux naturels","article_modified_time":"2025-09-19T14:45:59+00:00","twitter_card":"summary_large_image","twitter_misc":{"Dur\u00e9e de lecture estim\u00e9e":"2 minutes"},"schema":{"@context":"https:\/\/schema.org","@graph":[{"@type":"WebPage","@id":"https:\/\/nature-et-developpement.com\/macabane-materiaux\/produit\/kit-maison-ossature-bois-mob-pret-a-assembler-de-france-poutres\/","url":"https:\/\/nature-et-developpement.com\/macabane-materiaux\/produit\/kit-maison-ossature-bois-mob-pret-a-assembler-de-france-poutres\/","name":"Kit maison ossature bois (MOB) pr\u00eat \u00e0 assembler France Poutres","isPartOf":{"@id":"https:\/\/nature-et-developpement.com\/macabane-materiaux\/#website"},"primaryImageOfPage":{"@id":"https:\/\/nature-et-developpement.com\/macabane-materiaux\/produit\/kit-maison-ossature-bois-mob-pret-a-assembler-de-france-poutres\/#primaryimage"},"image":{"@id":"https:\/\/nature-et-developpement.com\/macabane-materiaux\/produit\/kit-maison-ossature-bois-mob-pret-a-assembler-de-france-poutres\/#primaryimage"},"thumbnailUrl":"https:\/\/nature-et-developpement.com\/macabane-materiaux\/wp-content\/uploads\/Kit-MOB-France-Poutres.jpg","datePublished":"2021-03-25T22:52:11+00:00","dateModified":"2025-09-19T14:45:59+00:00","description":"D\u00e9couvrez le Kit Maison Ossature Bois (MOB) pour une construction \u00e9cologique et durable. Solution sur-mesure, montage facile et garantie fabricant.","breadcrumb":{"@id":"https:\/\/nature-et-developpement.com\/macabane-materiaux\/produit\/kit-maison-ossature-bois-mob-pret-a-assembler-de-france-poutres\/#breadcrumb"},"inLanguage":"fr-FR","potentialAction":[{"@type":"ReadAction","target":["https:\/\/nature-et-developpement.com\/macabane-materiaux\/produit\/kit-maison-ossature-bois-mob-pret-a-assembler-de-france-poutres\/"]}]},{"@type":"ImageObject","inLanguage":"fr-FR","@id":"https:\/\/nature-et-developpement.com\/macabane-materiaux\/produit\/kit-maison-ossature-bois-mob-pret-a-assembler-de-france-poutres\/#primaryimage","url":"https:\/\/nature-et-developpement.com\/macabane-materiaux\/wp-content\/uploads\/Kit-MOB-France-Poutres.jpg","contentUrl":"https:\/\/nature-et-developpement.com\/macabane-materiaux\/wp-content\/uploads\/Kit-MOB-France-Poutres.jpg"},{"@type":"BreadcrumbList","@id":"https:\/\/nature-et-developpement.com\/macabane-materiaux\/produit\/kit-maison-ossature-bois-mob-pret-a-assembler-de-france-poutres\/#breadcrumb","itemListElement":[{"@type":"ListItem","position":1,"name":"Accueil","item":"https:\/\/nature-et-developpement.com\/macabane-materiaux\/"},{"@type":"ListItem","position":2,"name":"Boutique","item":"https:\/\/nature-et-developpement.com\/macabane-materiaux\/boutique\/"},{"@type":"ListItem","position":3,"name":"Construction, cloison et fen\u00eatres","item":"https:\/\/nature-et-developpement.com\/macabane-materiaux\/produits\/construction\/"},{"@type":"ListItem","position":4,"name":"Construction bois","item":"https:\/\/nature-et-developpement.com\/macabane-materiaux\/produits\/construction\/construction-maison-bois\/"},{"@type":"ListItem","position":5,"name":"Kit maison ossature bois (MOB) pr\u00eat \u00e0 assembler de France Poutres"}]},{"@type":"WebSite","@id":"https:\/\/nature-et-developpement.com\/macabane-materiaux\/#website","url":"https:\/\/nature-et-developpement.com\/macabane-materiaux\/","name":"Ma Cabane mat\u00e9riaux naturels","description":"Ma Cabane est membre du groupement Nature &amp; D\u00e9veloppement","potentialAction":[{"@type":"SearchAction","target":{"@type":"EntryPoint","urlTemplate":"https:\/\/nature-et-developpement.com\/macabane-materiaux\/?s={search_term_string}"},"query-input":{"@type":"PropertyValueSpecification","valueRequired":true,"valueName":"search_term_string"}}],"inLanguage":"fr-FR"}]}},"distributor_meta":false,"distributor_terms":false,"distributor_media":false,"distributor_original_site_name":"Ma Cabane mat\u00e9riaux naturels","distributor_original_site_url":"https:\/\/nature-et-developpement.com\/macabane-materiaux","push-errors":false,"_links":{"self":[{"href":"https:\/\/nature-et-developpement.com\/macabane-materiaux\/wp-json\/wp\/v2\/product\/1792","targetHints":{"allow":["GET"]}}],"collection":[{"href":"https:\/\/nature-et-developpement.com\/macabane-materiaux\/wp-json\/wp\/v2\/product"}],"about":[{"href":"https:\/\/nature-et-developpement.com\/macabane-materiaux\/wp-json\/wp\/v2\/types\/product"}],"wp:featuredmedia":[{"embeddable":true,"href":"https:\/\/nature-et-developpement.com\/macabane-materiaux\/wp-json\/"}],"wp:attachment":[{"href":"https:\/\/nature-et-developpement.com\/macabane-materiaux\/wp-json\/wp\/v2\/media?parent=1792"}],"wp:term":[{"taxonomy":"product_brand","embeddable":true,"href":"https:\/\/nature-et-developpement.com\/macabane-materiaux\/wp-json\/wp\/v2\/product_brand?post=1792"},{"taxonomy":"product_cat","embeddable":true,"href":"https:\/\/nature-et-developpement.com\/macabane-materiaux\/wp-json\/wp\/v2\/product_cat?post=1792"},{"taxonomy":"product_tag","embeddable":true,"href":"https:\/\/nature-et-developpement.com\/macabane-materiaux\/wp-json\/wp\/v2\/product_tag?post=1792"}],"curies":[{"name":"wp","href":"https:\/\/api.w.org\/{rel}","templated":true}]}}