{"id":1805,"date":"2023-10-20T10:01:49","date_gmt":"2023-10-20T08:01:49","guid":{"rendered":"https:\/\/nature-et-developpement.com\/macabane-materiaux\/produit\/poutre-en-i-innopane-prestige-en-bois-massif\/"},"modified":"2025-07-17T13:31:12","modified_gmt":"2025-07-17T11:31:12","slug":"poutre-en-i-innopane-prestige-en-bois-massif","status":"publish","type":"product","link":"https:\/\/nature-et-developpement.com\/macabane-materiaux\/produit\/poutre-en-i-innopane-prestige-en-bois-massif\/","title":{"rendered":"Poutre en I Innopane Prestige en bois massif de France Poutres"},"content":{"rendered":"<h2>Poutre en I Innopane Prestige en Bois Massif | Construction \u00e9cologique et r\u00e9sistante<\/h2>\n<p>Vous recherchez des mat\u00e9riaux de construction \u00e9cologiques pour vos projets ?<\/p>\n<p><strong>Ne cherchez plus !<\/strong><\/p>\n<p>D\u00e9couvrez la poutre en I Innopane Prestige en bois massif, le choix id\u00e9al pour votre projet.<\/p>\n<h3>Fabriqu\u00e9e \u00e0 partir de bois massif<\/h3>\n<p>Cette poutre en I Innopane Prestige est fabriqu\u00e9e \u00e0 partir de bois massif de qualit\u00e9 sup\u00e9rieure, garantissant \u00e0 la fois durabilit\u00e9 et respect de l&rsquo;environnement.<\/p>\n<p>Sa conception solide lui permet de s&rsquo;adapter \u00e0 diff\u00e9rentes techniques de pose, que ce soit pour des pannes de toitures, des chevrons porteurs ou des planchers d&rsquo;\u00e9tage.<\/p>\n<p>L&rsquo;Innopane Prestige se distingue par son impact environnemental r\u00e9duit.<\/p>\n<p>Gr\u00e2ce \u00e0 sa fabrication respectueuse de la nature, vous pouvez construire en toute conscience \u00e9cologique, en utilisant des mat\u00e9riaux durables et renouvelables.<\/p>\n<p>Avec son talon bas en contrecoll\u00e9 de 135 x 135 mm, cette poutre apporte charme et \u00e9l\u00e9gance \u00e0 votre toiture ou \u00e0 votre plancher apparent.<\/p>\n<p>Elle offre \u00e9galement une isolation jusqu&rsquo;\u00e0 340 mm de hauteur, assurant une performance thermique optimale pour votre b\u00e2timent.<\/p>\n<p>Pour garantir la stabilit\u00e9 de votre structure, l&rsquo;entretoisement et le contreventement jouent un r\u00f4le crucial. Les entretoises emp\u00eachent le d\u00e9versement des \u00e9l\u00e9ments, tandis que le contreventement, r\u00e9alis\u00e9 avec des feuillards perfor\u00e9s et\/ou des bras en bois massif, assure la rigidit\u00e9 globale de la structure.<\/p>\n<div class=\"elementor-element elementor-element-3fab68f grve-elementor-align-left elementor-widget elementor-widget-impeka_title\" data-id=\"3fab68f\" data-element_type=\"widget\" data-widget_type=\"impeka_title.default\">\n<div class=\"elementor-widget-container\">\n<h3 class=\"grve-element grve-title grve-h4\"><strong>Une large gamme pour une poutre sur-mesure<\/strong><\/h3>\n<\/div>\n<\/div>\n<div class=\"elementor-element elementor-element-bfb6b83 elementor-widget elementor-widget-text-editor\" data-id=\"bfb6b83\" data-element_type=\"widget\" data-widget_type=\"text-editor.default\">\n<div class=\"elementor-widget-container\">\n<p>Cette a gamme Prestige Inopanne se d\u00e9cline en 6 sections.<\/p>\n<p>Gr\u00e2ce \u00e0 ses 5 hauteurs totales, de 350 mm \u00e0 480 mm, ses 2 largeurs et ses 3 hauteurs de talons.<\/p>\n<p>Elle s\u2019adapte parfaitement \u00e0 vos mesures chantier et \u00e0 vos besoins de r\u00e9sistance.<\/p>\n<p>Elle offre un grand nombre de combinaisons possibles et s\u2019adapte parfaitement \u00e0 vos mesures chantier et \u00e0 vos besoins de r\u00e9sistance.<\/p>\n<\/div>\n<\/div>\n<p>Non seulement elle apporte charme et \u00e9l\u00e9gance \u00e0 votre toiture ou plancher, mais elle offre \u00e9galement une isolation optimale jusqu&rsquo;\u00e0 340mm de hauteur.<\/p>\n<p>Dans le cadre de la stabilit\u00e9 de votre structure, l&rsquo;entretoisement et le contreventement jouent un r\u00f4le cl\u00e9.<\/p>\n<p>Les entretoises emp\u00eachent le d\u00e9versement des \u00e9l\u00e9ments, tandis que le contreventement, r\u00e9alis\u00e9 avec des feuillards perfor\u00e9s et\/ou des bras en bois massif, assure la rigidit\u00e9 globale de la structure.<\/p>\n<p>Choisir la poutre en I Innopane Prestige en bois massif, c&rsquo;est opter pour une construction de qualit\u00e9 sup\u00e9rieure.<\/p>\n<p>Avec ses caract\u00e9ristiques techniques avanc\u00e9es et son aspect esth\u00e9tique, cette poutre est le choix parfait.<\/p>\n<p>Elle allie performance et respect de l&rsquo;environnement.<\/p>\n<h4>Ne tardez plus !<\/h4>\n<p>Optez pour la poutre en I Innopane Prestige en bois massif pour vos projets de construction \u00e9cologique et durable.<\/p>\n","protected":false},"excerpt":{"rendered":"<p>Cette poutre en I en bois massif est con\u00e7u pour la r\u00e9alisation de plancher et de toiture, c&rsquo;est un un choix \u00e9cologique pour une construction solide et esth\u00e9tique..<br \/>\nSa forme avec le talon \u00e9largi permet un usage en panne visible.<\/p>\n<p><img loading=\"lazy\" decoding=\"async\" class=\"alignnone size-full wp-image-173227\" src=\"https:\/\/nature-et-developpement.com\/wp-content\/uploads\/France-Poutre-arguments.png\" alt=\"\" width=\"400\" height=\"234\" \/><\/p>\n","protected":false},"featured_media":1000000172417,"template":"","meta":[],"product_brand":[3142],"product_cat":[81,73],"product_tag":[1389],"class_list":{"0":"post-1805","1":"product","2":"type-product","3":"status-publish","4":"has-post-thumbnail","6":"product_brand-france-poutre","7":"product_cat-construction-maison-bois","8":"product_cat-demande-de-devis-uniquement-sans-prix","9":"product_tag-technique-construction","10":"product_shipping_class-impact-transport-important","12":"first","13":"instock","14":"taxable","15":"shipping-taxable","16":"purchasable","17":"product-type-variable"},"yoast_head":"<!-- This site is optimized with the Yoast SEO plugin v27.5 - https:\/\/yoast.com\/product\/yoast-seo-wordpress\/ -->\n<title>Poutre en I Innopane Prestige en bois massif de France Poutres - Ma Cabane mat\u00e9riaux naturels<\/title>\n<meta name=\"description\" content=\"Con\u00e7u pour la r\u00e9alisation de plancher et toiture, c&#039;est un un choix \u00e9cologique pour une construction solide et esth\u00e9tique. Usage possible en panne visible\" \/>\n<meta name=\"robots\" content=\"noindex, nofollow\" \/>\n<meta property=\"og:locale\" content=\"fr_FR\" \/>\n<meta property=\"og:type\" content=\"article\" \/>\n<meta property=\"og:title\" content=\"Poutre en I Innopane Prestige en bois massif de France Poutres - Ma Cabane mat\u00e9riaux naturels\" \/>\n<meta property=\"og:description\" content=\"Con\u00e7u pour la r\u00e9alisation de plancher et toiture, c&#039;est un un choix \u00e9cologique pour une construction solide et esth\u00e9tique. Usage possible en panne visible\" \/>\n<meta property=\"og:url\" content=\"https:\/\/nature-et-developpement.com\/macabane-materiaux\/produit\/poutre-en-i-innopane-prestige-en-bois-massif\/\" \/>\n<meta property=\"og:site_name\" content=\"Ma Cabane mat\u00e9riaux naturels\" \/>\n<meta property=\"article:modified_time\" content=\"2025-07-17T11:31:12+00:00\" \/>\n<meta name=\"twitter:card\" content=\"summary_large_image\" \/>\n<meta name=\"twitter:label1\" content=\"Dur\u00e9e de lecture estim\u00e9e\" \/>\n\t<meta name=\"twitter:data1\" content=\"1 minute\" \/>\n<script type=\"application\/ld+json\" class=\"yoast-schema-graph\">{\"@context\":\"https:\\\/\\\/schema.org\",\"@graph\":[{\"@type\":\"WebPage\",\"@id\":\"https:\\\/\\\/nature-et-developpement.com\\\/macabane-materiaux\\\/produit\\\/poutre-en-i-innopane-prestige-en-bois-massif\\\/\",\"url\":\"https:\\\/\\\/nature-et-developpement.com\\\/macabane-materiaux\\\/produit\\\/poutre-en-i-innopane-prestige-en-bois-massif\\\/\",\"name\":\"Poutre en I Innopane Prestige en bois massif de France Poutres - Ma Cabane mat\u00e9riaux naturels\",\"isPartOf\":{\"@id\":\"https:\\\/\\\/nature-et-developpement.com\\\/macabane-materiaux\\\/#website\"},\"primaryImageOfPage\":{\"@id\":\"https:\\\/\\\/nature-et-developpement.com\\\/macabane-materiaux\\\/produit\\\/poutre-en-i-innopane-prestige-en-bois-massif\\\/#primaryimage\"},\"image\":{\"@id\":\"https:\\\/\\\/nature-et-developpement.com\\\/macabane-materiaux\\\/produit\\\/poutre-en-i-innopane-prestige-en-bois-massif\\\/#primaryimage\"},\"thumbnailUrl\":\"https:\\\/\\\/nature-et-developpement.com\\\/macabane-materiaux\\\/wp-content\\\/uploads\\\/Poutre-en-I-Innopane-Prestige-en-bois-massif-France-Poutre.jpg\",\"datePublished\":\"2023-10-20T08:01:49+00:00\",\"dateModified\":\"2025-07-17T11:31:12+00:00\",\"description\":\"Con\u00e7u pour la r\u00e9alisation de plancher et toiture, c'est un un choix \u00e9cologique pour une construction solide et esth\u00e9tique. Usage possible en panne visible\",\"breadcrumb\":{\"@id\":\"https:\\\/\\\/nature-et-developpement.com\\\/macabane-materiaux\\\/produit\\\/poutre-en-i-innopane-prestige-en-bois-massif\\\/#breadcrumb\"},\"inLanguage\":\"fr-FR\",\"potentialAction\":[{\"@type\":\"ReadAction\",\"target\":[\"https:\\\/\\\/nature-et-developpement.com\\\/macabane-materiaux\\\/produit\\\/poutre-en-i-innopane-prestige-en-bois-massif\\\/\"]}]},{\"@type\":\"ImageObject\",\"inLanguage\":\"fr-FR\",\"@id\":\"https:\\\/\\\/nature-et-developpement.com\\\/macabane-materiaux\\\/produit\\\/poutre-en-i-innopane-prestige-en-bois-massif\\\/#primaryimage\",\"url\":\"https:\\\/\\\/nature-et-developpement.com\\\/macabane-materiaux\\\/wp-content\\\/uploads\\\/Poutre-en-I-Innopane-Prestige-en-bois-massif-France-Poutre.jpg\",\"contentUrl\":\"https:\\\/\\\/nature-et-developpement.com\\\/macabane-materiaux\\\/wp-content\\\/uploads\\\/Poutre-en-I-Innopane-Prestige-en-bois-massif-France-Poutre.jpg\"},{\"@type\":\"BreadcrumbList\",\"@id\":\"https:\\\/\\\/nature-et-developpement.com\\\/macabane-materiaux\\\/produit\\\/poutre-en-i-innopane-prestige-en-bois-massif\\\/#breadcrumb\",\"itemListElement\":[{\"@type\":\"ListItem\",\"position\":1,\"name\":\"Accueil\",\"item\":\"https:\\\/\\\/nature-et-developpement.com\\\/macabane-materiaux\\\/\"},{\"@type\":\"ListItem\",\"position\":2,\"name\":\"Boutique\",\"item\":\"https:\\\/\\\/nature-et-developpement.com\\\/macabane-materiaux\\\/boutique\\\/\"},{\"@type\":\"ListItem\",\"position\":3,\"name\":\"Construction, cloison et fen\u00eatres\",\"item\":\"https:\\\/\\\/nature-et-developpement.com\\\/macabane-materiaux\\\/produits\\\/construction\\\/\"},{\"@type\":\"ListItem\",\"position\":4,\"name\":\"Construction bois\",\"item\":\"https:\\\/\\\/nature-et-developpement.com\\\/macabane-materiaux\\\/produits\\\/construction\\\/construction-maison-bois\\\/\"},{\"@type\":\"ListItem\",\"position\":5,\"name\":\"Poutre en I Innopane Prestige en bois massif de France Poutres\"}]},{\"@type\":\"WebSite\",\"@id\":\"https:\\\/\\\/nature-et-developpement.com\\\/macabane-materiaux\\\/#website\",\"url\":\"https:\\\/\\\/nature-et-developpement.com\\\/macabane-materiaux\\\/\",\"name\":\"Ma Cabane mat\u00e9riaux naturels\",\"description\":\"Ma Cabane est membre du groupement Nature &amp; D\u00e9veloppement\",\"potentialAction\":[{\"@type\":\"SearchAction\",\"target\":{\"@type\":\"EntryPoint\",\"urlTemplate\":\"https:\\\/\\\/nature-et-developpement.com\\\/macabane-materiaux\\\/?s={search_term_string}\"},\"query-input\":{\"@type\":\"PropertyValueSpecification\",\"valueRequired\":true,\"valueName\":\"search_term_string\"}}],\"inLanguage\":\"fr-FR\"}]}<\/script>\n<!-- \/ Yoast SEO plugin. -->","yoast_head_json":{"title":"Poutre en I Innopane Prestige en bois massif de France Poutres - Ma Cabane mat\u00e9riaux naturels","description":"Con\u00e7u pour la r\u00e9alisation de plancher et toiture, c'est un un choix \u00e9cologique pour une construction solide et esth\u00e9tique. Usage possible en panne visible","robots":{"index":"noindex","follow":"nofollow"},"og_locale":"fr_FR","og_type":"article","og_title":"Poutre en I Innopane Prestige en bois massif de France Poutres - Ma Cabane mat\u00e9riaux naturels","og_description":"Con\u00e7u pour la r\u00e9alisation de plancher et toiture, c'est un un choix \u00e9cologique pour une construction solide et esth\u00e9tique. Usage possible en panne visible","og_url":"https:\/\/nature-et-developpement.com\/macabane-materiaux\/produit\/poutre-en-i-innopane-prestige-en-bois-massif\/","og_site_name":"Ma Cabane mat\u00e9riaux naturels","article_modified_time":"2025-07-17T11:31:12+00:00","twitter_card":"summary_large_image","twitter_misc":{"Dur\u00e9e de lecture estim\u00e9e":"1 minute"},"schema":{"@context":"https:\/\/schema.org","@graph":[{"@type":"WebPage","@id":"https:\/\/nature-et-developpement.com\/macabane-materiaux\/produit\/poutre-en-i-innopane-prestige-en-bois-massif\/","url":"https:\/\/nature-et-developpement.com\/macabane-materiaux\/produit\/poutre-en-i-innopane-prestige-en-bois-massif\/","name":"Poutre en I Innopane Prestige en bois massif de France Poutres - Ma Cabane mat\u00e9riaux naturels","isPartOf":{"@id":"https:\/\/nature-et-developpement.com\/macabane-materiaux\/#website"},"primaryImageOfPage":{"@id":"https:\/\/nature-et-developpement.com\/macabane-materiaux\/produit\/poutre-en-i-innopane-prestige-en-bois-massif\/#primaryimage"},"image":{"@id":"https:\/\/nature-et-developpement.com\/macabane-materiaux\/produit\/poutre-en-i-innopane-prestige-en-bois-massif\/#primaryimage"},"thumbnailUrl":"https:\/\/nature-et-developpement.com\/macabane-materiaux\/wp-content\/uploads\/Poutre-en-I-Innopane-Prestige-en-bois-massif-France-Poutre.jpg","datePublished":"2023-10-20T08:01:49+00:00","dateModified":"2025-07-17T11:31:12+00:00","description":"Con\u00e7u pour la r\u00e9alisation de plancher et toiture, c'est un un choix \u00e9cologique pour une construction solide et esth\u00e9tique. Usage possible en panne visible","breadcrumb":{"@id":"https:\/\/nature-et-developpement.com\/macabane-materiaux\/produit\/poutre-en-i-innopane-prestige-en-bois-massif\/#breadcrumb"},"inLanguage":"fr-FR","potentialAction":[{"@type":"ReadAction","target":["https:\/\/nature-et-developpement.com\/macabane-materiaux\/produit\/poutre-en-i-innopane-prestige-en-bois-massif\/"]}]},{"@type":"ImageObject","inLanguage":"fr-FR","@id":"https:\/\/nature-et-developpement.com\/macabane-materiaux\/produit\/poutre-en-i-innopane-prestige-en-bois-massif\/#primaryimage","url":"https:\/\/nature-et-developpement.com\/macabane-materiaux\/wp-content\/uploads\/Poutre-en-I-Innopane-Prestige-en-bois-massif-France-Poutre.jpg","contentUrl":"https:\/\/nature-et-developpement.com\/macabane-materiaux\/wp-content\/uploads\/Poutre-en-I-Innopane-Prestige-en-bois-massif-France-Poutre.jpg"},{"@type":"BreadcrumbList","@id":"https:\/\/nature-et-developpement.com\/macabane-materiaux\/produit\/poutre-en-i-innopane-prestige-en-bois-massif\/#breadcrumb","itemListElement":[{"@type":"ListItem","position":1,"name":"Accueil","item":"https:\/\/nature-et-developpement.com\/macabane-materiaux\/"},{"@type":"ListItem","position":2,"name":"Boutique","item":"https:\/\/nature-et-developpement.com\/macabane-materiaux\/boutique\/"},{"@type":"ListItem","position":3,"name":"Construction, cloison et fen\u00eatres","item":"https:\/\/nature-et-developpement.com\/macabane-materiaux\/produits\/construction\/"},{"@type":"ListItem","position":4,"name":"Construction bois","item":"https:\/\/nature-et-developpement.com\/macabane-materiaux\/produits\/construction\/construction-maison-bois\/"},{"@type":"ListItem","position":5,"name":"Poutre en I Innopane Prestige en bois massif de France Poutres"}]},{"@type":"WebSite","@id":"https:\/\/nature-et-developpement.com\/macabane-materiaux\/#website","url":"https:\/\/nature-et-developpement.com\/macabane-materiaux\/","name":"Ma Cabane mat\u00e9riaux naturels","description":"Ma Cabane est membre du groupement Nature &amp; D\u00e9veloppement","potentialAction":[{"@type":"SearchAction","target":{"@type":"EntryPoint","urlTemplate":"https:\/\/nature-et-developpement.com\/macabane-materiaux\/?s={search_term_string}"},"query-input":{"@type":"PropertyValueSpecification","valueRequired":true,"valueName":"search_term_string"}}],"inLanguage":"fr-FR"}]}},"distributor_meta":false,"distributor_terms":false,"distributor_media":false,"distributor_original_site_name":"Ma Cabane mat\u00e9riaux naturels","distributor_original_site_url":"https:\/\/nature-et-developpement.com\/macabane-materiaux","push-errors":false,"_links":{"self":[{"href":"https:\/\/nature-et-developpement.com\/macabane-materiaux\/wp-json\/wp\/v2\/product\/1805","targetHints":{"allow":["GET"]}}],"collection":[{"href":"https:\/\/nature-et-developpement.com\/macabane-materiaux\/wp-json\/wp\/v2\/product"}],"about":[{"href":"https:\/\/nature-et-developpement.com\/macabane-materiaux\/wp-json\/wp\/v2\/types\/product"}],"wp:featuredmedia":[{"embeddable":true,"href":"https:\/\/nature-et-developpement.com\/macabane-materiaux\/wp-json\/"}],"wp:attachment":[{"href":"https:\/\/nature-et-developpement.com\/macabane-materiaux\/wp-json\/wp\/v2\/media?parent=1805"}],"wp:term":[{"taxonomy":"product_brand","embeddable":true,"href":"https:\/\/nature-et-developpement.com\/macabane-materiaux\/wp-json\/wp\/v2\/product_brand?post=1805"},{"taxonomy":"product_cat","embeddable":true,"href":"https:\/\/nature-et-developpement.com\/macabane-materiaux\/wp-json\/wp\/v2\/product_cat?post=1805"},{"taxonomy":"product_tag","embeddable":true,"href":"https:\/\/nature-et-developpement.com\/macabane-materiaux\/wp-json\/wp\/v2\/product_tag?post=1805"}],"curies":[{"name":"wp","href":"https:\/\/api.w.org\/{rel}","templated":true}]}}