{"id":2162,"date":"2020-06-16T17:10:24","date_gmt":"2020-06-16T15:10:24","guid":{"rendered":"https:\/\/nature-et-developpement.com\/macabane-materiaux\/produit\/echantillon-meister-ll-150\/"},"modified":"2025-06-17T15:23:29","modified_gmt":"2025-06-17T13:23:29","slug":"echantillon-meister-ll-150","status":"publish","type":"product","link":"https:\/\/nature-et-developpement.com\/macabane-materiaux\/produit\/echantillon-meister-ll-150\/","title":{"rendered":"\u00c9chantillon MEISTER LL 150"},"content":{"rendered":"<h4>&#8230;Vous h\u00e9sitez?<\/h4>\n<p>Choisissez et commandez vos \u00e9chantillons, dans les accessoires (en bas de page) ou dans le moteur de recherche (en haut \u00e0 gauche) et recevez-les chez vous pour seulement 2,40\u20ac par \u00e9chantillon.<\/p>\n<p><span style=\"text-decoration: underline;color: #218e53\"><strong>Votre commande sera\u00a0d\u00e9duite\u00a0de votre prochain achat de parquet MEISTER.<\/strong><\/span><\/p>\n","protected":false},"excerpt":{"rendered":"<p style=\"margin-bottom: 10px;font-style: normal;font-weight: 400;font-family: Poppins, sans-serif;font-size: 14px\"><span style=\"font-weight: 500;font-size: 14px\">Commandez d\u00e8s aujourd&rsquo;hui vos Choix de parquets&#8230;<\/span><\/p>\n<p style=\"margin-bottom: 10px;font-style: normal;font-weight: 400;font-family: Poppins, sans-serif;font-size: 14px\">Chaque \u00e9chantillon mesure environ 18cm, de v\u00e9ritable produit.<\/p>\n<p style=\"margin-bottom: 10px;font-style: normal;font-weight: 400;font-family: Poppins, sans-serif;font-size: 14px\">Un forfait de 15\u20ac de livraison sera appliqu\u00e9 par tranche de 5 \u00e9chantillons.<\/p>\n<p><a class=\"btn btn-default\" style=\"font-style: normal;font-family: Poppins, sans-serif\" href=\"https:\/\/meister.esignserver3.com\/gallery.do\" target=\"_blank\" rel=\"noopener\">AVEC UNE PHOTO DE CHEZ VOUS, TESTEZ-LE DANS VOTRE INT\u00c9RIEUR<\/a><\/p>\n","protected":false},"featured_media":1000000174565,"template":"","meta":[],"product_brand":[3080],"product_cat":[102],"product_tag":[],"class_list":{"0":"post-2162","1":"product","2":"type-product","3":"status-publish","4":"has-post-thumbnail","6":"product_brand-meister-echantillon","7":"product_cat-plinthes-et-accessoires","8":"product_shipping_class-echantillion-meister","10":"first","11":"instock","12":"taxable","13":"shipping-taxable","14":"purchasable","15":"product-type-variable"},"yoast_head":"<!-- This site is optimized with the Yoast SEO plugin v27.5 - https:\/\/yoast.com\/product\/yoast-seo-wordpress\/ -->\n<title>\u00c9chantillon MEISTER LL 150 - Ma Cabane mat\u00e9riaux naturels<\/title>\n<meta name=\"description\" content=\"Commandez d\u00e8s aujourd&#039;hui vos Choix de parquets... Chaque \u00e9chantillon mesure environ 18cm, de v\u00e9ritable produit. Un forfait de 15\u20ac de livraison sera appliqu\u00e9 par tranche de 5 \u00e9chantillons. AVEC UNE PHOTO DE CHEZ VOUS, TESTEZ-LE DANS VOTRE INT\u00c9RIEUR\" \/>\n<meta name=\"robots\" content=\"noindex, follow\" \/>\n<meta property=\"og:locale\" content=\"fr_FR\" \/>\n<meta property=\"og:type\" content=\"article\" \/>\n<meta property=\"og:title\" content=\"\u00c9chantillon MEISTER LL 150 - Ma Cabane mat\u00e9riaux naturels\" \/>\n<meta property=\"og:description\" content=\"Commandez d\u00e8s aujourd&#039;hui vos Choix de parquets... Chaque \u00e9chantillon mesure environ 18cm, de v\u00e9ritable produit. Un forfait de 15\u20ac de livraison sera appliqu\u00e9 par tranche de 5 \u00e9chantillons. AVEC UNE PHOTO DE CHEZ VOUS, TESTEZ-LE DANS VOTRE INT\u00c9RIEUR\" \/>\n<meta property=\"og:url\" content=\"https:\/\/nature-et-developpement.com\/macabane-materiaux\/produit\/echantillon-meister-ll-150\/\" \/>\n<meta property=\"og:site_name\" content=\"Ma Cabane mat\u00e9riaux naturels\" \/>\n<meta property=\"article:modified_time\" content=\"2025-06-17T13:23:29+00:00\" \/>\n<meta name=\"twitter:card\" content=\"summary_large_image\" \/>\n<script type=\"application\/ld+json\" class=\"yoast-schema-graph\">{\"@context\":\"https:\\\/\\\/schema.org\",\"@graph\":[{\"@type\":\"WebPage\",\"@id\":\"https:\\\/\\\/nature-et-developpement.com\\\/macabane-materiaux\\\/produit\\\/echantillon-meister-ll-150\\\/\",\"url\":\"https:\\\/\\\/nature-et-developpement.com\\\/macabane-materiaux\\\/produit\\\/echantillon-meister-ll-150\\\/\",\"name\":\"\u00c9chantillon MEISTER LL 150 - Ma Cabane mat\u00e9riaux naturels\",\"isPartOf\":{\"@id\":\"https:\\\/\\\/nature-et-developpement.com\\\/macabane-materiaux\\\/#website\"},\"primaryImageOfPage\":{\"@id\":\"https:\\\/\\\/nature-et-developpement.com\\\/macabane-materiaux\\\/produit\\\/echantillon-meister-ll-150\\\/#primaryimage\"},\"image\":{\"@id\":\"https:\\\/\\\/nature-et-developpement.com\\\/macabane-materiaux\\\/produit\\\/echantillon-meister-ll-150\\\/#primaryimage\"},\"thumbnailUrl\":\"https:\\\/\\\/nature-et-developpement.com\\\/macabane-materiaux\\\/wp-content\\\/uploads\\\/06416_laminate_LL150_Perspektive.jpg\",\"datePublished\":\"2020-06-16T15:10:24+00:00\",\"dateModified\":\"2025-06-17T13:23:29+00:00\",\"description\":\"Commandez d\u00e8s aujourd'hui vos Choix de parquets... Chaque \u00e9chantillon mesure environ 18cm, de v\u00e9ritable produit. Un forfait de 15\u20ac de livraison sera appliqu\u00e9 par tranche de 5 \u00e9chantillons. AVEC UNE PHOTO DE CHEZ VOUS, TESTEZ-LE DANS VOTRE INT\u00c9RIEUR\",\"breadcrumb\":{\"@id\":\"https:\\\/\\\/nature-et-developpement.com\\\/macabane-materiaux\\\/produit\\\/echantillon-meister-ll-150\\\/#breadcrumb\"},\"inLanguage\":\"fr-FR\",\"potentialAction\":[{\"@type\":\"ReadAction\",\"target\":[\"https:\\\/\\\/nature-et-developpement.com\\\/macabane-materiaux\\\/produit\\\/echantillon-meister-ll-150\\\/\"]}]},{\"@type\":\"ImageObject\",\"inLanguage\":\"fr-FR\",\"@id\":\"https:\\\/\\\/nature-et-developpement.com\\\/macabane-materiaux\\\/produit\\\/echantillon-meister-ll-150\\\/#primaryimage\",\"url\":\"https:\\\/\\\/nature-et-developpement.com\\\/macabane-materiaux\\\/wp-content\\\/uploads\\\/06416_laminate_LL150_Perspektive.jpg\",\"contentUrl\":\"https:\\\/\\\/nature-et-developpement.com\\\/macabane-materiaux\\\/wp-content\\\/uploads\\\/06416_laminate_LL150_Perspektive.jpg\"},{\"@type\":\"BreadcrumbList\",\"@id\":\"https:\\\/\\\/nature-et-developpement.com\\\/macabane-materiaux\\\/produit\\\/echantillon-meister-ll-150\\\/#breadcrumb\",\"itemListElement\":[{\"@type\":\"ListItem\",\"position\":1,\"name\":\"Accueil\",\"item\":\"https:\\\/\\\/nature-et-developpement.com\\\/macabane-materiaux\\\/\"},{\"@type\":\"ListItem\",\"position\":2,\"name\":\"Boutique\",\"item\":\"https:\\\/\\\/nature-et-developpement.com\\\/macabane-materiaux\\\/boutique\\\/\"},{\"@type\":\"ListItem\",\"position\":3,\"name\":\"Parquets bois, stratifi\u00e9s et li\u00e8ge\",\"item\":\"https:\\\/\\\/nature-et-developpement.com\\\/macabane-materiaux\\\/produits\\\/parquet-et-sol-naturels\\\/\"},{\"@type\":\"ListItem\",\"position\":4,\"name\":\"Plinthes et accessoires\",\"item\":\"https:\\\/\\\/nature-et-developpement.com\\\/macabane-materiaux\\\/produits\\\/parquet-et-sol-naturels\\\/plinthes-et-accessoires\\\/\"},{\"@type\":\"ListItem\",\"position\":5,\"name\":\"\u00c9chantillon MEISTER LL 150\"}]},{\"@type\":\"WebSite\",\"@id\":\"https:\\\/\\\/nature-et-developpement.com\\\/macabane-materiaux\\\/#website\",\"url\":\"https:\\\/\\\/nature-et-developpement.com\\\/macabane-materiaux\\\/\",\"name\":\"Ma Cabane mat\u00e9riaux naturels\",\"description\":\"Ma Cabane est membre du groupement Nature &amp; D\u00e9veloppement\",\"potentialAction\":[{\"@type\":\"SearchAction\",\"target\":{\"@type\":\"EntryPoint\",\"urlTemplate\":\"https:\\\/\\\/nature-et-developpement.com\\\/macabane-materiaux\\\/?s={search_term_string}\"},\"query-input\":{\"@type\":\"PropertyValueSpecification\",\"valueRequired\":true,\"valueName\":\"search_term_string\"}}],\"inLanguage\":\"fr-FR\"}]}<\/script>\n<!-- \/ Yoast SEO plugin. -->","yoast_head_json":{"title":"\u00c9chantillon MEISTER LL 150 - Ma Cabane mat\u00e9riaux naturels","description":"Commandez d\u00e8s aujourd'hui vos Choix de parquets... Chaque \u00e9chantillon mesure environ 18cm, de v\u00e9ritable produit. Un forfait de 15\u20ac de livraison sera appliqu\u00e9 par tranche de 5 \u00e9chantillons. AVEC UNE PHOTO DE CHEZ VOUS, TESTEZ-LE DANS VOTRE INT\u00c9RIEUR","robots":{"index":"noindex","follow":"follow"},"og_locale":"fr_FR","og_type":"article","og_title":"\u00c9chantillon MEISTER LL 150 - Ma Cabane mat\u00e9riaux naturels","og_description":"Commandez d\u00e8s aujourd'hui vos Choix de parquets... Chaque \u00e9chantillon mesure environ 18cm, de v\u00e9ritable produit. Un forfait de 15\u20ac de livraison sera appliqu\u00e9 par tranche de 5 \u00e9chantillons. AVEC UNE PHOTO DE CHEZ VOUS, TESTEZ-LE DANS VOTRE INT\u00c9RIEUR","og_url":"https:\/\/nature-et-developpement.com\/macabane-materiaux\/produit\/echantillon-meister-ll-150\/","og_site_name":"Ma Cabane mat\u00e9riaux naturels","article_modified_time":"2025-06-17T13:23:29+00:00","twitter_card":"summary_large_image","schema":{"@context":"https:\/\/schema.org","@graph":[{"@type":"WebPage","@id":"https:\/\/nature-et-developpement.com\/macabane-materiaux\/produit\/echantillon-meister-ll-150\/","url":"https:\/\/nature-et-developpement.com\/macabane-materiaux\/produit\/echantillon-meister-ll-150\/","name":"\u00c9chantillon MEISTER LL 150 - Ma Cabane mat\u00e9riaux naturels","isPartOf":{"@id":"https:\/\/nature-et-developpement.com\/macabane-materiaux\/#website"},"primaryImageOfPage":{"@id":"https:\/\/nature-et-developpement.com\/macabane-materiaux\/produit\/echantillon-meister-ll-150\/#primaryimage"},"image":{"@id":"https:\/\/nature-et-developpement.com\/macabane-materiaux\/produit\/echantillon-meister-ll-150\/#primaryimage"},"thumbnailUrl":"https:\/\/nature-et-developpement.com\/macabane-materiaux\/wp-content\/uploads\/06416_laminate_LL150_Perspektive.jpg","datePublished":"2020-06-16T15:10:24+00:00","dateModified":"2025-06-17T13:23:29+00:00","description":"Commandez d\u00e8s aujourd'hui vos Choix de parquets... Chaque \u00e9chantillon mesure environ 18cm, de v\u00e9ritable produit. Un forfait de 15\u20ac de livraison sera appliqu\u00e9 par tranche de 5 \u00e9chantillons. AVEC UNE PHOTO DE CHEZ VOUS, TESTEZ-LE DANS VOTRE INT\u00c9RIEUR","breadcrumb":{"@id":"https:\/\/nature-et-developpement.com\/macabane-materiaux\/produit\/echantillon-meister-ll-150\/#breadcrumb"},"inLanguage":"fr-FR","potentialAction":[{"@type":"ReadAction","target":["https:\/\/nature-et-developpement.com\/macabane-materiaux\/produit\/echantillon-meister-ll-150\/"]}]},{"@type":"ImageObject","inLanguage":"fr-FR","@id":"https:\/\/nature-et-developpement.com\/macabane-materiaux\/produit\/echantillon-meister-ll-150\/#primaryimage","url":"https:\/\/nature-et-developpement.com\/macabane-materiaux\/wp-content\/uploads\/06416_laminate_LL150_Perspektive.jpg","contentUrl":"https:\/\/nature-et-developpement.com\/macabane-materiaux\/wp-content\/uploads\/06416_laminate_LL150_Perspektive.jpg"},{"@type":"BreadcrumbList","@id":"https:\/\/nature-et-developpement.com\/macabane-materiaux\/produit\/echantillon-meister-ll-150\/#breadcrumb","itemListElement":[{"@type":"ListItem","position":1,"name":"Accueil","item":"https:\/\/nature-et-developpement.com\/macabane-materiaux\/"},{"@type":"ListItem","position":2,"name":"Boutique","item":"https:\/\/nature-et-developpement.com\/macabane-materiaux\/boutique\/"},{"@type":"ListItem","position":3,"name":"Parquets bois, stratifi\u00e9s et li\u00e8ge","item":"https:\/\/nature-et-developpement.com\/macabane-materiaux\/produits\/parquet-et-sol-naturels\/"},{"@type":"ListItem","position":4,"name":"Plinthes et accessoires","item":"https:\/\/nature-et-developpement.com\/macabane-materiaux\/produits\/parquet-et-sol-naturels\/plinthes-et-accessoires\/"},{"@type":"ListItem","position":5,"name":"\u00c9chantillon MEISTER LL 150"}]},{"@type":"WebSite","@id":"https:\/\/nature-et-developpement.com\/macabane-materiaux\/#website","url":"https:\/\/nature-et-developpement.com\/macabane-materiaux\/","name":"Ma Cabane mat\u00e9riaux naturels","description":"Ma Cabane est membre du groupement Nature &amp; D\u00e9veloppement","potentialAction":[{"@type":"SearchAction","target":{"@type":"EntryPoint","urlTemplate":"https:\/\/nature-et-developpement.com\/macabane-materiaux\/?s={search_term_string}"},"query-input":{"@type":"PropertyValueSpecification","valueRequired":true,"valueName":"search_term_string"}}],"inLanguage":"fr-FR"}]}},"distributor_meta":false,"distributor_terms":false,"distributor_media":false,"distributor_original_site_name":"Ma Cabane mat\u00e9riaux naturels","distributor_original_site_url":"https:\/\/nature-et-developpement.com\/macabane-materiaux","push-errors":false,"_links":{"self":[{"href":"https:\/\/nature-et-developpement.com\/macabane-materiaux\/wp-json\/wp\/v2\/product\/2162","targetHints":{"allow":["GET"]}}],"collection":[{"href":"https:\/\/nature-et-developpement.com\/macabane-materiaux\/wp-json\/wp\/v2\/product"}],"about":[{"href":"https:\/\/nature-et-developpement.com\/macabane-materiaux\/wp-json\/wp\/v2\/types\/product"}],"wp:featuredmedia":[{"embeddable":true,"href":"https:\/\/nature-et-developpement.com\/macabane-materiaux\/wp-json\/"}],"wp:attachment":[{"href":"https:\/\/nature-et-developpement.com\/macabane-materiaux\/wp-json\/wp\/v2\/media?parent=2162"}],"wp:term":[{"taxonomy":"product_brand","embeddable":true,"href":"https:\/\/nature-et-developpement.com\/macabane-materiaux\/wp-json\/wp\/v2\/product_brand?post=2162"},{"taxonomy":"product_cat","embeddable":true,"href":"https:\/\/nature-et-developpement.com\/macabane-materiaux\/wp-json\/wp\/v2\/product_cat?post=2162"},{"taxonomy":"product_tag","embeddable":true,"href":"https:\/\/nature-et-developpement.com\/macabane-materiaux\/wp-json\/wp\/v2\/product_tag?post=2162"}],"curies":[{"name":"wp","href":"https:\/\/api.w.org\/{rel}","templated":true}]}}