{"id":2853,"date":"2025-01-27T00:00:00","date_gmt":"2025-01-26T23:00:00","guid":{"rendered":"https:\/\/nature-et-developpement.com\/macabane-materiaux\/produit\/sol-stratifie-resistant-a-l-eau-4h-decor-bois-meister-lc-150\/"},"modified":"2026-03-26T23:00:15","modified_gmt":"2026-03-26T22:00:15","slug":"sol-stratifie-resistant-a-l-eau-4h-decor-bois-meister-lc-150","status":"publish","type":"product","link":"https:\/\/nature-et-developpement.com\/macabane-materiaux\/produit\/sol-stratifie-resistant-a-l-eau-4h-decor-bois-meister-lc-150\/","title":{"rendered":"Sol stratifie r\u00e9sistant \u00e0 l&rsquo;eau 4h, d\u00e9cor bois Meister LC 150"},"content":{"rendered":"<h2>Antistatique, r\u00e9sistant \u00e0 l\u2019eau et r\u00e9sistant aux rayures\u00a0: MeisterDesign. laminate LC 150 est le sol stratifi\u00e9 intelligent pour toutes les applications.<\/h2>\n<p>Avec son \u00e9paisseur de 8 mm et la classe d\u2019utilisation 23 32, il est appropri\u00e9 pour les espaces d\u2019habitation tr\u00e8s utilis\u00e9s, comme les salles de bains, ou les surfaces commerciales comme les boutiques et les restaurants.<\/p>\n<p>La lame courte peut \u00eatre utilis\u00e9e de mani\u00e8re polyvalente, est facile \u00e0 poser et \u00e0 transporter.<\/p>\n<p>Peut \u00eatre pos\u00e9 dans des pi\u00e8ces humides tels que p.ex. salles de bains. Les espaces ext\u00e9rieurs et pi\u00e8ces humides telles que saunas, cabines de douche, bains de vapeur et pi\u00e8ces avec \u00e9coulement au sol ne sont pas adapt\u00e9s \u00e0 la pose de ce sol.<\/p>\n<p>Convient aux sols chauff\u00e9s par circuits d\u2019eau chaude. Un chauffage par le sol \u00e9lectrique est toujours appropri\u00e9 lorsqu\u2019il peut \u00eatre int\u00e9gr\u00e9 \u00e0 la chape ou \u00e0 la dalle de b\u00e9ton et qu\u2019il n\u2019est donc pas pos\u00e9 sur la dalle comme une natte chauffante.<\/p>\n<p>Les boucles de chauffage, tuyaux; c\u00e2bles doivent couvrir la surface de la pi\u00e8ce en totalit\u00e9 et non partiellement.<\/p>\n<p>Si les surfaces ne sont chauff\u00e9es que partiellement, le rev\u00eatement de sol devra \u00eatre \u00e9quip\u00e9 de joints de dilatation (rails \u00e9l\u00e9ments de syst\u00e8me).<\/p>\n<p>La temp\u00e9rature maximum de surface ne doit pas exc\u00e9der 29\u00b0C.<\/p>\n<p>La pose du sol sur des nattes chauffantes est possible uniquement avec un syst\u00e8me autor\u00e9gulant qui maintient la temp\u00e9rature de surface \u00e0 29\u00b0c .<\/p>\n<p>La pose ne peut \u00eatre agr\u00e9\u00e9e dans tous les autres cas.<\/p>\n<h3><span style=\"font-size: 32px;font-weight: bold;letter-spacing: -0.0415625em;font-family: 'Inter var', -apple-system, BlinkMacSystemFont, 'Helvetica Neue', Helvetica, sans-serif\">&#8230;Vous h\u00e9sitez?<\/span><\/h3>\n<p>Choisissez et commandez vos \u00e9chantillons, dans les accessoires (en bas de page) ou dans le moteur de recherche (en haut \u00e0 gauche) et recevez-les chez vous pour seulement 2,40\u20ac par \u00e9chantillon.<\/p>\n<p><span style=\"text-decoration: underline;color: #218e53\"><strong>Votre commande sera\u00a0d\u00e9duite\u00a0de votre prochain achat de parquet MEISTER.<\/strong><\/span><\/p>\n","protected":false},"excerpt":{"rendered":"<p>Pour toutes les pi\u00e8ces d\u2019habitation s\u00e8ches et humides.<br \/>\nSon\u00a0format\u00a0lame\u00a0courte, ses 8mm et sa r\u00e9sistante \u00e0 l\u2019eau 4h conviennent \u00e0 toutes les pi\u00e8ces, chambre, bureau, salle de bain\u00a0ou cuisine.<br \/>\nStratifi\u00e9 constitu\u00e9 \u00e0 100\u00a0% de mat\u00e9riaux naturels, majoritairement de bois.<\/p>\n<p>Dimensions utiles:\u00a01288 x\u00a0198 mm<\/p>\n<p><a class=\"btn btn-default\" style=\"font-style: normal;font-family: Poppins, sans-serif\" href=\"https:\/\/meister.esignserver3.com\/gallery.do\" target=\"_blank\" rel=\"noopener\">AVEC UNE PHOTO DE CHEZ VOUS, TESTEZ-LE DANS VOTRE INT\u00c9RIEUR<\/a><\/p>\n","protected":false},"featured_media":1000000174242,"template":"","meta":[],"product_brand":[166],"product_cat":[99],"product_tag":[2334],"class_list":{"0":"post-2853","1":"product","2":"type-product","3":"status-publish","4":"has-post-thumbnail","6":"product_brand-meister","7":"product_cat-sols-en-liege-linoleum-et-stratifies","8":"product_tag-parquet","9":"product_shipping_class-transport-parquet-lambris-meister-amorim","11":"first","12":"instock","13":"taxable","14":"shipping-taxable","15":"purchasable","16":"product-type-variable"},"yoast_head":"<!-- This site is optimized with the Yoast SEO plugin v27.5 - https:\/\/yoast.com\/product\/yoast-seo-wordpress\/ -->\n<title>Sol stratifie r\u00e9sistant \u00e0 l&#039;eau 4h, d\u00e9cor bois Meister LC 150 - Ma Cabane mat\u00e9riaux naturels<\/title>\n<meta name=\"description\" content=\"Pour toutes les pi\u00e8ces d\u2019habitation s\u00e8ches et humides. Son\u00a0format\u00a0lame\u00a0courte, ses 8mm et sa r\u00e9sistante \u00e0 l\u2019eau 4h conviennent \u00e0 toutes les pi\u00e8ces, chambre, bureau, salle de bain\u00a0ou cuisine. Stratifi\u00e9 constitu\u00e9 \u00e0 100\u00a0% de mat\u00e9riaux naturels, majoritairement de bois.  Dimensions utiles:\u00a01288 x\u00a0198 mm  AVEC UNE PHOTO DE CHEZ VOUS, TESTEZ-LE DANS VOTRE INT\u00c9RIEUR\" \/>\n<meta name=\"robots\" content=\"noindex, nofollow\" \/>\n<meta property=\"og:locale\" content=\"fr_FR\" \/>\n<meta property=\"og:type\" content=\"article\" \/>\n<meta property=\"og:title\" content=\"Sol stratifie r\u00e9sistant \u00e0 l&#039;eau 4h, d\u00e9cor bois Meister LC 150 - Ma Cabane mat\u00e9riaux naturels\" \/>\n<meta property=\"og:description\" content=\"Pour toutes les pi\u00e8ces d\u2019habitation s\u00e8ches et humides. Son\u00a0format\u00a0lame\u00a0courte, ses 8mm et sa r\u00e9sistante \u00e0 l\u2019eau 4h conviennent \u00e0 toutes les pi\u00e8ces, chambre, bureau, salle de bain\u00a0ou cuisine. Stratifi\u00e9 constitu\u00e9 \u00e0 100\u00a0% de mat\u00e9riaux naturels, majoritairement de bois.  Dimensions utiles:\u00a01288 x\u00a0198 mm  AVEC UNE PHOTO DE CHEZ VOUS, TESTEZ-LE DANS VOTRE INT\u00c9RIEUR\" \/>\n<meta property=\"og:url\" content=\"https:\/\/nature-et-developpement.com\/macabane-materiaux\/produit\/sol-stratifie-resistant-a-l-eau-4h-decor-bois-meister-lc-150\/\" \/>\n<meta property=\"og:site_name\" content=\"Ma Cabane mat\u00e9riaux naturels\" \/>\n<meta property=\"article:modified_time\" content=\"2026-03-26T22:00:15+00:00\" \/>\n<meta name=\"twitter:card\" content=\"summary_large_image\" \/>\n<meta name=\"twitter:label1\" content=\"Dur\u00e9e de lecture estim\u00e9e\" \/>\n\t<meta name=\"twitter:data1\" content=\"2 minutes\" \/>\n<script type=\"application\/ld+json\" class=\"yoast-schema-graph\">{\"@context\":\"https:\\\/\\\/schema.org\",\"@graph\":[{\"@type\":\"WebPage\",\"@id\":\"https:\\\/\\\/nature-et-developpement.com\\\/macabane-materiaux\\\/produit\\\/sol-stratifie-resistant-a-l-eau-4h-decor-bois-meister-lc-150\\\/\",\"url\":\"https:\\\/\\\/nature-et-developpement.com\\\/macabane-materiaux\\\/produit\\\/sol-stratifie-resistant-a-l-eau-4h-decor-bois-meister-lc-150\\\/\",\"name\":\"Sol stratifie r\u00e9sistant \u00e0 l'eau 4h, d\u00e9cor bois Meister LC 150 - Ma Cabane mat\u00e9riaux naturels\",\"isPartOf\":{\"@id\":\"https:\\\/\\\/nature-et-developpement.com\\\/macabane-materiaux\\\/#website\"},\"primaryImageOfPage\":{\"@id\":\"https:\\\/\\\/nature-et-developpement.com\\\/macabane-materiaux\\\/produit\\\/sol-stratifie-resistant-a-l-eau-4h-decor-bois-meister-lc-150\\\/#primaryimage\"},\"image\":{\"@id\":\"https:\\\/\\\/nature-et-developpement.com\\\/macabane-materiaux\\\/produit\\\/sol-stratifie-resistant-a-l-eau-4h-decor-bois-meister-lc-150\\\/#primaryimage\"},\"thumbnailUrl\":\"https:\\\/\\\/nature-et-developpement.com\\\/macabane-materiaux\\\/wp-content\\\/uploads\\\/Sol-stratifie-MEISTER-LC150-couleur-7149-ambiance.jpg\",\"datePublished\":\"2025-01-26T23:00:00+00:00\",\"dateModified\":\"2026-03-26T22:00:15+00:00\",\"description\":\"Pour toutes les pi\u00e8ces d\u2019habitation s\u00e8ches et humides. Son\u00a0format\u00a0lame\u00a0courte, ses 8mm et sa r\u00e9sistante \u00e0 l\u2019eau 4h conviennent \u00e0 toutes les pi\u00e8ces, chambre, bureau, salle de bain\u00a0ou cuisine. Stratifi\u00e9 constitu\u00e9 \u00e0 100\u00a0% de mat\u00e9riaux naturels, majoritairement de bois. Dimensions utiles:\u00a01288 x\u00a0198 mm AVEC UNE PHOTO DE CHEZ VOUS, TESTEZ-LE DANS VOTRE INT\u00c9RIEUR\",\"breadcrumb\":{\"@id\":\"https:\\\/\\\/nature-et-developpement.com\\\/macabane-materiaux\\\/produit\\\/sol-stratifie-resistant-a-l-eau-4h-decor-bois-meister-lc-150\\\/#breadcrumb\"},\"inLanguage\":\"fr-FR\",\"potentialAction\":[{\"@type\":\"ReadAction\",\"target\":[\"https:\\\/\\\/nature-et-developpement.com\\\/macabane-materiaux\\\/produit\\\/sol-stratifie-resistant-a-l-eau-4h-decor-bois-meister-lc-150\\\/\"]}]},{\"@type\":\"ImageObject\",\"inLanguage\":\"fr-FR\",\"@id\":\"https:\\\/\\\/nature-et-developpement.com\\\/macabane-materiaux\\\/produit\\\/sol-stratifie-resistant-a-l-eau-4h-decor-bois-meister-lc-150\\\/#primaryimage\",\"url\":\"https:\\\/\\\/nature-et-developpement.com\\\/macabane-materiaux\\\/wp-content\\\/uploads\\\/Sol-stratifie-MEISTER-LC150-couleur-7149-ambiance.jpg\",\"contentUrl\":\"https:\\\/\\\/nature-et-developpement.com\\\/macabane-materiaux\\\/wp-content\\\/uploads\\\/Sol-stratifie-MEISTER-LC150-couleur-7149-ambiance.jpg\"},{\"@type\":\"BreadcrumbList\",\"@id\":\"https:\\\/\\\/nature-et-developpement.com\\\/macabane-materiaux\\\/produit\\\/sol-stratifie-resistant-a-l-eau-4h-decor-bois-meister-lc-150\\\/#breadcrumb\",\"itemListElement\":[{\"@type\":\"ListItem\",\"position\":1,\"name\":\"Accueil\",\"item\":\"https:\\\/\\\/nature-et-developpement.com\\\/macabane-materiaux\\\/\"},{\"@type\":\"ListItem\",\"position\":2,\"name\":\"Boutique\",\"item\":\"https:\\\/\\\/nature-et-developpement.com\\\/macabane-materiaux\\\/boutique\\\/\"},{\"@type\":\"ListItem\",\"position\":3,\"name\":\"Parquets bois, stratifi\u00e9s et li\u00e8ge\",\"item\":\"https:\\\/\\\/nature-et-developpement.com\\\/macabane-materiaux\\\/produits\\\/parquet-et-sol-naturels\\\/\"},{\"@type\":\"ListItem\",\"position\":4,\"name\":\"Sols linol\u00e9um et stratifi\u00e9s\",\"item\":\"https:\\\/\\\/nature-et-developpement.com\\\/macabane-materiaux\\\/produits\\\/parquet-et-sol-naturels\\\/sols-en-liege-linoleum-et-stratifies\\\/\"},{\"@type\":\"ListItem\",\"position\":5,\"name\":\"Sol stratifie r\u00e9sistant \u00e0 l&rsquo;eau 4h, d\u00e9cor bois Meister LC 150\"}]},{\"@type\":\"WebSite\",\"@id\":\"https:\\\/\\\/nature-et-developpement.com\\\/macabane-materiaux\\\/#website\",\"url\":\"https:\\\/\\\/nature-et-developpement.com\\\/macabane-materiaux\\\/\",\"name\":\"Ma Cabane mat\u00e9riaux naturels\",\"description\":\"Ma Cabane est membre du groupement Nature &amp; D\u00e9veloppement\",\"potentialAction\":[{\"@type\":\"SearchAction\",\"target\":{\"@type\":\"EntryPoint\",\"urlTemplate\":\"https:\\\/\\\/nature-et-developpement.com\\\/macabane-materiaux\\\/?s={search_term_string}\"},\"query-input\":{\"@type\":\"PropertyValueSpecification\",\"valueRequired\":true,\"valueName\":\"search_term_string\"}}],\"inLanguage\":\"fr-FR\"}]}<\/script>\n<!-- \/ Yoast SEO plugin. -->","yoast_head_json":{"title":"Sol stratifie r\u00e9sistant \u00e0 l'eau 4h, d\u00e9cor bois Meister LC 150 - Ma Cabane mat\u00e9riaux naturels","description":"Pour toutes les pi\u00e8ces d\u2019habitation s\u00e8ches et humides. Son\u00a0format\u00a0lame\u00a0courte, ses 8mm et sa r\u00e9sistante \u00e0 l\u2019eau 4h conviennent \u00e0 toutes les pi\u00e8ces, chambre, bureau, salle de bain\u00a0ou cuisine. Stratifi\u00e9 constitu\u00e9 \u00e0 100\u00a0% de mat\u00e9riaux naturels, majoritairement de bois.  Dimensions utiles:\u00a01288 x\u00a0198 mm  AVEC UNE PHOTO DE CHEZ VOUS, TESTEZ-LE DANS VOTRE INT\u00c9RIEUR","robots":{"index":"noindex","follow":"nofollow"},"og_locale":"fr_FR","og_type":"article","og_title":"Sol stratifie r\u00e9sistant \u00e0 l'eau 4h, d\u00e9cor bois Meister LC 150 - Ma Cabane mat\u00e9riaux naturels","og_description":"Pour toutes les pi\u00e8ces d\u2019habitation s\u00e8ches et humides. Son\u00a0format\u00a0lame\u00a0courte, ses 8mm et sa r\u00e9sistante \u00e0 l\u2019eau 4h conviennent \u00e0 toutes les pi\u00e8ces, chambre, bureau, salle de bain\u00a0ou cuisine. Stratifi\u00e9 constitu\u00e9 \u00e0 100\u00a0% de mat\u00e9riaux naturels, majoritairement de bois.  Dimensions utiles:\u00a01288 x\u00a0198 mm  AVEC UNE PHOTO DE CHEZ VOUS, TESTEZ-LE DANS VOTRE INT\u00c9RIEUR","og_url":"https:\/\/nature-et-developpement.com\/macabane-materiaux\/produit\/sol-stratifie-resistant-a-l-eau-4h-decor-bois-meister-lc-150\/","og_site_name":"Ma Cabane mat\u00e9riaux naturels","article_modified_time":"2026-03-26T22:00:15+00:00","twitter_card":"summary_large_image","twitter_misc":{"Dur\u00e9e de lecture estim\u00e9e":"2 minutes"},"schema":{"@context":"https:\/\/schema.org","@graph":[{"@type":"WebPage","@id":"https:\/\/nature-et-developpement.com\/macabane-materiaux\/produit\/sol-stratifie-resistant-a-l-eau-4h-decor-bois-meister-lc-150\/","url":"https:\/\/nature-et-developpement.com\/macabane-materiaux\/produit\/sol-stratifie-resistant-a-l-eau-4h-decor-bois-meister-lc-150\/","name":"Sol stratifie r\u00e9sistant \u00e0 l'eau 4h, d\u00e9cor bois Meister LC 150 - Ma Cabane mat\u00e9riaux naturels","isPartOf":{"@id":"https:\/\/nature-et-developpement.com\/macabane-materiaux\/#website"},"primaryImageOfPage":{"@id":"https:\/\/nature-et-developpement.com\/macabane-materiaux\/produit\/sol-stratifie-resistant-a-l-eau-4h-decor-bois-meister-lc-150\/#primaryimage"},"image":{"@id":"https:\/\/nature-et-developpement.com\/macabane-materiaux\/produit\/sol-stratifie-resistant-a-l-eau-4h-decor-bois-meister-lc-150\/#primaryimage"},"thumbnailUrl":"https:\/\/nature-et-developpement.com\/macabane-materiaux\/wp-content\/uploads\/Sol-stratifie-MEISTER-LC150-couleur-7149-ambiance.jpg","datePublished":"2025-01-26T23:00:00+00:00","dateModified":"2026-03-26T22:00:15+00:00","description":"Pour toutes les pi\u00e8ces d\u2019habitation s\u00e8ches et humides. Son\u00a0format\u00a0lame\u00a0courte, ses 8mm et sa r\u00e9sistante \u00e0 l\u2019eau 4h conviennent \u00e0 toutes les pi\u00e8ces, chambre, bureau, salle de bain\u00a0ou cuisine. Stratifi\u00e9 constitu\u00e9 \u00e0 100\u00a0% de mat\u00e9riaux naturels, majoritairement de bois. Dimensions utiles:\u00a01288 x\u00a0198 mm AVEC UNE PHOTO DE CHEZ VOUS, TESTEZ-LE DANS VOTRE INT\u00c9RIEUR","breadcrumb":{"@id":"https:\/\/nature-et-developpement.com\/macabane-materiaux\/produit\/sol-stratifie-resistant-a-l-eau-4h-decor-bois-meister-lc-150\/#breadcrumb"},"inLanguage":"fr-FR","potentialAction":[{"@type":"ReadAction","target":["https:\/\/nature-et-developpement.com\/macabane-materiaux\/produit\/sol-stratifie-resistant-a-l-eau-4h-decor-bois-meister-lc-150\/"]}]},{"@type":"ImageObject","inLanguage":"fr-FR","@id":"https:\/\/nature-et-developpement.com\/macabane-materiaux\/produit\/sol-stratifie-resistant-a-l-eau-4h-decor-bois-meister-lc-150\/#primaryimage","url":"https:\/\/nature-et-developpement.com\/macabane-materiaux\/wp-content\/uploads\/Sol-stratifie-MEISTER-LC150-couleur-7149-ambiance.jpg","contentUrl":"https:\/\/nature-et-developpement.com\/macabane-materiaux\/wp-content\/uploads\/Sol-stratifie-MEISTER-LC150-couleur-7149-ambiance.jpg"},{"@type":"BreadcrumbList","@id":"https:\/\/nature-et-developpement.com\/macabane-materiaux\/produit\/sol-stratifie-resistant-a-l-eau-4h-decor-bois-meister-lc-150\/#breadcrumb","itemListElement":[{"@type":"ListItem","position":1,"name":"Accueil","item":"https:\/\/nature-et-developpement.com\/macabane-materiaux\/"},{"@type":"ListItem","position":2,"name":"Boutique","item":"https:\/\/nature-et-developpement.com\/macabane-materiaux\/boutique\/"},{"@type":"ListItem","position":3,"name":"Parquets bois, stratifi\u00e9s et li\u00e8ge","item":"https:\/\/nature-et-developpement.com\/macabane-materiaux\/produits\/parquet-et-sol-naturels\/"},{"@type":"ListItem","position":4,"name":"Sols linol\u00e9um et stratifi\u00e9s","item":"https:\/\/nature-et-developpement.com\/macabane-materiaux\/produits\/parquet-et-sol-naturels\/sols-en-liege-linoleum-et-stratifies\/"},{"@type":"ListItem","position":5,"name":"Sol stratifie r\u00e9sistant \u00e0 l&rsquo;eau 4h, d\u00e9cor bois Meister LC 150"}]},{"@type":"WebSite","@id":"https:\/\/nature-et-developpement.com\/macabane-materiaux\/#website","url":"https:\/\/nature-et-developpement.com\/macabane-materiaux\/","name":"Ma Cabane mat\u00e9riaux naturels","description":"Ma Cabane est membre du groupement Nature &amp; D\u00e9veloppement","potentialAction":[{"@type":"SearchAction","target":{"@type":"EntryPoint","urlTemplate":"https:\/\/nature-et-developpement.com\/macabane-materiaux\/?s={search_term_string}"},"query-input":{"@type":"PropertyValueSpecification","valueRequired":true,"valueName":"search_term_string"}}],"inLanguage":"fr-FR"}]}},"distributor_meta":false,"distributor_terms":false,"distributor_media":false,"distributor_original_site_name":"Ma Cabane mat\u00e9riaux naturels","distributor_original_site_url":"https:\/\/nature-et-developpement.com\/macabane-materiaux","push-errors":false,"_links":{"self":[{"href":"https:\/\/nature-et-developpement.com\/macabane-materiaux\/wp-json\/wp\/v2\/product\/2853","targetHints":{"allow":["GET"]}}],"collection":[{"href":"https:\/\/nature-et-developpement.com\/macabane-materiaux\/wp-json\/wp\/v2\/product"}],"about":[{"href":"https:\/\/nature-et-developpement.com\/macabane-materiaux\/wp-json\/wp\/v2\/types\/product"}],"wp:featuredmedia":[{"embeddable":true,"href":"https:\/\/nature-et-developpement.com\/macabane-materiaux\/wp-json\/"}],"wp:attachment":[{"href":"https:\/\/nature-et-developpement.com\/macabane-materiaux\/wp-json\/wp\/v2\/media?parent=2853"}],"wp:term":[{"taxonomy":"product_brand","embeddable":true,"href":"https:\/\/nature-et-developpement.com\/macabane-materiaux\/wp-json\/wp\/v2\/product_brand?post=2853"},{"taxonomy":"product_cat","embeddable":true,"href":"https:\/\/nature-et-developpement.com\/macabane-materiaux\/wp-json\/wp\/v2\/product_cat?post=2853"},{"taxonomy":"product_tag","embeddable":true,"href":"https:\/\/nature-et-developpement.com\/macabane-materiaux\/wp-json\/wp\/v2\/product_tag?post=2853"}],"curies":[{"name":"wp","href":"https:\/\/api.w.org\/{rel}","templated":true}]}}