{"id":3106,"date":"2023-06-08T15:33:21","date_gmt":"2023-06-08T13:33:21","guid":{"rendered":"https:\/\/nature-et-developpement.com\/macabane-materiaux\/produit\/enduit-intermediaire-argiles-daquitaine\/"},"modified":"2025-09-17T09:16:22","modified_gmt":"2025-09-17T07:16:22","slug":"enduit-intermediaire-argiles-daquitaine","status":"publish","type":"product","link":"https:\/\/nature-et-developpement.com\/macabane-materiaux\/produit\/enduit-intermediaire-argiles-daquitaine\/","title":{"rendered":"Enduit terre Interm\u00e9diaire Argiles d&rsquo;Aquitaine"},"content":{"rendered":"<div class=\"flex-1 overflow-hidden\">\n<div class=\"react-scroll-to-bottom--css-cfyrt-79elbk h-full dark:bg-gray-800\">\n<div class=\"react-scroll-to-bottom--css-cfyrt-1n7m0yu\">\n<div class=\"flex flex-col text-sm dark:bg-gray-800\">\n<div class=\"group w-full text-gray-800 dark:text-gray-100 border-b border-black\/10 dark:border-gray-900\/50 bg-gray-50 dark:bg-[#444654]\">\n<div class=\"flex p-4 gap-4 text-base md:gap-6 md:max-w-2xl lg:max-w-[38rem] xl:max-w-3xl md:py-6 lg:px-0 m-auto\">\n<div class=\"relative flex w-[calc(100%-50px)] flex-col gap-1 md:gap-3 lg:w-[calc(100%-115px)]\">\n<div class=\"flex flex-grow flex-col gap-3\">\n<div class=\"min-h-[20px] flex flex-col items-start gap-4 whitespace-pre-wrap break-words\">\n<div class=\"markdown prose w-full break-words dark:prose-invert light\">\n<h2>Enduit terre Interm\u00e9diaire Argiles d&rsquo;Aquitaine &#8211; Rattrapez les irr\u00e9gularit\u00e9s avec style<\/h2>\n<p>D\u00e9couvrez l&rsquo;enduit Interm\u00e9diaire Argiles d&rsquo;Aquitaine, un mortier d&rsquo;enduit \u00e9cologique qui vous offre une finition parfaite pour vos projets.<\/p>\n<p>Disponible en 2 couleurs de bases (Blanc, Jaune), cet enduit polyvalent est con\u00e7u pour rattraper les diff\u00e9rentes irr\u00e9gularit\u00e9s du corps d&rsquo;enduit et peut servir de finition.(risque de microfissures att\u00e9nuables \u00e0 l&rsquo;\u00e9ponge)<\/p>\n<p>Gr\u00e2ce \u00e0 sa granulom\u00e9trie de 0\/2 mm, cet enduit Interm\u00e9diaire peut \u00eatre utilis\u00e9 en enduit monocouche sur des supports appropri\u00e9s.<\/p>\n<p>Que ce soit pour des murs, des plafonds ou des surfaces courbes, cet enduit s&rsquo;adapte \u00e0 toutes les techniques de pose.<\/p>\n<p>Sa texture cr\u00e9meuse facilite son application et vous permet d&rsquo;obtenir une finition\u00a0pr\u00eate \u00e0 recevoir un enduit de finition , vous pouvez le laisser en apparent (attention risque de microfissures).<\/p>\n<p>En choisissant l&rsquo;enduit Interm\u00e9diaire Argiles d&rsquo;Aquitaine, vous optez pour une solution respectueuse de l&rsquo;environnement.<\/p>\n<p>Compos\u00e9 d&rsquo;ingr\u00e9dients naturels et \u00e9cologiques, cet enduit r\u00e9duit son impact sur la plan\u00e8te tout en offrant d&rsquo;excellentes performances.<\/p>\n<p>Vous pouvez l&rsquo;utiliser en toute confiance, sachant que vous contribuez \u00e0 pr\u00e9server notre \u00e9cosyst\u00e8me.<\/p>\n<p>Cet enduit Interm\u00e9diaire offre \u00e9galement une excellente adh\u00e9rence et une grande r\u00e9sistance aux variations climatiques.<\/p>\n<p>Une fois appliqu\u00e9, il permet de corriger les d\u00e9fauts et les imperfections de vos surfaces, offrant ainsi un support parfait et durable.<\/p>\n<p>Profitez de surfaces esth\u00e9tiques et durables, sans compromis sur la qualit\u00e9.<\/p>\n<p><strong>Ne laissez plus les irr\u00e9gularit\u00e9s vous frustrer.<\/strong><\/p>\n<p>Choisissez l&rsquo;enduit Interm\u00e9diaire Argiles d&rsquo;Aquitaine et transformez vos espaces avec une finition impeccable.<\/p>\n<p>Que ce soit pour vos projets de construction ou de r\u00e9novation, cet enduit vous garantit des r\u00e9sultats professionnels \u00e0 la hauteur de vos attentes.<\/p>\n<p>Transformez vos id\u00e9es en r\u00e9alit\u00e9 avec l&rsquo;enduit Interm\u00e9diaire Argiles d&rsquo;Aquitaine.<\/p>\n<p>Disponible en 2 couleurs naturelles, m\u00e9langeables en elles, cet enduit \u00e9cologique est votre alli\u00e9 pour une finition parfaite.<\/p>\n<p>Donnez vie d\u00e8s maintenant \u00e0 vos projets !<\/p>\n<h3>Conseils de mise en \u0153uvre :<\/h3>\n<ol>\n<li>Toujours appliquer sur une couche s\u00e8che.<br \/>\nHumidifier l\u00e9g\u00e8rement le support (enduit de base ou autres supports\u2026)<\/li>\n<li>Appliquer la mati\u00e8re sur le mur, en \u00e9paisseur plus ou moins r\u00e9guli\u00e8re, de 4 \u00e0 10 mm, \u00e0 la truelle, au platoir ou \u00e0 la machine \u00e0 enduire.<\/li>\n<li>Dresser les surfaces \u00e0 la r\u00e8gle, combler les manques. R\u00e9p\u00e9ter l\u2019op\u00e9ration jusqu\u2019\u00e0 l\u2019obtention du plan ou de la forme souhait\u00e9e.<\/li>\n<li>Talocher la surface afin d\u2019\u00e9craser les bosses, combler les manques et resserrer. (Comprimer la mati\u00e8re pour obtenir une surface ferme et r\u00e9guli\u00e8re.) Talocher permet aux parties fines et grasses de remonter en surface (laitance).<\/li>\n<li>Lisser au couteau \u00e0 enduire ou au platoir, refermer l\u2019\u00e9piderme \u00e0 l\u2019aide de la laitance jusqu\u2019\u00e0 obtention d\u2019une surface lisse, r\u00e9guli\u00e8re et sans trou.<\/li>\n<li>Passage \u00e0 l\u2019\u00e9ponge possible selon le r\u00e9sultat et l\u2019aspect souhait\u00e9. Cette action laisse appara\u00eetre les charges et les fibres de paille en surface. Si vous avez des microfissures il vous faudra repasser l\u2019\u00e9ponge.<\/li>\n<\/ol>\n<\/div>\n<\/div>\n<\/div>\n<\/div>\n<\/div>\n<\/div>\n<\/div>\n<\/div>\n<\/div>\n<\/div>\n","protected":false},"excerpt":{"rendered":"<p>D\u00e9couvrez l&rsquo;enduit terre Interm\u00e9diaire Argiles d&rsquo;Aquitaine, un mortier \u00e9cologique polyvalent disponible en 2 couleurs.<br \/>\nRattrapez les irr\u00e9gularit\u00e9s et obtenez une surface impeccable.<br \/>\nTransformez votre int\u00e9rieur avec style et respect de l&rsquo;environnement.<\/p>\n","protected":false},"featured_media":1000000171385,"template":"","meta":[],"product_brand":[124],"product_cat":[73,89,82],"product_tag":[2724],"class_list":{"0":"post-3106","1":"product","2":"type-product","3":"status-publish","4":"has-post-thumbnail","6":"product_brand-argiles-daquitaine","7":"product_cat-demande-de-devis-uniquement-sans-prix","8":"product_cat-enduits-naturels","9":"product_cat-maconnerie","10":"product_tag-enduits","12":"first","13":"instock","14":"taxable","15":"shipping-taxable","16":"purchasable","17":"product-type-variable"},"yoast_head":"<!-- This site is optimized with the Yoast SEO plugin v27.5 - https:\/\/yoast.com\/product\/yoast-seo-wordpress\/ -->\n<title>Enduit terre Interm\u00e9diaire Argiles d&#039;Aquitaine - Ma Cabane mat\u00e9riaux naturels<\/title>\n<meta name=\"description\" content=\"D\u00e9couvrez l&#039;enduit terre Interm\u00e9diaire Argiles d&#039;Aquitaine, mortier \u00e9cologique . Rattrapez les irr\u00e9gularit\u00e9s avec facilit\u00e9 et cr\u00e9ez une finition parfaite.\" \/>\n<meta name=\"robots\" content=\"noindex, nofollow\" \/>\n<meta property=\"og:locale\" content=\"fr_FR\" \/>\n<meta property=\"og:type\" content=\"article\" \/>\n<meta property=\"og:title\" content=\"Enduit terre Interm\u00e9diaire Argiles d&#039;Aquitaine - Ma Cabane mat\u00e9riaux naturels\" \/>\n<meta property=\"og:description\" content=\"D\u00e9couvrez l&#039;enduit terre Interm\u00e9diaire Argiles d&#039;Aquitaine, mortier \u00e9cologique . Rattrapez les irr\u00e9gularit\u00e9s avec facilit\u00e9 et cr\u00e9ez une finition parfaite.\" \/>\n<meta property=\"og:url\" content=\"https:\/\/nature-et-developpement.com\/macabane-materiaux\/produit\/enduit-intermediaire-argiles-daquitaine\/\" \/>\n<meta property=\"og:site_name\" content=\"Ma Cabane mat\u00e9riaux naturels\" \/>\n<meta property=\"article:modified_time\" content=\"2025-09-17T07:16:22+00:00\" \/>\n<meta name=\"twitter:card\" content=\"summary_large_image\" \/>\n<meta name=\"twitter:label1\" content=\"Dur\u00e9e de lecture estim\u00e9e\" \/>\n\t<meta name=\"twitter:data1\" content=\"3 minutes\" \/>\n<script type=\"application\/ld+json\" class=\"yoast-schema-graph\">{\"@context\":\"https:\\\/\\\/schema.org\",\"@graph\":[{\"@type\":\"WebPage\",\"@id\":\"https:\\\/\\\/nature-et-developpement.com\\\/macabane-materiaux\\\/produit\\\/enduit-intermediaire-argiles-daquitaine\\\/\",\"url\":\"https:\\\/\\\/nature-et-developpement.com\\\/macabane-materiaux\\\/produit\\\/enduit-intermediaire-argiles-daquitaine\\\/\",\"name\":\"Enduit terre Interm\u00e9diaire Argiles d'Aquitaine - Ma Cabane mat\u00e9riaux naturels\",\"isPartOf\":{\"@id\":\"https:\\\/\\\/nature-et-developpement.com\\\/macabane-materiaux\\\/#website\"},\"primaryImageOfPage\":{\"@id\":\"https:\\\/\\\/nature-et-developpement.com\\\/macabane-materiaux\\\/produit\\\/enduit-intermediaire-argiles-daquitaine\\\/#primaryimage\"},\"image\":{\"@id\":\"https:\\\/\\\/nature-et-developpement.com\\\/macabane-materiaux\\\/produit\\\/enduit-intermediaire-argiles-daquitaine\\\/#primaryimage\"},\"thumbnailUrl\":\"https:\\\/\\\/nature-et-developpement.com\\\/macabane-materiaux\\\/wp-content\\\/uploads\\\/Enduit-Intermediaire-Argiles-dAquitaine.jpg\",\"datePublished\":\"2023-06-08T13:33:21+00:00\",\"dateModified\":\"2025-09-17T07:16:22+00:00\",\"description\":\"D\u00e9couvrez l'enduit terre Interm\u00e9diaire Argiles d'Aquitaine, mortier \u00e9cologique . Rattrapez les irr\u00e9gularit\u00e9s avec facilit\u00e9 et cr\u00e9ez une finition parfaite.\",\"breadcrumb\":{\"@id\":\"https:\\\/\\\/nature-et-developpement.com\\\/macabane-materiaux\\\/produit\\\/enduit-intermediaire-argiles-daquitaine\\\/#breadcrumb\"},\"inLanguage\":\"fr-FR\",\"potentialAction\":[{\"@type\":\"ReadAction\",\"target\":[\"https:\\\/\\\/nature-et-developpement.com\\\/macabane-materiaux\\\/produit\\\/enduit-intermediaire-argiles-daquitaine\\\/\"]}]},{\"@type\":\"ImageObject\",\"inLanguage\":\"fr-FR\",\"@id\":\"https:\\\/\\\/nature-et-developpement.com\\\/macabane-materiaux\\\/produit\\\/enduit-intermediaire-argiles-daquitaine\\\/#primaryimage\",\"url\":\"https:\\\/\\\/nature-et-developpement.com\\\/macabane-materiaux\\\/wp-content\\\/uploads\\\/Enduit-Intermediaire-Argiles-dAquitaine.jpg\",\"contentUrl\":\"https:\\\/\\\/nature-et-developpement.com\\\/macabane-materiaux\\\/wp-content\\\/uploads\\\/Enduit-Intermediaire-Argiles-dAquitaine.jpg\"},{\"@type\":\"BreadcrumbList\",\"@id\":\"https:\\\/\\\/nature-et-developpement.com\\\/macabane-materiaux\\\/produit\\\/enduit-intermediaire-argiles-daquitaine\\\/#breadcrumb\",\"itemListElement\":[{\"@type\":\"ListItem\",\"position\":1,\"name\":\"Accueil\",\"item\":\"https:\\\/\\\/nature-et-developpement.com\\\/macabane-materiaux\\\/\"},{\"@type\":\"ListItem\",\"position\":2,\"name\":\"Boutique\",\"item\":\"https:\\\/\\\/nature-et-developpement.com\\\/macabane-materiaux\\\/boutique\\\/\"},{\"@type\":\"ListItem\",\"position\":3,\"name\":\"Peinture, pigment et enduit\",\"item\":\"https:\\\/\\\/nature-et-developpement.com\\\/macabane-materiaux\\\/produits\\\/peinture-et-enduit\\\/\"},{\"@type\":\"ListItem\",\"position\":4,\"name\":\"Enduits naturels\",\"item\":\"https:\\\/\\\/nature-et-developpement.com\\\/macabane-materiaux\\\/produits\\\/peinture-et-enduit\\\/enduits-naturels\\\/\"},{\"@type\":\"ListItem\",\"position\":5,\"name\":\"Enduit terre Interm\u00e9diaire Argiles d&rsquo;Aquitaine\"}]},{\"@type\":\"WebSite\",\"@id\":\"https:\\\/\\\/nature-et-developpement.com\\\/macabane-materiaux\\\/#website\",\"url\":\"https:\\\/\\\/nature-et-developpement.com\\\/macabane-materiaux\\\/\",\"name\":\"Ma Cabane mat\u00e9riaux naturels\",\"description\":\"Ma Cabane est membre du groupement Nature &amp; D\u00e9veloppement\",\"potentialAction\":[{\"@type\":\"SearchAction\",\"target\":{\"@type\":\"EntryPoint\",\"urlTemplate\":\"https:\\\/\\\/nature-et-developpement.com\\\/macabane-materiaux\\\/?s={search_term_string}\"},\"query-input\":{\"@type\":\"PropertyValueSpecification\",\"valueRequired\":true,\"valueName\":\"search_term_string\"}}],\"inLanguage\":\"fr-FR\"}]}<\/script>\n<!-- \/ Yoast SEO plugin. -->","yoast_head_json":{"title":"Enduit terre Interm\u00e9diaire Argiles d'Aquitaine - Ma Cabane mat\u00e9riaux naturels","description":"D\u00e9couvrez l'enduit terre Interm\u00e9diaire Argiles d'Aquitaine, mortier \u00e9cologique . Rattrapez les irr\u00e9gularit\u00e9s avec facilit\u00e9 et cr\u00e9ez une finition parfaite.","robots":{"index":"noindex","follow":"nofollow"},"og_locale":"fr_FR","og_type":"article","og_title":"Enduit terre Interm\u00e9diaire Argiles d'Aquitaine - Ma Cabane mat\u00e9riaux naturels","og_description":"D\u00e9couvrez l'enduit terre Interm\u00e9diaire Argiles d'Aquitaine, mortier \u00e9cologique . Rattrapez les irr\u00e9gularit\u00e9s avec facilit\u00e9 et cr\u00e9ez une finition parfaite.","og_url":"https:\/\/nature-et-developpement.com\/macabane-materiaux\/produit\/enduit-intermediaire-argiles-daquitaine\/","og_site_name":"Ma Cabane mat\u00e9riaux naturels","article_modified_time":"2025-09-17T07:16:22+00:00","twitter_card":"summary_large_image","twitter_misc":{"Dur\u00e9e de lecture estim\u00e9e":"3 minutes"},"schema":{"@context":"https:\/\/schema.org","@graph":[{"@type":"WebPage","@id":"https:\/\/nature-et-developpement.com\/macabane-materiaux\/produit\/enduit-intermediaire-argiles-daquitaine\/","url":"https:\/\/nature-et-developpement.com\/macabane-materiaux\/produit\/enduit-intermediaire-argiles-daquitaine\/","name":"Enduit terre Interm\u00e9diaire Argiles d'Aquitaine - Ma Cabane mat\u00e9riaux naturels","isPartOf":{"@id":"https:\/\/nature-et-developpement.com\/macabane-materiaux\/#website"},"primaryImageOfPage":{"@id":"https:\/\/nature-et-developpement.com\/macabane-materiaux\/produit\/enduit-intermediaire-argiles-daquitaine\/#primaryimage"},"image":{"@id":"https:\/\/nature-et-developpement.com\/macabane-materiaux\/produit\/enduit-intermediaire-argiles-daquitaine\/#primaryimage"},"thumbnailUrl":"https:\/\/nature-et-developpement.com\/macabane-materiaux\/wp-content\/uploads\/Enduit-Intermediaire-Argiles-dAquitaine.jpg","datePublished":"2023-06-08T13:33:21+00:00","dateModified":"2025-09-17T07:16:22+00:00","description":"D\u00e9couvrez l'enduit terre Interm\u00e9diaire Argiles d'Aquitaine, mortier \u00e9cologique . Rattrapez les irr\u00e9gularit\u00e9s avec facilit\u00e9 et cr\u00e9ez une finition parfaite.","breadcrumb":{"@id":"https:\/\/nature-et-developpement.com\/macabane-materiaux\/produit\/enduit-intermediaire-argiles-daquitaine\/#breadcrumb"},"inLanguage":"fr-FR","potentialAction":[{"@type":"ReadAction","target":["https:\/\/nature-et-developpement.com\/macabane-materiaux\/produit\/enduit-intermediaire-argiles-daquitaine\/"]}]},{"@type":"ImageObject","inLanguage":"fr-FR","@id":"https:\/\/nature-et-developpement.com\/macabane-materiaux\/produit\/enduit-intermediaire-argiles-daquitaine\/#primaryimage","url":"https:\/\/nature-et-developpement.com\/macabane-materiaux\/wp-content\/uploads\/Enduit-Intermediaire-Argiles-dAquitaine.jpg","contentUrl":"https:\/\/nature-et-developpement.com\/macabane-materiaux\/wp-content\/uploads\/Enduit-Intermediaire-Argiles-dAquitaine.jpg"},{"@type":"BreadcrumbList","@id":"https:\/\/nature-et-developpement.com\/macabane-materiaux\/produit\/enduit-intermediaire-argiles-daquitaine\/#breadcrumb","itemListElement":[{"@type":"ListItem","position":1,"name":"Accueil","item":"https:\/\/nature-et-developpement.com\/macabane-materiaux\/"},{"@type":"ListItem","position":2,"name":"Boutique","item":"https:\/\/nature-et-developpement.com\/macabane-materiaux\/boutique\/"},{"@type":"ListItem","position":3,"name":"Peinture, pigment et enduit","item":"https:\/\/nature-et-developpement.com\/macabane-materiaux\/produits\/peinture-et-enduit\/"},{"@type":"ListItem","position":4,"name":"Enduits naturels","item":"https:\/\/nature-et-developpement.com\/macabane-materiaux\/produits\/peinture-et-enduit\/enduits-naturels\/"},{"@type":"ListItem","position":5,"name":"Enduit terre Interm\u00e9diaire Argiles d&rsquo;Aquitaine"}]},{"@type":"WebSite","@id":"https:\/\/nature-et-developpement.com\/macabane-materiaux\/#website","url":"https:\/\/nature-et-developpement.com\/macabane-materiaux\/","name":"Ma Cabane mat\u00e9riaux naturels","description":"Ma Cabane est membre du groupement Nature &amp; D\u00e9veloppement","potentialAction":[{"@type":"SearchAction","target":{"@type":"EntryPoint","urlTemplate":"https:\/\/nature-et-developpement.com\/macabane-materiaux\/?s={search_term_string}"},"query-input":{"@type":"PropertyValueSpecification","valueRequired":true,"valueName":"search_term_string"}}],"inLanguage":"fr-FR"}]}},"distributor_meta":false,"distributor_terms":false,"distributor_media":false,"distributor_original_site_name":"Ma Cabane mat\u00e9riaux naturels","distributor_original_site_url":"https:\/\/nature-et-developpement.com\/macabane-materiaux","push-errors":false,"_links":{"self":[{"href":"https:\/\/nature-et-developpement.com\/macabane-materiaux\/wp-json\/wp\/v2\/product\/3106","targetHints":{"allow":["GET"]}}],"collection":[{"href":"https:\/\/nature-et-developpement.com\/macabane-materiaux\/wp-json\/wp\/v2\/product"}],"about":[{"href":"https:\/\/nature-et-developpement.com\/macabane-materiaux\/wp-json\/wp\/v2\/types\/product"}],"wp:featuredmedia":[{"embeddable":true,"href":"https:\/\/nature-et-developpement.com\/macabane-materiaux\/wp-json\/"}],"wp:attachment":[{"href":"https:\/\/nature-et-developpement.com\/macabane-materiaux\/wp-json\/wp\/v2\/media?parent=3106"}],"wp:term":[{"taxonomy":"product_brand","embeddable":true,"href":"https:\/\/nature-et-developpement.com\/macabane-materiaux\/wp-json\/wp\/v2\/product_brand?post=3106"},{"taxonomy":"product_cat","embeddable":true,"href":"https:\/\/nature-et-developpement.com\/macabane-materiaux\/wp-json\/wp\/v2\/product_cat?post=3106"},{"taxonomy":"product_tag","embeddable":true,"href":"https:\/\/nature-et-developpement.com\/macabane-materiaux\/wp-json\/wp\/v2\/product_tag?post=3106"}],"curies":[{"name":"wp","href":"https:\/\/api.w.org\/{rel}","templated":true}]}}