{"id":3235,"date":"2025-01-24T17:23:48","date_gmt":"2025-01-24T16:23:48","guid":{"rendered":"https:\/\/nature-et-developpement.com\/macabane-materiaux\/produit\/sol-en-bois-pose-a-batons-rompus-lindura-hs-500-de-meister\/"},"modified":"2026-01-24T12:28:34","modified_gmt":"2026-01-24T11:28:34","slug":"sol-en-bois-pose-a-batons-rompus-lindura-hs-500-de-meister","status":"publish","type":"product","link":"https:\/\/nature-et-developpement.com\/macabane-materiaux\/produit\/sol-en-bois-pose-a-batons-rompus-lindura-hs-500-de-meister\/","title":{"rendered":"Sol en bois pose \u00e0 b\u00e2tons rompus vernis ultra mat Lindura HS 500 Meister"},"content":{"rendered":"<h2>Sol bois durable, robuste et adapt\u00e9 \u00e0 un usage au quotidien<\/h2>\n<h3>Le sol en bois particuli\u00e8rement r\u00e9sistant<\/h3>\n<p>Le sol Lindura est un sol en bois particuli\u00e8rement solide.<\/p>\n<p>Il doit cette r\u00e9sistance \u00e0 un structure sp\u00e9ciale.<\/p>\n<p>Une couche d&rsquo;usure en bois v\u00e9ritable est press\u00e9e gr\u00e2ce au proc\u00e9d\u00e9 innovant \u00ab Wood Powder \u00bb.<\/p>\n<p>Ce m\u00e9lange de fibres de bois et de composants min\u00e9raux offre une solidit\u00e9 \u00e0 toute \u00e9preuve \u00e0 la surface du sol Lindura.<\/p>\n<p>Les lames vernis ultra mat Lindura ont une r\u00e9sistance \u00e0 l&rsquo;eau de 24h.<\/p>\n<p>Le proc\u00e9d\u00e9 de fabrication unique permet de mettre les n\u0153uds, fissures et pores du bois parfaitement en valeur.<\/p>\n<p>Ceux qui pr\u00e9f\u00e8rent un style moins rustique choisiront une surface vernie mate : pour une image d&rsquo;ensemble nette et harmonieuse !<\/p>\n<h4>Format lames pour pose \u00e0 b\u00e2tons rompus<\/h4>\n<p>Le sol Lindura est du plus bel effet dans les pi\u00e8ces spacieuses.<\/p>\n<p>Il est possible de combiner avec ces autres formats !<\/p>\n<p>La juxtaposition du format \u00e0 b\u00e2tons rompus et de la lame style ch\u00e2teau cr\u00e9e une image fascinante.<\/p>\n<h4>Robuste et r\u00e9sistant<\/h4>\n<p>Lindura adore les d\u00e9fis et ne se laisse notamment pas impressionner par les talons hauts.<\/p>\n<p>Meister a \u00e9galement effectu\u00e9 le test suivant dans leur laboratoire : Une bille m\u00e9tallique \u00e0 une pression de 4 000 newtons laisse une empreinte bien visible sur les parquets conventionnels.<\/p>\n<p>Sur le sol en bois Lindura, les traces sont \u00e0 peine perceptibles.<\/p>\n<h4>Structure intelligente<\/h4>\n<div class=\"neos-nodetypes-text text\">\n<div>\n<p>L&rsquo;\u00e2me centrale stable en HDF est \u00e9galement utilis\u00e9e sur le sol en bois Lindura.<\/p>\n<p>Celle-ci est press\u00e9e sous l&rsquo;action de la pression et de la chaleur avec une couche d&rsquo;usure en bois v\u00e9ritable, une couche en Wood Powder et un contre-parement en bois v\u00e9ritable et en Wood-Powder.<\/p>\n<p>Cela permet d&rsquo;obtenir ainsi un sol robuste, r\u00e9sistant, facile d\u2019entretien et particuli\u00e8rement esth\u00e9tique, un v\u00e9ritable sol high-tech.<\/p>\n<h4><strong> Un sol en bois tout simplement.<\/strong><\/h4>\n<\/div>\n<\/div>\n<p>&#8211; 1 frise (pour pose \u00e0 b\u00e2tons rompus)<br \/>\n&#8211; Surface avec vernis ultra-mat<br \/>\n&#8211; Micro-chanfrein p\u00e9riph\u00e9rique<br \/>\n&#8211; Syst\u00e8me d\u2019assemblage : UniZip<br \/>\n&#8211; Garantie MEISTER*<br \/>\n25 ans en usage domestique,<br \/>\n5 ans en usage commercial<br \/>\n&#8211; \u00c9paisseur : 11 mm<br \/>\n&#8211; Dimensions utiles : 700 x 140 mm<\/p>\n","protected":false},"excerpt":{"rendered":"<p>Les nouveaux sols en bois Lindura HS 500, en pose \u00e0 b\u00e2ton rompus, sont \u00e9l\u00e9gant et tendance et mettent en valeur toutes les pi\u00e8ces m\u00eame les plus g\u00e9n\u00e9reuses .<br \/>\nCette nouvelle conception de sols en bois facile d&rsquo;entretien, extr\u00eamement robuste et r\u00e9sistante aux chocs.<\/p>\n<p>Ce sol en bois Lindura vous est propos\u00e9 en 8 finitions vernis ultra mat, avec une r\u00e9sistance \u00e0 l&rsquo;eau de 24H.<\/p>\n<p><a class=\"btn btn-default\" style=\"font-style: normal;font-family: Poppins, sans-serif\" href=\"https:\/\/meister.esignserver3.com\/gallery.do\" target=\"_blank\" rel=\"noopener\">AVEC UNE PHOTO DE CHEZ VOUS, TESTEZ-LE DANS VOTRE INT\u00c9RIEUR<\/a><\/p>\n","protected":false},"featured_media":1000000169515,"template":"","meta":[],"product_brand":[166],"product_cat":[98],"product_tag":[2334],"class_list":{"0":"post-3235","1":"product","2":"type-product","3":"status-publish","4":"has-post-thumbnail","6":"product_brand-meister","7":"product_cat-parquets-bois","8":"product_tag-parquet","9":"product_shipping_class-transport-parquet-lambris-meister-amorim","11":"first","12":"instock","13":"taxable","14":"shipping-taxable","15":"purchasable","16":"product-type-variable"},"yoast_head":"<!-- This site is optimized with the Yoast SEO plugin v27.5 - https:\/\/yoast.com\/product\/yoast-seo-wordpress\/ -->\n<title>Sol en bois b\u00e2tons rompus vernis ultra mat Lindura HS500 Meister<\/title>\n<meta name=\"description\" content=\"Nouveaux sols en bois Lindura HS 500, facile d&#039;entretien, extr\u00eamement robuste et r\u00e9sistante aux chocs. avec une r\u00e9sistance \u00e0 l&#039;eau de 24H.\" \/>\n<meta name=\"robots\" content=\"noindex, nofollow\" \/>\n<meta property=\"og:locale\" content=\"fr_FR\" \/>\n<meta property=\"og:type\" content=\"article\" \/>\n<meta property=\"og:title\" content=\"Sol en bois b\u00e2tons rompus vernis ultra mat Lindura HS500 Meister\" \/>\n<meta property=\"og:description\" content=\"Nouveaux sols en bois Lindura HS 500, facile d&#039;entretien, extr\u00eamement robuste et r\u00e9sistante aux chocs. avec une r\u00e9sistance \u00e0 l&#039;eau de 24H.\" \/>\n<meta property=\"og:url\" content=\"https:\/\/nature-et-developpement.com\/macabane-materiaux\/produit\/sol-en-bois-pose-a-batons-rompus-lindura-hs-500-de-meister\/\" \/>\n<meta property=\"og:site_name\" content=\"Ma Cabane mat\u00e9riaux naturels\" \/>\n<meta property=\"article:modified_time\" content=\"2026-01-24T11:28:34+00:00\" \/>\n<meta name=\"twitter:card\" content=\"summary_large_image\" \/>\n<meta name=\"twitter:label1\" content=\"Dur\u00e9e de lecture estim\u00e9e\" \/>\n\t<meta name=\"twitter:data1\" content=\"2 minutes\" \/>\n<script type=\"application\/ld+json\" class=\"yoast-schema-graph\">{\"@context\":\"https:\\\/\\\/schema.org\",\"@graph\":[{\"@type\":\"WebPage\",\"@id\":\"https:\\\/\\\/nature-et-developpement.com\\\/macabane-materiaux\\\/produit\\\/sol-en-bois-pose-a-batons-rompus-lindura-hs-500-de-meister\\\/\",\"url\":\"https:\\\/\\\/nature-et-developpement.com\\\/macabane-materiaux\\\/produit\\\/sol-en-bois-pose-a-batons-rompus-lindura-hs-500-de-meister\\\/\",\"name\":\"Sol en bois b\u00e2tons rompus vernis ultra mat Lindura HS500 Meister\",\"isPartOf\":{\"@id\":\"https:\\\/\\\/nature-et-developpement.com\\\/macabane-materiaux\\\/#website\"},\"primaryImageOfPage\":{\"@id\":\"https:\\\/\\\/nature-et-developpement.com\\\/macabane-materiaux\\\/produit\\\/sol-en-bois-pose-a-batons-rompus-lindura-hs-500-de-meister\\\/#primaryimage\"},\"image\":{\"@id\":\"https:\\\/\\\/nature-et-developpement.com\\\/macabane-materiaux\\\/produit\\\/sol-en-bois-pose-a-batons-rompus-lindura-hs-500-de-meister\\\/#primaryimage\"},\"thumbnailUrl\":\"https:\\\/\\\/nature-et-developpement.com\\\/macabane-materiaux\\\/wp-content\\\/uploads\\\/Sol-en-bois-pose-a-batons-rompus-couleur-8926-HS500-vernis-ultra-mat-ambiance.jpg\",\"datePublished\":\"2025-01-24T16:23:48+00:00\",\"dateModified\":\"2026-01-24T11:28:34+00:00\",\"description\":\"Nouveaux sols en bois Lindura HS 500, facile d'entretien, extr\u00eamement robuste et r\u00e9sistante aux chocs. avec une r\u00e9sistance \u00e0 l'eau de 24H.\",\"breadcrumb\":{\"@id\":\"https:\\\/\\\/nature-et-developpement.com\\\/macabane-materiaux\\\/produit\\\/sol-en-bois-pose-a-batons-rompus-lindura-hs-500-de-meister\\\/#breadcrumb\"},\"inLanguage\":\"fr-FR\",\"potentialAction\":[{\"@type\":\"ReadAction\",\"target\":[\"https:\\\/\\\/nature-et-developpement.com\\\/macabane-materiaux\\\/produit\\\/sol-en-bois-pose-a-batons-rompus-lindura-hs-500-de-meister\\\/\"]}]},{\"@type\":\"ImageObject\",\"inLanguage\":\"fr-FR\",\"@id\":\"https:\\\/\\\/nature-et-developpement.com\\\/macabane-materiaux\\\/produit\\\/sol-en-bois-pose-a-batons-rompus-lindura-hs-500-de-meister\\\/#primaryimage\",\"url\":\"https:\\\/\\\/nature-et-developpement.com\\\/macabane-materiaux\\\/wp-content\\\/uploads\\\/Sol-en-bois-pose-a-batons-rompus-couleur-8926-HS500-vernis-ultra-mat-ambiance.jpg\",\"contentUrl\":\"https:\\\/\\\/nature-et-developpement.com\\\/macabane-materiaux\\\/wp-content\\\/uploads\\\/Sol-en-bois-pose-a-batons-rompus-couleur-8926-HS500-vernis-ultra-mat-ambiance.jpg\"},{\"@type\":\"BreadcrumbList\",\"@id\":\"https:\\\/\\\/nature-et-developpement.com\\\/macabane-materiaux\\\/produit\\\/sol-en-bois-pose-a-batons-rompus-lindura-hs-500-de-meister\\\/#breadcrumb\",\"itemListElement\":[{\"@type\":\"ListItem\",\"position\":1,\"name\":\"Accueil\",\"item\":\"https:\\\/\\\/nature-et-developpement.com\\\/macabane-materiaux\\\/\"},{\"@type\":\"ListItem\",\"position\":2,\"name\":\"Boutique\",\"item\":\"https:\\\/\\\/nature-et-developpement.com\\\/macabane-materiaux\\\/boutique\\\/\"},{\"@type\":\"ListItem\",\"position\":3,\"name\":\"Parquets bois, stratifi\u00e9s et li\u00e8ge\",\"item\":\"https:\\\/\\\/nature-et-developpement.com\\\/macabane-materiaux\\\/produits\\\/parquet-et-sol-naturels\\\/\"},{\"@type\":\"ListItem\",\"position\":4,\"name\":\"Parquets bois\",\"item\":\"https:\\\/\\\/nature-et-developpement.com\\\/macabane-materiaux\\\/produits\\\/parquet-et-sol-naturels\\\/parquets-bois\\\/\"},{\"@type\":\"ListItem\",\"position\":5,\"name\":\"Sol en bois pose \u00e0 b\u00e2tons rompus vernis ultra mat Lindura HS 500 Meister\"}]},{\"@type\":\"WebSite\",\"@id\":\"https:\\\/\\\/nature-et-developpement.com\\\/macabane-materiaux\\\/#website\",\"url\":\"https:\\\/\\\/nature-et-developpement.com\\\/macabane-materiaux\\\/\",\"name\":\"Ma Cabane mat\u00e9riaux naturels\",\"description\":\"Ma Cabane est membre du groupement Nature &amp; D\u00e9veloppement\",\"potentialAction\":[{\"@type\":\"SearchAction\",\"target\":{\"@type\":\"EntryPoint\",\"urlTemplate\":\"https:\\\/\\\/nature-et-developpement.com\\\/macabane-materiaux\\\/?s={search_term_string}\"},\"query-input\":{\"@type\":\"PropertyValueSpecification\",\"valueRequired\":true,\"valueName\":\"search_term_string\"}}],\"inLanguage\":\"fr-FR\"}]}<\/script>\n<!-- \/ Yoast SEO plugin. -->","yoast_head_json":{"title":"Sol en bois b\u00e2tons rompus vernis ultra mat Lindura HS500 Meister","description":"Nouveaux sols en bois Lindura HS 500, facile d'entretien, extr\u00eamement robuste et r\u00e9sistante aux chocs. avec une r\u00e9sistance \u00e0 l'eau de 24H.","robots":{"index":"noindex","follow":"nofollow"},"og_locale":"fr_FR","og_type":"article","og_title":"Sol en bois b\u00e2tons rompus vernis ultra mat Lindura HS500 Meister","og_description":"Nouveaux sols en bois Lindura HS 500, facile d'entretien, extr\u00eamement robuste et r\u00e9sistante aux chocs. avec une r\u00e9sistance \u00e0 l'eau de 24H.","og_url":"https:\/\/nature-et-developpement.com\/macabane-materiaux\/produit\/sol-en-bois-pose-a-batons-rompus-lindura-hs-500-de-meister\/","og_site_name":"Ma Cabane mat\u00e9riaux naturels","article_modified_time":"2026-01-24T11:28:34+00:00","twitter_card":"summary_large_image","twitter_misc":{"Dur\u00e9e de lecture estim\u00e9e":"2 minutes"},"schema":{"@context":"https:\/\/schema.org","@graph":[{"@type":"WebPage","@id":"https:\/\/nature-et-developpement.com\/macabane-materiaux\/produit\/sol-en-bois-pose-a-batons-rompus-lindura-hs-500-de-meister\/","url":"https:\/\/nature-et-developpement.com\/macabane-materiaux\/produit\/sol-en-bois-pose-a-batons-rompus-lindura-hs-500-de-meister\/","name":"Sol en bois b\u00e2tons rompus vernis ultra mat Lindura HS500 Meister","isPartOf":{"@id":"https:\/\/nature-et-developpement.com\/macabane-materiaux\/#website"},"primaryImageOfPage":{"@id":"https:\/\/nature-et-developpement.com\/macabane-materiaux\/produit\/sol-en-bois-pose-a-batons-rompus-lindura-hs-500-de-meister\/#primaryimage"},"image":{"@id":"https:\/\/nature-et-developpement.com\/macabane-materiaux\/produit\/sol-en-bois-pose-a-batons-rompus-lindura-hs-500-de-meister\/#primaryimage"},"thumbnailUrl":"https:\/\/nature-et-developpement.com\/macabane-materiaux\/wp-content\/uploads\/Sol-en-bois-pose-a-batons-rompus-couleur-8926-HS500-vernis-ultra-mat-ambiance.jpg","datePublished":"2025-01-24T16:23:48+00:00","dateModified":"2026-01-24T11:28:34+00:00","description":"Nouveaux sols en bois Lindura HS 500, facile d'entretien, extr\u00eamement robuste et r\u00e9sistante aux chocs. avec une r\u00e9sistance \u00e0 l'eau de 24H.","breadcrumb":{"@id":"https:\/\/nature-et-developpement.com\/macabane-materiaux\/produit\/sol-en-bois-pose-a-batons-rompus-lindura-hs-500-de-meister\/#breadcrumb"},"inLanguage":"fr-FR","potentialAction":[{"@type":"ReadAction","target":["https:\/\/nature-et-developpement.com\/macabane-materiaux\/produit\/sol-en-bois-pose-a-batons-rompus-lindura-hs-500-de-meister\/"]}]},{"@type":"ImageObject","inLanguage":"fr-FR","@id":"https:\/\/nature-et-developpement.com\/macabane-materiaux\/produit\/sol-en-bois-pose-a-batons-rompus-lindura-hs-500-de-meister\/#primaryimage","url":"https:\/\/nature-et-developpement.com\/macabane-materiaux\/wp-content\/uploads\/Sol-en-bois-pose-a-batons-rompus-couleur-8926-HS500-vernis-ultra-mat-ambiance.jpg","contentUrl":"https:\/\/nature-et-developpement.com\/macabane-materiaux\/wp-content\/uploads\/Sol-en-bois-pose-a-batons-rompus-couleur-8926-HS500-vernis-ultra-mat-ambiance.jpg"},{"@type":"BreadcrumbList","@id":"https:\/\/nature-et-developpement.com\/macabane-materiaux\/produit\/sol-en-bois-pose-a-batons-rompus-lindura-hs-500-de-meister\/#breadcrumb","itemListElement":[{"@type":"ListItem","position":1,"name":"Accueil","item":"https:\/\/nature-et-developpement.com\/macabane-materiaux\/"},{"@type":"ListItem","position":2,"name":"Boutique","item":"https:\/\/nature-et-developpement.com\/macabane-materiaux\/boutique\/"},{"@type":"ListItem","position":3,"name":"Parquets bois, stratifi\u00e9s et li\u00e8ge","item":"https:\/\/nature-et-developpement.com\/macabane-materiaux\/produits\/parquet-et-sol-naturels\/"},{"@type":"ListItem","position":4,"name":"Parquets bois","item":"https:\/\/nature-et-developpement.com\/macabane-materiaux\/produits\/parquet-et-sol-naturels\/parquets-bois\/"},{"@type":"ListItem","position":5,"name":"Sol en bois pose \u00e0 b\u00e2tons rompus vernis ultra mat Lindura HS 500 Meister"}]},{"@type":"WebSite","@id":"https:\/\/nature-et-developpement.com\/macabane-materiaux\/#website","url":"https:\/\/nature-et-developpement.com\/macabane-materiaux\/","name":"Ma Cabane mat\u00e9riaux naturels","description":"Ma Cabane est membre du groupement Nature &amp; D\u00e9veloppement","potentialAction":[{"@type":"SearchAction","target":{"@type":"EntryPoint","urlTemplate":"https:\/\/nature-et-developpement.com\/macabane-materiaux\/?s={search_term_string}"},"query-input":{"@type":"PropertyValueSpecification","valueRequired":true,"valueName":"search_term_string"}}],"inLanguage":"fr-FR"}]}},"distributor_meta":false,"distributor_terms":false,"distributor_media":false,"distributor_original_site_name":"Ma Cabane mat\u00e9riaux naturels","distributor_original_site_url":"https:\/\/nature-et-developpement.com\/macabane-materiaux","push-errors":false,"_links":{"self":[{"href":"https:\/\/nature-et-developpement.com\/macabane-materiaux\/wp-json\/wp\/v2\/product\/3235","targetHints":{"allow":["GET"]}}],"collection":[{"href":"https:\/\/nature-et-developpement.com\/macabane-materiaux\/wp-json\/wp\/v2\/product"}],"about":[{"href":"https:\/\/nature-et-developpement.com\/macabane-materiaux\/wp-json\/wp\/v2\/types\/product"}],"wp:featuredmedia":[{"embeddable":true,"href":"https:\/\/nature-et-developpement.com\/macabane-materiaux\/wp-json\/"}],"wp:attachment":[{"href":"https:\/\/nature-et-developpement.com\/macabane-materiaux\/wp-json\/wp\/v2\/media?parent=3235"}],"wp:term":[{"taxonomy":"product_brand","embeddable":true,"href":"https:\/\/nature-et-developpement.com\/macabane-materiaux\/wp-json\/wp\/v2\/product_brand?post=3235"},{"taxonomy":"product_cat","embeddable":true,"href":"https:\/\/nature-et-developpement.com\/macabane-materiaux\/wp-json\/wp\/v2\/product_cat?post=3235"},{"taxonomy":"product_tag","embeddable":true,"href":"https:\/\/nature-et-developpement.com\/macabane-materiaux\/wp-json\/wp\/v2\/product_tag?post=3235"}],"curies":[{"name":"wp","href":"https:\/\/api.w.org\/{rel}","templated":true}]}}