{"id":3372,"date":"2025-01-13T15:34:03","date_gmt":"2025-01-13T14:34:03","guid":{"rendered":"https:\/\/nature-et-developpement.com\/macabane-materiaux\/produit\/parquet-bois-vernis-ultra-mat-longlife-pd-400-de-meister\/"},"modified":"2025-12-10T14:06:28","modified_gmt":"2025-12-10T13:06:28","slug":"parquet-bois-vernis-ultra-mat-longlife-pd-400-de-meister","status":"publish","type":"product","link":"https:\/\/nature-et-developpement.com\/macabane-materiaux\/produit\/parquet-bois-vernis-ultra-mat-longlife-pd-400-de-meister\/","title":{"rendered":"Parquet Bois Vernis Ultra-Mat Longlife PD 400 de Meister"},"content":{"rendered":"<h2>Parquet Bois Vernis Ultra-Mat Longlife PD 400 Meister &#8211; Style Maison de Campagne Classique | Qualit\u00e9 Allemande<\/h2>\n<p>Avec sa lame large au style maison de campagne classique, le Parquet Bois Vernis Ultra-Mat Longlife PD 400 est le best-seller parmi les diff\u00e9rents formats de parquet.<\/p>\n<p>Sa longueur de 2,20 m apporte une touche d&rsquo;\u00e9l\u00e9gance et de naturel \u00e0 votre espace de vie, comme aucun autre format ne le peut.<\/p>\n<p>La finition avec vernis ultra-mat conf\u00e8re aux lames un aspect particuli\u00e8rement \u00e9l\u00e9gant et naturel.<\/p>\n<p>Chaque pore humidifi\u00e9, cr\u00e9e une surface lisse et agr\u00e9able au toucher.<\/p>\n<p>De plus, cette finition rend le parquet facile \u00e0 entretenir, r\u00e9sistant aux taches et aux micro-rayures.<\/p>\n<p>Les micro-rayures, ces petites marques superficielles sur la surface, ne p\u00e9n\u00e8trent pas jusqu&rsquo;\u00e0 la couche sup\u00e9rieure en bois v\u00e9ritable.<\/p>\n<p>Ainsi, votre parquet conserve son aspect neuf et \u00e9clatant pendant de longues ann\u00e9es.<\/p>\n<p>La durabilit\u00e9 du Parquet Bois Vernis Ultra-Mat Longlife PD 400 ne se limite pas \u00e0 son apparence.<\/p>\n<p>Il est \u00e9galement r\u00e9sistant \u00e0 l&rsquo;eau pendant 4 heures, ce qui en fait un choix id\u00e9al pour les pi\u00e8ces humides de votre maison.<\/p>\n<h3>Il poss\u00e8de les labels A+ et Blaue Engel<\/h3>\n<p>Ce qui lui garantit des \u00e9missions de substances nocives tr\u00e8s faibles et une fabrication respectueuse de l&rsquo;environnement.<\/p>\n<p>Avec une \u00e9paisseur totale de 13 mm et une couche d&rsquo;usure en bois noble d&rsquo;environ 2,5 mm, ce parquet offre une stabilit\u00e9 et une long\u00e9vit\u00e9 exceptionnelles.<\/p>\n<p>Il peut \u00eatre pos\u00e9 de deux fa\u00e7ons : en pose flottante ou coll\u00e9e en plein, selon vos pr\u00e9f\u00e9rences et les sp\u00e9cificit\u00e9s de votre espace.<\/p>\n<p>Pour r\u00e9sumer, le Parquet Bois Vernis Ultra-Mat Longlife PD 400 de Meister est le choix id\u00e9al pour ceux qui recherchent un rev\u00eatement de sol \u00e0 la fois naturel, \u00e9l\u00e9gant et respectueux de l&rsquo;environnement.<\/p>\n<p>Son style maison de campagne classique, sa finition ultra-mat et ses caract\u00e9ristiques durables en font un investissement judicieux pour votre int\u00e9rieur.<\/p>\n","protected":false},"excerpt":{"rendered":"<p>D\u00e9couvrez le Parquet Bois Vernis Ultra-Mat Longlife PD 400 de Meister, un choix naturel et \u00e9l\u00e9gant pour votre sol.<br \/>\nFabriqu\u00e9 en Allemagne, il offre une finition ultra-mat, une r\u00e9sistance aux taches et micro-rayures, et une durabilit\u00e9 \u00e9cologique.<\/p>\n<p>Ce sol en bois\u00a0vous est propos\u00e9 en 16 finitions vernis ultra mat, avec une r\u00e9sistance \u00e0 l&rsquo;eau de 4H.<\/p>\n<p><a class=\"btn btn-default\" style=\"font-style: normal;font-family: Poppins, sans-serif\" href=\"https:\/\/meister.esignserver3.com\/gallery.do\" target=\"_blank\" rel=\"noopener\">AVEC UNE PHOTO DE CHEZ VOUS, TESTEZ-LE DANS VOTRE INT\u00c9RIEUR<\/a><\/p>\n","protected":false},"featured_media":1000000171563,"template":"","meta":[],"product_brand":[166],"product_cat":[98],"product_tag":[2334],"class_list":{"0":"post-3372","1":"product","2":"type-product","3":"status-publish","4":"has-post-thumbnail","6":"product_brand-meister","7":"product_cat-parquets-bois","8":"product_tag-parquet","9":"product_shipping_class-transport-parquet-lambris-meister-amorim","11":"first","12":"instock","13":"taxable","14":"shipping-taxable","15":"purchasable","16":"product-type-variable"},"yoast_head":"<!-- This site is optimized with the Yoast SEO plugin v27.5 - https:\/\/yoast.com\/product\/yoast-seo-wordpress\/ -->\n<title>Parquet Bois Vernis Ultra-Mat Longlife PD 400 de Meister - Ma Cabane mat\u00e9riaux naturels<\/title>\n<meta name=\"description\" content=\"D\u00e9couvrez le Parquet Bois Vernis Ultra-Mat Longlife PD 400 de Meister. R\u00e9sistance aux taches et micro-rayures, et une durabilit\u00e9 \u00e9cologique.\" \/>\n<meta name=\"robots\" content=\"noindex, nofollow\" \/>\n<meta property=\"og:locale\" content=\"fr_FR\" \/>\n<meta property=\"og:type\" content=\"article\" \/>\n<meta property=\"og:title\" content=\"Parquet Bois Vernis Ultra-Mat Longlife PD 400 de Meister - Ma Cabane mat\u00e9riaux naturels\" \/>\n<meta property=\"og:description\" content=\"D\u00e9couvrez le Parquet Bois Vernis Ultra-Mat Longlife PD 400 de Meister. R\u00e9sistance aux taches et micro-rayures, et une durabilit\u00e9 \u00e9cologique.\" \/>\n<meta property=\"og:url\" content=\"https:\/\/nature-et-developpement.com\/macabane-materiaux\/produit\/parquet-bois-vernis-ultra-mat-longlife-pd-400-de-meister\/\" \/>\n<meta property=\"og:site_name\" content=\"Ma Cabane mat\u00e9riaux naturels\" \/>\n<meta property=\"article:modified_time\" content=\"2025-12-10T13:06:28+00:00\" \/>\n<meta name=\"twitter:card\" content=\"summary_large_image\" \/>\n<meta name=\"twitter:label1\" content=\"Dur\u00e9e de lecture estim\u00e9e\" \/>\n\t<meta name=\"twitter:data1\" content=\"2 minutes\" \/>\n<script type=\"application\/ld+json\" class=\"yoast-schema-graph\">{\"@context\":\"https:\\\/\\\/schema.org\",\"@graph\":[{\"@type\":\"WebPage\",\"@id\":\"https:\\\/\\\/nature-et-developpement.com\\\/macabane-materiaux\\\/produit\\\/parquet-bois-vernis-ultra-mat-longlife-pd-400-de-meister\\\/\",\"url\":\"https:\\\/\\\/nature-et-developpement.com\\\/macabane-materiaux\\\/produit\\\/parquet-bois-vernis-ultra-mat-longlife-pd-400-de-meister\\\/\",\"name\":\"Parquet Bois Vernis Ultra-Mat Longlife PD 400 de Meister - Ma Cabane mat\u00e9riaux naturels\",\"isPartOf\":{\"@id\":\"https:\\\/\\\/nature-et-developpement.com\\\/macabane-materiaux\\\/#website\"},\"primaryImageOfPage\":{\"@id\":\"https:\\\/\\\/nature-et-developpement.com\\\/macabane-materiaux\\\/produit\\\/parquet-bois-vernis-ultra-mat-longlife-pd-400-de-meister\\\/#primaryimage\"},\"image\":{\"@id\":\"https:\\\/\\\/nature-et-developpement.com\\\/macabane-materiaux\\\/produit\\\/parquet-bois-vernis-ultra-mat-longlife-pd-400-de-meister\\\/#primaryimage\"},\"thumbnailUrl\":\"https:\\\/\\\/nature-et-developpement.com\\\/macabane-materiaux\\\/wp-content\\\/uploads\\\/Couleur-9004-PD400-vernis-ultra-mat-ambiance.jpg\",\"datePublished\":\"2025-01-13T14:34:03+00:00\",\"dateModified\":\"2025-12-10T13:06:28+00:00\",\"description\":\"D\u00e9couvrez le Parquet Bois Vernis Ultra-Mat Longlife PD 400 de Meister. R\u00e9sistance aux taches et micro-rayures, et une durabilit\u00e9 \u00e9cologique.\",\"breadcrumb\":{\"@id\":\"https:\\\/\\\/nature-et-developpement.com\\\/macabane-materiaux\\\/produit\\\/parquet-bois-vernis-ultra-mat-longlife-pd-400-de-meister\\\/#breadcrumb\"},\"inLanguage\":\"fr-FR\",\"potentialAction\":[{\"@type\":\"ReadAction\",\"target\":[\"https:\\\/\\\/nature-et-developpement.com\\\/macabane-materiaux\\\/produit\\\/parquet-bois-vernis-ultra-mat-longlife-pd-400-de-meister\\\/\"]}]},{\"@type\":\"ImageObject\",\"inLanguage\":\"fr-FR\",\"@id\":\"https:\\\/\\\/nature-et-developpement.com\\\/macabane-materiaux\\\/produit\\\/parquet-bois-vernis-ultra-mat-longlife-pd-400-de-meister\\\/#primaryimage\",\"url\":\"https:\\\/\\\/nature-et-developpement.com\\\/macabane-materiaux\\\/wp-content\\\/uploads\\\/Couleur-9004-PD400-vernis-ultra-mat-ambiance.jpg\",\"contentUrl\":\"https:\\\/\\\/nature-et-developpement.com\\\/macabane-materiaux\\\/wp-content\\\/uploads\\\/Couleur-9004-PD400-vernis-ultra-mat-ambiance.jpg\"},{\"@type\":\"BreadcrumbList\",\"@id\":\"https:\\\/\\\/nature-et-developpement.com\\\/macabane-materiaux\\\/produit\\\/parquet-bois-vernis-ultra-mat-longlife-pd-400-de-meister\\\/#breadcrumb\",\"itemListElement\":[{\"@type\":\"ListItem\",\"position\":1,\"name\":\"Accueil\",\"item\":\"https:\\\/\\\/nature-et-developpement.com\\\/macabane-materiaux\\\/\"},{\"@type\":\"ListItem\",\"position\":2,\"name\":\"Boutique\",\"item\":\"https:\\\/\\\/nature-et-developpement.com\\\/macabane-materiaux\\\/boutique\\\/\"},{\"@type\":\"ListItem\",\"position\":3,\"name\":\"Parquets bois, stratifi\u00e9s et li\u00e8ge\",\"item\":\"https:\\\/\\\/nature-et-developpement.com\\\/macabane-materiaux\\\/produits\\\/parquet-et-sol-naturels\\\/\"},{\"@type\":\"ListItem\",\"position\":4,\"name\":\"Parquets bois\",\"item\":\"https:\\\/\\\/nature-et-developpement.com\\\/macabane-materiaux\\\/produits\\\/parquet-et-sol-naturels\\\/parquets-bois\\\/\"},{\"@type\":\"ListItem\",\"position\":5,\"name\":\"Parquet Bois Vernis Ultra-Mat Longlife PD 400 de Meister\"}]},{\"@type\":\"WebSite\",\"@id\":\"https:\\\/\\\/nature-et-developpement.com\\\/macabane-materiaux\\\/#website\",\"url\":\"https:\\\/\\\/nature-et-developpement.com\\\/macabane-materiaux\\\/\",\"name\":\"Ma Cabane mat\u00e9riaux naturels\",\"description\":\"Ma Cabane est membre du groupement Nature &amp; D\u00e9veloppement\",\"potentialAction\":[{\"@type\":\"SearchAction\",\"target\":{\"@type\":\"EntryPoint\",\"urlTemplate\":\"https:\\\/\\\/nature-et-developpement.com\\\/macabane-materiaux\\\/?s={search_term_string}\"},\"query-input\":{\"@type\":\"PropertyValueSpecification\",\"valueRequired\":true,\"valueName\":\"search_term_string\"}}],\"inLanguage\":\"fr-FR\"}]}<\/script>\n<!-- \/ Yoast SEO plugin. -->","yoast_head_json":{"title":"Parquet Bois Vernis Ultra-Mat Longlife PD 400 de Meister - Ma Cabane mat\u00e9riaux naturels","description":"D\u00e9couvrez le Parquet Bois Vernis Ultra-Mat Longlife PD 400 de Meister. R\u00e9sistance aux taches et micro-rayures, et une durabilit\u00e9 \u00e9cologique.","robots":{"index":"noindex","follow":"nofollow"},"og_locale":"fr_FR","og_type":"article","og_title":"Parquet Bois Vernis Ultra-Mat Longlife PD 400 de Meister - Ma Cabane mat\u00e9riaux naturels","og_description":"D\u00e9couvrez le Parquet Bois Vernis Ultra-Mat Longlife PD 400 de Meister. R\u00e9sistance aux taches et micro-rayures, et une durabilit\u00e9 \u00e9cologique.","og_url":"https:\/\/nature-et-developpement.com\/macabane-materiaux\/produit\/parquet-bois-vernis-ultra-mat-longlife-pd-400-de-meister\/","og_site_name":"Ma Cabane mat\u00e9riaux naturels","article_modified_time":"2025-12-10T13:06:28+00:00","twitter_card":"summary_large_image","twitter_misc":{"Dur\u00e9e de lecture estim\u00e9e":"2 minutes"},"schema":{"@context":"https:\/\/schema.org","@graph":[{"@type":"WebPage","@id":"https:\/\/nature-et-developpement.com\/macabane-materiaux\/produit\/parquet-bois-vernis-ultra-mat-longlife-pd-400-de-meister\/","url":"https:\/\/nature-et-developpement.com\/macabane-materiaux\/produit\/parquet-bois-vernis-ultra-mat-longlife-pd-400-de-meister\/","name":"Parquet Bois Vernis Ultra-Mat Longlife PD 400 de Meister - Ma Cabane mat\u00e9riaux naturels","isPartOf":{"@id":"https:\/\/nature-et-developpement.com\/macabane-materiaux\/#website"},"primaryImageOfPage":{"@id":"https:\/\/nature-et-developpement.com\/macabane-materiaux\/produit\/parquet-bois-vernis-ultra-mat-longlife-pd-400-de-meister\/#primaryimage"},"image":{"@id":"https:\/\/nature-et-developpement.com\/macabane-materiaux\/produit\/parquet-bois-vernis-ultra-mat-longlife-pd-400-de-meister\/#primaryimage"},"thumbnailUrl":"https:\/\/nature-et-developpement.com\/macabane-materiaux\/wp-content\/uploads\/Couleur-9004-PD400-vernis-ultra-mat-ambiance.jpg","datePublished":"2025-01-13T14:34:03+00:00","dateModified":"2025-12-10T13:06:28+00:00","description":"D\u00e9couvrez le Parquet Bois Vernis Ultra-Mat Longlife PD 400 de Meister. R\u00e9sistance aux taches et micro-rayures, et une durabilit\u00e9 \u00e9cologique.","breadcrumb":{"@id":"https:\/\/nature-et-developpement.com\/macabane-materiaux\/produit\/parquet-bois-vernis-ultra-mat-longlife-pd-400-de-meister\/#breadcrumb"},"inLanguage":"fr-FR","potentialAction":[{"@type":"ReadAction","target":["https:\/\/nature-et-developpement.com\/macabane-materiaux\/produit\/parquet-bois-vernis-ultra-mat-longlife-pd-400-de-meister\/"]}]},{"@type":"ImageObject","inLanguage":"fr-FR","@id":"https:\/\/nature-et-developpement.com\/macabane-materiaux\/produit\/parquet-bois-vernis-ultra-mat-longlife-pd-400-de-meister\/#primaryimage","url":"https:\/\/nature-et-developpement.com\/macabane-materiaux\/wp-content\/uploads\/Couleur-9004-PD400-vernis-ultra-mat-ambiance.jpg","contentUrl":"https:\/\/nature-et-developpement.com\/macabane-materiaux\/wp-content\/uploads\/Couleur-9004-PD400-vernis-ultra-mat-ambiance.jpg"},{"@type":"BreadcrumbList","@id":"https:\/\/nature-et-developpement.com\/macabane-materiaux\/produit\/parquet-bois-vernis-ultra-mat-longlife-pd-400-de-meister\/#breadcrumb","itemListElement":[{"@type":"ListItem","position":1,"name":"Accueil","item":"https:\/\/nature-et-developpement.com\/macabane-materiaux\/"},{"@type":"ListItem","position":2,"name":"Boutique","item":"https:\/\/nature-et-developpement.com\/macabane-materiaux\/boutique\/"},{"@type":"ListItem","position":3,"name":"Parquets bois, stratifi\u00e9s et li\u00e8ge","item":"https:\/\/nature-et-developpement.com\/macabane-materiaux\/produits\/parquet-et-sol-naturels\/"},{"@type":"ListItem","position":4,"name":"Parquets bois","item":"https:\/\/nature-et-developpement.com\/macabane-materiaux\/produits\/parquet-et-sol-naturels\/parquets-bois\/"},{"@type":"ListItem","position":5,"name":"Parquet Bois Vernis Ultra-Mat Longlife PD 400 de Meister"}]},{"@type":"WebSite","@id":"https:\/\/nature-et-developpement.com\/macabane-materiaux\/#website","url":"https:\/\/nature-et-developpement.com\/macabane-materiaux\/","name":"Ma Cabane mat\u00e9riaux naturels","description":"Ma Cabane est membre du groupement Nature &amp; D\u00e9veloppement","potentialAction":[{"@type":"SearchAction","target":{"@type":"EntryPoint","urlTemplate":"https:\/\/nature-et-developpement.com\/macabane-materiaux\/?s={search_term_string}"},"query-input":{"@type":"PropertyValueSpecification","valueRequired":true,"valueName":"search_term_string"}}],"inLanguage":"fr-FR"}]}},"distributor_meta":false,"distributor_terms":false,"distributor_media":false,"distributor_original_site_name":"Ma Cabane mat\u00e9riaux naturels","distributor_original_site_url":"https:\/\/nature-et-developpement.com\/macabane-materiaux","push-errors":false,"_links":{"self":[{"href":"https:\/\/nature-et-developpement.com\/macabane-materiaux\/wp-json\/wp\/v2\/product\/3372","targetHints":{"allow":["GET"]}}],"collection":[{"href":"https:\/\/nature-et-developpement.com\/macabane-materiaux\/wp-json\/wp\/v2\/product"}],"about":[{"href":"https:\/\/nature-et-developpement.com\/macabane-materiaux\/wp-json\/wp\/v2\/types\/product"}],"wp:featuredmedia":[{"embeddable":true,"href":"https:\/\/nature-et-developpement.com\/macabane-materiaux\/wp-json\/"}],"wp:attachment":[{"href":"https:\/\/nature-et-developpement.com\/macabane-materiaux\/wp-json\/wp\/v2\/media?parent=3372"}],"wp:term":[{"taxonomy":"product_brand","embeddable":true,"href":"https:\/\/nature-et-developpement.com\/macabane-materiaux\/wp-json\/wp\/v2\/product_brand?post=3372"},{"taxonomy":"product_cat","embeddable":true,"href":"https:\/\/nature-et-developpement.com\/macabane-materiaux\/wp-json\/wp\/v2\/product_cat?post=3372"},{"taxonomy":"product_tag","embeddable":true,"href":"https:\/\/nature-et-developpement.com\/macabane-materiaux\/wp-json\/wp\/v2\/product_tag?post=3372"}],"curies":[{"name":"wp","href":"https:\/\/api.w.org\/{rel}","templated":true}]}}