{"id":354,"date":"2023-05-17T16:16:14","date_gmt":"2023-05-17T14:16:14","guid":{"rendered":"https:\/\/nature-et-developpement.com\/macabane-materiaux\/produit\/cloueur-pneumatique-ll-37-65-p1-pour-pointes-en-bois-lignoloc\/"},"modified":"2025-09-17T16:55:39","modified_gmt":"2025-09-17T14:55:39","slug":"cloueur-pneumatique-ll-37-65-p1-pour-pointes-en-bois-lignoloc","status":"publish","type":"product","link":"https:\/\/nature-et-developpement.com\/macabane-materiaux\/produit\/cloueur-pneumatique-ll-37-65-p1-pour-pointes-en-bois-lignoloc\/","title":{"rendered":"Cloueur pneumatique LL 37\/65 P1 pour pointes en bois \u00d8 3,7mm Lignoloc"},"content":{"rendered":"<h2>Cloueur pneumatique LL 37\/65 P1 pour pointes en bois \u00d8 3,7mm<\/h2>\n<h3>Atout de ce pistolet :<\/h3>\n<p>R\u00e9glage coup par coup ou rafale<\/p>\n<p>Enfonce des clous jusqu&rsquo;\u00e0 65 mm<\/p>\n<p>Beaucoup plus rapide qu\u2019une cheville bois<\/p>\n<p>Cloueur pneumatique pour pointes bois en rouleaux.<\/p>\n<p>Con\u00e7u pour pointes en bois Lignoloc.<\/p>\n<p>Id\u00e9al pour les charpentiers et menuisiers.<\/p>\n<p>Parquet, caisse en bois, lamell\u00e9 coll\u00e9.<\/p>\n<p>Utilis\u00e9 aussi bien dans la construction int\u00e9rieure qu\u2019ext\u00e9rieure.<\/p>\n<h3>Avantage des pointes Lignoloc:<\/h3>\n<ul>\n<li>Pas de pr\u00e9per\u00e7age<\/li>\n<li>Pas besoin de colle<\/li>\n<li>Soudure de la structure du bois<\/li>\n<li>Beaucoup plus rapide qu\u2019une cheville bois<\/li>\n<li>Fabriqu\u00e9 en bois de h\u00eatre Allemand<\/li>\n<li>R\u00e9sistant \u00e0 l\u2019eau<\/li>\n<li>Ne travaille pas<\/li>\n<li>Meilleure r\u00e9sistance au feu qu\u2019une pointe m\u00e9tal<\/li>\n<li>Absence de pont thermique<\/li>\n<li>Absence de corrosion<\/li>\n<li>\u00c9cologique<\/li>\n<li>Facilement r\u00e9usinable<\/li>\n<li>N\u2019abime pas les outils de coupe<\/li>\n<\/ul>\n<p><span style=\"font-size: 32px;font-weight: bold;letter-spacing: -0.0415625em;font-family: 'Inter var', -apple-system, BlinkMacSystemFont, 'Helvetica Neue', Helvetica, sans-serif\">CARACT\u00c9RISTIQUES TECHNIQUES<\/span><\/p>\n<div id=\"characteristics\">\n<ul>\n<li>Dimensions : 275 \/ 130 \/ 322 mm<\/li>\n<li>Poids : 2,40 kg<\/li>\n<li>Capacit\u00e9 du chargeur : 300 clous<\/li>\n<li>Longueurs des projectiles : 50 \u2013 65 mm<\/li>\n<li>Diam\u00e8tre des projectiles : 3.7 mm<\/li>\n<li>Pression d\u2019utilisation : 5 \u00e0 8 bars<\/li>\n<li>R\u00e9glage de profondeur<\/li>\n<li>Livr\u00e9 avec d\u00e9flecteur orientable et embout bardage.<\/li>\n<\/ul>\n<\/div>\n","protected":false},"excerpt":{"rendered":"<p>Id\u00e9al pour les charpentiers et menuisiers, bardage, parquet,\u00a0 caisse en bois, lamell\u00e9 coll\u00e9.<br \/>\nUtilis\u00e9 aussi bien dans la construction int\u00e9rieure et ext\u00e9rieure<\/p>\n","protected":false},"featured_media":1000000171216,"template":"","meta":[],"product_brand":[122],"product_cat":[2343,2342,95],"product_tag":[1647],"class_list":{"0":"post-354","1":"product","2":"type-product","3":"status-publish","4":"has-post-thumbnail","6":"product_brand-alsafix","7":"product_cat-accessoires-agencement-exterieur","8":"product_cat-accessoires-construction","9":"product_cat-outillage","10":"product_tag-clouage","12":"first","13":"instock","14":"taxable","15":"shipping-taxable","16":"purchasable","17":"product-type-variable"},"yoast_head":"<!-- This site is optimized with the Yoast SEO plugin v27.5 - https:\/\/yoast.com\/product\/yoast-seo-wordpress\/ -->\n<title>Cloueur pneumatique LL 37\/65 P1 pour pointes en bois Lignoloc<\/title>\n<meta name=\"description\" content=\"Id\u00e9al pour les charpentiers et menuisiers, bardage, parquet,\u00a0 caisse en bois, lamell\u00e9 coll\u00e9. Utilis\u00e9 aussi bien dans la construction int\u00e9rieure et ext\u00e9rieure\" \/>\n<meta name=\"robots\" content=\"noindex, nofollow\" \/>\n<meta property=\"og:locale\" content=\"fr_FR\" \/>\n<meta property=\"og:type\" content=\"article\" \/>\n<meta property=\"og:title\" content=\"Cloueur pneumatique LL 37\/65 P1 pour pointes en bois Lignoloc\" \/>\n<meta property=\"og:description\" content=\"Id\u00e9al pour les charpentiers et menuisiers, bardage, parquet,\u00a0 caisse en bois, lamell\u00e9 coll\u00e9. Utilis\u00e9 aussi bien dans la construction int\u00e9rieure et ext\u00e9rieure\" \/>\n<meta property=\"og:url\" content=\"https:\/\/nature-et-developpement.com\/macabane-materiaux\/produit\/cloueur-pneumatique-ll-37-65-p1-pour-pointes-en-bois-lignoloc\/\" \/>\n<meta property=\"og:site_name\" content=\"Ma Cabane mat\u00e9riaux naturels\" \/>\n<meta property=\"article:modified_time\" content=\"2025-09-17T14:55:39+00:00\" \/>\n<meta name=\"twitter:card\" content=\"summary_large_image\" \/>\n<meta name=\"twitter:label1\" content=\"Dur\u00e9e de lecture estim\u00e9e\" \/>\n\t<meta name=\"twitter:data1\" content=\"1 minute\" \/>\n<script type=\"application\/ld+json\" class=\"yoast-schema-graph\">{\"@context\":\"https:\\\/\\\/schema.org\",\"@graph\":[{\"@type\":\"WebPage\",\"@id\":\"https:\\\/\\\/nature-et-developpement.com\\\/macabane-materiaux\\\/produit\\\/cloueur-pneumatique-ll-37-65-p1-pour-pointes-en-bois-lignoloc\\\/\",\"url\":\"https:\\\/\\\/nature-et-developpement.com\\\/macabane-materiaux\\\/produit\\\/cloueur-pneumatique-ll-37-65-p1-pour-pointes-en-bois-lignoloc\\\/\",\"name\":\"Cloueur pneumatique LL 37\\\/65 P1 pour pointes en bois Lignoloc\",\"isPartOf\":{\"@id\":\"https:\\\/\\\/nature-et-developpement.com\\\/macabane-materiaux\\\/#website\"},\"primaryImageOfPage\":{\"@id\":\"https:\\\/\\\/nature-et-developpement.com\\\/macabane-materiaux\\\/produit\\\/cloueur-pneumatique-ll-37-65-p1-pour-pointes-en-bois-lignoloc\\\/#primaryimage\"},\"image\":{\"@id\":\"https:\\\/\\\/nature-et-developpement.com\\\/macabane-materiaux\\\/produit\\\/cloueur-pneumatique-ll-37-65-p1-pour-pointes-en-bois-lignoloc\\\/#primaryimage\"},\"thumbnailUrl\":\"https:\\\/\\\/nature-et-developpement.com\\\/macabane-materiaux\\\/wp-content\\\/uploads\\\/Cloueur-LL-37-65-P1.jpg\",\"datePublished\":\"2023-05-17T14:16:14+00:00\",\"dateModified\":\"2025-09-17T14:55:39+00:00\",\"description\":\"Id\u00e9al pour les charpentiers et menuisiers, bardage, parquet,\u00a0 caisse en bois, lamell\u00e9 coll\u00e9. Utilis\u00e9 aussi bien dans la construction int\u00e9rieure et ext\u00e9rieure\",\"breadcrumb\":{\"@id\":\"https:\\\/\\\/nature-et-developpement.com\\\/macabane-materiaux\\\/produit\\\/cloueur-pneumatique-ll-37-65-p1-pour-pointes-en-bois-lignoloc\\\/#breadcrumb\"},\"inLanguage\":\"fr-FR\",\"potentialAction\":[{\"@type\":\"ReadAction\",\"target\":[\"https:\\\/\\\/nature-et-developpement.com\\\/macabane-materiaux\\\/produit\\\/cloueur-pneumatique-ll-37-65-p1-pour-pointes-en-bois-lignoloc\\\/\"]}]},{\"@type\":\"ImageObject\",\"inLanguage\":\"fr-FR\",\"@id\":\"https:\\\/\\\/nature-et-developpement.com\\\/macabane-materiaux\\\/produit\\\/cloueur-pneumatique-ll-37-65-p1-pour-pointes-en-bois-lignoloc\\\/#primaryimage\",\"url\":\"https:\\\/\\\/nature-et-developpement.com\\\/macabane-materiaux\\\/wp-content\\\/uploads\\\/Cloueur-LL-37-65-P1.jpg\",\"contentUrl\":\"https:\\\/\\\/nature-et-developpement.com\\\/macabane-materiaux\\\/wp-content\\\/uploads\\\/Cloueur-LL-37-65-P1.jpg\"},{\"@type\":\"BreadcrumbList\",\"@id\":\"https:\\\/\\\/nature-et-developpement.com\\\/macabane-materiaux\\\/produit\\\/cloueur-pneumatique-ll-37-65-p1-pour-pointes-en-bois-lignoloc\\\/#breadcrumb\",\"itemListElement\":[{\"@type\":\"ListItem\",\"position\":1,\"name\":\"Accueil\",\"item\":\"https:\\\/\\\/nature-et-developpement.com\\\/macabane-materiaux\\\/\"},{\"@type\":\"ListItem\",\"position\":2,\"name\":\"Boutique\",\"item\":\"https:\\\/\\\/nature-et-developpement.com\\\/macabane-materiaux\\\/boutique\\\/\"},{\"@type\":\"ListItem\",\"position\":3,\"name\":\"Agencement ext\u00e9rieur\",\"item\":\"https:\\\/\\\/nature-et-developpement.com\\\/macabane-materiaux\\\/produits\\\/agencement-exterieur\\\/\"},{\"@type\":\"ListItem\",\"position\":4,\"name\":\"Accessoires agencement ext\u00e9rieur\",\"item\":\"https:\\\/\\\/nature-et-developpement.com\\\/macabane-materiaux\\\/produits\\\/agencement-exterieur\\\/accessoires-agencement-exterieur\\\/\"},{\"@type\":\"ListItem\",\"position\":5,\"name\":\"Cloueur pneumatique LL 37\\\/65 P1 pour pointes en bois \u00d8 3,7mm Lignoloc\"}]},{\"@type\":\"WebSite\",\"@id\":\"https:\\\/\\\/nature-et-developpement.com\\\/macabane-materiaux\\\/#website\",\"url\":\"https:\\\/\\\/nature-et-developpement.com\\\/macabane-materiaux\\\/\",\"name\":\"Ma Cabane mat\u00e9riaux naturels\",\"description\":\"Ma Cabane est membre du groupement Nature &amp; D\u00e9veloppement\",\"potentialAction\":[{\"@type\":\"SearchAction\",\"target\":{\"@type\":\"EntryPoint\",\"urlTemplate\":\"https:\\\/\\\/nature-et-developpement.com\\\/macabane-materiaux\\\/?s={search_term_string}\"},\"query-input\":{\"@type\":\"PropertyValueSpecification\",\"valueRequired\":true,\"valueName\":\"search_term_string\"}}],\"inLanguage\":\"fr-FR\"}]}<\/script>\n<!-- \/ Yoast SEO plugin. -->","yoast_head_json":{"title":"Cloueur pneumatique LL 37\/65 P1 pour pointes en bois Lignoloc","description":"Id\u00e9al pour les charpentiers et menuisiers, bardage, parquet,\u00a0 caisse en bois, lamell\u00e9 coll\u00e9. Utilis\u00e9 aussi bien dans la construction int\u00e9rieure et ext\u00e9rieure","robots":{"index":"noindex","follow":"nofollow"},"og_locale":"fr_FR","og_type":"article","og_title":"Cloueur pneumatique LL 37\/65 P1 pour pointes en bois Lignoloc","og_description":"Id\u00e9al pour les charpentiers et menuisiers, bardage, parquet,\u00a0 caisse en bois, lamell\u00e9 coll\u00e9. Utilis\u00e9 aussi bien dans la construction int\u00e9rieure et ext\u00e9rieure","og_url":"https:\/\/nature-et-developpement.com\/macabane-materiaux\/produit\/cloueur-pneumatique-ll-37-65-p1-pour-pointes-en-bois-lignoloc\/","og_site_name":"Ma Cabane mat\u00e9riaux naturels","article_modified_time":"2025-09-17T14:55:39+00:00","twitter_card":"summary_large_image","twitter_misc":{"Dur\u00e9e de lecture estim\u00e9e":"1 minute"},"schema":{"@context":"https:\/\/schema.org","@graph":[{"@type":"WebPage","@id":"https:\/\/nature-et-developpement.com\/macabane-materiaux\/produit\/cloueur-pneumatique-ll-37-65-p1-pour-pointes-en-bois-lignoloc\/","url":"https:\/\/nature-et-developpement.com\/macabane-materiaux\/produit\/cloueur-pneumatique-ll-37-65-p1-pour-pointes-en-bois-lignoloc\/","name":"Cloueur pneumatique LL 37\/65 P1 pour pointes en bois Lignoloc","isPartOf":{"@id":"https:\/\/nature-et-developpement.com\/macabane-materiaux\/#website"},"primaryImageOfPage":{"@id":"https:\/\/nature-et-developpement.com\/macabane-materiaux\/produit\/cloueur-pneumatique-ll-37-65-p1-pour-pointes-en-bois-lignoloc\/#primaryimage"},"image":{"@id":"https:\/\/nature-et-developpement.com\/macabane-materiaux\/produit\/cloueur-pneumatique-ll-37-65-p1-pour-pointes-en-bois-lignoloc\/#primaryimage"},"thumbnailUrl":"https:\/\/nature-et-developpement.com\/macabane-materiaux\/wp-content\/uploads\/Cloueur-LL-37-65-P1.jpg","datePublished":"2023-05-17T14:16:14+00:00","dateModified":"2025-09-17T14:55:39+00:00","description":"Id\u00e9al pour les charpentiers et menuisiers, bardage, parquet,\u00a0 caisse en bois, lamell\u00e9 coll\u00e9. Utilis\u00e9 aussi bien dans la construction int\u00e9rieure et ext\u00e9rieure","breadcrumb":{"@id":"https:\/\/nature-et-developpement.com\/macabane-materiaux\/produit\/cloueur-pneumatique-ll-37-65-p1-pour-pointes-en-bois-lignoloc\/#breadcrumb"},"inLanguage":"fr-FR","potentialAction":[{"@type":"ReadAction","target":["https:\/\/nature-et-developpement.com\/macabane-materiaux\/produit\/cloueur-pneumatique-ll-37-65-p1-pour-pointes-en-bois-lignoloc\/"]}]},{"@type":"ImageObject","inLanguage":"fr-FR","@id":"https:\/\/nature-et-developpement.com\/macabane-materiaux\/produit\/cloueur-pneumatique-ll-37-65-p1-pour-pointes-en-bois-lignoloc\/#primaryimage","url":"https:\/\/nature-et-developpement.com\/macabane-materiaux\/wp-content\/uploads\/Cloueur-LL-37-65-P1.jpg","contentUrl":"https:\/\/nature-et-developpement.com\/macabane-materiaux\/wp-content\/uploads\/Cloueur-LL-37-65-P1.jpg"},{"@type":"BreadcrumbList","@id":"https:\/\/nature-et-developpement.com\/macabane-materiaux\/produit\/cloueur-pneumatique-ll-37-65-p1-pour-pointes-en-bois-lignoloc\/#breadcrumb","itemListElement":[{"@type":"ListItem","position":1,"name":"Accueil","item":"https:\/\/nature-et-developpement.com\/macabane-materiaux\/"},{"@type":"ListItem","position":2,"name":"Boutique","item":"https:\/\/nature-et-developpement.com\/macabane-materiaux\/boutique\/"},{"@type":"ListItem","position":3,"name":"Agencement ext\u00e9rieur","item":"https:\/\/nature-et-developpement.com\/macabane-materiaux\/produits\/agencement-exterieur\/"},{"@type":"ListItem","position":4,"name":"Accessoires agencement ext\u00e9rieur","item":"https:\/\/nature-et-developpement.com\/macabane-materiaux\/produits\/agencement-exterieur\/accessoires-agencement-exterieur\/"},{"@type":"ListItem","position":5,"name":"Cloueur pneumatique LL 37\/65 P1 pour pointes en bois \u00d8 3,7mm Lignoloc"}]},{"@type":"WebSite","@id":"https:\/\/nature-et-developpement.com\/macabane-materiaux\/#website","url":"https:\/\/nature-et-developpement.com\/macabane-materiaux\/","name":"Ma Cabane mat\u00e9riaux naturels","description":"Ma Cabane est membre du groupement Nature &amp; D\u00e9veloppement","potentialAction":[{"@type":"SearchAction","target":{"@type":"EntryPoint","urlTemplate":"https:\/\/nature-et-developpement.com\/macabane-materiaux\/?s={search_term_string}"},"query-input":{"@type":"PropertyValueSpecification","valueRequired":true,"valueName":"search_term_string"}}],"inLanguage":"fr-FR"}]}},"distributor_meta":false,"distributor_terms":false,"distributor_media":false,"distributor_original_site_name":"Ma Cabane mat\u00e9riaux naturels","distributor_original_site_url":"https:\/\/nature-et-developpement.com\/macabane-materiaux","push-errors":false,"_links":{"self":[{"href":"https:\/\/nature-et-developpement.com\/macabane-materiaux\/wp-json\/wp\/v2\/product\/354","targetHints":{"allow":["GET"]}}],"collection":[{"href":"https:\/\/nature-et-developpement.com\/macabane-materiaux\/wp-json\/wp\/v2\/product"}],"about":[{"href":"https:\/\/nature-et-developpement.com\/macabane-materiaux\/wp-json\/wp\/v2\/types\/product"}],"wp:featuredmedia":[{"embeddable":true,"href":"https:\/\/nature-et-developpement.com\/macabane-materiaux\/wp-json\/"}],"wp:attachment":[{"href":"https:\/\/nature-et-developpement.com\/macabane-materiaux\/wp-json\/wp\/v2\/media?parent=354"}],"wp:term":[{"taxonomy":"product_brand","embeddable":true,"href":"https:\/\/nature-et-developpement.com\/macabane-materiaux\/wp-json\/wp\/v2\/product_brand?post=354"},{"taxonomy":"product_cat","embeddable":true,"href":"https:\/\/nature-et-developpement.com\/macabane-materiaux\/wp-json\/wp\/v2\/product_cat?post=354"},{"taxonomy":"product_tag","embeddable":true,"href":"https:\/\/nature-et-developpement.com\/macabane-materiaux\/wp-json\/wp\/v2\/product_tag?post=354"}],"curies":[{"name":"wp","href":"https:\/\/api.w.org\/{rel}","templated":true}]}}