{"id":3555,"date":"2025-01-30T00:00:00","date_gmt":"2025-01-29T23:00:00","guid":{"rendered":"https:\/\/nature-et-developpement.com\/macabane-materiaux\/produit\/sol-en-bois-huile-nature-lame-xxl-lindura-hd-400-meister\/"},"modified":"2026-01-24T11:21:16","modified_gmt":"2026-01-24T10:21:16","slug":"sol-en-bois-huile-nature-lame-xxl-lindura-hd-400-meister","status":"publish","type":"product","link":"https:\/\/nature-et-developpement.com\/macabane-materiaux\/produit\/sol-en-bois-huile-nature-lame-xxl-lindura-hd-400-meister\/","title":{"rendered":"Sol en bois huile nature lame XXL Lindura HD400 Meister"},"content":{"rendered":"<div class=\"neos-nodetypes-headline\">\n<h2>Le sol en ch\u00eane v\u00e9ritables huil\u00e9 en bois particuli\u00e8rement r\u00e9sistant<\/h2>\n<\/div>\n<p class=\"neos-nodetypes-text text\">Le sol Lindura est un <strong>sol en bois noble<\/strong> particuli\u00e8rement solide. Il doit cette r\u00e9sistance \u00e0 un structure sp\u00e9ciale.<\/p>\n<p class=\"neos-nodetypes-text text\">Une couche d&rsquo;usure en essence de <strong>bois v\u00e9ritable<\/strong> est press\u00e9e gr\u00e2ce au proc\u00e9d\u00e9 innovant \u00ab\u00a0Wood Powder\u00a0\u00bb.<\/p>\n<p class=\"neos-nodetypes-text text\">De fait, ce m\u00e9lange de fibres de bois et de composants min\u00e9raux offre une solidit\u00e9 \u00e0 toute \u00e9preuve \u00e0 la surface du sol Lindura.<\/p>\n<p>Notez que sa couche d&rsquo;usure est en essences de <strong>ch\u00eane<\/strong> v\u00e9ritable huil\u00e9 lui donne un rendu de <strong>parquet bois<\/strong> incomparable<\/p>\n<p>Vous pouvez faire un pose flottante ou un pose col\u00e9e.<\/p>\n<p>Avec sa <strong>r\u00e9sistance \u00e0 l&rsquo;eau de 24H<\/strong>, il convient aussi bien dans les <strong>pi\u00e8ces humides<\/strong> (cuisine, salle de bain) qu&rsquo;aux <strong>planchers chauffants<\/strong>.<\/p>\n<p class=\"neos-nodetypes-text text\">Ceux qui pr\u00e9f\u00e8rent un style moins rustique choisiront une surface vernie mate\u00a0: pour une image d&rsquo;ensemble nette et harmonieuse\u00a0!<\/p>\n<p>Vous pouvez l&rsquo;associer avec des <strong>plinthes<\/strong> assorties, des <strong>sous-couches acoustiques<\/strong> ou phoniques, ou m\u00eame encore un <strong>isolant<\/strong> en fibre de bois r\u00e9sistants \u00e0 la compression (type isorel de Steico).<\/p>\n<h3>Format lame longue sp\u00e9cial<\/h3>\n<p>Le sol Lindura est du plus bel effet dans les <strong>pi\u00e8ces spacieuses<\/strong>.<\/p>\n<p>Ses <strong>lames tr\u00e8s longues<\/strong> y sont parfaitement mises en valeur.<\/p>\n<p>Il peut \u00eatre poser comme un <strong>parquet flottant<\/strong> clipser en bout de lame avec le syst\u00e8me Masterclic Plus.<\/p>\n<p>Poser du parquet devient un jeu d&rsquo;enfant!<\/p>\n<p>Disponibles aussi en finition vernis ultra-mat en lame de 205mm 270mm et 320mm de large.<\/p>\n<h3>Robuste et r\u00e9sistant<\/h3>\n<p>Lindura adore les d\u00e9fis et ne se laisse notamment pas impressionner par les talons hauts.<\/p>\n<p>Meister a \u00e9galement effectu\u00e9 le test suivant dans leur laboratoire : Une bille m\u00e9tallique \u00e0 une pression de 4 000 newtons laisse une empreinte bien visible sur les parquets conventionnels.<\/p>\n<p>Sur le <strong>sol en bois<\/strong> Lindura, les traces sont \u00e0 peine perceptibles.<\/p>\n<p>La surface Lindura est <strong>antibact\u00e9rienne<\/strong> et convient pour les <strong>pi\u00e8ces de vie<\/strong> fortement sollicit\u00e9es et les <strong>espaces commerciaux<\/strong> (p. ex. magasins et chambres d\u2019h\u00f4tel).<\/p>\n<h3>Structure intelligente<\/h3>\n<p>On utilise une \u00e2me centrale stable en HDF pour le sol en bois Lindura.<\/p>\n<p>Celle-ci est press\u00e9e sous l&rsquo;action de la pression et de la chaleur avec une couche d&rsquo;usure en bois v\u00e9ritable, une couche en Wood Powder et un contre-parement en bois v\u00e9ritable et en Wood-Powder.<\/p>\n<p>Cela permet d&rsquo;obtenir ainsi un sol robuste, r\u00e9sistant, facile d\u2019entretien et particuli\u00e8rement esth\u00e9tique.<\/p>\n<p><strong>Un v\u00e9ritable sol high-tech. <\/strong><strong>Un sol en bois tout simplement.<\/strong><\/p>\n","protected":false},"excerpt":{"rendered":"<p>Le sol en bois Lindura vous est propos\u00e9 dans ces nouvelles finitions ch\u00eane huil\u00e9.<br \/>\nCette nouvelle g\u00e9n\u00e9ration dispose ainsi de nouvelles surfaces \u00e9l\u00e9gantes et naturelles, 12 finitions en huil\u00e9 nature, avec un brossage de la surface en bois plus important et donc des structures plus profondes et expressives sur les surfaces en ch\u00eane authentiques et naturelles.<\/p>\n<p><a class=\"btn btn-default\" style=\"font-style: normal;font-family: Poppins, sans-serif\" href=\"https:\/\/meister.esignserver3.com\/gallery.do\" target=\"_blank\" rel=\"noopener\">AVEC UNE PHOTO DE CHEZ VOUS, TESTEZ-LE DANS VOTRE INT\u00c9RIEUR<\/a><\/p>\n","protected":false},"featured_media":1000000170596,"template":"","meta":[],"product_brand":[166],"product_cat":[98],"product_tag":[2334],"class_list":{"0":"post-3555","1":"product","2":"type-product","3":"status-publish","4":"has-post-thumbnail","6":"product_brand-meister","7":"product_cat-parquets-bois","8":"product_tag-parquet","9":"product_shipping_class-transport-parquet-lambris-meister-amorim","11":"first","12":"instock","13":"taxable","14":"shipping-taxable","15":"purchasable","16":"product-type-variable"},"yoast_head":"<!-- This site is optimized with the Yoast SEO plugin v27.5 - https:\/\/yoast.com\/product\/yoast-seo-wordpress\/ -->\n<title>Sol en bois huile nature lame XXL Lindura HD400 Meister - Ma Cabane mat\u00e9riaux naturels<\/title>\n<meta name=\"description\" content=\"Le sol en bois Lindura vous est propos\u00e9 dans ces nouvelles finitions ch\u00eane huil\u00e9. Cette nouvelle g\u00e9n\u00e9ration dispose ainsi de nouvelles surfaces \u00e9l\u00e9gantes et naturelles, 12 finitions en huil\u00e9 nature, avec un brossage de la surface en bois plus important et donc des structures plus profondes et expressives sur les surfaces en ch\u00eane authentiques et naturelles.  AVEC UNE PHOTO DE CHEZ VOUS, TESTEZ-LE DANS VOTRE INT\u00c9RIEUR\" \/>\n<meta name=\"robots\" content=\"noindex, nofollow\" \/>\n<meta property=\"og:locale\" content=\"fr_FR\" \/>\n<meta property=\"og:type\" content=\"article\" \/>\n<meta property=\"og:title\" content=\"Sol en bois huile nature lame XXL Lindura HD400 Meister - Ma Cabane mat\u00e9riaux naturels\" \/>\n<meta property=\"og:description\" content=\"Le sol en bois Lindura vous est propos\u00e9 dans ces nouvelles finitions ch\u00eane huil\u00e9. Cette nouvelle g\u00e9n\u00e9ration dispose ainsi de nouvelles surfaces \u00e9l\u00e9gantes et naturelles, 12 finitions en huil\u00e9 nature, avec un brossage de la surface en bois plus important et donc des structures plus profondes et expressives sur les surfaces en ch\u00eane authentiques et naturelles.  AVEC UNE PHOTO DE CHEZ VOUS, TESTEZ-LE DANS VOTRE INT\u00c9RIEUR\" \/>\n<meta property=\"og:url\" content=\"https:\/\/nature-et-developpement.com\/macabane-materiaux\/produit\/sol-en-bois-huile-nature-lame-xxl-lindura-hd-400-meister\/\" \/>\n<meta property=\"og:site_name\" content=\"Ma Cabane mat\u00e9riaux naturels\" \/>\n<meta property=\"article:modified_time\" content=\"2026-01-24T10:21:16+00:00\" \/>\n<meta name=\"twitter:card\" content=\"summary_large_image\" \/>\n<meta name=\"twitter:label1\" content=\"Dur\u00e9e de lecture estim\u00e9e\" \/>\n\t<meta name=\"twitter:data1\" content=\"2 minutes\" \/>\n<script type=\"application\/ld+json\" class=\"yoast-schema-graph\">{\"@context\":\"https:\\\/\\\/schema.org\",\"@graph\":[{\"@type\":\"WebPage\",\"@id\":\"https:\\\/\\\/nature-et-developpement.com\\\/macabane-materiaux\\\/produit\\\/sol-en-bois-huile-nature-lame-xxl-lindura-hd-400-meister\\\/\",\"url\":\"https:\\\/\\\/nature-et-developpement.com\\\/macabane-materiaux\\\/produit\\\/sol-en-bois-huile-nature-lame-xxl-lindura-hd-400-meister\\\/\",\"name\":\"Sol en bois huile nature lame XXL Lindura HD400 Meister - Ma Cabane mat\u00e9riaux naturels\",\"isPartOf\":{\"@id\":\"https:\\\/\\\/nature-et-developpement.com\\\/macabane-materiaux\\\/#website\"},\"primaryImageOfPage\":{\"@id\":\"https:\\\/\\\/nature-et-developpement.com\\\/macabane-materiaux\\\/produit\\\/sol-en-bois-huile-nature-lame-xxl-lindura-hd-400-meister\\\/#primaryimage\"},\"image\":{\"@id\":\"https:\\\/\\\/nature-et-developpement.com\\\/macabane-materiaux\\\/produit\\\/sol-en-bois-huile-nature-lame-xxl-lindura-hd-400-meister\\\/#primaryimage\"},\"thumbnailUrl\":\"https:\\\/\\\/nature-et-developpement.com\\\/macabane-materiaux\\\/wp-content\\\/uploads\\\/8911-HD400-huile-nature-ambiance.jpg\",\"datePublished\":\"2025-01-29T23:00:00+00:00\",\"dateModified\":\"2026-01-24T10:21:16+00:00\",\"description\":\"Le sol en bois Lindura vous est propos\u00e9 dans ces nouvelles finitions ch\u00eane huil\u00e9. Cette nouvelle g\u00e9n\u00e9ration dispose ainsi de nouvelles surfaces \u00e9l\u00e9gantes et naturelles, 12 finitions en huil\u00e9 nature, avec un brossage de la surface en bois plus important et donc des structures plus profondes et expressives sur les surfaces en ch\u00eane authentiques et naturelles. AVEC UNE PHOTO DE CHEZ VOUS, TESTEZ-LE DANS VOTRE INT\u00c9RIEUR\",\"breadcrumb\":{\"@id\":\"https:\\\/\\\/nature-et-developpement.com\\\/macabane-materiaux\\\/produit\\\/sol-en-bois-huile-nature-lame-xxl-lindura-hd-400-meister\\\/#breadcrumb\"},\"inLanguage\":\"fr-FR\",\"potentialAction\":[{\"@type\":\"ReadAction\",\"target\":[\"https:\\\/\\\/nature-et-developpement.com\\\/macabane-materiaux\\\/produit\\\/sol-en-bois-huile-nature-lame-xxl-lindura-hd-400-meister\\\/\"]}]},{\"@type\":\"ImageObject\",\"inLanguage\":\"fr-FR\",\"@id\":\"https:\\\/\\\/nature-et-developpement.com\\\/macabane-materiaux\\\/produit\\\/sol-en-bois-huile-nature-lame-xxl-lindura-hd-400-meister\\\/#primaryimage\",\"url\":\"https:\\\/\\\/nature-et-developpement.com\\\/macabane-materiaux\\\/wp-content\\\/uploads\\\/8911-HD400-huile-nature-ambiance.jpg\",\"contentUrl\":\"https:\\\/\\\/nature-et-developpement.com\\\/macabane-materiaux\\\/wp-content\\\/uploads\\\/8911-HD400-huile-nature-ambiance.jpg\"},{\"@type\":\"BreadcrumbList\",\"@id\":\"https:\\\/\\\/nature-et-developpement.com\\\/macabane-materiaux\\\/produit\\\/sol-en-bois-huile-nature-lame-xxl-lindura-hd-400-meister\\\/#breadcrumb\",\"itemListElement\":[{\"@type\":\"ListItem\",\"position\":1,\"name\":\"Accueil\",\"item\":\"https:\\\/\\\/nature-et-developpement.com\\\/macabane-materiaux\\\/\"},{\"@type\":\"ListItem\",\"position\":2,\"name\":\"Boutique\",\"item\":\"https:\\\/\\\/nature-et-developpement.com\\\/macabane-materiaux\\\/boutique\\\/\"},{\"@type\":\"ListItem\",\"position\":3,\"name\":\"Parquets bois, stratifi\u00e9s et li\u00e8ge\",\"item\":\"https:\\\/\\\/nature-et-developpement.com\\\/macabane-materiaux\\\/produits\\\/parquet-et-sol-naturels\\\/\"},{\"@type\":\"ListItem\",\"position\":4,\"name\":\"Parquets bois\",\"item\":\"https:\\\/\\\/nature-et-developpement.com\\\/macabane-materiaux\\\/produits\\\/parquet-et-sol-naturels\\\/parquets-bois\\\/\"},{\"@type\":\"ListItem\",\"position\":5,\"name\":\"Sol en bois huile nature lame XXL Lindura HD400 Meister\"}]},{\"@type\":\"WebSite\",\"@id\":\"https:\\\/\\\/nature-et-developpement.com\\\/macabane-materiaux\\\/#website\",\"url\":\"https:\\\/\\\/nature-et-developpement.com\\\/macabane-materiaux\\\/\",\"name\":\"Ma Cabane mat\u00e9riaux naturels\",\"description\":\"Ma Cabane est membre du groupement Nature &amp; D\u00e9veloppement\",\"potentialAction\":[{\"@type\":\"SearchAction\",\"target\":{\"@type\":\"EntryPoint\",\"urlTemplate\":\"https:\\\/\\\/nature-et-developpement.com\\\/macabane-materiaux\\\/?s={search_term_string}\"},\"query-input\":{\"@type\":\"PropertyValueSpecification\",\"valueRequired\":true,\"valueName\":\"search_term_string\"}}],\"inLanguage\":\"fr-FR\"}]}<\/script>\n<!-- \/ Yoast SEO plugin. -->","yoast_head_json":{"title":"Sol en bois huile nature lame XXL Lindura HD400 Meister - Ma Cabane mat\u00e9riaux naturels","description":"Le sol en bois Lindura vous est propos\u00e9 dans ces nouvelles finitions ch\u00eane huil\u00e9. Cette nouvelle g\u00e9n\u00e9ration dispose ainsi de nouvelles surfaces \u00e9l\u00e9gantes et naturelles, 12 finitions en huil\u00e9 nature, avec un brossage de la surface en bois plus important et donc des structures plus profondes et expressives sur les surfaces en ch\u00eane authentiques et naturelles.  AVEC UNE PHOTO DE CHEZ VOUS, TESTEZ-LE DANS VOTRE INT\u00c9RIEUR","robots":{"index":"noindex","follow":"nofollow"},"og_locale":"fr_FR","og_type":"article","og_title":"Sol en bois huile nature lame XXL Lindura HD400 Meister - Ma Cabane mat\u00e9riaux naturels","og_description":"Le sol en bois Lindura vous est propos\u00e9 dans ces nouvelles finitions ch\u00eane huil\u00e9. Cette nouvelle g\u00e9n\u00e9ration dispose ainsi de nouvelles surfaces \u00e9l\u00e9gantes et naturelles, 12 finitions en huil\u00e9 nature, avec un brossage de la surface en bois plus important et donc des structures plus profondes et expressives sur les surfaces en ch\u00eane authentiques et naturelles.  AVEC UNE PHOTO DE CHEZ VOUS, TESTEZ-LE DANS VOTRE INT\u00c9RIEUR","og_url":"https:\/\/nature-et-developpement.com\/macabane-materiaux\/produit\/sol-en-bois-huile-nature-lame-xxl-lindura-hd-400-meister\/","og_site_name":"Ma Cabane mat\u00e9riaux naturels","article_modified_time":"2026-01-24T10:21:16+00:00","twitter_card":"summary_large_image","twitter_misc":{"Dur\u00e9e de lecture estim\u00e9e":"2 minutes"},"schema":{"@context":"https:\/\/schema.org","@graph":[{"@type":"WebPage","@id":"https:\/\/nature-et-developpement.com\/macabane-materiaux\/produit\/sol-en-bois-huile-nature-lame-xxl-lindura-hd-400-meister\/","url":"https:\/\/nature-et-developpement.com\/macabane-materiaux\/produit\/sol-en-bois-huile-nature-lame-xxl-lindura-hd-400-meister\/","name":"Sol en bois huile nature lame XXL Lindura HD400 Meister - Ma Cabane mat\u00e9riaux naturels","isPartOf":{"@id":"https:\/\/nature-et-developpement.com\/macabane-materiaux\/#website"},"primaryImageOfPage":{"@id":"https:\/\/nature-et-developpement.com\/macabane-materiaux\/produit\/sol-en-bois-huile-nature-lame-xxl-lindura-hd-400-meister\/#primaryimage"},"image":{"@id":"https:\/\/nature-et-developpement.com\/macabane-materiaux\/produit\/sol-en-bois-huile-nature-lame-xxl-lindura-hd-400-meister\/#primaryimage"},"thumbnailUrl":"https:\/\/nature-et-developpement.com\/macabane-materiaux\/wp-content\/uploads\/8911-HD400-huile-nature-ambiance.jpg","datePublished":"2025-01-29T23:00:00+00:00","dateModified":"2026-01-24T10:21:16+00:00","description":"Le sol en bois Lindura vous est propos\u00e9 dans ces nouvelles finitions ch\u00eane huil\u00e9. Cette nouvelle g\u00e9n\u00e9ration dispose ainsi de nouvelles surfaces \u00e9l\u00e9gantes et naturelles, 12 finitions en huil\u00e9 nature, avec un brossage de la surface en bois plus important et donc des structures plus profondes et expressives sur les surfaces en ch\u00eane authentiques et naturelles. AVEC UNE PHOTO DE CHEZ VOUS, TESTEZ-LE DANS VOTRE INT\u00c9RIEUR","breadcrumb":{"@id":"https:\/\/nature-et-developpement.com\/macabane-materiaux\/produit\/sol-en-bois-huile-nature-lame-xxl-lindura-hd-400-meister\/#breadcrumb"},"inLanguage":"fr-FR","potentialAction":[{"@type":"ReadAction","target":["https:\/\/nature-et-developpement.com\/macabane-materiaux\/produit\/sol-en-bois-huile-nature-lame-xxl-lindura-hd-400-meister\/"]}]},{"@type":"ImageObject","inLanguage":"fr-FR","@id":"https:\/\/nature-et-developpement.com\/macabane-materiaux\/produit\/sol-en-bois-huile-nature-lame-xxl-lindura-hd-400-meister\/#primaryimage","url":"https:\/\/nature-et-developpement.com\/macabane-materiaux\/wp-content\/uploads\/8911-HD400-huile-nature-ambiance.jpg","contentUrl":"https:\/\/nature-et-developpement.com\/macabane-materiaux\/wp-content\/uploads\/8911-HD400-huile-nature-ambiance.jpg"},{"@type":"BreadcrumbList","@id":"https:\/\/nature-et-developpement.com\/macabane-materiaux\/produit\/sol-en-bois-huile-nature-lame-xxl-lindura-hd-400-meister\/#breadcrumb","itemListElement":[{"@type":"ListItem","position":1,"name":"Accueil","item":"https:\/\/nature-et-developpement.com\/macabane-materiaux\/"},{"@type":"ListItem","position":2,"name":"Boutique","item":"https:\/\/nature-et-developpement.com\/macabane-materiaux\/boutique\/"},{"@type":"ListItem","position":3,"name":"Parquets bois, stratifi\u00e9s et li\u00e8ge","item":"https:\/\/nature-et-developpement.com\/macabane-materiaux\/produits\/parquet-et-sol-naturels\/"},{"@type":"ListItem","position":4,"name":"Parquets bois","item":"https:\/\/nature-et-developpement.com\/macabane-materiaux\/produits\/parquet-et-sol-naturels\/parquets-bois\/"},{"@type":"ListItem","position":5,"name":"Sol en bois huile nature lame XXL Lindura HD400 Meister"}]},{"@type":"WebSite","@id":"https:\/\/nature-et-developpement.com\/macabane-materiaux\/#website","url":"https:\/\/nature-et-developpement.com\/macabane-materiaux\/","name":"Ma Cabane mat\u00e9riaux naturels","description":"Ma Cabane est membre du groupement Nature &amp; D\u00e9veloppement","potentialAction":[{"@type":"SearchAction","target":{"@type":"EntryPoint","urlTemplate":"https:\/\/nature-et-developpement.com\/macabane-materiaux\/?s={search_term_string}"},"query-input":{"@type":"PropertyValueSpecification","valueRequired":true,"valueName":"search_term_string"}}],"inLanguage":"fr-FR"}]}},"distributor_meta":false,"distributor_terms":false,"distributor_media":false,"distributor_original_site_name":"Ma Cabane mat\u00e9riaux naturels","distributor_original_site_url":"https:\/\/nature-et-developpement.com\/macabane-materiaux","push-errors":false,"_links":{"self":[{"href":"https:\/\/nature-et-developpement.com\/macabane-materiaux\/wp-json\/wp\/v2\/product\/3555","targetHints":{"allow":["GET"]}}],"collection":[{"href":"https:\/\/nature-et-developpement.com\/macabane-materiaux\/wp-json\/wp\/v2\/product"}],"about":[{"href":"https:\/\/nature-et-developpement.com\/macabane-materiaux\/wp-json\/wp\/v2\/types\/product"}],"wp:featuredmedia":[{"embeddable":true,"href":"https:\/\/nature-et-developpement.com\/macabane-materiaux\/wp-json\/"}],"wp:attachment":[{"href":"https:\/\/nature-et-developpement.com\/macabane-materiaux\/wp-json\/wp\/v2\/media?parent=3555"}],"wp:term":[{"taxonomy":"product_brand","embeddable":true,"href":"https:\/\/nature-et-developpement.com\/macabane-materiaux\/wp-json\/wp\/v2\/product_brand?post=3555"},{"taxonomy":"product_cat","embeddable":true,"href":"https:\/\/nature-et-developpement.com\/macabane-materiaux\/wp-json\/wp\/v2\/product_cat?post=3555"},{"taxonomy":"product_tag","embeddable":true,"href":"https:\/\/nature-et-developpement.com\/macabane-materiaux\/wp-json\/wp\/v2\/product_tag?post=3555"}],"curies":[{"name":"wp","href":"https:\/\/api.w.org\/{rel}","templated":true}]}}