{"id":3649,"date":"2025-01-14T11:03:49","date_gmt":"2025-01-14T10:03:49","guid":{"rendered":"https:\/\/nature-et-developpement.com\/macabane-materiaux\/produit\/parquet-bois-vernis-ultra-mat-longlife-pd-450-de-meister\/"},"modified":"2026-03-25T19:23:57","modified_gmt":"2026-03-25T18:23:57","slug":"parquet-bois-vernis-ultra-mat-longlife-pd-450-de-meister","status":"publish","type":"product","link":"https:\/\/nature-et-developpement.com\/macabane-materiaux\/produit\/parquet-bois-vernis-ultra-mat-longlife-pd-450-de-meister\/","title":{"rendered":"Parquet bois vernis ultra-mat longlife PD 450 de Meister"},"content":{"rendered":"<h2>Parquet Bois Vernis Ultra-Mat Longlife PD 450 de Meister &#8211; La beaut\u00e9 naturelle alli\u00e9e \u00e0 la durabilit\u00e9<\/h2>\n<p>D\u00e9couvrez le Parquet Bois Vernis Ultra-Mat Longlife PD 450 de Meister, un choix parfait pour les amateurs de mat\u00e9riaux \u00e9cologiques.<\/p>\n<p>Avec ses dimensions g\u00e9n\u00e9reuses de 2,40 m\u00e8tres de longueur et 255mm de largeur.<\/p>\n<p>Ce parquet au format de lame style ch\u00e2teau de MeisterParquet longlife ajoutera une touche d&rsquo;\u00e9l\u00e9gance intemporelle \u00e0 votre int\u00e9rieur.<\/p>\n<p>La finition en vernis ultra-mat du Parquet Bois Vernis Ultra-Mat Longlife PD 450 de Meister est un v\u00e9ritable atout.<\/p>\n<p>Non seulement elle donne aux lames un aspect noble et naturel, mais elle les rend \u00e9galement incroyablement faciles \u00e0 entretenir.<\/p>\n<p>Gr\u00e2ce \u00e0 cette finition, les pores du bois sont humidifi\u00e9s, ce qui conf\u00e8re au parquet une r\u00e9sistance accrue aux taches et aux microrayures.<\/p>\n<p>Vous pouvez ainsi profiter de la beaut\u00e9 du bois sans vous soucier des petites rayures superficielles.<\/p>\n<p>L&rsquo;\u00e9paisseur totale de 13mm et la couche d&rsquo;usure en bois noble d&rsquo;environ 2,5mm garantissent la durabilit\u00e9 du Parquet Bois Vernis Ultra-Mat Longlife PD 450.<\/p>\n<p>Vous pouvez \u00eatre s\u00fbr que votre sol restera magnifique pendant de nombreuses ann\u00e9es \u00e0 venir.<\/p>\n<p>De plus, ce parquet b\u00e9n\u00e9ficie d&rsquo;une r\u00e9sistance \u00e0 l&rsquo;eau de 4 heures, ce qui en fait un choix id\u00e9al pour les pi\u00e8ces humides, telles que les salles de bains.<\/p>\n<p>Ce parquet \u00e9cologique est \u00e9galement respectueux de l&rsquo;environnement.<\/p>\n<h3>Il a re\u00e7u les labels A+ et Blaue Engel<\/h3>\n<p>Ce qui atteste de sa faible \u00e9mission de polluants et de sa production durable.<\/p>\n<p>En choisissant le Parquet Bois Vernis Ultra-Mat Longlife PD 450 de Meister, vous faites un geste concret pour la pr\u00e9servation de la plan\u00e8te.<\/p>\n<p>La pose du Parquet Bois Vernis Ultra-Mat Longlife PD 450 est un jeu d&rsquo;enfant. Vous pouvez l&rsquo;installer de mani\u00e8re flottante ou en le collant directement au sol.<\/p>\n<p>Cette flexibilit\u00e9 vous permet de choisir la m\u00e9thode qui convient le mieux \u00e0 vos besoins.<\/p>\n<p>Ce parquet convient parfaitement \u00e0 toutes les pi\u00e8ces d&rsquo;habitation, qu&rsquo;il s&rsquo;agisse de s\u00e9jours, de chambres ou de locaux commerciaux \u00e0 usage mod\u00e9r\u00e9.<\/p>\n<p>Il est important de noter que le Parquet Bois Vernis Ultra-Mat Longlife PD 450 de Meister ne convient pas aux espaces ext\u00e9rieurs ni aux pi\u00e8ces tr\u00e8s humides, tels que les saunas, les cabines de douche, les bains de vapeur et les pi\u00e8ces avec \u00e9coulement au sol.<\/p>\n<p>Cependant, il s&rsquo;adapte parfaitement aux pi\u00e8ces humides, comme les salles de bains, gr\u00e2ce \u00e0 sa r\u00e9sistance \u00e0 l&rsquo;eau.<\/p>\n<p>Optez pour le Parquet Bois Vernis Ultra-Mat Longlife PD 450 de Meister.<\/p>\n<p>Apportez une touche de sophistication et de durabilit\u00e9 \u00e0 votre int\u00e9rieur.<\/p>\n<p>Profitez de la beaut\u00e9 naturelle du bois tout en faisant un choix respectueux de l&rsquo;environnement.<\/p>\n<div class=\"flex-1 overflow-hidden\">\n<div class=\"react-scroll-to-bottom--css-xpnym-79elbk h-full dark:bg-gray-800\">\n<div class=\"react-scroll-to-bottom--css-xpnym-1n7m0yu\">\n<div class=\"flex flex-col text-sm dark:bg-gray-800\">\n<div class=\"group w-full text-gray-800 dark:text-gray-100 border-b border-black\/10 dark:border-gray-900\/50 bg-gray-50 dark:bg-[#444654]\">\n<div class=\"flex p-4 gap-4 text-base md:gap-6 md:max-w-2xl lg:max-w-[38rem] xl:max-w-3xl md:py-6 lg:px-0 m-auto\">\n<div class=\"relative flex w-[calc(100%-50px)] flex-col gap-1 md:gap-3 lg:w-[calc(100%-115px)]\">\n<div class=\"flex flex-grow flex-col gap-3\">\n<div class=\"flex flex-col items-start gap-4 whitespace-pre-wrap break-words\">\n<div class=\"markdown prose w-full break-words dark:prose-invert light\">\n<p>&nbsp;<\/p>\n<\/div>\n<\/div>\n<\/div>\n<\/div>\n<\/div>\n<\/div>\n<\/div>\n<\/div>\n<\/div>\n<\/div>\n","protected":false},"excerpt":{"rendered":"<p>D\u00e9couvrez le Parquet Bois Vernis Ultra-Mat Longlife PD 450 de Meister, une option \u00e9cologique qui allie beaut\u00e9 naturelle et durabilit\u00e9.<br \/>\nProfitez de ses dimensions g\u00e9n\u00e9reuses et de sa finition ultra-mat pour un sol facile d&rsquo;entretien.<br \/>\nId\u00e9al pour les pi\u00e8ces d&rsquo;habitation et les salles de bains.<br \/>\nPose flottante ou coll\u00e9e en plein.<\/p>\n<p>Ce sol en bois vous est propos\u00e9 en 6 finitions vernis ultra mat, avec une r\u00e9sistance \u00e0 l&rsquo;eau de 4H.<\/p>\n<p><a class=\"btn btn-default\" style=\"font-style: normal;font-family: Poppins, sans-serif\" href=\"https:\/\/meister.esignserver3.com\/gallery.do\" target=\"_blank\" rel=\"noopener\">AVEC UNE PHOTO DE CHEZ VOUS, TESTEZ-LE DANS VOTRE INT\u00c9RIEUR<\/a><\/p>\n","protected":false},"featured_media":1000000171628,"template":"","meta":[],"product_brand":[166],"product_cat":[98],"product_tag":[2334],"class_list":{"0":"post-3649","1":"product","2":"type-product","3":"status-publish","4":"has-post-thumbnail","6":"product_brand-meister","7":"product_cat-parquets-bois","8":"product_tag-parquet","9":"product_shipping_class-transport-parquet-lambris-meister-amorim","11":"first","12":"instock","13":"taxable","14":"shipping-taxable","15":"purchasable","16":"product-type-variable"},"yoast_head":"<!-- This site is optimized with the Yoast SEO plugin v27.5 - https:\/\/yoast.com\/product\/yoast-seo-wordpress\/ -->\n<title>Parquet bois vernis ultra-mat longlife PD 450 de Meister - Ma Cabane mat\u00e9riaux naturels<\/title>\n<meta name=\"description\" content=\"D\u00e9couvrez ce Parquet Bois qui allie beaut\u00e9 naturelle et durabilit\u00e9. R\u00e9sistance \u00e0 l&#039;eau de 4h. Id\u00e9al pour les pi\u00e8ces d&#039;habitation et les salles de bains.\" \/>\n<meta name=\"robots\" content=\"noindex, nofollow\" \/>\n<meta property=\"og:locale\" content=\"fr_FR\" \/>\n<meta property=\"og:type\" content=\"article\" \/>\n<meta property=\"og:title\" content=\"Parquet bois vernis ultra-mat longlife PD 450 de Meister - Ma Cabane mat\u00e9riaux naturels\" \/>\n<meta property=\"og:description\" content=\"D\u00e9couvrez ce Parquet Bois qui allie beaut\u00e9 naturelle et durabilit\u00e9. R\u00e9sistance \u00e0 l&#039;eau de 4h. Id\u00e9al pour les pi\u00e8ces d&#039;habitation et les salles de bains.\" \/>\n<meta property=\"og:url\" content=\"https:\/\/nature-et-developpement.com\/macabane-materiaux\/produit\/parquet-bois-vernis-ultra-mat-longlife-pd-450-de-meister\/\" \/>\n<meta property=\"og:site_name\" content=\"Ma Cabane mat\u00e9riaux naturels\" \/>\n<meta property=\"article:modified_time\" content=\"2026-03-25T18:23:57+00:00\" \/>\n<meta name=\"twitter:card\" content=\"summary_large_image\" \/>\n<meta name=\"twitter:label1\" content=\"Dur\u00e9e de lecture estim\u00e9e\" \/>\n\t<meta name=\"twitter:data1\" content=\"2 minutes\" \/>\n<script type=\"application\/ld+json\" class=\"yoast-schema-graph\">{\"@context\":\"https:\\\/\\\/schema.org\",\"@graph\":[{\"@type\":\"WebPage\",\"@id\":\"https:\\\/\\\/nature-et-developpement.com\\\/macabane-materiaux\\\/produit\\\/parquet-bois-vernis-ultra-mat-longlife-pd-450-de-meister\\\/\",\"url\":\"https:\\\/\\\/nature-et-developpement.com\\\/macabane-materiaux\\\/produit\\\/parquet-bois-vernis-ultra-mat-longlife-pd-450-de-meister\\\/\",\"name\":\"Parquet bois vernis ultra-mat longlife PD 450 de Meister - Ma Cabane mat\u00e9riaux naturels\",\"isPartOf\":{\"@id\":\"https:\\\/\\\/nature-et-developpement.com\\\/macabane-materiaux\\\/#website\"},\"primaryImageOfPage\":{\"@id\":\"https:\\\/\\\/nature-et-developpement.com\\\/macabane-materiaux\\\/produit\\\/parquet-bois-vernis-ultra-mat-longlife-pd-450-de-meister\\\/#primaryimage\"},\"image\":{\"@id\":\"https:\\\/\\\/nature-et-developpement.com\\\/macabane-materiaux\\\/produit\\\/parquet-bois-vernis-ultra-mat-longlife-pd-450-de-meister\\\/#primaryimage\"},\"thumbnailUrl\":\"https:\\\/\\\/nature-et-developpement.com\\\/macabane-materiaux\\\/wp-content\\\/uploads\\\/Couleur-9049-PD450-vernis-ultra-mat-ambiance.jpg\",\"datePublished\":\"2025-01-14T10:03:49+00:00\",\"dateModified\":\"2026-03-25T18:23:57+00:00\",\"description\":\"D\u00e9couvrez ce Parquet Bois qui allie beaut\u00e9 naturelle et durabilit\u00e9. R\u00e9sistance \u00e0 l'eau de 4h. Id\u00e9al pour les pi\u00e8ces d'habitation et les salles de bains.\",\"breadcrumb\":{\"@id\":\"https:\\\/\\\/nature-et-developpement.com\\\/macabane-materiaux\\\/produit\\\/parquet-bois-vernis-ultra-mat-longlife-pd-450-de-meister\\\/#breadcrumb\"},\"inLanguage\":\"fr-FR\",\"potentialAction\":[{\"@type\":\"ReadAction\",\"target\":[\"https:\\\/\\\/nature-et-developpement.com\\\/macabane-materiaux\\\/produit\\\/parquet-bois-vernis-ultra-mat-longlife-pd-450-de-meister\\\/\"]}]},{\"@type\":\"ImageObject\",\"inLanguage\":\"fr-FR\",\"@id\":\"https:\\\/\\\/nature-et-developpement.com\\\/macabane-materiaux\\\/produit\\\/parquet-bois-vernis-ultra-mat-longlife-pd-450-de-meister\\\/#primaryimage\",\"url\":\"https:\\\/\\\/nature-et-developpement.com\\\/macabane-materiaux\\\/wp-content\\\/uploads\\\/Couleur-9049-PD450-vernis-ultra-mat-ambiance.jpg\",\"contentUrl\":\"https:\\\/\\\/nature-et-developpement.com\\\/macabane-materiaux\\\/wp-content\\\/uploads\\\/Couleur-9049-PD450-vernis-ultra-mat-ambiance.jpg\"},{\"@type\":\"BreadcrumbList\",\"@id\":\"https:\\\/\\\/nature-et-developpement.com\\\/macabane-materiaux\\\/produit\\\/parquet-bois-vernis-ultra-mat-longlife-pd-450-de-meister\\\/#breadcrumb\",\"itemListElement\":[{\"@type\":\"ListItem\",\"position\":1,\"name\":\"Accueil\",\"item\":\"https:\\\/\\\/nature-et-developpement.com\\\/macabane-materiaux\\\/\"},{\"@type\":\"ListItem\",\"position\":2,\"name\":\"Boutique\",\"item\":\"https:\\\/\\\/nature-et-developpement.com\\\/macabane-materiaux\\\/boutique\\\/\"},{\"@type\":\"ListItem\",\"position\":3,\"name\":\"Parquets bois, stratifi\u00e9s et li\u00e8ge\",\"item\":\"https:\\\/\\\/nature-et-developpement.com\\\/macabane-materiaux\\\/produits\\\/parquet-et-sol-naturels\\\/\"},{\"@type\":\"ListItem\",\"position\":4,\"name\":\"Parquets bois\",\"item\":\"https:\\\/\\\/nature-et-developpement.com\\\/macabane-materiaux\\\/produits\\\/parquet-et-sol-naturels\\\/parquets-bois\\\/\"},{\"@type\":\"ListItem\",\"position\":5,\"name\":\"Parquet bois vernis ultra-mat longlife PD 450 de Meister\"}]},{\"@type\":\"WebSite\",\"@id\":\"https:\\\/\\\/nature-et-developpement.com\\\/macabane-materiaux\\\/#website\",\"url\":\"https:\\\/\\\/nature-et-developpement.com\\\/macabane-materiaux\\\/\",\"name\":\"Ma Cabane mat\u00e9riaux naturels\",\"description\":\"Ma Cabane est membre du groupement Nature &amp; D\u00e9veloppement\",\"potentialAction\":[{\"@type\":\"SearchAction\",\"target\":{\"@type\":\"EntryPoint\",\"urlTemplate\":\"https:\\\/\\\/nature-et-developpement.com\\\/macabane-materiaux\\\/?s={search_term_string}\"},\"query-input\":{\"@type\":\"PropertyValueSpecification\",\"valueRequired\":true,\"valueName\":\"search_term_string\"}}],\"inLanguage\":\"fr-FR\"}]}<\/script>\n<!-- \/ Yoast SEO plugin. -->","yoast_head_json":{"title":"Parquet bois vernis ultra-mat longlife PD 450 de Meister - Ma Cabane mat\u00e9riaux naturels","description":"D\u00e9couvrez ce Parquet Bois qui allie beaut\u00e9 naturelle et durabilit\u00e9. R\u00e9sistance \u00e0 l'eau de 4h. Id\u00e9al pour les pi\u00e8ces d'habitation et les salles de bains.","robots":{"index":"noindex","follow":"nofollow"},"og_locale":"fr_FR","og_type":"article","og_title":"Parquet bois vernis ultra-mat longlife PD 450 de Meister - Ma Cabane mat\u00e9riaux naturels","og_description":"D\u00e9couvrez ce Parquet Bois qui allie beaut\u00e9 naturelle et durabilit\u00e9. R\u00e9sistance \u00e0 l'eau de 4h. Id\u00e9al pour les pi\u00e8ces d'habitation et les salles de bains.","og_url":"https:\/\/nature-et-developpement.com\/macabane-materiaux\/produit\/parquet-bois-vernis-ultra-mat-longlife-pd-450-de-meister\/","og_site_name":"Ma Cabane mat\u00e9riaux naturels","article_modified_time":"2026-03-25T18:23:57+00:00","twitter_card":"summary_large_image","twitter_misc":{"Dur\u00e9e de lecture estim\u00e9e":"2 minutes"},"schema":{"@context":"https:\/\/schema.org","@graph":[{"@type":"WebPage","@id":"https:\/\/nature-et-developpement.com\/macabane-materiaux\/produit\/parquet-bois-vernis-ultra-mat-longlife-pd-450-de-meister\/","url":"https:\/\/nature-et-developpement.com\/macabane-materiaux\/produit\/parquet-bois-vernis-ultra-mat-longlife-pd-450-de-meister\/","name":"Parquet bois vernis ultra-mat longlife PD 450 de Meister - Ma Cabane mat\u00e9riaux naturels","isPartOf":{"@id":"https:\/\/nature-et-developpement.com\/macabane-materiaux\/#website"},"primaryImageOfPage":{"@id":"https:\/\/nature-et-developpement.com\/macabane-materiaux\/produit\/parquet-bois-vernis-ultra-mat-longlife-pd-450-de-meister\/#primaryimage"},"image":{"@id":"https:\/\/nature-et-developpement.com\/macabane-materiaux\/produit\/parquet-bois-vernis-ultra-mat-longlife-pd-450-de-meister\/#primaryimage"},"thumbnailUrl":"https:\/\/nature-et-developpement.com\/macabane-materiaux\/wp-content\/uploads\/Couleur-9049-PD450-vernis-ultra-mat-ambiance.jpg","datePublished":"2025-01-14T10:03:49+00:00","dateModified":"2026-03-25T18:23:57+00:00","description":"D\u00e9couvrez ce Parquet Bois qui allie beaut\u00e9 naturelle et durabilit\u00e9. R\u00e9sistance \u00e0 l'eau de 4h. Id\u00e9al pour les pi\u00e8ces d'habitation et les salles de bains.","breadcrumb":{"@id":"https:\/\/nature-et-developpement.com\/macabane-materiaux\/produit\/parquet-bois-vernis-ultra-mat-longlife-pd-450-de-meister\/#breadcrumb"},"inLanguage":"fr-FR","potentialAction":[{"@type":"ReadAction","target":["https:\/\/nature-et-developpement.com\/macabane-materiaux\/produit\/parquet-bois-vernis-ultra-mat-longlife-pd-450-de-meister\/"]}]},{"@type":"ImageObject","inLanguage":"fr-FR","@id":"https:\/\/nature-et-developpement.com\/macabane-materiaux\/produit\/parquet-bois-vernis-ultra-mat-longlife-pd-450-de-meister\/#primaryimage","url":"https:\/\/nature-et-developpement.com\/macabane-materiaux\/wp-content\/uploads\/Couleur-9049-PD450-vernis-ultra-mat-ambiance.jpg","contentUrl":"https:\/\/nature-et-developpement.com\/macabane-materiaux\/wp-content\/uploads\/Couleur-9049-PD450-vernis-ultra-mat-ambiance.jpg"},{"@type":"BreadcrumbList","@id":"https:\/\/nature-et-developpement.com\/macabane-materiaux\/produit\/parquet-bois-vernis-ultra-mat-longlife-pd-450-de-meister\/#breadcrumb","itemListElement":[{"@type":"ListItem","position":1,"name":"Accueil","item":"https:\/\/nature-et-developpement.com\/macabane-materiaux\/"},{"@type":"ListItem","position":2,"name":"Boutique","item":"https:\/\/nature-et-developpement.com\/macabane-materiaux\/boutique\/"},{"@type":"ListItem","position":3,"name":"Parquets bois, stratifi\u00e9s et li\u00e8ge","item":"https:\/\/nature-et-developpement.com\/macabane-materiaux\/produits\/parquet-et-sol-naturels\/"},{"@type":"ListItem","position":4,"name":"Parquets bois","item":"https:\/\/nature-et-developpement.com\/macabane-materiaux\/produits\/parquet-et-sol-naturels\/parquets-bois\/"},{"@type":"ListItem","position":5,"name":"Parquet bois vernis ultra-mat longlife PD 450 de Meister"}]},{"@type":"WebSite","@id":"https:\/\/nature-et-developpement.com\/macabane-materiaux\/#website","url":"https:\/\/nature-et-developpement.com\/macabane-materiaux\/","name":"Ma Cabane mat\u00e9riaux naturels","description":"Ma Cabane est membre du groupement Nature &amp; D\u00e9veloppement","potentialAction":[{"@type":"SearchAction","target":{"@type":"EntryPoint","urlTemplate":"https:\/\/nature-et-developpement.com\/macabane-materiaux\/?s={search_term_string}"},"query-input":{"@type":"PropertyValueSpecification","valueRequired":true,"valueName":"search_term_string"}}],"inLanguage":"fr-FR"}]}},"distributor_meta":false,"distributor_terms":false,"distributor_media":false,"distributor_original_site_name":"Ma Cabane mat\u00e9riaux naturels","distributor_original_site_url":"https:\/\/nature-et-developpement.com\/macabane-materiaux","push-errors":false,"_links":{"self":[{"href":"https:\/\/nature-et-developpement.com\/macabane-materiaux\/wp-json\/wp\/v2\/product\/3649","targetHints":{"allow":["GET"]}}],"collection":[{"href":"https:\/\/nature-et-developpement.com\/macabane-materiaux\/wp-json\/wp\/v2\/product"}],"about":[{"href":"https:\/\/nature-et-developpement.com\/macabane-materiaux\/wp-json\/wp\/v2\/types\/product"}],"wp:featuredmedia":[{"embeddable":true,"href":"https:\/\/nature-et-developpement.com\/macabane-materiaux\/wp-json\/"}],"wp:attachment":[{"href":"https:\/\/nature-et-developpement.com\/macabane-materiaux\/wp-json\/wp\/v2\/media?parent=3649"}],"wp:term":[{"taxonomy":"product_brand","embeddable":true,"href":"https:\/\/nature-et-developpement.com\/macabane-materiaux\/wp-json\/wp\/v2\/product_brand?post=3649"},{"taxonomy":"product_cat","embeddable":true,"href":"https:\/\/nature-et-developpement.com\/macabane-materiaux\/wp-json\/wp\/v2\/product_cat?post=3649"},{"taxonomy":"product_tag","embeddable":true,"href":"https:\/\/nature-et-developpement.com\/macabane-materiaux\/wp-json\/wp\/v2\/product_tag?post=3649"}],"curies":[{"name":"wp","href":"https:\/\/api.w.org\/{rel}","templated":true}]}}