{"id":3953,"date":"2023-03-25T18:56:04","date_gmt":"2023-03-25T17:56:04","guid":{"rendered":"https:\/\/nature-et-developpement.com\/macabane-materiaux\/produit\/baie-vitree-bois-coulissante-pliante-inova-bieber\/"},"modified":"2025-10-22T11:35:59","modified_gmt":"2025-10-22T09:35:59","slug":"porte-fenetre-bois-coulissante-pliante-inova-bieber","status":"publish","type":"product","link":"https:\/\/nature-et-developpement.com\/macabane-materiaux\/produit\/porte-fenetre-bois-coulissante-pliante-inova-bieber\/","title":{"rendered":"Porte fen\u00eatre coulissante Bois sur mesure INOVA BIEBER"},"content":{"rendered":"<h2>Baie vitr\u00e9e bois coulissante ou pliante sur mesure<\/h2>\n<h3>Une fabrication 100% fran\u00e7aise<\/h3>\n<p>Bieber a con\u00e7u <strong>une offre compl\u00e8te de menuiseries en bois<\/strong> appel\u00e9e <strong>Inova\u00ae<\/strong>.<\/p>\n<p>Cette ligne de produits regroupe un large choix de fen\u00eatres, porte-fen\u00eatre, coulissants et pliants, tant au niveau des ouvertures que des essences, des performances que des finitions.<\/p>\n<h3>Un\u00a0 design<\/h3>\n<p>Le bois est une mati\u00e8re qui s\u2019adapte aux projets en neuf, comme en r\u00e9novation.<br \/>\nLe bois est une mati\u00e8re chaleureuse mais aussi id\u00e9ale en d\u00e9coration int\u00e9rieure.<br \/>\nElle est \u00e9galement disponible en 4 essences de bois et 24 teintes.<\/p>\n<h3>Des performances thermiques<\/h3>\n<p>La baie vitr\u00e9e bois coulissante optimise la performance \u00e9nerg\u00e9tique de la maison. \u00a0De plus l\u2019apport solaire est nettement valoris\u00e9 par sa grande surface vitr\u00e9e et le rayonnement naturel.<\/p>\n<h3>Des performances acoustiques<\/h3>\n<p>L\u2019optimisation de l&rsquo;int\u00e9gralit\u00e9 des vitrages standard r\u00e9pond aux contraintes acoustiques les plus strictes par exemple les zones urbaines ou a\u00e9roportuaires.<\/p>\n<p>Une acoustique renforc\u00e9e m\u00eame sur les doubles vitrages standard gr\u00e2ce \u00e0 leur composition de type 6-20-4FE (sur dormant 68 mm).<\/p>\n<h3>Une luminosit\u00e9<\/h3>\n<p>Les baies vitr\u00e9es coulissantes sont en m\u00eame temps esth\u00e9tiques et performantes.<\/p>\n<p>Elles sont aussi d\u00e9velopp\u00e9es pour augmenter la lumi\u00e8re tout en r\u00e9duisant l\u2019encombrement.<\/p>\n<h3>En toute s\u00e9curit\u00e9<\/h3>\n<p>En verre tremp\u00e9 ou feuillet\u00e9, les vitrages offrent selon leur classe d\u2019essai, une protection aux personnes en cas d\u2019impact.<\/p>\n<p>D\u00e9velopp\u00e9s pour la s\u00e9curit\u00e9 en cas de vol, certains vitrages retardent l\u2019effraction et font l\u2019objet d\u2019une homologation par certains organismes d\u2019assurances.<\/p>\n<p>Inova\u00ae, agr\u00e9\u00e9e pour les b\u00e2timents de France (Inova\u00ae MF), mais est \u00e9galement compatible avec les habitats plus modernes.<\/p>\n<h3>Bieber en quelques mots<\/h3>\n<p>Fabricant expert de menuiseries ext\u00e9rieures sur mesure depuis 1928, acteur parmi les plus novateurs du march\u00e9<\/p>\n<p>Bieber d\u00e9ploie des solutions bois, mixtes et aluminium pour le r\u00e9sidentiel et le tertiaire.<\/p>\n<p>De plus, l\u2019entreprise propose un \u00e9ventail complet de fen\u00eatres, portes-fen\u00eatres, coulissants, ch\u00e2ssis et portes garantis par le savoir-faire de ses ma\u00eetres-artisans.<\/p>\n<p>Le plus important, une rigueur de son bureau d\u2019\u00e9tudes et la puissance de son outil industriel, en Alsace et en Aquitaine.<\/p>\n","protected":false},"excerpt":{"rendered":"<p>La ligne bois INOVA se d\u00e9cline en standard dans un large choix de fen\u00eatres, baies vitr\u00e9es, coulissants, pliants et ch\u00e2ssis fixes, tant au niveau des ouvertures que des essences, des performances et des finitions.<\/p>\n<p><span style=\"text-decoration: underline;color: #218e53\"><strong>Produit sur-mesure, demandez votre devis.<\/strong><\/span><\/p>\n","protected":false},"featured_media":1000000165838,"template":"","meta":[],"product_brand":[127],"product_cat":[73,84],"product_tag":[2695],"class_list":{"0":"post-3953","1":"product","2":"type-product","3":"status-publish","4":"has-post-thumbnail","6":"product_brand-bieber","7":"product_cat-demande-de-devis-uniquement-sans-prix","8":"product_cat-menuiseries-exterieures","9":"product_tag-bieber","10":"product_shipping_class-impact-transport-important","12":"first","13":"onbackorder","14":"taxable","15":"shipping-taxable","16":"purchasable","17":"product-type-variable"},"yoast_head":"<!-- This site is optimized with the Yoast SEO plugin v27.5 - https:\/\/yoast.com\/product\/yoast-seo-wordpress\/ -->\n<title>Porte fen\u00eatre coulissante Bois sur mesure INOVA BIEBER - Ma Cabane mat\u00e9riaux naturels<\/title>\n<meta name=\"description\" content=\"La ligne bois INOVA se d\u00e9cline en standard dans un large choix de fen\u00eatres, baies vitr\u00e9es, coulissants, pliants et ch\u00e2ssis fixes, tant au niveau des ouvertures que des essences, des performances et des finitions.  Produit sur-mesure, demandez votre devis. Baie vitr\u00e9e bois coulissante ou pliante sur mesure fabrication 100% fran\u00e7aise Bieber propose une offre compl\u00e8te de menuiseries en bois appel\u00e9e Inova.\" \/>\n<meta name=\"robots\" content=\"noindex, nofollow\" \/>\n<meta property=\"og:locale\" content=\"fr_FR\" \/>\n<meta property=\"og:type\" content=\"article\" \/>\n<meta property=\"og:title\" content=\"Porte fen\u00eatre coulissante Bois sur mesure INOVA BIEBER - Ma Cabane mat\u00e9riaux naturels\" \/>\n<meta property=\"og:description\" content=\"La ligne bois INOVA se d\u00e9cline en standard dans un large choix de fen\u00eatres, baies vitr\u00e9es, coulissants, pliants et ch\u00e2ssis fixes, tant au niveau des ouvertures que des essences, des performances et des finitions.  Produit sur-mesure, demandez votre devis. Baie vitr\u00e9e bois coulissante ou pliante sur mesure fabrication 100% fran\u00e7aise Bieber propose une offre compl\u00e8te de menuiseries en bois appel\u00e9e Inova.\" \/>\n<meta property=\"og:url\" content=\"https:\/\/nature-et-developpement.com\/macabane-materiaux\/produit\/porte-fenetre-bois-coulissante-pliante-inova-bieber\/\" \/>\n<meta property=\"og:site_name\" content=\"Ma Cabane mat\u00e9riaux naturels\" \/>\n<meta property=\"article:modified_time\" content=\"2025-10-22T09:35:59+00:00\" \/>\n<meta name=\"twitter:card\" content=\"summary_large_image\" \/>\n<meta name=\"twitter:label1\" content=\"Dur\u00e9e de lecture estim\u00e9e\" \/>\n\t<meta name=\"twitter:data1\" content=\"2 minutes\" \/>\n<script type=\"application\/ld+json\" class=\"yoast-schema-graph\">{\"@context\":\"https:\\\/\\\/schema.org\",\"@graph\":[{\"@type\":\"WebPage\",\"@id\":\"https:\\\/\\\/nature-et-developpement.com\\\/macabane-materiaux\\\/produit\\\/porte-fenetre-bois-coulissante-pliante-inova-bieber\\\/\",\"url\":\"https:\\\/\\\/nature-et-developpement.com\\\/macabane-materiaux\\\/produit\\\/porte-fenetre-bois-coulissante-pliante-inova-bieber\\\/\",\"name\":\"Porte fen\u00eatre coulissante Bois sur mesure INOVA BIEBER - Ma Cabane mat\u00e9riaux naturels\",\"isPartOf\":{\"@id\":\"https:\\\/\\\/nature-et-developpement.com\\\/macabane-materiaux\\\/#website\"},\"primaryImageOfPage\":{\"@id\":\"https:\\\/\\\/nature-et-developpement.com\\\/macabane-materiaux\\\/produit\\\/porte-fenetre-bois-coulissante-pliante-inova-bieber\\\/#primaryimage\"},\"image\":{\"@id\":\"https:\\\/\\\/nature-et-developpement.com\\\/macabane-materiaux\\\/produit\\\/porte-fenetre-bois-coulissante-pliante-inova-bieber\\\/#primaryimage\"},\"thumbnailUrl\":\"https:\\\/\\\/nature-et-developpement.com\\\/macabane-materiaux\\\/wp-content\\\/uploads\\\/Baie-vitree-coulissante-ou-pliante-en-Bois-sur-mesure-INOVA-de-BIEBER.jpg\",\"datePublished\":\"2023-03-25T17:56:04+00:00\",\"dateModified\":\"2025-10-22T09:35:59+00:00\",\"description\":\"La ligne bois INOVA se d\u00e9cline en standard dans un large choix de fen\u00eatres, baies vitr\u00e9es, coulissants, pliants et ch\u00e2ssis fixes, tant au niveau des ouvertures que des essences, des performances et des finitions. Produit sur-mesure, demandez votre devis. Baie vitr\u00e9e bois coulissante ou pliante sur mesure fabrication 100% fran\u00e7aise Bieber propose une offre compl\u00e8te de menuiseries en bois appel\u00e9e Inova.\",\"breadcrumb\":{\"@id\":\"https:\\\/\\\/nature-et-developpement.com\\\/macabane-materiaux\\\/produit\\\/porte-fenetre-bois-coulissante-pliante-inova-bieber\\\/#breadcrumb\"},\"inLanguage\":\"fr-FR\",\"potentialAction\":[{\"@type\":\"ReadAction\",\"target\":[\"https:\\\/\\\/nature-et-developpement.com\\\/macabane-materiaux\\\/produit\\\/porte-fenetre-bois-coulissante-pliante-inova-bieber\\\/\"]}]},{\"@type\":\"ImageObject\",\"inLanguage\":\"fr-FR\",\"@id\":\"https:\\\/\\\/nature-et-developpement.com\\\/macabane-materiaux\\\/produit\\\/porte-fenetre-bois-coulissante-pliante-inova-bieber\\\/#primaryimage\",\"url\":\"https:\\\/\\\/nature-et-developpement.com\\\/macabane-materiaux\\\/wp-content\\\/uploads\\\/Baie-vitree-coulissante-ou-pliante-en-Bois-sur-mesure-INOVA-de-BIEBER.jpg\",\"contentUrl\":\"https:\\\/\\\/nature-et-developpement.com\\\/macabane-materiaux\\\/wp-content\\\/uploads\\\/Baie-vitree-coulissante-ou-pliante-en-Bois-sur-mesure-INOVA-de-BIEBER.jpg\"},{\"@type\":\"BreadcrumbList\",\"@id\":\"https:\\\/\\\/nature-et-developpement.com\\\/macabane-materiaux\\\/produit\\\/porte-fenetre-bois-coulissante-pliante-inova-bieber\\\/#breadcrumb\",\"itemListElement\":[{\"@type\":\"ListItem\",\"position\":1,\"name\":\"Accueil\",\"item\":\"https:\\\/\\\/nature-et-developpement.com\\\/macabane-materiaux\\\/\"},{\"@type\":\"ListItem\",\"position\":2,\"name\":\"Boutique\",\"item\":\"https:\\\/\\\/nature-et-developpement.com\\\/macabane-materiaux\\\/boutique\\\/\"},{\"@type\":\"ListItem\",\"position\":3,\"name\":\"Construction, cloison et fen\u00eatres\",\"item\":\"https:\\\/\\\/nature-et-developpement.com\\\/macabane-materiaux\\\/produits\\\/construction\\\/\"},{\"@type\":\"ListItem\",\"position\":4,\"name\":\"Menuiserie ext\u00e9rieure\",\"item\":\"https:\\\/\\\/nature-et-developpement.com\\\/macabane-materiaux\\\/produits\\\/construction\\\/menuiseries-exterieures\\\/\"},{\"@type\":\"ListItem\",\"position\":5,\"name\":\"Porte fen\u00eatre coulissante Bois sur mesure INOVA BIEBER\"}]},{\"@type\":\"WebSite\",\"@id\":\"https:\\\/\\\/nature-et-developpement.com\\\/macabane-materiaux\\\/#website\",\"url\":\"https:\\\/\\\/nature-et-developpement.com\\\/macabane-materiaux\\\/\",\"name\":\"Ma Cabane mat\u00e9riaux naturels\",\"description\":\"Ma Cabane est membre du groupement Nature &amp; D\u00e9veloppement\",\"potentialAction\":[{\"@type\":\"SearchAction\",\"target\":{\"@type\":\"EntryPoint\",\"urlTemplate\":\"https:\\\/\\\/nature-et-developpement.com\\\/macabane-materiaux\\\/?s={search_term_string}\"},\"query-input\":{\"@type\":\"PropertyValueSpecification\",\"valueRequired\":true,\"valueName\":\"search_term_string\"}}],\"inLanguage\":\"fr-FR\"}]}<\/script>\n<!-- \/ Yoast SEO plugin. -->","yoast_head_json":{"title":"Porte fen\u00eatre coulissante Bois sur mesure INOVA BIEBER - Ma Cabane mat\u00e9riaux naturels","description":"La ligne bois INOVA se d\u00e9cline en standard dans un large choix de fen\u00eatres, baies vitr\u00e9es, coulissants, pliants et ch\u00e2ssis fixes, tant au niveau des ouvertures que des essences, des performances et des finitions.  Produit sur-mesure, demandez votre devis. Baie vitr\u00e9e bois coulissante ou pliante sur mesure fabrication 100% fran\u00e7aise Bieber propose une offre compl\u00e8te de menuiseries en bois appel\u00e9e Inova.","robots":{"index":"noindex","follow":"nofollow"},"og_locale":"fr_FR","og_type":"article","og_title":"Porte fen\u00eatre coulissante Bois sur mesure INOVA BIEBER - Ma Cabane mat\u00e9riaux naturels","og_description":"La ligne bois INOVA se d\u00e9cline en standard dans un large choix de fen\u00eatres, baies vitr\u00e9es, coulissants, pliants et ch\u00e2ssis fixes, tant au niveau des ouvertures que des essences, des performances et des finitions.  Produit sur-mesure, demandez votre devis. Baie vitr\u00e9e bois coulissante ou pliante sur mesure fabrication 100% fran\u00e7aise Bieber propose une offre compl\u00e8te de menuiseries en bois appel\u00e9e Inova.","og_url":"https:\/\/nature-et-developpement.com\/macabane-materiaux\/produit\/porte-fenetre-bois-coulissante-pliante-inova-bieber\/","og_site_name":"Ma Cabane mat\u00e9riaux naturels","article_modified_time":"2025-10-22T09:35:59+00:00","twitter_card":"summary_large_image","twitter_misc":{"Dur\u00e9e de lecture estim\u00e9e":"2 minutes"},"schema":{"@context":"https:\/\/schema.org","@graph":[{"@type":"WebPage","@id":"https:\/\/nature-et-developpement.com\/macabane-materiaux\/produit\/porte-fenetre-bois-coulissante-pliante-inova-bieber\/","url":"https:\/\/nature-et-developpement.com\/macabane-materiaux\/produit\/porte-fenetre-bois-coulissante-pliante-inova-bieber\/","name":"Porte fen\u00eatre coulissante Bois sur mesure INOVA BIEBER - Ma Cabane mat\u00e9riaux naturels","isPartOf":{"@id":"https:\/\/nature-et-developpement.com\/macabane-materiaux\/#website"},"primaryImageOfPage":{"@id":"https:\/\/nature-et-developpement.com\/macabane-materiaux\/produit\/porte-fenetre-bois-coulissante-pliante-inova-bieber\/#primaryimage"},"image":{"@id":"https:\/\/nature-et-developpement.com\/macabane-materiaux\/produit\/porte-fenetre-bois-coulissante-pliante-inova-bieber\/#primaryimage"},"thumbnailUrl":"https:\/\/nature-et-developpement.com\/macabane-materiaux\/wp-content\/uploads\/Baie-vitree-coulissante-ou-pliante-en-Bois-sur-mesure-INOVA-de-BIEBER.jpg","datePublished":"2023-03-25T17:56:04+00:00","dateModified":"2025-10-22T09:35:59+00:00","description":"La ligne bois INOVA se d\u00e9cline en standard dans un large choix de fen\u00eatres, baies vitr\u00e9es, coulissants, pliants et ch\u00e2ssis fixes, tant au niveau des ouvertures que des essences, des performances et des finitions. Produit sur-mesure, demandez votre devis. Baie vitr\u00e9e bois coulissante ou pliante sur mesure fabrication 100% fran\u00e7aise Bieber propose une offre compl\u00e8te de menuiseries en bois appel\u00e9e Inova.","breadcrumb":{"@id":"https:\/\/nature-et-developpement.com\/macabane-materiaux\/produit\/porte-fenetre-bois-coulissante-pliante-inova-bieber\/#breadcrumb"},"inLanguage":"fr-FR","potentialAction":[{"@type":"ReadAction","target":["https:\/\/nature-et-developpement.com\/macabane-materiaux\/produit\/porte-fenetre-bois-coulissante-pliante-inova-bieber\/"]}]},{"@type":"ImageObject","inLanguage":"fr-FR","@id":"https:\/\/nature-et-developpement.com\/macabane-materiaux\/produit\/porte-fenetre-bois-coulissante-pliante-inova-bieber\/#primaryimage","url":"https:\/\/nature-et-developpement.com\/macabane-materiaux\/wp-content\/uploads\/Baie-vitree-coulissante-ou-pliante-en-Bois-sur-mesure-INOVA-de-BIEBER.jpg","contentUrl":"https:\/\/nature-et-developpement.com\/macabane-materiaux\/wp-content\/uploads\/Baie-vitree-coulissante-ou-pliante-en-Bois-sur-mesure-INOVA-de-BIEBER.jpg"},{"@type":"BreadcrumbList","@id":"https:\/\/nature-et-developpement.com\/macabane-materiaux\/produit\/porte-fenetre-bois-coulissante-pliante-inova-bieber\/#breadcrumb","itemListElement":[{"@type":"ListItem","position":1,"name":"Accueil","item":"https:\/\/nature-et-developpement.com\/macabane-materiaux\/"},{"@type":"ListItem","position":2,"name":"Boutique","item":"https:\/\/nature-et-developpement.com\/macabane-materiaux\/boutique\/"},{"@type":"ListItem","position":3,"name":"Construction, cloison et fen\u00eatres","item":"https:\/\/nature-et-developpement.com\/macabane-materiaux\/produits\/construction\/"},{"@type":"ListItem","position":4,"name":"Menuiserie ext\u00e9rieure","item":"https:\/\/nature-et-developpement.com\/macabane-materiaux\/produits\/construction\/menuiseries-exterieures\/"},{"@type":"ListItem","position":5,"name":"Porte fen\u00eatre coulissante Bois sur mesure INOVA BIEBER"}]},{"@type":"WebSite","@id":"https:\/\/nature-et-developpement.com\/macabane-materiaux\/#website","url":"https:\/\/nature-et-developpement.com\/macabane-materiaux\/","name":"Ma Cabane mat\u00e9riaux naturels","description":"Ma Cabane est membre du groupement Nature &amp; D\u00e9veloppement","potentialAction":[{"@type":"SearchAction","target":{"@type":"EntryPoint","urlTemplate":"https:\/\/nature-et-developpement.com\/macabane-materiaux\/?s={search_term_string}"},"query-input":{"@type":"PropertyValueSpecification","valueRequired":true,"valueName":"search_term_string"}}],"inLanguage":"fr-FR"}]}},"distributor_meta":false,"distributor_terms":false,"distributor_media":false,"distributor_original_site_name":"Ma Cabane mat\u00e9riaux naturels","distributor_original_site_url":"https:\/\/nature-et-developpement.com\/macabane-materiaux","push-errors":false,"_links":{"self":[{"href":"https:\/\/nature-et-developpement.com\/macabane-materiaux\/wp-json\/wp\/v2\/product\/3953","targetHints":{"allow":["GET"]}}],"collection":[{"href":"https:\/\/nature-et-developpement.com\/macabane-materiaux\/wp-json\/wp\/v2\/product"}],"about":[{"href":"https:\/\/nature-et-developpement.com\/macabane-materiaux\/wp-json\/wp\/v2\/types\/product"}],"wp:featuredmedia":[{"embeddable":true,"href":"https:\/\/nature-et-developpement.com\/macabane-materiaux\/wp-json\/"}],"wp:attachment":[{"href":"https:\/\/nature-et-developpement.com\/macabane-materiaux\/wp-json\/wp\/v2\/media?parent=3953"}],"wp:term":[{"taxonomy":"product_brand","embeddable":true,"href":"https:\/\/nature-et-developpement.com\/macabane-materiaux\/wp-json\/wp\/v2\/product_brand?post=3953"},{"taxonomy":"product_cat","embeddable":true,"href":"https:\/\/nature-et-developpement.com\/macabane-materiaux\/wp-json\/wp\/v2\/product_cat?post=3953"},{"taxonomy":"product_tag","embeddable":true,"href":"https:\/\/nature-et-developpement.com\/macabane-materiaux\/wp-json\/wp\/v2\/product_tag?post=3953"}],"curies":[{"name":"wp","href":"https:\/\/api.w.org\/{rel}","templated":true}]}}