{"id":3990,"date":"2017-06-23T12:05:04","date_gmt":"2017-06-23T10:05:04","guid":{"rendered":"https:\/\/nature-et-developpement.com\/macabane-materiaux\/produit\/gaines-blindes-flexaray-prefilzen\/"},"modified":"2025-06-17T15:23:49","modified_gmt":"2025-06-17T13:23:49","slug":"gaines-blindes-flexaray-prefilzen","status":"publish","type":"product","link":"https:\/\/nature-et-developpement.com\/macabane-materiaux\/produit\/gaines-blindes-flexaray-prefilzen\/","title":{"rendered":"Gaines blind\u00e9s pr\u00e9fil\u00e9e avec des fils torsad\u00e9s prefilzen+ COURANT"},"content":{"rendered":"<h2><strong>prefil<\/strong>zen prot\u00e8ge des rayonnements \u00e9lectriques et att\u00e9nue 99% des rayonnements \u00e9lectromagn\u00e9tiques<\/h2>\n<p>Afin de vous aider \u00e0 prot\u00e9ger votre maison des champs \u00e9lectromagn\u00e9tique Courant a d\u00e9velopp\u00e9 et con\u00e7u la gaine <strong>prefil<\/strong>zen .<\/p>\n<p>Nous vivons \u00e9quip\u00e9s d&rsquo;appareils qui nous facilitent la vie mais dont on ignore l&rsquo;impact sur notre organisme et notre sant\u00e9 lorsqu\u2019ils \u00e9mettent des rayonnements basse fr\u00e9quence.<\/p>\n<p>Il convient donc, par pr\u00e9caution, d&rsquo;agir pour pr\u00e9server notre sant\u00e9.<\/p>\n<p><strong>prefil<\/strong>zen est une gaine de type ICTA 3422 conforme \u00e0 la norme europ\u00e9enne EN 61386-22.<\/p>\n<p>De m\u00eame technologie que la gaine flexaray, <strong>prefil<\/strong>zen est une pr\u00e9fil\u00e9e avec des fils torsad\u00e9s.<\/p>\n<p>Il en r\u00e9sulte un fourreau \u00e9lectrique de protection des champs \u00e9lectriques et \u00e9lectromagn\u00e9tiques efficace \u00e0 plus de 99 %.<\/p>\n<p>La soci\u00e9t\u00e9 COURANT, entreprise familiale sp\u00e9cialis\u00e9e depuis plus de 50 ans dans la fabrication de gaines \u00e9lectriques, a imagin\u00e9 une solution permettant de rendre l&rsquo;habitation plus saine.<\/p>\n<div class=\"col_box\">\n<h4 align=\"left\">UN SYSTEME : 2 marques et des accessoires<\/h4>\n<div align=\"left\">\n<ul>\n<li><strong>prefil<\/strong>zen , gaine pr\u00e9fil\u00e9e anti-rayonnement \u00e9lectromagn\u00e9tique<\/li>\n<li>FLEX-A-RAY , gaine anti-rayonnement \u00e9lectrique<\/li>\n<li>Accessoires : boite \u00e9tanche, peinture faradis\u00e9e, bouchon RT, &#8230; (sur demande)<\/li>\n<\/ul>\n<p>Mati\u00e8re : Polyol\u00e9fines<\/p>\n<p>Couleur : bleu<\/p>\n<p>Plage de temp\u00e9rature d\u2019utilisation : en r\u00e9gime permanent de -5\u00b0C \u00e0 90\u00b0C<\/p>\n<p><strong>R\u00e9sistances:<\/strong><\/p>\n<ul>\n<li>\u00e0 l\u2019\u00e9crasement : 750N \u00e0 23\u00b0C(\u00b1 2\u00b0C)<\/li>\n<li>aux chocs : 6 joules \u00e0 -5\u00b0C<\/li>\n<li>isolement: \u2264100\u03a9 sous une tension de 500V continue<\/li>\n<\/ul>\n<p>Non propagateur de la flamme : Test br\u00fbleur 1Kw<\/p>\n<p>R\u00e9sistance \u00e0 la chaleur : 90\u00b0C(\u00b1 2\u00b0C) pendant 4 heures puis sous une charge de 2 kg durant 24 heures \u00e0 la m\u00eame temp\u00e9rature.<\/p>\n<p><strong>\u00c9tanch\u00e9it\u00e9: homologu\u00e9 IP 44.<\/strong><\/p>\n<p>Vendu en couronne de 100m<\/p>\n<p>Existe aussi en version gaine vide, voir le <a href=\"https:\/\/nature-et-developpement.com\/produit\/gaines-blindes-flexaray-de-courant\/\">Flexaray+<\/a><\/p>\n<\/div>\n<\/div>\n","protected":false},"excerpt":{"rendered":"<p>La gaine prefilzen permet de diminuer plus de 99% le champ \u00e9lectromagn\u00e9tique.<\/p>\n<p>Vendu en couronne de 100m<\/p>\n<p>Existe aussi en version gaine vide, voir le <a href=\"https:\/\/nature-et-developpement.com\/produit\/gaines-blindes-flexaray-de-courant\/\">Flexaray+<\/a><\/p>\n","protected":false},"featured_media":1000000168909,"template":"","meta":[],"product_brand":[136],"product_cat":[2342,2341,107,73],"product_tag":[2754],"class_list":{"0":"post-3990","1":"product","2":"type-product","3":"status-publish","4":"has-post-thumbnail","6":"product_brand-courant","7":"product_cat-accessoires-construction","8":"product_cat-accessoires-isolation-et-etancheite","9":"product_cat-bio-electricite","10":"product_cat-demande-de-devis-uniquement-sans-prix","11":"product_tag-bioelectricite","12":"product_shipping_class-petit-equipement-outil-eclairage","14":"first","15":"onbackorder","16":"taxable","17":"shipping-taxable","18":"purchasable","19":"product-type-variable"},"yoast_head":"<!-- This site is optimized with the Yoast SEO plugin v27.5 - https:\/\/yoast.com\/product\/yoast-seo-wordpress\/ -->\n<title>Gaines blind\u00e9s pr\u00e9fil\u00e9e avec des fils torsad\u00e9s prefilzen+ COURANT - Ma Cabane mat\u00e9riaux naturels<\/title>\n<meta name=\"description\" content=\"La gaine prefilzen permet de diminuer plus de 99% le champ \u00e9lectromagn\u00e9tique. Vendu en couronne de 100m\" \/>\n<meta name=\"robots\" content=\"noindex, follow\" \/>\n<meta property=\"og:locale\" content=\"fr_FR\" \/>\n<meta property=\"og:type\" content=\"article\" \/>\n<meta property=\"og:title\" content=\"Gaines blind\u00e9s pr\u00e9fil\u00e9e avec des fils torsad\u00e9s prefilzen+ COURANT - Ma Cabane mat\u00e9riaux naturels\" \/>\n<meta property=\"og:description\" content=\"La gaine prefilzen permet de diminuer plus de 99% le champ \u00e9lectromagn\u00e9tique. Vendu en couronne de 100m\" \/>\n<meta property=\"og:url\" content=\"https:\/\/nature-et-developpement.com\/macabane-materiaux\/produit\/gaines-blindes-flexaray-prefilzen\/\" \/>\n<meta property=\"og:site_name\" content=\"Ma Cabane mat\u00e9riaux naturels\" \/>\n<meta property=\"article:modified_time\" content=\"2025-06-17T13:23:49+00:00\" \/>\n<meta name=\"twitter:card\" content=\"summary_large_image\" \/>\n<meta name=\"twitter:label1\" content=\"Dur\u00e9e de lecture estim\u00e9e\" \/>\n\t<meta name=\"twitter:data1\" content=\"2 minutes\" \/>\n<script type=\"application\/ld+json\" class=\"yoast-schema-graph\">{\"@context\":\"https:\\\/\\\/schema.org\",\"@graph\":[{\"@type\":\"WebPage\",\"@id\":\"https:\\\/\\\/nature-et-developpement.com\\\/macabane-materiaux\\\/produit\\\/gaines-blindes-flexaray-prefilzen\\\/\",\"url\":\"https:\\\/\\\/nature-et-developpement.com\\\/macabane-materiaux\\\/produit\\\/gaines-blindes-flexaray-prefilzen\\\/\",\"name\":\"Gaines blind\u00e9s pr\u00e9fil\u00e9e avec des fils torsad\u00e9s prefilzen+ COURANT - Ma Cabane mat\u00e9riaux naturels\",\"isPartOf\":{\"@id\":\"https:\\\/\\\/nature-et-developpement.com\\\/macabane-materiaux\\\/#website\"},\"primaryImageOfPage\":{\"@id\":\"https:\\\/\\\/nature-et-developpement.com\\\/macabane-materiaux\\\/produit\\\/gaines-blindes-flexaray-prefilzen\\\/#primaryimage\"},\"image\":{\"@id\":\"https:\\\/\\\/nature-et-developpement.com\\\/macabane-materiaux\\\/produit\\\/gaines-blindes-flexaray-prefilzen\\\/#primaryimage\"},\"thumbnailUrl\":\"https:\\\/\\\/nature-et-developpement.com\\\/macabane-materiaux\\\/wp-content\\\/uploads\\\/Gaines-blindes-prefilee-avec-des-fils-torsades-prefilzen-de-COURANT.jpg\",\"datePublished\":\"2017-06-23T10:05:04+00:00\",\"dateModified\":\"2025-06-17T13:23:49+00:00\",\"description\":\"La gaine prefilzen permet de diminuer plus de 99% le champ \u00e9lectromagn\u00e9tique. Vendu en couronne de 100m\",\"breadcrumb\":{\"@id\":\"https:\\\/\\\/nature-et-developpement.com\\\/macabane-materiaux\\\/produit\\\/gaines-blindes-flexaray-prefilzen\\\/#breadcrumb\"},\"inLanguage\":\"fr-FR\",\"potentialAction\":[{\"@type\":\"ReadAction\",\"target\":[\"https:\\\/\\\/nature-et-developpement.com\\\/macabane-materiaux\\\/produit\\\/gaines-blindes-flexaray-prefilzen\\\/\"]}]},{\"@type\":\"ImageObject\",\"inLanguage\":\"fr-FR\",\"@id\":\"https:\\\/\\\/nature-et-developpement.com\\\/macabane-materiaux\\\/produit\\\/gaines-blindes-flexaray-prefilzen\\\/#primaryimage\",\"url\":\"https:\\\/\\\/nature-et-developpement.com\\\/macabane-materiaux\\\/wp-content\\\/uploads\\\/Gaines-blindes-prefilee-avec-des-fils-torsades-prefilzen-de-COURANT.jpg\",\"contentUrl\":\"https:\\\/\\\/nature-et-developpement.com\\\/macabane-materiaux\\\/wp-content\\\/uploads\\\/Gaines-blindes-prefilee-avec-des-fils-torsades-prefilzen-de-COURANT.jpg\"},{\"@type\":\"BreadcrumbList\",\"@id\":\"https:\\\/\\\/nature-et-developpement.com\\\/macabane-materiaux\\\/produit\\\/gaines-blindes-flexaray-prefilzen\\\/#breadcrumb\",\"itemListElement\":[{\"@type\":\"ListItem\",\"position\":1,\"name\":\"Accueil\",\"item\":\"https:\\\/\\\/nature-et-developpement.com\\\/macabane-materiaux\\\/\"},{\"@type\":\"ListItem\",\"position\":2,\"name\":\"Boutique\",\"item\":\"https:\\\/\\\/nature-et-developpement.com\\\/macabane-materiaux\\\/boutique\\\/\"},{\"@type\":\"ListItem\",\"position\":3,\"name\":\"Construction, cloison et fen\u00eatres\",\"item\":\"https:\\\/\\\/nature-et-developpement.com\\\/macabane-materiaux\\\/produits\\\/construction\\\/\"},{\"@type\":\"ListItem\",\"position\":4,\"name\":\"Accessoires construction\",\"item\":\"https:\\\/\\\/nature-et-developpement.com\\\/macabane-materiaux\\\/produits\\\/construction\\\/accessoires-construction\\\/\"},{\"@type\":\"ListItem\",\"position\":5,\"name\":\"Gaines blind\u00e9s pr\u00e9fil\u00e9e avec des fils torsad\u00e9s prefilzen+ COURANT\"}]},{\"@type\":\"WebSite\",\"@id\":\"https:\\\/\\\/nature-et-developpement.com\\\/macabane-materiaux\\\/#website\",\"url\":\"https:\\\/\\\/nature-et-developpement.com\\\/macabane-materiaux\\\/\",\"name\":\"Ma Cabane mat\u00e9riaux naturels\",\"description\":\"Ma Cabane est membre du groupement Nature &amp; D\u00e9veloppement\",\"potentialAction\":[{\"@type\":\"SearchAction\",\"target\":{\"@type\":\"EntryPoint\",\"urlTemplate\":\"https:\\\/\\\/nature-et-developpement.com\\\/macabane-materiaux\\\/?s={search_term_string}\"},\"query-input\":{\"@type\":\"PropertyValueSpecification\",\"valueRequired\":true,\"valueName\":\"search_term_string\"}}],\"inLanguage\":\"fr-FR\"}]}<\/script>\n<!-- \/ Yoast SEO plugin. -->","yoast_head_json":{"title":"Gaines blind\u00e9s pr\u00e9fil\u00e9e avec des fils torsad\u00e9s prefilzen+ COURANT - Ma Cabane mat\u00e9riaux naturels","description":"La gaine prefilzen permet de diminuer plus de 99% le champ \u00e9lectromagn\u00e9tique. Vendu en couronne de 100m","robots":{"index":"noindex","follow":"follow"},"og_locale":"fr_FR","og_type":"article","og_title":"Gaines blind\u00e9s pr\u00e9fil\u00e9e avec des fils torsad\u00e9s prefilzen+ COURANT - Ma Cabane mat\u00e9riaux naturels","og_description":"La gaine prefilzen permet de diminuer plus de 99% le champ \u00e9lectromagn\u00e9tique. Vendu en couronne de 100m","og_url":"https:\/\/nature-et-developpement.com\/macabane-materiaux\/produit\/gaines-blindes-flexaray-prefilzen\/","og_site_name":"Ma Cabane mat\u00e9riaux naturels","article_modified_time":"2025-06-17T13:23:49+00:00","twitter_card":"summary_large_image","twitter_misc":{"Dur\u00e9e de lecture estim\u00e9e":"2 minutes"},"schema":{"@context":"https:\/\/schema.org","@graph":[{"@type":"WebPage","@id":"https:\/\/nature-et-developpement.com\/macabane-materiaux\/produit\/gaines-blindes-flexaray-prefilzen\/","url":"https:\/\/nature-et-developpement.com\/macabane-materiaux\/produit\/gaines-blindes-flexaray-prefilzen\/","name":"Gaines blind\u00e9s pr\u00e9fil\u00e9e avec des fils torsad\u00e9s prefilzen+ COURANT - Ma Cabane mat\u00e9riaux naturels","isPartOf":{"@id":"https:\/\/nature-et-developpement.com\/macabane-materiaux\/#website"},"primaryImageOfPage":{"@id":"https:\/\/nature-et-developpement.com\/macabane-materiaux\/produit\/gaines-blindes-flexaray-prefilzen\/#primaryimage"},"image":{"@id":"https:\/\/nature-et-developpement.com\/macabane-materiaux\/produit\/gaines-blindes-flexaray-prefilzen\/#primaryimage"},"thumbnailUrl":"https:\/\/nature-et-developpement.com\/macabane-materiaux\/wp-content\/uploads\/Gaines-blindes-prefilee-avec-des-fils-torsades-prefilzen-de-COURANT.jpg","datePublished":"2017-06-23T10:05:04+00:00","dateModified":"2025-06-17T13:23:49+00:00","description":"La gaine prefilzen permet de diminuer plus de 99% le champ \u00e9lectromagn\u00e9tique. Vendu en couronne de 100m","breadcrumb":{"@id":"https:\/\/nature-et-developpement.com\/macabane-materiaux\/produit\/gaines-blindes-flexaray-prefilzen\/#breadcrumb"},"inLanguage":"fr-FR","potentialAction":[{"@type":"ReadAction","target":["https:\/\/nature-et-developpement.com\/macabane-materiaux\/produit\/gaines-blindes-flexaray-prefilzen\/"]}]},{"@type":"ImageObject","inLanguage":"fr-FR","@id":"https:\/\/nature-et-developpement.com\/macabane-materiaux\/produit\/gaines-blindes-flexaray-prefilzen\/#primaryimage","url":"https:\/\/nature-et-developpement.com\/macabane-materiaux\/wp-content\/uploads\/Gaines-blindes-prefilee-avec-des-fils-torsades-prefilzen-de-COURANT.jpg","contentUrl":"https:\/\/nature-et-developpement.com\/macabane-materiaux\/wp-content\/uploads\/Gaines-blindes-prefilee-avec-des-fils-torsades-prefilzen-de-COURANT.jpg"},{"@type":"BreadcrumbList","@id":"https:\/\/nature-et-developpement.com\/macabane-materiaux\/produit\/gaines-blindes-flexaray-prefilzen\/#breadcrumb","itemListElement":[{"@type":"ListItem","position":1,"name":"Accueil","item":"https:\/\/nature-et-developpement.com\/macabane-materiaux\/"},{"@type":"ListItem","position":2,"name":"Boutique","item":"https:\/\/nature-et-developpement.com\/macabane-materiaux\/boutique\/"},{"@type":"ListItem","position":3,"name":"Construction, cloison et fen\u00eatres","item":"https:\/\/nature-et-developpement.com\/macabane-materiaux\/produits\/construction\/"},{"@type":"ListItem","position":4,"name":"Accessoires construction","item":"https:\/\/nature-et-developpement.com\/macabane-materiaux\/produits\/construction\/accessoires-construction\/"},{"@type":"ListItem","position":5,"name":"Gaines blind\u00e9s pr\u00e9fil\u00e9e avec des fils torsad\u00e9s prefilzen+ COURANT"}]},{"@type":"WebSite","@id":"https:\/\/nature-et-developpement.com\/macabane-materiaux\/#website","url":"https:\/\/nature-et-developpement.com\/macabane-materiaux\/","name":"Ma Cabane mat\u00e9riaux naturels","description":"Ma Cabane est membre du groupement Nature &amp; D\u00e9veloppement","potentialAction":[{"@type":"SearchAction","target":{"@type":"EntryPoint","urlTemplate":"https:\/\/nature-et-developpement.com\/macabane-materiaux\/?s={search_term_string}"},"query-input":{"@type":"PropertyValueSpecification","valueRequired":true,"valueName":"search_term_string"}}],"inLanguage":"fr-FR"}]}},"distributor_meta":false,"distributor_terms":false,"distributor_media":false,"distributor_original_site_name":"Ma Cabane mat\u00e9riaux naturels","distributor_original_site_url":"https:\/\/nature-et-developpement.com\/macabane-materiaux","push-errors":false,"_links":{"self":[{"href":"https:\/\/nature-et-developpement.com\/macabane-materiaux\/wp-json\/wp\/v2\/product\/3990","targetHints":{"allow":["GET"]}}],"collection":[{"href":"https:\/\/nature-et-developpement.com\/macabane-materiaux\/wp-json\/wp\/v2\/product"}],"about":[{"href":"https:\/\/nature-et-developpement.com\/macabane-materiaux\/wp-json\/wp\/v2\/types\/product"}],"wp:featuredmedia":[{"embeddable":true,"href":"https:\/\/nature-et-developpement.com\/macabane-materiaux\/wp-json\/"}],"wp:attachment":[{"href":"https:\/\/nature-et-developpement.com\/macabane-materiaux\/wp-json\/wp\/v2\/media?parent=3990"}],"wp:term":[{"taxonomy":"product_brand","embeddable":true,"href":"https:\/\/nature-et-developpement.com\/macabane-materiaux\/wp-json\/wp\/v2\/product_brand?post=3990"},{"taxonomy":"product_cat","embeddable":true,"href":"https:\/\/nature-et-developpement.com\/macabane-materiaux\/wp-json\/wp\/v2\/product_cat?post=3990"},{"taxonomy":"product_tag","embeddable":true,"href":"https:\/\/nature-et-developpement.com\/macabane-materiaux\/wp-json\/wp\/v2\/product_tag?post=3990"}],"curies":[{"name":"wp","href":"https:\/\/api.w.org\/{rel}","templated":true}]}}