{"id":3997,"date":"2023-06-28T12:10:26","date_gmt":"2023-06-28T10:10:26","guid":{"rendered":"https:\/\/nature-et-developpement.com\/macabane-materiaux\/produit\/kit-vmc-simple-flux-hygroreglable-ducobox-hygro-b\/"},"modified":"2026-01-09T11:11:37","modified_gmt":"2026-01-09T10:11:37","slug":"kit-vmc-simple-flux-hygroreglable-ducobox-hygro-b","status":"publish","type":"product","link":"https:\/\/nature-et-developpement.com\/macabane-materiaux\/produit\/kit-vmc-simple-flux-hygroreglable-ducobox-hygro-b\/","title":{"rendered":"Kit VMC simple flux hygror\u00e9glable DucoBox Hygro de DUCO pour maison neuve type T1 \u00e0 T7"},"content":{"rendered":"<h2><span lang=\"FR-BE\">VMC simple flux hygror\u00e9glable pour maisons neuves<\/span><\/h2>\n<p>La DucoBox Hygro est la VMC simple flux hygror\u00e9glable pour maisons neuves, types T1 \u00e0 T7.<\/p>\n<p>Avec son moteur EC silencieux \u00e0 basse ou tr\u00e8s basse consommation, vous profitez non seulement d\u2019un climat int\u00e9rieur sain, mais elle est aussi \u00e9conome en \u00e9nergie.<\/p>\n<p>La r\u00e9glage des d\u00e9bits d\u2019air est en fonction de la d\u00e9tection m\u00e9canique d\u2019humidit\u00e9 par chambre.<\/p>\n<p>La DucoBox Hygro est fourni d\u2019un\u00a0<span class=\"navigation-inline\"><a title=\"avis technique\" href=\"https:\/\/www.duco.eu\/Wes\/CDN\/1\/Attachments\/AVIS%20TECHNIQUE%20FAMILLE%20HYGRO%20-%20FINALE_637368903285550684.pdf\" target=\"_blank\" rel=\"noopener\">avis technique<\/a><\/span>\u00a0et du QB.<br \/>\nCe ventilateur d&rsquo;extraction silencieux, compact, durable et extr\u00eamement \u00e9conome en \u00e9nergie \u00e9vacue l&rsquo;air humide et\/ou vici\u00e9 quand et o\u00f9 cela s&rsquo;av\u00e8re n\u00e9cessaire, et en quantit\u00e9 ad\u00e9quate.<\/p>\n<p>Les clapets de r\u00e9glage int\u00e9gr\u00e9s (\u00e0 commander s\u00e9par\u00e9ment) veillent en outre \u00e0 ce que l&rsquo;air ne soit extrait que l\u00e0 o\u00f9 cela est n\u00e9cessaire, garantissant un fonctionnement encore plus silencieux et peu \u00e9nergivore.<\/p>\n<p>La structure simple et le moteur \u00e0 courant continu efficace sont le gage d&rsquo;une longue dur\u00e9e de vie.<\/p>\n<h3>Le kit de la VMC hygror\u00e9glable simple flux contient :<\/h3>\n<ul>\n<li>1x DucoBox Hygro<\/li>\n<li>4x Bouchon \u00d8 125 mm<\/li>\n<li>2x R\u00e9ducteur \u00d8 125 mm ou \u00d8 80 mm<\/li>\n<li>1 x Bouche Aliz\u00e9 Hygro Tempo 10\/45\/135 (Cuisine &#8211; \u00e0 piles) \u00d8 125 mm<\/li>\n<li>1x Bouche DUCO Aliz\u00e9 Hygro 10\/40 Salle de Bains \u00d8 125 mm<\/li>\n<li>1x Bouche DUCO Aliz\u00e9 Vision 5\/30 (WC &#8211; \u00e0 piles) \u00d8 125 mm<\/li>\n<li>1x Manchon placo 3 griffes \u00d8 125 mm<\/li>\n<li>2x Manchon placo 3 griffes \u00d8 80 mm<\/li>\n<\/ul>\n<h3>Disponible en 3 versions :<\/h3>\n<p>La DucoBox Hygro est disponible en 3 versions\u00a0:<\/p>\n<ol>\n<li>DucoBox Hygro<\/li>\n<li>DucoBox Hygro OptiWatt<\/li>\n<li>DucoBox Hygro OptiWatt HP<\/li>\n<\/ol>\n<table class=\"DUCO-simple-table\" style=\"height: 131px\" width=\"922\">\n<thead>\n<tr>\n<td><strong>DucoBox Hygro<\/strong><\/td>\n<td><strong>DucoBox Hygro\u00a0OptiWatt<\/strong><\/td>\n<td><strong>DucoBox Hygro\u00a0OptiWatt HP<\/strong><\/td>\n<\/tr>\n<\/thead>\n<tbody>\n<tr>\n<td>Syst\u00e8me de ventilation \u00e0 basse consommation<\/td>\n<td>Syst\u00e8me de ventilation \u00e0 tr\u00e8s basse consommation<\/td>\n<td>Syst\u00e8me de ventilation \u00e0 tr\u00e8s basse consommation + haute pression<\/td>\n<\/tr>\n<\/tbody>\n<\/table>\n<p><strong>La DucoBox Hygro OPTIWATT<\/strong> se diff\u00e9rencie de la DucoBox Hygro par son fonctionnement plus \u00e9nerg\u00e9tique (\u00ab saut de courbe \u00bb) : elle revient a son d\u00e9bit de base lorsque les bouches ne d\u00e9tectent pas d&rsquo;humidit\u00e9.<\/p>\n<p><strong>La DucoBox Hygro OPTIWATT HP<\/strong> se diff\u00e9rencie de la DucoBox Hygro OPTIWATT par sa puissance : ainsi la OPTIWATT HP garantit d\u2019atteindre le bon d\u00e9bit d\u2019air m\u00eame si les gaines sont longues ou s\u2019il y a beaucoup de coudes dans le r\u00e9seau.<\/p>\n<p>Duco apporte de l&rsquo;oxyg\u00e8ne dans n&rsquo;importe quel b\u00e2timent de mani\u00e8re naturelle.<\/p>\n<p>Un apport d&rsquo;air frais directement par la fa\u00e7ade, sans conduites d&rsquo;arriv\u00e9e complexes, constitue la garantie ultime d&rsquo;un climat int\u00e9rieur sain.<\/p>\n<p>Chez Duco, la sant\u00e9 des habitants\u00a0occupe une place centrale.<\/p>\n<p>Une astucieuse combinaison de ventilation de base, de ventilation intensive et de protection solaire\u00a0permet une qualit\u00e9 d&rsquo;air optimale.<\/p>\n<p>Duco propose des solutions novatrices pour les habitations, les bureaux,\u00a0les \u00e9coles et les institutions de\u00a0sant\u00e9, pour un confort accru.<\/p>\n<h3>CARACT\u00c9RISTIQUES G\u00c9N\u00c9RALES<\/h3>\n<p>Largeur x Hauteur x Profondeur : 480 x 480 x 194 mm<br \/>\nPoids : 4,3 kg<br \/>\nAlimentation : 230 VCA<br \/>\nPuissance de cr\u00eate : 57 W<br \/>\nCapacit\u00e9 d&rsquo;extraction \u00e0 150 Pa : 400 m\u00b3\/h<br \/>\nExtraction dans les pi\u00e8ces : 7 x \u00f8 125 mm<br \/>\nExtractions vers l\u2019ext\u00e9rieur : 1 x \u00f8 125 mm<br \/>\nClasse \u00e9nerg\u00e9tique : classe B<\/p>\n","protected":false},"excerpt":{"rendered":"<p>La DucoBox Hygro est une VMC simple flux hygror\u00e9glable pour maisons neuves, types T1 \u00e0 T7.<\/p>\n<p>Avec son moteur EC silencieux \u00e0 basse ou tr\u00e8s basse consommation, vous profitez non seulement d\u2019un climat int\u00e9rieur sain, mais elle est aussi \u00e9conome en \u00e9nergie.<\/p>\n","protected":false},"featured_media":1000000169524,"template":"","meta":[],"product_brand":[138],"product_cat":[108],"product_tag":[2699],"class_list":{"0":"post-3997","1":"product","2":"type-product","3":"status-publish","4":"has-post-thumbnail","6":"product_brand-duco","7":"product_cat-ventilation","8":"product_tag-duco","9":"product_shipping_class-petit-equipement-outil-eclairage","11":"first","12":"onbackorder","13":"taxable","14":"shipping-taxable","15":"purchasable","16":"product-type-variable"},"yoast_head":"<!-- This site is optimized with the Yoast SEO plugin v27.5 - https:\/\/yoast.com\/product\/yoast-seo-wordpress\/ -->\n<title>Kit VMC simple flux hygror\u00e9glable DucoBox Hygro de DUCO pour T1 \u00e0 T7<\/title>\n<meta name=\"description\" content=\"La DucoBox Hygro est une VMC simple flux hygror\u00e9glable pour maisons neuves, types T1 \u00e0 T7.  Avec son moteur EC silencieux \u00e0 basse ou tr\u00e8s basse consommation, vous profitez non seulement d\u2019un climat int\u00e9rieur sain, mais elle est aussi \u00e9conome en \u00e9nergie.\" \/>\n<meta name=\"robots\" content=\"noindex, nofollow\" \/>\n<meta property=\"og:locale\" content=\"fr_FR\" \/>\n<meta property=\"og:type\" content=\"article\" \/>\n<meta property=\"og:title\" content=\"Kit VMC simple flux hygror\u00e9glable DucoBox Hygro de DUCO pour T1 \u00e0 T7\" \/>\n<meta property=\"og:description\" content=\"La DucoBox Hygro est une VMC simple flux hygror\u00e9glable pour maisons neuves, types T1 \u00e0 T7.  Avec son moteur EC silencieux \u00e0 basse ou tr\u00e8s basse consommation, vous profitez non seulement d\u2019un climat int\u00e9rieur sain, mais elle est aussi \u00e9conome en \u00e9nergie.\" \/>\n<meta property=\"og:url\" content=\"https:\/\/nature-et-developpement.com\/macabane-materiaux\/produit\/kit-vmc-simple-flux-hygroreglable-ducobox-hygro-b\/\" \/>\n<meta property=\"og:site_name\" content=\"Ma Cabane mat\u00e9riaux naturels\" \/>\n<meta property=\"article:modified_time\" content=\"2026-01-09T10:11:37+00:00\" \/>\n<meta name=\"twitter:card\" content=\"summary_large_image\" \/>\n<meta name=\"twitter:label1\" content=\"Dur\u00e9e de lecture estim\u00e9e\" \/>\n\t<meta name=\"twitter:data1\" content=\"3 minutes\" \/>\n<script type=\"application\/ld+json\" class=\"yoast-schema-graph\">{\"@context\":\"https:\\\/\\\/schema.org\",\"@graph\":[{\"@type\":\"WebPage\",\"@id\":\"https:\\\/\\\/nature-et-developpement.com\\\/macabane-materiaux\\\/produit\\\/kit-vmc-simple-flux-hygroreglable-ducobox-hygro-b\\\/\",\"url\":\"https:\\\/\\\/nature-et-developpement.com\\\/macabane-materiaux\\\/produit\\\/kit-vmc-simple-flux-hygroreglable-ducobox-hygro-b\\\/\",\"name\":\"Kit VMC simple flux hygror\u00e9glable DucoBox Hygro de DUCO pour T1 \u00e0 T7\",\"isPartOf\":{\"@id\":\"https:\\\/\\\/nature-et-developpement.com\\\/macabane-materiaux\\\/#website\"},\"primaryImageOfPage\":{\"@id\":\"https:\\\/\\\/nature-et-developpement.com\\\/macabane-materiaux\\\/produit\\\/kit-vmc-simple-flux-hygroreglable-ducobox-hygro-b\\\/#primaryimage\"},\"image\":{\"@id\":\"https:\\\/\\\/nature-et-developpement.com\\\/macabane-materiaux\\\/produit\\\/kit-vmc-simple-flux-hygroreglable-ducobox-hygro-b\\\/#primaryimage\"},\"thumbnailUrl\":\"https:\\\/\\\/nature-et-developpement.com\\\/macabane-materiaux\\\/wp-content\\\/uploads\\\/Kit-VMC-simple-flux-hygroreglable-DucoBox-Hygro-de-DUCO.jpg\",\"datePublished\":\"2023-06-28T10:10:26+00:00\",\"dateModified\":\"2026-01-09T10:11:37+00:00\",\"description\":\"La DucoBox Hygro est une VMC simple flux hygror\u00e9glable pour maisons neuves, types T1 \u00e0 T7. Avec son moteur EC silencieux \u00e0 basse ou tr\u00e8s basse consommation, vous profitez non seulement d\u2019un climat int\u00e9rieur sain, mais elle est aussi \u00e9conome en \u00e9nergie.\",\"breadcrumb\":{\"@id\":\"https:\\\/\\\/nature-et-developpement.com\\\/macabane-materiaux\\\/produit\\\/kit-vmc-simple-flux-hygroreglable-ducobox-hygro-b\\\/#breadcrumb\"},\"inLanguage\":\"fr-FR\",\"potentialAction\":[{\"@type\":\"ReadAction\",\"target\":[\"https:\\\/\\\/nature-et-developpement.com\\\/macabane-materiaux\\\/produit\\\/kit-vmc-simple-flux-hygroreglable-ducobox-hygro-b\\\/\"]}]},{\"@type\":\"ImageObject\",\"inLanguage\":\"fr-FR\",\"@id\":\"https:\\\/\\\/nature-et-developpement.com\\\/macabane-materiaux\\\/produit\\\/kit-vmc-simple-flux-hygroreglable-ducobox-hygro-b\\\/#primaryimage\",\"url\":\"https:\\\/\\\/nature-et-developpement.com\\\/macabane-materiaux\\\/wp-content\\\/uploads\\\/Kit-VMC-simple-flux-hygroreglable-DucoBox-Hygro-de-DUCO.jpg\",\"contentUrl\":\"https:\\\/\\\/nature-et-developpement.com\\\/macabane-materiaux\\\/wp-content\\\/uploads\\\/Kit-VMC-simple-flux-hygroreglable-DucoBox-Hygro-de-DUCO.jpg\"},{\"@type\":\"BreadcrumbList\",\"@id\":\"https:\\\/\\\/nature-et-developpement.com\\\/macabane-materiaux\\\/produit\\\/kit-vmc-simple-flux-hygroreglable-ducobox-hygro-b\\\/#breadcrumb\",\"itemListElement\":[{\"@type\":\"ListItem\",\"position\":1,\"name\":\"Accueil\",\"item\":\"https:\\\/\\\/nature-et-developpement.com\\\/macabane-materiaux\\\/\"},{\"@type\":\"ListItem\",\"position\":2,\"name\":\"Boutique\",\"item\":\"https:\\\/\\\/nature-et-developpement.com\\\/macabane-materiaux\\\/boutique\\\/\"},{\"@type\":\"ListItem\",\"position\":3,\"name\":\"Chauffage, eau et \u00e9nergie\",\"item\":\"https:\\\/\\\/nature-et-developpement.com\\\/macabane-materiaux\\\/produits\\\/energie-et-ventilation\\\/\"},{\"@type\":\"ListItem\",\"position\":4,\"name\":\"Ventilation double flux, VMC hydro, extracteur d'air\",\"item\":\"https:\\\/\\\/nature-et-developpement.com\\\/macabane-materiaux\\\/produits\\\/energie-et-ventilation\\\/ventilation\\\/\"},{\"@type\":\"ListItem\",\"position\":5,\"name\":\"Kit VMC simple flux hygror\u00e9glable DucoBox Hygro de DUCO pour maison neuve type T1 \u00e0 T7\"}]},{\"@type\":\"WebSite\",\"@id\":\"https:\\\/\\\/nature-et-developpement.com\\\/macabane-materiaux\\\/#website\",\"url\":\"https:\\\/\\\/nature-et-developpement.com\\\/macabane-materiaux\\\/\",\"name\":\"Ma Cabane mat\u00e9riaux naturels\",\"description\":\"Ma Cabane est membre du groupement Nature &amp; D\u00e9veloppement\",\"potentialAction\":[{\"@type\":\"SearchAction\",\"target\":{\"@type\":\"EntryPoint\",\"urlTemplate\":\"https:\\\/\\\/nature-et-developpement.com\\\/macabane-materiaux\\\/?s={search_term_string}\"},\"query-input\":{\"@type\":\"PropertyValueSpecification\",\"valueRequired\":true,\"valueName\":\"search_term_string\"}}],\"inLanguage\":\"fr-FR\"}]}<\/script>\n<!-- \/ Yoast SEO plugin. -->","yoast_head_json":{"title":"Kit VMC simple flux hygror\u00e9glable DucoBox Hygro de DUCO pour T1 \u00e0 T7","description":"La DucoBox Hygro est une VMC simple flux hygror\u00e9glable pour maisons neuves, types T1 \u00e0 T7.  Avec son moteur EC silencieux \u00e0 basse ou tr\u00e8s basse consommation, vous profitez non seulement d\u2019un climat int\u00e9rieur sain, mais elle est aussi \u00e9conome en \u00e9nergie.","robots":{"index":"noindex","follow":"nofollow"},"og_locale":"fr_FR","og_type":"article","og_title":"Kit VMC simple flux hygror\u00e9glable DucoBox Hygro de DUCO pour T1 \u00e0 T7","og_description":"La DucoBox Hygro est une VMC simple flux hygror\u00e9glable pour maisons neuves, types T1 \u00e0 T7.  Avec son moteur EC silencieux \u00e0 basse ou tr\u00e8s basse consommation, vous profitez non seulement d\u2019un climat int\u00e9rieur sain, mais elle est aussi \u00e9conome en \u00e9nergie.","og_url":"https:\/\/nature-et-developpement.com\/macabane-materiaux\/produit\/kit-vmc-simple-flux-hygroreglable-ducobox-hygro-b\/","og_site_name":"Ma Cabane mat\u00e9riaux naturels","article_modified_time":"2026-01-09T10:11:37+00:00","twitter_card":"summary_large_image","twitter_misc":{"Dur\u00e9e de lecture estim\u00e9e":"3 minutes"},"schema":{"@context":"https:\/\/schema.org","@graph":[{"@type":"WebPage","@id":"https:\/\/nature-et-developpement.com\/macabane-materiaux\/produit\/kit-vmc-simple-flux-hygroreglable-ducobox-hygro-b\/","url":"https:\/\/nature-et-developpement.com\/macabane-materiaux\/produit\/kit-vmc-simple-flux-hygroreglable-ducobox-hygro-b\/","name":"Kit VMC simple flux hygror\u00e9glable DucoBox Hygro de DUCO pour T1 \u00e0 T7","isPartOf":{"@id":"https:\/\/nature-et-developpement.com\/macabane-materiaux\/#website"},"primaryImageOfPage":{"@id":"https:\/\/nature-et-developpement.com\/macabane-materiaux\/produit\/kit-vmc-simple-flux-hygroreglable-ducobox-hygro-b\/#primaryimage"},"image":{"@id":"https:\/\/nature-et-developpement.com\/macabane-materiaux\/produit\/kit-vmc-simple-flux-hygroreglable-ducobox-hygro-b\/#primaryimage"},"thumbnailUrl":"https:\/\/nature-et-developpement.com\/macabane-materiaux\/wp-content\/uploads\/Kit-VMC-simple-flux-hygroreglable-DucoBox-Hygro-de-DUCO.jpg","datePublished":"2023-06-28T10:10:26+00:00","dateModified":"2026-01-09T10:11:37+00:00","description":"La DucoBox Hygro est une VMC simple flux hygror\u00e9glable pour maisons neuves, types T1 \u00e0 T7. Avec son moteur EC silencieux \u00e0 basse ou tr\u00e8s basse consommation, vous profitez non seulement d\u2019un climat int\u00e9rieur sain, mais elle est aussi \u00e9conome en \u00e9nergie.","breadcrumb":{"@id":"https:\/\/nature-et-developpement.com\/macabane-materiaux\/produit\/kit-vmc-simple-flux-hygroreglable-ducobox-hygro-b\/#breadcrumb"},"inLanguage":"fr-FR","potentialAction":[{"@type":"ReadAction","target":["https:\/\/nature-et-developpement.com\/macabane-materiaux\/produit\/kit-vmc-simple-flux-hygroreglable-ducobox-hygro-b\/"]}]},{"@type":"ImageObject","inLanguage":"fr-FR","@id":"https:\/\/nature-et-developpement.com\/macabane-materiaux\/produit\/kit-vmc-simple-flux-hygroreglable-ducobox-hygro-b\/#primaryimage","url":"https:\/\/nature-et-developpement.com\/macabane-materiaux\/wp-content\/uploads\/Kit-VMC-simple-flux-hygroreglable-DucoBox-Hygro-de-DUCO.jpg","contentUrl":"https:\/\/nature-et-developpement.com\/macabane-materiaux\/wp-content\/uploads\/Kit-VMC-simple-flux-hygroreglable-DucoBox-Hygro-de-DUCO.jpg"},{"@type":"BreadcrumbList","@id":"https:\/\/nature-et-developpement.com\/macabane-materiaux\/produit\/kit-vmc-simple-flux-hygroreglable-ducobox-hygro-b\/#breadcrumb","itemListElement":[{"@type":"ListItem","position":1,"name":"Accueil","item":"https:\/\/nature-et-developpement.com\/macabane-materiaux\/"},{"@type":"ListItem","position":2,"name":"Boutique","item":"https:\/\/nature-et-developpement.com\/macabane-materiaux\/boutique\/"},{"@type":"ListItem","position":3,"name":"Chauffage, eau et \u00e9nergie","item":"https:\/\/nature-et-developpement.com\/macabane-materiaux\/produits\/energie-et-ventilation\/"},{"@type":"ListItem","position":4,"name":"Ventilation double flux, VMC hydro, extracteur d'air","item":"https:\/\/nature-et-developpement.com\/macabane-materiaux\/produits\/energie-et-ventilation\/ventilation\/"},{"@type":"ListItem","position":5,"name":"Kit VMC simple flux hygror\u00e9glable DucoBox Hygro de DUCO pour maison neuve type T1 \u00e0 T7"}]},{"@type":"WebSite","@id":"https:\/\/nature-et-developpement.com\/macabane-materiaux\/#website","url":"https:\/\/nature-et-developpement.com\/macabane-materiaux\/","name":"Ma Cabane mat\u00e9riaux naturels","description":"Ma Cabane est membre du groupement Nature &amp; D\u00e9veloppement","potentialAction":[{"@type":"SearchAction","target":{"@type":"EntryPoint","urlTemplate":"https:\/\/nature-et-developpement.com\/macabane-materiaux\/?s={search_term_string}"},"query-input":{"@type":"PropertyValueSpecification","valueRequired":true,"valueName":"search_term_string"}}],"inLanguage":"fr-FR"}]}},"distributor_meta":false,"distributor_terms":false,"distributor_media":false,"distributor_original_site_name":"Ma Cabane mat\u00e9riaux naturels","distributor_original_site_url":"https:\/\/nature-et-developpement.com\/macabane-materiaux","push-errors":false,"_links":{"self":[{"href":"https:\/\/nature-et-developpement.com\/macabane-materiaux\/wp-json\/wp\/v2\/product\/3997","targetHints":{"allow":["GET"]}}],"collection":[{"href":"https:\/\/nature-et-developpement.com\/macabane-materiaux\/wp-json\/wp\/v2\/product"}],"about":[{"href":"https:\/\/nature-et-developpement.com\/macabane-materiaux\/wp-json\/wp\/v2\/types\/product"}],"wp:featuredmedia":[{"embeddable":true,"href":"https:\/\/nature-et-developpement.com\/macabane-materiaux\/wp-json\/"}],"wp:attachment":[{"href":"https:\/\/nature-et-developpement.com\/macabane-materiaux\/wp-json\/wp\/v2\/media?parent=3997"}],"wp:term":[{"taxonomy":"product_brand","embeddable":true,"href":"https:\/\/nature-et-developpement.com\/macabane-materiaux\/wp-json\/wp\/v2\/product_brand?post=3997"},{"taxonomy":"product_cat","embeddable":true,"href":"https:\/\/nature-et-developpement.com\/macabane-materiaux\/wp-json\/wp\/v2\/product_cat?post=3997"},{"taxonomy":"product_tag","embeddable":true,"href":"https:\/\/nature-et-developpement.com\/macabane-materiaux\/wp-json\/wp\/v2\/product_tag?post=3997"}],"curies":[{"name":"wp","href":"https:\/\/api.w.org\/{rel}","templated":true}]}}