{"id":4004,"date":"2023-01-22T00:00:00","date_gmt":"2023-01-21T23:00:00","guid":{"rendered":"https:\/\/nature-et-developpement.com\/macabane-materiaux\/produit\/kit-vmc-silencieuse-et-intelligente-ducobox-hygro-plus\/"},"modified":"2026-01-09T11:01:21","modified_gmt":"2026-01-09T10:01:21","slug":"kit-vmc-silencieuse-et-intelligente-ducobox-hygro-plus","status":"publish","type":"product","link":"https:\/\/nature-et-developpement.com\/macabane-materiaux\/produit\/kit-vmc-silencieuse-et-intelligente-ducobox-hygro-plus\/","title":{"rendered":"Kit VMC silencieuse et intelligente DucoBox Hygro Plus de DUCO"},"content":{"rendered":"<h2 style=\"text-align: center\">VMC simple flux hygror\u00e9glable pour la r\u00e9novation ultra-performante<\/h2>\n<p>La DucoBox Hygro Plus est une VMC simple flux qui veille \u00e0 une extraction zonale dans les Syst\u00e8mes de ventilation Naturelle \u00e0 la Demande (VND) de Duco.<\/p>\n<p>Elle est \u00e0 la fois le moteur du syst\u00e8me et l\u2019unit\u00e9 \u00abma\u00eetre\u00bb \u00e0 laquelle peuvent se connecter les composants de commande.<\/p>\n<p>Ce ventilateur d&rsquo;extraction silencieux, compact, durable et extr\u00eamement \u00e9conome en \u00e9nergie \u00e9vacue l&rsquo;air humide et\/ou vici\u00e9 quand et o\u00f9 cela s&rsquo;av\u00e8re n\u00e9cessaire, et en quantit\u00e9 ad\u00e9quate.<\/p>\n<p>Les clapets de r\u00e9glage int\u00e9gr\u00e9s (\u00e0 commander s\u00e9par\u00e9ment) veillent en outre \u00e0 ce que l&rsquo;air ne soit extrait que l\u00e0 o\u00f9 cela est n\u00e9cessaire, garantissant un fonctionnement encore plus silencieux et peu \u00e9nergivore.<\/p>\n<p>La structure simple et le moteur \u00e0 courant continu efficace sont le gage d&rsquo;une longue dur\u00e9e de vie.<\/p>\n<h3>Le kit de la VMC hygror\u00e9glable simple flux contient :<\/h3>\n<ul>\n<li>1 x DucoBox Hygro Plus<\/li>\n<li>4 x Bouchon\u00a0\u00d8 125 mm<\/li>\n<li>2 x R\u00e9ducteur \u00d8 125 mm \/ \u00d8 80 mm<\/li>\n<li>1 x clapet de r\u00e9glage humidit\u00e9 (Cuisine)<\/li>\n<li>1 x clapet de r\u00e9glage humidit\u00e9\u00a0(Salle de bains)<\/li>\n<li>1 x clapet de r\u00e9glage CO2 (WC)<\/li>\n<li>1 x Bouche DucoVent Aur\u00e9a\u00a0\u00d8 125 mm (Cuisine)<\/li>\n<li>2 x Bouche DucoVent Aur\u00e9a\u00a0\u00d8 80 mm (Sanitaires)<\/li>\n<li>1 x Manchon placo 3 griffes\u00a0\u00d8 125 mm<\/li>\n<li>2 x Manchon placo 3 griffes\u00a0\u00d8 80 mm<\/li>\n<\/ul>\n<p>Duco apporte de l&rsquo;oxyg\u00e8ne dans n&rsquo;importe quel b\u00e2timent de mani\u00e8re naturelle.<\/p>\n<p>Un apport d&rsquo;air frais directement par la fa\u00e7ade, sans conduites d&rsquo;arriv\u00e9e complexes, constitue la garantie ultime d&rsquo;un climat int\u00e9rieur sain.<\/p>\n<p>Chez Duco, la sant\u00e9 des habitants\u00a0occupe une place centrale.<\/p>\n<p>Une astucieuse combinaison de\u00a0ventilation de base, de ventilation<br \/>\nintensive et de protection solaire\u00a0permet une qualit\u00e9 d&rsquo;air optimale.<\/p>\n<p>Duco propose des solutions novatrices<br \/>\npour les habitations, les bureaux,\u00a0les \u00e9coles et les institutions de\u00a0sant\u00e9, pour un confort accru.<\/p>\n<h4>CARACT\u00c9RISTIQUES G\u00c9N\u00c9RALES<\/h4>\n<p>Largeur x Hauteur x Profondeur :<br \/>\n480 x 480 x 194 mm<br \/>\nPoids : 4,3 kg<br \/>\nCapacit\u00e9 d&rsquo;extraction \u00e0 150 Pa : 325m\u00b3\/h<br \/>\nAlimentation : 230 VCA<br \/>\nPuissance de cr\u00eate : 72 W<br \/>\nRaccordements des conduits d&rsquo;air :<br \/>\nExtraction dans les pi\u00e8ces :<br \/>\n7 x \u00f8 125 mm<br \/>\nExtractions vers l\u2019ext\u00e9rieur :<br \/>\n1 x \u00f8 125 mm<br \/>\nClasse \u00e9nerg\u00e9tique : classe B dans<br \/>\nun syst\u00e8me comptant au moins deux<br \/>\ncapteurs et \u00e9quip\u00e9 de clapets de r\u00e9glage<\/p>\n","protected":false},"excerpt":{"rendered":"<p>Le KIT DucoBox Hygro Plus est la solution ultra-performante pour une VMC, la plus intelligente d&rsquo;Europe, pour tous les projets de r\u00e9novation ou maison neuve.<\/p>\n<p>Les unit\u00e9s de ventilation Duco garantissent\u00a0un climat int\u00e9rieur id\u00e9al dans toutes les pi\u00e8ces gr\u00e2ce \u00e0 une extraction efficace et silencieuse de l&rsquo;air humide et\/ou vici\u00e9.<\/p>\n","protected":false},"featured_media":1000000108735,"template":"","meta":[],"product_brand":[138],"product_cat":[108],"product_tag":[2699],"class_list":{"0":"post-4004","1":"product","2":"type-product","3":"status-publish","4":"has-post-thumbnail","6":"product_brand-duco","7":"product_cat-ventilation","8":"product_tag-duco","9":"product_shipping_class-petit-equipement-outil-eclairage","11":"first","12":"onbackorder","13":"taxable","14":"shipping-taxable","15":"purchasable","16":"product-type-variable"},"yoast_head":"<!-- This site is optimized with the Yoast SEO plugin v27.5 - https:\/\/yoast.com\/product\/yoast-seo-wordpress\/ -->\n<title>Kit VMC silencieuse et intelligente DucoBox Hygro Plus de DUCO - Ma Cabane mat\u00e9riaux naturels<\/title>\n<meta name=\"description\" content=\"Le KIT DucoBox Hygro Plus est la solution ultra-performante pour une VMC, la plus intelligente d&#039;Europe, pour tous les projets de r\u00e9novation ou maison neuve.  Les unit\u00e9s de ventilation Duco garantissent\u00a0un climat int\u00e9rieur id\u00e9al dans toutes les pi\u00e8ces gr\u00e2ce \u00e0 une extraction efficace et silencieuse de l&#039;air humide et\/ou vici\u00e9.\" \/>\n<meta name=\"robots\" content=\"noindex, nofollow\" \/>\n<meta property=\"og:locale\" content=\"fr_FR\" \/>\n<meta property=\"og:type\" content=\"article\" \/>\n<meta property=\"og:title\" content=\"Kit VMC silencieuse et intelligente DucoBox Hygro Plus de DUCO - Ma Cabane mat\u00e9riaux naturels\" \/>\n<meta property=\"og:description\" content=\"Le KIT DucoBox Hygro Plus est la solution ultra-performante pour une VMC, la plus intelligente d&#039;Europe, pour tous les projets de r\u00e9novation ou maison neuve.  Les unit\u00e9s de ventilation Duco garantissent\u00a0un climat int\u00e9rieur id\u00e9al dans toutes les pi\u00e8ces gr\u00e2ce \u00e0 une extraction efficace et silencieuse de l&#039;air humide et\/ou vici\u00e9.\" \/>\n<meta property=\"og:url\" content=\"https:\/\/nature-et-developpement.com\/macabane-materiaux\/produit\/kit-vmc-silencieuse-et-intelligente-ducobox-hygro-plus\/\" \/>\n<meta property=\"og:site_name\" content=\"Ma Cabane mat\u00e9riaux naturels\" \/>\n<meta property=\"article:modified_time\" content=\"2026-01-09T10:01:21+00:00\" \/>\n<meta name=\"twitter:card\" content=\"summary_large_image\" \/>\n<meta name=\"twitter:label1\" content=\"Dur\u00e9e de lecture estim\u00e9e\" \/>\n\t<meta name=\"twitter:data1\" content=\"2 minutes\" \/>\n<script type=\"application\/ld+json\" class=\"yoast-schema-graph\">{\"@context\":\"https:\\\/\\\/schema.org\",\"@graph\":[{\"@type\":\"WebPage\",\"@id\":\"https:\\\/\\\/nature-et-developpement.com\\\/macabane-materiaux\\\/produit\\\/kit-vmc-silencieuse-et-intelligente-ducobox-hygro-plus\\\/\",\"url\":\"https:\\\/\\\/nature-et-developpement.com\\\/macabane-materiaux\\\/produit\\\/kit-vmc-silencieuse-et-intelligente-ducobox-hygro-plus\\\/\",\"name\":\"Kit VMC silencieuse et intelligente DucoBox Hygro Plus de DUCO - Ma Cabane mat\u00e9riaux naturels\",\"isPartOf\":{\"@id\":\"https:\\\/\\\/nature-et-developpement.com\\\/macabane-materiaux\\\/#website\"},\"primaryImageOfPage\":{\"@id\":\"https:\\\/\\\/nature-et-developpement.com\\\/macabane-materiaux\\\/produit\\\/kit-vmc-silencieuse-et-intelligente-ducobox-hygro-plus\\\/#primaryimage\"},\"image\":{\"@id\":\"https:\\\/\\\/nature-et-developpement.com\\\/macabane-materiaux\\\/produit\\\/kit-vmc-silencieuse-et-intelligente-ducobox-hygro-plus\\\/#primaryimage\"},\"thumbnailUrl\":\"https:\\\/\\\/nature-et-developpement.com\\\/macabane-materiaux\\\/wp-content\\\/uploads\\\/29852-Kit-VMC-silenceuse-et-intelligente-DucoBox-Hygro-Plus.jpg\",\"datePublished\":\"2023-01-21T23:00:00+00:00\",\"dateModified\":\"2026-01-09T10:01:21+00:00\",\"description\":\"Le KIT DucoBox Hygro Plus est la solution ultra-performante pour une VMC, la plus intelligente d'Europe, pour tous les projets de r\u00e9novation ou maison neuve. Les unit\u00e9s de ventilation Duco garantissent\u00a0un climat int\u00e9rieur id\u00e9al dans toutes les pi\u00e8ces gr\u00e2ce \u00e0 une extraction efficace et silencieuse de l'air humide et\\\/ou vici\u00e9.\",\"breadcrumb\":{\"@id\":\"https:\\\/\\\/nature-et-developpement.com\\\/macabane-materiaux\\\/produit\\\/kit-vmc-silencieuse-et-intelligente-ducobox-hygro-plus\\\/#breadcrumb\"},\"inLanguage\":\"fr-FR\",\"potentialAction\":[{\"@type\":\"ReadAction\",\"target\":[\"https:\\\/\\\/nature-et-developpement.com\\\/macabane-materiaux\\\/produit\\\/kit-vmc-silencieuse-et-intelligente-ducobox-hygro-plus\\\/\"]}]},{\"@type\":\"ImageObject\",\"inLanguage\":\"fr-FR\",\"@id\":\"https:\\\/\\\/nature-et-developpement.com\\\/macabane-materiaux\\\/produit\\\/kit-vmc-silencieuse-et-intelligente-ducobox-hygro-plus\\\/#primaryimage\",\"url\":\"https:\\\/\\\/nature-et-developpement.com\\\/macabane-materiaux\\\/wp-content\\\/uploads\\\/29852-Kit-VMC-silenceuse-et-intelligente-DucoBox-Hygro-Plus.jpg\",\"contentUrl\":\"https:\\\/\\\/nature-et-developpement.com\\\/macabane-materiaux\\\/wp-content\\\/uploads\\\/29852-Kit-VMC-silenceuse-et-intelligente-DucoBox-Hygro-Plus.jpg\"},{\"@type\":\"BreadcrumbList\",\"@id\":\"https:\\\/\\\/nature-et-developpement.com\\\/macabane-materiaux\\\/produit\\\/kit-vmc-silencieuse-et-intelligente-ducobox-hygro-plus\\\/#breadcrumb\",\"itemListElement\":[{\"@type\":\"ListItem\",\"position\":1,\"name\":\"Accueil\",\"item\":\"https:\\\/\\\/nature-et-developpement.com\\\/macabane-materiaux\\\/\"},{\"@type\":\"ListItem\",\"position\":2,\"name\":\"Boutique\",\"item\":\"https:\\\/\\\/nature-et-developpement.com\\\/macabane-materiaux\\\/boutique\\\/\"},{\"@type\":\"ListItem\",\"position\":3,\"name\":\"Chauffage, eau et \u00e9nergie\",\"item\":\"https:\\\/\\\/nature-et-developpement.com\\\/macabane-materiaux\\\/produits\\\/energie-et-ventilation\\\/\"},{\"@type\":\"ListItem\",\"position\":4,\"name\":\"Ventilation double flux, VMC hydro, extracteur d'air\",\"item\":\"https:\\\/\\\/nature-et-developpement.com\\\/macabane-materiaux\\\/produits\\\/energie-et-ventilation\\\/ventilation\\\/\"},{\"@type\":\"ListItem\",\"position\":5,\"name\":\"Kit VMC silencieuse et intelligente DucoBox Hygro Plus de DUCO\"}]},{\"@type\":\"WebSite\",\"@id\":\"https:\\\/\\\/nature-et-developpement.com\\\/macabane-materiaux\\\/#website\",\"url\":\"https:\\\/\\\/nature-et-developpement.com\\\/macabane-materiaux\\\/\",\"name\":\"Ma Cabane mat\u00e9riaux naturels\",\"description\":\"Ma Cabane est membre du groupement Nature &amp; D\u00e9veloppement\",\"potentialAction\":[{\"@type\":\"SearchAction\",\"target\":{\"@type\":\"EntryPoint\",\"urlTemplate\":\"https:\\\/\\\/nature-et-developpement.com\\\/macabane-materiaux\\\/?s={search_term_string}\"},\"query-input\":{\"@type\":\"PropertyValueSpecification\",\"valueRequired\":true,\"valueName\":\"search_term_string\"}}],\"inLanguage\":\"fr-FR\"}]}<\/script>\n<!-- \/ Yoast SEO plugin. -->","yoast_head_json":{"title":"Kit VMC silencieuse et intelligente DucoBox Hygro Plus de DUCO - Ma Cabane mat\u00e9riaux naturels","description":"Le KIT DucoBox Hygro Plus est la solution ultra-performante pour une VMC, la plus intelligente d'Europe, pour tous les projets de r\u00e9novation ou maison neuve.  Les unit\u00e9s de ventilation Duco garantissent\u00a0un climat int\u00e9rieur id\u00e9al dans toutes les pi\u00e8ces gr\u00e2ce \u00e0 une extraction efficace et silencieuse de l'air humide et\/ou vici\u00e9.","robots":{"index":"noindex","follow":"nofollow"},"og_locale":"fr_FR","og_type":"article","og_title":"Kit VMC silencieuse et intelligente DucoBox Hygro Plus de DUCO - Ma Cabane mat\u00e9riaux naturels","og_description":"Le KIT DucoBox Hygro Plus est la solution ultra-performante pour une VMC, la plus intelligente d'Europe, pour tous les projets de r\u00e9novation ou maison neuve.  Les unit\u00e9s de ventilation Duco garantissent\u00a0un climat int\u00e9rieur id\u00e9al dans toutes les pi\u00e8ces gr\u00e2ce \u00e0 une extraction efficace et silencieuse de l'air humide et\/ou vici\u00e9.","og_url":"https:\/\/nature-et-developpement.com\/macabane-materiaux\/produit\/kit-vmc-silencieuse-et-intelligente-ducobox-hygro-plus\/","og_site_name":"Ma Cabane mat\u00e9riaux naturels","article_modified_time":"2026-01-09T10:01:21+00:00","twitter_card":"summary_large_image","twitter_misc":{"Dur\u00e9e de lecture estim\u00e9e":"2 minutes"},"schema":{"@context":"https:\/\/schema.org","@graph":[{"@type":"WebPage","@id":"https:\/\/nature-et-developpement.com\/macabane-materiaux\/produit\/kit-vmc-silencieuse-et-intelligente-ducobox-hygro-plus\/","url":"https:\/\/nature-et-developpement.com\/macabane-materiaux\/produit\/kit-vmc-silencieuse-et-intelligente-ducobox-hygro-plus\/","name":"Kit VMC silencieuse et intelligente DucoBox Hygro Plus de DUCO - Ma Cabane mat\u00e9riaux naturels","isPartOf":{"@id":"https:\/\/nature-et-developpement.com\/macabane-materiaux\/#website"},"primaryImageOfPage":{"@id":"https:\/\/nature-et-developpement.com\/macabane-materiaux\/produit\/kit-vmc-silencieuse-et-intelligente-ducobox-hygro-plus\/#primaryimage"},"image":{"@id":"https:\/\/nature-et-developpement.com\/macabane-materiaux\/produit\/kit-vmc-silencieuse-et-intelligente-ducobox-hygro-plus\/#primaryimage"},"thumbnailUrl":"https:\/\/nature-et-developpement.com\/macabane-materiaux\/wp-content\/uploads\/29852-Kit-VMC-silenceuse-et-intelligente-DucoBox-Hygro-Plus.jpg","datePublished":"2023-01-21T23:00:00+00:00","dateModified":"2026-01-09T10:01:21+00:00","description":"Le KIT DucoBox Hygro Plus est la solution ultra-performante pour une VMC, la plus intelligente d'Europe, pour tous les projets de r\u00e9novation ou maison neuve. Les unit\u00e9s de ventilation Duco garantissent\u00a0un climat int\u00e9rieur id\u00e9al dans toutes les pi\u00e8ces gr\u00e2ce \u00e0 une extraction efficace et silencieuse de l'air humide et\/ou vici\u00e9.","breadcrumb":{"@id":"https:\/\/nature-et-developpement.com\/macabane-materiaux\/produit\/kit-vmc-silencieuse-et-intelligente-ducobox-hygro-plus\/#breadcrumb"},"inLanguage":"fr-FR","potentialAction":[{"@type":"ReadAction","target":["https:\/\/nature-et-developpement.com\/macabane-materiaux\/produit\/kit-vmc-silencieuse-et-intelligente-ducobox-hygro-plus\/"]}]},{"@type":"ImageObject","inLanguage":"fr-FR","@id":"https:\/\/nature-et-developpement.com\/macabane-materiaux\/produit\/kit-vmc-silencieuse-et-intelligente-ducobox-hygro-plus\/#primaryimage","url":"https:\/\/nature-et-developpement.com\/macabane-materiaux\/wp-content\/uploads\/29852-Kit-VMC-silenceuse-et-intelligente-DucoBox-Hygro-Plus.jpg","contentUrl":"https:\/\/nature-et-developpement.com\/macabane-materiaux\/wp-content\/uploads\/29852-Kit-VMC-silenceuse-et-intelligente-DucoBox-Hygro-Plus.jpg"},{"@type":"BreadcrumbList","@id":"https:\/\/nature-et-developpement.com\/macabane-materiaux\/produit\/kit-vmc-silencieuse-et-intelligente-ducobox-hygro-plus\/#breadcrumb","itemListElement":[{"@type":"ListItem","position":1,"name":"Accueil","item":"https:\/\/nature-et-developpement.com\/macabane-materiaux\/"},{"@type":"ListItem","position":2,"name":"Boutique","item":"https:\/\/nature-et-developpement.com\/macabane-materiaux\/boutique\/"},{"@type":"ListItem","position":3,"name":"Chauffage, eau et \u00e9nergie","item":"https:\/\/nature-et-developpement.com\/macabane-materiaux\/produits\/energie-et-ventilation\/"},{"@type":"ListItem","position":4,"name":"Ventilation double flux, VMC hydro, extracteur d'air","item":"https:\/\/nature-et-developpement.com\/macabane-materiaux\/produits\/energie-et-ventilation\/ventilation\/"},{"@type":"ListItem","position":5,"name":"Kit VMC silencieuse et intelligente DucoBox Hygro Plus de DUCO"}]},{"@type":"WebSite","@id":"https:\/\/nature-et-developpement.com\/macabane-materiaux\/#website","url":"https:\/\/nature-et-developpement.com\/macabane-materiaux\/","name":"Ma Cabane mat\u00e9riaux naturels","description":"Ma Cabane est membre du groupement Nature &amp; D\u00e9veloppement","potentialAction":[{"@type":"SearchAction","target":{"@type":"EntryPoint","urlTemplate":"https:\/\/nature-et-developpement.com\/macabane-materiaux\/?s={search_term_string}"},"query-input":{"@type":"PropertyValueSpecification","valueRequired":true,"valueName":"search_term_string"}}],"inLanguage":"fr-FR"}]}},"distributor_meta":false,"distributor_terms":false,"distributor_media":false,"distributor_original_site_name":"Ma Cabane mat\u00e9riaux naturels","distributor_original_site_url":"https:\/\/nature-et-developpement.com\/macabane-materiaux","push-errors":false,"_links":{"self":[{"href":"https:\/\/nature-et-developpement.com\/macabane-materiaux\/wp-json\/wp\/v2\/product\/4004","targetHints":{"allow":["GET"]}}],"collection":[{"href":"https:\/\/nature-et-developpement.com\/macabane-materiaux\/wp-json\/wp\/v2\/product"}],"about":[{"href":"https:\/\/nature-et-developpement.com\/macabane-materiaux\/wp-json\/wp\/v2\/types\/product"}],"wp:featuredmedia":[{"embeddable":true,"href":"https:\/\/nature-et-developpement.com\/macabane-materiaux\/wp-json\/"}],"wp:attachment":[{"href":"https:\/\/nature-et-developpement.com\/macabane-materiaux\/wp-json\/wp\/v2\/media?parent=4004"}],"wp:term":[{"taxonomy":"product_brand","embeddable":true,"href":"https:\/\/nature-et-developpement.com\/macabane-materiaux\/wp-json\/wp\/v2\/product_brand?post=4004"},{"taxonomy":"product_cat","embeddable":true,"href":"https:\/\/nature-et-developpement.com\/macabane-materiaux\/wp-json\/wp\/v2\/product_cat?post=4004"},{"taxonomy":"product_tag","embeddable":true,"href":"https:\/\/nature-et-developpement.com\/macabane-materiaux\/wp-json\/wp\/v2\/product_tag?post=4004"}],"curies":[{"name":"wp","href":"https:\/\/api.w.org\/{rel}","templated":true}]}}