{"id":4081,"date":"2024-04-20T11:01:13","date_gmt":"2024-04-20T09:01:13","guid":{"rendered":"https:\/\/nature-et-developpement.com\/macabane-materiaux\/produit\/variovlies-eco-150\/"},"modified":"2026-01-30T10:11:36","modified_gmt":"2026-01-30T09:11:36","slug":"variovlies-eco-150-plus","status":"publish","type":"product","link":"https:\/\/nature-et-developpement.com\/macabane-materiaux\/produit\/variovlies-eco-150-plus\/","title":{"rendered":"Papier peint intiss\u00e9 lisse Variovlies ECO 150 PLUS de ERFURT"},"content":{"rendered":"<h2>Papier peint intiss\u00e9 lisse Variovlies<strong> ECO 150 PLUS <\/strong>: un rev\u00eatement mural \u00e9cologique et durable<\/h2>\n<p><strong>Relookez<\/strong> vos murs de mani\u00e8re simple et\u00a0responsable\u00a0avec le\u00a0<strong>papier peint intiss\u00e9<\/strong>\u00a0lisse Variovlies ECO 150 PLUS de <strong>ERFURT<\/strong> !<\/p>\n<p>Ce rev\u00eatement mural se compose \u00e0\u00a0<strong>100 % de fibres recycl\u00e9es<\/strong>\u00a0et offre de nombreux avantages, comme une<strong>\u00a0pose facile<\/strong>, une r\u00e9sistance \u00e0 l\u2019humidit\u00e9 et une<strong>\u00a0faible consommation de peinture.<\/strong><\/p>\n<h4><strong>Avantages<\/strong><\/h4>\n<ul>\n<li><strong>Ponte les fissures<\/strong>\u00a0: ce <strong>papier peint<\/strong> a une structure lisse qui permet de dissimuler les petites fissures.\u00a0Il permet ainsi de garder vos murs en bon \u00e9tat et d\u2019<strong>\u00e9conomiser<\/strong> sur les travaux de <strong>r\u00e9novation.<\/strong><\/li>\n<li><strong>Exempt<\/strong> <strong>de PVC et de plastifiants\u00a0:<\/strong> ce papier peint est sain pour l\u2019habitat et ne contient aucun produit chimique nocif.\u00a0Il contribue ainsi \u00e0 un environnement <strong>int\u00e9rieur sain<\/strong> pour vous et votre famille.<\/li>\n<li><strong>Perm\u00e9able \u00e0 la vapeur d\u2019eau et r\u00e9gulateur d\u2019humidit\u00e9<\/strong>\u00a0: ce papier peint permet \u00e0 la vapeur d\u2019eau de s\u2019\u00e9chapper, ce qui contribue \u00e0 un climat int\u00e9rieur sain.\u00a0Il est donc id\u00e9al pour les pi\u00e8ces humides, comme les <strong>salles de bains<\/strong> ou les <strong>cuisines.<\/strong><\/li>\n<li><strong>Se d\u00e9pose facilement<\/strong>\u00a0: ce papier peint se retire sans laisser de r\u00e9sidus.\u00a0Il est donc <strong>facile \u00e0 remplacer<\/strong> si vous souhaitez <strong>changer<\/strong> de d\u00e9coration.<\/li>\n<li><strong>Peut se peindre plusieurs fois<\/strong>\u00a0: ce papier peint peut se repeindre plusieurs fois pour changer de d\u00e9cor.\u00a0Il est donc durable et vous permet de <strong>personnaliser<\/strong> vos murs \u00e0 votre guise.<\/li>\n<li><strong>Pour murs et plafonds<\/strong>\u00a0: ce papier peint s\u2019utilise sur les murs et les plafonds.\u00a0Il vous permet donc de cr\u00e9er une <strong>d\u00e9coration<\/strong> harmonieuse dans votre <strong>int\u00e9rieur.<\/strong><\/li>\n<\/ul>\n<h3><strong>Pose<\/strong><\/h3>\n<p>Le papier peint en <strong>rouleaux<\/strong> Variovlies ECO 150 PLUS se pose \u00e0 l\u2019aide d\u2019une encolleuse ou par technique d\u2019<strong>encollage<\/strong> du mur. La pose est\u00a0<strong>simple et rapide<\/strong>, m\u00eame pour les d\u00e9butants.<\/p>\n<p>Comme pour tous les travaux de pose de papier peint, il vous faut un outillage pour la pose de <strong>tapisserie<\/strong> comme, un cutter ou des ciseaux de tapissier, une spatule, un seau (pour encoller le mur), un \u00e9ponge&#8230;<\/p>\n<h4><strong>Impact sur l\u2019environnement<\/strong><\/h4>\n<p>Le papier peint Variovlies ECO 150 PLUS est une solution <strong>\u00e9cologique<\/strong> qui permet de r\u00e9duire l\u2019impact environnemental de la\u00a0<strong>d\u00e9coration int\u00e9rieure<\/strong>.<\/p>\n<ul>\n<li>Il est compos\u00e9 \u00e0 <strong>100 % de fibres recycl\u00e9es<\/strong>, ce qui permet de limiter la consommation de ressources naturelles.<\/li>\n<li><strong>Il est recyclable<\/strong>, ce qui permet de limiter la production de d\u00e9chets.<\/li>\n<\/ul>\n<p>Pour conclure, le <strong>papier peint intiss\u00e9 lisse<\/strong> Variovlies ECO 150 PLUS est une solution id\u00e9ale pour celles et ceux qui souhaitent relooker leurs murs de mani\u00e8re\u00a0<strong>responsable<\/strong>\u00a0<strong>et durable.<\/strong><\/p>\n<p>Il est <strong>simple \u00e0 poser<\/strong>, r\u00e9sistant \u00e0 l\u2019humidit\u00e9, <strong>sain pour l\u2019habitat et durable.<\/strong><\/p>\n","protected":false},"excerpt":{"rendered":"<p>Relookez vos murs de mani\u00e8re simple et <strong>\u00e9cologique<\/strong> avec le papier peint intiss\u00e9 lisse Variovlies ECO 150 PLUS !<br \/>\nCe rev\u00eatement mural est compos\u00e9 \u00e0 <strong>100 % de fibres recycl\u00e9es<\/strong> et offre de nombreux avantages, comme une <strong>pose facile<\/strong>, une r\u00e9sistance \u00e0 l&rsquo;humidit\u00e9 et une faible consommation de peinture.<\/p>\n","protected":false},"featured_media":1000000175368,"template":"","meta":[],"product_brand":[142],"product_cat":[2344,2380],"product_tag":[],"class_list":{"0":"post-4081","1":"product","2":"type-product","3":"status-publish","4":"has-post-thumbnail","6":"product_brand-erfurt","7":"product_cat-accessoires-agencement-interieur","8":"product_cat-revetements-muraux","9":"product_shipping_class-petit-equipement-outil-eclairage","11":"first","12":"instock","13":"taxable","14":"shipping-taxable","15":"purchasable","16":"product-type-simple"},"yoast_head":"<!-- This site is optimized with the Yoast SEO plugin v27.5 - https:\/\/yoast.com\/product\/yoast-seo-wordpress\/ -->\n<title>Papier peint intiss\u00e9 lisse Variovlies ECO 150 PLUS de ERFURT - Ma Cabane mat\u00e9riaux naturels<\/title>\n<meta name=\"description\" content=\"Relookez vos murs de mani\u00e8re simple et \u00e9cologique avec le papier peint intiss\u00e9 lisse Variovlies ECO 150 PLUS ! Ce rev\u00eatement mural est compos\u00e9 \u00e0 100 % de fibres recycl\u00e9es et offre de nombreux avantages, comme une pose facile, une r\u00e9sistance \u00e0 l&#039;humidit\u00e9 et une faible consommation de peinture.\" \/>\n<meta name=\"robots\" content=\"noindex, nofollow\" \/>\n<meta property=\"og:locale\" content=\"fr_FR\" \/>\n<meta property=\"og:type\" content=\"article\" \/>\n<meta property=\"og:title\" content=\"Papier peint intiss\u00e9 lisse Variovlies ECO 150 PLUS de ERFURT - Ma Cabane mat\u00e9riaux naturels\" \/>\n<meta property=\"og:description\" content=\"Relookez vos murs de mani\u00e8re simple et \u00e9cologique avec le papier peint intiss\u00e9 lisse Variovlies ECO 150 PLUS ! Ce rev\u00eatement mural est compos\u00e9 \u00e0 100 % de fibres recycl\u00e9es et offre de nombreux avantages, comme une pose facile, une r\u00e9sistance \u00e0 l&#039;humidit\u00e9 et une faible consommation de peinture.\" \/>\n<meta property=\"og:url\" content=\"https:\/\/nature-et-developpement.com\/macabane-materiaux\/produit\/variovlies-eco-150-plus\/\" \/>\n<meta property=\"og:site_name\" content=\"Ma Cabane mat\u00e9riaux naturels\" \/>\n<meta property=\"article:modified_time\" content=\"2026-01-30T09:11:36+00:00\" \/>\n<meta name=\"twitter:card\" content=\"summary_large_image\" \/>\n<meta name=\"twitter:label1\" content=\"Dur\u00e9e de lecture estim\u00e9e\" \/>\n\t<meta name=\"twitter:data1\" content=\"1 minute\" \/>\n<script type=\"application\/ld+json\" class=\"yoast-schema-graph\">{\"@context\":\"https:\\\/\\\/schema.org\",\"@graph\":[{\"@type\":\"WebPage\",\"@id\":\"https:\\\/\\\/nature-et-developpement.com\\\/macabane-materiaux\\\/produit\\\/variovlies-eco-150-plus\\\/\",\"url\":\"https:\\\/\\\/nature-et-developpement.com\\\/macabane-materiaux\\\/produit\\\/variovlies-eco-150-plus\\\/\",\"name\":\"Papier peint intiss\u00e9 lisse Variovlies ECO 150 PLUS de ERFURT - Ma Cabane mat\u00e9riaux naturels\",\"isPartOf\":{\"@id\":\"https:\\\/\\\/nature-et-developpement.com\\\/macabane-materiaux\\\/#website\"},\"primaryImageOfPage\":{\"@id\":\"https:\\\/\\\/nature-et-developpement.com\\\/macabane-materiaux\\\/produit\\\/variovlies-eco-150-plus\\\/#primaryimage\"},\"image\":{\"@id\":\"https:\\\/\\\/nature-et-developpement.com\\\/macabane-materiaux\\\/produit\\\/variovlies-eco-150-plus\\\/#primaryimage\"},\"thumbnailUrl\":\"https:\\\/\\\/nature-et-developpement.com\\\/macabane-materiaux\\\/wp-content\\\/uploads\\\/Papier-peint-intisse-lisse-Variovlies-ECO-150-PLUS-de-ERFURT-2024.jpg\",\"datePublished\":\"2024-04-20T09:01:13+00:00\",\"dateModified\":\"2026-01-30T09:11:36+00:00\",\"description\":\"Relookez vos murs de mani\u00e8re simple et \u00e9cologique avec le papier peint intiss\u00e9 lisse Variovlies ECO 150 PLUS ! Ce rev\u00eatement mural est compos\u00e9 \u00e0 100 % de fibres recycl\u00e9es et offre de nombreux avantages, comme une pose facile, une r\u00e9sistance \u00e0 l'humidit\u00e9 et une faible consommation de peinture.\",\"breadcrumb\":{\"@id\":\"https:\\\/\\\/nature-et-developpement.com\\\/macabane-materiaux\\\/produit\\\/variovlies-eco-150-plus\\\/#breadcrumb\"},\"inLanguage\":\"fr-FR\",\"potentialAction\":[{\"@type\":\"ReadAction\",\"target\":[\"https:\\\/\\\/nature-et-developpement.com\\\/macabane-materiaux\\\/produit\\\/variovlies-eco-150-plus\\\/\"]}]},{\"@type\":\"ImageObject\",\"inLanguage\":\"fr-FR\",\"@id\":\"https:\\\/\\\/nature-et-developpement.com\\\/macabane-materiaux\\\/produit\\\/variovlies-eco-150-plus\\\/#primaryimage\",\"url\":\"https:\\\/\\\/nature-et-developpement.com\\\/macabane-materiaux\\\/wp-content\\\/uploads\\\/Papier-peint-intisse-lisse-Variovlies-ECO-150-PLUS-de-ERFURT-2024.jpg\",\"contentUrl\":\"https:\\\/\\\/nature-et-developpement.com\\\/macabane-materiaux\\\/wp-content\\\/uploads\\\/Papier-peint-intisse-lisse-Variovlies-ECO-150-PLUS-de-ERFURT-2024.jpg\"},{\"@type\":\"BreadcrumbList\",\"@id\":\"https:\\\/\\\/nature-et-developpement.com\\\/macabane-materiaux\\\/produit\\\/variovlies-eco-150-plus\\\/#breadcrumb\",\"itemListElement\":[{\"@type\":\"ListItem\",\"position\":1,\"name\":\"Accueil\",\"item\":\"https:\\\/\\\/nature-et-developpement.com\\\/macabane-materiaux\\\/\"},{\"@type\":\"ListItem\",\"position\":2,\"name\":\"Boutique\",\"item\":\"https:\\\/\\\/nature-et-developpement.com\\\/macabane-materiaux\\\/boutique\\\/\"},{\"@type\":\"ListItem\",\"position\":3,\"name\":\"Peinture, pigment et enduit\",\"item\":\"https:\\\/\\\/nature-et-developpement.com\\\/macabane-materiaux\\\/produits\\\/peinture-et-enduit\\\/\"},{\"@type\":\"ListItem\",\"position\":4,\"name\":\"Rev\u00eatements muraux\",\"item\":\"https:\\\/\\\/nature-et-developpement.com\\\/macabane-materiaux\\\/produits\\\/peinture-et-enduit\\\/revetements-muraux\\\/\"},{\"@type\":\"ListItem\",\"position\":5,\"name\":\"Papier peint intiss\u00e9 lisse Variovlies ECO 150 PLUS de ERFURT\"}]},{\"@type\":\"WebSite\",\"@id\":\"https:\\\/\\\/nature-et-developpement.com\\\/macabane-materiaux\\\/#website\",\"url\":\"https:\\\/\\\/nature-et-developpement.com\\\/macabane-materiaux\\\/\",\"name\":\"Ma Cabane mat\u00e9riaux naturels\",\"description\":\"Ma Cabane est membre du groupement Nature &amp; D\u00e9veloppement\",\"potentialAction\":[{\"@type\":\"SearchAction\",\"target\":{\"@type\":\"EntryPoint\",\"urlTemplate\":\"https:\\\/\\\/nature-et-developpement.com\\\/macabane-materiaux\\\/?s={search_term_string}\"},\"query-input\":{\"@type\":\"PropertyValueSpecification\",\"valueRequired\":true,\"valueName\":\"search_term_string\"}}],\"inLanguage\":\"fr-FR\"}]}<\/script>\n<!-- \/ Yoast SEO plugin. -->","yoast_head_json":{"title":"Papier peint intiss\u00e9 lisse Variovlies ECO 150 PLUS de ERFURT - Ma Cabane mat\u00e9riaux naturels","description":"Relookez vos murs de mani\u00e8re simple et \u00e9cologique avec le papier peint intiss\u00e9 lisse Variovlies ECO 150 PLUS ! Ce rev\u00eatement mural est compos\u00e9 \u00e0 100 % de fibres recycl\u00e9es et offre de nombreux avantages, comme une pose facile, une r\u00e9sistance \u00e0 l'humidit\u00e9 et une faible consommation de peinture.","robots":{"index":"noindex","follow":"nofollow"},"og_locale":"fr_FR","og_type":"article","og_title":"Papier peint intiss\u00e9 lisse Variovlies ECO 150 PLUS de ERFURT - Ma Cabane mat\u00e9riaux naturels","og_description":"Relookez vos murs de mani\u00e8re simple et \u00e9cologique avec le papier peint intiss\u00e9 lisse Variovlies ECO 150 PLUS ! Ce rev\u00eatement mural est compos\u00e9 \u00e0 100 % de fibres recycl\u00e9es et offre de nombreux avantages, comme une pose facile, une r\u00e9sistance \u00e0 l'humidit\u00e9 et une faible consommation de peinture.","og_url":"https:\/\/nature-et-developpement.com\/macabane-materiaux\/produit\/variovlies-eco-150-plus\/","og_site_name":"Ma Cabane mat\u00e9riaux naturels","article_modified_time":"2026-01-30T09:11:36+00:00","twitter_card":"summary_large_image","twitter_misc":{"Dur\u00e9e de lecture estim\u00e9e":"1 minute"},"schema":{"@context":"https:\/\/schema.org","@graph":[{"@type":"WebPage","@id":"https:\/\/nature-et-developpement.com\/macabane-materiaux\/produit\/variovlies-eco-150-plus\/","url":"https:\/\/nature-et-developpement.com\/macabane-materiaux\/produit\/variovlies-eco-150-plus\/","name":"Papier peint intiss\u00e9 lisse Variovlies ECO 150 PLUS de ERFURT - Ma Cabane mat\u00e9riaux naturels","isPartOf":{"@id":"https:\/\/nature-et-developpement.com\/macabane-materiaux\/#website"},"primaryImageOfPage":{"@id":"https:\/\/nature-et-developpement.com\/macabane-materiaux\/produit\/variovlies-eco-150-plus\/#primaryimage"},"image":{"@id":"https:\/\/nature-et-developpement.com\/macabane-materiaux\/produit\/variovlies-eco-150-plus\/#primaryimage"},"thumbnailUrl":"https:\/\/nature-et-developpement.com\/macabane-materiaux\/wp-content\/uploads\/Papier-peint-intisse-lisse-Variovlies-ECO-150-PLUS-de-ERFURT-2024.jpg","datePublished":"2024-04-20T09:01:13+00:00","dateModified":"2026-01-30T09:11:36+00:00","description":"Relookez vos murs de mani\u00e8re simple et \u00e9cologique avec le papier peint intiss\u00e9 lisse Variovlies ECO 150 PLUS ! Ce rev\u00eatement mural est compos\u00e9 \u00e0 100 % de fibres recycl\u00e9es et offre de nombreux avantages, comme une pose facile, une r\u00e9sistance \u00e0 l'humidit\u00e9 et une faible consommation de peinture.","breadcrumb":{"@id":"https:\/\/nature-et-developpement.com\/macabane-materiaux\/produit\/variovlies-eco-150-plus\/#breadcrumb"},"inLanguage":"fr-FR","potentialAction":[{"@type":"ReadAction","target":["https:\/\/nature-et-developpement.com\/macabane-materiaux\/produit\/variovlies-eco-150-plus\/"]}]},{"@type":"ImageObject","inLanguage":"fr-FR","@id":"https:\/\/nature-et-developpement.com\/macabane-materiaux\/produit\/variovlies-eco-150-plus\/#primaryimage","url":"https:\/\/nature-et-developpement.com\/macabane-materiaux\/wp-content\/uploads\/Papier-peint-intisse-lisse-Variovlies-ECO-150-PLUS-de-ERFURT-2024.jpg","contentUrl":"https:\/\/nature-et-developpement.com\/macabane-materiaux\/wp-content\/uploads\/Papier-peint-intisse-lisse-Variovlies-ECO-150-PLUS-de-ERFURT-2024.jpg"},{"@type":"BreadcrumbList","@id":"https:\/\/nature-et-developpement.com\/macabane-materiaux\/produit\/variovlies-eco-150-plus\/#breadcrumb","itemListElement":[{"@type":"ListItem","position":1,"name":"Accueil","item":"https:\/\/nature-et-developpement.com\/macabane-materiaux\/"},{"@type":"ListItem","position":2,"name":"Boutique","item":"https:\/\/nature-et-developpement.com\/macabane-materiaux\/boutique\/"},{"@type":"ListItem","position":3,"name":"Peinture, pigment et enduit","item":"https:\/\/nature-et-developpement.com\/macabane-materiaux\/produits\/peinture-et-enduit\/"},{"@type":"ListItem","position":4,"name":"Rev\u00eatements muraux","item":"https:\/\/nature-et-developpement.com\/macabane-materiaux\/produits\/peinture-et-enduit\/revetements-muraux\/"},{"@type":"ListItem","position":5,"name":"Papier peint intiss\u00e9 lisse Variovlies ECO 150 PLUS de ERFURT"}]},{"@type":"WebSite","@id":"https:\/\/nature-et-developpement.com\/macabane-materiaux\/#website","url":"https:\/\/nature-et-developpement.com\/macabane-materiaux\/","name":"Ma Cabane mat\u00e9riaux naturels","description":"Ma Cabane est membre du groupement Nature &amp; D\u00e9veloppement","potentialAction":[{"@type":"SearchAction","target":{"@type":"EntryPoint","urlTemplate":"https:\/\/nature-et-developpement.com\/macabane-materiaux\/?s={search_term_string}"},"query-input":{"@type":"PropertyValueSpecification","valueRequired":true,"valueName":"search_term_string"}}],"inLanguage":"fr-FR"}]}},"distributor_meta":false,"distributor_terms":false,"distributor_media":false,"distributor_original_site_name":"Ma Cabane mat\u00e9riaux naturels","distributor_original_site_url":"https:\/\/nature-et-developpement.com\/macabane-materiaux","push-errors":false,"_links":{"self":[{"href":"https:\/\/nature-et-developpement.com\/macabane-materiaux\/wp-json\/wp\/v2\/product\/4081","targetHints":{"allow":["GET"]}}],"collection":[{"href":"https:\/\/nature-et-developpement.com\/macabane-materiaux\/wp-json\/wp\/v2\/product"}],"about":[{"href":"https:\/\/nature-et-developpement.com\/macabane-materiaux\/wp-json\/wp\/v2\/types\/product"}],"wp:featuredmedia":[{"embeddable":true,"href":"https:\/\/nature-et-developpement.com\/macabane-materiaux\/wp-json\/"}],"wp:attachment":[{"href":"https:\/\/nature-et-developpement.com\/macabane-materiaux\/wp-json\/wp\/v2\/media?parent=4081"}],"wp:term":[{"taxonomy":"product_brand","embeddable":true,"href":"https:\/\/nature-et-developpement.com\/macabane-materiaux\/wp-json\/wp\/v2\/product_brand?post=4081"},{"taxonomy":"product_cat","embeddable":true,"href":"https:\/\/nature-et-developpement.com\/macabane-materiaux\/wp-json\/wp\/v2\/product_cat?post=4081"},{"taxonomy":"product_tag","embeddable":true,"href":"https:\/\/nature-et-developpement.com\/macabane-materiaux\/wp-json\/wp\/v2\/product_tag?post=4081"}],"curies":[{"name":"wp","href":"https:\/\/api.w.org\/{rel}","templated":true}]}}