{"id":4137,"date":"2022-07-22T11:52:43","date_gmt":"2022-07-22T09:52:43","guid":{"rendered":"https:\/\/nature-et-developpement.com\/macabane-materiaux\/produit\/trappe-acces-combles-pour-escalier-bois-escamotable-cintre-superieur-lxw-fakro\/"},"modified":"2025-09-02T13:41:51","modified_gmt":"2025-09-02T11:41:51","slug":"trappe-acces-combles-pour-escalier-bois-escamotable-cintre-superieur-lxw-fakro","status":"publish","type":"product","link":"https:\/\/nature-et-developpement.com\/macabane-materiaux\/produit\/trappe-acces-combles-pour-escalier-bois-escamotable-cintre-superieur-lxw-fakro\/","title":{"rendered":"Trappe acc\u00e8s combles pour escalier bois escamotable cintre sup\u00e9rieur LXW FAKRO"},"content":{"rendered":"<h2>Une trappe de grenier indispensable.<\/h2>\n<p>Le cintre sup\u00e9rieur emp\u00eache l\u2019accumulation de la poussi\u00e8re du grenier sur la trappe et l\u2019\u00e9chelle de l\u2019escalier escamotable ferm\u00e9es.<\/p>\n<p>Il am\u00e9liore aussi la performance d\u2019isolation thermique et d\u2019\u00e9tanch\u00e9it\u00e9 de l\u2019escalier qu\u2019il abrite.<\/p>\n<p>Le cintre sup\u00e9rieur est compos\u00e9 d\u2019un dormant, d\u2019une trappe dont l\u2019\u00e9paisseur est de 3,6 cm, de la quincaillerie, des poign\u00e9es de fixation, d\u2019un v\u00e9rin \u00e0 gaz et d\u2019une poign\u00e9e tournante de fermeture.<\/p>\n<p>Le dormant re\u00e7oit un joint p\u00e9riph\u00e9rique suppl\u00e9mentaire. La hauteur du caisson est de 20 cm.<\/p>\n<p>&nbsp;<\/p>\n","protected":false},"excerpt":{"rendered":"<p>Le cintre sup\u00e9rieur LXW emp\u00eache l\u2019accumulation de la poussi\u00e8re du grenier sur la trappe et l\u2019\u00e9chelle de l\u2019escalier escamotable ferm\u00e9es et am\u00e9liore votre isolation.<\/p>\n","protected":false},"featured_media":1000000169196,"template":"","meta":[],"product_brand":[143],"product_cat":[2344],"product_tag":[2717],"class_list":{"0":"post-4137","1":"product","2":"type-product","3":"status-publish","4":"has-post-thumbnail","6":"product_brand-fakro","7":"product_cat-accessoires-agencement-interieur","8":"product_tag-fakro","9":"product_shipping_class-petit-equipement-outil-eclairage","11":"first","12":"instock","13":"taxable","14":"shipping-taxable","15":"purchasable","16":"product-type-variable"},"yoast_head":"<!-- This site is optimized with the Yoast SEO plugin v27.5 - https:\/\/yoast.com\/product\/yoast-seo-wordpress\/ -->\n<title>Trappe pour escalier bois escamotable cintre sup\u00e9rieur LXW FAKRO<\/title>\n<meta name=\"description\" content=\"Le cintre sup\u00e9rieur LXW emp\u00eache l\u2019accumulation de la poussi\u00e8re du grenier sur la trappe et l\u2019\u00e9chelle de l\u2019escalier escamotable ferm\u00e9es et am\u00e9liore votre isolation.\" \/>\n<meta name=\"robots\" content=\"noindex, nofollow\" \/>\n<meta property=\"og:locale\" content=\"fr_FR\" \/>\n<meta property=\"og:type\" content=\"article\" \/>\n<meta property=\"og:title\" content=\"Trappe pour escalier bois escamotable cintre sup\u00e9rieur LXW FAKRO\" \/>\n<meta property=\"og:description\" content=\"Le cintre sup\u00e9rieur LXW emp\u00eache l\u2019accumulation de la poussi\u00e8re du grenier sur la trappe et l\u2019\u00e9chelle de l\u2019escalier escamotable ferm\u00e9es et am\u00e9liore votre isolation.\" \/>\n<meta property=\"og:url\" content=\"https:\/\/nature-et-developpement.com\/macabane-materiaux\/produit\/trappe-acces-combles-pour-escalier-bois-escamotable-cintre-superieur-lxw-fakro\/\" \/>\n<meta property=\"og:site_name\" content=\"Ma Cabane mat\u00e9riaux naturels\" \/>\n<meta property=\"article:modified_time\" content=\"2025-09-02T11:41:51+00:00\" \/>\n<meta name=\"twitter:card\" content=\"summary_large_image\" \/>\n<meta name=\"twitter:label1\" content=\"Dur\u00e9e de lecture estim\u00e9e\" \/>\n\t<meta name=\"twitter:data1\" content=\"1 minute\" \/>\n<script type=\"application\/ld+json\" class=\"yoast-schema-graph\">{\"@context\":\"https:\\\/\\\/schema.org\",\"@graph\":[{\"@type\":\"WebPage\",\"@id\":\"https:\\\/\\\/nature-et-developpement.com\\\/macabane-materiaux\\\/produit\\\/trappe-acces-combles-pour-escalier-bois-escamotable-cintre-superieur-lxw-fakro\\\/\",\"url\":\"https:\\\/\\\/nature-et-developpement.com\\\/macabane-materiaux\\\/produit\\\/trappe-acces-combles-pour-escalier-bois-escamotable-cintre-superieur-lxw-fakro\\\/\",\"name\":\"Trappe pour escalier bois escamotable cintre sup\u00e9rieur LXW FAKRO\",\"isPartOf\":{\"@id\":\"https:\\\/\\\/nature-et-developpement.com\\\/macabane-materiaux\\\/#website\"},\"primaryImageOfPage\":{\"@id\":\"https:\\\/\\\/nature-et-developpement.com\\\/macabane-materiaux\\\/produit\\\/trappe-acces-combles-pour-escalier-bois-escamotable-cintre-superieur-lxw-fakro\\\/#primaryimage\"},\"image\":{\"@id\":\"https:\\\/\\\/nature-et-developpement.com\\\/macabane-materiaux\\\/produit\\\/trappe-acces-combles-pour-escalier-bois-escamotable-cintre-superieur-lxw-fakro\\\/#primaryimage\"},\"thumbnailUrl\":\"https:\\\/\\\/nature-et-developpement.com\\\/macabane-materiaux\\\/wp-content\\\/uploads\\\/Trappe-acces-combles-pour-escalier-bois-escamotable-cintre-superieur-LXW-FAKRO.jpg\",\"datePublished\":\"2022-07-22T09:52:43+00:00\",\"dateModified\":\"2025-09-02T11:41:51+00:00\",\"description\":\"Le cintre sup\u00e9rieur LXW emp\u00eache l\u2019accumulation de la poussi\u00e8re du grenier sur la trappe et l\u2019\u00e9chelle de l\u2019escalier escamotable ferm\u00e9es et am\u00e9liore votre isolation.\",\"breadcrumb\":{\"@id\":\"https:\\\/\\\/nature-et-developpement.com\\\/macabane-materiaux\\\/produit\\\/trappe-acces-combles-pour-escalier-bois-escamotable-cintre-superieur-lxw-fakro\\\/#breadcrumb\"},\"inLanguage\":\"fr-FR\",\"potentialAction\":[{\"@type\":\"ReadAction\",\"target\":[\"https:\\\/\\\/nature-et-developpement.com\\\/macabane-materiaux\\\/produit\\\/trappe-acces-combles-pour-escalier-bois-escamotable-cintre-superieur-lxw-fakro\\\/\"]}]},{\"@type\":\"ImageObject\",\"inLanguage\":\"fr-FR\",\"@id\":\"https:\\\/\\\/nature-et-developpement.com\\\/macabane-materiaux\\\/produit\\\/trappe-acces-combles-pour-escalier-bois-escamotable-cintre-superieur-lxw-fakro\\\/#primaryimage\",\"url\":\"https:\\\/\\\/nature-et-developpement.com\\\/macabane-materiaux\\\/wp-content\\\/uploads\\\/Trappe-acces-combles-pour-escalier-bois-escamotable-cintre-superieur-LXW-FAKRO.jpg\",\"contentUrl\":\"https:\\\/\\\/nature-et-developpement.com\\\/macabane-materiaux\\\/wp-content\\\/uploads\\\/Trappe-acces-combles-pour-escalier-bois-escamotable-cintre-superieur-LXW-FAKRO.jpg\"},{\"@type\":\"BreadcrumbList\",\"@id\":\"https:\\\/\\\/nature-et-developpement.com\\\/macabane-materiaux\\\/produit\\\/trappe-acces-combles-pour-escalier-bois-escamotable-cintre-superieur-lxw-fakro\\\/#breadcrumb\",\"itemListElement\":[{\"@type\":\"ListItem\",\"position\":1,\"name\":\"Accueil\",\"item\":\"https:\\\/\\\/nature-et-developpement.com\\\/macabane-materiaux\\\/\"},{\"@type\":\"ListItem\",\"position\":2,\"name\":\"Boutique\",\"item\":\"https:\\\/\\\/nature-et-developpement.com\\\/macabane-materiaux\\\/boutique\\\/\"},{\"@type\":\"ListItem\",\"position\":3,\"name\":\"Agencement int\u00e9rieur\",\"item\":\"https:\\\/\\\/nature-et-developpement.com\\\/macabane-materiaux\\\/produits\\\/agencement-interieur\\\/\"},{\"@type\":\"ListItem\",\"position\":4,\"name\":\"Accessoires agencement int\u00e9rieur\",\"item\":\"https:\\\/\\\/nature-et-developpement.com\\\/macabane-materiaux\\\/produits\\\/agencement-interieur\\\/accessoires-agencement-interieur\\\/\"},{\"@type\":\"ListItem\",\"position\":5,\"name\":\"Trappe acc\u00e8s combles pour escalier bois escamotable cintre sup\u00e9rieur LXW FAKRO\"}]},{\"@type\":\"WebSite\",\"@id\":\"https:\\\/\\\/nature-et-developpement.com\\\/macabane-materiaux\\\/#website\",\"url\":\"https:\\\/\\\/nature-et-developpement.com\\\/macabane-materiaux\\\/\",\"name\":\"Ma Cabane mat\u00e9riaux naturels\",\"description\":\"Ma Cabane est membre du groupement Nature &amp; D\u00e9veloppement\",\"potentialAction\":[{\"@type\":\"SearchAction\",\"target\":{\"@type\":\"EntryPoint\",\"urlTemplate\":\"https:\\\/\\\/nature-et-developpement.com\\\/macabane-materiaux\\\/?s={search_term_string}\"},\"query-input\":{\"@type\":\"PropertyValueSpecification\",\"valueRequired\":true,\"valueName\":\"search_term_string\"}}],\"inLanguage\":\"fr-FR\"}]}<\/script>\n<!-- \/ Yoast SEO plugin. -->","yoast_head_json":{"title":"Trappe pour escalier bois escamotable cintre sup\u00e9rieur LXW FAKRO","description":"Le cintre sup\u00e9rieur LXW emp\u00eache l\u2019accumulation de la poussi\u00e8re du grenier sur la trappe et l\u2019\u00e9chelle de l\u2019escalier escamotable ferm\u00e9es et am\u00e9liore votre isolation.","robots":{"index":"noindex","follow":"nofollow"},"og_locale":"fr_FR","og_type":"article","og_title":"Trappe pour escalier bois escamotable cintre sup\u00e9rieur LXW FAKRO","og_description":"Le cintre sup\u00e9rieur LXW emp\u00eache l\u2019accumulation de la poussi\u00e8re du grenier sur la trappe et l\u2019\u00e9chelle de l\u2019escalier escamotable ferm\u00e9es et am\u00e9liore votre isolation.","og_url":"https:\/\/nature-et-developpement.com\/macabane-materiaux\/produit\/trappe-acces-combles-pour-escalier-bois-escamotable-cintre-superieur-lxw-fakro\/","og_site_name":"Ma Cabane mat\u00e9riaux naturels","article_modified_time":"2025-09-02T11:41:51+00:00","twitter_card":"summary_large_image","twitter_misc":{"Dur\u00e9e de lecture estim\u00e9e":"1 minute"},"schema":{"@context":"https:\/\/schema.org","@graph":[{"@type":"WebPage","@id":"https:\/\/nature-et-developpement.com\/macabane-materiaux\/produit\/trappe-acces-combles-pour-escalier-bois-escamotable-cintre-superieur-lxw-fakro\/","url":"https:\/\/nature-et-developpement.com\/macabane-materiaux\/produit\/trappe-acces-combles-pour-escalier-bois-escamotable-cintre-superieur-lxw-fakro\/","name":"Trappe pour escalier bois escamotable cintre sup\u00e9rieur LXW FAKRO","isPartOf":{"@id":"https:\/\/nature-et-developpement.com\/macabane-materiaux\/#website"},"primaryImageOfPage":{"@id":"https:\/\/nature-et-developpement.com\/macabane-materiaux\/produit\/trappe-acces-combles-pour-escalier-bois-escamotable-cintre-superieur-lxw-fakro\/#primaryimage"},"image":{"@id":"https:\/\/nature-et-developpement.com\/macabane-materiaux\/produit\/trappe-acces-combles-pour-escalier-bois-escamotable-cintre-superieur-lxw-fakro\/#primaryimage"},"thumbnailUrl":"https:\/\/nature-et-developpement.com\/macabane-materiaux\/wp-content\/uploads\/Trappe-acces-combles-pour-escalier-bois-escamotable-cintre-superieur-LXW-FAKRO.jpg","datePublished":"2022-07-22T09:52:43+00:00","dateModified":"2025-09-02T11:41:51+00:00","description":"Le cintre sup\u00e9rieur LXW emp\u00eache l\u2019accumulation de la poussi\u00e8re du grenier sur la trappe et l\u2019\u00e9chelle de l\u2019escalier escamotable ferm\u00e9es et am\u00e9liore votre isolation.","breadcrumb":{"@id":"https:\/\/nature-et-developpement.com\/macabane-materiaux\/produit\/trappe-acces-combles-pour-escalier-bois-escamotable-cintre-superieur-lxw-fakro\/#breadcrumb"},"inLanguage":"fr-FR","potentialAction":[{"@type":"ReadAction","target":["https:\/\/nature-et-developpement.com\/macabane-materiaux\/produit\/trappe-acces-combles-pour-escalier-bois-escamotable-cintre-superieur-lxw-fakro\/"]}]},{"@type":"ImageObject","inLanguage":"fr-FR","@id":"https:\/\/nature-et-developpement.com\/macabane-materiaux\/produit\/trappe-acces-combles-pour-escalier-bois-escamotable-cintre-superieur-lxw-fakro\/#primaryimage","url":"https:\/\/nature-et-developpement.com\/macabane-materiaux\/wp-content\/uploads\/Trappe-acces-combles-pour-escalier-bois-escamotable-cintre-superieur-LXW-FAKRO.jpg","contentUrl":"https:\/\/nature-et-developpement.com\/macabane-materiaux\/wp-content\/uploads\/Trappe-acces-combles-pour-escalier-bois-escamotable-cintre-superieur-LXW-FAKRO.jpg"},{"@type":"BreadcrumbList","@id":"https:\/\/nature-et-developpement.com\/macabane-materiaux\/produit\/trappe-acces-combles-pour-escalier-bois-escamotable-cintre-superieur-lxw-fakro\/#breadcrumb","itemListElement":[{"@type":"ListItem","position":1,"name":"Accueil","item":"https:\/\/nature-et-developpement.com\/macabane-materiaux\/"},{"@type":"ListItem","position":2,"name":"Boutique","item":"https:\/\/nature-et-developpement.com\/macabane-materiaux\/boutique\/"},{"@type":"ListItem","position":3,"name":"Agencement int\u00e9rieur","item":"https:\/\/nature-et-developpement.com\/macabane-materiaux\/produits\/agencement-interieur\/"},{"@type":"ListItem","position":4,"name":"Accessoires agencement int\u00e9rieur","item":"https:\/\/nature-et-developpement.com\/macabane-materiaux\/produits\/agencement-interieur\/accessoires-agencement-interieur\/"},{"@type":"ListItem","position":5,"name":"Trappe acc\u00e8s combles pour escalier bois escamotable cintre sup\u00e9rieur LXW FAKRO"}]},{"@type":"WebSite","@id":"https:\/\/nature-et-developpement.com\/macabane-materiaux\/#website","url":"https:\/\/nature-et-developpement.com\/macabane-materiaux\/","name":"Ma Cabane mat\u00e9riaux naturels","description":"Ma Cabane est membre du groupement Nature &amp; D\u00e9veloppement","potentialAction":[{"@type":"SearchAction","target":{"@type":"EntryPoint","urlTemplate":"https:\/\/nature-et-developpement.com\/macabane-materiaux\/?s={search_term_string}"},"query-input":{"@type":"PropertyValueSpecification","valueRequired":true,"valueName":"search_term_string"}}],"inLanguage":"fr-FR"}]}},"distributor_meta":false,"distributor_terms":false,"distributor_media":false,"distributor_original_site_name":"Ma Cabane mat\u00e9riaux naturels","distributor_original_site_url":"https:\/\/nature-et-developpement.com\/macabane-materiaux","push-errors":false,"_links":{"self":[{"href":"https:\/\/nature-et-developpement.com\/macabane-materiaux\/wp-json\/wp\/v2\/product\/4137","targetHints":{"allow":["GET"]}}],"collection":[{"href":"https:\/\/nature-et-developpement.com\/macabane-materiaux\/wp-json\/wp\/v2\/product"}],"about":[{"href":"https:\/\/nature-et-developpement.com\/macabane-materiaux\/wp-json\/wp\/v2\/types\/product"}],"wp:featuredmedia":[{"embeddable":true,"href":"https:\/\/nature-et-developpement.com\/macabane-materiaux\/wp-json\/"}],"wp:attachment":[{"href":"https:\/\/nature-et-developpement.com\/macabane-materiaux\/wp-json\/wp\/v2\/media?parent=4137"}],"wp:term":[{"taxonomy":"product_brand","embeddable":true,"href":"https:\/\/nature-et-developpement.com\/macabane-materiaux\/wp-json\/wp\/v2\/product_brand?post=4137"},{"taxonomy":"product_cat","embeddable":true,"href":"https:\/\/nature-et-developpement.com\/macabane-materiaux\/wp-json\/wp\/v2\/product_cat?post=4137"},{"taxonomy":"product_tag","embeddable":true,"href":"https:\/\/nature-et-developpement.com\/macabane-materiaux\/wp-json\/wp\/v2\/product_tag?post=4137"}],"curies":[{"name":"wp","href":"https:\/\/api.w.org\/{rel}","templated":true}]}}