{"id":4300,"date":"2017-01-01T00:00:00","date_gmt":"2016-12-31T23:00:00","guid":{"rendered":"https:\/\/nature-et-developpement.com\/macabane-materiaux\/produit\/eclairage-led-pour-tableau-6w-crosses-expo\/"},"modified":"2026-03-06T15:57:46","modified_gmt":"2026-03-06T14:57:46","slug":"eclairage-led-pour-tableau-6w-crosses-expo","status":"publish","type":"product","link":"https:\/\/nature-et-developpement.com\/macabane-materiaux\/produit\/eclairage-led-pour-tableau-6w-crosses-expo\/","title":{"rendered":"\u00c9clairage LED pour tableau 6W CROSSES EXPO"},"content":{"rendered":"<h2>LED pour une mise en lumi\u00e8re<\/h2>\n<p>La crosse expo est un syst\u00e8me tr\u00e8s pratique pour l&rsquo;\u00e9clairage d&rsquo;expositions permanentes ou temporaires.<\/p>\n<p>Une facilit\u00e9 de mise en \u0153uvre par n&rsquo;importe qui en toute s\u00e9curit\u00e9 gr\u00e2ce \u00e0 ses connecteurs rapides avec d\u00e9trompeur<\/p>\n<p>&#8211; Une grande qualit\u00e9 d&rsquo;\u00e9clairage avec un flux sortant &gt; \u00e0 600lm avec un IRC de 90 afin de mettre en valeur les \u0153uvres expos\u00e9es<\/p>\n<p>&#8211; Une seule alimentation pour 3 \u00e0 11 crosses afin de limiter les prises \u00e9lectriques, le tout en TBTS.<\/p>\n<p>&#8211; Se fixe sur une multitude de supports d&rsquo;\u00e9paisseurs variables.<\/p>\n<p>Ne pas oublier de pr\u00e9voir une alimentation pour vos crosses (CE1003 ou CE1001)<\/p>\n<h3>Puissance 6W<\/h3>\n<p>Avec <strong>une ouverture de 60\u00b0<\/strong>\u00a0en version standard, elle d\u00e9veloppe un flux puissant et sans danger pour vos toiles (vernis prot\u00e9g\u00e9s) car\u00a0<strong>sans d\u00e9gagement de chaleur vers l&rsquo;avant.<\/strong><\/p>\n<p>Le produit module LED (pas d&rsquo;ampoule) vous garantissent de ne pas vous faire subtiliser de lampes LED pendant les expos et assurent\u00a0<strong>des dur\u00e9es de vie beaucoup plus longue que les solutions ampoules.<\/strong><\/p>\n<p><strong>Ces crosses se c\u00e2blent en s\u00e9rie gr\u00e2ce aux connectiques rapides avec d\u00e9trompeur<\/strong>\u00a0qui permettent de raccorder les spots les uns aux autres tr\u00e8s facilement.<\/p>\n<p>De vrais produits d&rsquo;\u00e9clairage, avec des puces (COB) ayant un tr\u00e8s bon rendement lumen\/watt, des lentilles (optique) qui dirigent la lumi\u00e8re vers le bas (les produits LED avec une ouverture de 120\u00b0 ne sont pas efficaces car la lumi\u00e8re reste autour du spot et n&rsquo;est pas dirig\u00e9e vers le bas).<\/p>\n<p>Vous trouverez 2 ouvertures de faisceaux disponibles : 30\u00b0 (pour les parties hautes de vos v\u00e9randas) et 40\u00b0 (pour les parties de toiture plus basses).<\/p>\n<p>Le c\u00e2blage se fait en s\u00e9rie et l&rsquo;alimentation est d\u00e9port\u00e9e.<\/p>\n<p>En pratique, qu\u2019est-ce que \u00e7a veut dire\u00a0?<\/p>\n<p>Vous \u00e9tiez habitu\u00e9 \u00e0 remplacer des lampes en maintenance.<\/p>\n<h4>Avec la dur\u00e9e de vie vraiment importante des leds<\/h4>\n<p>C\u2019est plut\u00f4t les alimentations qui se remplacent en maintenance.<\/p>\n<p>Associer les alimentations aux spots implique que vous allez devoir jeter un ensemble alors que la LED est sans doute encore fonctionnelle, mais votre alimentation a rendu l\u2019\u00e2me&#8230;<\/p>\n<p>Second probl\u00e8me, une LED \u00e7a chauffe.<\/p>\n<p>M\u00eame si c\u2019est moins que les ampoules incandescentes.<\/p>\n<p>La chaleur se propage dans le spot et sur l\u2019alimentation.<\/p>\n<p>Hors, qu\u2019est-ce qui, selon vous, r\u00e9duit la dur\u00e9e de vie d\u2019une alimentation\u00a0? Et oui, la chaleur\u00a0!<\/p>\n<p>Et dernier probl\u00e8me mais pas le moindre : le rayonnement \u00e9lectromagn\u00e9tique des alimentations.<\/p>\n<p>Toutes ces alimentations, enferm\u00e9es dans vos spots, rayonnent gaiement au- dessus de vos t\u00eates.<\/p>\n<p>Surtout lorsque vous\u00a0 faites de la variation.<\/p>\n<p>Il vaut donc mieux avoir 1 seule alimentation qui rayonne loin de vous, dans votre garage par exemple.<\/p>\n<p>Elle sera beaucoup mieux ventil\u00e9e qu\u2019enferm\u00e9e dans un spot, et durera beaucoup plus longtemps.<\/p>\n<p>Une seule alimentation, c\u2019est \u00e9galement moins de composants \u00e9lectroniques utilis\u00e9s et globalement moins de rayonnement.<\/p>\n<p>Il suffit ensuite de remplacer la LED dans votre spot une fois tous les 20-30 ans (suivant la dur\u00e9e d\u2019utilisation journali\u00e8re du luminaire).<\/p>\n<p>Tout cela est beaucoup plus \u00e9colo qu\u2019un spot LED direct 230V implant\u00e9 sous un isolant, dont la dur\u00e9e de vie sera r\u00e9duite, et dont tous les composants seront jet\u00e9s \u00e0 chaque renouv\u00e8lement de produit&#8230;<\/p>\n","protected":false},"excerpt":{"rendered":"<p>Eclairage de panneaux d&rsquo;exposition, salons etc&#8230;<\/p>\n<p><img loading=\"lazy\" decoding=\"async\" class=\"alignnone size-full wp-image-158959\" src=\"https:\/\/nature-et-developpement.com\/wp-content\/uploads\/100-reparable-FD-Eclairage.jpg\" alt=\"\" width=\"100\" height=\"100\" \/><\/p>\n","protected":false},"featured_media":1000000159106,"template":"","meta":[],"product_brand":[144],"product_cat":[106],"product_tag":[],"class_list":{"0":"post-4300","1":"product","2":"type-product","3":"status-publish","4":"has-post-thumbnail","6":"product_brand-fd-eclairage","7":"product_cat-eclairage","8":"product_shipping_class-petit-equipement-outil-eclairage","10":"first","11":"instock","12":"taxable","13":"shipping-taxable","14":"purchasable","15":"product-type-variable"},"yoast_head":"<!-- This site is optimized with the Yoast SEO plugin v27.5 - https:\/\/yoast.com\/product\/yoast-seo-wordpress\/ -->\n<title>\u00c9clairage LED pour tableau 6W CROSSES EXPO - Ma Cabane mat\u00e9riaux naturels<\/title>\n<meta name=\"description\" content=\"Eclairage de panneaux d&#039;exposition, salons etc...\" \/>\n<meta name=\"robots\" content=\"noindex, nofollow\" \/>\n<meta property=\"og:locale\" content=\"fr_FR\" \/>\n<meta property=\"og:type\" content=\"article\" \/>\n<meta property=\"og:title\" content=\"\u00c9clairage LED pour tableau 6W CROSSES EXPO - Ma Cabane mat\u00e9riaux naturels\" \/>\n<meta property=\"og:description\" content=\"Eclairage de panneaux d&#039;exposition, salons etc...\" \/>\n<meta property=\"og:url\" content=\"https:\/\/nature-et-developpement.com\/macabane-materiaux\/produit\/eclairage-led-pour-tableau-6w-crosses-expo\/\" \/>\n<meta property=\"og:site_name\" content=\"Ma Cabane mat\u00e9riaux naturels\" \/>\n<meta property=\"article:modified_time\" content=\"2026-03-06T14:57:46+00:00\" \/>\n<meta name=\"twitter:card\" content=\"summary_large_image\" \/>\n<meta name=\"twitter:label1\" content=\"Dur\u00e9e de lecture estim\u00e9e\" \/>\n\t<meta name=\"twitter:data1\" content=\"2 minutes\" \/>\n<script type=\"application\/ld+json\" class=\"yoast-schema-graph\">{\"@context\":\"https:\\\/\\\/schema.org\",\"@graph\":[{\"@type\":\"WebPage\",\"@id\":\"https:\\\/\\\/nature-et-developpement.com\\\/macabane-materiaux\\\/produit\\\/eclairage-led-pour-tableau-6w-crosses-expo\\\/\",\"url\":\"https:\\\/\\\/nature-et-developpement.com\\\/macabane-materiaux\\\/produit\\\/eclairage-led-pour-tableau-6w-crosses-expo\\\/\",\"name\":\"\u00c9clairage LED pour tableau 6W CROSSES EXPO - Ma Cabane mat\u00e9riaux naturels\",\"isPartOf\":{\"@id\":\"https:\\\/\\\/nature-et-developpement.com\\\/macabane-materiaux\\\/#website\"},\"primaryImageOfPage\":{\"@id\":\"https:\\\/\\\/nature-et-developpement.com\\\/macabane-materiaux\\\/produit\\\/eclairage-led-pour-tableau-6w-crosses-expo\\\/#primaryimage\"},\"image\":{\"@id\":\"https:\\\/\\\/nature-et-developpement.com\\\/macabane-materiaux\\\/produit\\\/eclairage-led-pour-tableau-6w-crosses-expo\\\/#primaryimage\"},\"thumbnailUrl\":\"https:\\\/\\\/nature-et-developpement.com\\\/macabane-materiaux\\\/wp-content\\\/uploads\\\/Eclairage-LED-pour-tableau-6W-CROSSES-EXPO-FD-Eclairage-profil.jpg\",\"datePublished\":\"2016-12-31T23:00:00+00:00\",\"dateModified\":\"2026-03-06T14:57:46+00:00\",\"description\":\"Eclairage de panneaux d'exposition, salons etc...\",\"breadcrumb\":{\"@id\":\"https:\\\/\\\/nature-et-developpement.com\\\/macabane-materiaux\\\/produit\\\/eclairage-led-pour-tableau-6w-crosses-expo\\\/#breadcrumb\"},\"inLanguage\":\"fr-FR\",\"potentialAction\":[{\"@type\":\"ReadAction\",\"target\":[\"https:\\\/\\\/nature-et-developpement.com\\\/macabane-materiaux\\\/produit\\\/eclairage-led-pour-tableau-6w-crosses-expo\\\/\"]}]},{\"@type\":\"ImageObject\",\"inLanguage\":\"fr-FR\",\"@id\":\"https:\\\/\\\/nature-et-developpement.com\\\/macabane-materiaux\\\/produit\\\/eclairage-led-pour-tableau-6w-crosses-expo\\\/#primaryimage\",\"url\":\"https:\\\/\\\/nature-et-developpement.com\\\/macabane-materiaux\\\/wp-content\\\/uploads\\\/Eclairage-LED-pour-tableau-6W-CROSSES-EXPO-FD-Eclairage-profil.jpg\",\"contentUrl\":\"https:\\\/\\\/nature-et-developpement.com\\\/macabane-materiaux\\\/wp-content\\\/uploads\\\/Eclairage-LED-pour-tableau-6W-CROSSES-EXPO-FD-Eclairage-profil.jpg\"},{\"@type\":\"BreadcrumbList\",\"@id\":\"https:\\\/\\\/nature-et-developpement.com\\\/macabane-materiaux\\\/produit\\\/eclairage-led-pour-tableau-6w-crosses-expo\\\/#breadcrumb\",\"itemListElement\":[{\"@type\":\"ListItem\",\"position\":1,\"name\":\"Accueil\",\"item\":\"https:\\\/\\\/nature-et-developpement.com\\\/macabane-materiaux\\\/\"},{\"@type\":\"ListItem\",\"position\":2,\"name\":\"Boutique\",\"item\":\"https:\\\/\\\/nature-et-developpement.com\\\/macabane-materiaux\\\/boutique\\\/\"},{\"@type\":\"ListItem\",\"position\":3,\"name\":\"Chauffage, eau et \u00e9nergie\",\"item\":\"https:\\\/\\\/nature-et-developpement.com\\\/macabane-materiaux\\\/produits\\\/energie-et-ventilation\\\/\"},{\"@type\":\"ListItem\",\"position\":4,\"name\":\"Lampe, lumi\u00e8re, \u00e9clairage LED et puit de lumi\u00e8re\",\"item\":\"https:\\\/\\\/nature-et-developpement.com\\\/macabane-materiaux\\\/produits\\\/energie-et-ventilation\\\/eclairage\\\/\"},{\"@type\":\"ListItem\",\"position\":5,\"name\":\"\u00c9clairage LED pour tableau 6W CROSSES EXPO\"}]},{\"@type\":\"WebSite\",\"@id\":\"https:\\\/\\\/nature-et-developpement.com\\\/macabane-materiaux\\\/#website\",\"url\":\"https:\\\/\\\/nature-et-developpement.com\\\/macabane-materiaux\\\/\",\"name\":\"Ma Cabane mat\u00e9riaux naturels\",\"description\":\"Ma Cabane est membre du groupement Nature &amp; D\u00e9veloppement\",\"potentialAction\":[{\"@type\":\"SearchAction\",\"target\":{\"@type\":\"EntryPoint\",\"urlTemplate\":\"https:\\\/\\\/nature-et-developpement.com\\\/macabane-materiaux\\\/?s={search_term_string}\"},\"query-input\":{\"@type\":\"PropertyValueSpecification\",\"valueRequired\":true,\"valueName\":\"search_term_string\"}}],\"inLanguage\":\"fr-FR\"}]}<\/script>\n<!-- \/ Yoast SEO plugin. -->","yoast_head_json":{"title":"\u00c9clairage LED pour tableau 6W CROSSES EXPO - Ma Cabane mat\u00e9riaux naturels","description":"Eclairage de panneaux d'exposition, salons etc...","robots":{"index":"noindex","follow":"nofollow"},"og_locale":"fr_FR","og_type":"article","og_title":"\u00c9clairage LED pour tableau 6W CROSSES EXPO - Ma Cabane mat\u00e9riaux naturels","og_description":"Eclairage de panneaux d'exposition, salons etc...","og_url":"https:\/\/nature-et-developpement.com\/macabane-materiaux\/produit\/eclairage-led-pour-tableau-6w-crosses-expo\/","og_site_name":"Ma Cabane mat\u00e9riaux naturels","article_modified_time":"2026-03-06T14:57:46+00:00","twitter_card":"summary_large_image","twitter_misc":{"Dur\u00e9e de lecture estim\u00e9e":"2 minutes"},"schema":{"@context":"https:\/\/schema.org","@graph":[{"@type":"WebPage","@id":"https:\/\/nature-et-developpement.com\/macabane-materiaux\/produit\/eclairage-led-pour-tableau-6w-crosses-expo\/","url":"https:\/\/nature-et-developpement.com\/macabane-materiaux\/produit\/eclairage-led-pour-tableau-6w-crosses-expo\/","name":"\u00c9clairage LED pour tableau 6W CROSSES EXPO - Ma Cabane mat\u00e9riaux naturels","isPartOf":{"@id":"https:\/\/nature-et-developpement.com\/macabane-materiaux\/#website"},"primaryImageOfPage":{"@id":"https:\/\/nature-et-developpement.com\/macabane-materiaux\/produit\/eclairage-led-pour-tableau-6w-crosses-expo\/#primaryimage"},"image":{"@id":"https:\/\/nature-et-developpement.com\/macabane-materiaux\/produit\/eclairage-led-pour-tableau-6w-crosses-expo\/#primaryimage"},"thumbnailUrl":"https:\/\/nature-et-developpement.com\/macabane-materiaux\/wp-content\/uploads\/Eclairage-LED-pour-tableau-6W-CROSSES-EXPO-FD-Eclairage-profil.jpg","datePublished":"2016-12-31T23:00:00+00:00","dateModified":"2026-03-06T14:57:46+00:00","description":"Eclairage de panneaux d'exposition, salons etc...","breadcrumb":{"@id":"https:\/\/nature-et-developpement.com\/macabane-materiaux\/produit\/eclairage-led-pour-tableau-6w-crosses-expo\/#breadcrumb"},"inLanguage":"fr-FR","potentialAction":[{"@type":"ReadAction","target":["https:\/\/nature-et-developpement.com\/macabane-materiaux\/produit\/eclairage-led-pour-tableau-6w-crosses-expo\/"]}]},{"@type":"ImageObject","inLanguage":"fr-FR","@id":"https:\/\/nature-et-developpement.com\/macabane-materiaux\/produit\/eclairage-led-pour-tableau-6w-crosses-expo\/#primaryimage","url":"https:\/\/nature-et-developpement.com\/macabane-materiaux\/wp-content\/uploads\/Eclairage-LED-pour-tableau-6W-CROSSES-EXPO-FD-Eclairage-profil.jpg","contentUrl":"https:\/\/nature-et-developpement.com\/macabane-materiaux\/wp-content\/uploads\/Eclairage-LED-pour-tableau-6W-CROSSES-EXPO-FD-Eclairage-profil.jpg"},{"@type":"BreadcrumbList","@id":"https:\/\/nature-et-developpement.com\/macabane-materiaux\/produit\/eclairage-led-pour-tableau-6w-crosses-expo\/#breadcrumb","itemListElement":[{"@type":"ListItem","position":1,"name":"Accueil","item":"https:\/\/nature-et-developpement.com\/macabane-materiaux\/"},{"@type":"ListItem","position":2,"name":"Boutique","item":"https:\/\/nature-et-developpement.com\/macabane-materiaux\/boutique\/"},{"@type":"ListItem","position":3,"name":"Chauffage, eau et \u00e9nergie","item":"https:\/\/nature-et-developpement.com\/macabane-materiaux\/produits\/energie-et-ventilation\/"},{"@type":"ListItem","position":4,"name":"Lampe, lumi\u00e8re, \u00e9clairage LED et puit de lumi\u00e8re","item":"https:\/\/nature-et-developpement.com\/macabane-materiaux\/produits\/energie-et-ventilation\/eclairage\/"},{"@type":"ListItem","position":5,"name":"\u00c9clairage LED pour tableau 6W CROSSES EXPO"}]},{"@type":"WebSite","@id":"https:\/\/nature-et-developpement.com\/macabane-materiaux\/#website","url":"https:\/\/nature-et-developpement.com\/macabane-materiaux\/","name":"Ma Cabane mat\u00e9riaux naturels","description":"Ma Cabane est membre du groupement Nature &amp; D\u00e9veloppement","potentialAction":[{"@type":"SearchAction","target":{"@type":"EntryPoint","urlTemplate":"https:\/\/nature-et-developpement.com\/macabane-materiaux\/?s={search_term_string}"},"query-input":{"@type":"PropertyValueSpecification","valueRequired":true,"valueName":"search_term_string"}}],"inLanguage":"fr-FR"}]}},"distributor_meta":false,"distributor_terms":false,"distributor_media":false,"distributor_original_site_name":"Ma Cabane mat\u00e9riaux naturels","distributor_original_site_url":"https:\/\/nature-et-developpement.com\/macabane-materiaux","push-errors":false,"_links":{"self":[{"href":"https:\/\/nature-et-developpement.com\/macabane-materiaux\/wp-json\/wp\/v2\/product\/4300","targetHints":{"allow":["GET"]}}],"collection":[{"href":"https:\/\/nature-et-developpement.com\/macabane-materiaux\/wp-json\/wp\/v2\/product"}],"about":[{"href":"https:\/\/nature-et-developpement.com\/macabane-materiaux\/wp-json\/wp\/v2\/types\/product"}],"wp:featuredmedia":[{"embeddable":true,"href":"https:\/\/nature-et-developpement.com\/macabane-materiaux\/wp-json\/"}],"wp:attachment":[{"href":"https:\/\/nature-et-developpement.com\/macabane-materiaux\/wp-json\/wp\/v2\/media?parent=4300"}],"wp:term":[{"taxonomy":"product_brand","embeddable":true,"href":"https:\/\/nature-et-developpement.com\/macabane-materiaux\/wp-json\/wp\/v2\/product_brand?post=4300"},{"taxonomy":"product_cat","embeddable":true,"href":"https:\/\/nature-et-developpement.com\/macabane-materiaux\/wp-json\/wp\/v2\/product_cat?post=4300"},{"taxonomy":"product_tag","embeddable":true,"href":"https:\/\/nature-et-developpement.com\/macabane-materiaux\/wp-json\/wp\/v2\/product_tag?post=4300"}],"curies":[{"name":"wp","href":"https:\/\/api.w.org\/{rel}","templated":true}]}}