{"id":4309,"date":"2022-07-22T11:52:43","date_gmt":"2022-07-22T09:52:43","guid":{"rendered":"https:\/\/nature-et-developpement.com\/macabane-materiaux\/produit\/store-electrique-occultant-pour-fenetre-fakro-arf-z-wave-couleur-265\/"},"modified":"2025-09-02T14:41:32","modified_gmt":"2025-09-02T12:41:32","slug":"store-electrique-occultant-pour-fenetre-fakro-arf-z-wave-couleur-265","status":"publish","type":"product","link":"https:\/\/nature-et-developpement.com\/macabane-materiaux\/produit\/store-electrique-occultant-pour-fenetre-fakro-arf-z-wave-couleur-265\/","title":{"rendered":"Store \u00e9lectrique occultant pour fen\u00eatre Fakro ARF Z-WAVE couleur 265"},"content":{"rendered":"<h3>ARF Z-Wave \u00c9lectrique<\/h3>\n<p><img loading=\"lazy\" decoding=\"async\" class=\" size-full wp-image-134957\" src=\"https:\/\/nature-et-developpement.com\/wp-content\/uploads\/cms\/FAKRO\/Picto-Fakro-2-Z-Wave.jpg\" alt=\"\" width=\"33\" height=\"33\" \/>\u00a0\u00a0syst\u00e8me Z-Wave, aliment\u00e9 15V DC<\/p>\n<p><img loading=\"lazy\" decoding=\"async\" class=\" size-full wp-image-134958\" src=\"https:\/\/nature-et-developpement.com\/wp-content\/uploads\/cms\/FAKRO\/Picto-Fakro-2-inter.jpg\" alt=\"\" width=\"33\" height=\"33\" \/>\u00a0\u00a0command\u00e9 par un interrupteur mural.<\/p>\n<p><img loading=\"lazy\" decoding=\"async\" class=\" size-full wp-image-134959\" src=\"https:\/\/nature-et-developpement.com\/wp-content\/uploads\/cms\/FAKRO\/Picto-Fakro-2-commande.jpg\" alt=\"\" width=\"33\" height=\"33\" \/>\u00a0\u00a0command\u00e9 par une t\u00e9l\u00e9commande<\/p>\n","protected":false},"excerpt":{"rendered":"<p>Ce store constitue une tr\u00e8s bonne protection contre la lumi\u00e8re p\u00e9n\u00e9trant la pi\u00e8ce et assure l&rsquo;occultation souhait\u00e9e. Le store ARF prot\u00e8ge\u00a0contre le\u00a0soleil excessif lors des journ\u00e9es les plus ensoleill\u00e9es et il procure une ombre agr\u00e9able sous le comble.<\/p>\n","protected":false},"featured_media":1000000168207,"template":"","meta":[],"product_brand":[143],"product_cat":[2342],"product_tag":[2717],"class_list":{"0":"post-4309","1":"product","2":"type-product","3":"status-publish","4":"has-post-thumbnail","6":"product_brand-fakro","7":"product_cat-accessoires-construction","8":"product_tag-fakro","9":"product_shipping_class-petit-equipement-outil-eclairage","11":"first","12":"instock","13":"taxable","14":"shipping-taxable","15":"purchasable","16":"product-type-variable"},"yoast_head":"<!-- This site is optimized with the Yoast SEO plugin v27.5 - https:\/\/yoast.com\/product\/yoast-seo-wordpress\/ -->\n<title>Store \u00e9lectrique occultant pour fen\u00eatre Fakro ARF Z-WAVE couleur 265 - Ma Cabane mat\u00e9riaux naturels<\/title>\n<meta name=\"description\" content=\"Ce store constitue une tr\u00e8s bonne protection contre la lumi\u00e8re p\u00e9n\u00e9trant la pi\u00e8ce et assure l&#039;occultation souhait\u00e9e. Le store ARF prot\u00e8ge\u00a0contre le\u00a0soleil excessif lors des journ\u00e9es les plus ensoleill\u00e9es et il procure une ombre agr\u00e9able sous le comble.\" \/>\n<meta name=\"robots\" content=\"noindex, nofollow\" \/>\n<meta property=\"og:locale\" content=\"fr_FR\" \/>\n<meta property=\"og:type\" content=\"article\" \/>\n<meta property=\"og:title\" content=\"Store \u00e9lectrique occultant pour fen\u00eatre Fakro ARF Z-WAVE couleur 265 - Ma Cabane mat\u00e9riaux naturels\" \/>\n<meta property=\"og:description\" content=\"Ce store constitue une tr\u00e8s bonne protection contre la lumi\u00e8re p\u00e9n\u00e9trant la pi\u00e8ce et assure l&#039;occultation souhait\u00e9e. Le store ARF prot\u00e8ge\u00a0contre le\u00a0soleil excessif lors des journ\u00e9es les plus ensoleill\u00e9es et il procure une ombre agr\u00e9able sous le comble.\" \/>\n<meta property=\"og:url\" content=\"https:\/\/nature-et-developpement.com\/macabane-materiaux\/produit\/store-electrique-occultant-pour-fenetre-fakro-arf-z-wave-couleur-265\/\" \/>\n<meta property=\"og:site_name\" content=\"Ma Cabane mat\u00e9riaux naturels\" \/>\n<meta property=\"article:modified_time\" content=\"2025-09-02T12:41:32+00:00\" \/>\n<meta name=\"twitter:card\" content=\"summary_large_image\" \/>\n<meta name=\"twitter:label1\" content=\"Dur\u00e9e de lecture estim\u00e9e\" \/>\n\t<meta name=\"twitter:data1\" content=\"1 minute\" \/>\n<script type=\"application\/ld+json\" class=\"yoast-schema-graph\">{\"@context\":\"https:\\\/\\\/schema.org\",\"@graph\":[{\"@type\":\"WebPage\",\"@id\":\"https:\\\/\\\/nature-et-developpement.com\\\/macabane-materiaux\\\/produit\\\/store-electrique-occultant-pour-fenetre-fakro-arf-z-wave-couleur-265\\\/\",\"url\":\"https:\\\/\\\/nature-et-developpement.com\\\/macabane-materiaux\\\/produit\\\/store-electrique-occultant-pour-fenetre-fakro-arf-z-wave-couleur-265\\\/\",\"name\":\"Store \u00e9lectrique occultant pour fen\u00eatre Fakro ARF Z-WAVE couleur 265 - Ma Cabane mat\u00e9riaux naturels\",\"isPartOf\":{\"@id\":\"https:\\\/\\\/nature-et-developpement.com\\\/macabane-materiaux\\\/#website\"},\"primaryImageOfPage\":{\"@id\":\"https:\\\/\\\/nature-et-developpement.com\\\/macabane-materiaux\\\/produit\\\/store-electrique-occultant-pour-fenetre-fakro-arf-z-wave-couleur-265\\\/#primaryimage\"},\"image\":{\"@id\":\"https:\\\/\\\/nature-et-developpement.com\\\/macabane-materiaux\\\/produit\\\/store-electrique-occultant-pour-fenetre-fakro-arf-z-wave-couleur-265\\\/#primaryimage\"},\"thumbnailUrl\":\"https:\\\/\\\/nature-et-developpement.com\\\/macabane-materiaux\\\/wp-content\\\/uploads\\\/Store-electrique-occultant-pour-fenetre-Fakro-ARF-Z-WAVE-couleur-265.jpg\",\"datePublished\":\"2022-07-22T09:52:43+00:00\",\"dateModified\":\"2025-09-02T12:41:32+00:00\",\"description\":\"Ce store constitue une tr\u00e8s bonne protection contre la lumi\u00e8re p\u00e9n\u00e9trant la pi\u00e8ce et assure l'occultation souhait\u00e9e. Le store ARF prot\u00e8ge\u00a0contre le\u00a0soleil excessif lors des journ\u00e9es les plus ensoleill\u00e9es et il procure une ombre agr\u00e9able sous le comble.\",\"breadcrumb\":{\"@id\":\"https:\\\/\\\/nature-et-developpement.com\\\/macabane-materiaux\\\/produit\\\/store-electrique-occultant-pour-fenetre-fakro-arf-z-wave-couleur-265\\\/#breadcrumb\"},\"inLanguage\":\"fr-FR\",\"potentialAction\":[{\"@type\":\"ReadAction\",\"target\":[\"https:\\\/\\\/nature-et-developpement.com\\\/macabane-materiaux\\\/produit\\\/store-electrique-occultant-pour-fenetre-fakro-arf-z-wave-couleur-265\\\/\"]}]},{\"@type\":\"ImageObject\",\"inLanguage\":\"fr-FR\",\"@id\":\"https:\\\/\\\/nature-et-developpement.com\\\/macabane-materiaux\\\/produit\\\/store-electrique-occultant-pour-fenetre-fakro-arf-z-wave-couleur-265\\\/#primaryimage\",\"url\":\"https:\\\/\\\/nature-et-developpement.com\\\/macabane-materiaux\\\/wp-content\\\/uploads\\\/Store-electrique-occultant-pour-fenetre-Fakro-ARF-Z-WAVE-couleur-265.jpg\",\"contentUrl\":\"https:\\\/\\\/nature-et-developpement.com\\\/macabane-materiaux\\\/wp-content\\\/uploads\\\/Store-electrique-occultant-pour-fenetre-Fakro-ARF-Z-WAVE-couleur-265.jpg\"},{\"@type\":\"BreadcrumbList\",\"@id\":\"https:\\\/\\\/nature-et-developpement.com\\\/macabane-materiaux\\\/produit\\\/store-electrique-occultant-pour-fenetre-fakro-arf-z-wave-couleur-265\\\/#breadcrumb\",\"itemListElement\":[{\"@type\":\"ListItem\",\"position\":1,\"name\":\"Accueil\",\"item\":\"https:\\\/\\\/nature-et-developpement.com\\\/macabane-materiaux\\\/\"},{\"@type\":\"ListItem\",\"position\":2,\"name\":\"Boutique\",\"item\":\"https:\\\/\\\/nature-et-developpement.com\\\/macabane-materiaux\\\/boutique\\\/\"},{\"@type\":\"ListItem\",\"position\":3,\"name\":\"Construction, cloison et fen\u00eatres\",\"item\":\"https:\\\/\\\/nature-et-developpement.com\\\/macabane-materiaux\\\/produits\\\/construction\\\/\"},{\"@type\":\"ListItem\",\"position\":4,\"name\":\"Accessoires construction\",\"item\":\"https:\\\/\\\/nature-et-developpement.com\\\/macabane-materiaux\\\/produits\\\/construction\\\/accessoires-construction\\\/\"},{\"@type\":\"ListItem\",\"position\":5,\"name\":\"Store \u00e9lectrique occultant pour fen\u00eatre Fakro ARF Z-WAVE couleur 265\"}]},{\"@type\":\"WebSite\",\"@id\":\"https:\\\/\\\/nature-et-developpement.com\\\/macabane-materiaux\\\/#website\",\"url\":\"https:\\\/\\\/nature-et-developpement.com\\\/macabane-materiaux\\\/\",\"name\":\"Ma Cabane mat\u00e9riaux naturels\",\"description\":\"Ma Cabane est membre du groupement Nature &amp; D\u00e9veloppement\",\"potentialAction\":[{\"@type\":\"SearchAction\",\"target\":{\"@type\":\"EntryPoint\",\"urlTemplate\":\"https:\\\/\\\/nature-et-developpement.com\\\/macabane-materiaux\\\/?s={search_term_string}\"},\"query-input\":{\"@type\":\"PropertyValueSpecification\",\"valueRequired\":true,\"valueName\":\"search_term_string\"}}],\"inLanguage\":\"fr-FR\"}]}<\/script>\n<!-- \/ Yoast SEO plugin. -->","yoast_head_json":{"title":"Store \u00e9lectrique occultant pour fen\u00eatre Fakro ARF Z-WAVE couleur 265 - Ma Cabane mat\u00e9riaux naturels","description":"Ce store constitue une tr\u00e8s bonne protection contre la lumi\u00e8re p\u00e9n\u00e9trant la pi\u00e8ce et assure l'occultation souhait\u00e9e. Le store ARF prot\u00e8ge\u00a0contre le\u00a0soleil excessif lors des journ\u00e9es les plus ensoleill\u00e9es et il procure une ombre agr\u00e9able sous le comble.","robots":{"index":"noindex","follow":"nofollow"},"og_locale":"fr_FR","og_type":"article","og_title":"Store \u00e9lectrique occultant pour fen\u00eatre Fakro ARF Z-WAVE couleur 265 - Ma Cabane mat\u00e9riaux naturels","og_description":"Ce store constitue une tr\u00e8s bonne protection contre la lumi\u00e8re p\u00e9n\u00e9trant la pi\u00e8ce et assure l'occultation souhait\u00e9e. Le store ARF prot\u00e8ge\u00a0contre le\u00a0soleil excessif lors des journ\u00e9es les plus ensoleill\u00e9es et il procure une ombre agr\u00e9able sous le comble.","og_url":"https:\/\/nature-et-developpement.com\/macabane-materiaux\/produit\/store-electrique-occultant-pour-fenetre-fakro-arf-z-wave-couleur-265\/","og_site_name":"Ma Cabane mat\u00e9riaux naturels","article_modified_time":"2025-09-02T12:41:32+00:00","twitter_card":"summary_large_image","twitter_misc":{"Dur\u00e9e de lecture estim\u00e9e":"1 minute"},"schema":{"@context":"https:\/\/schema.org","@graph":[{"@type":"WebPage","@id":"https:\/\/nature-et-developpement.com\/macabane-materiaux\/produit\/store-electrique-occultant-pour-fenetre-fakro-arf-z-wave-couleur-265\/","url":"https:\/\/nature-et-developpement.com\/macabane-materiaux\/produit\/store-electrique-occultant-pour-fenetre-fakro-arf-z-wave-couleur-265\/","name":"Store \u00e9lectrique occultant pour fen\u00eatre Fakro ARF Z-WAVE couleur 265 - Ma Cabane mat\u00e9riaux naturels","isPartOf":{"@id":"https:\/\/nature-et-developpement.com\/macabane-materiaux\/#website"},"primaryImageOfPage":{"@id":"https:\/\/nature-et-developpement.com\/macabane-materiaux\/produit\/store-electrique-occultant-pour-fenetre-fakro-arf-z-wave-couleur-265\/#primaryimage"},"image":{"@id":"https:\/\/nature-et-developpement.com\/macabane-materiaux\/produit\/store-electrique-occultant-pour-fenetre-fakro-arf-z-wave-couleur-265\/#primaryimage"},"thumbnailUrl":"https:\/\/nature-et-developpement.com\/macabane-materiaux\/wp-content\/uploads\/Store-electrique-occultant-pour-fenetre-Fakro-ARF-Z-WAVE-couleur-265.jpg","datePublished":"2022-07-22T09:52:43+00:00","dateModified":"2025-09-02T12:41:32+00:00","description":"Ce store constitue une tr\u00e8s bonne protection contre la lumi\u00e8re p\u00e9n\u00e9trant la pi\u00e8ce et assure l'occultation souhait\u00e9e. Le store ARF prot\u00e8ge\u00a0contre le\u00a0soleil excessif lors des journ\u00e9es les plus ensoleill\u00e9es et il procure une ombre agr\u00e9able sous le comble.","breadcrumb":{"@id":"https:\/\/nature-et-developpement.com\/macabane-materiaux\/produit\/store-electrique-occultant-pour-fenetre-fakro-arf-z-wave-couleur-265\/#breadcrumb"},"inLanguage":"fr-FR","potentialAction":[{"@type":"ReadAction","target":["https:\/\/nature-et-developpement.com\/macabane-materiaux\/produit\/store-electrique-occultant-pour-fenetre-fakro-arf-z-wave-couleur-265\/"]}]},{"@type":"ImageObject","inLanguage":"fr-FR","@id":"https:\/\/nature-et-developpement.com\/macabane-materiaux\/produit\/store-electrique-occultant-pour-fenetre-fakro-arf-z-wave-couleur-265\/#primaryimage","url":"https:\/\/nature-et-developpement.com\/macabane-materiaux\/wp-content\/uploads\/Store-electrique-occultant-pour-fenetre-Fakro-ARF-Z-WAVE-couleur-265.jpg","contentUrl":"https:\/\/nature-et-developpement.com\/macabane-materiaux\/wp-content\/uploads\/Store-electrique-occultant-pour-fenetre-Fakro-ARF-Z-WAVE-couleur-265.jpg"},{"@type":"BreadcrumbList","@id":"https:\/\/nature-et-developpement.com\/macabane-materiaux\/produit\/store-electrique-occultant-pour-fenetre-fakro-arf-z-wave-couleur-265\/#breadcrumb","itemListElement":[{"@type":"ListItem","position":1,"name":"Accueil","item":"https:\/\/nature-et-developpement.com\/macabane-materiaux\/"},{"@type":"ListItem","position":2,"name":"Boutique","item":"https:\/\/nature-et-developpement.com\/macabane-materiaux\/boutique\/"},{"@type":"ListItem","position":3,"name":"Construction, cloison et fen\u00eatres","item":"https:\/\/nature-et-developpement.com\/macabane-materiaux\/produits\/construction\/"},{"@type":"ListItem","position":4,"name":"Accessoires construction","item":"https:\/\/nature-et-developpement.com\/macabane-materiaux\/produits\/construction\/accessoires-construction\/"},{"@type":"ListItem","position":5,"name":"Store \u00e9lectrique occultant pour fen\u00eatre Fakro ARF Z-WAVE couleur 265"}]},{"@type":"WebSite","@id":"https:\/\/nature-et-developpement.com\/macabane-materiaux\/#website","url":"https:\/\/nature-et-developpement.com\/macabane-materiaux\/","name":"Ma Cabane mat\u00e9riaux naturels","description":"Ma Cabane est membre du groupement Nature &amp; D\u00e9veloppement","potentialAction":[{"@type":"SearchAction","target":{"@type":"EntryPoint","urlTemplate":"https:\/\/nature-et-developpement.com\/macabane-materiaux\/?s={search_term_string}"},"query-input":{"@type":"PropertyValueSpecification","valueRequired":true,"valueName":"search_term_string"}}],"inLanguage":"fr-FR"}]}},"distributor_meta":false,"distributor_terms":false,"distributor_media":false,"distributor_original_site_name":"Ma Cabane mat\u00e9riaux naturels","distributor_original_site_url":"https:\/\/nature-et-developpement.com\/macabane-materiaux","push-errors":false,"_links":{"self":[{"href":"https:\/\/nature-et-developpement.com\/macabane-materiaux\/wp-json\/wp\/v2\/product\/4309","targetHints":{"allow":["GET"]}}],"collection":[{"href":"https:\/\/nature-et-developpement.com\/macabane-materiaux\/wp-json\/wp\/v2\/product"}],"about":[{"href":"https:\/\/nature-et-developpement.com\/macabane-materiaux\/wp-json\/wp\/v2\/types\/product"}],"wp:featuredmedia":[{"embeddable":true,"href":"https:\/\/nature-et-developpement.com\/macabane-materiaux\/wp-json\/"}],"wp:attachment":[{"href":"https:\/\/nature-et-developpement.com\/macabane-materiaux\/wp-json\/wp\/v2\/media?parent=4309"}],"wp:term":[{"taxonomy":"product_brand","embeddable":true,"href":"https:\/\/nature-et-developpement.com\/macabane-materiaux\/wp-json\/wp\/v2\/product_brand?post=4309"},{"taxonomy":"product_cat","embeddable":true,"href":"https:\/\/nature-et-developpement.com\/macabane-materiaux\/wp-json\/wp\/v2\/product_cat?post=4309"},{"taxonomy":"product_tag","embeddable":true,"href":"https:\/\/nature-et-developpement.com\/macabane-materiaux\/wp-json\/wp\/v2\/product_tag?post=4309"}],"curies":[{"name":"wp","href":"https:\/\/api.w.org\/{rel}","templated":true}]}}