{"id":4334,"date":"2017-01-01T00:00:00","date_gmt":"2016-12-31T23:00:00","guid":{"rendered":"https:\/\/nature-et-developpement.com\/macabane-materiaux\/produit\/encastre-led-basse-luminance-6w-gamme-lunaire\/"},"modified":"2026-03-06T16:04:09","modified_gmt":"2026-03-06T15:04:09","slug":"encastre-led-basse-luminance-6w-gamme-lunaire","status":"publish","type":"product","link":"https:\/\/nature-et-developpement.com\/macabane-materiaux\/produit\/encastre-led-basse-luminance-6w-gamme-lunaire\/","title":{"rendered":"Spot LED basse luminance 6W gamme LUNAIRE"},"content":{"rendered":"<h2>Spot LED 6W pour personnes sensibles \u00e0 l&rsquo;\u00e9blouissement.<\/h2>\n<p>Un encastr\u00e9 basse luminance pour amener un grand confort visuel dans vos pi\u00e8ces.<\/p>\n<p>La source \u00e9tant profond\u00e9ment enfonc\u00e9e dans le luminaire, les occupants d&rsquo;une pi\u00e8ce per\u00e7oivent la lumi\u00e8re sans jamais \u00eatre g\u00ean\u00e9s par la source LED qui \u00e9met la lumi\u00e8re.<\/p>\n<h4>Applications :<\/h4>\n<p>Sa puissance de 6W pour un flux &gt;600lm en fait un tr\u00e8s bon \u00e9quivalent des anciennes sources dichro\u00efques 50W.<\/p>\n<p>Son faisceau de 35\u00b0 d&rsquo;ouverture permet un \u00e9clairage efficace, que ce soit en l\u00e8che murs, \u00e9clairage de plans de travail, tables, chambres etc&#8230;<\/p>\n<p>Prot\u00e9gez vos plafonds lors du d\u00e9montage du spot et pensez \u00e0 lui associer la bague de plafond BP0070<\/p>\n<p>Un produit avec un flux aussi important que notre LED 6W peut para\u00eetre \u00e9blouissant sur des personnes photosensibles.<\/p>\n<p>Avec cet appareil, plus de probl\u00e8me.<\/p>\n<p>La puce tr\u00e8s en retrait dans le luminaire ne vous \u00e9blouira pas, tout en vous assurant une quantit\u00e9 de lumi\u00e8re importante sur vos plans de travail.<\/p>\n<p>Un pilotage en courant constant avec possibilit\u00e9 de d\u00e9porter l\u2019alimentation au tableau \u00e9lectrique pour que cette derni\u00e8re vieillisse mieux.<\/p>\n<h3>Un vrai produit \u00e9colo<\/h3>\n<p>FD \u00c9clairage l\u2019a con\u00e7u pour qu\u2019il soit r\u00e9parable en fin de vie.<\/p>\n<p>De vrais produits d&rsquo;\u00e9clairage, avec des puces (COB) ayant un tr\u00e8s bon rendement lumen\/watt, des lentilles (optique) qui dirigent la lumi\u00e8re vers le bas (les produits LED avec une ouverture de 120\u00b0 ne sont pas efficaces car la lumi\u00e8re reste autour du spot et n&rsquo;est pas dirig\u00e9e vers le bas).<\/p>\n<p>Vous trouverez 2 ouvertures de faisceaux disponibles : 30\u00b0 (pour les parties hautes de vos v\u00e9randas) et 40\u00b0 (pour les parties de toiture plus basses).<\/p>\n<p>Le c\u00e2blage se fait en s\u00e9rie et l&rsquo;alimentation est d\u00e9port\u00e9e.<\/p>\n<p>En pratique, qu\u2019est-ce que \u00e7a veut dire\u00a0?<\/p>\n<p>Vous \u00e9tiez habitu\u00e9 \u00e0 remplacer des lampes en maintenance. Avec la dur\u00e9e de vie vraiment importante des LED, c\u2019est plut\u00f4t les alimentations qui se remplacent en maintenance.<\/p>\n<p>Associer les alimentations aux spots implique que vous allez devoir jeter un ensemble alors que la LED est sans doute encore fonctionnelle, mais votre alimentation a rendu l\u2019\u00e2me&#8230;<\/p>\n<p>Second probl\u00e8me, une LED \u00e7a chauffe. M\u00eame si c\u2019est moins que les ampoules incandescentes.<\/p>\n<p>La chaleur se propage dans le spot et sur l\u2019alimentation.<\/p>\n<p>Hors, qu\u2019est-ce qui, selon vous, r\u00e9duit la dur\u00e9e de vie d\u2019une alimentation\u00a0?<\/p>\n<p>Et oui, la chaleur\u00a0!<\/p>\n<p>Et dernier probl\u00e8me mais pas le moindre : le rayonnement \u00e9lectromagn\u00e9tique des alimentations.<\/p>\n<p>Toutes ces alimentations, enferm\u00e9es dans vos spots, rayonnent gaiement au- dessus de vos t\u00eates.<\/p>\n<p>Surtout lorsque vous\u00a0 faites de la variation.<\/p>\n<p>Il vaut donc mieux avoir 1 seule alimentation qui rayonne loin de vous, dans votre garage par exemple.<\/p>\n<p>Elle sera beaucoup mieux ventil\u00e9e qu\u2019enferm\u00e9e dans un spot, et durera beaucoup plus longtemps.<\/p>\n<h4><strong>Une seule alimentation<\/strong><\/h4>\n<p>C\u2019est \u00e9galement moins de composants \u00e9lectroniques utilis\u00e9s et globalement moins de rayonnement.<\/p>\n<p>Il suffit ensuite de remplacer la LED dans votre spot une fois tous les 20-30 ans (suivant la dur\u00e9e d\u2019utilisation journali\u00e8re du luminaire).<\/p>\n<p>Tout cela est beaucoup plus \u00e9colo qu\u2019un spot LED direct 230V implant\u00e9 sous un isolant, dont la dur\u00e9e de vie sera r\u00e9duite, et dont tous les composants seront jet\u00e9s \u00e0 chaque renouv\u00e8lement de produit&#8230;<\/p>\n<p>Eclairage d\u2019accentuation (tables, plans de travail, dessus de meubles, \u00e9clairage indirect par les murs).<\/p>\n<p>Ecologie : ce produit est fabriqu\u00e9 en France, il est r\u00e9parable en fin de vie, pas d&rsquo;obsolescence programm\u00e9e.<\/p>\n<p>Dans quel cas ne pas l&rsquo;utiliser ? Si vous avez besoin de cr\u00e9er des bases lumineuses tout en restant en basse luminance, il faudra pr\u00e9f\u00e9rer vous orienter vers la gamme CITRON qui permet des ouvertures de faisceaux plus larges (60\u00b0)<\/p>\n<h5>L&rsquo;encastr\u00e9 LUNAIRE se d\u00e9cline dans de nombreux coloris en version standard :<\/h5>\n<ul>\n<li>Blanc<\/li>\n<li>Alu<\/li>\n<li>Noir<\/li>\n<li>Dor\u00e9 peint<\/li>\n<li>Chrome<\/li>\n<li>Poli-or.<\/li>\n<\/ul>\n<p>Il est \u00e9galement possible le peindre \u00e0 vos couleurs, que se soit le corps de l&rsquo;appareil uniquement (pour assortir de mani\u00e8re discr\u00e8te \u00e0 la couleur des murs), ou encore la collerette pour qu&rsquo;il se fonde parfaitement sur un plafond color\u00e9.<\/p>\n<p>Il est \u00e9galement possible de le tropicaliser pour qu&rsquo;il soit utilis\u00e9 en milieu humide.<\/p>\n<p>&nbsp;<\/p>\n","protected":false},"excerpt":{"rendered":"<p><strong>Ce qui se fait de mieux actuellement en terme de rendement lumen\/Watt<\/strong>\u00a0sur le march\u00e9.<br \/>\nUne dur\u00e9e de vie exceptionnelle avec un maintien du flux\u00a0: voici un rempla\u00e7ant\u00a0tr\u00e8s peu gourmand en \u00e9nergie aux ampoules 35W12V ou 50W12V<\/p>\n<p><img loading=\"lazy\" decoding=\"async\" class=\"alignnone size-full wp-image-158959\" src=\"https:\/\/nature-et-developpement.com\/wp-content\/uploads\/100-reparable-FD-Eclairage.jpg\" alt=\"\" width=\"100\" height=\"100\" \/><\/p>\n","protected":false},"featured_media":1000000158854,"template":"","meta":[],"product_brand":[144],"product_cat":[106],"product_tag":[],"class_list":{"0":"post-4334","1":"product","2":"type-product","3":"status-publish","4":"has-post-thumbnail","6":"product_brand-fd-eclairage","7":"product_cat-eclairage","8":"product_shipping_class-petit-equipement-outil-eclairage","10":"first","11":"instock","12":"taxable","13":"shipping-taxable","14":"purchasable","15":"product-type-variable"},"yoast_head":"<!-- This site is optimized with the Yoast SEO plugin v27.5 - https:\/\/yoast.com\/product\/yoast-seo-wordpress\/ -->\n<title>Spot LED basse luminance 6W gamme LUNAIRE - Ma Cabane mat\u00e9riaux naturels<\/title>\n<meta name=\"description\" content=\"Ce qui se fait de mieux actuellement en terme de rendement lumen\/Watt\u00a0sur le march\u00e9. Une dur\u00e9e de vie exceptionnelle avec un maintien du flux\u00a0: voici un rempla\u00e7ant\u00a0tr\u00e8s peu gourmand en \u00e9nergie aux ampoules 35W12V ou 50W12V\" \/>\n<meta name=\"robots\" content=\"noindex, nofollow\" \/>\n<meta property=\"og:locale\" content=\"fr_FR\" \/>\n<meta property=\"og:type\" content=\"article\" \/>\n<meta property=\"og:title\" content=\"Spot LED basse luminance 6W gamme LUNAIRE - Ma Cabane mat\u00e9riaux naturels\" \/>\n<meta property=\"og:description\" content=\"Ce qui se fait de mieux actuellement en terme de rendement lumen\/Watt\u00a0sur le march\u00e9. Une dur\u00e9e de vie exceptionnelle avec un maintien du flux\u00a0: voici un rempla\u00e7ant\u00a0tr\u00e8s peu gourmand en \u00e9nergie aux ampoules 35W12V ou 50W12V\" \/>\n<meta property=\"og:url\" content=\"https:\/\/nature-et-developpement.com\/macabane-materiaux\/produit\/encastre-led-basse-luminance-6w-gamme-lunaire\/\" \/>\n<meta property=\"og:site_name\" content=\"Ma Cabane mat\u00e9riaux naturels\" \/>\n<meta property=\"article:modified_time\" content=\"2026-03-06T15:04:09+00:00\" \/>\n<meta name=\"twitter:card\" content=\"summary_large_image\" \/>\n<meta name=\"twitter:label1\" content=\"Dur\u00e9e de lecture estim\u00e9e\" \/>\n\t<meta name=\"twitter:data1\" content=\"4 minutes\" \/>\n<script type=\"application\/ld+json\" class=\"yoast-schema-graph\">{\"@context\":\"https:\\\/\\\/schema.org\",\"@graph\":[{\"@type\":\"WebPage\",\"@id\":\"https:\\\/\\\/nature-et-developpement.com\\\/macabane-materiaux\\\/produit\\\/encastre-led-basse-luminance-6w-gamme-lunaire\\\/\",\"url\":\"https:\\\/\\\/nature-et-developpement.com\\\/macabane-materiaux\\\/produit\\\/encastre-led-basse-luminance-6w-gamme-lunaire\\\/\",\"name\":\"Spot LED basse luminance 6W gamme LUNAIRE - Ma Cabane mat\u00e9riaux naturels\",\"isPartOf\":{\"@id\":\"https:\\\/\\\/nature-et-developpement.com\\\/macabane-materiaux\\\/#website\"},\"primaryImageOfPage\":{\"@id\":\"https:\\\/\\\/nature-et-developpement.com\\\/macabane-materiaux\\\/produit\\\/encastre-led-basse-luminance-6w-gamme-lunaire\\\/#primaryimage\"},\"image\":{\"@id\":\"https:\\\/\\\/nature-et-developpement.com\\\/macabane-materiaux\\\/produit\\\/encastre-led-basse-luminance-6w-gamme-lunaire\\\/#primaryimage\"},\"thumbnailUrl\":\"https:\\\/\\\/nature-et-developpement.com\\\/macabane-materiaux\\\/wp-content\\\/uploads\\\/6W-SPOT-ENCASTRE-LUNAIRE.jpg\",\"datePublished\":\"2016-12-31T23:00:00+00:00\",\"dateModified\":\"2026-03-06T15:04:09+00:00\",\"description\":\"Ce qui se fait de mieux actuellement en terme de rendement lumen\\\/Watt\u00a0sur le march\u00e9. Une dur\u00e9e de vie exceptionnelle avec un maintien du flux\u00a0: voici un rempla\u00e7ant\u00a0tr\u00e8s peu gourmand en \u00e9nergie aux ampoules 35W12V ou 50W12V\",\"breadcrumb\":{\"@id\":\"https:\\\/\\\/nature-et-developpement.com\\\/macabane-materiaux\\\/produit\\\/encastre-led-basse-luminance-6w-gamme-lunaire\\\/#breadcrumb\"},\"inLanguage\":\"fr-FR\",\"potentialAction\":[{\"@type\":\"ReadAction\",\"target\":[\"https:\\\/\\\/nature-et-developpement.com\\\/macabane-materiaux\\\/produit\\\/encastre-led-basse-luminance-6w-gamme-lunaire\\\/\"]}]},{\"@type\":\"ImageObject\",\"inLanguage\":\"fr-FR\",\"@id\":\"https:\\\/\\\/nature-et-developpement.com\\\/macabane-materiaux\\\/produit\\\/encastre-led-basse-luminance-6w-gamme-lunaire\\\/#primaryimage\",\"url\":\"https:\\\/\\\/nature-et-developpement.com\\\/macabane-materiaux\\\/wp-content\\\/uploads\\\/6W-SPOT-ENCASTRE-LUNAIRE.jpg\",\"contentUrl\":\"https:\\\/\\\/nature-et-developpement.com\\\/macabane-materiaux\\\/wp-content\\\/uploads\\\/6W-SPOT-ENCASTRE-LUNAIRE.jpg\"},{\"@type\":\"BreadcrumbList\",\"@id\":\"https:\\\/\\\/nature-et-developpement.com\\\/macabane-materiaux\\\/produit\\\/encastre-led-basse-luminance-6w-gamme-lunaire\\\/#breadcrumb\",\"itemListElement\":[{\"@type\":\"ListItem\",\"position\":1,\"name\":\"Accueil\",\"item\":\"https:\\\/\\\/nature-et-developpement.com\\\/macabane-materiaux\\\/\"},{\"@type\":\"ListItem\",\"position\":2,\"name\":\"Boutique\",\"item\":\"https:\\\/\\\/nature-et-developpement.com\\\/macabane-materiaux\\\/boutique\\\/\"},{\"@type\":\"ListItem\",\"position\":3,\"name\":\"Chauffage, eau et \u00e9nergie\",\"item\":\"https:\\\/\\\/nature-et-developpement.com\\\/macabane-materiaux\\\/produits\\\/energie-et-ventilation\\\/\"},{\"@type\":\"ListItem\",\"position\":4,\"name\":\"Lampe, lumi\u00e8re, \u00e9clairage LED et puit de lumi\u00e8re\",\"item\":\"https:\\\/\\\/nature-et-developpement.com\\\/macabane-materiaux\\\/produits\\\/energie-et-ventilation\\\/eclairage\\\/\"},{\"@type\":\"ListItem\",\"position\":5,\"name\":\"Spot LED basse luminance 6W gamme LUNAIRE\"}]},{\"@type\":\"WebSite\",\"@id\":\"https:\\\/\\\/nature-et-developpement.com\\\/macabane-materiaux\\\/#website\",\"url\":\"https:\\\/\\\/nature-et-developpement.com\\\/macabane-materiaux\\\/\",\"name\":\"Ma Cabane mat\u00e9riaux naturels\",\"description\":\"Ma Cabane est membre du groupement Nature &amp; D\u00e9veloppement\",\"potentialAction\":[{\"@type\":\"SearchAction\",\"target\":{\"@type\":\"EntryPoint\",\"urlTemplate\":\"https:\\\/\\\/nature-et-developpement.com\\\/macabane-materiaux\\\/?s={search_term_string}\"},\"query-input\":{\"@type\":\"PropertyValueSpecification\",\"valueRequired\":true,\"valueName\":\"search_term_string\"}}],\"inLanguage\":\"fr-FR\"}]}<\/script>\n<!-- \/ Yoast SEO plugin. -->","yoast_head_json":{"title":"Spot LED basse luminance 6W gamme LUNAIRE - Ma Cabane mat\u00e9riaux naturels","description":"Ce qui se fait de mieux actuellement en terme de rendement lumen\/Watt\u00a0sur le march\u00e9. Une dur\u00e9e de vie exceptionnelle avec un maintien du flux\u00a0: voici un rempla\u00e7ant\u00a0tr\u00e8s peu gourmand en \u00e9nergie aux ampoules 35W12V ou 50W12V","robots":{"index":"noindex","follow":"nofollow"},"og_locale":"fr_FR","og_type":"article","og_title":"Spot LED basse luminance 6W gamme LUNAIRE - Ma Cabane mat\u00e9riaux naturels","og_description":"Ce qui se fait de mieux actuellement en terme de rendement lumen\/Watt\u00a0sur le march\u00e9. Une dur\u00e9e de vie exceptionnelle avec un maintien du flux\u00a0: voici un rempla\u00e7ant\u00a0tr\u00e8s peu gourmand en \u00e9nergie aux ampoules 35W12V ou 50W12V","og_url":"https:\/\/nature-et-developpement.com\/macabane-materiaux\/produit\/encastre-led-basse-luminance-6w-gamme-lunaire\/","og_site_name":"Ma Cabane mat\u00e9riaux naturels","article_modified_time":"2026-03-06T15:04:09+00:00","twitter_card":"summary_large_image","twitter_misc":{"Dur\u00e9e de lecture estim\u00e9e":"4 minutes"},"schema":{"@context":"https:\/\/schema.org","@graph":[{"@type":"WebPage","@id":"https:\/\/nature-et-developpement.com\/macabane-materiaux\/produit\/encastre-led-basse-luminance-6w-gamme-lunaire\/","url":"https:\/\/nature-et-developpement.com\/macabane-materiaux\/produit\/encastre-led-basse-luminance-6w-gamme-lunaire\/","name":"Spot LED basse luminance 6W gamme LUNAIRE - Ma Cabane mat\u00e9riaux naturels","isPartOf":{"@id":"https:\/\/nature-et-developpement.com\/macabane-materiaux\/#website"},"primaryImageOfPage":{"@id":"https:\/\/nature-et-developpement.com\/macabane-materiaux\/produit\/encastre-led-basse-luminance-6w-gamme-lunaire\/#primaryimage"},"image":{"@id":"https:\/\/nature-et-developpement.com\/macabane-materiaux\/produit\/encastre-led-basse-luminance-6w-gamme-lunaire\/#primaryimage"},"thumbnailUrl":"https:\/\/nature-et-developpement.com\/macabane-materiaux\/wp-content\/uploads\/6W-SPOT-ENCASTRE-LUNAIRE.jpg","datePublished":"2016-12-31T23:00:00+00:00","dateModified":"2026-03-06T15:04:09+00:00","description":"Ce qui se fait de mieux actuellement en terme de rendement lumen\/Watt\u00a0sur le march\u00e9. Une dur\u00e9e de vie exceptionnelle avec un maintien du flux\u00a0: voici un rempla\u00e7ant\u00a0tr\u00e8s peu gourmand en \u00e9nergie aux ampoules 35W12V ou 50W12V","breadcrumb":{"@id":"https:\/\/nature-et-developpement.com\/macabane-materiaux\/produit\/encastre-led-basse-luminance-6w-gamme-lunaire\/#breadcrumb"},"inLanguage":"fr-FR","potentialAction":[{"@type":"ReadAction","target":["https:\/\/nature-et-developpement.com\/macabane-materiaux\/produit\/encastre-led-basse-luminance-6w-gamme-lunaire\/"]}]},{"@type":"ImageObject","inLanguage":"fr-FR","@id":"https:\/\/nature-et-developpement.com\/macabane-materiaux\/produit\/encastre-led-basse-luminance-6w-gamme-lunaire\/#primaryimage","url":"https:\/\/nature-et-developpement.com\/macabane-materiaux\/wp-content\/uploads\/6W-SPOT-ENCASTRE-LUNAIRE.jpg","contentUrl":"https:\/\/nature-et-developpement.com\/macabane-materiaux\/wp-content\/uploads\/6W-SPOT-ENCASTRE-LUNAIRE.jpg"},{"@type":"BreadcrumbList","@id":"https:\/\/nature-et-developpement.com\/macabane-materiaux\/produit\/encastre-led-basse-luminance-6w-gamme-lunaire\/#breadcrumb","itemListElement":[{"@type":"ListItem","position":1,"name":"Accueil","item":"https:\/\/nature-et-developpement.com\/macabane-materiaux\/"},{"@type":"ListItem","position":2,"name":"Boutique","item":"https:\/\/nature-et-developpement.com\/macabane-materiaux\/boutique\/"},{"@type":"ListItem","position":3,"name":"Chauffage, eau et \u00e9nergie","item":"https:\/\/nature-et-developpement.com\/macabane-materiaux\/produits\/energie-et-ventilation\/"},{"@type":"ListItem","position":4,"name":"Lampe, lumi\u00e8re, \u00e9clairage LED et puit de lumi\u00e8re","item":"https:\/\/nature-et-developpement.com\/macabane-materiaux\/produits\/energie-et-ventilation\/eclairage\/"},{"@type":"ListItem","position":5,"name":"Spot LED basse luminance 6W gamme LUNAIRE"}]},{"@type":"WebSite","@id":"https:\/\/nature-et-developpement.com\/macabane-materiaux\/#website","url":"https:\/\/nature-et-developpement.com\/macabane-materiaux\/","name":"Ma Cabane mat\u00e9riaux naturels","description":"Ma Cabane est membre du groupement Nature &amp; D\u00e9veloppement","potentialAction":[{"@type":"SearchAction","target":{"@type":"EntryPoint","urlTemplate":"https:\/\/nature-et-developpement.com\/macabane-materiaux\/?s={search_term_string}"},"query-input":{"@type":"PropertyValueSpecification","valueRequired":true,"valueName":"search_term_string"}}],"inLanguage":"fr-FR"}]}},"distributor_meta":false,"distributor_terms":false,"distributor_media":false,"distributor_original_site_name":"Ma Cabane mat\u00e9riaux naturels","distributor_original_site_url":"https:\/\/nature-et-developpement.com\/macabane-materiaux","push-errors":false,"_links":{"self":[{"href":"https:\/\/nature-et-developpement.com\/macabane-materiaux\/wp-json\/wp\/v2\/product\/4334","targetHints":{"allow":["GET"]}}],"collection":[{"href":"https:\/\/nature-et-developpement.com\/macabane-materiaux\/wp-json\/wp\/v2\/product"}],"about":[{"href":"https:\/\/nature-et-developpement.com\/macabane-materiaux\/wp-json\/wp\/v2\/types\/product"}],"wp:featuredmedia":[{"embeddable":true,"href":"https:\/\/nature-et-developpement.com\/macabane-materiaux\/wp-json\/"}],"wp:attachment":[{"href":"https:\/\/nature-et-developpement.com\/macabane-materiaux\/wp-json\/wp\/v2\/media?parent=4334"}],"wp:term":[{"taxonomy":"product_brand","embeddable":true,"href":"https:\/\/nature-et-developpement.com\/macabane-materiaux\/wp-json\/wp\/v2\/product_brand?post=4334"},{"taxonomy":"product_cat","embeddable":true,"href":"https:\/\/nature-et-developpement.com\/macabane-materiaux\/wp-json\/wp\/v2\/product_cat?post=4334"},{"taxonomy":"product_tag","embeddable":true,"href":"https:\/\/nature-et-developpement.com\/macabane-materiaux\/wp-json\/wp\/v2\/product_tag?post=4334"}],"curies":[{"name":"wp","href":"https:\/\/api.w.org\/{rel}","templated":true}]}}