{"id":4931,"date":"2017-01-01T00:00:00","date_gmt":"2016-12-31T23:00:00","guid":{"rendered":"https:\/\/nature-et-developpement.com\/macabane-materiaux\/produit\/encastre-led-orientable-13w-citron\/"},"modified":"2026-03-06T16:34:37","modified_gmt":"2026-03-06T15:34:37","slug":"encastre-led-orientable-13w-citron","status":"publish","type":"product","link":"https:\/\/nature-et-developpement.com\/macabane-materiaux\/produit\/encastre-led-orientable-13w-citron\/","title":{"rendered":"LED encastrable orientable 13W gamme CITRON"},"content":{"rendered":"<h2>Spot LED orientable 13W<\/h2>\n<p>L&rsquo;encastr\u00e9 CITRON 13W est un appareil tr\u00e8s polyvalent au niveau de son utilisation.<\/p>\n<p>Son flux sortant important permet de l&rsquo;utiliser sous des plafonds de hauteurs assez importantes avec les angles de faisceaux \u00e9troits de 40\u00b0.<\/p>\n<p>A l&rsquo;inverse, si vous le s\u00e9lectionnez avec l&rsquo;angle le plus large (60\u00b0 d&rsquo;ouverture de faisceau).<\/p>\n<p>Il est l&rsquo;appareil parfait pour cr\u00e9er toutes les bases lumineuses hyper confortables car on ne voit jamais la source.<\/p>\n<p>Il est con\u00e7u en basse luminance, c&rsquo;est \u00e0 dire qu&rsquo;on ne per\u00e7oit pas la LED qui se trouve tr\u00e8s enfonc\u00e9e dans le luminaire.<\/p>\n<p>Le r\u00e9sultat est l\u00e0, c&rsquo;est un spot extr\u00eamement confortable \u00e0 l&rsquo;utilisation bien que sont \u00e9clairage soit tr\u00e8s efficace (+ de 100 lux \u00e0 3,5m sur un diam\u00e8tre \u00e9clair\u00e9 de 3,5m).<\/p>\n<p>Il peut donc \u00eatre utilis\u00e9 sur des applications tr\u00e8s diff\u00e9rentes les unes des autres :<\/p>\n<ul>\n<li>&#8211; En tertiaire : Pour les circulations en entreprises, maisons de retraite, h\u00f4pitaux, \u00e9coles, h\u00f4tels&#8230;<\/li>\n<li>&#8211; En base lumineuse dans des commerces (salons de coiffure, boulangeries, bars, restaurants etc&#8230;)<\/li>\n<li>&#8211; En habitat : dans presque toutes les pi\u00e8ces de la maison, que ce soit les chambres pour son grand confort visuel, le salon, en base autour de la table de salle \u00e0 manger sur laquelle vous aurez une suspension, la cuisine en base lumineuse sur les circulations&#8230;<\/li>\n<\/ul>\n<h3>Un large choix de couleurs<\/h3>\n<p>Pour sa collerette:<\/p>\n<ul>\n<li>blanc<\/li>\n<li>alu<\/li>\n<li>noir<\/li>\n<li>dor\u00e9<\/li>\n<li>peint<\/li>\n<li>chrome<\/li>\n<li>poli or<\/li>\n<\/ul>\n<p>FD \u00c9clairage peut \u00e9galement peindre les au RAL de votre choix sur simple demande.<\/p>\n<p>N&rsquo;h\u00e9sitez pas \u00e0 essayer l&rsquo;option \u00ab\u00a0habillage\u00a0\u00bb int\u00e9rieur de couleur (r\u00e9f GBLH1,2,3,4 ou 9) pour panacher la couleur int\u00e9rieure du spot et celle de sa collerette.<\/p>\n<p>L&rsquo;encastr\u00e9 CITRON se pilote avec un convertisseur CC 700mA.<\/p>\n<p>Vous pouvez utiliser une alimentation individuelle, ou encore mieux, le piloter en s\u00e9rie (un seul convertisseur pour plusieurs spots).<\/p>\n<p>Ce qui vous permettra de d\u00e9porter votre alimentation loin des spots vers une zone technique accessible et ventil\u00e9e.<\/p>\n<p>Le mod\u00e8le du convertisseur sera \u00e0 choisir en fonction de vos besoins : nombre de spots \u00e0 alimenter, besoin de variation ou non.<\/p>\n<p>Les encastr\u00e9s CITRONS sont fabriqu\u00e9s en France.<\/p>\n<p><strong>Ils sont r\u00e9parables en fin de vie.<\/strong><\/p>\n","protected":false},"excerpt":{"rendered":"<p>L&rsquo;encastr\u00e9 LED 13W orientable CITRON va vous permettre d&rsquo;implanter des spots dans des plafonds tr\u00e8s hauts.<br \/>\nCet appareil est fabriqu\u00e9 en France et est r\u00e9parable en fin de vie.<\/p>\n<p><img loading=\"lazy\" decoding=\"async\" class=\"alignnone size-full wp-image-158959\" src=\"https:\/\/nature-et-developpement.com\/wp-content\/uploads\/100-reparable-FD-Eclairage.jpg\" alt=\"\" width=\"100\" height=\"100\" \/><\/p>\n","protected":false},"featured_media":1000000158856,"template":"","meta":[],"product_brand":[144],"product_cat":[106],"product_tag":[],"class_list":{"0":"post-4931","1":"product","2":"type-product","3":"status-publish","4":"has-post-thumbnail","6":"product_brand-fd-eclairage","7":"product_cat-eclairage","8":"product_shipping_class-petit-equipement-outil-eclairage","10":"first","11":"instock","12":"taxable","13":"shipping-taxable","14":"purchasable","15":"product-type-variable"},"yoast_head":"<!-- This site is optimized with the Yoast SEO plugin v27.5 - https:\/\/yoast.com\/product\/yoast-seo-wordpress\/ -->\n<title>LED encastrable orientable 13W gamme CITRON - Ma Cabane mat\u00e9riaux naturels<\/title>\n<meta name=\"description\" content=\"L&#039;encastr\u00e9 LED 13W orientable CITRON va vous permettre d&#039;implanter des spots dans des plafonds tr\u00e8s hauts. Cet appareil est fabriqu\u00e9 en France et est r\u00e9parable en fin de vie.\" \/>\n<meta name=\"robots\" content=\"noindex, nofollow\" \/>\n<meta property=\"og:locale\" content=\"fr_FR\" \/>\n<meta property=\"og:type\" content=\"article\" \/>\n<meta property=\"og:title\" content=\"LED encastrable orientable 13W gamme CITRON - Ma Cabane mat\u00e9riaux naturels\" \/>\n<meta property=\"og:description\" content=\"L&#039;encastr\u00e9 LED 13W orientable CITRON va vous permettre d&#039;implanter des spots dans des plafonds tr\u00e8s hauts. Cet appareil est fabriqu\u00e9 en France et est r\u00e9parable en fin de vie.\" \/>\n<meta property=\"og:url\" content=\"https:\/\/nature-et-developpement.com\/macabane-materiaux\/produit\/encastre-led-orientable-13w-citron\/\" \/>\n<meta property=\"og:site_name\" content=\"Ma Cabane mat\u00e9riaux naturels\" \/>\n<meta property=\"article:modified_time\" content=\"2026-03-06T15:34:37+00:00\" \/>\n<meta name=\"twitter:card\" content=\"summary_large_image\" \/>\n<meta name=\"twitter:label1\" content=\"Dur\u00e9e de lecture estim\u00e9e\" \/>\n\t<meta name=\"twitter:data1\" content=\"2 minutes\" \/>\n<script type=\"application\/ld+json\" class=\"yoast-schema-graph\">{\"@context\":\"https:\\\/\\\/schema.org\",\"@graph\":[{\"@type\":\"WebPage\",\"@id\":\"https:\\\/\\\/nature-et-developpement.com\\\/macabane-materiaux\\\/produit\\\/encastre-led-orientable-13w-citron\\\/\",\"url\":\"https:\\\/\\\/nature-et-developpement.com\\\/macabane-materiaux\\\/produit\\\/encastre-led-orientable-13w-citron\\\/\",\"name\":\"LED encastrable orientable 13W gamme CITRON - Ma Cabane mat\u00e9riaux naturels\",\"isPartOf\":{\"@id\":\"https:\\\/\\\/nature-et-developpement.com\\\/macabane-materiaux\\\/#website\"},\"primaryImageOfPage\":{\"@id\":\"https:\\\/\\\/nature-et-developpement.com\\\/macabane-materiaux\\\/produit\\\/encastre-led-orientable-13w-citron\\\/#primaryimage\"},\"image\":{\"@id\":\"https:\\\/\\\/nature-et-developpement.com\\\/macabane-materiaux\\\/produit\\\/encastre-led-orientable-13w-citron\\\/#primaryimage\"},\"thumbnailUrl\":\"https:\\\/\\\/nature-et-developpement.com\\\/macabane-materiaux\\\/wp-content\\\/uploads\\\/10W-13W-SPOT-ENCASTRE-GRENADINE-CITRON-2.jpg\",\"datePublished\":\"2016-12-31T23:00:00+00:00\",\"dateModified\":\"2026-03-06T15:34:37+00:00\",\"description\":\"L'encastr\u00e9 LED 13W orientable CITRON va vous permettre d'implanter des spots dans des plafonds tr\u00e8s hauts. Cet appareil est fabriqu\u00e9 en France et est r\u00e9parable en fin de vie.\",\"breadcrumb\":{\"@id\":\"https:\\\/\\\/nature-et-developpement.com\\\/macabane-materiaux\\\/produit\\\/encastre-led-orientable-13w-citron\\\/#breadcrumb\"},\"inLanguage\":\"fr-FR\",\"potentialAction\":[{\"@type\":\"ReadAction\",\"target\":[\"https:\\\/\\\/nature-et-developpement.com\\\/macabane-materiaux\\\/produit\\\/encastre-led-orientable-13w-citron\\\/\"]}]},{\"@type\":\"ImageObject\",\"inLanguage\":\"fr-FR\",\"@id\":\"https:\\\/\\\/nature-et-developpement.com\\\/macabane-materiaux\\\/produit\\\/encastre-led-orientable-13w-citron\\\/#primaryimage\",\"url\":\"https:\\\/\\\/nature-et-developpement.com\\\/macabane-materiaux\\\/wp-content\\\/uploads\\\/10W-13W-SPOT-ENCASTRE-GRENADINE-CITRON-2.jpg\",\"contentUrl\":\"https:\\\/\\\/nature-et-developpement.com\\\/macabane-materiaux\\\/wp-content\\\/uploads\\\/10W-13W-SPOT-ENCASTRE-GRENADINE-CITRON-2.jpg\"},{\"@type\":\"BreadcrumbList\",\"@id\":\"https:\\\/\\\/nature-et-developpement.com\\\/macabane-materiaux\\\/produit\\\/encastre-led-orientable-13w-citron\\\/#breadcrumb\",\"itemListElement\":[{\"@type\":\"ListItem\",\"position\":1,\"name\":\"Accueil\",\"item\":\"https:\\\/\\\/nature-et-developpement.com\\\/macabane-materiaux\\\/\"},{\"@type\":\"ListItem\",\"position\":2,\"name\":\"Boutique\",\"item\":\"https:\\\/\\\/nature-et-developpement.com\\\/macabane-materiaux\\\/boutique\\\/\"},{\"@type\":\"ListItem\",\"position\":3,\"name\":\"Chauffage, eau et \u00e9nergie\",\"item\":\"https:\\\/\\\/nature-et-developpement.com\\\/macabane-materiaux\\\/produits\\\/energie-et-ventilation\\\/\"},{\"@type\":\"ListItem\",\"position\":4,\"name\":\"Lampe, lumi\u00e8re, \u00e9clairage LED et puit de lumi\u00e8re\",\"item\":\"https:\\\/\\\/nature-et-developpement.com\\\/macabane-materiaux\\\/produits\\\/energie-et-ventilation\\\/eclairage\\\/\"},{\"@type\":\"ListItem\",\"position\":5,\"name\":\"LED encastrable orientable 13W gamme CITRON\"}]},{\"@type\":\"WebSite\",\"@id\":\"https:\\\/\\\/nature-et-developpement.com\\\/macabane-materiaux\\\/#website\",\"url\":\"https:\\\/\\\/nature-et-developpement.com\\\/macabane-materiaux\\\/\",\"name\":\"Ma Cabane mat\u00e9riaux naturels\",\"description\":\"Ma Cabane est membre du groupement Nature &amp; D\u00e9veloppement\",\"potentialAction\":[{\"@type\":\"SearchAction\",\"target\":{\"@type\":\"EntryPoint\",\"urlTemplate\":\"https:\\\/\\\/nature-et-developpement.com\\\/macabane-materiaux\\\/?s={search_term_string}\"},\"query-input\":{\"@type\":\"PropertyValueSpecification\",\"valueRequired\":true,\"valueName\":\"search_term_string\"}}],\"inLanguage\":\"fr-FR\"}]}<\/script>\n<!-- \/ Yoast SEO plugin. -->","yoast_head_json":{"title":"LED encastrable orientable 13W gamme CITRON - Ma Cabane mat\u00e9riaux naturels","description":"L'encastr\u00e9 LED 13W orientable CITRON va vous permettre d'implanter des spots dans des plafonds tr\u00e8s hauts. Cet appareil est fabriqu\u00e9 en France et est r\u00e9parable en fin de vie.","robots":{"index":"noindex","follow":"nofollow"},"og_locale":"fr_FR","og_type":"article","og_title":"LED encastrable orientable 13W gamme CITRON - Ma Cabane mat\u00e9riaux naturels","og_description":"L'encastr\u00e9 LED 13W orientable CITRON va vous permettre d'implanter des spots dans des plafonds tr\u00e8s hauts. Cet appareil est fabriqu\u00e9 en France et est r\u00e9parable en fin de vie.","og_url":"https:\/\/nature-et-developpement.com\/macabane-materiaux\/produit\/encastre-led-orientable-13w-citron\/","og_site_name":"Ma Cabane mat\u00e9riaux naturels","article_modified_time":"2026-03-06T15:34:37+00:00","twitter_card":"summary_large_image","twitter_misc":{"Dur\u00e9e de lecture estim\u00e9e":"2 minutes"},"schema":{"@context":"https:\/\/schema.org","@graph":[{"@type":"WebPage","@id":"https:\/\/nature-et-developpement.com\/macabane-materiaux\/produit\/encastre-led-orientable-13w-citron\/","url":"https:\/\/nature-et-developpement.com\/macabane-materiaux\/produit\/encastre-led-orientable-13w-citron\/","name":"LED encastrable orientable 13W gamme CITRON - Ma Cabane mat\u00e9riaux naturels","isPartOf":{"@id":"https:\/\/nature-et-developpement.com\/macabane-materiaux\/#website"},"primaryImageOfPage":{"@id":"https:\/\/nature-et-developpement.com\/macabane-materiaux\/produit\/encastre-led-orientable-13w-citron\/#primaryimage"},"image":{"@id":"https:\/\/nature-et-developpement.com\/macabane-materiaux\/produit\/encastre-led-orientable-13w-citron\/#primaryimage"},"thumbnailUrl":"https:\/\/nature-et-developpement.com\/macabane-materiaux\/wp-content\/uploads\/10W-13W-SPOT-ENCASTRE-GRENADINE-CITRON-2.jpg","datePublished":"2016-12-31T23:00:00+00:00","dateModified":"2026-03-06T15:34:37+00:00","description":"L'encastr\u00e9 LED 13W orientable CITRON va vous permettre d'implanter des spots dans des plafonds tr\u00e8s hauts. Cet appareil est fabriqu\u00e9 en France et est r\u00e9parable en fin de vie.","breadcrumb":{"@id":"https:\/\/nature-et-developpement.com\/macabane-materiaux\/produit\/encastre-led-orientable-13w-citron\/#breadcrumb"},"inLanguage":"fr-FR","potentialAction":[{"@type":"ReadAction","target":["https:\/\/nature-et-developpement.com\/macabane-materiaux\/produit\/encastre-led-orientable-13w-citron\/"]}]},{"@type":"ImageObject","inLanguage":"fr-FR","@id":"https:\/\/nature-et-developpement.com\/macabane-materiaux\/produit\/encastre-led-orientable-13w-citron\/#primaryimage","url":"https:\/\/nature-et-developpement.com\/macabane-materiaux\/wp-content\/uploads\/10W-13W-SPOT-ENCASTRE-GRENADINE-CITRON-2.jpg","contentUrl":"https:\/\/nature-et-developpement.com\/macabane-materiaux\/wp-content\/uploads\/10W-13W-SPOT-ENCASTRE-GRENADINE-CITRON-2.jpg"},{"@type":"BreadcrumbList","@id":"https:\/\/nature-et-developpement.com\/macabane-materiaux\/produit\/encastre-led-orientable-13w-citron\/#breadcrumb","itemListElement":[{"@type":"ListItem","position":1,"name":"Accueil","item":"https:\/\/nature-et-developpement.com\/macabane-materiaux\/"},{"@type":"ListItem","position":2,"name":"Boutique","item":"https:\/\/nature-et-developpement.com\/macabane-materiaux\/boutique\/"},{"@type":"ListItem","position":3,"name":"Chauffage, eau et \u00e9nergie","item":"https:\/\/nature-et-developpement.com\/macabane-materiaux\/produits\/energie-et-ventilation\/"},{"@type":"ListItem","position":4,"name":"Lampe, lumi\u00e8re, \u00e9clairage LED et puit de lumi\u00e8re","item":"https:\/\/nature-et-developpement.com\/macabane-materiaux\/produits\/energie-et-ventilation\/eclairage\/"},{"@type":"ListItem","position":5,"name":"LED encastrable orientable 13W gamme CITRON"}]},{"@type":"WebSite","@id":"https:\/\/nature-et-developpement.com\/macabane-materiaux\/#website","url":"https:\/\/nature-et-developpement.com\/macabane-materiaux\/","name":"Ma Cabane mat\u00e9riaux naturels","description":"Ma Cabane est membre du groupement Nature &amp; D\u00e9veloppement","potentialAction":[{"@type":"SearchAction","target":{"@type":"EntryPoint","urlTemplate":"https:\/\/nature-et-developpement.com\/macabane-materiaux\/?s={search_term_string}"},"query-input":{"@type":"PropertyValueSpecification","valueRequired":true,"valueName":"search_term_string"}}],"inLanguage":"fr-FR"}]}},"distributor_meta":false,"distributor_terms":false,"distributor_media":false,"distributor_original_site_name":"Ma Cabane mat\u00e9riaux naturels","distributor_original_site_url":"https:\/\/nature-et-developpement.com\/macabane-materiaux","push-errors":false,"_links":{"self":[{"href":"https:\/\/nature-et-developpement.com\/macabane-materiaux\/wp-json\/wp\/v2\/product\/4931","targetHints":{"allow":["GET"]}}],"collection":[{"href":"https:\/\/nature-et-developpement.com\/macabane-materiaux\/wp-json\/wp\/v2\/product"}],"about":[{"href":"https:\/\/nature-et-developpement.com\/macabane-materiaux\/wp-json\/wp\/v2\/types\/product"}],"wp:featuredmedia":[{"embeddable":true,"href":"https:\/\/nature-et-developpement.com\/macabane-materiaux\/wp-json\/"}],"wp:attachment":[{"href":"https:\/\/nature-et-developpement.com\/macabane-materiaux\/wp-json\/wp\/v2\/media?parent=4931"}],"wp:term":[{"taxonomy":"product_brand","embeddable":true,"href":"https:\/\/nature-et-developpement.com\/macabane-materiaux\/wp-json\/wp\/v2\/product_brand?post=4931"},{"taxonomy":"product_cat","embeddable":true,"href":"https:\/\/nature-et-developpement.com\/macabane-materiaux\/wp-json\/wp\/v2\/product_cat?post=4931"},{"taxonomy":"product_tag","embeddable":true,"href":"https:\/\/nature-et-developpement.com\/macabane-materiaux\/wp-json\/wp\/v2\/product_tag?post=4931"}],"curies":[{"name":"wp","href":"https:\/\/api.w.org\/{rel}","templated":true}]}}