{"id":4956,"date":"2021-11-16T08:53:03","date_gmt":"2021-11-16T07:53:03","guid":{"rendered":"https:\/\/nature-et-developpement.com\/macabane-materiaux\/produit\/mini-encastre-led-fixe-tropicalise-2w-gamme-cachou\/"},"modified":"2026-03-06T14:58:28","modified_gmt":"2026-03-06T13:58:28","slug":"mini-encastre-led-fixe-tropicalise-2w-gamme-cachou","status":"publish","type":"product","link":"https:\/\/nature-et-developpement.com\/macabane-materiaux\/produit\/mini-encastre-led-fixe-tropicalise-2w-gamme-cachou\/","title":{"rendered":"Mini spot LED encastrable pour milieu humide 2W gamme CACHOU"},"content":{"rendered":"<h2>Spot salle de bain<\/h2>\n<p>Le mini encastr\u00e9 LED 2W CACHOU tropicalis\u00e9 est de format mini pour un tr\u00e8s bon \u00e9clairage.<\/p>\n<p>Son implantation en l\u00e8che mur par exemple surprend toujours et apporte \u00e9norm\u00e9ment \u00e0 la d\u00e9coration d&rsquo;une pi\u00e8ce humide.<\/p>\n<p>A utiliser sans mod\u00e9ration, vos clients ne seront jamais d\u00e9\u00e7us par ce spot !<\/p>\n<p>Les spots sous format unitaires doivent \u00eatre pilot\u00e9s avec un convertisseur de courant continu de 500mA.<\/p>\n<p>Pour information, vous pouvez compl\u00e9ter un kit douche Cachou avec ce produit.<\/p>\n<h4>O\u00f9 utiliser les encastr\u00e9s Cachous tropicalis\u00e9s ?<\/h4>\n<p>Vous pouvez les utiliser en l\u00e8che mur pour amener un coup de peps lumineux dans une salle da bain, un SPA (si aucun mur n&rsquo;est \u00e9clair\u00e9, votre pi\u00e8ce aura toujours l&rsquo;air sombre).<\/p>\n<p>Ils sont parfaits pour \u00e9clairer les douches par exemple.<\/p>\n<h4>Votre fa\u00efence de douche est tr\u00e8s sombre ?<\/h4>\n<p>Attention, les couleurs fonc\u00e9es ne r\u00e9fl\u00e9chissent pas bien la lumi\u00e8re.<\/p>\n<p>Dans ce cas de figure, nous vous conseillons de basculer sur les encastr\u00e9s V\u00e9ron\u00e8zes tropicalis\u00e9s.<\/p>\n<p>L\u00e9g\u00e8rement plus gros (38mm au lieu de 27mm), mais beaucoup plus puissants en terme de flux.<\/p>\n<p>Ils permettront de compenser l&rsquo;absorption des carrelages sombres, tout en gardant ce look de mini spots implant\u00e9s en l\u00e8che murs.<\/p>\n<p>Charge maxi pour le convertisseur livr\u00e9 dans le kit douche = 10 spots Cachous c\u00e2bl\u00e9s en s\u00e9rie.<\/p>\n<p>Ce spot est fabriqu\u00e9 en France.<\/p>\n<p>Il est r\u00e9parable en fin de vie.<\/p>\n<h3>Convertisseur d\u00e9cal\u00e9<\/h3>\n<p>En pratique, qu\u2019est-ce que \u00e7a veut dire ?<\/p>\n<p>Vous \u00e9tiez habitu\u00e9 \u00e0 remplacer des lampes en maintenance.<\/p>\n<p>Avec la dur\u00e9e de vie vraiment importante des LED, c\u2019est plut\u00f4t les alimentations qui se remplacent en maintenance.<\/p>\n<p>Associer les alimentations aux spots implique que vous allez devoir jeter un ensemble alors que la LED est sans doute encore fonctionnelle, mais votre alimentation a rendu l\u2019\u00e2me&#8230;<\/p>\n<p>Second probl\u00e8me, une LED \u00e7a chauffe. M\u00eame si c\u2019est moins que les ampoules incandescentes. La chaleur se propage dans le spot et sur l\u2019alimentation.<\/p>\n<p>Hors, qu\u2019est-ce qui, selon vous, r\u00e9duit la dur\u00e9e de vie d\u2019une alimentation\u00a0? Et oui, la chaleur\u00a0!<\/p>\n<p>Et dernier probl\u00e8me mais pas le moindre : le rayonnement \u00e9lectromagn\u00e9tique des alimentations.<\/p>\n<p>Toutes ces alimentations, enferm\u00e9es dans vos spots, rayonnent gaiement au- dessus de vos t\u00eates.<\/p>\n<p>Surtout lorsque vous\u00a0 faites de la variation.<\/p>\n<p>Il vaut donc mieux avoir 1 seule alimentation qui rayonne loin de vous, dans votre garage par exemple.<\/p>\n<p>Elle sera beaucoup mieux ventil\u00e9e qu\u2019enferm\u00e9e dans un spot, et durera beaucoup plus longtemps.<\/p>\n<p>Une seule alimentation, c\u2019est \u00e9galement moins de composants \u00e9lectroniques utilis\u00e9s et globalement moins de rayonnement.<\/p>\n<p>Il suffit ensuite de remplacer la LED dans votre spot une fois tous les 20-30 ans (suivant la dur\u00e9e d\u2019utilisation journali\u00e8re du luminaire).<\/p>\n<p>Tout cela est beaucoup plus \u00e9colo qu\u2019un spot LED direct 230V implant\u00e9 sous un isolant, dont la dur\u00e9e de vie sera r\u00e9duite, et dont tous les composants seront jet\u00e9s \u00e0 chaque renouv\u00e8lement de produit&#8230;<\/p>\n","protected":false},"excerpt":{"rendered":"<p>Ce nouvel encastr\u00e9 est utilisable\u00a0 dans les pi\u00e8ces humides telles que les salles de bain (kits douche) dans sa version avec joint silicone ferm\u00e9.<br \/>\nIl peut \u00e9galement \u00eatre utilis\u00e9\u00a0dans les pergolas\u00a0ou pour\u00a0cr\u00e9er un cheminement ext\u00e9rieur en dessous de toiture.<\/p>\n<p><img loading=\"lazy\" decoding=\"async\" class=\"alignnone size-full wp-image-158959\" src=\"https:\/\/nature-et-developpement.com\/wp-content\/uploads\/100-reparable-FD-Eclairage.jpg\" alt=\"\" width=\"100\" height=\"100\" \/><\/p>\n","protected":false},"featured_media":1000000158836,"template":"","meta":[],"product_brand":[144],"product_cat":[106],"product_tag":[],"class_list":{"0":"post-4956","1":"product","2":"type-product","3":"status-publish","4":"has-post-thumbnail","6":"product_brand-fd-eclairage","7":"product_cat-eclairage","8":"product_shipping_class-petit-equipement-outil-eclairage","10":"first","11":"instock","12":"taxable","13":"shipping-taxable","14":"purchasable","15":"product-type-variable"},"yoast_head":"<!-- This site is optimized with the Yoast SEO plugin v27.5 - https:\/\/yoast.com\/product\/yoast-seo-wordpress\/ -->\n<title>Mini spot LED encastrable pour milieu humide 2W CACHOU<\/title>\n<meta name=\"description\" content=\"Ce nouvel encastr\u00e9 est utilisable\u00a0 dans les pi\u00e8ces humides telles que les salles de bain (kits douche) dans sa version avec joint silicone ferm\u00e9. Il peut \u00e9galement \u00eatre utilis\u00e9\u00a0dans les pergolas\u00a0ou pour\u00a0cr\u00e9er un cheminement ext\u00e9rieur en dessous de toiture.\" \/>\n<meta name=\"robots\" content=\"noindex, nofollow\" \/>\n<meta property=\"og:locale\" content=\"fr_FR\" \/>\n<meta property=\"og:type\" content=\"article\" \/>\n<meta property=\"og:title\" content=\"Mini spot LED encastrable pour milieu humide 2W CACHOU\" \/>\n<meta property=\"og:description\" content=\"Ce nouvel encastr\u00e9 est utilisable\u00a0 dans les pi\u00e8ces humides telles que les salles de bain (kits douche) dans sa version avec joint silicone ferm\u00e9. Il peut \u00e9galement \u00eatre utilis\u00e9\u00a0dans les pergolas\u00a0ou pour\u00a0cr\u00e9er un cheminement ext\u00e9rieur en dessous de toiture.\" \/>\n<meta property=\"og:url\" content=\"https:\/\/nature-et-developpement.com\/macabane-materiaux\/produit\/mini-encastre-led-fixe-tropicalise-2w-gamme-cachou\/\" \/>\n<meta property=\"og:site_name\" content=\"Ma Cabane mat\u00e9riaux naturels\" \/>\n<meta property=\"article:modified_time\" content=\"2026-03-06T13:58:28+00:00\" \/>\n<meta name=\"twitter:card\" content=\"summary_large_image\" \/>\n<meta name=\"twitter:label1\" content=\"Dur\u00e9e de lecture estim\u00e9e\" \/>\n\t<meta name=\"twitter:data1\" content=\"2 minutes\" \/>\n<script type=\"application\/ld+json\" class=\"yoast-schema-graph\">{\"@context\":\"https:\\\/\\\/schema.org\",\"@graph\":[{\"@type\":\"WebPage\",\"@id\":\"https:\\\/\\\/nature-et-developpement.com\\\/macabane-materiaux\\\/produit\\\/mini-encastre-led-fixe-tropicalise-2w-gamme-cachou\\\/\",\"url\":\"https:\\\/\\\/nature-et-developpement.com\\\/macabane-materiaux\\\/produit\\\/mini-encastre-led-fixe-tropicalise-2w-gamme-cachou\\\/\",\"name\":\"Mini spot LED encastrable pour milieu humide 2W CACHOU\",\"isPartOf\":{\"@id\":\"https:\\\/\\\/nature-et-developpement.com\\\/macabane-materiaux\\\/#website\"},\"primaryImageOfPage\":{\"@id\":\"https:\\\/\\\/nature-et-developpement.com\\\/macabane-materiaux\\\/produit\\\/mini-encastre-led-fixe-tropicalise-2w-gamme-cachou\\\/#primaryimage\"},\"image\":{\"@id\":\"https:\\\/\\\/nature-et-developpement.com\\\/macabane-materiaux\\\/produit\\\/mini-encastre-led-fixe-tropicalise-2w-gamme-cachou\\\/#primaryimage\"},\"thumbnailUrl\":\"https:\\\/\\\/nature-et-developpement.com\\\/macabane-materiaux\\\/wp-content\\\/uploads\\\/2W-SPOT-ENCASTRE-CACHOU.jpg\",\"datePublished\":\"2021-11-16T07:53:03+00:00\",\"dateModified\":\"2026-03-06T13:58:28+00:00\",\"description\":\"Ce nouvel encastr\u00e9 est utilisable\u00a0 dans les pi\u00e8ces humides telles que les salles de bain (kits douche) dans sa version avec joint silicone ferm\u00e9. Il peut \u00e9galement \u00eatre utilis\u00e9\u00a0dans les pergolas\u00a0ou pour\u00a0cr\u00e9er un cheminement ext\u00e9rieur en dessous de toiture.\",\"breadcrumb\":{\"@id\":\"https:\\\/\\\/nature-et-developpement.com\\\/macabane-materiaux\\\/produit\\\/mini-encastre-led-fixe-tropicalise-2w-gamme-cachou\\\/#breadcrumb\"},\"inLanguage\":\"fr-FR\",\"potentialAction\":[{\"@type\":\"ReadAction\",\"target\":[\"https:\\\/\\\/nature-et-developpement.com\\\/macabane-materiaux\\\/produit\\\/mini-encastre-led-fixe-tropicalise-2w-gamme-cachou\\\/\"]}]},{\"@type\":\"ImageObject\",\"inLanguage\":\"fr-FR\",\"@id\":\"https:\\\/\\\/nature-et-developpement.com\\\/macabane-materiaux\\\/produit\\\/mini-encastre-led-fixe-tropicalise-2w-gamme-cachou\\\/#primaryimage\",\"url\":\"https:\\\/\\\/nature-et-developpement.com\\\/macabane-materiaux\\\/wp-content\\\/uploads\\\/2W-SPOT-ENCASTRE-CACHOU.jpg\",\"contentUrl\":\"https:\\\/\\\/nature-et-developpement.com\\\/macabane-materiaux\\\/wp-content\\\/uploads\\\/2W-SPOT-ENCASTRE-CACHOU.jpg\"},{\"@type\":\"BreadcrumbList\",\"@id\":\"https:\\\/\\\/nature-et-developpement.com\\\/macabane-materiaux\\\/produit\\\/mini-encastre-led-fixe-tropicalise-2w-gamme-cachou\\\/#breadcrumb\",\"itemListElement\":[{\"@type\":\"ListItem\",\"position\":1,\"name\":\"Accueil\",\"item\":\"https:\\\/\\\/nature-et-developpement.com\\\/macabane-materiaux\\\/\"},{\"@type\":\"ListItem\",\"position\":2,\"name\":\"Boutique\",\"item\":\"https:\\\/\\\/nature-et-developpement.com\\\/macabane-materiaux\\\/boutique\\\/\"},{\"@type\":\"ListItem\",\"position\":3,\"name\":\"Chauffage, eau et \u00e9nergie\",\"item\":\"https:\\\/\\\/nature-et-developpement.com\\\/macabane-materiaux\\\/produits\\\/energie-et-ventilation\\\/\"},{\"@type\":\"ListItem\",\"position\":4,\"name\":\"Lampe, lumi\u00e8re, \u00e9clairage LED et puit de lumi\u00e8re\",\"item\":\"https:\\\/\\\/nature-et-developpement.com\\\/macabane-materiaux\\\/produits\\\/energie-et-ventilation\\\/eclairage\\\/\"},{\"@type\":\"ListItem\",\"position\":5,\"name\":\"Mini spot LED encastrable pour milieu humide 2W gamme CACHOU\"}]},{\"@type\":\"WebSite\",\"@id\":\"https:\\\/\\\/nature-et-developpement.com\\\/macabane-materiaux\\\/#website\",\"url\":\"https:\\\/\\\/nature-et-developpement.com\\\/macabane-materiaux\\\/\",\"name\":\"Ma Cabane mat\u00e9riaux naturels\",\"description\":\"Ma Cabane est membre du groupement Nature &amp; D\u00e9veloppement\",\"potentialAction\":[{\"@type\":\"SearchAction\",\"target\":{\"@type\":\"EntryPoint\",\"urlTemplate\":\"https:\\\/\\\/nature-et-developpement.com\\\/macabane-materiaux\\\/?s={search_term_string}\"},\"query-input\":{\"@type\":\"PropertyValueSpecification\",\"valueRequired\":true,\"valueName\":\"search_term_string\"}}],\"inLanguage\":\"fr-FR\"}]}<\/script>\n<!-- \/ Yoast SEO plugin. -->","yoast_head_json":{"title":"Mini spot LED encastrable pour milieu humide 2W CACHOU","description":"Ce nouvel encastr\u00e9 est utilisable\u00a0 dans les pi\u00e8ces humides telles que les salles de bain (kits douche) dans sa version avec joint silicone ferm\u00e9. Il peut \u00e9galement \u00eatre utilis\u00e9\u00a0dans les pergolas\u00a0ou pour\u00a0cr\u00e9er un cheminement ext\u00e9rieur en dessous de toiture.","robots":{"index":"noindex","follow":"nofollow"},"og_locale":"fr_FR","og_type":"article","og_title":"Mini spot LED encastrable pour milieu humide 2W CACHOU","og_description":"Ce nouvel encastr\u00e9 est utilisable\u00a0 dans les pi\u00e8ces humides telles que les salles de bain (kits douche) dans sa version avec joint silicone ferm\u00e9. Il peut \u00e9galement \u00eatre utilis\u00e9\u00a0dans les pergolas\u00a0ou pour\u00a0cr\u00e9er un cheminement ext\u00e9rieur en dessous de toiture.","og_url":"https:\/\/nature-et-developpement.com\/macabane-materiaux\/produit\/mini-encastre-led-fixe-tropicalise-2w-gamme-cachou\/","og_site_name":"Ma Cabane mat\u00e9riaux naturels","article_modified_time":"2026-03-06T13:58:28+00:00","twitter_card":"summary_large_image","twitter_misc":{"Dur\u00e9e de lecture estim\u00e9e":"2 minutes"},"schema":{"@context":"https:\/\/schema.org","@graph":[{"@type":"WebPage","@id":"https:\/\/nature-et-developpement.com\/macabane-materiaux\/produit\/mini-encastre-led-fixe-tropicalise-2w-gamme-cachou\/","url":"https:\/\/nature-et-developpement.com\/macabane-materiaux\/produit\/mini-encastre-led-fixe-tropicalise-2w-gamme-cachou\/","name":"Mini spot LED encastrable pour milieu humide 2W CACHOU","isPartOf":{"@id":"https:\/\/nature-et-developpement.com\/macabane-materiaux\/#website"},"primaryImageOfPage":{"@id":"https:\/\/nature-et-developpement.com\/macabane-materiaux\/produit\/mini-encastre-led-fixe-tropicalise-2w-gamme-cachou\/#primaryimage"},"image":{"@id":"https:\/\/nature-et-developpement.com\/macabane-materiaux\/produit\/mini-encastre-led-fixe-tropicalise-2w-gamme-cachou\/#primaryimage"},"thumbnailUrl":"https:\/\/nature-et-developpement.com\/macabane-materiaux\/wp-content\/uploads\/2W-SPOT-ENCASTRE-CACHOU.jpg","datePublished":"2021-11-16T07:53:03+00:00","dateModified":"2026-03-06T13:58:28+00:00","description":"Ce nouvel encastr\u00e9 est utilisable\u00a0 dans les pi\u00e8ces humides telles que les salles de bain (kits douche) dans sa version avec joint silicone ferm\u00e9. Il peut \u00e9galement \u00eatre utilis\u00e9\u00a0dans les pergolas\u00a0ou pour\u00a0cr\u00e9er un cheminement ext\u00e9rieur en dessous de toiture.","breadcrumb":{"@id":"https:\/\/nature-et-developpement.com\/macabane-materiaux\/produit\/mini-encastre-led-fixe-tropicalise-2w-gamme-cachou\/#breadcrumb"},"inLanguage":"fr-FR","potentialAction":[{"@type":"ReadAction","target":["https:\/\/nature-et-developpement.com\/macabane-materiaux\/produit\/mini-encastre-led-fixe-tropicalise-2w-gamme-cachou\/"]}]},{"@type":"ImageObject","inLanguage":"fr-FR","@id":"https:\/\/nature-et-developpement.com\/macabane-materiaux\/produit\/mini-encastre-led-fixe-tropicalise-2w-gamme-cachou\/#primaryimage","url":"https:\/\/nature-et-developpement.com\/macabane-materiaux\/wp-content\/uploads\/2W-SPOT-ENCASTRE-CACHOU.jpg","contentUrl":"https:\/\/nature-et-developpement.com\/macabane-materiaux\/wp-content\/uploads\/2W-SPOT-ENCASTRE-CACHOU.jpg"},{"@type":"BreadcrumbList","@id":"https:\/\/nature-et-developpement.com\/macabane-materiaux\/produit\/mini-encastre-led-fixe-tropicalise-2w-gamme-cachou\/#breadcrumb","itemListElement":[{"@type":"ListItem","position":1,"name":"Accueil","item":"https:\/\/nature-et-developpement.com\/macabane-materiaux\/"},{"@type":"ListItem","position":2,"name":"Boutique","item":"https:\/\/nature-et-developpement.com\/macabane-materiaux\/boutique\/"},{"@type":"ListItem","position":3,"name":"Chauffage, eau et \u00e9nergie","item":"https:\/\/nature-et-developpement.com\/macabane-materiaux\/produits\/energie-et-ventilation\/"},{"@type":"ListItem","position":4,"name":"Lampe, lumi\u00e8re, \u00e9clairage LED et puit de lumi\u00e8re","item":"https:\/\/nature-et-developpement.com\/macabane-materiaux\/produits\/energie-et-ventilation\/eclairage\/"},{"@type":"ListItem","position":5,"name":"Mini spot LED encastrable pour milieu humide 2W gamme CACHOU"}]},{"@type":"WebSite","@id":"https:\/\/nature-et-developpement.com\/macabane-materiaux\/#website","url":"https:\/\/nature-et-developpement.com\/macabane-materiaux\/","name":"Ma Cabane mat\u00e9riaux naturels","description":"Ma Cabane est membre du groupement Nature &amp; D\u00e9veloppement","potentialAction":[{"@type":"SearchAction","target":{"@type":"EntryPoint","urlTemplate":"https:\/\/nature-et-developpement.com\/macabane-materiaux\/?s={search_term_string}"},"query-input":{"@type":"PropertyValueSpecification","valueRequired":true,"valueName":"search_term_string"}}],"inLanguage":"fr-FR"}]}},"distributor_meta":false,"distributor_terms":false,"distributor_media":false,"distributor_original_site_name":"Ma Cabane mat\u00e9riaux naturels","distributor_original_site_url":"https:\/\/nature-et-developpement.com\/macabane-materiaux","push-errors":false,"_links":{"self":[{"href":"https:\/\/nature-et-developpement.com\/macabane-materiaux\/wp-json\/wp\/v2\/product\/4956","targetHints":{"allow":["GET"]}}],"collection":[{"href":"https:\/\/nature-et-developpement.com\/macabane-materiaux\/wp-json\/wp\/v2\/product"}],"about":[{"href":"https:\/\/nature-et-developpement.com\/macabane-materiaux\/wp-json\/wp\/v2\/types\/product"}],"wp:featuredmedia":[{"embeddable":true,"href":"https:\/\/nature-et-developpement.com\/macabane-materiaux\/wp-json\/"}],"wp:attachment":[{"href":"https:\/\/nature-et-developpement.com\/macabane-materiaux\/wp-json\/wp\/v2\/media?parent=4956"}],"wp:term":[{"taxonomy":"product_brand","embeddable":true,"href":"https:\/\/nature-et-developpement.com\/macabane-materiaux\/wp-json\/wp\/v2\/product_brand?post=4956"},{"taxonomy":"product_cat","embeddable":true,"href":"https:\/\/nature-et-developpement.com\/macabane-materiaux\/wp-json\/wp\/v2\/product_cat?post=4956"},{"taxonomy":"product_tag","embeddable":true,"href":"https:\/\/nature-et-developpement.com\/macabane-materiaux\/wp-json\/wp\/v2\/product_tag?post=4956"}],"curies":[{"name":"wp","href":"https:\/\/api.w.org\/{rel}","templated":true}]}}