{"id":5009,"date":"2017-01-01T00:00:00","date_gmt":"2016-12-31T23:00:00","guid":{"rendered":"https:\/\/nature-et-developpement.com\/macabane-materiaux\/produit\/encastre-led-fixe-bbc-6w-gamme-compact\/"},"modified":"2026-03-06T13:48:53","modified_gmt":"2026-03-06T12:48:53","slug":"encastre-led-fixe-bbc-6w-gamme-compact","status":"publish","type":"product","link":"https:\/\/nature-et-developpement.com\/macabane-materiaux\/produit\/encastre-led-fixe-bbc-6w-gamme-compact\/","title":{"rendered":"Spot LED fixe 6W pour construction BBC gamme COMPACT"},"content":{"rendered":"<h2>Spot LED encastrable \u00e9tanche \u00e0 l&rsquo;air<\/h2>\n<p>Cet encastr\u00e9 LED 6W COMPACT remplace en utilisation vos anciens spots halog\u00e8ne 50W.<\/p>\n<p>Petit, puissant, avec une excellente qualit\u00e9 de lumi\u00e8re (IRC90).<\/p>\n<p>Il b\u00e9n\u00e9ficie d&rsquo;un excellent refroidissement ce qui permet de l&rsquo;utiliser dans toutes les conditions d&rsquo;isolation, y compris les isolants souffl\u00e9s.<\/p>\n<p>Etanche \u00e0 l&rsquo;air, il garanti des tests d&rsquo;\u00e9tanch\u00e9it\u00e9 r\u00e9ussis.<\/p>\n<p>Il se d\u00e9cline dans 4 coloris standards :<\/p>\n<ul>\n<li>blanc<\/li>\n<li>alu<\/li>\n<li>noir<\/li>\n<li>dor\u00e9<\/li>\n<\/ul>\n<p>FD \u00c9clairage peut \u00e9galement le peindre \u00e0 la nuance RAL de votre choix sur simple demande.<\/p>\n<p><strong>Avec le COMPACT 40\u00b0<\/strong>, vous pouvez \u00e9clairer vos plans de travail dans les cuisines, vos tables de salle \u00e0 manger, vos bureaux, plans vasque de salle de bains, vos murs en indirect (se positionner \u00e0 15cm du mur maxi)&#8230;<\/p>\n<p><strong>Avec le COMPACT 60\u00b0<\/strong>, vous pouvez cr\u00e9er vos bases lumineuses dans toutes vos pi\u00e8ces (cuisine, salle de bain, salle \u00e0 manger, salon, arri\u00e8re cuisine), dans les chambres en \u00e9clairage g\u00e9n\u00e9ral, pour \u00e9clairer toutes vos circulations, les WC.<\/p>\n<p>FD \u00c9clairage recommande de le c\u00e2bler en s\u00e9rie derri\u00e8re un convertisseur CC de 700mA afin de d\u00e9porter vos alimentations vers des zones techniques ventil\u00e9es et accessibles.<\/p>\n<p>Mais si vous souhaitez le piloter en alimentation individuelle, c&rsquo;est possible \u00e9galement&#8230;<\/p>\n<p>Les encastr\u00e9s COMPACTS sont fabriqu\u00e9s en France.<\/p>\n<p>Ils sont r\u00e9parables en fin de vie.<\/p>\n<p>De vrais produits d&rsquo;\u00e9clairage, avec des puces (COB) ayant un tr\u00e8s bon rendement lumen\/watt, des lentilles (optique) qui dirigent la lumi\u00e8re vers le bas (les produits LED avec une ouverture de 120\u00b0 ne sont pas efficaces car la lumi\u00e8re reste autour du spot et n&rsquo;est pas dirig\u00e9e vers le bas).<\/p>\n<p>Le c\u00e2blage se fait en s\u00e9rie et l&rsquo;alimentation est d\u00e9port\u00e9e.<\/p>\n<p>Vous \u00e9tiez habitu\u00e9 \u00e0 remplacer des lampes en maintenance.<\/p>\n<h3>Dur\u00e9e de vie vraiment importante des LED<\/h3>\n<p>C\u2019est plut\u00f4t les alimentations qui se remplacent en maintenance.<\/p>\n<p>Associer les alimentations aux spots implique que vous allez devoir jeter un ensemble alors que la LED est sans doute encore fonctionnelle, mais votre alimentation a rendu l\u2019\u00e2me&#8230;<\/p>\n<p>Second probl\u00e8me, une LED \u00e7a chauffe. M\u00eame si c\u2019est moins que les ampoules incandescentes. La chaleur se propage dans le spot et sur l\u2019alimentation.<\/p>\n<p>Hors, qu\u2019est-ce qui, selon vous, r\u00e9duit la dur\u00e9e de vie d\u2019une alimentation\u00a0? Et oui, la chaleur\u00a0!<\/p>\n<p>Et dernier probl\u00e8me mais pas le moindre : le rayonnement \u00e9lectromagn\u00e9tique des alimentations.<\/p>\n<p>Toutes ces alimentations, enferm\u00e9es dans vos spots, rayonnent gaiement au- dessus de vos t\u00eates. Surtout lorsque vous\u00a0 faites de la variation.<\/p>\n<p>Il vaut donc mieux avoir 1 seule alimentation qui rayonne loin de vous, dans votre garage par exemple.<\/p>\n<p>Elle sera beaucoup mieux ventil\u00e9e qu\u2019enferm\u00e9e dans un spot, et durera beaucoup plus longtemps.<\/p>\n<p>Une seule alimentation, c\u2019est \u00e9galement moins de composants \u00e9lectroniques utilis\u00e9s et globalement moins de rayonnement.<\/p>\n<p>Il suffit ensuite de remplacer la LED dans votre spot une fois tous les 20-30 ans (suivant la dur\u00e9e d\u2019utilisation journali\u00e8re du luminaire).<\/p>\n<p>Tout cela est beaucoup plus \u00e9colo qu\u2019un spot LED direct 230V implant\u00e9 sous un isolant, dont la dur\u00e9e de vie sera r\u00e9duite, et dont tous les composants seront jet\u00e9s \u00e0 chaque renouv\u00e8lement de produit&#8230;<\/p>\n","protected":false},"excerpt":{"rendered":"<p>Petit, puissant, avec une excellente qualit\u00e9 de lumi\u00e8re.<br \/>\nCet encastr\u00e9 LED 6W COMPACT remplace en utilisation vos anciens spots halog\u00e8ne 50W.<br \/>\nIl b\u00e9n\u00e9ficie d&rsquo;un excellent refroidissement ce qui permet de l&rsquo;utiliser dans toutes les conditions d&rsquo;isolation, y compris les isolants souffl\u00e9s.<\/p>\n<p><img loading=\"lazy\" decoding=\"async\" class=\"alignnone size-full wp-image-158959\" src=\"https:\/\/nature-et-developpement.com\/wp-content\/uploads\/100-reparable-FD-Eclairage.jpg\" alt=\"\" width=\"100\" height=\"100\" \/><\/p>\n","protected":false},"featured_media":1000000158853,"template":"","meta":[],"product_brand":[144],"product_cat":[106],"product_tag":[],"class_list":{"0":"post-5009","1":"product","2":"type-product","3":"status-publish","4":"has-post-thumbnail","6":"product_brand-fd-eclairage","7":"product_cat-eclairage","8":"product_shipping_class-petit-equipement-outil-eclairage","10":"first","11":"instock","12":"taxable","13":"shipping-taxable","14":"purchasable","15":"product-type-variable"},"yoast_head":"<!-- This site is optimized with the Yoast SEO plugin v27.5 - https:\/\/yoast.com\/product\/yoast-seo-wordpress\/ -->\n<title>Spot LED fixe 6W pour construction BBC gamme COMPACT - Ma Cabane mat\u00e9riaux naturels<\/title>\n<meta name=\"description\" content=\"Petit, puissant, avec une excellente qualit\u00e9 de lumi\u00e8re. Cet encastr\u00e9 LED 6W COMPACT remplace en utilisation vos anciens spots halog\u00e8ne 50W. Il b\u00e9n\u00e9ficie d&#039;un excellent refroidissement ce qui permet de l&#039;utiliser dans toutes les conditions d&#039;isolation, y compris les isolants souffl\u00e9s.\" \/>\n<meta name=\"robots\" content=\"noindex, nofollow\" \/>\n<meta property=\"og:locale\" content=\"fr_FR\" \/>\n<meta property=\"og:type\" content=\"article\" \/>\n<meta property=\"og:title\" content=\"Spot LED fixe 6W pour construction BBC gamme COMPACT - Ma Cabane mat\u00e9riaux naturels\" \/>\n<meta property=\"og:description\" content=\"Petit, puissant, avec une excellente qualit\u00e9 de lumi\u00e8re. Cet encastr\u00e9 LED 6W COMPACT remplace en utilisation vos anciens spots halog\u00e8ne 50W. Il b\u00e9n\u00e9ficie d&#039;un excellent refroidissement ce qui permet de l&#039;utiliser dans toutes les conditions d&#039;isolation, y compris les isolants souffl\u00e9s.\" \/>\n<meta property=\"og:url\" content=\"https:\/\/nature-et-developpement.com\/macabane-materiaux\/produit\/encastre-led-fixe-bbc-6w-gamme-compact\/\" \/>\n<meta property=\"og:site_name\" content=\"Ma Cabane mat\u00e9riaux naturels\" \/>\n<meta property=\"article:modified_time\" content=\"2026-03-06T12:48:53+00:00\" \/>\n<meta name=\"twitter:card\" content=\"summary_large_image\" \/>\n<meta name=\"twitter:label1\" content=\"Dur\u00e9e de lecture estim\u00e9e\" \/>\n\t<meta name=\"twitter:data1\" content=\"3 minutes\" \/>\n<script type=\"application\/ld+json\" class=\"yoast-schema-graph\">{\"@context\":\"https:\\\/\\\/schema.org\",\"@graph\":[{\"@type\":\"WebPage\",\"@id\":\"https:\\\/\\\/nature-et-developpement.com\\\/macabane-materiaux\\\/produit\\\/encastre-led-fixe-bbc-6w-gamme-compact\\\/\",\"url\":\"https:\\\/\\\/nature-et-developpement.com\\\/macabane-materiaux\\\/produit\\\/encastre-led-fixe-bbc-6w-gamme-compact\\\/\",\"name\":\"Spot LED fixe 6W pour construction BBC gamme COMPACT - Ma Cabane mat\u00e9riaux naturels\",\"isPartOf\":{\"@id\":\"https:\\\/\\\/nature-et-developpement.com\\\/macabane-materiaux\\\/#website\"},\"primaryImageOfPage\":{\"@id\":\"https:\\\/\\\/nature-et-developpement.com\\\/macabane-materiaux\\\/produit\\\/encastre-led-fixe-bbc-6w-gamme-compact\\\/#primaryimage\"},\"image\":{\"@id\":\"https:\\\/\\\/nature-et-developpement.com\\\/macabane-materiaux\\\/produit\\\/encastre-led-fixe-bbc-6w-gamme-compact\\\/#primaryimage\"},\"thumbnailUrl\":\"https:\\\/\\\/nature-et-developpement.com\\\/macabane-materiaux\\\/wp-content\\\/uploads\\\/6W-SPOT-ENCASTRE-COMPACT-40.jpg\",\"datePublished\":\"2016-12-31T23:00:00+00:00\",\"dateModified\":\"2026-03-06T12:48:53+00:00\",\"description\":\"Petit, puissant, avec une excellente qualit\u00e9 de lumi\u00e8re. Cet encastr\u00e9 LED 6W COMPACT remplace en utilisation vos anciens spots halog\u00e8ne 50W. Il b\u00e9n\u00e9ficie d'un excellent refroidissement ce qui permet de l'utiliser dans toutes les conditions d'isolation, y compris les isolants souffl\u00e9s.\",\"breadcrumb\":{\"@id\":\"https:\\\/\\\/nature-et-developpement.com\\\/macabane-materiaux\\\/produit\\\/encastre-led-fixe-bbc-6w-gamme-compact\\\/#breadcrumb\"},\"inLanguage\":\"fr-FR\",\"potentialAction\":[{\"@type\":\"ReadAction\",\"target\":[\"https:\\\/\\\/nature-et-developpement.com\\\/macabane-materiaux\\\/produit\\\/encastre-led-fixe-bbc-6w-gamme-compact\\\/\"]}]},{\"@type\":\"ImageObject\",\"inLanguage\":\"fr-FR\",\"@id\":\"https:\\\/\\\/nature-et-developpement.com\\\/macabane-materiaux\\\/produit\\\/encastre-led-fixe-bbc-6w-gamme-compact\\\/#primaryimage\",\"url\":\"https:\\\/\\\/nature-et-developpement.com\\\/macabane-materiaux\\\/wp-content\\\/uploads\\\/6W-SPOT-ENCASTRE-COMPACT-40.jpg\",\"contentUrl\":\"https:\\\/\\\/nature-et-developpement.com\\\/macabane-materiaux\\\/wp-content\\\/uploads\\\/6W-SPOT-ENCASTRE-COMPACT-40.jpg\"},{\"@type\":\"BreadcrumbList\",\"@id\":\"https:\\\/\\\/nature-et-developpement.com\\\/macabane-materiaux\\\/produit\\\/encastre-led-fixe-bbc-6w-gamme-compact\\\/#breadcrumb\",\"itemListElement\":[{\"@type\":\"ListItem\",\"position\":1,\"name\":\"Accueil\",\"item\":\"https:\\\/\\\/nature-et-developpement.com\\\/macabane-materiaux\\\/\"},{\"@type\":\"ListItem\",\"position\":2,\"name\":\"Boutique\",\"item\":\"https:\\\/\\\/nature-et-developpement.com\\\/macabane-materiaux\\\/boutique\\\/\"},{\"@type\":\"ListItem\",\"position\":3,\"name\":\"Chauffage, eau et \u00e9nergie\",\"item\":\"https:\\\/\\\/nature-et-developpement.com\\\/macabane-materiaux\\\/produits\\\/energie-et-ventilation\\\/\"},{\"@type\":\"ListItem\",\"position\":4,\"name\":\"Lampe, lumi\u00e8re, \u00e9clairage LED et puit de lumi\u00e8re\",\"item\":\"https:\\\/\\\/nature-et-developpement.com\\\/macabane-materiaux\\\/produits\\\/energie-et-ventilation\\\/eclairage\\\/\"},{\"@type\":\"ListItem\",\"position\":5,\"name\":\"Spot LED fixe 6W pour construction BBC gamme COMPACT\"}]},{\"@type\":\"WebSite\",\"@id\":\"https:\\\/\\\/nature-et-developpement.com\\\/macabane-materiaux\\\/#website\",\"url\":\"https:\\\/\\\/nature-et-developpement.com\\\/macabane-materiaux\\\/\",\"name\":\"Ma Cabane mat\u00e9riaux naturels\",\"description\":\"Ma Cabane est membre du groupement Nature &amp; D\u00e9veloppement\",\"potentialAction\":[{\"@type\":\"SearchAction\",\"target\":{\"@type\":\"EntryPoint\",\"urlTemplate\":\"https:\\\/\\\/nature-et-developpement.com\\\/macabane-materiaux\\\/?s={search_term_string}\"},\"query-input\":{\"@type\":\"PropertyValueSpecification\",\"valueRequired\":true,\"valueName\":\"search_term_string\"}}],\"inLanguage\":\"fr-FR\"}]}<\/script>\n<!-- \/ Yoast SEO plugin. -->","yoast_head_json":{"title":"Spot LED fixe 6W pour construction BBC gamme COMPACT - Ma Cabane mat\u00e9riaux naturels","description":"Petit, puissant, avec une excellente qualit\u00e9 de lumi\u00e8re. Cet encastr\u00e9 LED 6W COMPACT remplace en utilisation vos anciens spots halog\u00e8ne 50W. Il b\u00e9n\u00e9ficie d'un excellent refroidissement ce qui permet de l'utiliser dans toutes les conditions d'isolation, y compris les isolants souffl\u00e9s.","robots":{"index":"noindex","follow":"nofollow"},"og_locale":"fr_FR","og_type":"article","og_title":"Spot LED fixe 6W pour construction BBC gamme COMPACT - Ma Cabane mat\u00e9riaux naturels","og_description":"Petit, puissant, avec une excellente qualit\u00e9 de lumi\u00e8re. Cet encastr\u00e9 LED 6W COMPACT remplace en utilisation vos anciens spots halog\u00e8ne 50W. Il b\u00e9n\u00e9ficie d'un excellent refroidissement ce qui permet de l'utiliser dans toutes les conditions d'isolation, y compris les isolants souffl\u00e9s.","og_url":"https:\/\/nature-et-developpement.com\/macabane-materiaux\/produit\/encastre-led-fixe-bbc-6w-gamme-compact\/","og_site_name":"Ma Cabane mat\u00e9riaux naturels","article_modified_time":"2026-03-06T12:48:53+00:00","twitter_card":"summary_large_image","twitter_misc":{"Dur\u00e9e de lecture estim\u00e9e":"3 minutes"},"schema":{"@context":"https:\/\/schema.org","@graph":[{"@type":"WebPage","@id":"https:\/\/nature-et-developpement.com\/macabane-materiaux\/produit\/encastre-led-fixe-bbc-6w-gamme-compact\/","url":"https:\/\/nature-et-developpement.com\/macabane-materiaux\/produit\/encastre-led-fixe-bbc-6w-gamme-compact\/","name":"Spot LED fixe 6W pour construction BBC gamme COMPACT - Ma Cabane mat\u00e9riaux naturels","isPartOf":{"@id":"https:\/\/nature-et-developpement.com\/macabane-materiaux\/#website"},"primaryImageOfPage":{"@id":"https:\/\/nature-et-developpement.com\/macabane-materiaux\/produit\/encastre-led-fixe-bbc-6w-gamme-compact\/#primaryimage"},"image":{"@id":"https:\/\/nature-et-developpement.com\/macabane-materiaux\/produit\/encastre-led-fixe-bbc-6w-gamme-compact\/#primaryimage"},"thumbnailUrl":"https:\/\/nature-et-developpement.com\/macabane-materiaux\/wp-content\/uploads\/6W-SPOT-ENCASTRE-COMPACT-40.jpg","datePublished":"2016-12-31T23:00:00+00:00","dateModified":"2026-03-06T12:48:53+00:00","description":"Petit, puissant, avec une excellente qualit\u00e9 de lumi\u00e8re. Cet encastr\u00e9 LED 6W COMPACT remplace en utilisation vos anciens spots halog\u00e8ne 50W. Il b\u00e9n\u00e9ficie d'un excellent refroidissement ce qui permet de l'utiliser dans toutes les conditions d'isolation, y compris les isolants souffl\u00e9s.","breadcrumb":{"@id":"https:\/\/nature-et-developpement.com\/macabane-materiaux\/produit\/encastre-led-fixe-bbc-6w-gamme-compact\/#breadcrumb"},"inLanguage":"fr-FR","potentialAction":[{"@type":"ReadAction","target":["https:\/\/nature-et-developpement.com\/macabane-materiaux\/produit\/encastre-led-fixe-bbc-6w-gamme-compact\/"]}]},{"@type":"ImageObject","inLanguage":"fr-FR","@id":"https:\/\/nature-et-developpement.com\/macabane-materiaux\/produit\/encastre-led-fixe-bbc-6w-gamme-compact\/#primaryimage","url":"https:\/\/nature-et-developpement.com\/macabane-materiaux\/wp-content\/uploads\/6W-SPOT-ENCASTRE-COMPACT-40.jpg","contentUrl":"https:\/\/nature-et-developpement.com\/macabane-materiaux\/wp-content\/uploads\/6W-SPOT-ENCASTRE-COMPACT-40.jpg"},{"@type":"BreadcrumbList","@id":"https:\/\/nature-et-developpement.com\/macabane-materiaux\/produit\/encastre-led-fixe-bbc-6w-gamme-compact\/#breadcrumb","itemListElement":[{"@type":"ListItem","position":1,"name":"Accueil","item":"https:\/\/nature-et-developpement.com\/macabane-materiaux\/"},{"@type":"ListItem","position":2,"name":"Boutique","item":"https:\/\/nature-et-developpement.com\/macabane-materiaux\/boutique\/"},{"@type":"ListItem","position":3,"name":"Chauffage, eau et \u00e9nergie","item":"https:\/\/nature-et-developpement.com\/macabane-materiaux\/produits\/energie-et-ventilation\/"},{"@type":"ListItem","position":4,"name":"Lampe, lumi\u00e8re, \u00e9clairage LED et puit de lumi\u00e8re","item":"https:\/\/nature-et-developpement.com\/macabane-materiaux\/produits\/energie-et-ventilation\/eclairage\/"},{"@type":"ListItem","position":5,"name":"Spot LED fixe 6W pour construction BBC gamme COMPACT"}]},{"@type":"WebSite","@id":"https:\/\/nature-et-developpement.com\/macabane-materiaux\/#website","url":"https:\/\/nature-et-developpement.com\/macabane-materiaux\/","name":"Ma Cabane mat\u00e9riaux naturels","description":"Ma Cabane est membre du groupement Nature &amp; D\u00e9veloppement","potentialAction":[{"@type":"SearchAction","target":{"@type":"EntryPoint","urlTemplate":"https:\/\/nature-et-developpement.com\/macabane-materiaux\/?s={search_term_string}"},"query-input":{"@type":"PropertyValueSpecification","valueRequired":true,"valueName":"search_term_string"}}],"inLanguage":"fr-FR"}]}},"distributor_meta":false,"distributor_terms":false,"distributor_media":false,"distributor_original_site_name":"Ma Cabane mat\u00e9riaux naturels","distributor_original_site_url":"https:\/\/nature-et-developpement.com\/macabane-materiaux","push-errors":false,"_links":{"self":[{"href":"https:\/\/nature-et-developpement.com\/macabane-materiaux\/wp-json\/wp\/v2\/product\/5009","targetHints":{"allow":["GET"]}}],"collection":[{"href":"https:\/\/nature-et-developpement.com\/macabane-materiaux\/wp-json\/wp\/v2\/product"}],"about":[{"href":"https:\/\/nature-et-developpement.com\/macabane-materiaux\/wp-json\/wp\/v2\/types\/product"}],"wp:featuredmedia":[{"embeddable":true,"href":"https:\/\/nature-et-developpement.com\/macabane-materiaux\/wp-json\/"}],"wp:attachment":[{"href":"https:\/\/nature-et-developpement.com\/macabane-materiaux\/wp-json\/wp\/v2\/media?parent=5009"}],"wp:term":[{"taxonomy":"product_brand","embeddable":true,"href":"https:\/\/nature-et-developpement.com\/macabane-materiaux\/wp-json\/wp\/v2\/product_brand?post=5009"},{"taxonomy":"product_cat","embeddable":true,"href":"https:\/\/nature-et-developpement.com\/macabane-materiaux\/wp-json\/wp\/v2\/product_cat?post=5009"},{"taxonomy":"product_tag","embeddable":true,"href":"https:\/\/nature-et-developpement.com\/macabane-materiaux\/wp-json\/wp\/v2\/product_tag?post=5009"}],"curies":[{"name":"wp","href":"https:\/\/api.w.org\/{rel}","templated":true}]}}