{"id":5026,"date":"2022-11-10T15:41:11","date_gmt":"2022-11-10T14:41:11","guid":{"rendered":"https:\/\/nature-et-developpement.com\/macabane-materiaux\/produit\/spot-salle-de-bain-encastre-kit-led-1w-canari\/"},"modified":"2026-03-06T17:48:03","modified_gmt":"2026-03-06T16:48:03","slug":"spot-salle-de-bain-encastre-kit-led-1w-canari","status":"publish","type":"product","link":"https:\/\/nature-et-developpement.com\/macabane-materiaux\/produit\/spot-salle-de-bain-encastre-kit-led-1w-canari\/","title":{"rendered":"Spot salle de bain encastr\u00e9 Kit LED 1W CANARI"},"content":{"rendered":"<h2>Spot LED salle de bain 1W<\/h2>\n<p>Le tout premier kit d&rsquo;\u00e9clairage pour les douches qui fait ses preuves en habitat comme en h\u00f4tellerie depuis de tr\u00e8s nombreuses ann\u00e9es.<\/p>\n<p>Pratique, ce kit int\u00e8gre tout ce dont vous avez besoin pour le branchement :<\/p>\n<ul>\n<li>spots led 1W<\/li>\n<li>+ convertisseur<\/li>\n<li>+ connecteurs<\/li>\n<li>+ c\u00e2ble pour les raccordements entre spots.<\/li>\n<\/ul>\n<p>L&rsquo;effet lumineux est parfait lorsque vous implantez vos spots en l\u00e8che mur (environ 5 \u00e0 8 cm du bord de la cloison).<\/p>\n<p>Un produit tr\u00e8s efficace pour toutes les douches avec des rev\u00eatement assez clairs.<\/p>\n<p>Si votre fa\u00efence est fonc\u00e9e, il faudra mieux vous orienter vers les kits douches de la gamme Cachou.<\/p>\n<p>Attention \u00e0 bien percer avec une scie-cloche de \u00d827mm, car il y a tr\u00e8s peu de recouvrement au niveau de la collerette.<\/p>\n<h3>Une petite astuce<\/h3>\n<p>Pour les rev\u00eatements compliqu\u00e9s (briquette etc&#8230;), vous pouvez pr\u00e9voir une r\u00e9servation dans votre mur avec un tuyau PVC de \u00d840mm.<\/p>\n<p>Le \u00d8 int\u00e9rieur de ce tuyau fait justement 27mm, soit le \u00d8 exact d&rsquo;encastrement du Canari.<\/p>\n<p>Le convertisseur livr\u00e9 dans ce kit douche vous permet d&rsquo;alimenter jusqu&rsquo;\u00e0 18 spots 1W en s\u00e9rie.<\/p>\n<p>Si votre douche est de grandes dimensions, nous vous conseillons d&rsquo;ajouter quelques spots pour un plus bel effet.<\/p>\n<p>L&rsquo;implantation en l\u00e8che mur n\u00e9cessite de positionner des spots tous les 40-50cm pour que l&rsquo;effet soit optimum.<\/p>\n<p>Vous retrouverez des spots tropicalis\u00e9s au d\u00e9tail (r\u00e9f\u00e9rences MN013C0TL ou MN014C0TL)<\/p>\n<p>La gamme des mini encastr\u00e9s CANARI 1W, est la toute premi\u00e8re s\u00e9rie de spot led lanc\u00e9e par FD en 2004, et ils prouvent leur fiabilit\u00e9 et leur robustesse depuis toutes ces ann\u00e9es.<\/p>\n<p>Extr\u00eamement petits et compacts, ils se logent partout, que ce soit dans des tablettes de meuble, en plafond&#8230;<\/p>\n<p>Ils sont d\u00e9clin\u00e9s en 3 versions distinctes :<\/p>\n<ol>\n<li>le balisage (pas d&rsquo;optique, pour des circulations, escaliers&#8230;)<\/li>\n<li>en diffus (optique faisceau large pour \u00e9clairer des niches)<\/li>\n<li>intensif (optique 30\u00b0 pour \u00e9clairer en l\u00e8che mur o\u00f9 dans des douches).<\/li>\n<\/ol>\n<p>Ils se pilotent en s\u00e9rie derri\u00e8re un convertisseur de courant 350mA \u00e0 choisir en fonction du nombre de spots que vous allez raccorder sur votre s\u00e9rie.<\/p>\n<p>Les spots CANARI sont fabriqu\u00e9s en France et r\u00e9parables en fin de vie.<\/p>\n","protected":false},"excerpt":{"rendered":"<p>Compatible douche<br \/>\nLe convertisseur livr\u00e9 dans ce kit douche vous permet d&rsquo;alimenter jusqu&rsquo;\u00e0 18 spots 1W en s\u00e9rie<br \/>\nExiste en\u00a03000K(blanc chaud) ou 4000K(blanc froid)<\/p>\n<p>Fabrication fran\u00e7aise<\/p>\n<p><img loading=\"lazy\" decoding=\"async\" class=\"alignnone size-full wp-image-158959\" src=\"https:\/\/nature-et-developpement.com\/wp-content\/uploads\/100-reparable-FD-Eclairage.jpg\" alt=\"\" width=\"100\" height=\"100\" \/><\/p>\n","protected":false},"featured_media":1000000158932,"template":"","meta":[],"product_brand":[144],"product_cat":[106],"product_tag":[],"class_list":{"0":"post-5026","1":"product","2":"type-product","3":"status-publish","4":"has-post-thumbnail","6":"product_brand-fd-eclairage","7":"product_cat-eclairage","8":"product_shipping_class-petit-equipement-outil-eclairage","10":"first","11":"instock","12":"taxable","13":"shipping-taxable","14":"purchasable","15":"product-type-variable"},"yoast_head":"<!-- This site is optimized with the Yoast SEO plugin v27.5 - https:\/\/yoast.com\/product\/yoast-seo-wordpress\/ -->\n<title>Spot salle de bain encastr\u00e9 Kit LED 1W CANARI - Ma Cabane mat\u00e9riaux naturels<\/title>\n<meta name=\"description\" content=\"Compatible douche Le convertisseur livr\u00e9 dans ce kit douche vous permet d&#039;alimenter jusqu&#039;\u00e0 18 spots 1W en s\u00e9rie Existe en\u00a03000K(blanc chaud) ou 4000K(blanc froid)  Fabrication fran\u00e7aise\" \/>\n<meta name=\"robots\" content=\"noindex, nofollow\" \/>\n<meta property=\"og:locale\" content=\"fr_FR\" \/>\n<meta property=\"og:type\" content=\"article\" \/>\n<meta property=\"og:title\" content=\"Spot salle de bain encastr\u00e9 Kit LED 1W CANARI - Ma Cabane mat\u00e9riaux naturels\" \/>\n<meta property=\"og:description\" content=\"Compatible douche Le convertisseur livr\u00e9 dans ce kit douche vous permet d&#039;alimenter jusqu&#039;\u00e0 18 spots 1W en s\u00e9rie Existe en\u00a03000K(blanc chaud) ou 4000K(blanc froid)  Fabrication fran\u00e7aise\" \/>\n<meta property=\"og:url\" content=\"https:\/\/nature-et-developpement.com\/macabane-materiaux\/produit\/spot-salle-de-bain-encastre-kit-led-1w-canari\/\" \/>\n<meta property=\"og:site_name\" content=\"Ma Cabane mat\u00e9riaux naturels\" \/>\n<meta property=\"article:modified_time\" content=\"2026-03-06T16:48:03+00:00\" \/>\n<meta name=\"twitter:card\" content=\"summary_large_image\" \/>\n<meta name=\"twitter:label1\" content=\"Dur\u00e9e de lecture estim\u00e9e\" \/>\n\t<meta name=\"twitter:data1\" content=\"2 minutes\" \/>\n<script type=\"application\/ld+json\" class=\"yoast-schema-graph\">{\"@context\":\"https:\\\/\\\/schema.org\",\"@graph\":[{\"@type\":\"WebPage\",\"@id\":\"https:\\\/\\\/nature-et-developpement.com\\\/macabane-materiaux\\\/produit\\\/spot-salle-de-bain-encastre-kit-led-1w-canari\\\/\",\"url\":\"https:\\\/\\\/nature-et-developpement.com\\\/macabane-materiaux\\\/produit\\\/spot-salle-de-bain-encastre-kit-led-1w-canari\\\/\",\"name\":\"Spot salle de bain encastr\u00e9 Kit LED 1W CANARI - Ma Cabane mat\u00e9riaux naturels\",\"isPartOf\":{\"@id\":\"https:\\\/\\\/nature-et-developpement.com\\\/macabane-materiaux\\\/#website\"},\"primaryImageOfPage\":{\"@id\":\"https:\\\/\\\/nature-et-developpement.com\\\/macabane-materiaux\\\/produit\\\/spot-salle-de-bain-encastre-kit-led-1w-canari\\\/#primaryimage\"},\"image\":{\"@id\":\"https:\\\/\\\/nature-et-developpement.com\\\/macabane-materiaux\\\/produit\\\/spot-salle-de-bain-encastre-kit-led-1w-canari\\\/#primaryimage\"},\"thumbnailUrl\":\"https:\\\/\\\/nature-et-developpement.com\\\/macabane-materiaux\\\/wp-content\\\/uploads\\\/Encastre-LED-1W-Kit-douche-CANARI-FD-Eclairage-ambiance.jpg\",\"datePublished\":\"2022-11-10T14:41:11+00:00\",\"dateModified\":\"2026-03-06T16:48:03+00:00\",\"description\":\"Compatible douche Le convertisseur livr\u00e9 dans ce kit douche vous permet d'alimenter jusqu'\u00e0 18 spots 1W en s\u00e9rie Existe en\u00a03000K(blanc chaud) ou 4000K(blanc froid) Fabrication fran\u00e7aise\",\"breadcrumb\":{\"@id\":\"https:\\\/\\\/nature-et-developpement.com\\\/macabane-materiaux\\\/produit\\\/spot-salle-de-bain-encastre-kit-led-1w-canari\\\/#breadcrumb\"},\"inLanguage\":\"fr-FR\",\"potentialAction\":[{\"@type\":\"ReadAction\",\"target\":[\"https:\\\/\\\/nature-et-developpement.com\\\/macabane-materiaux\\\/produit\\\/spot-salle-de-bain-encastre-kit-led-1w-canari\\\/\"]}]},{\"@type\":\"ImageObject\",\"inLanguage\":\"fr-FR\",\"@id\":\"https:\\\/\\\/nature-et-developpement.com\\\/macabane-materiaux\\\/produit\\\/spot-salle-de-bain-encastre-kit-led-1w-canari\\\/#primaryimage\",\"url\":\"https:\\\/\\\/nature-et-developpement.com\\\/macabane-materiaux\\\/wp-content\\\/uploads\\\/Encastre-LED-1W-Kit-douche-CANARI-FD-Eclairage-ambiance.jpg\",\"contentUrl\":\"https:\\\/\\\/nature-et-developpement.com\\\/macabane-materiaux\\\/wp-content\\\/uploads\\\/Encastre-LED-1W-Kit-douche-CANARI-FD-Eclairage-ambiance.jpg\"},{\"@type\":\"BreadcrumbList\",\"@id\":\"https:\\\/\\\/nature-et-developpement.com\\\/macabane-materiaux\\\/produit\\\/spot-salle-de-bain-encastre-kit-led-1w-canari\\\/#breadcrumb\",\"itemListElement\":[{\"@type\":\"ListItem\",\"position\":1,\"name\":\"Accueil\",\"item\":\"https:\\\/\\\/nature-et-developpement.com\\\/macabane-materiaux\\\/\"},{\"@type\":\"ListItem\",\"position\":2,\"name\":\"Boutique\",\"item\":\"https:\\\/\\\/nature-et-developpement.com\\\/macabane-materiaux\\\/boutique\\\/\"},{\"@type\":\"ListItem\",\"position\":3,\"name\":\"Chauffage, eau et \u00e9nergie\",\"item\":\"https:\\\/\\\/nature-et-developpement.com\\\/macabane-materiaux\\\/produits\\\/energie-et-ventilation\\\/\"},{\"@type\":\"ListItem\",\"position\":4,\"name\":\"Lampe, lumi\u00e8re, \u00e9clairage LED et puit de lumi\u00e8re\",\"item\":\"https:\\\/\\\/nature-et-developpement.com\\\/macabane-materiaux\\\/produits\\\/energie-et-ventilation\\\/eclairage\\\/\"},{\"@type\":\"ListItem\",\"position\":5,\"name\":\"Spot salle de bain encastr\u00e9 Kit LED 1W CANARI\"}]},{\"@type\":\"WebSite\",\"@id\":\"https:\\\/\\\/nature-et-developpement.com\\\/macabane-materiaux\\\/#website\",\"url\":\"https:\\\/\\\/nature-et-developpement.com\\\/macabane-materiaux\\\/\",\"name\":\"Ma Cabane mat\u00e9riaux naturels\",\"description\":\"Ma Cabane est membre du groupement Nature &amp; D\u00e9veloppement\",\"potentialAction\":[{\"@type\":\"SearchAction\",\"target\":{\"@type\":\"EntryPoint\",\"urlTemplate\":\"https:\\\/\\\/nature-et-developpement.com\\\/macabane-materiaux\\\/?s={search_term_string}\"},\"query-input\":{\"@type\":\"PropertyValueSpecification\",\"valueRequired\":true,\"valueName\":\"search_term_string\"}}],\"inLanguage\":\"fr-FR\"}]}<\/script>\n<!-- \/ Yoast SEO plugin. -->","yoast_head_json":{"title":"Spot salle de bain encastr\u00e9 Kit LED 1W CANARI - Ma Cabane mat\u00e9riaux naturels","description":"Compatible douche Le convertisseur livr\u00e9 dans ce kit douche vous permet d'alimenter jusqu'\u00e0 18 spots 1W en s\u00e9rie Existe en\u00a03000K(blanc chaud) ou 4000K(blanc froid)  Fabrication fran\u00e7aise","robots":{"index":"noindex","follow":"nofollow"},"og_locale":"fr_FR","og_type":"article","og_title":"Spot salle de bain encastr\u00e9 Kit LED 1W CANARI - Ma Cabane mat\u00e9riaux naturels","og_description":"Compatible douche Le convertisseur livr\u00e9 dans ce kit douche vous permet d'alimenter jusqu'\u00e0 18 spots 1W en s\u00e9rie Existe en\u00a03000K(blanc chaud) ou 4000K(blanc froid)  Fabrication fran\u00e7aise","og_url":"https:\/\/nature-et-developpement.com\/macabane-materiaux\/produit\/spot-salle-de-bain-encastre-kit-led-1w-canari\/","og_site_name":"Ma Cabane mat\u00e9riaux naturels","article_modified_time":"2026-03-06T16:48:03+00:00","twitter_card":"summary_large_image","twitter_misc":{"Dur\u00e9e de lecture estim\u00e9e":"2 minutes"},"schema":{"@context":"https:\/\/schema.org","@graph":[{"@type":"WebPage","@id":"https:\/\/nature-et-developpement.com\/macabane-materiaux\/produit\/spot-salle-de-bain-encastre-kit-led-1w-canari\/","url":"https:\/\/nature-et-developpement.com\/macabane-materiaux\/produit\/spot-salle-de-bain-encastre-kit-led-1w-canari\/","name":"Spot salle de bain encastr\u00e9 Kit LED 1W CANARI - Ma Cabane mat\u00e9riaux naturels","isPartOf":{"@id":"https:\/\/nature-et-developpement.com\/macabane-materiaux\/#website"},"primaryImageOfPage":{"@id":"https:\/\/nature-et-developpement.com\/macabane-materiaux\/produit\/spot-salle-de-bain-encastre-kit-led-1w-canari\/#primaryimage"},"image":{"@id":"https:\/\/nature-et-developpement.com\/macabane-materiaux\/produit\/spot-salle-de-bain-encastre-kit-led-1w-canari\/#primaryimage"},"thumbnailUrl":"https:\/\/nature-et-developpement.com\/macabane-materiaux\/wp-content\/uploads\/Encastre-LED-1W-Kit-douche-CANARI-FD-Eclairage-ambiance.jpg","datePublished":"2022-11-10T14:41:11+00:00","dateModified":"2026-03-06T16:48:03+00:00","description":"Compatible douche Le convertisseur livr\u00e9 dans ce kit douche vous permet d'alimenter jusqu'\u00e0 18 spots 1W en s\u00e9rie Existe en\u00a03000K(blanc chaud) ou 4000K(blanc froid) Fabrication fran\u00e7aise","breadcrumb":{"@id":"https:\/\/nature-et-developpement.com\/macabane-materiaux\/produit\/spot-salle-de-bain-encastre-kit-led-1w-canari\/#breadcrumb"},"inLanguage":"fr-FR","potentialAction":[{"@type":"ReadAction","target":["https:\/\/nature-et-developpement.com\/macabane-materiaux\/produit\/spot-salle-de-bain-encastre-kit-led-1w-canari\/"]}]},{"@type":"ImageObject","inLanguage":"fr-FR","@id":"https:\/\/nature-et-developpement.com\/macabane-materiaux\/produit\/spot-salle-de-bain-encastre-kit-led-1w-canari\/#primaryimage","url":"https:\/\/nature-et-developpement.com\/macabane-materiaux\/wp-content\/uploads\/Encastre-LED-1W-Kit-douche-CANARI-FD-Eclairage-ambiance.jpg","contentUrl":"https:\/\/nature-et-developpement.com\/macabane-materiaux\/wp-content\/uploads\/Encastre-LED-1W-Kit-douche-CANARI-FD-Eclairage-ambiance.jpg"},{"@type":"BreadcrumbList","@id":"https:\/\/nature-et-developpement.com\/macabane-materiaux\/produit\/spot-salle-de-bain-encastre-kit-led-1w-canari\/#breadcrumb","itemListElement":[{"@type":"ListItem","position":1,"name":"Accueil","item":"https:\/\/nature-et-developpement.com\/macabane-materiaux\/"},{"@type":"ListItem","position":2,"name":"Boutique","item":"https:\/\/nature-et-developpement.com\/macabane-materiaux\/boutique\/"},{"@type":"ListItem","position":3,"name":"Chauffage, eau et \u00e9nergie","item":"https:\/\/nature-et-developpement.com\/macabane-materiaux\/produits\/energie-et-ventilation\/"},{"@type":"ListItem","position":4,"name":"Lampe, lumi\u00e8re, \u00e9clairage LED et puit de lumi\u00e8re","item":"https:\/\/nature-et-developpement.com\/macabane-materiaux\/produits\/energie-et-ventilation\/eclairage\/"},{"@type":"ListItem","position":5,"name":"Spot salle de bain encastr\u00e9 Kit LED 1W CANARI"}]},{"@type":"WebSite","@id":"https:\/\/nature-et-developpement.com\/macabane-materiaux\/#website","url":"https:\/\/nature-et-developpement.com\/macabane-materiaux\/","name":"Ma Cabane mat\u00e9riaux naturels","description":"Ma Cabane est membre du groupement Nature &amp; D\u00e9veloppement","potentialAction":[{"@type":"SearchAction","target":{"@type":"EntryPoint","urlTemplate":"https:\/\/nature-et-developpement.com\/macabane-materiaux\/?s={search_term_string}"},"query-input":{"@type":"PropertyValueSpecification","valueRequired":true,"valueName":"search_term_string"}}],"inLanguage":"fr-FR"}]}},"distributor_meta":false,"distributor_terms":false,"distributor_media":false,"distributor_original_site_name":"Ma Cabane mat\u00e9riaux naturels","distributor_original_site_url":"https:\/\/nature-et-developpement.com\/macabane-materiaux","push-errors":false,"_links":{"self":[{"href":"https:\/\/nature-et-developpement.com\/macabane-materiaux\/wp-json\/wp\/v2\/product\/5026","targetHints":{"allow":["GET"]}}],"collection":[{"href":"https:\/\/nature-et-developpement.com\/macabane-materiaux\/wp-json\/wp\/v2\/product"}],"about":[{"href":"https:\/\/nature-et-developpement.com\/macabane-materiaux\/wp-json\/wp\/v2\/types\/product"}],"wp:featuredmedia":[{"embeddable":true,"href":"https:\/\/nature-et-developpement.com\/macabane-materiaux\/wp-json\/"}],"wp:attachment":[{"href":"https:\/\/nature-et-developpement.com\/macabane-materiaux\/wp-json\/wp\/v2\/media?parent=5026"}],"wp:term":[{"taxonomy":"product_brand","embeddable":true,"href":"https:\/\/nature-et-developpement.com\/macabane-materiaux\/wp-json\/wp\/v2\/product_brand?post=5026"},{"taxonomy":"product_cat","embeddable":true,"href":"https:\/\/nature-et-developpement.com\/macabane-materiaux\/wp-json\/wp\/v2\/product_cat?post=5026"},{"taxonomy":"product_tag","embeddable":true,"href":"https:\/\/nature-et-developpement.com\/macabane-materiaux\/wp-json\/wp\/v2\/product_tag?post=5026"}],"curies":[{"name":"wp","href":"https:\/\/api.w.org\/{rel}","templated":true}]}}