{"id":5132,"date":"2024-04-01T00:00:00","date_gmt":"2024-03-31T22:00:00","guid":{"rendered":"https:\/\/nature-et-developpement.com\/macabane-materiaux\/produit\/enduit-pour-joint-pour-plaque-fermacell\/"},"modified":"2026-03-17T11:31:40","modified_gmt":"2026-03-17T10:31:40","slug":"enduit-pour-joint-pour-plaque-fermacell","status":"publish","type":"product","link":"https:\/\/nature-et-developpement.com\/macabane-materiaux\/produit\/enduit-pour-joint-pour-plaque-fermacell\/","title":{"rendered":"Fermacell &#8211; Enduit pour joint pour plaque"},"content":{"rendered":"<h2>Enduit de rebouchage fermacell<\/h2>\n<p>2 produits pour pour un meilleur lissage de vos murs avant peinture.<\/p>\n<h3><\/h3>\n<h3><strong>Enduit pour joint fermacell<\/strong><\/h3>\n<div class=\"content-block helper-overflow-hidden\">\n<p><strong>Enduit pour joint utilis\u00e9 pour :<\/strong><\/p>\n<ul>\n<li>le jointement des plaques\u00a0fermacell fibres-gypse \u00e0 bords amincis<\/li>\n<li>reboucher les surfaces apr\u00e8s la r\u00e9alisation du joint colle\u00a0fermacell<\/li>\n<\/ul>\n<p>Conditionnement\u00a0&#8211;\u00a0sac papier de 5kg<\/p>\n<p><strong>Consommation :<\/strong><\/p>\n<ul>\n<li>0,2 kg\/m\u00b2 pour plaques petit format et plaques bords amincis<\/li>\n<li>0,1 kg\/m\u00b2 pour plaques hauteur d&rsquo;\u00e9tage<\/li>\n<\/ul>\n<p>Application :<\/p>\n<ul>\n<li>Verser environ 1 kg d&rsquo;enduit pour joint fermacell\u00a0dans environ 0,6 L d&rsquo;eau,<\/li>\n<li>Laisser reposer 2 \u00e0 5 minutes,<\/li>\n<li>Remuer de fa\u00e7on \u00e0 obtenir un m\u00e9lange sans grumaux,<\/li>\n<li>Si le m\u00e9lange est trop liquide, rajouter de l&rsquo;enduit pour joint,<\/li>\n<li>Le m\u00e9lange peut \u00eatre employ\u00e9 durant 35 minutes environ,<\/li>\n<\/ul>\n<\/div>\n<div class=\"content-block helper-overflow-hidden\">\n<h3><strong>Enduit pour joint fermacell 4 heures<\/strong><\/h3>\n<p>Pour le remplissage des joints des plaques fermacell \u00e0 bords amincis, en association avec une bande papier ou une bande arm\u00e9e pour plaque fermacell \u00e0 bords amincis.<\/p>\n<p>La composition sp\u00e9cialement mise au point de l&rsquo;enduit permet de pouvoir l&rsquo;appliquer pendant 4 heures.<\/p>\n<p><strong>Conditionnement<\/strong>\u00a0&#8211; en sac de 20 kg<\/p>\n<p><strong>Consommation :\u00a0<\/strong>&#8211;\u00a00.35 kg\/m\u00b2<\/p>\n<p><strong>Application :<\/strong><\/p>\n<ul>\n<li>Verser environ 1 kg d&rsquo;enduit pour joint fermacell 4 heures dans environ 0,42 L d&rsquo;eau,<\/li>\n<li>Laisser reposer 2 \u00e0 5 minutes,<\/li>\n<li>Remuer de fa\u00e7on \u00e0 obtenir un m\u00e9lange sans grumaux,<\/li>\n<li>Si le m\u00e9lange est trop liquide, rajouter de l&rsquo;enduit pour joint fermacell 4 heures<\/li>\n<\/ul>\n<\/div>\n","protected":false},"excerpt":{"rendered":"<p>Enduit pour joint utilis\u00e9 pour :<\/p>\n<ul>\n<li>le jointement des plaques\u00a0fermacell fibres-gypse \u00e0 bords amincis<\/li>\n<li>reboucher les surfaces apr\u00e8s la r\u00e9alisation du joint colle\u00a0fermacell<\/li>\n<\/ul>\n","protected":false},"featured_media":1000000165919,"template":"","meta":[],"product_brand":[145],"product_cat":[2342,93],"product_tag":[2951],"class_list":{"0":"post-5132","1":"product","2":"type-product","3":"status-publish","4":"has-post-thumbnail","6":"product_brand-fermacell","7":"product_cat-accessoires-construction","8":"product_cat-preparation-du-support","9":"product_tag-fermacell","10":"product_shipping_class-sac-de-25kg","12":"first","13":"instock","14":"taxable","15":"shipping-taxable","16":"purchasable","17":"product-type-variable"},"yoast_head":"<!-- This site is optimized with the Yoast SEO plugin v27.5 - https:\/\/yoast.com\/product\/yoast-seo-wordpress\/ -->\n<title>Fermacell - Enduit pour joint pour plaque - Ma Cabane mat\u00e9riaux naturels<\/title>\n<meta name=\"description\" content=\"Enduit pour joint utilis\u00e9 pour :   le jointement des plaques\u00a0fermacell fibres-gypse \u00e0 bords amincis  reboucher les surfaces apr\u00e8s la r\u00e9alisation du joint colle\u00a0fermacell\" \/>\n<meta name=\"robots\" content=\"noindex, nofollow\" \/>\n<meta property=\"og:locale\" content=\"fr_FR\" \/>\n<meta property=\"og:type\" content=\"article\" \/>\n<meta property=\"og:title\" content=\"Fermacell - Enduit pour joint pour plaque - Ma Cabane mat\u00e9riaux naturels\" \/>\n<meta property=\"og:description\" content=\"Enduit pour joint utilis\u00e9 pour :   le jointement des plaques\u00a0fermacell fibres-gypse \u00e0 bords amincis  reboucher les surfaces apr\u00e8s la r\u00e9alisation du joint colle\u00a0fermacell\" \/>\n<meta property=\"og:url\" content=\"https:\/\/nature-et-developpement.com\/macabane-materiaux\/produit\/enduit-pour-joint-pour-plaque-fermacell\/\" \/>\n<meta property=\"og:site_name\" content=\"Ma Cabane mat\u00e9riaux naturels\" \/>\n<meta property=\"article:modified_time\" content=\"2026-03-17T10:31:40+00:00\" \/>\n<meta name=\"twitter:card\" content=\"summary_large_image\" \/>\n<meta name=\"twitter:label1\" content=\"Dur\u00e9e de lecture estim\u00e9e\" \/>\n\t<meta name=\"twitter:data1\" content=\"1 minute\" \/>\n<script type=\"application\/ld+json\" class=\"yoast-schema-graph\">{\"@context\":\"https:\\\/\\\/schema.org\",\"@graph\":[{\"@type\":\"WebPage\",\"@id\":\"https:\\\/\\\/nature-et-developpement.com\\\/macabane-materiaux\\\/produit\\\/enduit-pour-joint-pour-plaque-fermacell\\\/\",\"url\":\"https:\\\/\\\/nature-et-developpement.com\\\/macabane-materiaux\\\/produit\\\/enduit-pour-joint-pour-plaque-fermacell\\\/\",\"name\":\"Fermacell - Enduit pour joint pour plaque - Ma Cabane mat\u00e9riaux naturels\",\"isPartOf\":{\"@id\":\"https:\\\/\\\/nature-et-developpement.com\\\/macabane-materiaux\\\/#website\"},\"primaryImageOfPage\":{\"@id\":\"https:\\\/\\\/nature-et-developpement.com\\\/macabane-materiaux\\\/produit\\\/enduit-pour-joint-pour-plaque-fermacell\\\/#primaryimage\"},\"image\":{\"@id\":\"https:\\\/\\\/nature-et-developpement.com\\\/macabane-materiaux\\\/produit\\\/enduit-pour-joint-pour-plaque-fermacell\\\/#primaryimage\"},\"thumbnailUrl\":\"https:\\\/\\\/nature-et-developpement.com\\\/macabane-materiaux\\\/wp-content\\\/uploads\\\/Enduit-pour-joint-fermacell-5Kg-79001.jpg\",\"datePublished\":\"2024-03-31T22:00:00+00:00\",\"dateModified\":\"2026-03-17T10:31:40+00:00\",\"description\":\"Enduit pour joint utilis\u00e9 pour : le jointement des plaques\u00a0fermacell fibres-gypse \u00e0 bords amincis reboucher les surfaces apr\u00e8s la r\u00e9alisation du joint colle\u00a0fermacell\",\"breadcrumb\":{\"@id\":\"https:\\\/\\\/nature-et-developpement.com\\\/macabane-materiaux\\\/produit\\\/enduit-pour-joint-pour-plaque-fermacell\\\/#breadcrumb\"},\"inLanguage\":\"fr-FR\",\"potentialAction\":[{\"@type\":\"ReadAction\",\"target\":[\"https:\\\/\\\/nature-et-developpement.com\\\/macabane-materiaux\\\/produit\\\/enduit-pour-joint-pour-plaque-fermacell\\\/\"]}]},{\"@type\":\"ImageObject\",\"inLanguage\":\"fr-FR\",\"@id\":\"https:\\\/\\\/nature-et-developpement.com\\\/macabane-materiaux\\\/produit\\\/enduit-pour-joint-pour-plaque-fermacell\\\/#primaryimage\",\"url\":\"https:\\\/\\\/nature-et-developpement.com\\\/macabane-materiaux\\\/wp-content\\\/uploads\\\/Enduit-pour-joint-fermacell-5Kg-79001.jpg\",\"contentUrl\":\"https:\\\/\\\/nature-et-developpement.com\\\/macabane-materiaux\\\/wp-content\\\/uploads\\\/Enduit-pour-joint-fermacell-5Kg-79001.jpg\"},{\"@type\":\"BreadcrumbList\",\"@id\":\"https:\\\/\\\/nature-et-developpement.com\\\/macabane-materiaux\\\/produit\\\/enduit-pour-joint-pour-plaque-fermacell\\\/#breadcrumb\",\"itemListElement\":[{\"@type\":\"ListItem\",\"position\":1,\"name\":\"Accueil\",\"item\":\"https:\\\/\\\/nature-et-developpement.com\\\/macabane-materiaux\\\/\"},{\"@type\":\"ListItem\",\"position\":2,\"name\":\"Boutique\",\"item\":\"https:\\\/\\\/nature-et-developpement.com\\\/macabane-materiaux\\\/boutique\\\/\"},{\"@type\":\"ListItem\",\"position\":3,\"name\":\"Construction, cloison et fen\u00eatres\",\"item\":\"https:\\\/\\\/nature-et-developpement.com\\\/macabane-materiaux\\\/produits\\\/construction\\\/\"},{\"@type\":\"ListItem\",\"position\":4,\"name\":\"Accessoires construction\",\"item\":\"https:\\\/\\\/nature-et-developpement.com\\\/macabane-materiaux\\\/produits\\\/construction\\\/accessoires-construction\\\/\"},{\"@type\":\"ListItem\",\"position\":5,\"name\":\"Fermacell &#8211; Enduit pour joint pour plaque\"}]},{\"@type\":\"WebSite\",\"@id\":\"https:\\\/\\\/nature-et-developpement.com\\\/macabane-materiaux\\\/#website\",\"url\":\"https:\\\/\\\/nature-et-developpement.com\\\/macabane-materiaux\\\/\",\"name\":\"Ma Cabane mat\u00e9riaux naturels\",\"description\":\"Ma Cabane est membre du groupement Nature &amp; D\u00e9veloppement\",\"potentialAction\":[{\"@type\":\"SearchAction\",\"target\":{\"@type\":\"EntryPoint\",\"urlTemplate\":\"https:\\\/\\\/nature-et-developpement.com\\\/macabane-materiaux\\\/?s={search_term_string}\"},\"query-input\":{\"@type\":\"PropertyValueSpecification\",\"valueRequired\":true,\"valueName\":\"search_term_string\"}}],\"inLanguage\":\"fr-FR\"}]}<\/script>\n<!-- \/ Yoast SEO plugin. -->","yoast_head_json":{"title":"Fermacell - Enduit pour joint pour plaque - Ma Cabane mat\u00e9riaux naturels","description":"Enduit pour joint utilis\u00e9 pour :   le jointement des plaques\u00a0fermacell fibres-gypse \u00e0 bords amincis  reboucher les surfaces apr\u00e8s la r\u00e9alisation du joint colle\u00a0fermacell","robots":{"index":"noindex","follow":"nofollow"},"og_locale":"fr_FR","og_type":"article","og_title":"Fermacell - Enduit pour joint pour plaque - Ma Cabane mat\u00e9riaux naturels","og_description":"Enduit pour joint utilis\u00e9 pour :   le jointement des plaques\u00a0fermacell fibres-gypse \u00e0 bords amincis  reboucher les surfaces apr\u00e8s la r\u00e9alisation du joint colle\u00a0fermacell","og_url":"https:\/\/nature-et-developpement.com\/macabane-materiaux\/produit\/enduit-pour-joint-pour-plaque-fermacell\/","og_site_name":"Ma Cabane mat\u00e9riaux naturels","article_modified_time":"2026-03-17T10:31:40+00:00","twitter_card":"summary_large_image","twitter_misc":{"Dur\u00e9e de lecture estim\u00e9e":"1 minute"},"schema":{"@context":"https:\/\/schema.org","@graph":[{"@type":"WebPage","@id":"https:\/\/nature-et-developpement.com\/macabane-materiaux\/produit\/enduit-pour-joint-pour-plaque-fermacell\/","url":"https:\/\/nature-et-developpement.com\/macabane-materiaux\/produit\/enduit-pour-joint-pour-plaque-fermacell\/","name":"Fermacell - Enduit pour joint pour plaque - Ma Cabane mat\u00e9riaux naturels","isPartOf":{"@id":"https:\/\/nature-et-developpement.com\/macabane-materiaux\/#website"},"primaryImageOfPage":{"@id":"https:\/\/nature-et-developpement.com\/macabane-materiaux\/produit\/enduit-pour-joint-pour-plaque-fermacell\/#primaryimage"},"image":{"@id":"https:\/\/nature-et-developpement.com\/macabane-materiaux\/produit\/enduit-pour-joint-pour-plaque-fermacell\/#primaryimage"},"thumbnailUrl":"https:\/\/nature-et-developpement.com\/macabane-materiaux\/wp-content\/uploads\/Enduit-pour-joint-fermacell-5Kg-79001.jpg","datePublished":"2024-03-31T22:00:00+00:00","dateModified":"2026-03-17T10:31:40+00:00","description":"Enduit pour joint utilis\u00e9 pour : le jointement des plaques\u00a0fermacell fibres-gypse \u00e0 bords amincis reboucher les surfaces apr\u00e8s la r\u00e9alisation du joint colle\u00a0fermacell","breadcrumb":{"@id":"https:\/\/nature-et-developpement.com\/macabane-materiaux\/produit\/enduit-pour-joint-pour-plaque-fermacell\/#breadcrumb"},"inLanguage":"fr-FR","potentialAction":[{"@type":"ReadAction","target":["https:\/\/nature-et-developpement.com\/macabane-materiaux\/produit\/enduit-pour-joint-pour-plaque-fermacell\/"]}]},{"@type":"ImageObject","inLanguage":"fr-FR","@id":"https:\/\/nature-et-developpement.com\/macabane-materiaux\/produit\/enduit-pour-joint-pour-plaque-fermacell\/#primaryimage","url":"https:\/\/nature-et-developpement.com\/macabane-materiaux\/wp-content\/uploads\/Enduit-pour-joint-fermacell-5Kg-79001.jpg","contentUrl":"https:\/\/nature-et-developpement.com\/macabane-materiaux\/wp-content\/uploads\/Enduit-pour-joint-fermacell-5Kg-79001.jpg"},{"@type":"BreadcrumbList","@id":"https:\/\/nature-et-developpement.com\/macabane-materiaux\/produit\/enduit-pour-joint-pour-plaque-fermacell\/#breadcrumb","itemListElement":[{"@type":"ListItem","position":1,"name":"Accueil","item":"https:\/\/nature-et-developpement.com\/macabane-materiaux\/"},{"@type":"ListItem","position":2,"name":"Boutique","item":"https:\/\/nature-et-developpement.com\/macabane-materiaux\/boutique\/"},{"@type":"ListItem","position":3,"name":"Construction, cloison et fen\u00eatres","item":"https:\/\/nature-et-developpement.com\/macabane-materiaux\/produits\/construction\/"},{"@type":"ListItem","position":4,"name":"Accessoires construction","item":"https:\/\/nature-et-developpement.com\/macabane-materiaux\/produits\/construction\/accessoires-construction\/"},{"@type":"ListItem","position":5,"name":"Fermacell &#8211; Enduit pour joint pour plaque"}]},{"@type":"WebSite","@id":"https:\/\/nature-et-developpement.com\/macabane-materiaux\/#website","url":"https:\/\/nature-et-developpement.com\/macabane-materiaux\/","name":"Ma Cabane mat\u00e9riaux naturels","description":"Ma Cabane est membre du groupement Nature &amp; D\u00e9veloppement","potentialAction":[{"@type":"SearchAction","target":{"@type":"EntryPoint","urlTemplate":"https:\/\/nature-et-developpement.com\/macabane-materiaux\/?s={search_term_string}"},"query-input":{"@type":"PropertyValueSpecification","valueRequired":true,"valueName":"search_term_string"}}],"inLanguage":"fr-FR"}]}},"distributor_meta":false,"distributor_terms":false,"distributor_media":false,"distributor_original_site_name":"Ma Cabane mat\u00e9riaux naturels","distributor_original_site_url":"https:\/\/nature-et-developpement.com\/macabane-materiaux","push-errors":false,"_links":{"self":[{"href":"https:\/\/nature-et-developpement.com\/macabane-materiaux\/wp-json\/wp\/v2\/product\/5132","targetHints":{"allow":["GET"]}}],"collection":[{"href":"https:\/\/nature-et-developpement.com\/macabane-materiaux\/wp-json\/wp\/v2\/product"}],"about":[{"href":"https:\/\/nature-et-developpement.com\/macabane-materiaux\/wp-json\/wp\/v2\/types\/product"}],"wp:featuredmedia":[{"embeddable":true,"href":"https:\/\/nature-et-developpement.com\/macabane-materiaux\/wp-json\/"}],"wp:attachment":[{"href":"https:\/\/nature-et-developpement.com\/macabane-materiaux\/wp-json\/wp\/v2\/media?parent=5132"}],"wp:term":[{"taxonomy":"product_brand","embeddable":true,"href":"https:\/\/nature-et-developpement.com\/macabane-materiaux\/wp-json\/wp\/v2\/product_brand?post=5132"},{"taxonomy":"product_cat","embeddable":true,"href":"https:\/\/nature-et-developpement.com\/macabane-materiaux\/wp-json\/wp\/v2\/product_cat?post=5132"},{"taxonomy":"product_tag","embeddable":true,"href":"https:\/\/nature-et-developpement.com\/macabane-materiaux\/wp-json\/wp\/v2\/product_tag?post=5132"}],"curies":[{"name":"wp","href":"https:\/\/api.w.org\/{rel}","templated":true}]}}