{"id":5143,"date":"2017-01-01T00:00:00","date_gmt":"2016-12-31T23:00:00","guid":{"rendered":"https:\/\/nature-et-developpement.com\/macabane-materiaux\/produit\/manchette-etancheite-fermacell\/"},"modified":"2026-03-17T12:21:18","modified_gmt":"2026-03-17T11:21:18","slug":"manchette-etancheite-fermacell","status":"publish","type":"product","link":"https:\/\/nature-et-developpement.com\/macabane-materiaux\/produit\/manchette-etancheite-fermacell\/","title":{"rendered":"Fermacell &#8211; Manchette d&rsquo;\u00e9tanch\u00e9it\u00e9"},"content":{"rendered":"<h2>\u00c9tanch\u00e9it\u00e9 fermacell conduite d&rsquo;eau<\/h2>\n<p>La manchette d\u2019\u00e9tanch\u00e9it\u00e9 est destin\u00e9e \u00e0 \u00e9tancher durablement.<\/p>\n<p>Et \u00e9viter ainsi le passage de l\u2019eau au droit des travers\u00e9es de parois par des tuyaux ou des robinetteries de douches et de baignoires.<\/p>\n<p>Dispos\u00e9e entre les plaques Fermacell et le rev\u00eatement carrel\u00e9 par marouflage dans 2 couches d\u2019\u00e9tanch\u00e9it\u00e9.<\/p>\n<p>La manchette d\u2019\u00e9tanch\u00e9it\u00e9 fait partie du syst\u00e8me complet d\u2019\u00e9tanch\u00e9it\u00e9 fermacell.<\/p>\n<h3><strong>Application <\/strong><\/h3>\n<p>1. La pr\u00e9paration du support se fait par l\u2019application de la couche de fond Fermacell et de la sous-couche de protection \u00e0 l\u2019eau fermacell.<\/p>\n<p>2. La manchette est enfil\u00e9e sur le passage de tube, puis press\u00e9e dans la sous-couche de protection \u00e0 l\u2019eau Fermacell encore fra\u00eeche.<\/p>\n<p>3. La manchette est ensuite recouverte par une deuxi\u00e8me couche de sous-couche de protection \u00e0 l\u2019eau Fermacell.<\/p>\n","protected":false},"excerpt":{"rendered":"<p>Manchette d&rsquo;\u00e9tanch\u00e9it\u00e9 \u00e9lastique pour \u00e9tancher durablement aux passages de tuyaux.<\/p>\n","protected":false},"featured_media":1000000165923,"template":"","meta":[],"product_brand":[145],"product_cat":[2342,2341],"product_tag":[],"class_list":{"0":"post-5143","1":"product","2":"type-product","3":"status-publish","4":"has-post-thumbnail","6":"product_brand-fermacell","7":"product_cat-accessoires-construction","8":"product_cat-accessoires-isolation-et-etancheite","9":"product_shipping_class-petit-equipement-outil-eclairage","11":"first","12":"instock","13":"taxable","14":"shipping-taxable","15":"purchasable","16":"product-type-simple"},"yoast_head":"<!-- This site is optimized with the Yoast SEO plugin v27.5 - https:\/\/yoast.com\/product\/yoast-seo-wordpress\/ -->\n<title>Fermacell - Manchette d&#039;\u00e9tanch\u00e9it\u00e9 - Ma Cabane mat\u00e9riaux naturels<\/title>\n<meta name=\"description\" content=\"Manchette d&#039;\u00e9tanch\u00e9it\u00e9 \u00e9lastique pour \u00e9tancher durablement aux passages de tuyaux. La manchette d\u2019\u00e9tanch\u00e9it\u00e9 Fermacell est destin\u00e9e \u00e0 \u00e9tancher durablement et \u00e9viter ainsi le passage de l\u2019eau au droit des travers\u00e9es de parois par des tuyaux ou des robinetteries de douches et de baignoires.\" \/>\n<meta name=\"robots\" content=\"noindex, nofollow\" \/>\n<meta property=\"og:locale\" content=\"fr_FR\" \/>\n<meta property=\"og:type\" content=\"article\" \/>\n<meta property=\"og:title\" content=\"Fermacell - Manchette d&#039;\u00e9tanch\u00e9it\u00e9 - Ma Cabane mat\u00e9riaux naturels\" \/>\n<meta property=\"og:description\" content=\"Manchette d&#039;\u00e9tanch\u00e9it\u00e9 \u00e9lastique pour \u00e9tancher durablement aux passages de tuyaux. La manchette d\u2019\u00e9tanch\u00e9it\u00e9 Fermacell est destin\u00e9e \u00e0 \u00e9tancher durablement et \u00e9viter ainsi le passage de l\u2019eau au droit des travers\u00e9es de parois par des tuyaux ou des robinetteries de douches et de baignoires.\" \/>\n<meta property=\"og:url\" content=\"https:\/\/nature-et-developpement.com\/macabane-materiaux\/produit\/manchette-etancheite-fermacell\/\" \/>\n<meta property=\"og:site_name\" content=\"Ma Cabane mat\u00e9riaux naturels\" \/>\n<meta property=\"article:modified_time\" content=\"2026-03-17T11:21:18+00:00\" \/>\n<meta name=\"twitter:card\" content=\"summary_large_image\" \/>\n<meta name=\"twitter:label1\" content=\"Dur\u00e9e de lecture estim\u00e9e\" \/>\n\t<meta name=\"twitter:data1\" content=\"1 minute\" \/>\n<script type=\"application\/ld+json\" class=\"yoast-schema-graph\">{\"@context\":\"https:\\\/\\\/schema.org\",\"@graph\":[{\"@type\":\"WebPage\",\"@id\":\"https:\\\/\\\/nature-et-developpement.com\\\/macabane-materiaux\\\/produit\\\/manchette-etancheite-fermacell\\\/\",\"url\":\"https:\\\/\\\/nature-et-developpement.com\\\/macabane-materiaux\\\/produit\\\/manchette-etancheite-fermacell\\\/\",\"name\":\"Fermacell - Manchette d'\u00e9tanch\u00e9it\u00e9 - Ma Cabane mat\u00e9riaux naturels\",\"isPartOf\":{\"@id\":\"https:\\\/\\\/nature-et-developpement.com\\\/macabane-materiaux\\\/#website\"},\"primaryImageOfPage\":{\"@id\":\"https:\\\/\\\/nature-et-developpement.com\\\/macabane-materiaux\\\/produit\\\/manchette-etancheite-fermacell\\\/#primaryimage\"},\"image\":{\"@id\":\"https:\\\/\\\/nature-et-developpement.com\\\/macabane-materiaux\\\/produit\\\/manchette-etancheite-fermacell\\\/#primaryimage\"},\"thumbnailUrl\":\"https:\\\/\\\/nature-et-developpement.com\\\/macabane-materiaux\\\/wp-content\\\/uploads\\\/Manchette-detancheite-2-pieces-par-paquet-fermacell-79068.jpg\",\"datePublished\":\"2016-12-31T23:00:00+00:00\",\"dateModified\":\"2026-03-17T11:21:18+00:00\",\"description\":\"Manchette d'\u00e9tanch\u00e9it\u00e9 \u00e9lastique pour \u00e9tancher durablement aux passages de tuyaux. La manchette d\u2019\u00e9tanch\u00e9it\u00e9 Fermacell est destin\u00e9e \u00e0 \u00e9tancher durablement et \u00e9viter ainsi le passage de l\u2019eau au droit des travers\u00e9es de parois par des tuyaux ou des robinetteries de douches et de baignoires.\",\"breadcrumb\":{\"@id\":\"https:\\\/\\\/nature-et-developpement.com\\\/macabane-materiaux\\\/produit\\\/manchette-etancheite-fermacell\\\/#breadcrumb\"},\"inLanguage\":\"fr-FR\",\"potentialAction\":[{\"@type\":\"ReadAction\",\"target\":[\"https:\\\/\\\/nature-et-developpement.com\\\/macabane-materiaux\\\/produit\\\/manchette-etancheite-fermacell\\\/\"]}]},{\"@type\":\"ImageObject\",\"inLanguage\":\"fr-FR\",\"@id\":\"https:\\\/\\\/nature-et-developpement.com\\\/macabane-materiaux\\\/produit\\\/manchette-etancheite-fermacell\\\/#primaryimage\",\"url\":\"https:\\\/\\\/nature-et-developpement.com\\\/macabane-materiaux\\\/wp-content\\\/uploads\\\/Manchette-detancheite-2-pieces-par-paquet-fermacell-79068.jpg\",\"contentUrl\":\"https:\\\/\\\/nature-et-developpement.com\\\/macabane-materiaux\\\/wp-content\\\/uploads\\\/Manchette-detancheite-2-pieces-par-paquet-fermacell-79068.jpg\"},{\"@type\":\"BreadcrumbList\",\"@id\":\"https:\\\/\\\/nature-et-developpement.com\\\/macabane-materiaux\\\/produit\\\/manchette-etancheite-fermacell\\\/#breadcrumb\",\"itemListElement\":[{\"@type\":\"ListItem\",\"position\":1,\"name\":\"Accueil\",\"item\":\"https:\\\/\\\/nature-et-developpement.com\\\/macabane-materiaux\\\/\"},{\"@type\":\"ListItem\",\"position\":2,\"name\":\"Boutique\",\"item\":\"https:\\\/\\\/nature-et-developpement.com\\\/macabane-materiaux\\\/boutique\\\/\"},{\"@type\":\"ListItem\",\"position\":3,\"name\":\"Construction, cloison et fen\u00eatres\",\"item\":\"https:\\\/\\\/nature-et-developpement.com\\\/macabane-materiaux\\\/produits\\\/construction\\\/\"},{\"@type\":\"ListItem\",\"position\":4,\"name\":\"Accessoires construction\",\"item\":\"https:\\\/\\\/nature-et-developpement.com\\\/macabane-materiaux\\\/produits\\\/construction\\\/accessoires-construction\\\/\"},{\"@type\":\"ListItem\",\"position\":5,\"name\":\"Fermacell &#8211; Manchette d&rsquo;\u00e9tanch\u00e9it\u00e9\"}]},{\"@type\":\"WebSite\",\"@id\":\"https:\\\/\\\/nature-et-developpement.com\\\/macabane-materiaux\\\/#website\",\"url\":\"https:\\\/\\\/nature-et-developpement.com\\\/macabane-materiaux\\\/\",\"name\":\"Ma Cabane mat\u00e9riaux naturels\",\"description\":\"Ma Cabane est membre du groupement Nature &amp; D\u00e9veloppement\",\"potentialAction\":[{\"@type\":\"SearchAction\",\"target\":{\"@type\":\"EntryPoint\",\"urlTemplate\":\"https:\\\/\\\/nature-et-developpement.com\\\/macabane-materiaux\\\/?s={search_term_string}\"},\"query-input\":{\"@type\":\"PropertyValueSpecification\",\"valueRequired\":true,\"valueName\":\"search_term_string\"}}],\"inLanguage\":\"fr-FR\"}]}<\/script>\n<!-- \/ Yoast SEO plugin. -->","yoast_head_json":{"title":"Fermacell - Manchette d'\u00e9tanch\u00e9it\u00e9 - Ma Cabane mat\u00e9riaux naturels","description":"Manchette d'\u00e9tanch\u00e9it\u00e9 \u00e9lastique pour \u00e9tancher durablement aux passages de tuyaux. La manchette d\u2019\u00e9tanch\u00e9it\u00e9 Fermacell est destin\u00e9e \u00e0 \u00e9tancher durablement et \u00e9viter ainsi le passage de l\u2019eau au droit des travers\u00e9es de parois par des tuyaux ou des robinetteries de douches et de baignoires.","robots":{"index":"noindex","follow":"nofollow"},"og_locale":"fr_FR","og_type":"article","og_title":"Fermacell - Manchette d'\u00e9tanch\u00e9it\u00e9 - Ma Cabane mat\u00e9riaux naturels","og_description":"Manchette d'\u00e9tanch\u00e9it\u00e9 \u00e9lastique pour \u00e9tancher durablement aux passages de tuyaux. La manchette d\u2019\u00e9tanch\u00e9it\u00e9 Fermacell est destin\u00e9e \u00e0 \u00e9tancher durablement et \u00e9viter ainsi le passage de l\u2019eau au droit des travers\u00e9es de parois par des tuyaux ou des robinetteries de douches et de baignoires.","og_url":"https:\/\/nature-et-developpement.com\/macabane-materiaux\/produit\/manchette-etancheite-fermacell\/","og_site_name":"Ma Cabane mat\u00e9riaux naturels","article_modified_time":"2026-03-17T11:21:18+00:00","twitter_card":"summary_large_image","twitter_misc":{"Dur\u00e9e de lecture estim\u00e9e":"1 minute"},"schema":{"@context":"https:\/\/schema.org","@graph":[{"@type":"WebPage","@id":"https:\/\/nature-et-developpement.com\/macabane-materiaux\/produit\/manchette-etancheite-fermacell\/","url":"https:\/\/nature-et-developpement.com\/macabane-materiaux\/produit\/manchette-etancheite-fermacell\/","name":"Fermacell - Manchette d'\u00e9tanch\u00e9it\u00e9 - Ma Cabane mat\u00e9riaux naturels","isPartOf":{"@id":"https:\/\/nature-et-developpement.com\/macabane-materiaux\/#website"},"primaryImageOfPage":{"@id":"https:\/\/nature-et-developpement.com\/macabane-materiaux\/produit\/manchette-etancheite-fermacell\/#primaryimage"},"image":{"@id":"https:\/\/nature-et-developpement.com\/macabane-materiaux\/produit\/manchette-etancheite-fermacell\/#primaryimage"},"thumbnailUrl":"https:\/\/nature-et-developpement.com\/macabane-materiaux\/wp-content\/uploads\/Manchette-detancheite-2-pieces-par-paquet-fermacell-79068.jpg","datePublished":"2016-12-31T23:00:00+00:00","dateModified":"2026-03-17T11:21:18+00:00","description":"Manchette d'\u00e9tanch\u00e9it\u00e9 \u00e9lastique pour \u00e9tancher durablement aux passages de tuyaux. La manchette d\u2019\u00e9tanch\u00e9it\u00e9 Fermacell est destin\u00e9e \u00e0 \u00e9tancher durablement et \u00e9viter ainsi le passage de l\u2019eau au droit des travers\u00e9es de parois par des tuyaux ou des robinetteries de douches et de baignoires.","breadcrumb":{"@id":"https:\/\/nature-et-developpement.com\/macabane-materiaux\/produit\/manchette-etancheite-fermacell\/#breadcrumb"},"inLanguage":"fr-FR","potentialAction":[{"@type":"ReadAction","target":["https:\/\/nature-et-developpement.com\/macabane-materiaux\/produit\/manchette-etancheite-fermacell\/"]}]},{"@type":"ImageObject","inLanguage":"fr-FR","@id":"https:\/\/nature-et-developpement.com\/macabane-materiaux\/produit\/manchette-etancheite-fermacell\/#primaryimage","url":"https:\/\/nature-et-developpement.com\/macabane-materiaux\/wp-content\/uploads\/Manchette-detancheite-2-pieces-par-paquet-fermacell-79068.jpg","contentUrl":"https:\/\/nature-et-developpement.com\/macabane-materiaux\/wp-content\/uploads\/Manchette-detancheite-2-pieces-par-paquet-fermacell-79068.jpg"},{"@type":"BreadcrumbList","@id":"https:\/\/nature-et-developpement.com\/macabane-materiaux\/produit\/manchette-etancheite-fermacell\/#breadcrumb","itemListElement":[{"@type":"ListItem","position":1,"name":"Accueil","item":"https:\/\/nature-et-developpement.com\/macabane-materiaux\/"},{"@type":"ListItem","position":2,"name":"Boutique","item":"https:\/\/nature-et-developpement.com\/macabane-materiaux\/boutique\/"},{"@type":"ListItem","position":3,"name":"Construction, cloison et fen\u00eatres","item":"https:\/\/nature-et-developpement.com\/macabane-materiaux\/produits\/construction\/"},{"@type":"ListItem","position":4,"name":"Accessoires construction","item":"https:\/\/nature-et-developpement.com\/macabane-materiaux\/produits\/construction\/accessoires-construction\/"},{"@type":"ListItem","position":5,"name":"Fermacell &#8211; Manchette d&rsquo;\u00e9tanch\u00e9it\u00e9"}]},{"@type":"WebSite","@id":"https:\/\/nature-et-developpement.com\/macabane-materiaux\/#website","url":"https:\/\/nature-et-developpement.com\/macabane-materiaux\/","name":"Ma Cabane mat\u00e9riaux naturels","description":"Ma Cabane est membre du groupement Nature &amp; D\u00e9veloppement","potentialAction":[{"@type":"SearchAction","target":{"@type":"EntryPoint","urlTemplate":"https:\/\/nature-et-developpement.com\/macabane-materiaux\/?s={search_term_string}"},"query-input":{"@type":"PropertyValueSpecification","valueRequired":true,"valueName":"search_term_string"}}],"inLanguage":"fr-FR"}]}},"distributor_meta":false,"distributor_terms":false,"distributor_media":false,"distributor_original_site_name":"Ma Cabane mat\u00e9riaux naturels","distributor_original_site_url":"https:\/\/nature-et-developpement.com\/macabane-materiaux","push-errors":false,"_links":{"self":[{"href":"https:\/\/nature-et-developpement.com\/macabane-materiaux\/wp-json\/wp\/v2\/product\/5143","targetHints":{"allow":["GET"]}}],"collection":[{"href":"https:\/\/nature-et-developpement.com\/macabane-materiaux\/wp-json\/wp\/v2\/product"}],"about":[{"href":"https:\/\/nature-et-developpement.com\/macabane-materiaux\/wp-json\/wp\/v2\/types\/product"}],"wp:featuredmedia":[{"embeddable":true,"href":"https:\/\/nature-et-developpement.com\/macabane-materiaux\/wp-json\/"}],"wp:attachment":[{"href":"https:\/\/nature-et-developpement.com\/macabane-materiaux\/wp-json\/wp\/v2\/media?parent=5143"}],"wp:term":[{"taxonomy":"product_brand","embeddable":true,"href":"https:\/\/nature-et-developpement.com\/macabane-materiaux\/wp-json\/wp\/v2\/product_brand?post=5143"},{"taxonomy":"product_cat","embeddable":true,"href":"https:\/\/nature-et-developpement.com\/macabane-materiaux\/wp-json\/wp\/v2\/product_cat?post=5143"},{"taxonomy":"product_tag","embeddable":true,"href":"https:\/\/nature-et-developpement.com\/macabane-materiaux\/wp-json\/wp\/v2\/product_tag?post=5143"}],"curies":[{"name":"wp","href":"https:\/\/api.w.org\/{rel}","templated":true}]}}