{"id":5160,"date":"2023-06-08T09:47:41","date_gmt":"2023-06-08T07:47:41","guid":{"rendered":"https:\/\/nature-et-developpement.com\/macabane-materiaux\/produit\/vis-de-fixation-noire-n30-pour-acoustic-sense-de-meiter\/"},"modified":"2026-03-27T02:16:14","modified_gmt":"2026-03-27T01:16:14","slug":"vis-de-fixation-noire-n30-pour-acoustic-sense-de-meiter","status":"publish","type":"product","link":"https:\/\/nature-et-developpement.com\/macabane-materiaux\/produit\/vis-de-fixation-noire-n30-pour-acoustic-sense-de-meiter\/","title":{"rendered":"Vis de fixation noire N\u00b030 pour Acoustic Sense de Meister"},"content":{"rendered":"<p>Pour une fixation discr\u00e8te et s\u00fbre des lambris Acoustic Sense.<\/p>\n<p>1 paquet de 50 pi\u00e8ces (suffisante pour deux panneaux acoustiques &#8211; env. 1,72 m\u00b2)<\/p>\n","protected":false},"excerpt":{"rendered":"<p>Pour une fixation discr\u00e8te et s\u00fbre des lambris Acoustic Sense.<\/p>\n<p>1 paquet de 50 vis (suffisante pour deux panneaux acoustiques &#8211; env. 1,72 m\u00b2)<\/p>\n","protected":false},"featured_media":1000000171373,"template":"","meta":[],"product_brand":[3079],"product_cat":[2344,118],"product_tag":[],"class_list":{"0":"post-5160","1":"product","2":"type-product","3":"status-publish","4":"has-post-thumbnail","6":"product_brand-meister-accessoire","7":"product_cat-accessoires-agencement-interieur","8":"product_cat-visserie","9":"product_shipping_class-petit-equipement-outil-eclairage","11":"first","12":"instock","13":"taxable","14":"shipping-taxable","15":"purchasable","16":"product-type-simple"},"yoast_head":"<!-- This site is optimized with the Yoast SEO plugin v27.5 - https:\/\/yoast.com\/product\/yoast-seo-wordpress\/ -->\n<title>Vis de fixation noire N\u00b030 pour Acoustic Sense de Meister - Ma Cabane mat\u00e9riaux naturels<\/title>\n<meta name=\"description\" content=\"Pour une fixation discr\u00e8te et s\u00fbre des lambris Acoustic Sense.  1 paquet de 50 vis (suffisante pour deux panneaux acoustiques - env. 1,72 m\u00b2)\" \/>\n<meta name=\"robots\" content=\"noindex, nofollow\" \/>\n<meta property=\"og:locale\" content=\"fr_FR\" \/>\n<meta property=\"og:type\" content=\"article\" \/>\n<meta property=\"og:title\" content=\"Vis de fixation noire N\u00b030 pour Acoustic Sense de Meister - Ma Cabane mat\u00e9riaux naturels\" \/>\n<meta property=\"og:description\" content=\"Pour une fixation discr\u00e8te et s\u00fbre des lambris Acoustic Sense.  1 paquet de 50 vis (suffisante pour deux panneaux acoustiques - env. 1,72 m\u00b2)\" \/>\n<meta property=\"og:url\" content=\"https:\/\/nature-et-developpement.com\/macabane-materiaux\/produit\/vis-de-fixation-noire-n30-pour-acoustic-sense-de-meiter\/\" \/>\n<meta property=\"og:site_name\" content=\"Ma Cabane mat\u00e9riaux naturels\" \/>\n<meta property=\"article:modified_time\" content=\"2026-03-27T01:16:14+00:00\" \/>\n<meta name=\"twitter:card\" content=\"summary_large_image\" \/>\n<script type=\"application\/ld+json\" class=\"yoast-schema-graph\">{\"@context\":\"https:\\\/\\\/schema.org\",\"@graph\":[{\"@type\":\"WebPage\",\"@id\":\"https:\\\/\\\/nature-et-developpement.com\\\/macabane-materiaux\\\/produit\\\/vis-de-fixation-noire-n30-pour-acoustic-sense-de-meiter\\\/\",\"url\":\"https:\\\/\\\/nature-et-developpement.com\\\/macabane-materiaux\\\/produit\\\/vis-de-fixation-noire-n30-pour-acoustic-sense-de-meiter\\\/\",\"name\":\"Vis de fixation noire N\u00b030 pour Acoustic Sense de Meister - Ma Cabane mat\u00e9riaux naturels\",\"isPartOf\":{\"@id\":\"https:\\\/\\\/nature-et-developpement.com\\\/macabane-materiaux\\\/#website\"},\"primaryImageOfPage\":{\"@id\":\"https:\\\/\\\/nature-et-developpement.com\\\/macabane-materiaux\\\/produit\\\/vis-de-fixation-noire-n30-pour-acoustic-sense-de-meiter\\\/#primaryimage\"},\"image\":{\"@id\":\"https:\\\/\\\/nature-et-developpement.com\\\/macabane-materiaux\\\/produit\\\/vis-de-fixation-noire-n30-pour-acoustic-sense-de-meiter\\\/#primaryimage\"},\"thumbnailUrl\":\"https:\\\/\\\/nature-et-developpement.com\\\/macabane-materiaux\\\/wp-content\\\/uploads\\\/Vis-de-fixation-noire-N\u00b030-901075000.jpg\",\"datePublished\":\"2023-06-08T07:47:41+00:00\",\"dateModified\":\"2026-03-27T01:16:14+00:00\",\"description\":\"Pour une fixation discr\u00e8te et s\u00fbre des lambris Acoustic Sense. 1 paquet de 50 vis (suffisante pour deux panneaux acoustiques - env. 1,72 m\u00b2)\",\"breadcrumb\":{\"@id\":\"https:\\\/\\\/nature-et-developpement.com\\\/macabane-materiaux\\\/produit\\\/vis-de-fixation-noire-n30-pour-acoustic-sense-de-meiter\\\/#breadcrumb\"},\"inLanguage\":\"fr-FR\",\"potentialAction\":[{\"@type\":\"ReadAction\",\"target\":[\"https:\\\/\\\/nature-et-developpement.com\\\/macabane-materiaux\\\/produit\\\/vis-de-fixation-noire-n30-pour-acoustic-sense-de-meiter\\\/\"]}]},{\"@type\":\"ImageObject\",\"inLanguage\":\"fr-FR\",\"@id\":\"https:\\\/\\\/nature-et-developpement.com\\\/macabane-materiaux\\\/produit\\\/vis-de-fixation-noire-n30-pour-acoustic-sense-de-meiter\\\/#primaryimage\",\"url\":\"https:\\\/\\\/nature-et-developpement.com\\\/macabane-materiaux\\\/wp-content\\\/uploads\\\/Vis-de-fixation-noire-N\u00b030-901075000.jpg\",\"contentUrl\":\"https:\\\/\\\/nature-et-developpement.com\\\/macabane-materiaux\\\/wp-content\\\/uploads\\\/Vis-de-fixation-noire-N\u00b030-901075000.jpg\"},{\"@type\":\"BreadcrumbList\",\"@id\":\"https:\\\/\\\/nature-et-developpement.com\\\/macabane-materiaux\\\/produit\\\/vis-de-fixation-noire-n30-pour-acoustic-sense-de-meiter\\\/#breadcrumb\",\"itemListElement\":[{\"@type\":\"ListItem\",\"position\":1,\"name\":\"Accueil\",\"item\":\"https:\\\/\\\/nature-et-developpement.com\\\/macabane-materiaux\\\/\"},{\"@type\":\"ListItem\",\"position\":2,\"name\":\"Boutique\",\"item\":\"https:\\\/\\\/nature-et-developpement.com\\\/macabane-materiaux\\\/boutique\\\/\"},{\"@type\":\"ListItem\",\"position\":3,\"name\":\"Agencement int\u00e9rieur\",\"item\":\"https:\\\/\\\/nature-et-developpement.com\\\/macabane-materiaux\\\/produits\\\/agencement-interieur\\\/\"},{\"@type\":\"ListItem\",\"position\":4,\"name\":\"Accessoires agencement int\u00e9rieur\",\"item\":\"https:\\\/\\\/nature-et-developpement.com\\\/macabane-materiaux\\\/produits\\\/agencement-interieur\\\/accessoires-agencement-interieur\\\/\"},{\"@type\":\"ListItem\",\"position\":5,\"name\":\"Vis de fixation noire N\u00b030 pour Acoustic Sense de Meister\"}]},{\"@type\":\"WebSite\",\"@id\":\"https:\\\/\\\/nature-et-developpement.com\\\/macabane-materiaux\\\/#website\",\"url\":\"https:\\\/\\\/nature-et-developpement.com\\\/macabane-materiaux\\\/\",\"name\":\"Ma Cabane mat\u00e9riaux naturels\",\"description\":\"Ma Cabane est membre du groupement Nature &amp; D\u00e9veloppement\",\"potentialAction\":[{\"@type\":\"SearchAction\",\"target\":{\"@type\":\"EntryPoint\",\"urlTemplate\":\"https:\\\/\\\/nature-et-developpement.com\\\/macabane-materiaux\\\/?s={search_term_string}\"},\"query-input\":{\"@type\":\"PropertyValueSpecification\",\"valueRequired\":true,\"valueName\":\"search_term_string\"}}],\"inLanguage\":\"fr-FR\"}]}<\/script>\n<!-- \/ Yoast SEO plugin. -->","yoast_head_json":{"title":"Vis de fixation noire N\u00b030 pour Acoustic Sense de Meister - Ma Cabane mat\u00e9riaux naturels","description":"Pour une fixation discr\u00e8te et s\u00fbre des lambris Acoustic Sense.  1 paquet de 50 vis (suffisante pour deux panneaux acoustiques - env. 1,72 m\u00b2)","robots":{"index":"noindex","follow":"nofollow"},"og_locale":"fr_FR","og_type":"article","og_title":"Vis de fixation noire N\u00b030 pour Acoustic Sense de Meister - Ma Cabane mat\u00e9riaux naturels","og_description":"Pour une fixation discr\u00e8te et s\u00fbre des lambris Acoustic Sense.  1 paquet de 50 vis (suffisante pour deux panneaux acoustiques - env. 1,72 m\u00b2)","og_url":"https:\/\/nature-et-developpement.com\/macabane-materiaux\/produit\/vis-de-fixation-noire-n30-pour-acoustic-sense-de-meiter\/","og_site_name":"Ma Cabane mat\u00e9riaux naturels","article_modified_time":"2026-03-27T01:16:14+00:00","twitter_card":"summary_large_image","schema":{"@context":"https:\/\/schema.org","@graph":[{"@type":"WebPage","@id":"https:\/\/nature-et-developpement.com\/macabane-materiaux\/produit\/vis-de-fixation-noire-n30-pour-acoustic-sense-de-meiter\/","url":"https:\/\/nature-et-developpement.com\/macabane-materiaux\/produit\/vis-de-fixation-noire-n30-pour-acoustic-sense-de-meiter\/","name":"Vis de fixation noire N\u00b030 pour Acoustic Sense de Meister - Ma Cabane mat\u00e9riaux naturels","isPartOf":{"@id":"https:\/\/nature-et-developpement.com\/macabane-materiaux\/#website"},"primaryImageOfPage":{"@id":"https:\/\/nature-et-developpement.com\/macabane-materiaux\/produit\/vis-de-fixation-noire-n30-pour-acoustic-sense-de-meiter\/#primaryimage"},"image":{"@id":"https:\/\/nature-et-developpement.com\/macabane-materiaux\/produit\/vis-de-fixation-noire-n30-pour-acoustic-sense-de-meiter\/#primaryimage"},"thumbnailUrl":"https:\/\/nature-et-developpement.com\/macabane-materiaux\/wp-content\/uploads\/Vis-de-fixation-noire-N\u00b030-901075000.jpg","datePublished":"2023-06-08T07:47:41+00:00","dateModified":"2026-03-27T01:16:14+00:00","description":"Pour une fixation discr\u00e8te et s\u00fbre des lambris Acoustic Sense. 1 paquet de 50 vis (suffisante pour deux panneaux acoustiques - env. 1,72 m\u00b2)","breadcrumb":{"@id":"https:\/\/nature-et-developpement.com\/macabane-materiaux\/produit\/vis-de-fixation-noire-n30-pour-acoustic-sense-de-meiter\/#breadcrumb"},"inLanguage":"fr-FR","potentialAction":[{"@type":"ReadAction","target":["https:\/\/nature-et-developpement.com\/macabane-materiaux\/produit\/vis-de-fixation-noire-n30-pour-acoustic-sense-de-meiter\/"]}]},{"@type":"ImageObject","inLanguage":"fr-FR","@id":"https:\/\/nature-et-developpement.com\/macabane-materiaux\/produit\/vis-de-fixation-noire-n30-pour-acoustic-sense-de-meiter\/#primaryimage","url":"https:\/\/nature-et-developpement.com\/macabane-materiaux\/wp-content\/uploads\/Vis-de-fixation-noire-N\u00b030-901075000.jpg","contentUrl":"https:\/\/nature-et-developpement.com\/macabane-materiaux\/wp-content\/uploads\/Vis-de-fixation-noire-N\u00b030-901075000.jpg"},{"@type":"BreadcrumbList","@id":"https:\/\/nature-et-developpement.com\/macabane-materiaux\/produit\/vis-de-fixation-noire-n30-pour-acoustic-sense-de-meiter\/#breadcrumb","itemListElement":[{"@type":"ListItem","position":1,"name":"Accueil","item":"https:\/\/nature-et-developpement.com\/macabane-materiaux\/"},{"@type":"ListItem","position":2,"name":"Boutique","item":"https:\/\/nature-et-developpement.com\/macabane-materiaux\/boutique\/"},{"@type":"ListItem","position":3,"name":"Agencement int\u00e9rieur","item":"https:\/\/nature-et-developpement.com\/macabane-materiaux\/produits\/agencement-interieur\/"},{"@type":"ListItem","position":4,"name":"Accessoires agencement int\u00e9rieur","item":"https:\/\/nature-et-developpement.com\/macabane-materiaux\/produits\/agencement-interieur\/accessoires-agencement-interieur\/"},{"@type":"ListItem","position":5,"name":"Vis de fixation noire N\u00b030 pour Acoustic Sense de Meister"}]},{"@type":"WebSite","@id":"https:\/\/nature-et-developpement.com\/macabane-materiaux\/#website","url":"https:\/\/nature-et-developpement.com\/macabane-materiaux\/","name":"Ma Cabane mat\u00e9riaux naturels","description":"Ma Cabane est membre du groupement Nature &amp; D\u00e9veloppement","potentialAction":[{"@type":"SearchAction","target":{"@type":"EntryPoint","urlTemplate":"https:\/\/nature-et-developpement.com\/macabane-materiaux\/?s={search_term_string}"},"query-input":{"@type":"PropertyValueSpecification","valueRequired":true,"valueName":"search_term_string"}}],"inLanguage":"fr-FR"}]}},"distributor_meta":false,"distributor_terms":false,"distributor_media":false,"distributor_original_site_name":"Ma Cabane mat\u00e9riaux naturels","distributor_original_site_url":"https:\/\/nature-et-developpement.com\/macabane-materiaux","push-errors":false,"_links":{"self":[{"href":"https:\/\/nature-et-developpement.com\/macabane-materiaux\/wp-json\/wp\/v2\/product\/5160","targetHints":{"allow":["GET"]}}],"collection":[{"href":"https:\/\/nature-et-developpement.com\/macabane-materiaux\/wp-json\/wp\/v2\/product"}],"about":[{"href":"https:\/\/nature-et-developpement.com\/macabane-materiaux\/wp-json\/wp\/v2\/types\/product"}],"wp:featuredmedia":[{"embeddable":true,"href":"https:\/\/nature-et-developpement.com\/macabane-materiaux\/wp-json\/"}],"wp:attachment":[{"href":"https:\/\/nature-et-developpement.com\/macabane-materiaux\/wp-json\/wp\/v2\/media?parent=5160"}],"wp:term":[{"taxonomy":"product_brand","embeddable":true,"href":"https:\/\/nature-et-developpement.com\/macabane-materiaux\/wp-json\/wp\/v2\/product_brand?post=5160"},{"taxonomy":"product_cat","embeddable":true,"href":"https:\/\/nature-et-developpement.com\/macabane-materiaux\/wp-json\/wp\/v2\/product_cat?post=5160"},{"taxonomy":"product_tag","embeddable":true,"href":"https:\/\/nature-et-developpement.com\/macabane-materiaux\/wp-json\/wp\/v2\/product_tag?post=5160"}],"curies":[{"name":"wp","href":"https:\/\/api.w.org\/{rel}","templated":true}]}}