{"id":5232,"date":"2020-04-22T15:01:42","date_gmt":"2020-04-22T13:01:42","guid":{"rendered":"https:\/\/nature-et-developpement.com\/macabane-materiaux\/produit\/plinthe-profile-3-pk-meister\/"},"modified":"2026-03-26T16:46:59","modified_gmt":"2026-03-26T15:46:59","slug":"plinthe-profile-3-pk-meister","status":"publish","type":"product","link":"https:\/\/nature-et-developpement.com\/macabane-materiaux\/produit\/plinthe-profile-3-pk-meister\/","title":{"rendered":"Plinthe &#8211; Profil\u00e9 3 PK MEISTER"},"content":{"rendered":"","protected":false},"excerpt":{"rendered":"<p>Plinthe MEISTER avec feuille d\u00e9cor de surface de qualit\u00e9 sup\u00e9rieure, blanche, pr\u00eate \u00e0 peindre ou encore assortie \u00e0 votre sol. C\u0153ur MDF E1 haute qualit\u00e9.<br \/>\nProfil 60x20mm, avec partie verticale l\u00e9g\u00e8rement inclin\u00e9e et angle l\u00e9g\u00e8rement arrondi.<br \/>\nMontage avec\u00a0clip de fixation, ou\u00a0collage avec\u00a0colle de montage<\/p>\n<p>Longueur 2,38m<\/p>\n","protected":false},"featured_media":1000000134320,"template":"","meta":[],"product_brand":[3079],"product_cat":[102],"product_tag":[],"class_list":{"0":"post-5232","1":"product","2":"type-product","3":"status-publish","4":"has-post-thumbnail","6":"product_brand-meister-accessoire","7":"product_cat-plinthes-et-accessoires","8":"product_shipping_class-petit-equipement-outil-eclairage","10":"first","11":"instock","12":"taxable","13":"shipping-taxable","14":"purchasable","15":"product-type-variable"},"yoast_head":"<!-- This site is optimized with the Yoast SEO plugin v27.5 - https:\/\/yoast.com\/product\/yoast-seo-wordpress\/ -->\n<title>Plinthe - Profil\u00e9 3 PK MEISTER - Ma Cabane mat\u00e9riaux naturels<\/title>\n<meta name=\"description\" content=\"Plinthe MEISTER avec feuille d\u00e9cor de surface de qualit\u00e9 sup\u00e9rieure, blanche, pr\u00eate \u00e0 peindre ou encore assortie \u00e0 votre sol. C\u0153ur MDF E1 haute qualit\u00e9. Profil 60x20mm, avec partie verticale l\u00e9g\u00e8rement inclin\u00e9e et angle l\u00e9g\u00e8rement arrondi. Montage avec\u00a0clip de fixation, ou\u00a0collage avec\u00a0colle de montage  Longueur 2,38m\" \/>\n<meta name=\"robots\" content=\"noindex, nofollow\" \/>\n<meta property=\"og:locale\" content=\"fr_FR\" \/>\n<meta property=\"og:type\" content=\"article\" \/>\n<meta property=\"og:title\" content=\"Plinthe - Profil\u00e9 3 PK MEISTER - Ma Cabane mat\u00e9riaux naturels\" \/>\n<meta property=\"og:description\" content=\"Plinthe MEISTER avec feuille d\u00e9cor de surface de qualit\u00e9 sup\u00e9rieure, blanche, pr\u00eate \u00e0 peindre ou encore assortie \u00e0 votre sol. C\u0153ur MDF E1 haute qualit\u00e9. Profil 60x20mm, avec partie verticale l\u00e9g\u00e8rement inclin\u00e9e et angle l\u00e9g\u00e8rement arrondi. Montage avec\u00a0clip de fixation, ou\u00a0collage avec\u00a0colle de montage  Longueur 2,38m\" \/>\n<meta property=\"og:url\" content=\"https:\/\/nature-et-developpement.com\/macabane-materiaux\/produit\/plinthe-profile-3-pk-meister\/\" \/>\n<meta property=\"og:site_name\" content=\"Ma Cabane mat\u00e9riaux naturels\" \/>\n<meta property=\"article:modified_time\" content=\"2026-03-26T15:46:59+00:00\" \/>\n<meta name=\"twitter:card\" content=\"summary_large_image\" \/>\n<script type=\"application\/ld+json\" class=\"yoast-schema-graph\">{\"@context\":\"https:\\\/\\\/schema.org\",\"@graph\":[{\"@type\":\"WebPage\",\"@id\":\"https:\\\/\\\/nature-et-developpement.com\\\/macabane-materiaux\\\/produit\\\/plinthe-profile-3-pk-meister\\\/\",\"url\":\"https:\\\/\\\/nature-et-developpement.com\\\/macabane-materiaux\\\/produit\\\/plinthe-profile-3-pk-meister\\\/\",\"name\":\"Plinthe - Profil\u00e9 3 PK MEISTER - Ma Cabane mat\u00e9riaux naturels\",\"isPartOf\":{\"@id\":\"https:\\\/\\\/nature-et-developpement.com\\\/macabane-materiaux\\\/#website\"},\"primaryImageOfPage\":{\"@id\":\"https:\\\/\\\/nature-et-developpement.com\\\/macabane-materiaux\\\/produit\\\/plinthe-profile-3-pk-meister\\\/#primaryimage\"},\"image\":{\"@id\":\"https:\\\/\\\/nature-et-developpement.com\\\/macabane-materiaux\\\/produit\\\/plinthe-profile-3-pk-meister\\\/#primaryimage\"},\"thumbnailUrl\":\"https:\\\/\\\/nature-et-developpement.com\\\/macabane-materiaux\\\/wp-content\\\/uploads\\\/27672-Plinthe-Profile-3-PK-MEISTER.jpg\",\"datePublished\":\"2020-04-22T13:01:42+00:00\",\"dateModified\":\"2026-03-26T15:46:59+00:00\",\"description\":\"Plinthe MEISTER avec feuille d\u00e9cor de surface de qualit\u00e9 sup\u00e9rieure, blanche, pr\u00eate \u00e0 peindre ou encore assortie \u00e0 votre sol. C\u0153ur MDF E1 haute qualit\u00e9. Profil 60x20mm, avec partie verticale l\u00e9g\u00e8rement inclin\u00e9e et angle l\u00e9g\u00e8rement arrondi. Montage avec\u00a0clip de fixation, ou\u00a0collage avec\u00a0colle de montage Longueur 2,38m\",\"breadcrumb\":{\"@id\":\"https:\\\/\\\/nature-et-developpement.com\\\/macabane-materiaux\\\/produit\\\/plinthe-profile-3-pk-meister\\\/#breadcrumb\"},\"inLanguage\":\"fr-FR\",\"potentialAction\":[{\"@type\":\"ReadAction\",\"target\":[\"https:\\\/\\\/nature-et-developpement.com\\\/macabane-materiaux\\\/produit\\\/plinthe-profile-3-pk-meister\\\/\"]}]},{\"@type\":\"ImageObject\",\"inLanguage\":\"fr-FR\",\"@id\":\"https:\\\/\\\/nature-et-developpement.com\\\/macabane-materiaux\\\/produit\\\/plinthe-profile-3-pk-meister\\\/#primaryimage\",\"url\":\"https:\\\/\\\/nature-et-developpement.com\\\/macabane-materiaux\\\/wp-content\\\/uploads\\\/27672-Plinthe-Profile-3-PK-MEISTER.jpg\",\"contentUrl\":\"https:\\\/\\\/nature-et-developpement.com\\\/macabane-materiaux\\\/wp-content\\\/uploads\\\/27672-Plinthe-Profile-3-PK-MEISTER.jpg\"},{\"@type\":\"BreadcrumbList\",\"@id\":\"https:\\\/\\\/nature-et-developpement.com\\\/macabane-materiaux\\\/produit\\\/plinthe-profile-3-pk-meister\\\/#breadcrumb\",\"itemListElement\":[{\"@type\":\"ListItem\",\"position\":1,\"name\":\"Accueil\",\"item\":\"https:\\\/\\\/nature-et-developpement.com\\\/macabane-materiaux\\\/\"},{\"@type\":\"ListItem\",\"position\":2,\"name\":\"Boutique\",\"item\":\"https:\\\/\\\/nature-et-developpement.com\\\/macabane-materiaux\\\/boutique\\\/\"},{\"@type\":\"ListItem\",\"position\":3,\"name\":\"Parquets bois, stratifi\u00e9s et li\u00e8ge\",\"item\":\"https:\\\/\\\/nature-et-developpement.com\\\/macabane-materiaux\\\/produits\\\/parquet-et-sol-naturels\\\/\"},{\"@type\":\"ListItem\",\"position\":4,\"name\":\"Plinthes et accessoires\",\"item\":\"https:\\\/\\\/nature-et-developpement.com\\\/macabane-materiaux\\\/produits\\\/parquet-et-sol-naturels\\\/plinthes-et-accessoires\\\/\"},{\"@type\":\"ListItem\",\"position\":5,\"name\":\"Plinthe &#8211; Profil\u00e9 3 PK MEISTER\"}]},{\"@type\":\"WebSite\",\"@id\":\"https:\\\/\\\/nature-et-developpement.com\\\/macabane-materiaux\\\/#website\",\"url\":\"https:\\\/\\\/nature-et-developpement.com\\\/macabane-materiaux\\\/\",\"name\":\"Ma Cabane mat\u00e9riaux naturels\",\"description\":\"Ma Cabane est membre du groupement Nature &amp; D\u00e9veloppement\",\"potentialAction\":[{\"@type\":\"SearchAction\",\"target\":{\"@type\":\"EntryPoint\",\"urlTemplate\":\"https:\\\/\\\/nature-et-developpement.com\\\/macabane-materiaux\\\/?s={search_term_string}\"},\"query-input\":{\"@type\":\"PropertyValueSpecification\",\"valueRequired\":true,\"valueName\":\"search_term_string\"}}],\"inLanguage\":\"fr-FR\"}]}<\/script>\n<!-- \/ Yoast SEO plugin. -->","yoast_head_json":{"title":"Plinthe - Profil\u00e9 3 PK MEISTER - Ma Cabane mat\u00e9riaux naturels","description":"Plinthe MEISTER avec feuille d\u00e9cor de surface de qualit\u00e9 sup\u00e9rieure, blanche, pr\u00eate \u00e0 peindre ou encore assortie \u00e0 votre sol. C\u0153ur MDF E1 haute qualit\u00e9. Profil 60x20mm, avec partie verticale l\u00e9g\u00e8rement inclin\u00e9e et angle l\u00e9g\u00e8rement arrondi. Montage avec\u00a0clip de fixation, ou\u00a0collage avec\u00a0colle de montage  Longueur 2,38m","robots":{"index":"noindex","follow":"nofollow"},"og_locale":"fr_FR","og_type":"article","og_title":"Plinthe - Profil\u00e9 3 PK MEISTER - Ma Cabane mat\u00e9riaux naturels","og_description":"Plinthe MEISTER avec feuille d\u00e9cor de surface de qualit\u00e9 sup\u00e9rieure, blanche, pr\u00eate \u00e0 peindre ou encore assortie \u00e0 votre sol. C\u0153ur MDF E1 haute qualit\u00e9. Profil 60x20mm, avec partie verticale l\u00e9g\u00e8rement inclin\u00e9e et angle l\u00e9g\u00e8rement arrondi. Montage avec\u00a0clip de fixation, ou\u00a0collage avec\u00a0colle de montage  Longueur 2,38m","og_url":"https:\/\/nature-et-developpement.com\/macabane-materiaux\/produit\/plinthe-profile-3-pk-meister\/","og_site_name":"Ma Cabane mat\u00e9riaux naturels","article_modified_time":"2026-03-26T15:46:59+00:00","twitter_card":"summary_large_image","schema":{"@context":"https:\/\/schema.org","@graph":[{"@type":"WebPage","@id":"https:\/\/nature-et-developpement.com\/macabane-materiaux\/produit\/plinthe-profile-3-pk-meister\/","url":"https:\/\/nature-et-developpement.com\/macabane-materiaux\/produit\/plinthe-profile-3-pk-meister\/","name":"Plinthe - Profil\u00e9 3 PK MEISTER - Ma Cabane mat\u00e9riaux naturels","isPartOf":{"@id":"https:\/\/nature-et-developpement.com\/macabane-materiaux\/#website"},"primaryImageOfPage":{"@id":"https:\/\/nature-et-developpement.com\/macabane-materiaux\/produit\/plinthe-profile-3-pk-meister\/#primaryimage"},"image":{"@id":"https:\/\/nature-et-developpement.com\/macabane-materiaux\/produit\/plinthe-profile-3-pk-meister\/#primaryimage"},"thumbnailUrl":"https:\/\/nature-et-developpement.com\/macabane-materiaux\/wp-content\/uploads\/27672-Plinthe-Profile-3-PK-MEISTER.jpg","datePublished":"2020-04-22T13:01:42+00:00","dateModified":"2026-03-26T15:46:59+00:00","description":"Plinthe MEISTER avec feuille d\u00e9cor de surface de qualit\u00e9 sup\u00e9rieure, blanche, pr\u00eate \u00e0 peindre ou encore assortie \u00e0 votre sol. C\u0153ur MDF E1 haute qualit\u00e9. Profil 60x20mm, avec partie verticale l\u00e9g\u00e8rement inclin\u00e9e et angle l\u00e9g\u00e8rement arrondi. Montage avec\u00a0clip de fixation, ou\u00a0collage avec\u00a0colle de montage Longueur 2,38m","breadcrumb":{"@id":"https:\/\/nature-et-developpement.com\/macabane-materiaux\/produit\/plinthe-profile-3-pk-meister\/#breadcrumb"},"inLanguage":"fr-FR","potentialAction":[{"@type":"ReadAction","target":["https:\/\/nature-et-developpement.com\/macabane-materiaux\/produit\/plinthe-profile-3-pk-meister\/"]}]},{"@type":"ImageObject","inLanguage":"fr-FR","@id":"https:\/\/nature-et-developpement.com\/macabane-materiaux\/produit\/plinthe-profile-3-pk-meister\/#primaryimage","url":"https:\/\/nature-et-developpement.com\/macabane-materiaux\/wp-content\/uploads\/27672-Plinthe-Profile-3-PK-MEISTER.jpg","contentUrl":"https:\/\/nature-et-developpement.com\/macabane-materiaux\/wp-content\/uploads\/27672-Plinthe-Profile-3-PK-MEISTER.jpg"},{"@type":"BreadcrumbList","@id":"https:\/\/nature-et-developpement.com\/macabane-materiaux\/produit\/plinthe-profile-3-pk-meister\/#breadcrumb","itemListElement":[{"@type":"ListItem","position":1,"name":"Accueil","item":"https:\/\/nature-et-developpement.com\/macabane-materiaux\/"},{"@type":"ListItem","position":2,"name":"Boutique","item":"https:\/\/nature-et-developpement.com\/macabane-materiaux\/boutique\/"},{"@type":"ListItem","position":3,"name":"Parquets bois, stratifi\u00e9s et li\u00e8ge","item":"https:\/\/nature-et-developpement.com\/macabane-materiaux\/produits\/parquet-et-sol-naturels\/"},{"@type":"ListItem","position":4,"name":"Plinthes et accessoires","item":"https:\/\/nature-et-developpement.com\/macabane-materiaux\/produits\/parquet-et-sol-naturels\/plinthes-et-accessoires\/"},{"@type":"ListItem","position":5,"name":"Plinthe &#8211; Profil\u00e9 3 PK MEISTER"}]},{"@type":"WebSite","@id":"https:\/\/nature-et-developpement.com\/macabane-materiaux\/#website","url":"https:\/\/nature-et-developpement.com\/macabane-materiaux\/","name":"Ma Cabane mat\u00e9riaux naturels","description":"Ma Cabane est membre du groupement Nature &amp; D\u00e9veloppement","potentialAction":[{"@type":"SearchAction","target":{"@type":"EntryPoint","urlTemplate":"https:\/\/nature-et-developpement.com\/macabane-materiaux\/?s={search_term_string}"},"query-input":{"@type":"PropertyValueSpecification","valueRequired":true,"valueName":"search_term_string"}}],"inLanguage":"fr-FR"}]}},"distributor_meta":false,"distributor_terms":false,"distributor_media":false,"distributor_original_site_name":"Ma Cabane mat\u00e9riaux naturels","distributor_original_site_url":"https:\/\/nature-et-developpement.com\/macabane-materiaux","push-errors":false,"_links":{"self":[{"href":"https:\/\/nature-et-developpement.com\/macabane-materiaux\/wp-json\/wp\/v2\/product\/5232","targetHints":{"allow":["GET"]}}],"collection":[{"href":"https:\/\/nature-et-developpement.com\/macabane-materiaux\/wp-json\/wp\/v2\/product"}],"about":[{"href":"https:\/\/nature-et-developpement.com\/macabane-materiaux\/wp-json\/wp\/v2\/types\/product"}],"wp:featuredmedia":[{"embeddable":true,"href":"https:\/\/nature-et-developpement.com\/macabane-materiaux\/wp-json\/"}],"wp:attachment":[{"href":"https:\/\/nature-et-developpement.com\/macabane-materiaux\/wp-json\/wp\/v2\/media?parent=5232"}],"wp:term":[{"taxonomy":"product_brand","embeddable":true,"href":"https:\/\/nature-et-developpement.com\/macabane-materiaux\/wp-json\/wp\/v2\/product_brand?post=5232"},{"taxonomy":"product_cat","embeddable":true,"href":"https:\/\/nature-et-developpement.com\/macabane-materiaux\/wp-json\/wp\/v2\/product_cat?post=5232"},{"taxonomy":"product_tag","embeddable":true,"href":"https:\/\/nature-et-developpement.com\/macabane-materiaux\/wp-json\/wp\/v2\/product_tag?post=5232"}],"curies":[{"name":"wp","href":"https:\/\/api.w.org\/{rel}","templated":true}]}}