{"id":5352,"date":"2021-03-28T16:48:33","date_gmt":"2021-03-28T14:48:33","guid":{"rendered":"https:\/\/nature-et-developpement.com\/macabane-materiaux\/produit\/barre-finition-pour-baie-vitree-profile-de-finition-modele-201-meister\/"},"modified":"2026-03-26T18:16:48","modified_gmt":"2026-03-26T17:16:48","slug":"barre-finition-pour-baie-vitree-profile-de-finition-modele-201-meister","status":"publish","type":"product","link":"https:\/\/nature-et-developpement.com\/macabane-materiaux\/produit\/barre-finition-pour-baie-vitree-profile-de-finition-modele-201-meister\/","title":{"rendered":"Barre finition pour baie vitr\u00e9e Profil\u00e9 de finition Mod\u00e8le 201 MEISTER"},"content":{"rendered":"","protected":false},"excerpt":{"rendered":"<p>Pour une finition parfaite des seuils, carrelages et dallages attenants sur\u00e9lev\u00e9s, portes de terrasse, fen\u00eatres au ras du sol ou autres sur\u00e9l\u00e9vations.<br \/>\nCompatible avec les parquets, sols Lindura, sols design MeisterDesign. comfort, sols design Tecara et sols stratifi\u00e9s de MEISTER.<\/p>\n<p>En aluminium.<\/p>\n","protected":false},"featured_media":1000000134449,"template":"","meta":[],"product_brand":[3079],"product_cat":[102],"product_tag":[],"class_list":{"0":"post-5352","1":"product","2":"type-product","3":"status-publish","4":"has-post-thumbnail","6":"product_brand-meister-accessoire","7":"product_cat-plinthes-et-accessoires","8":"product_shipping_class-petit-equipement-outil-eclairage","10":"first","11":"instock","12":"taxable","13":"shipping-taxable","14":"purchasable","15":"product-type-variable"},"yoast_head":"<!-- This site is optimized with the Yoast SEO plugin v27.5 - https:\/\/yoast.com\/product\/yoast-seo-wordpress\/ -->\n<title>Barre finition pour baie vitr\u00e9e Profil\u00e9 de finition Mod\u00e8le 201 MEISTER - Ma Cabane mat\u00e9riaux naturels<\/title>\n<meta name=\"description\" content=\"Pour une finition parfaite des seuils, carrelages et dallages attenants sur\u00e9lev\u00e9s, portes de terrasse, fen\u00eatres au ras du sol ou autres sur\u00e9l\u00e9vations. Compatible avec les parquets, sols Lindura, sols design MeisterDesign. comfort, sols design Tecara et sols stratifi\u00e9s de MEISTER.  En aluminium.\" \/>\n<meta name=\"robots\" content=\"noindex, nofollow\" \/>\n<meta property=\"og:locale\" content=\"fr_FR\" \/>\n<meta property=\"og:type\" content=\"article\" \/>\n<meta property=\"og:title\" content=\"Barre finition pour baie vitr\u00e9e Profil\u00e9 de finition Mod\u00e8le 201 MEISTER - Ma Cabane mat\u00e9riaux naturels\" \/>\n<meta property=\"og:description\" content=\"Pour une finition parfaite des seuils, carrelages et dallages attenants sur\u00e9lev\u00e9s, portes de terrasse, fen\u00eatres au ras du sol ou autres sur\u00e9l\u00e9vations. Compatible avec les parquets, sols Lindura, sols design MeisterDesign. comfort, sols design Tecara et sols stratifi\u00e9s de MEISTER.  En aluminium.\" \/>\n<meta property=\"og:url\" content=\"https:\/\/nature-et-developpement.com\/macabane-materiaux\/produit\/barre-finition-pour-baie-vitree-profile-de-finition-modele-201-meister\/\" \/>\n<meta property=\"og:site_name\" content=\"Ma Cabane mat\u00e9riaux naturels\" \/>\n<meta property=\"article:modified_time\" content=\"2026-03-26T17:16:48+00:00\" \/>\n<meta name=\"twitter:card\" content=\"summary_large_image\" \/>\n<script type=\"application\/ld+json\" class=\"yoast-schema-graph\">{\"@context\":\"https:\\\/\\\/schema.org\",\"@graph\":[{\"@type\":\"WebPage\",\"@id\":\"https:\\\/\\\/nature-et-developpement.com\\\/macabane-materiaux\\\/produit\\\/barre-finition-pour-baie-vitree-profile-de-finition-modele-201-meister\\\/\",\"url\":\"https:\\\/\\\/nature-et-developpement.com\\\/macabane-materiaux\\\/produit\\\/barre-finition-pour-baie-vitree-profile-de-finition-modele-201-meister\\\/\",\"name\":\"Barre finition pour baie vitr\u00e9e Profil\u00e9 de finition Mod\u00e8le 201 MEISTER - Ma Cabane mat\u00e9riaux naturels\",\"isPartOf\":{\"@id\":\"https:\\\/\\\/nature-et-developpement.com\\\/macabane-materiaux\\\/#website\"},\"primaryImageOfPage\":{\"@id\":\"https:\\\/\\\/nature-et-developpement.com\\\/macabane-materiaux\\\/produit\\\/barre-finition-pour-baie-vitree-profile-de-finition-modele-201-meister\\\/#primaryimage\"},\"image\":{\"@id\":\"https:\\\/\\\/nature-et-developpement.com\\\/macabane-materiaux\\\/produit\\\/barre-finition-pour-baie-vitree-profile-de-finition-modele-201-meister\\\/#primaryimage\"},\"thumbnailUrl\":\"https:\\\/\\\/nature-et-developpement.com\\\/macabane-materiaux\\\/wp-content\\\/uploads\\\/27713-Barre-finition-pour-baie-vitree-Profile-de-finition-Modele-201-MEISTER.jpg\",\"datePublished\":\"2021-03-28T14:48:33+00:00\",\"dateModified\":\"2026-03-26T17:16:48+00:00\",\"description\":\"Pour une finition parfaite des seuils, carrelages et dallages attenants sur\u00e9lev\u00e9s, portes de terrasse, fen\u00eatres au ras du sol ou autres sur\u00e9l\u00e9vations. Compatible avec les parquets, sols Lindura, sols design MeisterDesign. comfort, sols design Tecara et sols stratifi\u00e9s de MEISTER. En aluminium.\",\"breadcrumb\":{\"@id\":\"https:\\\/\\\/nature-et-developpement.com\\\/macabane-materiaux\\\/produit\\\/barre-finition-pour-baie-vitree-profile-de-finition-modele-201-meister\\\/#breadcrumb\"},\"inLanguage\":\"fr-FR\",\"potentialAction\":[{\"@type\":\"ReadAction\",\"target\":[\"https:\\\/\\\/nature-et-developpement.com\\\/macabane-materiaux\\\/produit\\\/barre-finition-pour-baie-vitree-profile-de-finition-modele-201-meister\\\/\"]}]},{\"@type\":\"ImageObject\",\"inLanguage\":\"fr-FR\",\"@id\":\"https:\\\/\\\/nature-et-developpement.com\\\/macabane-materiaux\\\/produit\\\/barre-finition-pour-baie-vitree-profile-de-finition-modele-201-meister\\\/#primaryimage\",\"url\":\"https:\\\/\\\/nature-et-developpement.com\\\/macabane-materiaux\\\/wp-content\\\/uploads\\\/27713-Barre-finition-pour-baie-vitree-Profile-de-finition-Modele-201-MEISTER.jpg\",\"contentUrl\":\"https:\\\/\\\/nature-et-developpement.com\\\/macabane-materiaux\\\/wp-content\\\/uploads\\\/27713-Barre-finition-pour-baie-vitree-Profile-de-finition-Modele-201-MEISTER.jpg\"},{\"@type\":\"BreadcrumbList\",\"@id\":\"https:\\\/\\\/nature-et-developpement.com\\\/macabane-materiaux\\\/produit\\\/barre-finition-pour-baie-vitree-profile-de-finition-modele-201-meister\\\/#breadcrumb\",\"itemListElement\":[{\"@type\":\"ListItem\",\"position\":1,\"name\":\"Accueil\",\"item\":\"https:\\\/\\\/nature-et-developpement.com\\\/macabane-materiaux\\\/\"},{\"@type\":\"ListItem\",\"position\":2,\"name\":\"Boutique\",\"item\":\"https:\\\/\\\/nature-et-developpement.com\\\/macabane-materiaux\\\/boutique\\\/\"},{\"@type\":\"ListItem\",\"position\":3,\"name\":\"Parquets bois, stratifi\u00e9s et li\u00e8ge\",\"item\":\"https:\\\/\\\/nature-et-developpement.com\\\/macabane-materiaux\\\/produits\\\/parquet-et-sol-naturels\\\/\"},{\"@type\":\"ListItem\",\"position\":4,\"name\":\"Plinthes et accessoires\",\"item\":\"https:\\\/\\\/nature-et-developpement.com\\\/macabane-materiaux\\\/produits\\\/parquet-et-sol-naturels\\\/plinthes-et-accessoires\\\/\"},{\"@type\":\"ListItem\",\"position\":5,\"name\":\"Barre finition pour baie vitr\u00e9e Profil\u00e9 de finition Mod\u00e8le 201 MEISTER\"}]},{\"@type\":\"WebSite\",\"@id\":\"https:\\\/\\\/nature-et-developpement.com\\\/macabane-materiaux\\\/#website\",\"url\":\"https:\\\/\\\/nature-et-developpement.com\\\/macabane-materiaux\\\/\",\"name\":\"Ma Cabane mat\u00e9riaux naturels\",\"description\":\"Ma Cabane est membre du groupement Nature &amp; D\u00e9veloppement\",\"potentialAction\":[{\"@type\":\"SearchAction\",\"target\":{\"@type\":\"EntryPoint\",\"urlTemplate\":\"https:\\\/\\\/nature-et-developpement.com\\\/macabane-materiaux\\\/?s={search_term_string}\"},\"query-input\":{\"@type\":\"PropertyValueSpecification\",\"valueRequired\":true,\"valueName\":\"search_term_string\"}}],\"inLanguage\":\"fr-FR\"}]}<\/script>\n<!-- \/ Yoast SEO plugin. -->","yoast_head_json":{"title":"Barre finition pour baie vitr\u00e9e Profil\u00e9 de finition Mod\u00e8le 201 MEISTER - Ma Cabane mat\u00e9riaux naturels","description":"Pour une finition parfaite des seuils, carrelages et dallages attenants sur\u00e9lev\u00e9s, portes de terrasse, fen\u00eatres au ras du sol ou autres sur\u00e9l\u00e9vations. Compatible avec les parquets, sols Lindura, sols design MeisterDesign. comfort, sols design Tecara et sols stratifi\u00e9s de MEISTER.  En aluminium.","robots":{"index":"noindex","follow":"nofollow"},"og_locale":"fr_FR","og_type":"article","og_title":"Barre finition pour baie vitr\u00e9e Profil\u00e9 de finition Mod\u00e8le 201 MEISTER - Ma Cabane mat\u00e9riaux naturels","og_description":"Pour une finition parfaite des seuils, carrelages et dallages attenants sur\u00e9lev\u00e9s, portes de terrasse, fen\u00eatres au ras du sol ou autres sur\u00e9l\u00e9vations. Compatible avec les parquets, sols Lindura, sols design MeisterDesign. comfort, sols design Tecara et sols stratifi\u00e9s de MEISTER.  En aluminium.","og_url":"https:\/\/nature-et-developpement.com\/macabane-materiaux\/produit\/barre-finition-pour-baie-vitree-profile-de-finition-modele-201-meister\/","og_site_name":"Ma Cabane mat\u00e9riaux naturels","article_modified_time":"2026-03-26T17:16:48+00:00","twitter_card":"summary_large_image","schema":{"@context":"https:\/\/schema.org","@graph":[{"@type":"WebPage","@id":"https:\/\/nature-et-developpement.com\/macabane-materiaux\/produit\/barre-finition-pour-baie-vitree-profile-de-finition-modele-201-meister\/","url":"https:\/\/nature-et-developpement.com\/macabane-materiaux\/produit\/barre-finition-pour-baie-vitree-profile-de-finition-modele-201-meister\/","name":"Barre finition pour baie vitr\u00e9e Profil\u00e9 de finition Mod\u00e8le 201 MEISTER - Ma Cabane mat\u00e9riaux naturels","isPartOf":{"@id":"https:\/\/nature-et-developpement.com\/macabane-materiaux\/#website"},"primaryImageOfPage":{"@id":"https:\/\/nature-et-developpement.com\/macabane-materiaux\/produit\/barre-finition-pour-baie-vitree-profile-de-finition-modele-201-meister\/#primaryimage"},"image":{"@id":"https:\/\/nature-et-developpement.com\/macabane-materiaux\/produit\/barre-finition-pour-baie-vitree-profile-de-finition-modele-201-meister\/#primaryimage"},"thumbnailUrl":"https:\/\/nature-et-developpement.com\/macabane-materiaux\/wp-content\/uploads\/27713-Barre-finition-pour-baie-vitree-Profile-de-finition-Modele-201-MEISTER.jpg","datePublished":"2021-03-28T14:48:33+00:00","dateModified":"2026-03-26T17:16:48+00:00","description":"Pour une finition parfaite des seuils, carrelages et dallages attenants sur\u00e9lev\u00e9s, portes de terrasse, fen\u00eatres au ras du sol ou autres sur\u00e9l\u00e9vations. Compatible avec les parquets, sols Lindura, sols design MeisterDesign. comfort, sols design Tecara et sols stratifi\u00e9s de MEISTER. En aluminium.","breadcrumb":{"@id":"https:\/\/nature-et-developpement.com\/macabane-materiaux\/produit\/barre-finition-pour-baie-vitree-profile-de-finition-modele-201-meister\/#breadcrumb"},"inLanguage":"fr-FR","potentialAction":[{"@type":"ReadAction","target":["https:\/\/nature-et-developpement.com\/macabane-materiaux\/produit\/barre-finition-pour-baie-vitree-profile-de-finition-modele-201-meister\/"]}]},{"@type":"ImageObject","inLanguage":"fr-FR","@id":"https:\/\/nature-et-developpement.com\/macabane-materiaux\/produit\/barre-finition-pour-baie-vitree-profile-de-finition-modele-201-meister\/#primaryimage","url":"https:\/\/nature-et-developpement.com\/macabane-materiaux\/wp-content\/uploads\/27713-Barre-finition-pour-baie-vitree-Profile-de-finition-Modele-201-MEISTER.jpg","contentUrl":"https:\/\/nature-et-developpement.com\/macabane-materiaux\/wp-content\/uploads\/27713-Barre-finition-pour-baie-vitree-Profile-de-finition-Modele-201-MEISTER.jpg"},{"@type":"BreadcrumbList","@id":"https:\/\/nature-et-developpement.com\/macabane-materiaux\/produit\/barre-finition-pour-baie-vitree-profile-de-finition-modele-201-meister\/#breadcrumb","itemListElement":[{"@type":"ListItem","position":1,"name":"Accueil","item":"https:\/\/nature-et-developpement.com\/macabane-materiaux\/"},{"@type":"ListItem","position":2,"name":"Boutique","item":"https:\/\/nature-et-developpement.com\/macabane-materiaux\/boutique\/"},{"@type":"ListItem","position":3,"name":"Parquets bois, stratifi\u00e9s et li\u00e8ge","item":"https:\/\/nature-et-developpement.com\/macabane-materiaux\/produits\/parquet-et-sol-naturels\/"},{"@type":"ListItem","position":4,"name":"Plinthes et accessoires","item":"https:\/\/nature-et-developpement.com\/macabane-materiaux\/produits\/parquet-et-sol-naturels\/plinthes-et-accessoires\/"},{"@type":"ListItem","position":5,"name":"Barre finition pour baie vitr\u00e9e Profil\u00e9 de finition Mod\u00e8le 201 MEISTER"}]},{"@type":"WebSite","@id":"https:\/\/nature-et-developpement.com\/macabane-materiaux\/#website","url":"https:\/\/nature-et-developpement.com\/macabane-materiaux\/","name":"Ma Cabane mat\u00e9riaux naturels","description":"Ma Cabane est membre du groupement Nature &amp; D\u00e9veloppement","potentialAction":[{"@type":"SearchAction","target":{"@type":"EntryPoint","urlTemplate":"https:\/\/nature-et-developpement.com\/macabane-materiaux\/?s={search_term_string}"},"query-input":{"@type":"PropertyValueSpecification","valueRequired":true,"valueName":"search_term_string"}}],"inLanguage":"fr-FR"}]}},"distributor_meta":false,"distributor_terms":false,"distributor_media":false,"distributor_original_site_name":"Ma Cabane mat\u00e9riaux naturels","distributor_original_site_url":"https:\/\/nature-et-developpement.com\/macabane-materiaux","push-errors":false,"_links":{"self":[{"href":"https:\/\/nature-et-developpement.com\/macabane-materiaux\/wp-json\/wp\/v2\/product\/5352","targetHints":{"allow":["GET"]}}],"collection":[{"href":"https:\/\/nature-et-developpement.com\/macabane-materiaux\/wp-json\/wp\/v2\/product"}],"about":[{"href":"https:\/\/nature-et-developpement.com\/macabane-materiaux\/wp-json\/wp\/v2\/types\/product"}],"wp:featuredmedia":[{"embeddable":true,"href":"https:\/\/nature-et-developpement.com\/macabane-materiaux\/wp-json\/"}],"wp:attachment":[{"href":"https:\/\/nature-et-developpement.com\/macabane-materiaux\/wp-json\/wp\/v2\/media?parent=5352"}],"wp:term":[{"taxonomy":"product_brand","embeddable":true,"href":"https:\/\/nature-et-developpement.com\/macabane-materiaux\/wp-json\/wp\/v2\/product_brand?post=5352"},{"taxonomy":"product_cat","embeddable":true,"href":"https:\/\/nature-et-developpement.com\/macabane-materiaux\/wp-json\/wp\/v2\/product_cat?post=5352"},{"taxonomy":"product_tag","embeddable":true,"href":"https:\/\/nature-et-developpement.com\/macabane-materiaux\/wp-json\/wp\/v2\/product_tag?post=5352"}],"curies":[{"name":"wp","href":"https:\/\/api.w.org\/{rel}","templated":true}]}}