{"id":5464,"date":"2018-10-01T00:00:00","date_gmt":"2018-09-30T22:00:00","guid":{"rendered":"https:\/\/nature-et-developpement.com\/macabane-materiaux\/produit\/sous-couche-minerale-structurante-et-garnissante-keim-concretal-w-grob\/"},"modified":"2026-01-08T23:57:26","modified_gmt":"2026-01-08T22:57:26","slug":"sous-couche-minerale-structurante-et-garnissante-keim-concretal-w-grob","status":"publish","type":"product","link":"https:\/\/nature-et-developpement.com\/macabane-materiaux\/produit\/sous-couche-minerale-structurante-et-garnissante-keim-concretal-w-grob\/","title":{"rendered":"Sous couche min\u00e9rale structurante et garnissante KEIM Concretal-W-Grob"},"content":{"rendered":"<h3 class=\"product-title inverse\">Sous-couche min\u00e9rale structurante KEIM Concretal\u00ae-W-Grob<\/h3>\n<p>Permet de masquer le fa\u00efen\u00e7age et de petites irr\u00e9gularit\u00e9s de structure des b\u00e9tons.<\/p>\n<p>Doit \u00eatre imp\u00e9rativement recouverte par une finition peinture Concretal-W.<\/p>\n<p>Conforme \u00e0 la norme NFT 36-005 Famille I, Cat\u00e9gorie 1b1 (produits contenant au plus 5% de compos\u00e9s organiques selon le fascicule de documentation FD T 30-808).<\/p>\n<p><strong>Teinte<\/strong><br \/>\nDisponible en blanc et\u00a0dans toutes les teintes du nuancier KEIM Exclusiv.<\/p>\n<p>Teintes hors nuancier sur demande.<\/p>\n<p><strong>Application<\/strong><br \/>\nBrosse, rouleau, projection Airless<\/p>\n<p><strong>Consommation<\/strong><br \/>\nEnv. 200g\/m\u00b2 pour 1 couche<\/p>\n<p><strong>Conditionnement<\/strong><br \/>\nSeau plastique de 5 kg et 18 kg<\/p>\n<p><strong>Commande<\/strong><\/p>\n<p>Ajoutez le chiffre de la couleur choisie dans la case \u00ab\u00a0Compl\u00e9ments\u00a0\u00bb.<\/p>\n","protected":false},"excerpt":{"rendered":"<p><strong><a class=\"btn btn-default\" href=\"https:\/\/nature-et-developpement.com\/wp-content\/uploads\/cms\/KEIM\/Spektrum_KEIM.pdf\" target=\"_blank\" rel=\"noopener\"><img loading=\"lazy\" decoding=\"async\" class=\"alignleft wp-image-108482\" src=\"https:\/\/nature-et-developpement.com\/wp-content\/uploads\/cms\/NATURA\/COULEURS_2020-450x450.jpg\" alt=\"\" width=\"30\" height=\"30\" \/><\/a><a href=\"https:\/\/nature-et-developpement.com\/wp-content\/uploads\/Spektrum_KEIM-ND.pdf\" target=\"_blank\" rel=\"noopener\">Choisissez votre couleur<\/a><\/strong><br \/>\n<a href=\"https:\/\/nature-et-developpement.com\/wp-content\/uploads\/Tableau-reference-des-teintes-et-classes-de-prix-Concretal-W_Concretal-W-grob.pdf\" target=\"_blank\" rel=\"noopener\"><strong>Retrouvez votre classe de prix<\/strong><\/a><\/p>\n<p>Utilis\u00e9e comme couche de fond ou comme couche de fond et couche interm\u00e9diaire sur le supports comportant des fissures et des irr\u00e9gularit\u00e9s de surface.<\/p>\n","protected":false},"featured_media":1000000201215,"template":"","meta":[],"product_brand":[159],"product_cat":[93],"product_tag":[2753],"class_list":{"0":"post-5464","1":"product","2":"type-product","3":"status-publish","4":"has-post-thumbnail","6":"product_brand-keim","7":"product_cat-preparation-du-support","8":"product_tag-keim","9":"product_shipping_class-peintures-accessoires-peintures","11":"first","12":"instock","13":"taxable","14":"shipping-taxable","15":"purchasable","16":"product-type-variable"},"yoast_head":"<!-- This site is optimized with the Yoast SEO plugin v27.5 - https:\/\/yoast.com\/product\/yoast-seo-wordpress\/ -->\n<title>Sous couche min\u00e9rale structurante et garnissante KEIM Concretal-W-Grob - Ma Cabane mat\u00e9riaux naturels<\/title>\n<meta name=\"description\" content=\"Choisissez votre couleur Retrouvez votre classe de prix  Utilis\u00e9e comme couche de fond ou comme couche de fond et couche interm\u00e9diaire sur le supports comportant des fissures et des irr\u00e9gularit\u00e9s de surface.\" \/>\n<meta name=\"robots\" content=\"noindex, nofollow\" \/>\n<meta property=\"og:locale\" content=\"fr_FR\" \/>\n<meta property=\"og:type\" content=\"article\" \/>\n<meta property=\"og:title\" content=\"Sous couche min\u00e9rale structurante et garnissante KEIM Concretal-W-Grob - Ma Cabane mat\u00e9riaux naturels\" \/>\n<meta property=\"og:description\" content=\"Choisissez votre couleur Retrouvez votre classe de prix  Utilis\u00e9e comme couche de fond ou comme couche de fond et couche interm\u00e9diaire sur le supports comportant des fissures et des irr\u00e9gularit\u00e9s de surface.\" \/>\n<meta property=\"og:url\" content=\"https:\/\/nature-et-developpement.com\/macabane-materiaux\/produit\/sous-couche-minerale-structurante-et-garnissante-keim-concretal-w-grob\/\" \/>\n<meta property=\"og:site_name\" content=\"Ma Cabane mat\u00e9riaux naturels\" \/>\n<meta property=\"article:modified_time\" content=\"2026-01-08T22:57:26+00:00\" \/>\n<meta name=\"twitter:card\" content=\"summary_large_image\" \/>\n<meta name=\"twitter:label1\" content=\"Dur\u00e9e de lecture estim\u00e9e\" \/>\n\t<meta name=\"twitter:data1\" content=\"1 minute\" \/>\n<script type=\"application\/ld+json\" class=\"yoast-schema-graph\">{\"@context\":\"https:\\\/\\\/schema.org\",\"@graph\":[{\"@type\":\"WebPage\",\"@id\":\"https:\\\/\\\/nature-et-developpement.com\\\/macabane-materiaux\\\/produit\\\/sous-couche-minerale-structurante-et-garnissante-keim-concretal-w-grob\\\/\",\"url\":\"https:\\\/\\\/nature-et-developpement.com\\\/macabane-materiaux\\\/produit\\\/sous-couche-minerale-structurante-et-garnissante-keim-concretal-w-grob\\\/\",\"name\":\"Sous couche min\u00e9rale structurante et garnissante KEIM Concretal-W-Grob - Ma Cabane mat\u00e9riaux naturels\",\"isPartOf\":{\"@id\":\"https:\\\/\\\/nature-et-developpement.com\\\/macabane-materiaux\\\/#website\"},\"primaryImageOfPage\":{\"@id\":\"https:\\\/\\\/nature-et-developpement.com\\\/macabane-materiaux\\\/produit\\\/sous-couche-minerale-structurante-et-garnissante-keim-concretal-w-grob\\\/#primaryimage\"},\"image\":{\"@id\":\"https:\\\/\\\/nature-et-developpement.com\\\/macabane-materiaux\\\/produit\\\/sous-couche-minerale-structurante-et-garnissante-keim-concretal-w-grob\\\/#primaryimage\"},\"thumbnailUrl\":\"https:\\\/\\\/nature-et-developpement.com\\\/macabane-materiaux\\\/wp-content\\\/uploads\\\/Sous-couche-minerale-structurante-et-garnissante-KEIM-Concretal-W-Grob-18Kg.jpg\",\"datePublished\":\"2018-09-30T22:00:00+00:00\",\"dateModified\":\"2026-01-08T22:57:26+00:00\",\"description\":\"Choisissez votre couleur Retrouvez votre classe de prix Utilis\u00e9e comme couche de fond ou comme couche de fond et couche interm\u00e9diaire sur le supports comportant des fissures et des irr\u00e9gularit\u00e9s de surface.\",\"breadcrumb\":{\"@id\":\"https:\\\/\\\/nature-et-developpement.com\\\/macabane-materiaux\\\/produit\\\/sous-couche-minerale-structurante-et-garnissante-keim-concretal-w-grob\\\/#breadcrumb\"},\"inLanguage\":\"fr-FR\",\"potentialAction\":[{\"@type\":\"ReadAction\",\"target\":[\"https:\\\/\\\/nature-et-developpement.com\\\/macabane-materiaux\\\/produit\\\/sous-couche-minerale-structurante-et-garnissante-keim-concretal-w-grob\\\/\"]}]},{\"@type\":\"ImageObject\",\"inLanguage\":\"fr-FR\",\"@id\":\"https:\\\/\\\/nature-et-developpement.com\\\/macabane-materiaux\\\/produit\\\/sous-couche-minerale-structurante-et-garnissante-keim-concretal-w-grob\\\/#primaryimage\",\"url\":\"https:\\\/\\\/nature-et-developpement.com\\\/macabane-materiaux\\\/wp-content\\\/uploads\\\/Sous-couche-minerale-structurante-et-garnissante-KEIM-Concretal-W-Grob-18Kg.jpg\",\"contentUrl\":\"https:\\\/\\\/nature-et-developpement.com\\\/macabane-materiaux\\\/wp-content\\\/uploads\\\/Sous-couche-minerale-structurante-et-garnissante-KEIM-Concretal-W-Grob-18Kg.jpg\"},{\"@type\":\"BreadcrumbList\",\"@id\":\"https:\\\/\\\/nature-et-developpement.com\\\/macabane-materiaux\\\/produit\\\/sous-couche-minerale-structurante-et-garnissante-keim-concretal-w-grob\\\/#breadcrumb\",\"itemListElement\":[{\"@type\":\"ListItem\",\"position\":1,\"name\":\"Accueil\",\"item\":\"https:\\\/\\\/nature-et-developpement.com\\\/macabane-materiaux\\\/\"},{\"@type\":\"ListItem\",\"position\":2,\"name\":\"Boutique\",\"item\":\"https:\\\/\\\/nature-et-developpement.com\\\/macabane-materiaux\\\/boutique\\\/\"},{\"@type\":\"ListItem\",\"position\":3,\"name\":\"Peinture, pigment et enduit\",\"item\":\"https:\\\/\\\/nature-et-developpement.com\\\/macabane-materiaux\\\/produits\\\/peinture-et-enduit\\\/\"},{\"@type\":\"ListItem\",\"position\":4,\"name\":\"Pr\u00e9paration du support\",\"item\":\"https:\\\/\\\/nature-et-developpement.com\\\/macabane-materiaux\\\/produits\\\/peinture-et-enduit\\\/preparation-du-support\\\/\"},{\"@type\":\"ListItem\",\"position\":5,\"name\":\"Sous couche min\u00e9rale structurante et garnissante KEIM Concretal-W-Grob\"}]},{\"@type\":\"WebSite\",\"@id\":\"https:\\\/\\\/nature-et-developpement.com\\\/macabane-materiaux\\\/#website\",\"url\":\"https:\\\/\\\/nature-et-developpement.com\\\/macabane-materiaux\\\/\",\"name\":\"Ma Cabane mat\u00e9riaux naturels\",\"description\":\"Ma Cabane est membre du groupement Nature &amp; D\u00e9veloppement\",\"potentialAction\":[{\"@type\":\"SearchAction\",\"target\":{\"@type\":\"EntryPoint\",\"urlTemplate\":\"https:\\\/\\\/nature-et-developpement.com\\\/macabane-materiaux\\\/?s={search_term_string}\"},\"query-input\":{\"@type\":\"PropertyValueSpecification\",\"valueRequired\":true,\"valueName\":\"search_term_string\"}}],\"inLanguage\":\"fr-FR\"}]}<\/script>\n<!-- \/ Yoast SEO plugin. -->","yoast_head_json":{"title":"Sous couche min\u00e9rale structurante et garnissante KEIM Concretal-W-Grob - Ma Cabane mat\u00e9riaux naturels","description":"Choisissez votre couleur Retrouvez votre classe de prix  Utilis\u00e9e comme couche de fond ou comme couche de fond et couche interm\u00e9diaire sur le supports comportant des fissures et des irr\u00e9gularit\u00e9s de surface.","robots":{"index":"noindex","follow":"nofollow"},"og_locale":"fr_FR","og_type":"article","og_title":"Sous couche min\u00e9rale structurante et garnissante KEIM Concretal-W-Grob - Ma Cabane mat\u00e9riaux naturels","og_description":"Choisissez votre couleur Retrouvez votre classe de prix  Utilis\u00e9e comme couche de fond ou comme couche de fond et couche interm\u00e9diaire sur le supports comportant des fissures et des irr\u00e9gularit\u00e9s de surface.","og_url":"https:\/\/nature-et-developpement.com\/macabane-materiaux\/produit\/sous-couche-minerale-structurante-et-garnissante-keim-concretal-w-grob\/","og_site_name":"Ma Cabane mat\u00e9riaux naturels","article_modified_time":"2026-01-08T22:57:26+00:00","twitter_card":"summary_large_image","twitter_misc":{"Dur\u00e9e de lecture estim\u00e9e":"1 minute"},"schema":{"@context":"https:\/\/schema.org","@graph":[{"@type":"WebPage","@id":"https:\/\/nature-et-developpement.com\/macabane-materiaux\/produit\/sous-couche-minerale-structurante-et-garnissante-keim-concretal-w-grob\/","url":"https:\/\/nature-et-developpement.com\/macabane-materiaux\/produit\/sous-couche-minerale-structurante-et-garnissante-keim-concretal-w-grob\/","name":"Sous couche min\u00e9rale structurante et garnissante KEIM Concretal-W-Grob - Ma Cabane mat\u00e9riaux naturels","isPartOf":{"@id":"https:\/\/nature-et-developpement.com\/macabane-materiaux\/#website"},"primaryImageOfPage":{"@id":"https:\/\/nature-et-developpement.com\/macabane-materiaux\/produit\/sous-couche-minerale-structurante-et-garnissante-keim-concretal-w-grob\/#primaryimage"},"image":{"@id":"https:\/\/nature-et-developpement.com\/macabane-materiaux\/produit\/sous-couche-minerale-structurante-et-garnissante-keim-concretal-w-grob\/#primaryimage"},"thumbnailUrl":"https:\/\/nature-et-developpement.com\/macabane-materiaux\/wp-content\/uploads\/Sous-couche-minerale-structurante-et-garnissante-KEIM-Concretal-W-Grob-18Kg.jpg","datePublished":"2018-09-30T22:00:00+00:00","dateModified":"2026-01-08T22:57:26+00:00","description":"Choisissez votre couleur Retrouvez votre classe de prix Utilis\u00e9e comme couche de fond ou comme couche de fond et couche interm\u00e9diaire sur le supports comportant des fissures et des irr\u00e9gularit\u00e9s de surface.","breadcrumb":{"@id":"https:\/\/nature-et-developpement.com\/macabane-materiaux\/produit\/sous-couche-minerale-structurante-et-garnissante-keim-concretal-w-grob\/#breadcrumb"},"inLanguage":"fr-FR","potentialAction":[{"@type":"ReadAction","target":["https:\/\/nature-et-developpement.com\/macabane-materiaux\/produit\/sous-couche-minerale-structurante-et-garnissante-keim-concretal-w-grob\/"]}]},{"@type":"ImageObject","inLanguage":"fr-FR","@id":"https:\/\/nature-et-developpement.com\/macabane-materiaux\/produit\/sous-couche-minerale-structurante-et-garnissante-keim-concretal-w-grob\/#primaryimage","url":"https:\/\/nature-et-developpement.com\/macabane-materiaux\/wp-content\/uploads\/Sous-couche-minerale-structurante-et-garnissante-KEIM-Concretal-W-Grob-18Kg.jpg","contentUrl":"https:\/\/nature-et-developpement.com\/macabane-materiaux\/wp-content\/uploads\/Sous-couche-minerale-structurante-et-garnissante-KEIM-Concretal-W-Grob-18Kg.jpg"},{"@type":"BreadcrumbList","@id":"https:\/\/nature-et-developpement.com\/macabane-materiaux\/produit\/sous-couche-minerale-structurante-et-garnissante-keim-concretal-w-grob\/#breadcrumb","itemListElement":[{"@type":"ListItem","position":1,"name":"Accueil","item":"https:\/\/nature-et-developpement.com\/macabane-materiaux\/"},{"@type":"ListItem","position":2,"name":"Boutique","item":"https:\/\/nature-et-developpement.com\/macabane-materiaux\/boutique\/"},{"@type":"ListItem","position":3,"name":"Peinture, pigment et enduit","item":"https:\/\/nature-et-developpement.com\/macabane-materiaux\/produits\/peinture-et-enduit\/"},{"@type":"ListItem","position":4,"name":"Pr\u00e9paration du support","item":"https:\/\/nature-et-developpement.com\/macabane-materiaux\/produits\/peinture-et-enduit\/preparation-du-support\/"},{"@type":"ListItem","position":5,"name":"Sous couche min\u00e9rale structurante et garnissante KEIM Concretal-W-Grob"}]},{"@type":"WebSite","@id":"https:\/\/nature-et-developpement.com\/macabane-materiaux\/#website","url":"https:\/\/nature-et-developpement.com\/macabane-materiaux\/","name":"Ma Cabane mat\u00e9riaux naturels","description":"Ma Cabane est membre du groupement Nature &amp; D\u00e9veloppement","potentialAction":[{"@type":"SearchAction","target":{"@type":"EntryPoint","urlTemplate":"https:\/\/nature-et-developpement.com\/macabane-materiaux\/?s={search_term_string}"},"query-input":{"@type":"PropertyValueSpecification","valueRequired":true,"valueName":"search_term_string"}}],"inLanguage":"fr-FR"}]}},"distributor_meta":false,"distributor_terms":false,"distributor_media":false,"distributor_original_site_name":"Ma Cabane mat\u00e9riaux naturels","distributor_original_site_url":"https:\/\/nature-et-developpement.com\/macabane-materiaux","push-errors":false,"_links":{"self":[{"href":"https:\/\/nature-et-developpement.com\/macabane-materiaux\/wp-json\/wp\/v2\/product\/5464","targetHints":{"allow":["GET"]}}],"collection":[{"href":"https:\/\/nature-et-developpement.com\/macabane-materiaux\/wp-json\/wp\/v2\/product"}],"about":[{"href":"https:\/\/nature-et-developpement.com\/macabane-materiaux\/wp-json\/wp\/v2\/types\/product"}],"wp:featuredmedia":[{"embeddable":true,"href":"https:\/\/nature-et-developpement.com\/macabane-materiaux\/wp-json\/"}],"wp:attachment":[{"href":"https:\/\/nature-et-developpement.com\/macabane-materiaux\/wp-json\/wp\/v2\/media?parent=5464"}],"wp:term":[{"taxonomy":"product_brand","embeddable":true,"href":"https:\/\/nature-et-developpement.com\/macabane-materiaux\/wp-json\/wp\/v2\/product_brand?post=5464"},{"taxonomy":"product_cat","embeddable":true,"href":"https:\/\/nature-et-developpement.com\/macabane-materiaux\/wp-json\/wp\/v2\/product_cat?post=5464"},{"taxonomy":"product_tag","embeddable":true,"href":"https:\/\/nature-et-developpement.com\/macabane-materiaux\/wp-json\/wp\/v2\/product_tag?post=5464"}],"curies":[{"name":"wp","href":"https:\/\/api.w.org\/{rel}","templated":true}]}}