{"id":5497,"date":"2018-10-01T00:00:00","date_gmt":"2018-09-30T22:00:00","guid":{"rendered":"https:\/\/nature-et-developpement.com\/macabane-materiaux\/produit\/protection-anti-poussiere-invisible-et-remineralisante-keim-liant-fixativ\/"},"modified":"2026-01-09T00:06:32","modified_gmt":"2026-01-08T23:06:32","slug":"protection-anti-poussiere-invisible-et-remineralisante-keim-fixativ","status":"publish","type":"product","link":"https:\/\/nature-et-developpement.com\/macabane-materiaux\/produit\/protection-anti-poussiere-invisible-et-remineralisante-keim-fixativ\/","title":{"rendered":"Protection anti-poussi\u00e8re invisible et remin\u00e9ralisante KEIM Fixativ"},"content":{"rendered":"<h3 class=\"product-title inverse\">Remin\u00e9ralisant et anti-poussi\u00e8re KEIM Liant Fixativ<\/h3>\n<p>Protection anti-poussi\u00e8re invisible et remin\u00e9ralisante pour b\u00e9tons bruts en int\u00e9rieur et ext\u00e9rieur.<\/p>\n<p>Dilu\u00e9e obligatoirement avec de l&rsquo;eau, elle peut \u00eatre recouverte ult\u00e9rieurement par tout rev\u00eatement.<\/p>\n<p><strong>Teinte<\/strong><br \/>\nJaune clair<\/p>\n<p><strong>Application<\/strong><br \/>\nBrosse, rouleau, pulv\u00e9risateur basse pression<\/p>\n<p><strong>Conditionnement<\/strong><br \/>\nBidon de 1\u00a0L , 4 L et 24\u00a0L<\/p>\n","protected":false},"excerpt":{"rendered":"<p>Peut \u00eatre utilis\u00e9 pour ma\u00eetriser ou r\u00e9duire l\u2019absorption de subjectiles min\u00e9raux tr\u00e8s absorbant.<\/p>\n<p>Les subjectiles min\u00e9raux farinants et friables peuvent \u00eatre fix\u00e9s et consolid\u00e9s.<\/p>\n","protected":false},"featured_media":1000000156269,"template":"","meta":[],"product_brand":[159],"product_cat":[96,93],"product_tag":[2753],"class_list":{"0":"post-5497","1":"product","2":"type-product","3":"status-publish","4":"has-post-thumbnail","6":"product_brand-keim","7":"product_cat-adjuvants","8":"product_cat-preparation-du-support","9":"product_tag-keim","10":"product_shipping_class-peintures-accessoires-peintures","12":"first","13":"instock","14":"taxable","15":"shipping-taxable","16":"purchasable","17":"product-type-variable"},"yoast_head":"<!-- This site is optimized with the Yoast SEO plugin v27.5 - https:\/\/yoast.com\/product\/yoast-seo-wordpress\/ -->\n<title>Protection anti-poussi\u00e8re invisible et remin\u00e9ralisante KEIM Fixativ - Ma Cabane mat\u00e9riaux naturels<\/title>\n<meta name=\"description\" content=\"Peut \u00eatre utilis\u00e9 pour ma\u00eetriser ou r\u00e9duire l\u2019absorption de subjectiles min\u00e9raux tr\u00e8s absorbant.  Les subjectiles min\u00e9raux farinants et friables peuvent \u00eatre fix\u00e9s et consolid\u00e9s.\" \/>\n<meta name=\"robots\" content=\"noindex, nofollow\" \/>\n<meta property=\"og:locale\" content=\"fr_FR\" \/>\n<meta property=\"og:type\" content=\"article\" \/>\n<meta property=\"og:title\" content=\"Protection anti-poussi\u00e8re invisible et remin\u00e9ralisante KEIM Fixativ - Ma Cabane mat\u00e9riaux naturels\" \/>\n<meta property=\"og:description\" content=\"Peut \u00eatre utilis\u00e9 pour ma\u00eetriser ou r\u00e9duire l\u2019absorption de subjectiles min\u00e9raux tr\u00e8s absorbant.  Les subjectiles min\u00e9raux farinants et friables peuvent \u00eatre fix\u00e9s et consolid\u00e9s.\" \/>\n<meta property=\"og:url\" content=\"https:\/\/nature-et-developpement.com\/macabane-materiaux\/produit\/protection-anti-poussiere-invisible-et-remineralisante-keim-fixativ\/\" \/>\n<meta property=\"og:site_name\" content=\"Ma Cabane mat\u00e9riaux naturels\" \/>\n<meta property=\"article:modified_time\" content=\"2026-01-08T23:06:32+00:00\" \/>\n<meta name=\"twitter:card\" content=\"summary_large_image\" \/>\n<script type=\"application\/ld+json\" class=\"yoast-schema-graph\">{\"@context\":\"https:\\\/\\\/schema.org\",\"@graph\":[{\"@type\":\"WebPage\",\"@id\":\"https:\\\/\\\/nature-et-developpement.com\\\/macabane-materiaux\\\/produit\\\/protection-anti-poussiere-invisible-et-remineralisante-keim-fixativ\\\/\",\"url\":\"https:\\\/\\\/nature-et-developpement.com\\\/macabane-materiaux\\\/produit\\\/protection-anti-poussiere-invisible-et-remineralisante-keim-fixativ\\\/\",\"name\":\"Protection anti-poussi\u00e8re invisible et remin\u00e9ralisante KEIM Fixativ - Ma Cabane mat\u00e9riaux naturels\",\"isPartOf\":{\"@id\":\"https:\\\/\\\/nature-et-developpement.com\\\/macabane-materiaux\\\/#website\"},\"primaryImageOfPage\":{\"@id\":\"https:\\\/\\\/nature-et-developpement.com\\\/macabane-materiaux\\\/produit\\\/protection-anti-poussiere-invisible-et-remineralisante-keim-fixativ\\\/#primaryimage\"},\"image\":{\"@id\":\"https:\\\/\\\/nature-et-developpement.com\\\/macabane-materiaux\\\/produit\\\/protection-anti-poussiere-invisible-et-remineralisante-keim-fixativ\\\/#primaryimage\"},\"thumbnailUrl\":\"https:\\\/\\\/nature-et-developpement.com\\\/macabane-materiaux\\\/wp-content\\\/uploads\\\/Protection-anti-poussiere-invisible-et-remineralisante-KEIM-Liant-Fixativ-4L-ou-24L.jpg\",\"datePublished\":\"2018-09-30T22:00:00+00:00\",\"dateModified\":\"2026-01-08T23:06:32+00:00\",\"description\":\"Peut \u00eatre utilis\u00e9 pour ma\u00eetriser ou r\u00e9duire l\u2019absorption de subjectiles min\u00e9raux tr\u00e8s absorbant. Les subjectiles min\u00e9raux farinants et friables peuvent \u00eatre fix\u00e9s et consolid\u00e9s.\",\"breadcrumb\":{\"@id\":\"https:\\\/\\\/nature-et-developpement.com\\\/macabane-materiaux\\\/produit\\\/protection-anti-poussiere-invisible-et-remineralisante-keim-fixativ\\\/#breadcrumb\"},\"inLanguage\":\"fr-FR\",\"potentialAction\":[{\"@type\":\"ReadAction\",\"target\":[\"https:\\\/\\\/nature-et-developpement.com\\\/macabane-materiaux\\\/produit\\\/protection-anti-poussiere-invisible-et-remineralisante-keim-fixativ\\\/\"]}]},{\"@type\":\"ImageObject\",\"inLanguage\":\"fr-FR\",\"@id\":\"https:\\\/\\\/nature-et-developpement.com\\\/macabane-materiaux\\\/produit\\\/protection-anti-poussiere-invisible-et-remineralisante-keim-fixativ\\\/#primaryimage\",\"url\":\"https:\\\/\\\/nature-et-developpement.com\\\/macabane-materiaux\\\/wp-content\\\/uploads\\\/Protection-anti-poussiere-invisible-et-remineralisante-KEIM-Liant-Fixativ-4L-ou-24L.jpg\",\"contentUrl\":\"https:\\\/\\\/nature-et-developpement.com\\\/macabane-materiaux\\\/wp-content\\\/uploads\\\/Protection-anti-poussiere-invisible-et-remineralisante-KEIM-Liant-Fixativ-4L-ou-24L.jpg\"},{\"@type\":\"BreadcrumbList\",\"@id\":\"https:\\\/\\\/nature-et-developpement.com\\\/macabane-materiaux\\\/produit\\\/protection-anti-poussiere-invisible-et-remineralisante-keim-fixativ\\\/#breadcrumb\",\"itemListElement\":[{\"@type\":\"ListItem\",\"position\":1,\"name\":\"Accueil\",\"item\":\"https:\\\/\\\/nature-et-developpement.com\\\/macabane-materiaux\\\/\"},{\"@type\":\"ListItem\",\"position\":2,\"name\":\"Boutique\",\"item\":\"https:\\\/\\\/nature-et-developpement.com\\\/macabane-materiaux\\\/boutique\\\/\"},{\"@type\":\"ListItem\",\"position\":3,\"name\":\"Peinture, pigment et enduit\",\"item\":\"https:\\\/\\\/nature-et-developpement.com\\\/macabane-materiaux\\\/produits\\\/peinture-et-enduit\\\/\"},{\"@type\":\"ListItem\",\"position\":4,\"name\":\"Pr\u00e9paration du support\",\"item\":\"https:\\\/\\\/nature-et-developpement.com\\\/macabane-materiaux\\\/produits\\\/peinture-et-enduit\\\/preparation-du-support\\\/\"},{\"@type\":\"ListItem\",\"position\":5,\"name\":\"Protection anti-poussi\u00e8re invisible et remin\u00e9ralisante KEIM Fixativ\"}]},{\"@type\":\"WebSite\",\"@id\":\"https:\\\/\\\/nature-et-developpement.com\\\/macabane-materiaux\\\/#website\",\"url\":\"https:\\\/\\\/nature-et-developpement.com\\\/macabane-materiaux\\\/\",\"name\":\"Ma Cabane mat\u00e9riaux naturels\",\"description\":\"Ma Cabane est membre du groupement Nature &amp; D\u00e9veloppement\",\"potentialAction\":[{\"@type\":\"SearchAction\",\"target\":{\"@type\":\"EntryPoint\",\"urlTemplate\":\"https:\\\/\\\/nature-et-developpement.com\\\/macabane-materiaux\\\/?s={search_term_string}\"},\"query-input\":{\"@type\":\"PropertyValueSpecification\",\"valueRequired\":true,\"valueName\":\"search_term_string\"}}],\"inLanguage\":\"fr-FR\"}]}<\/script>\n<!-- \/ Yoast SEO plugin. -->","yoast_head_json":{"title":"Protection anti-poussi\u00e8re invisible et remin\u00e9ralisante KEIM Fixativ - Ma Cabane mat\u00e9riaux naturels","description":"Peut \u00eatre utilis\u00e9 pour ma\u00eetriser ou r\u00e9duire l\u2019absorption de subjectiles min\u00e9raux tr\u00e8s absorbant.  Les subjectiles min\u00e9raux farinants et friables peuvent \u00eatre fix\u00e9s et consolid\u00e9s.","robots":{"index":"noindex","follow":"nofollow"},"og_locale":"fr_FR","og_type":"article","og_title":"Protection anti-poussi\u00e8re invisible et remin\u00e9ralisante KEIM Fixativ - Ma Cabane mat\u00e9riaux naturels","og_description":"Peut \u00eatre utilis\u00e9 pour ma\u00eetriser ou r\u00e9duire l\u2019absorption de subjectiles min\u00e9raux tr\u00e8s absorbant.  Les subjectiles min\u00e9raux farinants et friables peuvent \u00eatre fix\u00e9s et consolid\u00e9s.","og_url":"https:\/\/nature-et-developpement.com\/macabane-materiaux\/produit\/protection-anti-poussiere-invisible-et-remineralisante-keim-fixativ\/","og_site_name":"Ma Cabane mat\u00e9riaux naturels","article_modified_time":"2026-01-08T23:06:32+00:00","twitter_card":"summary_large_image","schema":{"@context":"https:\/\/schema.org","@graph":[{"@type":"WebPage","@id":"https:\/\/nature-et-developpement.com\/macabane-materiaux\/produit\/protection-anti-poussiere-invisible-et-remineralisante-keim-fixativ\/","url":"https:\/\/nature-et-developpement.com\/macabane-materiaux\/produit\/protection-anti-poussiere-invisible-et-remineralisante-keim-fixativ\/","name":"Protection anti-poussi\u00e8re invisible et remin\u00e9ralisante KEIM Fixativ - Ma Cabane mat\u00e9riaux naturels","isPartOf":{"@id":"https:\/\/nature-et-developpement.com\/macabane-materiaux\/#website"},"primaryImageOfPage":{"@id":"https:\/\/nature-et-developpement.com\/macabane-materiaux\/produit\/protection-anti-poussiere-invisible-et-remineralisante-keim-fixativ\/#primaryimage"},"image":{"@id":"https:\/\/nature-et-developpement.com\/macabane-materiaux\/produit\/protection-anti-poussiere-invisible-et-remineralisante-keim-fixativ\/#primaryimage"},"thumbnailUrl":"https:\/\/nature-et-developpement.com\/macabane-materiaux\/wp-content\/uploads\/Protection-anti-poussiere-invisible-et-remineralisante-KEIM-Liant-Fixativ-4L-ou-24L.jpg","datePublished":"2018-09-30T22:00:00+00:00","dateModified":"2026-01-08T23:06:32+00:00","description":"Peut \u00eatre utilis\u00e9 pour ma\u00eetriser ou r\u00e9duire l\u2019absorption de subjectiles min\u00e9raux tr\u00e8s absorbant. Les subjectiles min\u00e9raux farinants et friables peuvent \u00eatre fix\u00e9s et consolid\u00e9s.","breadcrumb":{"@id":"https:\/\/nature-et-developpement.com\/macabane-materiaux\/produit\/protection-anti-poussiere-invisible-et-remineralisante-keim-fixativ\/#breadcrumb"},"inLanguage":"fr-FR","potentialAction":[{"@type":"ReadAction","target":["https:\/\/nature-et-developpement.com\/macabane-materiaux\/produit\/protection-anti-poussiere-invisible-et-remineralisante-keim-fixativ\/"]}]},{"@type":"ImageObject","inLanguage":"fr-FR","@id":"https:\/\/nature-et-developpement.com\/macabane-materiaux\/produit\/protection-anti-poussiere-invisible-et-remineralisante-keim-fixativ\/#primaryimage","url":"https:\/\/nature-et-developpement.com\/macabane-materiaux\/wp-content\/uploads\/Protection-anti-poussiere-invisible-et-remineralisante-KEIM-Liant-Fixativ-4L-ou-24L.jpg","contentUrl":"https:\/\/nature-et-developpement.com\/macabane-materiaux\/wp-content\/uploads\/Protection-anti-poussiere-invisible-et-remineralisante-KEIM-Liant-Fixativ-4L-ou-24L.jpg"},{"@type":"BreadcrumbList","@id":"https:\/\/nature-et-developpement.com\/macabane-materiaux\/produit\/protection-anti-poussiere-invisible-et-remineralisante-keim-fixativ\/#breadcrumb","itemListElement":[{"@type":"ListItem","position":1,"name":"Accueil","item":"https:\/\/nature-et-developpement.com\/macabane-materiaux\/"},{"@type":"ListItem","position":2,"name":"Boutique","item":"https:\/\/nature-et-developpement.com\/macabane-materiaux\/boutique\/"},{"@type":"ListItem","position":3,"name":"Peinture, pigment et enduit","item":"https:\/\/nature-et-developpement.com\/macabane-materiaux\/produits\/peinture-et-enduit\/"},{"@type":"ListItem","position":4,"name":"Pr\u00e9paration du support","item":"https:\/\/nature-et-developpement.com\/macabane-materiaux\/produits\/peinture-et-enduit\/preparation-du-support\/"},{"@type":"ListItem","position":5,"name":"Protection anti-poussi\u00e8re invisible et remin\u00e9ralisante KEIM Fixativ"}]},{"@type":"WebSite","@id":"https:\/\/nature-et-developpement.com\/macabane-materiaux\/#website","url":"https:\/\/nature-et-developpement.com\/macabane-materiaux\/","name":"Ma Cabane mat\u00e9riaux naturels","description":"Ma Cabane est membre du groupement Nature &amp; D\u00e9veloppement","potentialAction":[{"@type":"SearchAction","target":{"@type":"EntryPoint","urlTemplate":"https:\/\/nature-et-developpement.com\/macabane-materiaux\/?s={search_term_string}"},"query-input":{"@type":"PropertyValueSpecification","valueRequired":true,"valueName":"search_term_string"}}],"inLanguage":"fr-FR"}]}},"distributor_meta":false,"distributor_terms":false,"distributor_media":false,"distributor_original_site_name":"Ma Cabane mat\u00e9riaux naturels","distributor_original_site_url":"https:\/\/nature-et-developpement.com\/macabane-materiaux","push-errors":false,"_links":{"self":[{"href":"https:\/\/nature-et-developpement.com\/macabane-materiaux\/wp-json\/wp\/v2\/product\/5497","targetHints":{"allow":["GET"]}}],"collection":[{"href":"https:\/\/nature-et-developpement.com\/macabane-materiaux\/wp-json\/wp\/v2\/product"}],"about":[{"href":"https:\/\/nature-et-developpement.com\/macabane-materiaux\/wp-json\/wp\/v2\/types\/product"}],"wp:featuredmedia":[{"embeddable":true,"href":"https:\/\/nature-et-developpement.com\/macabane-materiaux\/wp-json\/"}],"wp:attachment":[{"href":"https:\/\/nature-et-developpement.com\/macabane-materiaux\/wp-json\/wp\/v2\/media?parent=5497"}],"wp:term":[{"taxonomy":"product_brand","embeddable":true,"href":"https:\/\/nature-et-developpement.com\/macabane-materiaux\/wp-json\/wp\/v2\/product_brand?post=5497"},{"taxonomy":"product_cat","embeddable":true,"href":"https:\/\/nature-et-developpement.com\/macabane-materiaux\/wp-json\/wp\/v2\/product_cat?post=5497"},{"taxonomy":"product_tag","embeddable":true,"href":"https:\/\/nature-et-developpement.com\/macabane-materiaux\/wp-json\/wp\/v2\/product_tag?post=5497"}],"curies":[{"name":"wp","href":"https:\/\/api.w.org\/{rel}","templated":true}]}}