{"id":5503,"date":"2018-10-01T00:00:00","date_gmt":"2018-09-30T22:00:00","guid":{"rendered":"https:\/\/nature-et-developpement.com\/macabane-materiaux\/produit\/protection-hydrofuge-keim-lotexan\/"},"modified":"2026-01-09T00:11:26","modified_gmt":"2026-01-08T23:11:26","slug":"protection-hydrofuge-keim-lotexan","status":"publish","type":"product","link":"https:\/\/nature-et-developpement.com\/macabane-materiaux\/produit\/protection-hydrofuge-keim-lotexan\/","title":{"rendered":"Protection hydrofuge KEIM Lotexan"},"content":{"rendered":"<h3 class=\"product-title inverse\">Hydrofuge haute performance KEIM Lotexan\u00ae<\/h3>\n<p>Hydrofuge haute performance \u00e0 base de r\u00e9sine siloxane, en phase solvant.<\/p>\n<p>Diminue l\u2019absorption capillaire des supports min\u00e9raux fortement expos\u00e9s aux intemp\u00e9ries et les prot\u00e8ge des d\u00e9gradations li\u00e9es au gel, aux eaux de ruissellement, aux pluies acides et \u00e0 la pollution atmosph\u00e9rique.<\/p>\n<p><strong>Teinte<\/strong><br \/>\nIncolore<\/p>\n<p><strong>Application<\/strong><br \/>\nBrosse, pulv\u00e9risateur basse pression<\/p>\n<p><strong>Consommation<\/strong><br \/>\nEnv. 0,2 L\/m\u00b2 pour 1 couche<br \/>\nCe syst\u00e8me s&rsquo;applique en 2 couches<\/p>\n<p><strong>Conditionnement<\/strong><br \/>\nBidon de 5 L et 25 L<br \/>\nPalette : 14 x 25 L<\/p>\n","protected":false},"excerpt":{"rendered":"<p>Traitement de protection hydrofuge qui convient aux enduits, peintures, b\u00e9tons apparents, b\u00e9tons pr\u00e9fabriqu\u00e9s, b\u00e9tons lav\u00e9s, briques silicocalcaires de m\u00eame que les plaques fibro-ciment<\/p>\n","protected":false},"featured_media":1000000156257,"template":"","meta":[],"product_brand":[159],"product_cat":[96,93,115,92],"product_tag":[2753],"class_list":{"0":"post-5503","1":"product","2":"type-product","3":"status-publish","4":"has-post-thumbnail","6":"product_brand-keim","7":"product_cat-adjuvants","8":"product_cat-preparation-du-support","9":"product_cat-protection-et-entretien","10":"product_cat-traitement-bois-et-pierre-ecologique","11":"product_tag-keim","12":"product_shipping_class-peintures-accessoires-peintures","14":"first","15":"instock","16":"taxable","17":"shipping-taxable","18":"purchasable","19":"product-type-variable"},"yoast_head":"<!-- This site is optimized with the Yoast SEO plugin v27.5 - https:\/\/yoast.com\/product\/yoast-seo-wordpress\/ -->\n<title>Protection hydrofuge KEIM Lotexan - Ma Cabane mat\u00e9riaux naturels<\/title>\n<meta name=\"description\" content=\"Traitement de protection hydrofuge qui convient aux enduits, peintures, b\u00e9tons apparents, b\u00e9tons pr\u00e9fabriqu\u00e9s, b\u00e9tons lav\u00e9s, briques silicocalcaires de m\u00eame que les plaques fibro-ciment\" \/>\n<meta name=\"robots\" content=\"noindex, nofollow\" \/>\n<meta property=\"og:locale\" content=\"fr_FR\" \/>\n<meta property=\"og:type\" content=\"article\" \/>\n<meta property=\"og:title\" content=\"Protection hydrofuge KEIM Lotexan - Ma Cabane mat\u00e9riaux naturels\" \/>\n<meta property=\"og:description\" content=\"Traitement de protection hydrofuge qui convient aux enduits, peintures, b\u00e9tons apparents, b\u00e9tons pr\u00e9fabriqu\u00e9s, b\u00e9tons lav\u00e9s, briques silicocalcaires de m\u00eame que les plaques fibro-ciment\" \/>\n<meta property=\"og:url\" content=\"https:\/\/nature-et-developpement.com\/macabane-materiaux\/produit\/protection-hydrofuge-keim-lotexan\/\" \/>\n<meta property=\"og:site_name\" content=\"Ma Cabane mat\u00e9riaux naturels\" \/>\n<meta property=\"article:modified_time\" content=\"2026-01-08T23:11:26+00:00\" \/>\n<meta name=\"twitter:card\" content=\"summary_large_image\" \/>\n<script type=\"application\/ld+json\" class=\"yoast-schema-graph\">{\"@context\":\"https:\\\/\\\/schema.org\",\"@graph\":[{\"@type\":\"WebPage\",\"@id\":\"https:\\\/\\\/nature-et-developpement.com\\\/macabane-materiaux\\\/produit\\\/protection-hydrofuge-keim-lotexan\\\/\",\"url\":\"https:\\\/\\\/nature-et-developpement.com\\\/macabane-materiaux\\\/produit\\\/protection-hydrofuge-keim-lotexan\\\/\",\"name\":\"Protection hydrofuge KEIM Lotexan - Ma Cabane mat\u00e9riaux naturels\",\"isPartOf\":{\"@id\":\"https:\\\/\\\/nature-et-developpement.com\\\/macabane-materiaux\\\/#website\"},\"primaryImageOfPage\":{\"@id\":\"https:\\\/\\\/nature-et-developpement.com\\\/macabane-materiaux\\\/produit\\\/protection-hydrofuge-keim-lotexan\\\/#primaryimage\"},\"image\":{\"@id\":\"https:\\\/\\\/nature-et-developpement.com\\\/macabane-materiaux\\\/produit\\\/protection-hydrofuge-keim-lotexan\\\/#primaryimage\"},\"thumbnailUrl\":\"https:\\\/\\\/nature-et-developpement.com\\\/macabane-materiaux\\\/wp-content\\\/uploads\\\/Protection-hydrofuge-KEIM-Lotexan-5L-ou-25L.jpg\",\"datePublished\":\"2018-09-30T22:00:00+00:00\",\"dateModified\":\"2026-01-08T23:11:26+00:00\",\"description\":\"Traitement de protection hydrofuge qui convient aux enduits, peintures, b\u00e9tons apparents, b\u00e9tons pr\u00e9fabriqu\u00e9s, b\u00e9tons lav\u00e9s, briques silicocalcaires de m\u00eame que les plaques fibro-ciment\",\"breadcrumb\":{\"@id\":\"https:\\\/\\\/nature-et-developpement.com\\\/macabane-materiaux\\\/produit\\\/protection-hydrofuge-keim-lotexan\\\/#breadcrumb\"},\"inLanguage\":\"fr-FR\",\"potentialAction\":[{\"@type\":\"ReadAction\",\"target\":[\"https:\\\/\\\/nature-et-developpement.com\\\/macabane-materiaux\\\/produit\\\/protection-hydrofuge-keim-lotexan\\\/\"]}]},{\"@type\":\"ImageObject\",\"inLanguage\":\"fr-FR\",\"@id\":\"https:\\\/\\\/nature-et-developpement.com\\\/macabane-materiaux\\\/produit\\\/protection-hydrofuge-keim-lotexan\\\/#primaryimage\",\"url\":\"https:\\\/\\\/nature-et-developpement.com\\\/macabane-materiaux\\\/wp-content\\\/uploads\\\/Protection-hydrofuge-KEIM-Lotexan-5L-ou-25L.jpg\",\"contentUrl\":\"https:\\\/\\\/nature-et-developpement.com\\\/macabane-materiaux\\\/wp-content\\\/uploads\\\/Protection-hydrofuge-KEIM-Lotexan-5L-ou-25L.jpg\"},{\"@type\":\"BreadcrumbList\",\"@id\":\"https:\\\/\\\/nature-et-developpement.com\\\/macabane-materiaux\\\/produit\\\/protection-hydrofuge-keim-lotexan\\\/#breadcrumb\",\"itemListElement\":[{\"@type\":\"ListItem\",\"position\":1,\"name\":\"Accueil\",\"item\":\"https:\\\/\\\/nature-et-developpement.com\\\/macabane-materiaux\\\/\"},{\"@type\":\"ListItem\",\"position\":2,\"name\":\"Boutique\",\"item\":\"https:\\\/\\\/nature-et-developpement.com\\\/macabane-materiaux\\\/boutique\\\/\"},{\"@type\":\"ListItem\",\"position\":3,\"name\":\"Peinture, pigment et enduit\",\"item\":\"https:\\\/\\\/nature-et-developpement.com\\\/macabane-materiaux\\\/produits\\\/peinture-et-enduit\\\/\"},{\"@type\":\"ListItem\",\"position\":4,\"name\":\"Traitement bois et pierre \u00e9cologique\",\"item\":\"https:\\\/\\\/nature-et-developpement.com\\\/macabane-materiaux\\\/produits\\\/peinture-et-enduit\\\/traitement-bois-et-pierre-ecologique\\\/\"},{\"@type\":\"ListItem\",\"position\":5,\"name\":\"Protection hydrofuge KEIM Lotexan\"}]},{\"@type\":\"WebSite\",\"@id\":\"https:\\\/\\\/nature-et-developpement.com\\\/macabane-materiaux\\\/#website\",\"url\":\"https:\\\/\\\/nature-et-developpement.com\\\/macabane-materiaux\\\/\",\"name\":\"Ma Cabane mat\u00e9riaux naturels\",\"description\":\"Ma Cabane est membre du groupement Nature &amp; D\u00e9veloppement\",\"potentialAction\":[{\"@type\":\"SearchAction\",\"target\":{\"@type\":\"EntryPoint\",\"urlTemplate\":\"https:\\\/\\\/nature-et-developpement.com\\\/macabane-materiaux\\\/?s={search_term_string}\"},\"query-input\":{\"@type\":\"PropertyValueSpecification\",\"valueRequired\":true,\"valueName\":\"search_term_string\"}}],\"inLanguage\":\"fr-FR\"}]}<\/script>\n<!-- \/ Yoast SEO plugin. -->","yoast_head_json":{"title":"Protection hydrofuge KEIM Lotexan - Ma Cabane mat\u00e9riaux naturels","description":"Traitement de protection hydrofuge qui convient aux enduits, peintures, b\u00e9tons apparents, b\u00e9tons pr\u00e9fabriqu\u00e9s, b\u00e9tons lav\u00e9s, briques silicocalcaires de m\u00eame que les plaques fibro-ciment","robots":{"index":"noindex","follow":"nofollow"},"og_locale":"fr_FR","og_type":"article","og_title":"Protection hydrofuge KEIM Lotexan - Ma Cabane mat\u00e9riaux naturels","og_description":"Traitement de protection hydrofuge qui convient aux enduits, peintures, b\u00e9tons apparents, b\u00e9tons pr\u00e9fabriqu\u00e9s, b\u00e9tons lav\u00e9s, briques silicocalcaires de m\u00eame que les plaques fibro-ciment","og_url":"https:\/\/nature-et-developpement.com\/macabane-materiaux\/produit\/protection-hydrofuge-keim-lotexan\/","og_site_name":"Ma Cabane mat\u00e9riaux naturels","article_modified_time":"2026-01-08T23:11:26+00:00","twitter_card":"summary_large_image","schema":{"@context":"https:\/\/schema.org","@graph":[{"@type":"WebPage","@id":"https:\/\/nature-et-developpement.com\/macabane-materiaux\/produit\/protection-hydrofuge-keim-lotexan\/","url":"https:\/\/nature-et-developpement.com\/macabane-materiaux\/produit\/protection-hydrofuge-keim-lotexan\/","name":"Protection hydrofuge KEIM Lotexan - Ma Cabane mat\u00e9riaux naturels","isPartOf":{"@id":"https:\/\/nature-et-developpement.com\/macabane-materiaux\/#website"},"primaryImageOfPage":{"@id":"https:\/\/nature-et-developpement.com\/macabane-materiaux\/produit\/protection-hydrofuge-keim-lotexan\/#primaryimage"},"image":{"@id":"https:\/\/nature-et-developpement.com\/macabane-materiaux\/produit\/protection-hydrofuge-keim-lotexan\/#primaryimage"},"thumbnailUrl":"https:\/\/nature-et-developpement.com\/macabane-materiaux\/wp-content\/uploads\/Protection-hydrofuge-KEIM-Lotexan-5L-ou-25L.jpg","datePublished":"2018-09-30T22:00:00+00:00","dateModified":"2026-01-08T23:11:26+00:00","description":"Traitement de protection hydrofuge qui convient aux enduits, peintures, b\u00e9tons apparents, b\u00e9tons pr\u00e9fabriqu\u00e9s, b\u00e9tons lav\u00e9s, briques silicocalcaires de m\u00eame que les plaques fibro-ciment","breadcrumb":{"@id":"https:\/\/nature-et-developpement.com\/macabane-materiaux\/produit\/protection-hydrofuge-keim-lotexan\/#breadcrumb"},"inLanguage":"fr-FR","potentialAction":[{"@type":"ReadAction","target":["https:\/\/nature-et-developpement.com\/macabane-materiaux\/produit\/protection-hydrofuge-keim-lotexan\/"]}]},{"@type":"ImageObject","inLanguage":"fr-FR","@id":"https:\/\/nature-et-developpement.com\/macabane-materiaux\/produit\/protection-hydrofuge-keim-lotexan\/#primaryimage","url":"https:\/\/nature-et-developpement.com\/macabane-materiaux\/wp-content\/uploads\/Protection-hydrofuge-KEIM-Lotexan-5L-ou-25L.jpg","contentUrl":"https:\/\/nature-et-developpement.com\/macabane-materiaux\/wp-content\/uploads\/Protection-hydrofuge-KEIM-Lotexan-5L-ou-25L.jpg"},{"@type":"BreadcrumbList","@id":"https:\/\/nature-et-developpement.com\/macabane-materiaux\/produit\/protection-hydrofuge-keim-lotexan\/#breadcrumb","itemListElement":[{"@type":"ListItem","position":1,"name":"Accueil","item":"https:\/\/nature-et-developpement.com\/macabane-materiaux\/"},{"@type":"ListItem","position":2,"name":"Boutique","item":"https:\/\/nature-et-developpement.com\/macabane-materiaux\/boutique\/"},{"@type":"ListItem","position":3,"name":"Peinture, pigment et enduit","item":"https:\/\/nature-et-developpement.com\/macabane-materiaux\/produits\/peinture-et-enduit\/"},{"@type":"ListItem","position":4,"name":"Traitement bois et pierre \u00e9cologique","item":"https:\/\/nature-et-developpement.com\/macabane-materiaux\/produits\/peinture-et-enduit\/traitement-bois-et-pierre-ecologique\/"},{"@type":"ListItem","position":5,"name":"Protection hydrofuge KEIM Lotexan"}]},{"@type":"WebSite","@id":"https:\/\/nature-et-developpement.com\/macabane-materiaux\/#website","url":"https:\/\/nature-et-developpement.com\/macabane-materiaux\/","name":"Ma Cabane mat\u00e9riaux naturels","description":"Ma Cabane est membre du groupement Nature &amp; D\u00e9veloppement","potentialAction":[{"@type":"SearchAction","target":{"@type":"EntryPoint","urlTemplate":"https:\/\/nature-et-developpement.com\/macabane-materiaux\/?s={search_term_string}"},"query-input":{"@type":"PropertyValueSpecification","valueRequired":true,"valueName":"search_term_string"}}],"inLanguage":"fr-FR"}]}},"distributor_meta":false,"distributor_terms":false,"distributor_media":false,"distributor_original_site_name":"Ma Cabane mat\u00e9riaux naturels","distributor_original_site_url":"https:\/\/nature-et-developpement.com\/macabane-materiaux","push-errors":false,"_links":{"self":[{"href":"https:\/\/nature-et-developpement.com\/macabane-materiaux\/wp-json\/wp\/v2\/product\/5503","targetHints":{"allow":["GET"]}}],"collection":[{"href":"https:\/\/nature-et-developpement.com\/macabane-materiaux\/wp-json\/wp\/v2\/product"}],"about":[{"href":"https:\/\/nature-et-developpement.com\/macabane-materiaux\/wp-json\/wp\/v2\/types\/product"}],"wp:featuredmedia":[{"embeddable":true,"href":"https:\/\/nature-et-developpement.com\/macabane-materiaux\/wp-json\/"}],"wp:attachment":[{"href":"https:\/\/nature-et-developpement.com\/macabane-materiaux\/wp-json\/wp\/v2\/media?parent=5503"}],"wp:term":[{"taxonomy":"product_brand","embeddable":true,"href":"https:\/\/nature-et-developpement.com\/macabane-materiaux\/wp-json\/wp\/v2\/product_brand?post=5503"},{"taxonomy":"product_cat","embeddable":true,"href":"https:\/\/nature-et-developpement.com\/macabane-materiaux\/wp-json\/wp\/v2\/product_cat?post=5503"},{"taxonomy":"product_tag","embeddable":true,"href":"https:\/\/nature-et-developpement.com\/macabane-materiaux\/wp-json\/wp\/v2\/product_tag?post=5503"}],"curies":[{"name":"wp","href":"https:\/\/api.w.org\/{rel}","templated":true}]}}