{"id":5506,"date":"2018-10-01T00:00:00","date_gmt":"2018-09-30T22:00:00","guid":{"rendered":"https:\/\/nature-et-developpement.com\/macabane-materiaux\/produit\/keim-contact-plus-grob\/"},"modified":"2026-01-08T22:56:41","modified_gmt":"2026-01-08T21:56:41","slug":"keim-contact-plus-grob","status":"publish","type":"product","link":"https:\/\/nature-et-developpement.com\/macabane-materiaux\/produit\/keim-contact-plus-grob\/","title":{"rendered":"Sous-couche tr\u00e8s garnissante KEIM Contact Plus-Grob"},"content":{"rendered":"<div class=\"col-lg-12\">\n<div class=\"col-lg-12\">\n<h2 class=\"product-title inverse\">Sous-couche tr\u00e8s garnissante KEIM Contact-Plus-Grob<\/h2>\n<\/div>\n<div class=\"col-lg-12 inverse\">\n<p>KEIM Contact-Plus-Grob est utilis\u00e9 en couche d\u2019adh\u00e9rence sur anciens fonds peints bien adh\u00e9rents, organiques ou min\u00e9raux.<\/p>\n<p>Sous-couche tr\u00e8s garnissante au silicate de potassium, pr\u00eate \u00e0 l\u2019emploi.<\/p>\n<p>KEIM Contact-Plus-Grob permet en outre de masquer la microfissuration jusqu\u2019\u00e0 1 mm, d\u2019\u00e9galiser les diff\u00e9rences de structures des supports et de structurer les supports lisses.<\/p>\n<p>Doit \u00eatre imp\u00e9rativement recouvert par une ou deux couches de finition selon la teinte choisie.<\/p>\n<p>Compos\u00e9 de charges min\u00e9rales de tr\u00e8s forte granulom\u00e9trie (1 mm) et de fibres.<\/p>\n<p>Conforme \u00e0 la norme NFT 36-005 Famille I, Cat\u00e9gorie 1b1 (produits contenant au plus 5% de compos\u00e9s organiques selon le fascicule de documentation FD T 30-808.).<\/p>\n<\/div>\n<div class=\"col-lg-6 inverse\">\n<p><strong>Teintes<\/strong><br \/>\nDisponible uniquement en blanc.<\/p>\n<p><strong>Application<\/strong><br \/>\nBrosse.<\/p>\n<\/div>\n<div class=\"col-lg-6 inverse\">\n<p><strong>Consommation<\/strong><br \/>\nEnv. 500 g\/m\u00b2 (hors dilution) pour 1 couche.<\/p>\n<p><strong>Conditionnement<\/strong><br \/>\nSeau plastique de 5 kg et 25 kg.<\/p>\n<\/div>\n<\/div>\n","protected":false},"excerpt":{"rendered":"<p>Permet en outre de masquer la microfissuration jusqu\u2019\u00e0 1 mm, d\u2019\u00e9galiser les diff\u00e9rences de structures des supports et de structurer les supports lisses.<\/p>\n","protected":false},"featured_media":1000000201218,"template":"","meta":[],"product_brand":[159],"product_cat":[93],"product_tag":[2753],"class_list":{"0":"post-5506","1":"product","2":"type-product","3":"status-publish","4":"has-post-thumbnail","6":"product_brand-keim","7":"product_cat-preparation-du-support","8":"product_tag-keim","9":"product_shipping_class-peintures-accessoires-peintures","11":"first","12":"instock","13":"taxable","14":"shipping-taxable","15":"purchasable","16":"product-type-variable"},"yoast_head":"<!-- This site is optimized with the Yoast SEO plugin v27.5 - https:\/\/yoast.com\/product\/yoast-seo-wordpress\/ -->\n<title>Sous-couche tr\u00e8s garnissante KEIM Contact Plus-Grob - Ma Cabane mat\u00e9riaux naturels<\/title>\n<meta name=\"description\" content=\"Permet en outre de masquer la microfissuration jusqu\u2019\u00e0 1 mm, d\u2019\u00e9galiser les diff\u00e9rences de structures des supports et de structurer les supports lisses.\" \/>\n<meta name=\"robots\" content=\"noindex, nofollow\" \/>\n<meta property=\"og:locale\" content=\"fr_FR\" \/>\n<meta property=\"og:type\" content=\"article\" \/>\n<meta property=\"og:title\" content=\"Sous-couche tr\u00e8s garnissante KEIM Contact Plus-Grob - Ma Cabane mat\u00e9riaux naturels\" \/>\n<meta property=\"og:description\" content=\"Permet en outre de masquer la microfissuration jusqu\u2019\u00e0 1 mm, d\u2019\u00e9galiser les diff\u00e9rences de structures des supports et de structurer les supports lisses.\" \/>\n<meta property=\"og:url\" content=\"https:\/\/nature-et-developpement.com\/macabane-materiaux\/produit\/keim-contact-plus-grob\/\" \/>\n<meta property=\"og:site_name\" content=\"Ma Cabane mat\u00e9riaux naturels\" \/>\n<meta property=\"article:modified_time\" content=\"2026-01-08T21:56:41+00:00\" \/>\n<meta name=\"twitter:card\" content=\"summary_large_image\" \/>\n<meta name=\"twitter:label1\" content=\"Dur\u00e9e de lecture estim\u00e9e\" \/>\n\t<meta name=\"twitter:data1\" content=\"1 minute\" \/>\n<script type=\"application\/ld+json\" class=\"yoast-schema-graph\">{\"@context\":\"https:\\\/\\\/schema.org\",\"@graph\":[{\"@type\":\"WebPage\",\"@id\":\"https:\\\/\\\/nature-et-developpement.com\\\/macabane-materiaux\\\/produit\\\/keim-contact-plus-grob\\\/\",\"url\":\"https:\\\/\\\/nature-et-developpement.com\\\/macabane-materiaux\\\/produit\\\/keim-contact-plus-grob\\\/\",\"name\":\"Sous-couche tr\u00e8s garnissante KEIM Contact Plus-Grob - Ma Cabane mat\u00e9riaux naturels\",\"isPartOf\":{\"@id\":\"https:\\\/\\\/nature-et-developpement.com\\\/macabane-materiaux\\\/#website\"},\"primaryImageOfPage\":{\"@id\":\"https:\\\/\\\/nature-et-developpement.com\\\/macabane-materiaux\\\/produit\\\/keim-contact-plus-grob\\\/#primaryimage\"},\"image\":{\"@id\":\"https:\\\/\\\/nature-et-developpement.com\\\/macabane-materiaux\\\/produit\\\/keim-contact-plus-grob\\\/#primaryimage\"},\"thumbnailUrl\":\"https:\\\/\\\/nature-et-developpement.com\\\/macabane-materiaux\\\/wp-content\\\/uploads\\\/Sous-couche-tres-garnissante-KEIM-Contact-Plus-Grob-25Kg.jpg\",\"datePublished\":\"2018-09-30T22:00:00+00:00\",\"dateModified\":\"2026-01-08T21:56:41+00:00\",\"description\":\"Permet en outre de masquer la microfissuration jusqu\u2019\u00e0 1 mm, d\u2019\u00e9galiser les diff\u00e9rences de structures des supports et de structurer les supports lisses.\",\"breadcrumb\":{\"@id\":\"https:\\\/\\\/nature-et-developpement.com\\\/macabane-materiaux\\\/produit\\\/keim-contact-plus-grob\\\/#breadcrumb\"},\"inLanguage\":\"fr-FR\",\"potentialAction\":[{\"@type\":\"ReadAction\",\"target\":[\"https:\\\/\\\/nature-et-developpement.com\\\/macabane-materiaux\\\/produit\\\/keim-contact-plus-grob\\\/\"]}]},{\"@type\":\"ImageObject\",\"inLanguage\":\"fr-FR\",\"@id\":\"https:\\\/\\\/nature-et-developpement.com\\\/macabane-materiaux\\\/produit\\\/keim-contact-plus-grob\\\/#primaryimage\",\"url\":\"https:\\\/\\\/nature-et-developpement.com\\\/macabane-materiaux\\\/wp-content\\\/uploads\\\/Sous-couche-tres-garnissante-KEIM-Contact-Plus-Grob-25Kg.jpg\",\"contentUrl\":\"https:\\\/\\\/nature-et-developpement.com\\\/macabane-materiaux\\\/wp-content\\\/uploads\\\/Sous-couche-tres-garnissante-KEIM-Contact-Plus-Grob-25Kg.jpg\"},{\"@type\":\"BreadcrumbList\",\"@id\":\"https:\\\/\\\/nature-et-developpement.com\\\/macabane-materiaux\\\/produit\\\/keim-contact-plus-grob\\\/#breadcrumb\",\"itemListElement\":[{\"@type\":\"ListItem\",\"position\":1,\"name\":\"Accueil\",\"item\":\"https:\\\/\\\/nature-et-developpement.com\\\/macabane-materiaux\\\/\"},{\"@type\":\"ListItem\",\"position\":2,\"name\":\"Boutique\",\"item\":\"https:\\\/\\\/nature-et-developpement.com\\\/macabane-materiaux\\\/boutique\\\/\"},{\"@type\":\"ListItem\",\"position\":3,\"name\":\"Peinture, pigment et enduit\",\"item\":\"https:\\\/\\\/nature-et-developpement.com\\\/macabane-materiaux\\\/produits\\\/peinture-et-enduit\\\/\"},{\"@type\":\"ListItem\",\"position\":4,\"name\":\"Pr\u00e9paration du support\",\"item\":\"https:\\\/\\\/nature-et-developpement.com\\\/macabane-materiaux\\\/produits\\\/peinture-et-enduit\\\/preparation-du-support\\\/\"},{\"@type\":\"ListItem\",\"position\":5,\"name\":\"Sous-couche tr\u00e8s garnissante KEIM Contact Plus-Grob\"}]},{\"@type\":\"WebSite\",\"@id\":\"https:\\\/\\\/nature-et-developpement.com\\\/macabane-materiaux\\\/#website\",\"url\":\"https:\\\/\\\/nature-et-developpement.com\\\/macabane-materiaux\\\/\",\"name\":\"Ma Cabane mat\u00e9riaux naturels\",\"description\":\"Ma Cabane est membre du groupement Nature &amp; D\u00e9veloppement\",\"potentialAction\":[{\"@type\":\"SearchAction\",\"target\":{\"@type\":\"EntryPoint\",\"urlTemplate\":\"https:\\\/\\\/nature-et-developpement.com\\\/macabane-materiaux\\\/?s={search_term_string}\"},\"query-input\":{\"@type\":\"PropertyValueSpecification\",\"valueRequired\":true,\"valueName\":\"search_term_string\"}}],\"inLanguage\":\"fr-FR\"}]}<\/script>\n<!-- \/ Yoast SEO plugin. -->","yoast_head_json":{"title":"Sous-couche tr\u00e8s garnissante KEIM Contact Plus-Grob - Ma Cabane mat\u00e9riaux naturels","description":"Permet en outre de masquer la microfissuration jusqu\u2019\u00e0 1 mm, d\u2019\u00e9galiser les diff\u00e9rences de structures des supports et de structurer les supports lisses.","robots":{"index":"noindex","follow":"nofollow"},"og_locale":"fr_FR","og_type":"article","og_title":"Sous-couche tr\u00e8s garnissante KEIM Contact Plus-Grob - Ma Cabane mat\u00e9riaux naturels","og_description":"Permet en outre de masquer la microfissuration jusqu\u2019\u00e0 1 mm, d\u2019\u00e9galiser les diff\u00e9rences de structures des supports et de structurer les supports lisses.","og_url":"https:\/\/nature-et-developpement.com\/macabane-materiaux\/produit\/keim-contact-plus-grob\/","og_site_name":"Ma Cabane mat\u00e9riaux naturels","article_modified_time":"2026-01-08T21:56:41+00:00","twitter_card":"summary_large_image","twitter_misc":{"Dur\u00e9e de lecture estim\u00e9e":"1 minute"},"schema":{"@context":"https:\/\/schema.org","@graph":[{"@type":"WebPage","@id":"https:\/\/nature-et-developpement.com\/macabane-materiaux\/produit\/keim-contact-plus-grob\/","url":"https:\/\/nature-et-developpement.com\/macabane-materiaux\/produit\/keim-contact-plus-grob\/","name":"Sous-couche tr\u00e8s garnissante KEIM Contact Plus-Grob - Ma Cabane mat\u00e9riaux naturels","isPartOf":{"@id":"https:\/\/nature-et-developpement.com\/macabane-materiaux\/#website"},"primaryImageOfPage":{"@id":"https:\/\/nature-et-developpement.com\/macabane-materiaux\/produit\/keim-contact-plus-grob\/#primaryimage"},"image":{"@id":"https:\/\/nature-et-developpement.com\/macabane-materiaux\/produit\/keim-contact-plus-grob\/#primaryimage"},"thumbnailUrl":"https:\/\/nature-et-developpement.com\/macabane-materiaux\/wp-content\/uploads\/Sous-couche-tres-garnissante-KEIM-Contact-Plus-Grob-25Kg.jpg","datePublished":"2018-09-30T22:00:00+00:00","dateModified":"2026-01-08T21:56:41+00:00","description":"Permet en outre de masquer la microfissuration jusqu\u2019\u00e0 1 mm, d\u2019\u00e9galiser les diff\u00e9rences de structures des supports et de structurer les supports lisses.","breadcrumb":{"@id":"https:\/\/nature-et-developpement.com\/macabane-materiaux\/produit\/keim-contact-plus-grob\/#breadcrumb"},"inLanguage":"fr-FR","potentialAction":[{"@type":"ReadAction","target":["https:\/\/nature-et-developpement.com\/macabane-materiaux\/produit\/keim-contact-plus-grob\/"]}]},{"@type":"ImageObject","inLanguage":"fr-FR","@id":"https:\/\/nature-et-developpement.com\/macabane-materiaux\/produit\/keim-contact-plus-grob\/#primaryimage","url":"https:\/\/nature-et-developpement.com\/macabane-materiaux\/wp-content\/uploads\/Sous-couche-tres-garnissante-KEIM-Contact-Plus-Grob-25Kg.jpg","contentUrl":"https:\/\/nature-et-developpement.com\/macabane-materiaux\/wp-content\/uploads\/Sous-couche-tres-garnissante-KEIM-Contact-Plus-Grob-25Kg.jpg"},{"@type":"BreadcrumbList","@id":"https:\/\/nature-et-developpement.com\/macabane-materiaux\/produit\/keim-contact-plus-grob\/#breadcrumb","itemListElement":[{"@type":"ListItem","position":1,"name":"Accueil","item":"https:\/\/nature-et-developpement.com\/macabane-materiaux\/"},{"@type":"ListItem","position":2,"name":"Boutique","item":"https:\/\/nature-et-developpement.com\/macabane-materiaux\/boutique\/"},{"@type":"ListItem","position":3,"name":"Peinture, pigment et enduit","item":"https:\/\/nature-et-developpement.com\/macabane-materiaux\/produits\/peinture-et-enduit\/"},{"@type":"ListItem","position":4,"name":"Pr\u00e9paration du support","item":"https:\/\/nature-et-developpement.com\/macabane-materiaux\/produits\/peinture-et-enduit\/preparation-du-support\/"},{"@type":"ListItem","position":5,"name":"Sous-couche tr\u00e8s garnissante KEIM Contact Plus-Grob"}]},{"@type":"WebSite","@id":"https:\/\/nature-et-developpement.com\/macabane-materiaux\/#website","url":"https:\/\/nature-et-developpement.com\/macabane-materiaux\/","name":"Ma Cabane mat\u00e9riaux naturels","description":"Ma Cabane est membre du groupement Nature &amp; D\u00e9veloppement","potentialAction":[{"@type":"SearchAction","target":{"@type":"EntryPoint","urlTemplate":"https:\/\/nature-et-developpement.com\/macabane-materiaux\/?s={search_term_string}"},"query-input":{"@type":"PropertyValueSpecification","valueRequired":true,"valueName":"search_term_string"}}],"inLanguage":"fr-FR"}]}},"distributor_meta":false,"distributor_terms":false,"distributor_media":false,"distributor_original_site_name":"Ma Cabane mat\u00e9riaux naturels","distributor_original_site_url":"https:\/\/nature-et-developpement.com\/macabane-materiaux","push-errors":false,"_links":{"self":[{"href":"https:\/\/nature-et-developpement.com\/macabane-materiaux\/wp-json\/wp\/v2\/product\/5506","targetHints":{"allow":["GET"]}}],"collection":[{"href":"https:\/\/nature-et-developpement.com\/macabane-materiaux\/wp-json\/wp\/v2\/product"}],"about":[{"href":"https:\/\/nature-et-developpement.com\/macabane-materiaux\/wp-json\/wp\/v2\/types\/product"}],"wp:featuredmedia":[{"embeddable":true,"href":"https:\/\/nature-et-developpement.com\/macabane-materiaux\/wp-json\/"}],"wp:attachment":[{"href":"https:\/\/nature-et-developpement.com\/macabane-materiaux\/wp-json\/wp\/v2\/media?parent=5506"}],"wp:term":[{"taxonomy":"product_brand","embeddable":true,"href":"https:\/\/nature-et-developpement.com\/macabane-materiaux\/wp-json\/wp\/v2\/product_brand?post=5506"},{"taxonomy":"product_cat","embeddable":true,"href":"https:\/\/nature-et-developpement.com\/macabane-materiaux\/wp-json\/wp\/v2\/product_cat?post=5506"},{"taxonomy":"product_tag","embeddable":true,"href":"https:\/\/nature-et-developpement.com\/macabane-materiaux\/wp-json\/wp\/v2\/product_tag?post=5506"}],"curies":[{"name":"wp","href":"https:\/\/api.w.org\/{rel}","templated":true}]}}