{"id":5509,"date":"2018-10-01T00:00:00","date_gmt":"2018-09-30T22:00:00","guid":{"rendered":"https:\/\/nature-et-developpement.com\/macabane-materiaux\/produit\/impregnation-hydrofuge-keim-silangrund\/"},"modified":"2026-01-09T00:16:24","modified_gmt":"2026-01-08T23:16:24","slug":"impregnation-hydrofuge-keim-silan-primer","status":"publish","type":"product","link":"https:\/\/nature-et-developpement.com\/macabane-materiaux\/produit\/impregnation-hydrofuge-keim-silan-primer\/","title":{"rendered":"Impr\u00e9gnation hydrofuge KEIM Silan-primer"},"content":{"rendered":"<h3 class=\"product-title inverse\">KEIM Silangrund<\/h3>\n<p>KEIM Silangrund diminue l\u2019absorption capillaire des fa\u00e7ades fortement expos\u00e9es aux intemp\u00e9ries (clochers d\u2019\u00e9glises, ouvrages d\u2019art, \u00e9tages \u00e9lev\u00e9s, bords de mer, etc.) ou aux projections d\u2019eaux (soubassements).<\/p>\n<p>Cette impr\u00e9gnation hydrofuge assure un compl\u00e9ment d\u2019hydrofugation des peintures ou lasures min\u00e9rales.<\/p>\n<p>Elle n\u2019est jamais laiss\u00e9e nue mais doit \u00eatre recouverte d\u2019une peinture ou lasure min\u00e9rale d\u00e8s 4 heures suivant son application.<\/p>\n<p>Les surfaces sensibles \u00e0 l&rsquo;humidit\u00e9 concern\u00e9es sont par exemple les enduits de parement fissur\u00e9s, le b\u00e9ton cellulaire, les briques de parement silico-calcaires ou en terre cuite (sels propres au mat\u00e9riau), les pierres naturelles comportant du fer (coloration brune) et les surfaces en b\u00e9ton de mauvaise qualit\u00e9 (fissures de retrait).<\/p>\n<p><strong>Teinte<\/strong><br \/>\nIncolore<\/p>\n<p><strong>Application<\/strong><br \/>\nBrosse, pulv\u00e9risateur basse pression<\/p>\n<p><strong>Consommation<\/strong><br \/>\nSur b\u00e9ton : env. 0,2 \u2013 0,3 L\/m\u00b2<br \/>\nSur enduit : env. 0,4 \u2013 0,6 L\/m\u00b2<\/p>\n<p><strong>Conditionnement<\/strong><br \/>\nBidon plastique de 5 L et 25 L<\/p>\n","protected":false},"excerpt":{"rendered":"<p>Diminue l\u2019absorption capillaire des fa\u00e7ades fortement expos\u00e9es aux intemp\u00e9ries (clochers d\u2019\u00e9glises, ouvrages d\u2019art, \u00e9tages \u00e9lev\u00e9s, bords de mer, etc.) ou aux projections d\u2019eaux (soubassements).<\/p>\n","protected":false},"featured_media":1000000156255,"template":"","meta":[],"product_brand":[159],"product_cat":[96,93],"product_tag":[2753],"class_list":{"0":"post-5509","1":"product","2":"type-product","3":"status-publish","4":"has-post-thumbnail","6":"product_brand-keim","7":"product_cat-adjuvants","8":"product_cat-preparation-du-support","9":"product_tag-keim","10":"product_shipping_class-peintures-accessoires-peintures","12":"first","13":"instock","14":"taxable","15":"shipping-taxable","16":"purchasable","17":"product-type-variable"},"yoast_head":"<!-- This site is optimized with the Yoast SEO plugin v27.5 - https:\/\/yoast.com\/product\/yoast-seo-wordpress\/ -->\n<title>Impr\u00e9gnation hydrofuge KEIM Silan-primer - Ma Cabane mat\u00e9riaux naturels<\/title>\n<meta name=\"description\" content=\"Diminue l\u2019absorption capillaire des fa\u00e7ades fortement expos\u00e9es aux intemp\u00e9ries (clochers d\u2019\u00e9glises, ouvrages d\u2019art, \u00e9tages \u00e9lev\u00e9s, bords de mer, etc.) ou aux projections d\u2019eaux (soubassements).\" \/>\n<meta name=\"robots\" content=\"noindex, nofollow\" \/>\n<meta property=\"og:locale\" content=\"fr_FR\" \/>\n<meta property=\"og:type\" content=\"article\" \/>\n<meta property=\"og:title\" content=\"Impr\u00e9gnation hydrofuge KEIM Silan-primer - Ma Cabane mat\u00e9riaux naturels\" \/>\n<meta property=\"og:description\" content=\"Diminue l\u2019absorption capillaire des fa\u00e7ades fortement expos\u00e9es aux intemp\u00e9ries (clochers d\u2019\u00e9glises, ouvrages d\u2019art, \u00e9tages \u00e9lev\u00e9s, bords de mer, etc.) ou aux projections d\u2019eaux (soubassements).\" \/>\n<meta property=\"og:url\" content=\"https:\/\/nature-et-developpement.com\/macabane-materiaux\/produit\/impregnation-hydrofuge-keim-silan-primer\/\" \/>\n<meta property=\"og:site_name\" content=\"Ma Cabane mat\u00e9riaux naturels\" \/>\n<meta property=\"article:modified_time\" content=\"2026-01-08T23:16:24+00:00\" \/>\n<meta name=\"twitter:card\" content=\"summary_large_image\" \/>\n<meta name=\"twitter:label1\" content=\"Dur\u00e9e de lecture estim\u00e9e\" \/>\n\t<meta name=\"twitter:data1\" content=\"1 minute\" \/>\n<script type=\"application\/ld+json\" class=\"yoast-schema-graph\">{\"@context\":\"https:\\\/\\\/schema.org\",\"@graph\":[{\"@type\":\"WebPage\",\"@id\":\"https:\\\/\\\/nature-et-developpement.com\\\/macabane-materiaux\\\/produit\\\/impregnation-hydrofuge-keim-silan-primer\\\/\",\"url\":\"https:\\\/\\\/nature-et-developpement.com\\\/macabane-materiaux\\\/produit\\\/impregnation-hydrofuge-keim-silan-primer\\\/\",\"name\":\"Impr\u00e9gnation hydrofuge KEIM Silan-primer - Ma Cabane mat\u00e9riaux naturels\",\"isPartOf\":{\"@id\":\"https:\\\/\\\/nature-et-developpement.com\\\/macabane-materiaux\\\/#website\"},\"primaryImageOfPage\":{\"@id\":\"https:\\\/\\\/nature-et-developpement.com\\\/macabane-materiaux\\\/produit\\\/impregnation-hydrofuge-keim-silan-primer\\\/#primaryimage\"},\"image\":{\"@id\":\"https:\\\/\\\/nature-et-developpement.com\\\/macabane-materiaux\\\/produit\\\/impregnation-hydrofuge-keim-silan-primer\\\/#primaryimage\"},\"thumbnailUrl\":\"https:\\\/\\\/nature-et-developpement.com\\\/macabane-materiaux\\\/wp-content\\\/uploads\\\/Impregnation-hydrofuge-KEIM-Silangrund-5L-ou-25L.jpg\",\"datePublished\":\"2018-09-30T22:00:00+00:00\",\"dateModified\":\"2026-01-08T23:16:24+00:00\",\"description\":\"Diminue l\u2019absorption capillaire des fa\u00e7ades fortement expos\u00e9es aux intemp\u00e9ries (clochers d\u2019\u00e9glises, ouvrages d\u2019art, \u00e9tages \u00e9lev\u00e9s, bords de mer, etc.) ou aux projections d\u2019eaux (soubassements).\",\"breadcrumb\":{\"@id\":\"https:\\\/\\\/nature-et-developpement.com\\\/macabane-materiaux\\\/produit\\\/impregnation-hydrofuge-keim-silan-primer\\\/#breadcrumb\"},\"inLanguage\":\"fr-FR\",\"potentialAction\":[{\"@type\":\"ReadAction\",\"target\":[\"https:\\\/\\\/nature-et-developpement.com\\\/macabane-materiaux\\\/produit\\\/impregnation-hydrofuge-keim-silan-primer\\\/\"]}]},{\"@type\":\"ImageObject\",\"inLanguage\":\"fr-FR\",\"@id\":\"https:\\\/\\\/nature-et-developpement.com\\\/macabane-materiaux\\\/produit\\\/impregnation-hydrofuge-keim-silan-primer\\\/#primaryimage\",\"url\":\"https:\\\/\\\/nature-et-developpement.com\\\/macabane-materiaux\\\/wp-content\\\/uploads\\\/Impregnation-hydrofuge-KEIM-Silangrund-5L-ou-25L.jpg\",\"contentUrl\":\"https:\\\/\\\/nature-et-developpement.com\\\/macabane-materiaux\\\/wp-content\\\/uploads\\\/Impregnation-hydrofuge-KEIM-Silangrund-5L-ou-25L.jpg\"},{\"@type\":\"BreadcrumbList\",\"@id\":\"https:\\\/\\\/nature-et-developpement.com\\\/macabane-materiaux\\\/produit\\\/impregnation-hydrofuge-keim-silan-primer\\\/#breadcrumb\",\"itemListElement\":[{\"@type\":\"ListItem\",\"position\":1,\"name\":\"Accueil\",\"item\":\"https:\\\/\\\/nature-et-developpement.com\\\/macabane-materiaux\\\/\"},{\"@type\":\"ListItem\",\"position\":2,\"name\":\"Boutique\",\"item\":\"https:\\\/\\\/nature-et-developpement.com\\\/macabane-materiaux\\\/boutique\\\/\"},{\"@type\":\"ListItem\",\"position\":3,\"name\":\"Peinture, pigment et enduit\",\"item\":\"https:\\\/\\\/nature-et-developpement.com\\\/macabane-materiaux\\\/produits\\\/peinture-et-enduit\\\/\"},{\"@type\":\"ListItem\",\"position\":4,\"name\":\"Pr\u00e9paration du support\",\"item\":\"https:\\\/\\\/nature-et-developpement.com\\\/macabane-materiaux\\\/produits\\\/peinture-et-enduit\\\/preparation-du-support\\\/\"},{\"@type\":\"ListItem\",\"position\":5,\"name\":\"Impr\u00e9gnation hydrofuge KEIM Silan-primer\"}]},{\"@type\":\"WebSite\",\"@id\":\"https:\\\/\\\/nature-et-developpement.com\\\/macabane-materiaux\\\/#website\",\"url\":\"https:\\\/\\\/nature-et-developpement.com\\\/macabane-materiaux\\\/\",\"name\":\"Ma Cabane mat\u00e9riaux naturels\",\"description\":\"Ma Cabane est membre du groupement Nature &amp; D\u00e9veloppement\",\"potentialAction\":[{\"@type\":\"SearchAction\",\"target\":{\"@type\":\"EntryPoint\",\"urlTemplate\":\"https:\\\/\\\/nature-et-developpement.com\\\/macabane-materiaux\\\/?s={search_term_string}\"},\"query-input\":{\"@type\":\"PropertyValueSpecification\",\"valueRequired\":true,\"valueName\":\"search_term_string\"}}],\"inLanguage\":\"fr-FR\"}]}<\/script>\n<!-- \/ Yoast SEO plugin. -->","yoast_head_json":{"title":"Impr\u00e9gnation hydrofuge KEIM Silan-primer - Ma Cabane mat\u00e9riaux naturels","description":"Diminue l\u2019absorption capillaire des fa\u00e7ades fortement expos\u00e9es aux intemp\u00e9ries (clochers d\u2019\u00e9glises, ouvrages d\u2019art, \u00e9tages \u00e9lev\u00e9s, bords de mer, etc.) ou aux projections d\u2019eaux (soubassements).","robots":{"index":"noindex","follow":"nofollow"},"og_locale":"fr_FR","og_type":"article","og_title":"Impr\u00e9gnation hydrofuge KEIM Silan-primer - Ma Cabane mat\u00e9riaux naturels","og_description":"Diminue l\u2019absorption capillaire des fa\u00e7ades fortement expos\u00e9es aux intemp\u00e9ries (clochers d\u2019\u00e9glises, ouvrages d\u2019art, \u00e9tages \u00e9lev\u00e9s, bords de mer, etc.) ou aux projections d\u2019eaux (soubassements).","og_url":"https:\/\/nature-et-developpement.com\/macabane-materiaux\/produit\/impregnation-hydrofuge-keim-silan-primer\/","og_site_name":"Ma Cabane mat\u00e9riaux naturels","article_modified_time":"2026-01-08T23:16:24+00:00","twitter_card":"summary_large_image","twitter_misc":{"Dur\u00e9e de lecture estim\u00e9e":"1 minute"},"schema":{"@context":"https:\/\/schema.org","@graph":[{"@type":"WebPage","@id":"https:\/\/nature-et-developpement.com\/macabane-materiaux\/produit\/impregnation-hydrofuge-keim-silan-primer\/","url":"https:\/\/nature-et-developpement.com\/macabane-materiaux\/produit\/impregnation-hydrofuge-keim-silan-primer\/","name":"Impr\u00e9gnation hydrofuge KEIM Silan-primer - Ma Cabane mat\u00e9riaux naturels","isPartOf":{"@id":"https:\/\/nature-et-developpement.com\/macabane-materiaux\/#website"},"primaryImageOfPage":{"@id":"https:\/\/nature-et-developpement.com\/macabane-materiaux\/produit\/impregnation-hydrofuge-keim-silan-primer\/#primaryimage"},"image":{"@id":"https:\/\/nature-et-developpement.com\/macabane-materiaux\/produit\/impregnation-hydrofuge-keim-silan-primer\/#primaryimage"},"thumbnailUrl":"https:\/\/nature-et-developpement.com\/macabane-materiaux\/wp-content\/uploads\/Impregnation-hydrofuge-KEIM-Silangrund-5L-ou-25L.jpg","datePublished":"2018-09-30T22:00:00+00:00","dateModified":"2026-01-08T23:16:24+00:00","description":"Diminue l\u2019absorption capillaire des fa\u00e7ades fortement expos\u00e9es aux intemp\u00e9ries (clochers d\u2019\u00e9glises, ouvrages d\u2019art, \u00e9tages \u00e9lev\u00e9s, bords de mer, etc.) ou aux projections d\u2019eaux (soubassements).","breadcrumb":{"@id":"https:\/\/nature-et-developpement.com\/macabane-materiaux\/produit\/impregnation-hydrofuge-keim-silan-primer\/#breadcrumb"},"inLanguage":"fr-FR","potentialAction":[{"@type":"ReadAction","target":["https:\/\/nature-et-developpement.com\/macabane-materiaux\/produit\/impregnation-hydrofuge-keim-silan-primer\/"]}]},{"@type":"ImageObject","inLanguage":"fr-FR","@id":"https:\/\/nature-et-developpement.com\/macabane-materiaux\/produit\/impregnation-hydrofuge-keim-silan-primer\/#primaryimage","url":"https:\/\/nature-et-developpement.com\/macabane-materiaux\/wp-content\/uploads\/Impregnation-hydrofuge-KEIM-Silangrund-5L-ou-25L.jpg","contentUrl":"https:\/\/nature-et-developpement.com\/macabane-materiaux\/wp-content\/uploads\/Impregnation-hydrofuge-KEIM-Silangrund-5L-ou-25L.jpg"},{"@type":"BreadcrumbList","@id":"https:\/\/nature-et-developpement.com\/macabane-materiaux\/produit\/impregnation-hydrofuge-keim-silan-primer\/#breadcrumb","itemListElement":[{"@type":"ListItem","position":1,"name":"Accueil","item":"https:\/\/nature-et-developpement.com\/macabane-materiaux\/"},{"@type":"ListItem","position":2,"name":"Boutique","item":"https:\/\/nature-et-developpement.com\/macabane-materiaux\/boutique\/"},{"@type":"ListItem","position":3,"name":"Peinture, pigment et enduit","item":"https:\/\/nature-et-developpement.com\/macabane-materiaux\/produits\/peinture-et-enduit\/"},{"@type":"ListItem","position":4,"name":"Pr\u00e9paration du support","item":"https:\/\/nature-et-developpement.com\/macabane-materiaux\/produits\/peinture-et-enduit\/preparation-du-support\/"},{"@type":"ListItem","position":5,"name":"Impr\u00e9gnation hydrofuge KEIM Silan-primer"}]},{"@type":"WebSite","@id":"https:\/\/nature-et-developpement.com\/macabane-materiaux\/#website","url":"https:\/\/nature-et-developpement.com\/macabane-materiaux\/","name":"Ma Cabane mat\u00e9riaux naturels","description":"Ma Cabane est membre du groupement Nature &amp; D\u00e9veloppement","potentialAction":[{"@type":"SearchAction","target":{"@type":"EntryPoint","urlTemplate":"https:\/\/nature-et-developpement.com\/macabane-materiaux\/?s={search_term_string}"},"query-input":{"@type":"PropertyValueSpecification","valueRequired":true,"valueName":"search_term_string"}}],"inLanguage":"fr-FR"}]}},"distributor_meta":false,"distributor_terms":false,"distributor_media":false,"distributor_original_site_name":"Ma Cabane mat\u00e9riaux naturels","distributor_original_site_url":"https:\/\/nature-et-developpement.com\/macabane-materiaux","push-errors":false,"_links":{"self":[{"href":"https:\/\/nature-et-developpement.com\/macabane-materiaux\/wp-json\/wp\/v2\/product\/5509","targetHints":{"allow":["GET"]}}],"collection":[{"href":"https:\/\/nature-et-developpement.com\/macabane-materiaux\/wp-json\/wp\/v2\/product"}],"about":[{"href":"https:\/\/nature-et-developpement.com\/macabane-materiaux\/wp-json\/wp\/v2\/types\/product"}],"wp:featuredmedia":[{"embeddable":true,"href":"https:\/\/nature-et-developpement.com\/macabane-materiaux\/wp-json\/"}],"wp:attachment":[{"href":"https:\/\/nature-et-developpement.com\/macabane-materiaux\/wp-json\/wp\/v2\/media?parent=5509"}],"wp:term":[{"taxonomy":"product_brand","embeddable":true,"href":"https:\/\/nature-et-developpement.com\/macabane-materiaux\/wp-json\/wp\/v2\/product_brand?post=5509"},{"taxonomy":"product_cat","embeddable":true,"href":"https:\/\/nature-et-developpement.com\/macabane-materiaux\/wp-json\/wp\/v2\/product_cat?post=5509"},{"taxonomy":"product_tag","embeddable":true,"href":"https:\/\/nature-et-developpement.com\/macabane-materiaux\/wp-json\/wp\/v2\/product_tag?post=5509"}],"curies":[{"name":"wp","href":"https:\/\/api.w.org\/{rel}","templated":true}]}}