{"id":5535,"date":"2018-10-01T00:00:00","date_gmt":"2018-09-30T22:00:00","guid":{"rendered":"https:\/\/nature-et-developpement.com\/macabane-materiaux\/produit\/nettoyage-en-profondeur-des-betons-keim-nettoyant-beton\/"},"modified":"2026-04-30T11:45:51","modified_gmt":"2026-04-30T09:45:51","slug":"nettoyage-en-profondeur-des-betons-keim-concretal-cleaner","status":"publish","type":"product","link":"https:\/\/nature-et-developpement.com\/macabane-materiaux\/produit\/nettoyage-en-profondeur-des-betons-keim-concretal-cleaner\/","title":{"rendered":"Nettoyage en profondeur des b\u00e9tons KEIM Concretal-cleaner"},"content":{"rendered":"<h3>KEIM Nettoyant b\u00e9ton<\/h3>\n<p>KEIM Nettoyant b\u00e9ton permet d\u2019\u00e9liminer les r\u00e9sidus d\u2019huiles de d\u00e9coffrage des surfaces de b\u00e9tons neufs.<\/p>\n<p>Peut aussi \u00eatre utilis\u00e9 dans le cadre du nettoyage d&rsquo;anciens b\u00e9tons comportant des salissures et des traces d&rsquo;huiles ou de graisses.<\/p>\n<p class=\"product-title inverse\">\u00c0 diluer obligatoirement \u00e0 l&rsquo;eau (dilution 1:5 \u00e0 1:3).<\/p>\n<p><strong>Application<\/strong><br \/>\nBrosse<\/p>\n<p><strong>Consommation<\/strong><br \/>\nEnv. 0,05 L\/m2<\/p>\n<p><strong>Conditionnement<\/strong><br \/>\nBidon de 5 L et 20 L<\/p>\n","protected":false},"excerpt":{"rendered":"<p>Solution destin\u00e9e au nettoyage en profondeur les b\u00e9tons.<br \/>\nPermet d\u2019\u00e9liminer les r\u00e9sidus d\u2019huiles de d\u00e9coffrage et les laitances superficielles des b\u00e9tons avant l\u2019application d\u2019un rev\u00eatement min\u00e9ral.<br \/>\nPeut aussi \u00eatre utilis\u00e9 dans le cadre du nettoyage d&rsquo;anciens b\u00e9tons comportant des salissures et des traces d&rsquo;huiles ou de graisses.<br \/>\n\u00c0 diluer obligatoirement \u00e0 l&rsquo;eau (dilution 1:5 \u00e0 1:3).<\/p>\n","protected":false},"featured_media":1000000156268,"template":"","meta":[],"product_brand":[159],"product_cat":[96,117,93,103],"product_tag":[2753],"class_list":{"0":"post-5535","1":"product","2":"type-product","3":"status-publish","4":"has-post-thumbnail","6":"product_brand-keim","7":"product_cat-adjuvants","8":"product_cat-droguerie","9":"product_cat-preparation-du-support","10":"product_cat-protection-et-entretien-du-sol","11":"product_tag-keim","12":"product_shipping_class-peintures-accessoires-peintures","14":"first","15":"instock","16":"taxable","17":"shipping-taxable","18":"purchasable","19":"product-type-variable"},"yoast_head":"<!-- This site is optimized with the Yoast SEO plugin v27.5 - https:\/\/yoast.com\/product\/yoast-seo-wordpress\/ -->\n<title>Nettoyage en profondeur des b\u00e9tons KEIM Concretal-cleaner - Ma Cabane mat\u00e9riaux naturels<\/title>\n<meta name=\"description\" content=\"Destin\u00e9e au nettoyage en profondeur des b\u00e9tons. Peut \u00eatre utilis\u00e9 pour le nettoyage d&#039;anciens b\u00e9tons avec des salissures, traces d&#039;huiles ou graisses.\" \/>\n<meta name=\"robots\" content=\"noindex, nofollow\" \/>\n<meta property=\"og:locale\" content=\"fr_FR\" \/>\n<meta property=\"og:type\" content=\"article\" \/>\n<meta property=\"og:title\" content=\"Nettoyage en profondeur des b\u00e9tons KEIM Concretal-cleaner - Ma Cabane mat\u00e9riaux naturels\" \/>\n<meta property=\"og:description\" content=\"Destin\u00e9e au nettoyage en profondeur des b\u00e9tons. Peut \u00eatre utilis\u00e9 pour le nettoyage d&#039;anciens b\u00e9tons avec des salissures, traces d&#039;huiles ou graisses.\" \/>\n<meta property=\"og:url\" content=\"https:\/\/nature-et-developpement.com\/macabane-materiaux\/produit\/nettoyage-en-profondeur-des-betons-keim-concretal-cleaner\/\" \/>\n<meta property=\"og:site_name\" content=\"Ma Cabane mat\u00e9riaux naturels\" \/>\n<meta property=\"article:modified_time\" content=\"2026-04-30T09:45:51+00:00\" \/>\n<meta name=\"twitter:card\" content=\"summary_large_image\" \/>\n<script type=\"application\/ld+json\" class=\"yoast-schema-graph\">{\"@context\":\"https:\\\/\\\/schema.org\",\"@graph\":[{\"@type\":\"WebPage\",\"@id\":\"https:\\\/\\\/nature-et-developpement.com\\\/macabane-materiaux\\\/produit\\\/nettoyage-en-profondeur-des-betons-keim-concretal-cleaner\\\/\",\"url\":\"https:\\\/\\\/nature-et-developpement.com\\\/macabane-materiaux\\\/produit\\\/nettoyage-en-profondeur-des-betons-keim-concretal-cleaner\\\/\",\"name\":\"Nettoyage en profondeur des b\u00e9tons KEIM Concretal-cleaner - Ma Cabane mat\u00e9riaux naturels\",\"isPartOf\":{\"@id\":\"https:\\\/\\\/nature-et-developpement.com\\\/macabane-materiaux\\\/#website\"},\"primaryImageOfPage\":{\"@id\":\"https:\\\/\\\/nature-et-developpement.com\\\/macabane-materiaux\\\/produit\\\/nettoyage-en-profondeur-des-betons-keim-concretal-cleaner\\\/#primaryimage\"},\"image\":{\"@id\":\"https:\\\/\\\/nature-et-developpement.com\\\/macabane-materiaux\\\/produit\\\/nettoyage-en-profondeur-des-betons-keim-concretal-cleaner\\\/#primaryimage\"},\"thumbnailUrl\":\"https:\\\/\\\/nature-et-developpement.com\\\/macabane-materiaux\\\/wp-content\\\/uploads\\\/Nettoyage-en-profondeur-des-betons-KEIM-Nettoyant-Beton-5L-ou-20L.jpg\",\"datePublished\":\"2018-09-30T22:00:00+00:00\",\"dateModified\":\"2026-04-30T09:45:51+00:00\",\"description\":\"Destin\u00e9e au nettoyage en profondeur des b\u00e9tons. Peut \u00eatre utilis\u00e9 pour le nettoyage d'anciens b\u00e9tons avec des salissures, traces d'huiles ou graisses.\",\"breadcrumb\":{\"@id\":\"https:\\\/\\\/nature-et-developpement.com\\\/macabane-materiaux\\\/produit\\\/nettoyage-en-profondeur-des-betons-keim-concretal-cleaner\\\/#breadcrumb\"},\"inLanguage\":\"fr-FR\",\"potentialAction\":[{\"@type\":\"ReadAction\",\"target\":[\"https:\\\/\\\/nature-et-developpement.com\\\/macabane-materiaux\\\/produit\\\/nettoyage-en-profondeur-des-betons-keim-concretal-cleaner\\\/\"]}]},{\"@type\":\"ImageObject\",\"inLanguage\":\"fr-FR\",\"@id\":\"https:\\\/\\\/nature-et-developpement.com\\\/macabane-materiaux\\\/produit\\\/nettoyage-en-profondeur-des-betons-keim-concretal-cleaner\\\/#primaryimage\",\"url\":\"https:\\\/\\\/nature-et-developpement.com\\\/macabane-materiaux\\\/wp-content\\\/uploads\\\/Nettoyage-en-profondeur-des-betons-KEIM-Nettoyant-Beton-5L-ou-20L.jpg\",\"contentUrl\":\"https:\\\/\\\/nature-et-developpement.com\\\/macabane-materiaux\\\/wp-content\\\/uploads\\\/Nettoyage-en-profondeur-des-betons-KEIM-Nettoyant-Beton-5L-ou-20L.jpg\"},{\"@type\":\"BreadcrumbList\",\"@id\":\"https:\\\/\\\/nature-et-developpement.com\\\/macabane-materiaux\\\/produit\\\/nettoyage-en-profondeur-des-betons-keim-concretal-cleaner\\\/#breadcrumb\",\"itemListElement\":[{\"@type\":\"ListItem\",\"position\":1,\"name\":\"Accueil\",\"item\":\"https:\\\/\\\/nature-et-developpement.com\\\/macabane-materiaux\\\/\"},{\"@type\":\"ListItem\",\"position\":2,\"name\":\"Boutique\",\"item\":\"https:\\\/\\\/nature-et-developpement.com\\\/macabane-materiaux\\\/boutique\\\/\"},{\"@type\":\"ListItem\",\"position\":3,\"name\":\"Peinture, pigment et enduit\",\"item\":\"https:\\\/\\\/nature-et-developpement.com\\\/macabane-materiaux\\\/produits\\\/peinture-et-enduit\\\/\"},{\"@type\":\"ListItem\",\"position\":4,\"name\":\"Pr\u00e9paration du support\",\"item\":\"https:\\\/\\\/nature-et-developpement.com\\\/macabane-materiaux\\\/produits\\\/peinture-et-enduit\\\/preparation-du-support\\\/\"},{\"@type\":\"ListItem\",\"position\":5,\"name\":\"Nettoyage en profondeur des b\u00e9tons KEIM Concretal-cleaner\"}]},{\"@type\":\"WebSite\",\"@id\":\"https:\\\/\\\/nature-et-developpement.com\\\/macabane-materiaux\\\/#website\",\"url\":\"https:\\\/\\\/nature-et-developpement.com\\\/macabane-materiaux\\\/\",\"name\":\"Ma Cabane mat\u00e9riaux naturels\",\"description\":\"Ma Cabane est membre du groupement Nature &amp; D\u00e9veloppement\",\"potentialAction\":[{\"@type\":\"SearchAction\",\"target\":{\"@type\":\"EntryPoint\",\"urlTemplate\":\"https:\\\/\\\/nature-et-developpement.com\\\/macabane-materiaux\\\/?s={search_term_string}\"},\"query-input\":{\"@type\":\"PropertyValueSpecification\",\"valueRequired\":true,\"valueName\":\"search_term_string\"}}],\"inLanguage\":\"fr-FR\"}]}<\/script>\n<!-- \/ Yoast SEO plugin. -->","yoast_head_json":{"title":"Nettoyage en profondeur des b\u00e9tons KEIM Concretal-cleaner - Ma Cabane mat\u00e9riaux naturels","description":"Destin\u00e9e au nettoyage en profondeur des b\u00e9tons. Peut \u00eatre utilis\u00e9 pour le nettoyage d'anciens b\u00e9tons avec des salissures, traces d'huiles ou graisses.","robots":{"index":"noindex","follow":"nofollow"},"og_locale":"fr_FR","og_type":"article","og_title":"Nettoyage en profondeur des b\u00e9tons KEIM Concretal-cleaner - Ma Cabane mat\u00e9riaux naturels","og_description":"Destin\u00e9e au nettoyage en profondeur des b\u00e9tons. Peut \u00eatre utilis\u00e9 pour le nettoyage d'anciens b\u00e9tons avec des salissures, traces d'huiles ou graisses.","og_url":"https:\/\/nature-et-developpement.com\/macabane-materiaux\/produit\/nettoyage-en-profondeur-des-betons-keim-concretal-cleaner\/","og_site_name":"Ma Cabane mat\u00e9riaux naturels","article_modified_time":"2026-04-30T09:45:51+00:00","twitter_card":"summary_large_image","schema":{"@context":"https:\/\/schema.org","@graph":[{"@type":"WebPage","@id":"https:\/\/nature-et-developpement.com\/macabane-materiaux\/produit\/nettoyage-en-profondeur-des-betons-keim-concretal-cleaner\/","url":"https:\/\/nature-et-developpement.com\/macabane-materiaux\/produit\/nettoyage-en-profondeur-des-betons-keim-concretal-cleaner\/","name":"Nettoyage en profondeur des b\u00e9tons KEIM Concretal-cleaner - Ma Cabane mat\u00e9riaux naturels","isPartOf":{"@id":"https:\/\/nature-et-developpement.com\/macabane-materiaux\/#website"},"primaryImageOfPage":{"@id":"https:\/\/nature-et-developpement.com\/macabane-materiaux\/produit\/nettoyage-en-profondeur-des-betons-keim-concretal-cleaner\/#primaryimage"},"image":{"@id":"https:\/\/nature-et-developpement.com\/macabane-materiaux\/produit\/nettoyage-en-profondeur-des-betons-keim-concretal-cleaner\/#primaryimage"},"thumbnailUrl":"https:\/\/nature-et-developpement.com\/macabane-materiaux\/wp-content\/uploads\/Nettoyage-en-profondeur-des-betons-KEIM-Nettoyant-Beton-5L-ou-20L.jpg","datePublished":"2018-09-30T22:00:00+00:00","dateModified":"2026-04-30T09:45:51+00:00","description":"Destin\u00e9e au nettoyage en profondeur des b\u00e9tons. Peut \u00eatre utilis\u00e9 pour le nettoyage d'anciens b\u00e9tons avec des salissures, traces d'huiles ou graisses.","breadcrumb":{"@id":"https:\/\/nature-et-developpement.com\/macabane-materiaux\/produit\/nettoyage-en-profondeur-des-betons-keim-concretal-cleaner\/#breadcrumb"},"inLanguage":"fr-FR","potentialAction":[{"@type":"ReadAction","target":["https:\/\/nature-et-developpement.com\/macabane-materiaux\/produit\/nettoyage-en-profondeur-des-betons-keim-concretal-cleaner\/"]}]},{"@type":"ImageObject","inLanguage":"fr-FR","@id":"https:\/\/nature-et-developpement.com\/macabane-materiaux\/produit\/nettoyage-en-profondeur-des-betons-keim-concretal-cleaner\/#primaryimage","url":"https:\/\/nature-et-developpement.com\/macabane-materiaux\/wp-content\/uploads\/Nettoyage-en-profondeur-des-betons-KEIM-Nettoyant-Beton-5L-ou-20L.jpg","contentUrl":"https:\/\/nature-et-developpement.com\/macabane-materiaux\/wp-content\/uploads\/Nettoyage-en-profondeur-des-betons-KEIM-Nettoyant-Beton-5L-ou-20L.jpg"},{"@type":"BreadcrumbList","@id":"https:\/\/nature-et-developpement.com\/macabane-materiaux\/produit\/nettoyage-en-profondeur-des-betons-keim-concretal-cleaner\/#breadcrumb","itemListElement":[{"@type":"ListItem","position":1,"name":"Accueil","item":"https:\/\/nature-et-developpement.com\/macabane-materiaux\/"},{"@type":"ListItem","position":2,"name":"Boutique","item":"https:\/\/nature-et-developpement.com\/macabane-materiaux\/boutique\/"},{"@type":"ListItem","position":3,"name":"Peinture, pigment et enduit","item":"https:\/\/nature-et-developpement.com\/macabane-materiaux\/produits\/peinture-et-enduit\/"},{"@type":"ListItem","position":4,"name":"Pr\u00e9paration du support","item":"https:\/\/nature-et-developpement.com\/macabane-materiaux\/produits\/peinture-et-enduit\/preparation-du-support\/"},{"@type":"ListItem","position":5,"name":"Nettoyage en profondeur des b\u00e9tons KEIM Concretal-cleaner"}]},{"@type":"WebSite","@id":"https:\/\/nature-et-developpement.com\/macabane-materiaux\/#website","url":"https:\/\/nature-et-developpement.com\/macabane-materiaux\/","name":"Ma Cabane mat\u00e9riaux naturels","description":"Ma Cabane est membre du groupement Nature &amp; D\u00e9veloppement","potentialAction":[{"@type":"SearchAction","target":{"@type":"EntryPoint","urlTemplate":"https:\/\/nature-et-developpement.com\/macabane-materiaux\/?s={search_term_string}"},"query-input":{"@type":"PropertyValueSpecification","valueRequired":true,"valueName":"search_term_string"}}],"inLanguage":"fr-FR"}]}},"distributor_meta":false,"distributor_terms":false,"distributor_media":false,"distributor_original_site_name":"Ma Cabane mat\u00e9riaux naturels","distributor_original_site_url":"https:\/\/nature-et-developpement.com\/macabane-materiaux","push-errors":false,"_links":{"self":[{"href":"https:\/\/nature-et-developpement.com\/macabane-materiaux\/wp-json\/wp\/v2\/product\/5535","targetHints":{"allow":["GET"]}}],"collection":[{"href":"https:\/\/nature-et-developpement.com\/macabane-materiaux\/wp-json\/wp\/v2\/product"}],"about":[{"href":"https:\/\/nature-et-developpement.com\/macabane-materiaux\/wp-json\/wp\/v2\/types\/product"}],"wp:featuredmedia":[{"embeddable":true,"href":"https:\/\/nature-et-developpement.com\/macabane-materiaux\/wp-json\/"}],"wp:attachment":[{"href":"https:\/\/nature-et-developpement.com\/macabane-materiaux\/wp-json\/wp\/v2\/media?parent=5535"}],"wp:term":[{"taxonomy":"product_brand","embeddable":true,"href":"https:\/\/nature-et-developpement.com\/macabane-materiaux\/wp-json\/wp\/v2\/product_brand?post=5535"},{"taxonomy":"product_cat","embeddable":true,"href":"https:\/\/nature-et-developpement.com\/macabane-materiaux\/wp-json\/wp\/v2\/product_cat?post=5535"},{"taxonomy":"product_tag","embeddable":true,"href":"https:\/\/nature-et-developpement.com\/macabane-materiaux\/wp-json\/wp\/v2\/product_tag?post=5535"}],"curies":[{"name":"wp","href":"https:\/\/api.w.org\/{rel}","templated":true}]}}