{"id":5564,"date":"2018-10-01T00:00:00","date_gmt":"2018-09-30T22:00:00","guid":{"rendered":"https:\/\/nature-et-developpement.com\/macabane-materiaux\/produit\/keim-optil-grob\/"},"modified":"2026-04-30T13:25:55","modified_gmt":"2026-04-30T11:25:55","slug":"keim-optil-grob","status":"publish","type":"product","link":"https:\/\/nature-et-developpement.com\/macabane-materiaux\/produit\/keim-optil-grob\/","title":{"rendered":"Sous couche garnissante min\u00e9rale KEIM Optil-Grob"},"content":{"rendered":"<div class=\"col-lg-12\">\n<h2 class=\"product-title inverse\">Sous couche min\u00e9rale garnissante KEIM Optil-Grob<\/h2>\n<\/div>\n<div class=\"col-lg-12 inverse\">\n<p>L\u00e9g\u00e8rement granuleuse, peut \u00eatre utilis\u00e9e sur tous types de supports et sur anciennes peintures bien adh\u00e9rentes.<\/p>\n<p>Appliqu\u00e9e en couche de fond pour une finition KEIM Optil.<\/p>\n<p>Ne pas appliquer sur les surfaces pr\u00e9sentant des efflorescences salines, sur les anciennes laques ainsi que sur le bois.<\/p>\n<p>Peinture min\u00e9rale garnissante \u00e0 base d&rsquo;un double liant sol-silicate, pr\u00eate \u00e0 l&#8217;emploi.<\/p>\n<p>Rel\u00e8ve de la norme NF EN 13300.<\/p>\n<\/div>\n<div class=\"col-lg-6 inverse\">\n<p><strong>Teinte<\/strong><br \/>\nDisponible en blanc uniquement<\/p>\n<p><strong>Application<\/strong><br \/>\nBrosse, rouleau, projection Airless<\/p>\n<\/div>\n<div class=\"col-lg-6 inverse\">\n<p><strong>Consommation<\/strong><br \/>\nEnv. 0,15 L\/m\u00b2 pour 1 couche<\/p>\n<p><strong>Conditionnement<\/strong><br \/>\nSeau plastique de 5 L et 12,5 L<\/p>\n<\/div>\n","protected":false},"excerpt":{"rendered":"<p>L\u00e9g\u00e8rement granuleuse, peut \u00eatre utilis\u00e9e sur tous types de supports et sur anciennes peintures bien adh\u00e9rentes. Appliqu\u00e9e en couche de fond pour une finition OPTIL ou en finition sur une couche de fond OPTIL GROB.<\/p>\n<p>Disponible en blanc uniquement.<\/p>\n","protected":false},"featured_media":1000000201214,"template":"","meta":[],"product_brand":[159],"product_cat":[93],"product_tag":[2753],"class_list":{"0":"post-5564","1":"product","2":"type-product","3":"status-publish","4":"has-post-thumbnail","6":"product_brand-keim","7":"product_cat-preparation-du-support","8":"product_tag-keim","9":"product_shipping_class-peintures-accessoires-peintures","11":"first","12":"instock","13":"taxable","14":"shipping-taxable","15":"purchasable","16":"product-type-variable"},"yoast_head":"<!-- This site is optimized with the Yoast SEO plugin v27.5 - https:\/\/yoast.com\/product\/yoast-seo-wordpress\/ -->\n<title>Sous couche garnissante min\u00e9rale KEIM Optil-Grob - Ma Cabane mat\u00e9riaux naturels<\/title>\n<meta name=\"description\" content=\"L\u00e9g\u00e8rement granuleuse, appliqu\u00e9e en couche de fond pour une finition OPTIL ou en finition sur une couche de fond OPTIL GROB. Disponible en blanc uniquement.\" \/>\n<meta name=\"robots\" content=\"noindex, nofollow\" \/>\n<meta property=\"og:locale\" content=\"fr_FR\" \/>\n<meta property=\"og:type\" content=\"article\" \/>\n<meta property=\"og:title\" content=\"Sous couche garnissante min\u00e9rale KEIM Optil-Grob - Ma Cabane mat\u00e9riaux naturels\" \/>\n<meta property=\"og:description\" content=\"L\u00e9g\u00e8rement granuleuse, appliqu\u00e9e en couche de fond pour une finition OPTIL ou en finition sur une couche de fond OPTIL GROB. Disponible en blanc uniquement.\" \/>\n<meta property=\"og:url\" content=\"https:\/\/nature-et-developpement.com\/macabane-materiaux\/produit\/keim-optil-grob\/\" \/>\n<meta property=\"og:site_name\" content=\"Ma Cabane mat\u00e9riaux naturels\" \/>\n<meta property=\"article:modified_time\" content=\"2026-04-30T11:25:55+00:00\" \/>\n<meta name=\"twitter:card\" content=\"summary_large_image\" \/>\n<meta name=\"twitter:label1\" content=\"Dur\u00e9e de lecture estim\u00e9e\" \/>\n\t<meta name=\"twitter:data1\" content=\"1 minute\" \/>\n<script type=\"application\/ld+json\" class=\"yoast-schema-graph\">{\"@context\":\"https:\\\/\\\/schema.org\",\"@graph\":[{\"@type\":\"WebPage\",\"@id\":\"https:\\\/\\\/nature-et-developpement.com\\\/macabane-materiaux\\\/produit\\\/keim-optil-grob\\\/\",\"url\":\"https:\\\/\\\/nature-et-developpement.com\\\/macabane-materiaux\\\/produit\\\/keim-optil-grob\\\/\",\"name\":\"Sous couche garnissante min\u00e9rale KEIM Optil-Grob - Ma Cabane mat\u00e9riaux naturels\",\"isPartOf\":{\"@id\":\"https:\\\/\\\/nature-et-developpement.com\\\/macabane-materiaux\\\/#website\"},\"primaryImageOfPage\":{\"@id\":\"https:\\\/\\\/nature-et-developpement.com\\\/macabane-materiaux\\\/produit\\\/keim-optil-grob\\\/#primaryimage\"},\"image\":{\"@id\":\"https:\\\/\\\/nature-et-developpement.com\\\/macabane-materiaux\\\/produit\\\/keim-optil-grob\\\/#primaryimage\"},\"thumbnailUrl\":\"https:\\\/\\\/nature-et-developpement.com\\\/macabane-materiaux\\\/wp-content\\\/uploads\\\/Sous-couche-garnissante-minerale-KEIM-Optil-Grob-12-5Kg.jpg\",\"datePublished\":\"2018-09-30T22:00:00+00:00\",\"dateModified\":\"2026-04-30T11:25:55+00:00\",\"description\":\"L\u00e9g\u00e8rement granuleuse, appliqu\u00e9e en couche de fond pour une finition OPTIL ou en finition sur une couche de fond OPTIL GROB. Disponible en blanc uniquement.\",\"breadcrumb\":{\"@id\":\"https:\\\/\\\/nature-et-developpement.com\\\/macabane-materiaux\\\/produit\\\/keim-optil-grob\\\/#breadcrumb\"},\"inLanguage\":\"fr-FR\",\"potentialAction\":[{\"@type\":\"ReadAction\",\"target\":[\"https:\\\/\\\/nature-et-developpement.com\\\/macabane-materiaux\\\/produit\\\/keim-optil-grob\\\/\"]}]},{\"@type\":\"ImageObject\",\"inLanguage\":\"fr-FR\",\"@id\":\"https:\\\/\\\/nature-et-developpement.com\\\/macabane-materiaux\\\/produit\\\/keim-optil-grob\\\/#primaryimage\",\"url\":\"https:\\\/\\\/nature-et-developpement.com\\\/macabane-materiaux\\\/wp-content\\\/uploads\\\/Sous-couche-garnissante-minerale-KEIM-Optil-Grob-12-5Kg.jpg\",\"contentUrl\":\"https:\\\/\\\/nature-et-developpement.com\\\/macabane-materiaux\\\/wp-content\\\/uploads\\\/Sous-couche-garnissante-minerale-KEIM-Optil-Grob-12-5Kg.jpg\"},{\"@type\":\"BreadcrumbList\",\"@id\":\"https:\\\/\\\/nature-et-developpement.com\\\/macabane-materiaux\\\/produit\\\/keim-optil-grob\\\/#breadcrumb\",\"itemListElement\":[{\"@type\":\"ListItem\",\"position\":1,\"name\":\"Accueil\",\"item\":\"https:\\\/\\\/nature-et-developpement.com\\\/macabane-materiaux\\\/\"},{\"@type\":\"ListItem\",\"position\":2,\"name\":\"Boutique\",\"item\":\"https:\\\/\\\/nature-et-developpement.com\\\/macabane-materiaux\\\/boutique\\\/\"},{\"@type\":\"ListItem\",\"position\":3,\"name\":\"Peinture, pigment et enduit\",\"item\":\"https:\\\/\\\/nature-et-developpement.com\\\/macabane-materiaux\\\/produits\\\/peinture-et-enduit\\\/\"},{\"@type\":\"ListItem\",\"position\":4,\"name\":\"Pr\u00e9paration du support\",\"item\":\"https:\\\/\\\/nature-et-developpement.com\\\/macabane-materiaux\\\/produits\\\/peinture-et-enduit\\\/preparation-du-support\\\/\"},{\"@type\":\"ListItem\",\"position\":5,\"name\":\"Sous couche garnissante min\u00e9rale KEIM Optil-Grob\"}]},{\"@type\":\"WebSite\",\"@id\":\"https:\\\/\\\/nature-et-developpement.com\\\/macabane-materiaux\\\/#website\",\"url\":\"https:\\\/\\\/nature-et-developpement.com\\\/macabane-materiaux\\\/\",\"name\":\"Ma Cabane mat\u00e9riaux naturels\",\"description\":\"Ma Cabane est membre du groupement Nature &amp; D\u00e9veloppement\",\"potentialAction\":[{\"@type\":\"SearchAction\",\"target\":{\"@type\":\"EntryPoint\",\"urlTemplate\":\"https:\\\/\\\/nature-et-developpement.com\\\/macabane-materiaux\\\/?s={search_term_string}\"},\"query-input\":{\"@type\":\"PropertyValueSpecification\",\"valueRequired\":true,\"valueName\":\"search_term_string\"}}],\"inLanguage\":\"fr-FR\"}]}<\/script>\n<!-- \/ Yoast SEO plugin. -->","yoast_head_json":{"title":"Sous couche garnissante min\u00e9rale KEIM Optil-Grob - Ma Cabane mat\u00e9riaux naturels","description":"L\u00e9g\u00e8rement granuleuse, appliqu\u00e9e en couche de fond pour une finition OPTIL ou en finition sur une couche de fond OPTIL GROB. Disponible en blanc uniquement.","robots":{"index":"noindex","follow":"nofollow"},"og_locale":"fr_FR","og_type":"article","og_title":"Sous couche garnissante min\u00e9rale KEIM Optil-Grob - Ma Cabane mat\u00e9riaux naturels","og_description":"L\u00e9g\u00e8rement granuleuse, appliqu\u00e9e en couche de fond pour une finition OPTIL ou en finition sur une couche de fond OPTIL GROB. Disponible en blanc uniquement.","og_url":"https:\/\/nature-et-developpement.com\/macabane-materiaux\/produit\/keim-optil-grob\/","og_site_name":"Ma Cabane mat\u00e9riaux naturels","article_modified_time":"2026-04-30T11:25:55+00:00","twitter_card":"summary_large_image","twitter_misc":{"Dur\u00e9e de lecture estim\u00e9e":"1 minute"},"schema":{"@context":"https:\/\/schema.org","@graph":[{"@type":"WebPage","@id":"https:\/\/nature-et-developpement.com\/macabane-materiaux\/produit\/keim-optil-grob\/","url":"https:\/\/nature-et-developpement.com\/macabane-materiaux\/produit\/keim-optil-grob\/","name":"Sous couche garnissante min\u00e9rale KEIM Optil-Grob - Ma Cabane mat\u00e9riaux naturels","isPartOf":{"@id":"https:\/\/nature-et-developpement.com\/macabane-materiaux\/#website"},"primaryImageOfPage":{"@id":"https:\/\/nature-et-developpement.com\/macabane-materiaux\/produit\/keim-optil-grob\/#primaryimage"},"image":{"@id":"https:\/\/nature-et-developpement.com\/macabane-materiaux\/produit\/keim-optil-grob\/#primaryimage"},"thumbnailUrl":"https:\/\/nature-et-developpement.com\/macabane-materiaux\/wp-content\/uploads\/Sous-couche-garnissante-minerale-KEIM-Optil-Grob-12-5Kg.jpg","datePublished":"2018-09-30T22:00:00+00:00","dateModified":"2026-04-30T11:25:55+00:00","description":"L\u00e9g\u00e8rement granuleuse, appliqu\u00e9e en couche de fond pour une finition OPTIL ou en finition sur une couche de fond OPTIL GROB. Disponible en blanc uniquement.","breadcrumb":{"@id":"https:\/\/nature-et-developpement.com\/macabane-materiaux\/produit\/keim-optil-grob\/#breadcrumb"},"inLanguage":"fr-FR","potentialAction":[{"@type":"ReadAction","target":["https:\/\/nature-et-developpement.com\/macabane-materiaux\/produit\/keim-optil-grob\/"]}]},{"@type":"ImageObject","inLanguage":"fr-FR","@id":"https:\/\/nature-et-developpement.com\/macabane-materiaux\/produit\/keim-optil-grob\/#primaryimage","url":"https:\/\/nature-et-developpement.com\/macabane-materiaux\/wp-content\/uploads\/Sous-couche-garnissante-minerale-KEIM-Optil-Grob-12-5Kg.jpg","contentUrl":"https:\/\/nature-et-developpement.com\/macabane-materiaux\/wp-content\/uploads\/Sous-couche-garnissante-minerale-KEIM-Optil-Grob-12-5Kg.jpg"},{"@type":"BreadcrumbList","@id":"https:\/\/nature-et-developpement.com\/macabane-materiaux\/produit\/keim-optil-grob\/#breadcrumb","itemListElement":[{"@type":"ListItem","position":1,"name":"Accueil","item":"https:\/\/nature-et-developpement.com\/macabane-materiaux\/"},{"@type":"ListItem","position":2,"name":"Boutique","item":"https:\/\/nature-et-developpement.com\/macabane-materiaux\/boutique\/"},{"@type":"ListItem","position":3,"name":"Peinture, pigment et enduit","item":"https:\/\/nature-et-developpement.com\/macabane-materiaux\/produits\/peinture-et-enduit\/"},{"@type":"ListItem","position":4,"name":"Pr\u00e9paration du support","item":"https:\/\/nature-et-developpement.com\/macabane-materiaux\/produits\/peinture-et-enduit\/preparation-du-support\/"},{"@type":"ListItem","position":5,"name":"Sous couche garnissante min\u00e9rale KEIM Optil-Grob"}]},{"@type":"WebSite","@id":"https:\/\/nature-et-developpement.com\/macabane-materiaux\/#website","url":"https:\/\/nature-et-developpement.com\/macabane-materiaux\/","name":"Ma Cabane mat\u00e9riaux naturels","description":"Ma Cabane est membre du groupement Nature &amp; D\u00e9veloppement","potentialAction":[{"@type":"SearchAction","target":{"@type":"EntryPoint","urlTemplate":"https:\/\/nature-et-developpement.com\/macabane-materiaux\/?s={search_term_string}"},"query-input":{"@type":"PropertyValueSpecification","valueRequired":true,"valueName":"search_term_string"}}],"inLanguage":"fr-FR"}]}},"distributor_meta":false,"distributor_terms":false,"distributor_media":false,"distributor_original_site_name":"Ma Cabane mat\u00e9riaux naturels","distributor_original_site_url":"https:\/\/nature-et-developpement.com\/macabane-materiaux","push-errors":false,"_links":{"self":[{"href":"https:\/\/nature-et-developpement.com\/macabane-materiaux\/wp-json\/wp\/v2\/product\/5564","targetHints":{"allow":["GET"]}}],"collection":[{"href":"https:\/\/nature-et-developpement.com\/macabane-materiaux\/wp-json\/wp\/v2\/product"}],"about":[{"href":"https:\/\/nature-et-developpement.com\/macabane-materiaux\/wp-json\/wp\/v2\/types\/product"}],"wp:featuredmedia":[{"embeddable":true,"href":"https:\/\/nature-et-developpement.com\/macabane-materiaux\/wp-json\/"}],"wp:attachment":[{"href":"https:\/\/nature-et-developpement.com\/macabane-materiaux\/wp-json\/wp\/v2\/media?parent=5564"}],"wp:term":[{"taxonomy":"product_brand","embeddable":true,"href":"https:\/\/nature-et-developpement.com\/macabane-materiaux\/wp-json\/wp\/v2\/product_brand?post=5564"},{"taxonomy":"product_cat","embeddable":true,"href":"https:\/\/nature-et-developpement.com\/macabane-materiaux\/wp-json\/wp\/v2\/product_cat?post=5564"},{"taxonomy":"product_tag","embeddable":true,"href":"https:\/\/nature-et-developpement.com\/macabane-materiaux\/wp-json\/wp\/v2\/product_tag?post=5564"}],"curies":[{"name":"wp","href":"https:\/\/api.w.org\/{rel}","templated":true}]}}