{"id":5602,"date":"2018-10-01T00:00:00","date_gmt":"2018-09-30T22:00:00","guid":{"rendered":"https:\/\/nature-et-developpement.com\/macabane-materiaux\/produit\/lasure-minerale-pour-beton-keim-lasure-concretal\/"},"modified":"2026-04-30T16:01:27","modified_gmt":"2026-04-30T14:01:27","slug":"lasure-minerale-pour-beton-keim-lasur-concretal","status":"publish","type":"product","link":"https:\/\/nature-et-developpement.com\/macabane-materiaux\/produit\/lasure-minerale-pour-beton-keim-lasur-concretal\/","title":{"rendered":"Lasure min\u00e9rale pour b\u00e9ton KEIM Concretal-Lasur"},"content":{"rendered":"<div class=\"col-lg-12\">\n<h3 class=\"product-title inverse\">KEIM Lasure Concretal\u00ae<\/h3>\n<\/div>\n<p>Lasure min\u00e9rale destin\u00e9e \u00e0 la r\u00e9alisation de rev\u00eatements lasur\u00e9s sur tous types de b\u00e9tons : b\u00e9ton architectonique, b\u00e9ton matric\u00e9, b\u00e9ton banch\u00e9, \u00e9l\u00e9ments de b\u00e9ton pr\u00e9fabriqu\u00e9s, b\u00e9ton ragr\u00e9\u00e9.<\/p>\n<p>Peut \u00eatre mate opaque ou transparente selon le degr\u00e9 de dilution choisi. Teinte \u00e0 m\u00e9langer avec KEIM Fixatif Concretal et\/ou KEIM Concretal-Base.<\/p>\n<p><strong>Teinte<\/strong><br \/>\nDisponible dans toutes les teintes du nuancier KEIM Exclusiv et Avantgarde.<\/p>\n<p>Les teintes 9018, 9019 et 9020 sont uniquement destin\u00e9es \u00e0 un usage en int\u00e9rieur.<br \/>\nTeintes hors nuancier sur demande.<\/p>\n<p><img loading=\"lazy\" decoding=\"async\" class=\"alignnone wp-image-108013 size-full\" src=\"https:\/\/nature-et-developpement.com\/wp-content\/uploads\/cms\/KEIM\/KEIM-NUANCIER-SOLDALIT-CONCRETAL-MINERIS.jpg\" alt=\"\" width=\"557\" height=\"772\" \/><\/p>\n<p><strong>Application<\/strong><br \/>\nBrosse, rouleau, projection Airless<\/p>\n<p><strong>Consommation<\/strong><br \/>\nEnv. 0,125 L\/m\u00b2 pour 1 couche\u00a0(hors dilution)<\/p>\n<p><strong>Conditionnement<\/strong><br \/>\nSeau de 1 L, 5 L et 15 L<\/p>\n<p><strong>Commande<\/strong><\/p>\n<p>Ajoutez le chiffre de la couleur choisie dans la case \u00ab\u00a0Compl\u00e9ments\u00a0\u00bb.<\/p>\n","protected":false},"excerpt":{"rendered":"<p><strong><a class=\"btn btn-default\" href=\"https:\/\/nature-et-developpement.com\/wp-content\/uploads\/cms\/KEIM\/Spektrum_KEIM.pdf\" target=\"_blank\" rel=\"noopener\"><img loading=\"lazy\" decoding=\"async\" class=\"alignleft wp-image-108482\" src=\"https:\/\/nature-et-developpement.com\/wp-content\/uploads\/cms\/NATURA\/COULEURS_2020-450x450.jpg\" alt=\"\" width=\"30\" height=\"30\" \/><\/a><a href=\"https:\/\/nature-et-developpement.com\/wp-content\/uploads\/Spektrum_KEIM-ND.pdf\" target=\"_blank\" rel=\"noopener\">Choisissez votre couleur<\/a><\/strong><br \/>\n<a href=\"https:\/\/nature-et-developpement.com\/wp-content\/uploads\/cms\/KEIM\/KEIM-NUANCIER-SOLDALIT-CONCRETAL-MINERIS.jpg\" target=\"_blank\" rel=\"noopener\"><strong>Retrouvez votre classe de prix<\/strong><\/a><\/p>\n<p>Lasure min\u00e9rale pr\u00eate \u00e0 l\u2019emploi, \u00e0 base d\u2019un double liant solsilicate<br \/>\nPermet de mettre en valeur les surfaces en b\u00e9ton tout en les prot\u00e9geant pendant tr\u00e8s longtemps.<\/p>\n","protected":false},"featured_media":1000000201200,"template":"","meta":[],"product_brand":[159],"product_cat":[88],"product_tag":[2753],"class_list":{"0":"post-5602","1":"product","2":"type-product","3":"status-publish","4":"has-post-thumbnail","6":"product_brand-keim","7":"product_cat-peinture-ecologique","8":"product_tag-keim","9":"product_shipping_class-peintures-accessoires-peintures","11":"first","12":"instock","13":"taxable","14":"shipping-taxable","15":"purchasable","16":"product-type-variable"},"yoast_head":"<!-- This site is optimized with the Yoast SEO plugin v27.5 - https:\/\/yoast.com\/product\/yoast-seo-wordpress\/ -->\n<title>Lasure min\u00e9rale pour b\u00e9ton KEIM Concretal-Lasur - Ma Cabane mat\u00e9riaux naturels<\/title>\n<meta name=\"description\" content=\"Choisissez votre couleur Retrouvez votre classe de prix  Lasure min\u00e9rale pr\u00eate \u00e0 l\u2019emploi, \u00e0 base d\u2019un double liant solsilicate Permet de mettre en valeur les surfaces en b\u00e9ton tout en les prot\u00e9geant pendant tr\u00e8s longtemps.\" \/>\n<meta name=\"robots\" content=\"noindex, nofollow\" \/>\n<meta property=\"og:locale\" content=\"fr_FR\" \/>\n<meta property=\"og:type\" content=\"article\" \/>\n<meta property=\"og:title\" content=\"Lasure min\u00e9rale pour b\u00e9ton KEIM Concretal-Lasur - Ma Cabane mat\u00e9riaux naturels\" \/>\n<meta property=\"og:description\" content=\"Choisissez votre couleur Retrouvez votre classe de prix  Lasure min\u00e9rale pr\u00eate \u00e0 l\u2019emploi, \u00e0 base d\u2019un double liant solsilicate Permet de mettre en valeur les surfaces en b\u00e9ton tout en les prot\u00e9geant pendant tr\u00e8s longtemps.\" \/>\n<meta property=\"og:url\" content=\"https:\/\/nature-et-developpement.com\/macabane-materiaux\/produit\/lasure-minerale-pour-beton-keim-lasur-concretal\/\" \/>\n<meta property=\"og:site_name\" content=\"Ma Cabane mat\u00e9riaux naturels\" \/>\n<meta property=\"article:modified_time\" content=\"2026-04-30T14:01:27+00:00\" \/>\n<meta name=\"twitter:card\" content=\"summary_large_image\" \/>\n<meta name=\"twitter:label1\" content=\"Dur\u00e9e de lecture estim\u00e9e\" \/>\n\t<meta name=\"twitter:data1\" content=\"1 minute\" \/>\n<script type=\"application\/ld+json\" class=\"yoast-schema-graph\">{\"@context\":\"https:\\\/\\\/schema.org\",\"@graph\":[{\"@type\":\"WebPage\",\"@id\":\"https:\\\/\\\/nature-et-developpement.com\\\/macabane-materiaux\\\/produit\\\/lasure-minerale-pour-beton-keim-lasur-concretal\\\/\",\"url\":\"https:\\\/\\\/nature-et-developpement.com\\\/macabane-materiaux\\\/produit\\\/lasure-minerale-pour-beton-keim-lasur-concretal\\\/\",\"name\":\"Lasure min\u00e9rale pour b\u00e9ton KEIM Concretal-Lasur - Ma Cabane mat\u00e9riaux naturels\",\"isPartOf\":{\"@id\":\"https:\\\/\\\/nature-et-developpement.com\\\/macabane-materiaux\\\/#website\"},\"primaryImageOfPage\":{\"@id\":\"https:\\\/\\\/nature-et-developpement.com\\\/macabane-materiaux\\\/produit\\\/lasure-minerale-pour-beton-keim-lasur-concretal\\\/#primaryimage\"},\"image\":{\"@id\":\"https:\\\/\\\/nature-et-developpement.com\\\/macabane-materiaux\\\/produit\\\/lasure-minerale-pour-beton-keim-lasur-concretal\\\/#primaryimage\"},\"thumbnailUrl\":\"https:\\\/\\\/nature-et-developpement.com\\\/macabane-materiaux\\\/wp-content\\\/uploads\\\/Lasure-minerale-pour-beton-KEIM-Concretal-Lasur-15L.jpg\",\"datePublished\":\"2018-09-30T22:00:00+00:00\",\"dateModified\":\"2026-04-30T14:01:27+00:00\",\"description\":\"Choisissez votre couleur Retrouvez votre classe de prix Lasure min\u00e9rale pr\u00eate \u00e0 l\u2019emploi, \u00e0 base d\u2019un double liant solsilicate Permet de mettre en valeur les surfaces en b\u00e9ton tout en les prot\u00e9geant pendant tr\u00e8s longtemps.\",\"breadcrumb\":{\"@id\":\"https:\\\/\\\/nature-et-developpement.com\\\/macabane-materiaux\\\/produit\\\/lasure-minerale-pour-beton-keim-lasur-concretal\\\/#breadcrumb\"},\"inLanguage\":\"fr-FR\",\"potentialAction\":[{\"@type\":\"ReadAction\",\"target\":[\"https:\\\/\\\/nature-et-developpement.com\\\/macabane-materiaux\\\/produit\\\/lasure-minerale-pour-beton-keim-lasur-concretal\\\/\"]}]},{\"@type\":\"ImageObject\",\"inLanguage\":\"fr-FR\",\"@id\":\"https:\\\/\\\/nature-et-developpement.com\\\/macabane-materiaux\\\/produit\\\/lasure-minerale-pour-beton-keim-lasur-concretal\\\/#primaryimage\",\"url\":\"https:\\\/\\\/nature-et-developpement.com\\\/macabane-materiaux\\\/wp-content\\\/uploads\\\/Lasure-minerale-pour-beton-KEIM-Concretal-Lasur-15L.jpg\",\"contentUrl\":\"https:\\\/\\\/nature-et-developpement.com\\\/macabane-materiaux\\\/wp-content\\\/uploads\\\/Lasure-minerale-pour-beton-KEIM-Concretal-Lasur-15L.jpg\"},{\"@type\":\"BreadcrumbList\",\"@id\":\"https:\\\/\\\/nature-et-developpement.com\\\/macabane-materiaux\\\/produit\\\/lasure-minerale-pour-beton-keim-lasur-concretal\\\/#breadcrumb\",\"itemListElement\":[{\"@type\":\"ListItem\",\"position\":1,\"name\":\"Accueil\",\"item\":\"https:\\\/\\\/nature-et-developpement.com\\\/macabane-materiaux\\\/\"},{\"@type\":\"ListItem\",\"position\":2,\"name\":\"Boutique\",\"item\":\"https:\\\/\\\/nature-et-developpement.com\\\/macabane-materiaux\\\/boutique\\\/\"},{\"@type\":\"ListItem\",\"position\":3,\"name\":\"Peinture, pigment et enduit\",\"item\":\"https:\\\/\\\/nature-et-developpement.com\\\/macabane-materiaux\\\/produits\\\/peinture-et-enduit\\\/\"},{\"@type\":\"ListItem\",\"position\":4,\"name\":\"Peintures\",\"item\":\"https:\\\/\\\/nature-et-developpement.com\\\/macabane-materiaux\\\/produits\\\/peinture-et-enduit\\\/peinture-ecologique\\\/\"},{\"@type\":\"ListItem\",\"position\":5,\"name\":\"Lasure min\u00e9rale pour b\u00e9ton KEIM Concretal-Lasur\"}]},{\"@type\":\"WebSite\",\"@id\":\"https:\\\/\\\/nature-et-developpement.com\\\/macabane-materiaux\\\/#website\",\"url\":\"https:\\\/\\\/nature-et-developpement.com\\\/macabane-materiaux\\\/\",\"name\":\"Ma Cabane mat\u00e9riaux naturels\",\"description\":\"Ma Cabane est membre du groupement Nature &amp; D\u00e9veloppement\",\"potentialAction\":[{\"@type\":\"SearchAction\",\"target\":{\"@type\":\"EntryPoint\",\"urlTemplate\":\"https:\\\/\\\/nature-et-developpement.com\\\/macabane-materiaux\\\/?s={search_term_string}\"},\"query-input\":{\"@type\":\"PropertyValueSpecification\",\"valueRequired\":true,\"valueName\":\"search_term_string\"}}],\"inLanguage\":\"fr-FR\"}]}<\/script>\n<!-- \/ Yoast SEO plugin. -->","yoast_head_json":{"title":"Lasure min\u00e9rale pour b\u00e9ton KEIM Concretal-Lasur - Ma Cabane mat\u00e9riaux naturels","description":"Choisissez votre couleur Retrouvez votre classe de prix  Lasure min\u00e9rale pr\u00eate \u00e0 l\u2019emploi, \u00e0 base d\u2019un double liant solsilicate Permet de mettre en valeur les surfaces en b\u00e9ton tout en les prot\u00e9geant pendant tr\u00e8s longtemps.","robots":{"index":"noindex","follow":"nofollow"},"og_locale":"fr_FR","og_type":"article","og_title":"Lasure min\u00e9rale pour b\u00e9ton KEIM Concretal-Lasur - Ma Cabane mat\u00e9riaux naturels","og_description":"Choisissez votre couleur Retrouvez votre classe de prix  Lasure min\u00e9rale pr\u00eate \u00e0 l\u2019emploi, \u00e0 base d\u2019un double liant solsilicate Permet de mettre en valeur les surfaces en b\u00e9ton tout en les prot\u00e9geant pendant tr\u00e8s longtemps.","og_url":"https:\/\/nature-et-developpement.com\/macabane-materiaux\/produit\/lasure-minerale-pour-beton-keim-lasur-concretal\/","og_site_name":"Ma Cabane mat\u00e9riaux naturels","article_modified_time":"2026-04-30T14:01:27+00:00","twitter_card":"summary_large_image","twitter_misc":{"Dur\u00e9e de lecture estim\u00e9e":"1 minute"},"schema":{"@context":"https:\/\/schema.org","@graph":[{"@type":"WebPage","@id":"https:\/\/nature-et-developpement.com\/macabane-materiaux\/produit\/lasure-minerale-pour-beton-keim-lasur-concretal\/","url":"https:\/\/nature-et-developpement.com\/macabane-materiaux\/produit\/lasure-minerale-pour-beton-keim-lasur-concretal\/","name":"Lasure min\u00e9rale pour b\u00e9ton KEIM Concretal-Lasur - Ma Cabane mat\u00e9riaux naturels","isPartOf":{"@id":"https:\/\/nature-et-developpement.com\/macabane-materiaux\/#website"},"primaryImageOfPage":{"@id":"https:\/\/nature-et-developpement.com\/macabane-materiaux\/produit\/lasure-minerale-pour-beton-keim-lasur-concretal\/#primaryimage"},"image":{"@id":"https:\/\/nature-et-developpement.com\/macabane-materiaux\/produit\/lasure-minerale-pour-beton-keim-lasur-concretal\/#primaryimage"},"thumbnailUrl":"https:\/\/nature-et-developpement.com\/macabane-materiaux\/wp-content\/uploads\/Lasure-minerale-pour-beton-KEIM-Concretal-Lasur-15L.jpg","datePublished":"2018-09-30T22:00:00+00:00","dateModified":"2026-04-30T14:01:27+00:00","description":"Choisissez votre couleur Retrouvez votre classe de prix Lasure min\u00e9rale pr\u00eate \u00e0 l\u2019emploi, \u00e0 base d\u2019un double liant solsilicate Permet de mettre en valeur les surfaces en b\u00e9ton tout en les prot\u00e9geant pendant tr\u00e8s longtemps.","breadcrumb":{"@id":"https:\/\/nature-et-developpement.com\/macabane-materiaux\/produit\/lasure-minerale-pour-beton-keim-lasur-concretal\/#breadcrumb"},"inLanguage":"fr-FR","potentialAction":[{"@type":"ReadAction","target":["https:\/\/nature-et-developpement.com\/macabane-materiaux\/produit\/lasure-minerale-pour-beton-keim-lasur-concretal\/"]}]},{"@type":"ImageObject","inLanguage":"fr-FR","@id":"https:\/\/nature-et-developpement.com\/macabane-materiaux\/produit\/lasure-minerale-pour-beton-keim-lasur-concretal\/#primaryimage","url":"https:\/\/nature-et-developpement.com\/macabane-materiaux\/wp-content\/uploads\/Lasure-minerale-pour-beton-KEIM-Concretal-Lasur-15L.jpg","contentUrl":"https:\/\/nature-et-developpement.com\/macabane-materiaux\/wp-content\/uploads\/Lasure-minerale-pour-beton-KEIM-Concretal-Lasur-15L.jpg"},{"@type":"BreadcrumbList","@id":"https:\/\/nature-et-developpement.com\/macabane-materiaux\/produit\/lasure-minerale-pour-beton-keim-lasur-concretal\/#breadcrumb","itemListElement":[{"@type":"ListItem","position":1,"name":"Accueil","item":"https:\/\/nature-et-developpement.com\/macabane-materiaux\/"},{"@type":"ListItem","position":2,"name":"Boutique","item":"https:\/\/nature-et-developpement.com\/macabane-materiaux\/boutique\/"},{"@type":"ListItem","position":3,"name":"Peinture, pigment et enduit","item":"https:\/\/nature-et-developpement.com\/macabane-materiaux\/produits\/peinture-et-enduit\/"},{"@type":"ListItem","position":4,"name":"Peintures","item":"https:\/\/nature-et-developpement.com\/macabane-materiaux\/produits\/peinture-et-enduit\/peinture-ecologique\/"},{"@type":"ListItem","position":5,"name":"Lasure min\u00e9rale pour b\u00e9ton KEIM Concretal-Lasur"}]},{"@type":"WebSite","@id":"https:\/\/nature-et-developpement.com\/macabane-materiaux\/#website","url":"https:\/\/nature-et-developpement.com\/macabane-materiaux\/","name":"Ma Cabane mat\u00e9riaux naturels","description":"Ma Cabane est membre du groupement Nature &amp; D\u00e9veloppement","potentialAction":[{"@type":"SearchAction","target":{"@type":"EntryPoint","urlTemplate":"https:\/\/nature-et-developpement.com\/macabane-materiaux\/?s={search_term_string}"},"query-input":{"@type":"PropertyValueSpecification","valueRequired":true,"valueName":"search_term_string"}}],"inLanguage":"fr-FR"}]}},"distributor_meta":false,"distributor_terms":false,"distributor_media":false,"distributor_original_site_name":"Ma Cabane mat\u00e9riaux naturels","distributor_original_site_url":"https:\/\/nature-et-developpement.com\/macabane-materiaux","push-errors":false,"_links":{"self":[{"href":"https:\/\/nature-et-developpement.com\/macabane-materiaux\/wp-json\/wp\/v2\/product\/5602","targetHints":{"allow":["GET"]}}],"collection":[{"href":"https:\/\/nature-et-developpement.com\/macabane-materiaux\/wp-json\/wp\/v2\/product"}],"about":[{"href":"https:\/\/nature-et-developpement.com\/macabane-materiaux\/wp-json\/wp\/v2\/types\/product"}],"wp:featuredmedia":[{"embeddable":true,"href":"https:\/\/nature-et-developpement.com\/macabane-materiaux\/wp-json\/"}],"wp:attachment":[{"href":"https:\/\/nature-et-developpement.com\/macabane-materiaux\/wp-json\/wp\/v2\/media?parent=5602"}],"wp:term":[{"taxonomy":"product_brand","embeddable":true,"href":"https:\/\/nature-et-developpement.com\/macabane-materiaux\/wp-json\/wp\/v2\/product_brand?post=5602"},{"taxonomy":"product_cat","embeddable":true,"href":"https:\/\/nature-et-developpement.com\/macabane-materiaux\/wp-json\/wp\/v2\/product_cat?post=5602"},{"taxonomy":"product_tag","embeddable":true,"href":"https:\/\/nature-et-developpement.com\/macabane-materiaux\/wp-json\/wp\/v2\/product_tag?post=5602"}],"curies":[{"name":"wp","href":"https:\/\/api.w.org\/{rel}","templated":true}]}}