{"id":5713,"date":"2018-07-11T15:03:27","date_gmt":"2018-07-11T13:03:27","guid":{"rendered":"https:\/\/nature-et-developpement.com\/macabane-materiaux\/produit\/traitement-non-toxique-pour-meubles-et-bois-tanniques-hm1\/"},"modified":"2026-04-14T10:17:00","modified_gmt":"2026-04-14T08:17:00","slug":"traitement-non-toxique-pour-meubles-et-bois-tanniques-hm1","status":"publish","type":"product","link":"https:\/\/nature-et-developpement.com\/macabane-materiaux\/produit\/traitement-non-toxique-pour-meubles-et-bois-tanniques-hm1\/","title":{"rendered":"Traitement non toxique pour meubles et bois tanniques HM1"},"content":{"rendered":"<div class=\"field field--name-body field--type-text-with-summary field--label-visually_hidden open\">\n<div class=\"field--item\">\n<h2>Excellent pr\u00e9ventif, le HM1 a une action curative<\/h2>\n<p>(limit\u00e9e aux vrillettes (trous d\u2019envols +\/- 1 mm).)<\/p>\n<p>Incolore, le HM1 prend soin du bois et convient parfaitement aux parquets (ch\u00eane, ch\u00e2taignier), \u00e0 l\u2019ennoblissement et \u00e0 la restauration de meubles anciens.<\/p>\n<p>Le HM1 ne contient ni insecticides, ni biocides. Il ne pr\u00e9sente aucun risque pour les femmes enceintes, les nourrissons, les personnes allergiques, les malades\u2026<\/p>\n<p>Pour une action \u00e0 plus large spectre et si la modification de teinte n\u2019est pas un probl\u00e8me, optez pour le Wood Bliss 1.<\/p>\n<p><strong>Principe de fonctionnement :<\/strong><\/p>\n<p>HM 1 agit \u00e0 travers un processus de cristallisation qui rend le bois trait\u00e9 m\u00e9connaissable pour les parasites jusqu\u2018\u00e0 la profondeur de p\u00e9n\u00e9tration. Ils ne peuvent donc<\/p>\n<p>plus identifier le bois en tant que tel. De la m\u00eame mani\u00e8re, les substances nutritives ne sont plus non plus identifiables pour les insectes nuisibles qui se trouvent d\u00e9j\u00e0<\/p>\n<p>dans le bois. De m\u00eame, la modification du milieu et des conditions de vie des champignons se trouvent modifi\u00e9es, ce qui emp\u00eache leur croissance.<\/p>\n<\/div>\n<\/div>\n<h3>Ingr\u00e9dients :<\/h3>\n<p>HM1 contient de la mati\u00e8re v\u00e9g\u00e9tale et min\u00e9rale, qui sont totalement non toxique individuellement et en combinaison, tels que: l&rsquo;alumine, la silice, le palmitate de potassium, l&rsquo;oxyde de magn\u00e9sium, le chlorure de potassium, des acides gras, de l&rsquo;eau.<\/p>\n<h3>\u00a0Consommation :<\/h3>\n<p>Ce produit est un concentr\u00e9 et doit \u00eatre dilu\u00e9 1: 9 avec de l&rsquo;eau.\u00a0Vous recevrez les donn\u00e9es techniques suivantes pour les conteneurs disponibles.<\/p>\n<p>0,1l concentr\u00e9 = 1l dilu\u00e9 = 10m\u00b2 = 5m\u00b2 trait\u00e9 en 2 couches.<\/p>\n<p>0,5l concentr\u00e9 = 5l dilu\u00e9 = 50m\u00b2 = 25m\u00b2 trait\u00e9 en 2 couches.<\/p>\n<p>1l concentr\u00e9 = 10l dilu\u00e9 = 100m\u00b2 = 50m\u00b2 trait\u00e9 en 2 couches.<\/p>\n<h3>Application:<\/h3>\n<p>Pour tous les bois utilis\u00e9s sans restriction\u00a0en int\u00e9rieur,\u00a0en ext\u00e9rieur un additif hydrofuge est n\u00e9cessaire.,<\/p>\n<p>Pinceau, trempage, vaporisation ou autoclave. Apr\u00e8s le s\u00e9chage, renouveler l\u2019application. Le bois est sec lorsque l\u2019eau s\u2019est \u00e9vapor\u00e9e. Pour le bois tr\u00e8s abim\u00e9 (vieilles poutres ou vieux meubles), l\u2019application peut \u00eatre renouvel\u00e9e plusieurs fois dans le but de restaurer et de consolider le bois. En r\u00e8gle g\u00e9n\u00e9rale, HM1 ne colore pas le bois mais lui conf\u00e8re toutefois une surface l\u00e9g\u00e8rement brillante. Faire un essai.<\/p>\n","protected":false},"excerpt":{"rendered":"<p>Incolore, le HM1 prend soin du bois et convient parfaitement aux parquets (ch\u00eane, ch\u00e2taignier), \u00e0 l\u2019ennoblissement et \u00e0 la restauration de meubles anciens.<br \/>\nProduit non-toxique, concentr\u00e9\u00a0\u00e0 diluer \u00e0 l&rsquo;eau<\/p>\n","protected":false},"featured_media":1000000168816,"template":"","meta":[],"product_brand":[164],"product_cat":[112,87,115,92],"product_tag":[1841],"class_list":{"0":"post-5713","1":"product","2":"type-product","3":"status-publish","4":"has-post-thumbnail","6":"product_brand-masid","7":"product_cat-agencement-exterieur","8":"product_cat-peinture-et-enduit","9":"product_cat-protection-et-entretien","10":"product_cat-traitement-bois-et-pierre-ecologique","11":"product_tag-traitement-du-bois","12":"product_shipping_class-petit-equipement-outil-eclairage","14":"first","15":"instock","16":"taxable","17":"shipping-taxable","18":"purchasable","19":"product-type-variable"},"yoast_head":"<!-- This site is optimized with the Yoast SEO plugin v27.5 - https:\/\/yoast.com\/product\/yoast-seo-wordpress\/ -->\n<title>Traitement non toxique pour meubles et bois tanniques HM1 - Ma Cabane mat\u00e9riaux naturels<\/title>\n<meta name=\"description\" content=\"Incolore, le HM1 prend soin du bois et convient parfaitement aux parquets (ch\u00eane, ch\u00e2taignier), \u00e0 l\u2019ennoblissement et \u00e0 la restauration de meubles anciens. Produit non-toxique, concentr\u00e9\u00a0\u00e0 diluer \u00e0 l&#039;eau\" \/>\n<meta name=\"robots\" content=\"noindex, nofollow\" \/>\n<meta property=\"og:locale\" content=\"fr_FR\" \/>\n<meta property=\"og:type\" content=\"article\" \/>\n<meta property=\"og:title\" content=\"Traitement non toxique pour meubles et bois tanniques HM1 - Ma Cabane mat\u00e9riaux naturels\" \/>\n<meta property=\"og:description\" content=\"Incolore, le HM1 prend soin du bois et convient parfaitement aux parquets (ch\u00eane, ch\u00e2taignier), \u00e0 l\u2019ennoblissement et \u00e0 la restauration de meubles anciens. Produit non-toxique, concentr\u00e9\u00a0\u00e0 diluer \u00e0 l&#039;eau\" \/>\n<meta property=\"og:url\" content=\"https:\/\/nature-et-developpement.com\/macabane-materiaux\/produit\/traitement-non-toxique-pour-meubles-et-bois-tanniques-hm1\/\" \/>\n<meta property=\"og:site_name\" content=\"Ma Cabane mat\u00e9riaux naturels\" \/>\n<meta property=\"article:modified_time\" content=\"2026-04-14T08:17:00+00:00\" \/>\n<meta name=\"twitter:card\" content=\"summary_large_image\" \/>\n<meta name=\"twitter:label1\" content=\"Dur\u00e9e de lecture estim\u00e9e\" \/>\n\t<meta name=\"twitter:data1\" content=\"2 minutes\" \/>\n<script type=\"application\/ld+json\" class=\"yoast-schema-graph\">{\"@context\":\"https:\\\/\\\/schema.org\",\"@graph\":[{\"@type\":\"WebPage\",\"@id\":\"https:\\\/\\\/nature-et-developpement.com\\\/macabane-materiaux\\\/produit\\\/traitement-non-toxique-pour-meubles-et-bois-tanniques-hm1\\\/\",\"url\":\"https:\\\/\\\/nature-et-developpement.com\\\/macabane-materiaux\\\/produit\\\/traitement-non-toxique-pour-meubles-et-bois-tanniques-hm1\\\/\",\"name\":\"Traitement non toxique pour meubles et bois tanniques HM1 - Ma Cabane mat\u00e9riaux naturels\",\"isPartOf\":{\"@id\":\"https:\\\/\\\/nature-et-developpement.com\\\/macabane-materiaux\\\/#website\"},\"primaryImageOfPage\":{\"@id\":\"https:\\\/\\\/nature-et-developpement.com\\\/macabane-materiaux\\\/produit\\\/traitement-non-toxique-pour-meubles-et-bois-tanniques-hm1\\\/#primaryimage\"},\"image\":{\"@id\":\"https:\\\/\\\/nature-et-developpement.com\\\/macabane-materiaux\\\/produit\\\/traitement-non-toxique-pour-meubles-et-bois-tanniques-hm1\\\/#primaryimage\"},\"thumbnailUrl\":\"https:\\\/\\\/nature-et-developpement.com\\\/macabane-materiaux\\\/wp-content\\\/uploads\\\/Traitement-non-toxique-pour-meubles-et-bois-tanniques-HM1.jpg\",\"datePublished\":\"2018-07-11T13:03:27+00:00\",\"dateModified\":\"2026-04-14T08:17:00+00:00\",\"description\":\"Incolore, le HM1 prend soin du bois et convient parfaitement aux parquets (ch\u00eane, ch\u00e2taignier), \u00e0 l\u2019ennoblissement et \u00e0 la restauration de meubles anciens. Produit non-toxique, concentr\u00e9\u00a0\u00e0 diluer \u00e0 l'eau\",\"breadcrumb\":{\"@id\":\"https:\\\/\\\/nature-et-developpement.com\\\/macabane-materiaux\\\/produit\\\/traitement-non-toxique-pour-meubles-et-bois-tanniques-hm1\\\/#breadcrumb\"},\"inLanguage\":\"fr-FR\",\"potentialAction\":[{\"@type\":\"ReadAction\",\"target\":[\"https:\\\/\\\/nature-et-developpement.com\\\/macabane-materiaux\\\/produit\\\/traitement-non-toxique-pour-meubles-et-bois-tanniques-hm1\\\/\"]}]},{\"@type\":\"ImageObject\",\"inLanguage\":\"fr-FR\",\"@id\":\"https:\\\/\\\/nature-et-developpement.com\\\/macabane-materiaux\\\/produit\\\/traitement-non-toxique-pour-meubles-et-bois-tanniques-hm1\\\/#primaryimage\",\"url\":\"https:\\\/\\\/nature-et-developpement.com\\\/macabane-materiaux\\\/wp-content\\\/uploads\\\/Traitement-non-toxique-pour-meubles-et-bois-tanniques-HM1.jpg\",\"contentUrl\":\"https:\\\/\\\/nature-et-developpement.com\\\/macabane-materiaux\\\/wp-content\\\/uploads\\\/Traitement-non-toxique-pour-meubles-et-bois-tanniques-HM1.jpg\"},{\"@type\":\"BreadcrumbList\",\"@id\":\"https:\\\/\\\/nature-et-developpement.com\\\/macabane-materiaux\\\/produit\\\/traitement-non-toxique-pour-meubles-et-bois-tanniques-hm1\\\/#breadcrumb\",\"itemListElement\":[{\"@type\":\"ListItem\",\"position\":1,\"name\":\"Accueil\",\"item\":\"https:\\\/\\\/nature-et-developpement.com\\\/macabane-materiaux\\\/\"},{\"@type\":\"ListItem\",\"position\":2,\"name\":\"Boutique\",\"item\":\"https:\\\/\\\/nature-et-developpement.com\\\/macabane-materiaux\\\/boutique\\\/\"},{\"@type\":\"ListItem\",\"position\":3,\"name\":\"Peinture, pigment et enduit\",\"item\":\"https:\\\/\\\/nature-et-developpement.com\\\/macabane-materiaux\\\/produits\\\/peinture-et-enduit\\\/\"},{\"@type\":\"ListItem\",\"position\":4,\"name\":\"Traitement bois et pierre \u00e9cologique\",\"item\":\"https:\\\/\\\/nature-et-developpement.com\\\/macabane-materiaux\\\/produits\\\/peinture-et-enduit\\\/traitement-bois-et-pierre-ecologique\\\/\"},{\"@type\":\"ListItem\",\"position\":5,\"name\":\"Traitement non toxique pour meubles et bois tanniques HM1\"}]},{\"@type\":\"WebSite\",\"@id\":\"https:\\\/\\\/nature-et-developpement.com\\\/macabane-materiaux\\\/#website\",\"url\":\"https:\\\/\\\/nature-et-developpement.com\\\/macabane-materiaux\\\/\",\"name\":\"Ma Cabane mat\u00e9riaux naturels\",\"description\":\"Ma Cabane est membre du groupement Nature &amp; D\u00e9veloppement\",\"potentialAction\":[{\"@type\":\"SearchAction\",\"target\":{\"@type\":\"EntryPoint\",\"urlTemplate\":\"https:\\\/\\\/nature-et-developpement.com\\\/macabane-materiaux\\\/?s={search_term_string}\"},\"query-input\":{\"@type\":\"PropertyValueSpecification\",\"valueRequired\":true,\"valueName\":\"search_term_string\"}}],\"inLanguage\":\"fr-FR\"}]}<\/script>\n<!-- \/ Yoast SEO plugin. -->","yoast_head_json":{"title":"Traitement non toxique pour meubles et bois tanniques HM1 - Ma Cabane mat\u00e9riaux naturels","description":"Incolore, le HM1 prend soin du bois et convient parfaitement aux parquets (ch\u00eane, ch\u00e2taignier), \u00e0 l\u2019ennoblissement et \u00e0 la restauration de meubles anciens. Produit non-toxique, concentr\u00e9\u00a0\u00e0 diluer \u00e0 l'eau","robots":{"index":"noindex","follow":"nofollow"},"og_locale":"fr_FR","og_type":"article","og_title":"Traitement non toxique pour meubles et bois tanniques HM1 - Ma Cabane mat\u00e9riaux naturels","og_description":"Incolore, le HM1 prend soin du bois et convient parfaitement aux parquets (ch\u00eane, ch\u00e2taignier), \u00e0 l\u2019ennoblissement et \u00e0 la restauration de meubles anciens. Produit non-toxique, concentr\u00e9\u00a0\u00e0 diluer \u00e0 l'eau","og_url":"https:\/\/nature-et-developpement.com\/macabane-materiaux\/produit\/traitement-non-toxique-pour-meubles-et-bois-tanniques-hm1\/","og_site_name":"Ma Cabane mat\u00e9riaux naturels","article_modified_time":"2026-04-14T08:17:00+00:00","twitter_card":"summary_large_image","twitter_misc":{"Dur\u00e9e de lecture estim\u00e9e":"2 minutes"},"schema":{"@context":"https:\/\/schema.org","@graph":[{"@type":"WebPage","@id":"https:\/\/nature-et-developpement.com\/macabane-materiaux\/produit\/traitement-non-toxique-pour-meubles-et-bois-tanniques-hm1\/","url":"https:\/\/nature-et-developpement.com\/macabane-materiaux\/produit\/traitement-non-toxique-pour-meubles-et-bois-tanniques-hm1\/","name":"Traitement non toxique pour meubles et bois tanniques HM1 - Ma Cabane mat\u00e9riaux naturels","isPartOf":{"@id":"https:\/\/nature-et-developpement.com\/macabane-materiaux\/#website"},"primaryImageOfPage":{"@id":"https:\/\/nature-et-developpement.com\/macabane-materiaux\/produit\/traitement-non-toxique-pour-meubles-et-bois-tanniques-hm1\/#primaryimage"},"image":{"@id":"https:\/\/nature-et-developpement.com\/macabane-materiaux\/produit\/traitement-non-toxique-pour-meubles-et-bois-tanniques-hm1\/#primaryimage"},"thumbnailUrl":"https:\/\/nature-et-developpement.com\/macabane-materiaux\/wp-content\/uploads\/Traitement-non-toxique-pour-meubles-et-bois-tanniques-HM1.jpg","datePublished":"2018-07-11T13:03:27+00:00","dateModified":"2026-04-14T08:17:00+00:00","description":"Incolore, le HM1 prend soin du bois et convient parfaitement aux parquets (ch\u00eane, ch\u00e2taignier), \u00e0 l\u2019ennoblissement et \u00e0 la restauration de meubles anciens. Produit non-toxique, concentr\u00e9\u00a0\u00e0 diluer \u00e0 l'eau","breadcrumb":{"@id":"https:\/\/nature-et-developpement.com\/macabane-materiaux\/produit\/traitement-non-toxique-pour-meubles-et-bois-tanniques-hm1\/#breadcrumb"},"inLanguage":"fr-FR","potentialAction":[{"@type":"ReadAction","target":["https:\/\/nature-et-developpement.com\/macabane-materiaux\/produit\/traitement-non-toxique-pour-meubles-et-bois-tanniques-hm1\/"]}]},{"@type":"ImageObject","inLanguage":"fr-FR","@id":"https:\/\/nature-et-developpement.com\/macabane-materiaux\/produit\/traitement-non-toxique-pour-meubles-et-bois-tanniques-hm1\/#primaryimage","url":"https:\/\/nature-et-developpement.com\/macabane-materiaux\/wp-content\/uploads\/Traitement-non-toxique-pour-meubles-et-bois-tanniques-HM1.jpg","contentUrl":"https:\/\/nature-et-developpement.com\/macabane-materiaux\/wp-content\/uploads\/Traitement-non-toxique-pour-meubles-et-bois-tanniques-HM1.jpg"},{"@type":"BreadcrumbList","@id":"https:\/\/nature-et-developpement.com\/macabane-materiaux\/produit\/traitement-non-toxique-pour-meubles-et-bois-tanniques-hm1\/#breadcrumb","itemListElement":[{"@type":"ListItem","position":1,"name":"Accueil","item":"https:\/\/nature-et-developpement.com\/macabane-materiaux\/"},{"@type":"ListItem","position":2,"name":"Boutique","item":"https:\/\/nature-et-developpement.com\/macabane-materiaux\/boutique\/"},{"@type":"ListItem","position":3,"name":"Peinture, pigment et enduit","item":"https:\/\/nature-et-developpement.com\/macabane-materiaux\/produits\/peinture-et-enduit\/"},{"@type":"ListItem","position":4,"name":"Traitement bois et pierre \u00e9cologique","item":"https:\/\/nature-et-developpement.com\/macabane-materiaux\/produits\/peinture-et-enduit\/traitement-bois-et-pierre-ecologique\/"},{"@type":"ListItem","position":5,"name":"Traitement non toxique pour meubles et bois tanniques HM1"}]},{"@type":"WebSite","@id":"https:\/\/nature-et-developpement.com\/macabane-materiaux\/#website","url":"https:\/\/nature-et-developpement.com\/macabane-materiaux\/","name":"Ma Cabane mat\u00e9riaux naturels","description":"Ma Cabane est membre du groupement Nature &amp; D\u00e9veloppement","potentialAction":[{"@type":"SearchAction","target":{"@type":"EntryPoint","urlTemplate":"https:\/\/nature-et-developpement.com\/macabane-materiaux\/?s={search_term_string}"},"query-input":{"@type":"PropertyValueSpecification","valueRequired":true,"valueName":"search_term_string"}}],"inLanguage":"fr-FR"}]}},"distributor_meta":false,"distributor_terms":false,"distributor_media":false,"distributor_original_site_name":"Ma Cabane mat\u00e9riaux naturels","distributor_original_site_url":"https:\/\/nature-et-developpement.com\/macabane-materiaux","push-errors":false,"_links":{"self":[{"href":"https:\/\/nature-et-developpement.com\/macabane-materiaux\/wp-json\/wp\/v2\/product\/5713","targetHints":{"allow":["GET"]}}],"collection":[{"href":"https:\/\/nature-et-developpement.com\/macabane-materiaux\/wp-json\/wp\/v2\/product"}],"about":[{"href":"https:\/\/nature-et-developpement.com\/macabane-materiaux\/wp-json\/wp\/v2\/types\/product"}],"wp:featuredmedia":[{"embeddable":true,"href":"https:\/\/nature-et-developpement.com\/macabane-materiaux\/wp-json\/"}],"wp:attachment":[{"href":"https:\/\/nature-et-developpement.com\/macabane-materiaux\/wp-json\/wp\/v2\/media?parent=5713"}],"wp:term":[{"taxonomy":"product_brand","embeddable":true,"href":"https:\/\/nature-et-developpement.com\/macabane-materiaux\/wp-json\/wp\/v2\/product_brand?post=5713"},{"taxonomy":"product_cat","embeddable":true,"href":"https:\/\/nature-et-developpement.com\/macabane-materiaux\/wp-json\/wp\/v2\/product_cat?post=5713"},{"taxonomy":"product_tag","embeddable":true,"href":"https:\/\/nature-et-developpement.com\/macabane-materiaux\/wp-json\/wp\/v2\/product_tag?post=5713"}],"curies":[{"name":"wp","href":"https:\/\/api.w.org\/{rel}","templated":true}]}}