{"id":5718,"date":"2017-06-23T12:15:53","date_gmt":"2017-06-23T10:15:53","guid":{"rendered":"https:\/\/nature-et-developpement.com\/macabane-materiaux\/produit\/anti-mousse-moosfrei\/"},"modified":"2026-04-14T10:11:35","modified_gmt":"2026-04-14T08:11:35","slug":"anti-mousse-moosfrei","status":"publish","type":"product","link":"https:\/\/nature-et-developpement.com\/macabane-materiaux\/produit\/anti-mousse-moosfrei\/","title":{"rendered":"Traitement anti-algues et lichens non toxique MOOSFREI"},"content":{"rendered":"<h2>Moosfrei anti-algues<\/h2>\n<p>Produit non toxique permettant d\u2019\u00e9liminer les algues, lichens, d\u00e9p\u00f4ts v\u00e9g\u00e9taux de toutes sortes ainsi que la salet\u00e9 sur les pierres naturelles, les pav\u00e9s, le b\u00e9ton, les fa\u00e7ades de maisons, les jardini\u00e8res, le bois ou autres supports.<\/p>\n<p>L\u2019action de Moosfrei est due \u00e0 un processus physico-m\u00e9canique de cristallisation.<\/p>\n<p>Moosfrei blanchit les pierres, le b\u00e9ton, le cr\u00e9pi et les solidifie.<\/p>\n<p><strong>Mode d&#8217;emploi:<\/strong><\/p>\n<p>Moosfrei est pr\u00eat \u00e0 l&#8217;emploi et n&rsquo;a pas besoin d&rsquo;\u00eatre dilu\u00e9 davantage.<\/p>\n<p>Moosfrei peut \u00eatre pass\u00e9 au pinceau ou pulv\u00e9ris\u00e9 \u00e0 l&rsquo;aide d&rsquo;un pulv\u00e9risateur.<\/p>\n<p>L&rsquo;application doit \u00eatre effectu\u00e9e par temps sec.<\/p>\n<p>Nous recommandons une seule application, suivie d&rsquo;un temps de s\u00e9chage et d&rsquo;exposition de 4 jours.<\/p>\n<p>Il peut ensuite \u00eatre rinc\u00e9 \u00e0 l&rsquo;eau. De plus, il est recommand\u00e9 de balayer ou de brosser les algues et lichens mortes.<\/p>\n<p>Il est recommand\u00e9 de tester le produit dans une zone appropri\u00e9e avant utilisation, afin d&rsquo;\u00e9viter d&rsquo;\u00e9ventuelles r\u00e9actions ind\u00e9sirables.<\/p>\n<p><strong>Utiliser:<\/strong><\/p>\n<p>1 L de Moosfrei suffit pour env.\u00a010 m\u00b2.<\/p>\n<p><strong>Mesures protectives:<\/strong><\/p>\n<p>Il est recommand\u00e9 de porter des gants et des lunettes de protection pendant le traitement en raison de l&rsquo;alcalinit\u00e9 du produit (dans le m\u00eame cas que certains savons ou produits \u00e0 base de soude).<\/p>\n<p>(Apr\u00e8s s\u00e9chage, Moosfrei a un pH neutre !) Si le produit entre accidentellement en contact avec vos yeux : rincez imm\u00e9diatement et abondamment \u00e0 l&rsquo;eau et consultez un m\u00e9decin si n\u00e9cessaire.<\/p>\n<p>Si votre peau entre en contact avec Moosfrei, lavez-la imm\u00e9diatement \u00e0 l&rsquo;eau et appliquez une cr\u00e8me.<\/p>\n<p><strong>Nettoyage:<\/strong><\/p>\n<p>Nettoyez l&rsquo;\u00e9quipement et tous les \u00e9l\u00e9ments qui sont entr\u00e9s en contact avec les mat\u00e9riaux Moosfrei avec de l&rsquo;eau imm\u00e9diatement apr\u00e8s utilisation.<\/p>\n<p>Stockage Bien refermer les contenants apr\u00e8s utilisation pour \u00e9viter le dess\u00e8chement.<\/p>\n<p>Moosfrei peut \u00eatre stock\u00e9 ind\u00e9finiment quelle que soit la temp\u00e9rature ambiante.<\/p>\n<p><strong>Gestion des d\u00e9chets:<\/strong><\/p>\n<p>Moosfrei peut \u00eatre \u00e9limin\u00e9 comme un d\u00e9chet m\u00e9nager normal.<\/p>\n","protected":false},"excerpt":{"rendered":"<p>Traitement contre les algues, les algues, les lichens et autres d\u00e9p\u00f4ts v\u00e9g\u00e9taux, sans substances toxiques.<\/p>\n","protected":false},"featured_media":1000000168827,"template":"","meta":[],"product_brand":[164],"product_cat":[112,87,115,92],"product_tag":[1841],"class_list":{"0":"post-5718","1":"product","2":"type-product","3":"status-publish","4":"has-post-thumbnail","6":"product_brand-masid","7":"product_cat-agencement-exterieur","8":"product_cat-peinture-et-enduit","9":"product_cat-protection-et-entretien","10":"product_cat-traitement-bois-et-pierre-ecologique","11":"product_tag-traitement-du-bois","12":"product_shipping_class-petit-equipement-outil-eclairage","14":"first","15":"instock","16":"taxable","17":"shipping-taxable","18":"purchasable","19":"product-type-variable"},"yoast_head":"<!-- This site is optimized with the Yoast SEO plugin v27.5 - https:\/\/yoast.com\/product\/yoast-seo-wordpress\/ -->\n<title>Traitement anti-algues et lichens non toxique MOOSFREI - Ma Cabane mat\u00e9riaux naturels<\/title>\n<meta name=\"description\" content=\"Traitement contre les algues, les algues, les lichens et autres d\u00e9p\u00f4ts v\u00e9g\u00e9taux, sans substances toxiques.\" \/>\n<meta name=\"robots\" content=\"noindex, nofollow\" \/>\n<meta property=\"og:locale\" content=\"fr_FR\" \/>\n<meta property=\"og:type\" content=\"article\" \/>\n<meta property=\"og:title\" content=\"Traitement anti-algues et lichens non toxique MOOSFREI - Ma Cabane mat\u00e9riaux naturels\" \/>\n<meta property=\"og:description\" content=\"Traitement contre les algues, les algues, les lichens et autres d\u00e9p\u00f4ts v\u00e9g\u00e9taux, sans substances toxiques.\" \/>\n<meta property=\"og:url\" content=\"https:\/\/nature-et-developpement.com\/macabane-materiaux\/produit\/anti-mousse-moosfrei\/\" \/>\n<meta property=\"og:site_name\" content=\"Ma Cabane mat\u00e9riaux naturels\" \/>\n<meta property=\"article:modified_time\" content=\"2026-04-14T08:11:35+00:00\" \/>\n<meta name=\"twitter:card\" content=\"summary_large_image\" \/>\n<meta name=\"twitter:label1\" content=\"Dur\u00e9e de lecture estim\u00e9e\" \/>\n\t<meta name=\"twitter:data1\" content=\"2 minutes\" \/>\n<script type=\"application\/ld+json\" class=\"yoast-schema-graph\">{\"@context\":\"https:\\\/\\\/schema.org\",\"@graph\":[{\"@type\":\"WebPage\",\"@id\":\"https:\\\/\\\/nature-et-developpement.com\\\/macabane-materiaux\\\/produit\\\/anti-mousse-moosfrei\\\/\",\"url\":\"https:\\\/\\\/nature-et-developpement.com\\\/macabane-materiaux\\\/produit\\\/anti-mousse-moosfrei\\\/\",\"name\":\"Traitement anti-algues et lichens non toxique MOOSFREI - Ma Cabane mat\u00e9riaux naturels\",\"isPartOf\":{\"@id\":\"https:\\\/\\\/nature-et-developpement.com\\\/macabane-materiaux\\\/#website\"},\"primaryImageOfPage\":{\"@id\":\"https:\\\/\\\/nature-et-developpement.com\\\/macabane-materiaux\\\/produit\\\/anti-mousse-moosfrei\\\/#primaryimage\"},\"image\":{\"@id\":\"https:\\\/\\\/nature-et-developpement.com\\\/macabane-materiaux\\\/produit\\\/anti-mousse-moosfrei\\\/#primaryimage\"},\"thumbnailUrl\":\"https:\\\/\\\/nature-et-developpement.com\\\/macabane-materiaux\\\/wp-content\\\/uploads\\\/Anti-mousse-et-lichen-non-toxique-MOOSFREI.jpg\",\"datePublished\":\"2017-06-23T10:15:53+00:00\",\"dateModified\":\"2026-04-14T08:11:35+00:00\",\"description\":\"Traitement contre les algues, les algues, les lichens et autres d\u00e9p\u00f4ts v\u00e9g\u00e9taux, sans substances toxiques.\",\"breadcrumb\":{\"@id\":\"https:\\\/\\\/nature-et-developpement.com\\\/macabane-materiaux\\\/produit\\\/anti-mousse-moosfrei\\\/#breadcrumb\"},\"inLanguage\":\"fr-FR\",\"potentialAction\":[{\"@type\":\"ReadAction\",\"target\":[\"https:\\\/\\\/nature-et-developpement.com\\\/macabane-materiaux\\\/produit\\\/anti-mousse-moosfrei\\\/\"]}]},{\"@type\":\"ImageObject\",\"inLanguage\":\"fr-FR\",\"@id\":\"https:\\\/\\\/nature-et-developpement.com\\\/macabane-materiaux\\\/produit\\\/anti-mousse-moosfrei\\\/#primaryimage\",\"url\":\"https:\\\/\\\/nature-et-developpement.com\\\/macabane-materiaux\\\/wp-content\\\/uploads\\\/Anti-mousse-et-lichen-non-toxique-MOOSFREI.jpg\",\"contentUrl\":\"https:\\\/\\\/nature-et-developpement.com\\\/macabane-materiaux\\\/wp-content\\\/uploads\\\/Anti-mousse-et-lichen-non-toxique-MOOSFREI.jpg\"},{\"@type\":\"BreadcrumbList\",\"@id\":\"https:\\\/\\\/nature-et-developpement.com\\\/macabane-materiaux\\\/produit\\\/anti-mousse-moosfrei\\\/#breadcrumb\",\"itemListElement\":[{\"@type\":\"ListItem\",\"position\":1,\"name\":\"Accueil\",\"item\":\"https:\\\/\\\/nature-et-developpement.com\\\/macabane-materiaux\\\/\"},{\"@type\":\"ListItem\",\"position\":2,\"name\":\"Boutique\",\"item\":\"https:\\\/\\\/nature-et-developpement.com\\\/macabane-materiaux\\\/boutique\\\/\"},{\"@type\":\"ListItem\",\"position\":3,\"name\":\"Peinture, pigment et enduit\",\"item\":\"https:\\\/\\\/nature-et-developpement.com\\\/macabane-materiaux\\\/produits\\\/peinture-et-enduit\\\/\"},{\"@type\":\"ListItem\",\"position\":4,\"name\":\"Traitement bois et pierre \u00e9cologique\",\"item\":\"https:\\\/\\\/nature-et-developpement.com\\\/macabane-materiaux\\\/produits\\\/peinture-et-enduit\\\/traitement-bois-et-pierre-ecologique\\\/\"},{\"@type\":\"ListItem\",\"position\":5,\"name\":\"Traitement anti-algues et lichens non toxique MOOSFREI\"}]},{\"@type\":\"WebSite\",\"@id\":\"https:\\\/\\\/nature-et-developpement.com\\\/macabane-materiaux\\\/#website\",\"url\":\"https:\\\/\\\/nature-et-developpement.com\\\/macabane-materiaux\\\/\",\"name\":\"Ma Cabane mat\u00e9riaux naturels\",\"description\":\"Ma Cabane est membre du groupement Nature &amp; D\u00e9veloppement\",\"potentialAction\":[{\"@type\":\"SearchAction\",\"target\":{\"@type\":\"EntryPoint\",\"urlTemplate\":\"https:\\\/\\\/nature-et-developpement.com\\\/macabane-materiaux\\\/?s={search_term_string}\"},\"query-input\":{\"@type\":\"PropertyValueSpecification\",\"valueRequired\":true,\"valueName\":\"search_term_string\"}}],\"inLanguage\":\"fr-FR\"}]}<\/script>\n<!-- \/ Yoast SEO plugin. -->","yoast_head_json":{"title":"Traitement anti-algues et lichens non toxique MOOSFREI - Ma Cabane mat\u00e9riaux naturels","description":"Traitement contre les algues, les algues, les lichens et autres d\u00e9p\u00f4ts v\u00e9g\u00e9taux, sans substances toxiques.","robots":{"index":"noindex","follow":"nofollow"},"og_locale":"fr_FR","og_type":"article","og_title":"Traitement anti-algues et lichens non toxique MOOSFREI - Ma Cabane mat\u00e9riaux naturels","og_description":"Traitement contre les algues, les algues, les lichens et autres d\u00e9p\u00f4ts v\u00e9g\u00e9taux, sans substances toxiques.","og_url":"https:\/\/nature-et-developpement.com\/macabane-materiaux\/produit\/anti-mousse-moosfrei\/","og_site_name":"Ma Cabane mat\u00e9riaux naturels","article_modified_time":"2026-04-14T08:11:35+00:00","twitter_card":"summary_large_image","twitter_misc":{"Dur\u00e9e de lecture estim\u00e9e":"2 minutes"},"schema":{"@context":"https:\/\/schema.org","@graph":[{"@type":"WebPage","@id":"https:\/\/nature-et-developpement.com\/macabane-materiaux\/produit\/anti-mousse-moosfrei\/","url":"https:\/\/nature-et-developpement.com\/macabane-materiaux\/produit\/anti-mousse-moosfrei\/","name":"Traitement anti-algues et lichens non toxique MOOSFREI - Ma Cabane mat\u00e9riaux naturels","isPartOf":{"@id":"https:\/\/nature-et-developpement.com\/macabane-materiaux\/#website"},"primaryImageOfPage":{"@id":"https:\/\/nature-et-developpement.com\/macabane-materiaux\/produit\/anti-mousse-moosfrei\/#primaryimage"},"image":{"@id":"https:\/\/nature-et-developpement.com\/macabane-materiaux\/produit\/anti-mousse-moosfrei\/#primaryimage"},"thumbnailUrl":"https:\/\/nature-et-developpement.com\/macabane-materiaux\/wp-content\/uploads\/Anti-mousse-et-lichen-non-toxique-MOOSFREI.jpg","datePublished":"2017-06-23T10:15:53+00:00","dateModified":"2026-04-14T08:11:35+00:00","description":"Traitement contre les algues, les algues, les lichens et autres d\u00e9p\u00f4ts v\u00e9g\u00e9taux, sans substances toxiques.","breadcrumb":{"@id":"https:\/\/nature-et-developpement.com\/macabane-materiaux\/produit\/anti-mousse-moosfrei\/#breadcrumb"},"inLanguage":"fr-FR","potentialAction":[{"@type":"ReadAction","target":["https:\/\/nature-et-developpement.com\/macabane-materiaux\/produit\/anti-mousse-moosfrei\/"]}]},{"@type":"ImageObject","inLanguage":"fr-FR","@id":"https:\/\/nature-et-developpement.com\/macabane-materiaux\/produit\/anti-mousse-moosfrei\/#primaryimage","url":"https:\/\/nature-et-developpement.com\/macabane-materiaux\/wp-content\/uploads\/Anti-mousse-et-lichen-non-toxique-MOOSFREI.jpg","contentUrl":"https:\/\/nature-et-developpement.com\/macabane-materiaux\/wp-content\/uploads\/Anti-mousse-et-lichen-non-toxique-MOOSFREI.jpg"},{"@type":"BreadcrumbList","@id":"https:\/\/nature-et-developpement.com\/macabane-materiaux\/produit\/anti-mousse-moosfrei\/#breadcrumb","itemListElement":[{"@type":"ListItem","position":1,"name":"Accueil","item":"https:\/\/nature-et-developpement.com\/macabane-materiaux\/"},{"@type":"ListItem","position":2,"name":"Boutique","item":"https:\/\/nature-et-developpement.com\/macabane-materiaux\/boutique\/"},{"@type":"ListItem","position":3,"name":"Peinture, pigment et enduit","item":"https:\/\/nature-et-developpement.com\/macabane-materiaux\/produits\/peinture-et-enduit\/"},{"@type":"ListItem","position":4,"name":"Traitement bois et pierre \u00e9cologique","item":"https:\/\/nature-et-developpement.com\/macabane-materiaux\/produits\/peinture-et-enduit\/traitement-bois-et-pierre-ecologique\/"},{"@type":"ListItem","position":5,"name":"Traitement anti-algues et lichens non toxique MOOSFREI"}]},{"@type":"WebSite","@id":"https:\/\/nature-et-developpement.com\/macabane-materiaux\/#website","url":"https:\/\/nature-et-developpement.com\/macabane-materiaux\/","name":"Ma Cabane mat\u00e9riaux naturels","description":"Ma Cabane est membre du groupement Nature &amp; D\u00e9veloppement","potentialAction":[{"@type":"SearchAction","target":{"@type":"EntryPoint","urlTemplate":"https:\/\/nature-et-developpement.com\/macabane-materiaux\/?s={search_term_string}"},"query-input":{"@type":"PropertyValueSpecification","valueRequired":true,"valueName":"search_term_string"}}],"inLanguage":"fr-FR"}]}},"distributor_meta":false,"distributor_terms":false,"distributor_media":false,"distributor_original_site_name":"Ma Cabane mat\u00e9riaux naturels","distributor_original_site_url":"https:\/\/nature-et-developpement.com\/macabane-materiaux","push-errors":false,"_links":{"self":[{"href":"https:\/\/nature-et-developpement.com\/macabane-materiaux\/wp-json\/wp\/v2\/product\/5718","targetHints":{"allow":["GET"]}}],"collection":[{"href":"https:\/\/nature-et-developpement.com\/macabane-materiaux\/wp-json\/wp\/v2\/product"}],"about":[{"href":"https:\/\/nature-et-developpement.com\/macabane-materiaux\/wp-json\/wp\/v2\/types\/product"}],"wp:featuredmedia":[{"embeddable":true,"href":"https:\/\/nature-et-developpement.com\/macabane-materiaux\/wp-json\/"}],"wp:attachment":[{"href":"https:\/\/nature-et-developpement.com\/macabane-materiaux\/wp-json\/wp\/v2\/media?parent=5718"}],"wp:term":[{"taxonomy":"product_brand","embeddable":true,"href":"https:\/\/nature-et-developpement.com\/macabane-materiaux\/wp-json\/wp\/v2\/product_brand?post=5718"},{"taxonomy":"product_cat","embeddable":true,"href":"https:\/\/nature-et-developpement.com\/macabane-materiaux\/wp-json\/wp\/v2\/product_cat?post=5718"},{"taxonomy":"product_tag","embeddable":true,"href":"https:\/\/nature-et-developpement.com\/macabane-materiaux\/wp-json\/wp\/v2\/product_tag?post=5718"}],"curies":[{"name":"wp","href":"https:\/\/api.w.org\/{rel}","templated":true}]}}