{"id":5972,"date":"2019-01-01T00:00:00","date_gmt":"2018-12-31T23:00:00","guid":{"rendered":"https:\/\/nature-et-developpement.com\/macabane-materiaux\/produit\/saturateur-mat-lasural-interieurexterieur\/"},"modified":"2025-06-17T15:24:18","modified_gmt":"2025-06-17T13:24:18","slug":"saturateur-mat-lasural-interieurexterieur","status":"publish","type":"product","link":"https:\/\/nature-et-developpement.com\/macabane-materiaux\/produit\/saturateur-mat-lasural-interieurexterieur\/","title":{"rendered":"Saturateur bois Mat incolore int\u00e9rieur et ext\u00e9rieur LASURAL de Natura"},"content":{"rendered":"<p style=\"font-style: normal\">Le saturateur bois naturel ext\u00e9rieur Natura s\u2019utilise en ext\u00e9rieur sur bardages bois (isolation par l\u2019ext\u00e9rieur), tour de piscine, salon de jardin teck, terrasse bois, lambris\u2026Protection et d\u00e9coration des clins, \u00a0caillebotis, claustras, barri\u00e8res, mobilier de jardin, volets, portails, etc\u2026<\/p>\n<p>Aspect bois huil\u00e9 mat rehaussant l\u2019\u00e9l\u00e9gance naturelle du bois.<\/p>\n<p>Il\u00a0est hydrofuge, micro-poreux, fongicide. Ne pelle pas, ne s\u2019\u00e9caille pas. Entretien sans pon\u00e7age, ni d\u00e9capage. Convient pour tous bois ext\u00e9rieurs, feuillus ou r\u00e9sineux europ\u00e9ens ou bois exotiques d\u00fbment pr\u00e9par\u00e9s. Applicable en deux couches dans la journ\u00e9e.\u00a0Il\u00a0 donne aussi d\u2019excellents r\u00e9sultats pour le traitement des bateaux parties non immerg\u00e9es avec une couche d\u2019hydrofuge en compl\u00e9ment.<\/p>\n","protected":false},"excerpt":{"rendered":"<p>Produit d&rsquo;impr\u00e9gnation non filmog\u00e8ne \u00e0 fort pouvoir de p\u00e9n\u00e9tration avec un aspect bois huil\u00e9 mat rehaussant l&rsquo;\u00e9l\u00e9gance naturelle du bois..<\/p>\n<p>Hydrofuge, micro-poreux, contient un agent fongicide\u00a0et\u00a0ne s&rsquo;\u00e9caille pas.<\/p>\n","protected":false},"featured_media":1000000108481,"template":"","meta":[],"product_brand":[3082],"product_cat":[97,87,91,115,103],"product_tag":[1841],"class_list":{"0":"post-5972","1":"product","2":"type-product","3":"status-publish","4":"has-post-thumbnail","6":"product_brand-natura-peinture","7":"product_cat-parquet-et-sol-naturels","8":"product_cat-peinture-et-enduit","9":"product_cat-protection-du-bois","10":"product_cat-protection-et-entretien","11":"product_cat-protection-et-entretien-du-sol","12":"product_tag-traitement-du-bois","13":"product_shipping_class-peintures-accessoires-peintures","15":"first","16":"instock","17":"taxable","18":"shipping-taxable","19":"purchasable","20":"product-type-variable"},"yoast_head":"<!-- This site is optimized with the Yoast SEO plugin v27.5 - https:\/\/yoast.com\/product\/yoast-seo-wordpress\/ -->\n<title>Saturateur bois Mat incolore int\u00e9rieur et ext\u00e9rieur LASURAL de Natura - Ma Cabane mat\u00e9riaux naturels<\/title>\n<meta name=\"description\" content=\"Produit d&#039;impr\u00e9gnation non filmog\u00e8ne \u00e0 fort pouvoir de p\u00e9n\u00e9tration avec un aspect bois huil\u00e9 mat rehaussant l&#039;\u00e9l\u00e9gance naturelle du bois..  Hydrofuge, micro-poreux, contient un agent fongicide\u00a0et\u00a0ne s&#039;\u00e9caille pas.\" \/>\n<meta name=\"robots\" content=\"noindex, follow\" \/>\n<meta property=\"og:locale\" content=\"fr_FR\" \/>\n<meta property=\"og:type\" content=\"article\" \/>\n<meta property=\"og:title\" content=\"Saturateur bois Mat incolore int\u00e9rieur et ext\u00e9rieur LASURAL de Natura - Ma Cabane mat\u00e9riaux naturels\" \/>\n<meta property=\"og:description\" content=\"Produit d&#039;impr\u00e9gnation non filmog\u00e8ne \u00e0 fort pouvoir de p\u00e9n\u00e9tration avec un aspect bois huil\u00e9 mat rehaussant l&#039;\u00e9l\u00e9gance naturelle du bois..  Hydrofuge, micro-poreux, contient un agent fongicide\u00a0et\u00a0ne s&#039;\u00e9caille pas.\" \/>\n<meta property=\"og:url\" content=\"https:\/\/nature-et-developpement.com\/macabane-materiaux\/produit\/saturateur-mat-lasural-interieurexterieur\/\" \/>\n<meta property=\"og:site_name\" content=\"Ma Cabane mat\u00e9riaux naturels\" \/>\n<meta property=\"article:modified_time\" content=\"2025-06-17T13:24:18+00:00\" \/>\n<meta name=\"twitter:card\" content=\"summary_large_image\" \/>\n<meta name=\"twitter:label1\" content=\"Dur\u00e9e de lecture estim\u00e9e\" \/>\n\t<meta name=\"twitter:data1\" content=\"1 minute\" \/>\n<script type=\"application\/ld+json\" class=\"yoast-schema-graph\">{\"@context\":\"https:\\\/\\\/schema.org\",\"@graph\":[{\"@type\":\"WebPage\",\"@id\":\"https:\\\/\\\/nature-et-developpement.com\\\/macabane-materiaux\\\/produit\\\/saturateur-mat-lasural-interieurexterieur\\\/\",\"url\":\"https:\\\/\\\/nature-et-developpement.com\\\/macabane-materiaux\\\/produit\\\/saturateur-mat-lasural-interieurexterieur\\\/\",\"name\":\"Saturateur bois Mat incolore int\u00e9rieur et ext\u00e9rieur LASURAL de Natura - Ma Cabane mat\u00e9riaux naturels\",\"isPartOf\":{\"@id\":\"https:\\\/\\\/nature-et-developpement.com\\\/macabane-materiaux\\\/#website\"},\"primaryImageOfPage\":{\"@id\":\"https:\\\/\\\/nature-et-developpement.com\\\/macabane-materiaux\\\/produit\\\/saturateur-mat-lasural-interieurexterieur\\\/#primaryimage\"},\"image\":{\"@id\":\"https:\\\/\\\/nature-et-developpement.com\\\/macabane-materiaux\\\/produit\\\/saturateur-mat-lasural-interieurexterieur\\\/#primaryimage\"},\"thumbnailUrl\":\"https:\\\/\\\/nature-et-developpement.com\\\/macabane-materiaux\\\/wp-content\\\/uploads\\\/27536-Saturateur-Mat-LASURAL-interieurexterieur.jpg\",\"datePublished\":\"2018-12-31T23:00:00+00:00\",\"dateModified\":\"2025-06-17T13:24:18+00:00\",\"description\":\"Produit d'impr\u00e9gnation non filmog\u00e8ne \u00e0 fort pouvoir de p\u00e9n\u00e9tration avec un aspect bois huil\u00e9 mat rehaussant l'\u00e9l\u00e9gance naturelle du bois.. Hydrofuge, micro-poreux, contient un agent fongicide\u00a0et\u00a0ne s'\u00e9caille pas.\",\"breadcrumb\":{\"@id\":\"https:\\\/\\\/nature-et-developpement.com\\\/macabane-materiaux\\\/produit\\\/saturateur-mat-lasural-interieurexterieur\\\/#breadcrumb\"},\"inLanguage\":\"fr-FR\",\"potentialAction\":[{\"@type\":\"ReadAction\",\"target\":[\"https:\\\/\\\/nature-et-developpement.com\\\/macabane-materiaux\\\/produit\\\/saturateur-mat-lasural-interieurexterieur\\\/\"]}]},{\"@type\":\"ImageObject\",\"inLanguage\":\"fr-FR\",\"@id\":\"https:\\\/\\\/nature-et-developpement.com\\\/macabane-materiaux\\\/produit\\\/saturateur-mat-lasural-interieurexterieur\\\/#primaryimage\",\"url\":\"https:\\\/\\\/nature-et-developpement.com\\\/macabane-materiaux\\\/wp-content\\\/uploads\\\/27536-Saturateur-Mat-LASURAL-interieurexterieur.jpg\",\"contentUrl\":\"https:\\\/\\\/nature-et-developpement.com\\\/macabane-materiaux\\\/wp-content\\\/uploads\\\/27536-Saturateur-Mat-LASURAL-interieurexterieur.jpg\"},{\"@type\":\"BreadcrumbList\",\"@id\":\"https:\\\/\\\/nature-et-developpement.com\\\/macabane-materiaux\\\/produit\\\/saturateur-mat-lasural-interieurexterieur\\\/#breadcrumb\",\"itemListElement\":[{\"@type\":\"ListItem\",\"position\":1,\"name\":\"Accueil\",\"item\":\"https:\\\/\\\/nature-et-developpement.com\\\/macabane-materiaux\\\/\"},{\"@type\":\"ListItem\",\"position\":2,\"name\":\"Boutique\",\"item\":\"https:\\\/\\\/nature-et-developpement.com\\\/macabane-materiaux\\\/boutique\\\/\"},{\"@type\":\"ListItem\",\"position\":3,\"name\":\"Peinture, pigment et enduit\",\"item\":\"https:\\\/\\\/nature-et-developpement.com\\\/macabane-materiaux\\\/produits\\\/peinture-et-enduit\\\/\"},{\"@type\":\"ListItem\",\"position\":4,\"name\":\"Protection du bois\",\"item\":\"https:\\\/\\\/nature-et-developpement.com\\\/macabane-materiaux\\\/produits\\\/peinture-et-enduit\\\/protection-du-bois\\\/\"},{\"@type\":\"ListItem\",\"position\":5,\"name\":\"Saturateur bois Mat incolore int\u00e9rieur et ext\u00e9rieur LASURAL de Natura\"}]},{\"@type\":\"WebSite\",\"@id\":\"https:\\\/\\\/nature-et-developpement.com\\\/macabane-materiaux\\\/#website\",\"url\":\"https:\\\/\\\/nature-et-developpement.com\\\/macabane-materiaux\\\/\",\"name\":\"Ma Cabane mat\u00e9riaux naturels\",\"description\":\"Ma Cabane est membre du groupement Nature &amp; D\u00e9veloppement\",\"potentialAction\":[{\"@type\":\"SearchAction\",\"target\":{\"@type\":\"EntryPoint\",\"urlTemplate\":\"https:\\\/\\\/nature-et-developpement.com\\\/macabane-materiaux\\\/?s={search_term_string}\"},\"query-input\":{\"@type\":\"PropertyValueSpecification\",\"valueRequired\":true,\"valueName\":\"search_term_string\"}}],\"inLanguage\":\"fr-FR\"}]}<\/script>\n<!-- \/ Yoast SEO plugin. -->","yoast_head_json":{"title":"Saturateur bois Mat incolore int\u00e9rieur et ext\u00e9rieur LASURAL de Natura - Ma Cabane mat\u00e9riaux naturels","description":"Produit d'impr\u00e9gnation non filmog\u00e8ne \u00e0 fort pouvoir de p\u00e9n\u00e9tration avec un aspect bois huil\u00e9 mat rehaussant l'\u00e9l\u00e9gance naturelle du bois..  Hydrofuge, micro-poreux, contient un agent fongicide\u00a0et\u00a0ne s'\u00e9caille pas.","robots":{"index":"noindex","follow":"follow"},"og_locale":"fr_FR","og_type":"article","og_title":"Saturateur bois Mat incolore int\u00e9rieur et ext\u00e9rieur LASURAL de Natura - Ma Cabane mat\u00e9riaux naturels","og_description":"Produit d'impr\u00e9gnation non filmog\u00e8ne \u00e0 fort pouvoir de p\u00e9n\u00e9tration avec un aspect bois huil\u00e9 mat rehaussant l'\u00e9l\u00e9gance naturelle du bois..  Hydrofuge, micro-poreux, contient un agent fongicide\u00a0et\u00a0ne s'\u00e9caille pas.","og_url":"https:\/\/nature-et-developpement.com\/macabane-materiaux\/produit\/saturateur-mat-lasural-interieurexterieur\/","og_site_name":"Ma Cabane mat\u00e9riaux naturels","article_modified_time":"2025-06-17T13:24:18+00:00","twitter_card":"summary_large_image","twitter_misc":{"Dur\u00e9e de lecture estim\u00e9e":"1 minute"},"schema":{"@context":"https:\/\/schema.org","@graph":[{"@type":"WebPage","@id":"https:\/\/nature-et-developpement.com\/macabane-materiaux\/produit\/saturateur-mat-lasural-interieurexterieur\/","url":"https:\/\/nature-et-developpement.com\/macabane-materiaux\/produit\/saturateur-mat-lasural-interieurexterieur\/","name":"Saturateur bois Mat incolore int\u00e9rieur et ext\u00e9rieur LASURAL de Natura - Ma Cabane mat\u00e9riaux naturels","isPartOf":{"@id":"https:\/\/nature-et-developpement.com\/macabane-materiaux\/#website"},"primaryImageOfPage":{"@id":"https:\/\/nature-et-developpement.com\/macabane-materiaux\/produit\/saturateur-mat-lasural-interieurexterieur\/#primaryimage"},"image":{"@id":"https:\/\/nature-et-developpement.com\/macabane-materiaux\/produit\/saturateur-mat-lasural-interieurexterieur\/#primaryimage"},"thumbnailUrl":"https:\/\/nature-et-developpement.com\/macabane-materiaux\/wp-content\/uploads\/27536-Saturateur-Mat-LASURAL-interieurexterieur.jpg","datePublished":"2018-12-31T23:00:00+00:00","dateModified":"2025-06-17T13:24:18+00:00","description":"Produit d'impr\u00e9gnation non filmog\u00e8ne \u00e0 fort pouvoir de p\u00e9n\u00e9tration avec un aspect bois huil\u00e9 mat rehaussant l'\u00e9l\u00e9gance naturelle du bois.. Hydrofuge, micro-poreux, contient un agent fongicide\u00a0et\u00a0ne s'\u00e9caille pas.","breadcrumb":{"@id":"https:\/\/nature-et-developpement.com\/macabane-materiaux\/produit\/saturateur-mat-lasural-interieurexterieur\/#breadcrumb"},"inLanguage":"fr-FR","potentialAction":[{"@type":"ReadAction","target":["https:\/\/nature-et-developpement.com\/macabane-materiaux\/produit\/saturateur-mat-lasural-interieurexterieur\/"]}]},{"@type":"ImageObject","inLanguage":"fr-FR","@id":"https:\/\/nature-et-developpement.com\/macabane-materiaux\/produit\/saturateur-mat-lasural-interieurexterieur\/#primaryimage","url":"https:\/\/nature-et-developpement.com\/macabane-materiaux\/wp-content\/uploads\/27536-Saturateur-Mat-LASURAL-interieurexterieur.jpg","contentUrl":"https:\/\/nature-et-developpement.com\/macabane-materiaux\/wp-content\/uploads\/27536-Saturateur-Mat-LASURAL-interieurexterieur.jpg"},{"@type":"BreadcrumbList","@id":"https:\/\/nature-et-developpement.com\/macabane-materiaux\/produit\/saturateur-mat-lasural-interieurexterieur\/#breadcrumb","itemListElement":[{"@type":"ListItem","position":1,"name":"Accueil","item":"https:\/\/nature-et-developpement.com\/macabane-materiaux\/"},{"@type":"ListItem","position":2,"name":"Boutique","item":"https:\/\/nature-et-developpement.com\/macabane-materiaux\/boutique\/"},{"@type":"ListItem","position":3,"name":"Peinture, pigment et enduit","item":"https:\/\/nature-et-developpement.com\/macabane-materiaux\/produits\/peinture-et-enduit\/"},{"@type":"ListItem","position":4,"name":"Protection du bois","item":"https:\/\/nature-et-developpement.com\/macabane-materiaux\/produits\/peinture-et-enduit\/protection-du-bois\/"},{"@type":"ListItem","position":5,"name":"Saturateur bois Mat incolore int\u00e9rieur et ext\u00e9rieur LASURAL de Natura"}]},{"@type":"WebSite","@id":"https:\/\/nature-et-developpement.com\/macabane-materiaux\/#website","url":"https:\/\/nature-et-developpement.com\/macabane-materiaux\/","name":"Ma Cabane mat\u00e9riaux naturels","description":"Ma Cabane est membre du groupement Nature &amp; D\u00e9veloppement","potentialAction":[{"@type":"SearchAction","target":{"@type":"EntryPoint","urlTemplate":"https:\/\/nature-et-developpement.com\/macabane-materiaux\/?s={search_term_string}"},"query-input":{"@type":"PropertyValueSpecification","valueRequired":true,"valueName":"search_term_string"}}],"inLanguage":"fr-FR"}]}},"distributor_meta":false,"distributor_terms":false,"distributor_media":false,"distributor_original_site_name":"Ma Cabane mat\u00e9riaux naturels","distributor_original_site_url":"https:\/\/nature-et-developpement.com\/macabane-materiaux","push-errors":false,"_links":{"self":[{"href":"https:\/\/nature-et-developpement.com\/macabane-materiaux\/wp-json\/wp\/v2\/product\/5972","targetHints":{"allow":["GET"]}}],"collection":[{"href":"https:\/\/nature-et-developpement.com\/macabane-materiaux\/wp-json\/wp\/v2\/product"}],"about":[{"href":"https:\/\/nature-et-developpement.com\/macabane-materiaux\/wp-json\/wp\/v2\/types\/product"}],"wp:featuredmedia":[{"embeddable":true,"href":"https:\/\/nature-et-developpement.com\/macabane-materiaux\/wp-json\/"}],"wp:attachment":[{"href":"https:\/\/nature-et-developpement.com\/macabane-materiaux\/wp-json\/wp\/v2\/media?parent=5972"}],"wp:term":[{"taxonomy":"product_brand","embeddable":true,"href":"https:\/\/nature-et-developpement.com\/macabane-materiaux\/wp-json\/wp\/v2\/product_brand?post=5972"},{"taxonomy":"product_cat","embeddable":true,"href":"https:\/\/nature-et-developpement.com\/macabane-materiaux\/wp-json\/wp\/v2\/product_cat?post=5972"},{"taxonomy":"product_tag","embeddable":true,"href":"https:\/\/nature-et-developpement.com\/macabane-materiaux\/wp-json\/wp\/v2\/product_tag?post=5972"}],"curies":[{"name":"wp","href":"https:\/\/api.w.org\/{rel}","templated":true}]}}