{"id":6190,"date":"2024-04-23T12:15:27","date_gmt":"2024-04-23T10:15:27","guid":{"rendered":"https:\/\/nature-et-developpement.com\/macabane-materiaux\/produit\/ventilation-double-flux-comfoair-200\/"},"modified":"2025-06-17T15:24:31","modified_gmt":"2025-06-17T13:24:31","slug":"ventilation-double-flux-comfoair-200","status":"publish","type":"product","link":"https:\/\/nature-et-developpement.com\/macabane-materiaux\/produit\/ventilation-double-flux-comfoair-200\/","title":{"rendered":"VMC double flux comfoair 200 de Zehnder"},"content":{"rendered":"<h2>VMC double flux compact, confortable et avec des commandes conviviales<\/h2>\n<p>L\u2019appareil de ventilation double flux Zehnder d\u00e9veloppe ComfoAir 200 pour des applications exigeantes r\u00e9sidentielles et collectives.<\/p>\n<p>Sachant que le syst\u00e8me allie confort, des commandes conviviales, un haut rendement, une int\u00e9gration flexible et compacte dans le cadre d\u2019installations murales ou au plafond.<\/p>\n<p>De plus, dans le cadre d\u2019applications r\u00e9sidentielles, l\u2019air vici\u00e9 est extrait de la cuisine, des salles de bains, des toilettes et de tout autre pi\u00e8ce humide.<\/p>\n<p>L\u2019air neuf, provenant de l\u2019ext\u00e9rieur, est introduit dans les pi\u00e8ces de vie (salon, s\u00e9jour, chambres&#8230;).<\/p>\n<p>En fin, un transfert de chaleur, avec r\u00e9cup\u00e9ration d\u2019\u00e9nergie, a lieu entre l\u2019air extrait de l\u2019habitation et l\u2019air puls\u00e9 dans l\u2019habitat provenant de l\u2019ext\u00e9rieur.<\/p>\n<h3 class=\"sectionheader\">Avantages<\/h3>\n<ul class=\"advantages__list\">\n<li>Ventilation douce de 20 jusqu\u2019\u00e0 255 m\u00b3\/h<\/li>\n<li>Installation murale\/verticale ou au plafond\/horizontale<\/li>\n<li>R\u00e9cup\u00e9ration de chaleur avec un rendement sup\u00e9rieur \u00e0 90%<\/li>\n<li>Faible consommation d\u2019\u00e9nergie gr\u00e2ce aux moteurs \u00e0 courant continu<\/li>\n<li>By-pass automatique 100% &#8211; mode \u00e9t\u00e9<\/li>\n<li>R\u00e9gulation par bo\u00eetiers d\u00e9port\u00e9s m\u00e9canique, radiofr\u00e9quences ou \u00e9lectronique<\/li>\n<li>3 \u00e0 4 vitesses de ventilation disponibles (fonction de la r\u00e9gulation utilis\u00e9e)<\/li>\n<li>Fonction antigel : Egalement efficace lors de temp\u00e9ratures tr\u00e8s basses<\/li>\n<li>Filtres G4 sur air neuf et air vici\u00e9. F7 en option sur air neuf<\/li>\n<li>Montage et maintenance rapides et s\u00e9curis\u00e9s<\/li>\n<li>Utilisation facile<\/li>\n<li>Indicateur d\u2019obturation du filtre int\u00e9gr\u00e9 dans l\u2019appareil ou sur le bo\u00eetier de r\u00e9gulation<\/li>\n<li>D\u00e9bits d\u2019air r\u00e9glables en fonction du dimensionnement de chaque projet<\/li>\n<li>Minuterie hebdomadaire sur ComfoSense (ComfoAir 200 Luxe)<\/li>\n<li>Siphon appropri\u00e9 (optionnel)<\/li>\n<\/ul>\n","protected":false},"excerpt":{"rendered":"<p>Une ventilation qui allie confort, des commandes conviviales, un tr\u00e8s haut rendement (98%, appareil de ventilation double flux certifi\u00e9 NF VMC selon le r\u00e9f\u00e9rentiel NF 205), une int\u00e9gration flexible et compacte.<\/p>\n<p><a href=\"https:\/\/heyzine.com\/flip-book\/37ab457f8d.html#page\/1\" target=\"_blank\" rel=\"noopener\">Pour plus de solutions techniques Zehnder, consultez leurs autres produits.<\/a><\/p>\n","protected":false},"featured_media":1000000169813,"template":"","meta":[],"product_brand":[3040],"product_cat":[108],"product_tag":[2667],"class_list":{"0":"post-6190","1":"product","2":"type-product","3":"status-publish","4":"has-post-thumbnail","6":"product_brand-zehnder-vmc","7":"product_cat-ventilation","8":"product_tag-zehnder","9":"product_shipping_class-petit-equipement-outil-eclairage","11":"first","12":"instock","13":"taxable","14":"shipping-taxable","15":"purchasable","16":"product-type-variable"},"yoast_head":"<!-- This site is optimized with the Yoast SEO plugin v27.5 - https:\/\/yoast.com\/product\/yoast-seo-wordpress\/ -->\n<title>VMC double flux comfoair 200 de Zehnder - Ma Cabane mat\u00e9riaux naturels<\/title>\n<meta name=\"description\" content=\"Une ventilation qui allie confort, des commandes conviviales, un tr\u00e8s haut rendement (98% de ventilation certifi\u00e9 NF), une int\u00e9gration flexible et compacte.\" \/>\n<meta name=\"robots\" content=\"noindex, follow\" \/>\n<meta property=\"og:locale\" content=\"fr_FR\" \/>\n<meta property=\"og:type\" content=\"article\" \/>\n<meta property=\"og:title\" content=\"VMC double flux comfoair 200 de Zehnder - Ma Cabane mat\u00e9riaux naturels\" \/>\n<meta property=\"og:description\" content=\"Une ventilation qui allie confort, des commandes conviviales, un tr\u00e8s haut rendement (98% de ventilation certifi\u00e9 NF), une int\u00e9gration flexible et compacte.\" \/>\n<meta property=\"og:url\" content=\"https:\/\/nature-et-developpement.com\/macabane-materiaux\/produit\/ventilation-double-flux-comfoair-200\/\" \/>\n<meta property=\"og:site_name\" content=\"Ma Cabane mat\u00e9riaux naturels\" \/>\n<meta property=\"article:modified_time\" content=\"2025-06-17T13:24:31+00:00\" \/>\n<meta name=\"twitter:card\" content=\"summary_large_image\" \/>\n<meta name=\"twitter:label1\" content=\"Dur\u00e9e de lecture estim\u00e9e\" \/>\n\t<meta name=\"twitter:data1\" content=\"2 minutes\" \/>\n<script type=\"application\/ld+json\" class=\"yoast-schema-graph\">{\"@context\":\"https:\\\/\\\/schema.org\",\"@graph\":[{\"@type\":\"WebPage\",\"@id\":\"https:\\\/\\\/nature-et-developpement.com\\\/macabane-materiaux\\\/produit\\\/ventilation-double-flux-comfoair-200\\\/\",\"url\":\"https:\\\/\\\/nature-et-developpement.com\\\/macabane-materiaux\\\/produit\\\/ventilation-double-flux-comfoair-200\\\/\",\"name\":\"VMC double flux comfoair 200 de Zehnder - Ma Cabane mat\u00e9riaux naturels\",\"isPartOf\":{\"@id\":\"https:\\\/\\\/nature-et-developpement.com\\\/macabane-materiaux\\\/#website\"},\"primaryImageOfPage\":{\"@id\":\"https:\\\/\\\/nature-et-developpement.com\\\/macabane-materiaux\\\/produit\\\/ventilation-double-flux-comfoair-200\\\/#primaryimage\"},\"image\":{\"@id\":\"https:\\\/\\\/nature-et-developpement.com\\\/macabane-materiaux\\\/produit\\\/ventilation-double-flux-comfoair-200\\\/#primaryimage\"},\"thumbnailUrl\":\"https:\\\/\\\/nature-et-developpement.com\\\/macabane-materiaux\\\/wp-content\\\/uploads\\\/Ventilation-double-flux-comfoair-200-de-Zenhder.jpg\",\"datePublished\":\"2024-04-23T10:15:27+00:00\",\"dateModified\":\"2025-06-17T13:24:31+00:00\",\"description\":\"Une ventilation qui allie confort, des commandes conviviales, un tr\u00e8s haut rendement (98% de ventilation certifi\u00e9 NF), une int\u00e9gration flexible et compacte.\",\"breadcrumb\":{\"@id\":\"https:\\\/\\\/nature-et-developpement.com\\\/macabane-materiaux\\\/produit\\\/ventilation-double-flux-comfoair-200\\\/#breadcrumb\"},\"inLanguage\":\"fr-FR\",\"potentialAction\":[{\"@type\":\"ReadAction\",\"target\":[\"https:\\\/\\\/nature-et-developpement.com\\\/macabane-materiaux\\\/produit\\\/ventilation-double-flux-comfoair-200\\\/\"]}]},{\"@type\":\"ImageObject\",\"inLanguage\":\"fr-FR\",\"@id\":\"https:\\\/\\\/nature-et-developpement.com\\\/macabane-materiaux\\\/produit\\\/ventilation-double-flux-comfoair-200\\\/#primaryimage\",\"url\":\"https:\\\/\\\/nature-et-developpement.com\\\/macabane-materiaux\\\/wp-content\\\/uploads\\\/Ventilation-double-flux-comfoair-200-de-Zenhder.jpg\",\"contentUrl\":\"https:\\\/\\\/nature-et-developpement.com\\\/macabane-materiaux\\\/wp-content\\\/uploads\\\/Ventilation-double-flux-comfoair-200-de-Zenhder.jpg\"},{\"@type\":\"BreadcrumbList\",\"@id\":\"https:\\\/\\\/nature-et-developpement.com\\\/macabane-materiaux\\\/produit\\\/ventilation-double-flux-comfoair-200\\\/#breadcrumb\",\"itemListElement\":[{\"@type\":\"ListItem\",\"position\":1,\"name\":\"Accueil\",\"item\":\"https:\\\/\\\/nature-et-developpement.com\\\/macabane-materiaux\\\/\"},{\"@type\":\"ListItem\",\"position\":2,\"name\":\"Boutique\",\"item\":\"https:\\\/\\\/nature-et-developpement.com\\\/macabane-materiaux\\\/boutique\\\/\"},{\"@type\":\"ListItem\",\"position\":3,\"name\":\"Chauffage, eau et \u00e9nergie\",\"item\":\"https:\\\/\\\/nature-et-developpement.com\\\/macabane-materiaux\\\/produits\\\/energie-et-ventilation\\\/\"},{\"@type\":\"ListItem\",\"position\":4,\"name\":\"Ventilation double flux, VMC hydro, extracteur d'air\",\"item\":\"https:\\\/\\\/nature-et-developpement.com\\\/macabane-materiaux\\\/produits\\\/energie-et-ventilation\\\/ventilation\\\/\"},{\"@type\":\"ListItem\",\"position\":5,\"name\":\"VMC double flux comfoair 200 de Zehnder\"}]},{\"@type\":\"WebSite\",\"@id\":\"https:\\\/\\\/nature-et-developpement.com\\\/macabane-materiaux\\\/#website\",\"url\":\"https:\\\/\\\/nature-et-developpement.com\\\/macabane-materiaux\\\/\",\"name\":\"Ma Cabane mat\u00e9riaux naturels\",\"description\":\"Ma Cabane est membre du groupement Nature &amp; D\u00e9veloppement\",\"potentialAction\":[{\"@type\":\"SearchAction\",\"target\":{\"@type\":\"EntryPoint\",\"urlTemplate\":\"https:\\\/\\\/nature-et-developpement.com\\\/macabane-materiaux\\\/?s={search_term_string}\"},\"query-input\":{\"@type\":\"PropertyValueSpecification\",\"valueRequired\":true,\"valueName\":\"search_term_string\"}}],\"inLanguage\":\"fr-FR\"}]}<\/script>\n<!-- \/ Yoast SEO plugin. -->","yoast_head_json":{"title":"VMC double flux comfoair 200 de Zehnder - Ma Cabane mat\u00e9riaux naturels","description":"Une ventilation qui allie confort, des commandes conviviales, un tr\u00e8s haut rendement (98% de ventilation certifi\u00e9 NF), une int\u00e9gration flexible et compacte.","robots":{"index":"noindex","follow":"follow"},"og_locale":"fr_FR","og_type":"article","og_title":"VMC double flux comfoair 200 de Zehnder - Ma Cabane mat\u00e9riaux naturels","og_description":"Une ventilation qui allie confort, des commandes conviviales, un tr\u00e8s haut rendement (98% de ventilation certifi\u00e9 NF), une int\u00e9gration flexible et compacte.","og_url":"https:\/\/nature-et-developpement.com\/macabane-materiaux\/produit\/ventilation-double-flux-comfoair-200\/","og_site_name":"Ma Cabane mat\u00e9riaux naturels","article_modified_time":"2025-06-17T13:24:31+00:00","twitter_card":"summary_large_image","twitter_misc":{"Dur\u00e9e de lecture estim\u00e9e":"2 minutes"},"schema":{"@context":"https:\/\/schema.org","@graph":[{"@type":"WebPage","@id":"https:\/\/nature-et-developpement.com\/macabane-materiaux\/produit\/ventilation-double-flux-comfoair-200\/","url":"https:\/\/nature-et-developpement.com\/macabane-materiaux\/produit\/ventilation-double-flux-comfoair-200\/","name":"VMC double flux comfoair 200 de Zehnder - Ma Cabane mat\u00e9riaux naturels","isPartOf":{"@id":"https:\/\/nature-et-developpement.com\/macabane-materiaux\/#website"},"primaryImageOfPage":{"@id":"https:\/\/nature-et-developpement.com\/macabane-materiaux\/produit\/ventilation-double-flux-comfoair-200\/#primaryimage"},"image":{"@id":"https:\/\/nature-et-developpement.com\/macabane-materiaux\/produit\/ventilation-double-flux-comfoair-200\/#primaryimage"},"thumbnailUrl":"https:\/\/nature-et-developpement.com\/macabane-materiaux\/wp-content\/uploads\/Ventilation-double-flux-comfoair-200-de-Zenhder.jpg","datePublished":"2024-04-23T10:15:27+00:00","dateModified":"2025-06-17T13:24:31+00:00","description":"Une ventilation qui allie confort, des commandes conviviales, un tr\u00e8s haut rendement (98% de ventilation certifi\u00e9 NF), une int\u00e9gration flexible et compacte.","breadcrumb":{"@id":"https:\/\/nature-et-developpement.com\/macabane-materiaux\/produit\/ventilation-double-flux-comfoair-200\/#breadcrumb"},"inLanguage":"fr-FR","potentialAction":[{"@type":"ReadAction","target":["https:\/\/nature-et-developpement.com\/macabane-materiaux\/produit\/ventilation-double-flux-comfoair-200\/"]}]},{"@type":"ImageObject","inLanguage":"fr-FR","@id":"https:\/\/nature-et-developpement.com\/macabane-materiaux\/produit\/ventilation-double-flux-comfoair-200\/#primaryimage","url":"https:\/\/nature-et-developpement.com\/macabane-materiaux\/wp-content\/uploads\/Ventilation-double-flux-comfoair-200-de-Zenhder.jpg","contentUrl":"https:\/\/nature-et-developpement.com\/macabane-materiaux\/wp-content\/uploads\/Ventilation-double-flux-comfoair-200-de-Zenhder.jpg"},{"@type":"BreadcrumbList","@id":"https:\/\/nature-et-developpement.com\/macabane-materiaux\/produit\/ventilation-double-flux-comfoair-200\/#breadcrumb","itemListElement":[{"@type":"ListItem","position":1,"name":"Accueil","item":"https:\/\/nature-et-developpement.com\/macabane-materiaux\/"},{"@type":"ListItem","position":2,"name":"Boutique","item":"https:\/\/nature-et-developpement.com\/macabane-materiaux\/boutique\/"},{"@type":"ListItem","position":3,"name":"Chauffage, eau et \u00e9nergie","item":"https:\/\/nature-et-developpement.com\/macabane-materiaux\/produits\/energie-et-ventilation\/"},{"@type":"ListItem","position":4,"name":"Ventilation double flux, VMC hydro, extracteur d'air","item":"https:\/\/nature-et-developpement.com\/macabane-materiaux\/produits\/energie-et-ventilation\/ventilation\/"},{"@type":"ListItem","position":5,"name":"VMC double flux comfoair 200 de Zehnder"}]},{"@type":"WebSite","@id":"https:\/\/nature-et-developpement.com\/macabane-materiaux\/#website","url":"https:\/\/nature-et-developpement.com\/macabane-materiaux\/","name":"Ma Cabane mat\u00e9riaux naturels","description":"Ma Cabane est membre du groupement Nature &amp; D\u00e9veloppement","potentialAction":[{"@type":"SearchAction","target":{"@type":"EntryPoint","urlTemplate":"https:\/\/nature-et-developpement.com\/macabane-materiaux\/?s={search_term_string}"},"query-input":{"@type":"PropertyValueSpecification","valueRequired":true,"valueName":"search_term_string"}}],"inLanguage":"fr-FR"}]}},"distributor_meta":false,"distributor_terms":false,"distributor_media":false,"distributor_original_site_name":"Ma Cabane mat\u00e9riaux naturels","distributor_original_site_url":"https:\/\/nature-et-developpement.com\/macabane-materiaux","push-errors":false,"_links":{"self":[{"href":"https:\/\/nature-et-developpement.com\/macabane-materiaux\/wp-json\/wp\/v2\/product\/6190","targetHints":{"allow":["GET"]}}],"collection":[{"href":"https:\/\/nature-et-developpement.com\/macabane-materiaux\/wp-json\/wp\/v2\/product"}],"about":[{"href":"https:\/\/nature-et-developpement.com\/macabane-materiaux\/wp-json\/wp\/v2\/types\/product"}],"wp:featuredmedia":[{"embeddable":true,"href":"https:\/\/nature-et-developpement.com\/macabane-materiaux\/wp-json\/"}],"wp:attachment":[{"href":"https:\/\/nature-et-developpement.com\/macabane-materiaux\/wp-json\/wp\/v2\/media?parent=6190"}],"wp:term":[{"taxonomy":"product_brand","embeddable":true,"href":"https:\/\/nature-et-developpement.com\/macabane-materiaux\/wp-json\/wp\/v2\/product_brand?post=6190"},{"taxonomy":"product_cat","embeddable":true,"href":"https:\/\/nature-et-developpement.com\/macabane-materiaux\/wp-json\/wp\/v2\/product_cat?post=6190"},{"taxonomy":"product_tag","embeddable":true,"href":"https:\/\/nature-et-developpement.com\/macabane-materiaux\/wp-json\/wp\/v2\/product_tag?post=6190"}],"curies":[{"name":"wp","href":"https:\/\/api.w.org\/{rel}","templated":true}]}}