{"id":6199,"date":"2025-11-06T10:50:45","date_gmt":"2025-11-06T09:50:45","guid":{"rendered":"https:\/\/nature-et-developpement.com\/macabane-materiaux\/produit\/porte-emia-modulo-roziere-d4-uni-traditionnelle\/"},"modified":"2026-02-13T05:52:50","modified_gmt":"2026-02-13T04:52:50","slug":"porte-emia-modulo-roziere-d4-uni-traditionnelle","status":"publish","type":"product","link":"https:\/\/nature-et-developpement.com\/macabane-materiaux\/produit\/porte-emia-modulo-roziere-d4-uni-traditionnelle\/","title":{"rendered":"Porte int\u00e9rieure \u00c9MIA Modulo de Rozi\u00e8re Mod\u00e8le D4 uni pose traditionnelle"},"content":{"rendered":"<p><strong>En option<\/strong>: charni\u00e8res invisibles, serrure magn\u00e9tique<\/p>\n","protected":false},"excerpt":{"rendered":"<p>Robuste avec un parement ch\u00eane massif, un veinage et une finition laqu\u00e9e donneront de la personnalit\u00e9 \u00e0 votre porte<br \/>\nLe mod\u00e8le D4 comporte 1 lame verticale pr\u00e8s de la poign\u00e9e<br \/>\nConfort acoustique gr\u00e2ce \u00e0 son \u00e2me pleine<br \/>\nExcellent rapport qualit\u00e9\/prix<\/p>\n<p><em>Disponible en placard ouvrant ou coulissant (sur demande)<\/em><\/p>\n<p><img loading=\"lazy\" decoding=\"async\" class=\"alignnone size-full wp-image-144006\" src=\"https:\/\/nature-et-developpement.com\/wp-content\/uploads\/cms\/ROZIERE\/picto-10ans.jpg\" alt=\"\" width=\"100\" height=\"100\" \/><\/p>\n","protected":false},"featured_media":1000000165767,"template":"","meta":[],"product_brand":[176],"product_cat":[111],"product_tag":[2208],"class_list":{"0":"post-6199","1":"product","2":"type-product","3":"status-publish","4":"has-post-thumbnail","6":"product_brand-roziere","7":"product_cat-escalier-et-porte","8":"product_tag-roziere","10":"first","11":"instock","12":"taxable","13":"shipping-taxable","14":"purchasable","15":"product-type-variable"},"yoast_head":"<!-- This site is optimized with the Yoast SEO plugin v27.5 - https:\/\/yoast.com\/product\/yoast-seo-wordpress\/ -->\n<title>Porte int\u00e9rieure unie Rozi\u00e8re Mod\u00e8le D4 uni pose traditionnelle<\/title>\n<meta name=\"description\" content=\"Robuste avec un parement ch\u00eane massif, un veinage et une finition laqu\u00e9e donneront de la personnalit\u00e9 \u00e0 votre porte Le mod\u00e8le D4 comporte 1 lame verticale pr\u00e8s de la poign\u00e9e Confort acoustique gr\u00e2ce \u00e0 son \u00e2me pleine Excellent rapport qualit\u00e9\/prix  Disponible en placard ouvrant ou coulissant (sur demande)\" \/>\n<meta name=\"robots\" content=\"noindex, nofollow\" \/>\n<meta property=\"og:locale\" content=\"fr_FR\" \/>\n<meta property=\"og:type\" content=\"article\" \/>\n<meta property=\"og:title\" content=\"Porte int\u00e9rieure unie Rozi\u00e8re Mod\u00e8le D4 uni pose traditionnelle\" \/>\n<meta property=\"og:description\" content=\"Robuste avec un parement ch\u00eane massif, un veinage et une finition laqu\u00e9e donneront de la personnalit\u00e9 \u00e0 votre porte Le mod\u00e8le D4 comporte 1 lame verticale pr\u00e8s de la poign\u00e9e Confort acoustique gr\u00e2ce \u00e0 son \u00e2me pleine Excellent rapport qualit\u00e9\/prix  Disponible en placard ouvrant ou coulissant (sur demande)\" \/>\n<meta property=\"og:url\" content=\"https:\/\/nature-et-developpement.com\/macabane-materiaux\/produit\/porte-emia-modulo-roziere-d4-uni-traditionnelle\/\" \/>\n<meta property=\"og:site_name\" content=\"Ma Cabane mat\u00e9riaux naturels\" \/>\n<meta property=\"article:modified_time\" content=\"2026-02-13T04:52:50+00:00\" \/>\n<meta name=\"twitter:card\" content=\"summary_large_image\" \/>\n<script type=\"application\/ld+json\" class=\"yoast-schema-graph\">{\"@context\":\"https:\\\/\\\/schema.org\",\"@graph\":[{\"@type\":\"WebPage\",\"@id\":\"https:\\\/\\\/nature-et-developpement.com\\\/macabane-materiaux\\\/produit\\\/porte-emia-modulo-roziere-d4-uni-traditionnelle\\\/\",\"url\":\"https:\\\/\\\/nature-et-developpement.com\\\/macabane-materiaux\\\/produit\\\/porte-emia-modulo-roziere-d4-uni-traditionnelle\\\/\",\"name\":\"Porte int\u00e9rieure unie Rozi\u00e8re Mod\u00e8le D4 uni pose traditionnelle\",\"isPartOf\":{\"@id\":\"https:\\\/\\\/nature-et-developpement.com\\\/macabane-materiaux\\\/#website\"},\"primaryImageOfPage\":{\"@id\":\"https:\\\/\\\/nature-et-developpement.com\\\/macabane-materiaux\\\/produit\\\/porte-emia-modulo-roziere-d4-uni-traditionnelle\\\/#primaryimage\"},\"image\":{\"@id\":\"https:\\\/\\\/nature-et-developpement.com\\\/macabane-materiaux\\\/produit\\\/porte-emia-modulo-roziere-d4-uni-traditionnelle\\\/#primaryimage\"},\"thumbnailUrl\":\"https:\\\/\\\/nature-et-developpement.com\\\/macabane-materiaux\\\/wp-content\\\/uploads\\\/Porte-interieur-Emia-Modulo-de-ROZIERE-modele-D4-Lin-uni.jpg\",\"datePublished\":\"2025-11-06T09:50:45+00:00\",\"dateModified\":\"2026-02-13T04:52:50+00:00\",\"description\":\"Robuste avec un parement ch\u00eane massif, un veinage et une finition laqu\u00e9e donneront de la personnalit\u00e9 \u00e0 votre porte Le mod\u00e8le D4 comporte 1 lame verticale pr\u00e8s de la poign\u00e9e Confort acoustique gr\u00e2ce \u00e0 son \u00e2me pleine Excellent rapport qualit\u00e9\\\/prix Disponible en placard ouvrant ou coulissant (sur demande)\",\"breadcrumb\":{\"@id\":\"https:\\\/\\\/nature-et-developpement.com\\\/macabane-materiaux\\\/produit\\\/porte-emia-modulo-roziere-d4-uni-traditionnelle\\\/#breadcrumb\"},\"inLanguage\":\"fr-FR\",\"potentialAction\":[{\"@type\":\"ReadAction\",\"target\":[\"https:\\\/\\\/nature-et-developpement.com\\\/macabane-materiaux\\\/produit\\\/porte-emia-modulo-roziere-d4-uni-traditionnelle\\\/\"]}]},{\"@type\":\"ImageObject\",\"inLanguage\":\"fr-FR\",\"@id\":\"https:\\\/\\\/nature-et-developpement.com\\\/macabane-materiaux\\\/produit\\\/porte-emia-modulo-roziere-d4-uni-traditionnelle\\\/#primaryimage\",\"url\":\"https:\\\/\\\/nature-et-developpement.com\\\/macabane-materiaux\\\/wp-content\\\/uploads\\\/Porte-interieur-Emia-Modulo-de-ROZIERE-modele-D4-Lin-uni.jpg\",\"contentUrl\":\"https:\\\/\\\/nature-et-developpement.com\\\/macabane-materiaux\\\/wp-content\\\/uploads\\\/Porte-interieur-Emia-Modulo-de-ROZIERE-modele-D4-Lin-uni.jpg\"},{\"@type\":\"BreadcrumbList\",\"@id\":\"https:\\\/\\\/nature-et-developpement.com\\\/macabane-materiaux\\\/produit\\\/porte-emia-modulo-roziere-d4-uni-traditionnelle\\\/#breadcrumb\",\"itemListElement\":[{\"@type\":\"ListItem\",\"position\":1,\"name\":\"Accueil\",\"item\":\"https:\\\/\\\/nature-et-developpement.com\\\/macabane-materiaux\\\/\"},{\"@type\":\"ListItem\",\"position\":2,\"name\":\"Boutique\",\"item\":\"https:\\\/\\\/nature-et-developpement.com\\\/macabane-materiaux\\\/boutique\\\/\"},{\"@type\":\"ListItem\",\"position\":3,\"name\":\"Agencement int\u00e9rieur\",\"item\":\"https:\\\/\\\/nature-et-developpement.com\\\/macabane-materiaux\\\/produits\\\/agencement-interieur\\\/\"},{\"@type\":\"ListItem\",\"position\":4,\"name\":\"Escalier et porte\",\"item\":\"https:\\\/\\\/nature-et-developpement.com\\\/macabane-materiaux\\\/produits\\\/agencement-interieur\\\/escalier-et-porte\\\/\"},{\"@type\":\"ListItem\",\"position\":5,\"name\":\"Porte int\u00e9rieure \u00c9MIA Modulo de Rozi\u00e8re Mod\u00e8le D4 uni pose traditionnelle\"}]},{\"@type\":\"WebSite\",\"@id\":\"https:\\\/\\\/nature-et-developpement.com\\\/macabane-materiaux\\\/#website\",\"url\":\"https:\\\/\\\/nature-et-developpement.com\\\/macabane-materiaux\\\/\",\"name\":\"Ma Cabane mat\u00e9riaux naturels\",\"description\":\"Ma Cabane est membre du groupement Nature &amp; D\u00e9veloppement\",\"potentialAction\":[{\"@type\":\"SearchAction\",\"target\":{\"@type\":\"EntryPoint\",\"urlTemplate\":\"https:\\\/\\\/nature-et-developpement.com\\\/macabane-materiaux\\\/?s={search_term_string}\"},\"query-input\":{\"@type\":\"PropertyValueSpecification\",\"valueRequired\":true,\"valueName\":\"search_term_string\"}}],\"inLanguage\":\"fr-FR\"}]}<\/script>\n<!-- \/ Yoast SEO plugin. -->","yoast_head_json":{"title":"Porte int\u00e9rieure unie Rozi\u00e8re Mod\u00e8le D4 uni pose traditionnelle","description":"Robuste avec un parement ch\u00eane massif, un veinage et une finition laqu\u00e9e donneront de la personnalit\u00e9 \u00e0 votre porte Le mod\u00e8le D4 comporte 1 lame verticale pr\u00e8s de la poign\u00e9e Confort acoustique gr\u00e2ce \u00e0 son \u00e2me pleine Excellent rapport qualit\u00e9\/prix  Disponible en placard ouvrant ou coulissant (sur demande)","robots":{"index":"noindex","follow":"nofollow"},"og_locale":"fr_FR","og_type":"article","og_title":"Porte int\u00e9rieure unie Rozi\u00e8re Mod\u00e8le D4 uni pose traditionnelle","og_description":"Robuste avec un parement ch\u00eane massif, un veinage et une finition laqu\u00e9e donneront de la personnalit\u00e9 \u00e0 votre porte Le mod\u00e8le D4 comporte 1 lame verticale pr\u00e8s de la poign\u00e9e Confort acoustique gr\u00e2ce \u00e0 son \u00e2me pleine Excellent rapport qualit\u00e9\/prix  Disponible en placard ouvrant ou coulissant (sur demande)","og_url":"https:\/\/nature-et-developpement.com\/macabane-materiaux\/produit\/porte-emia-modulo-roziere-d4-uni-traditionnelle\/","og_site_name":"Ma Cabane mat\u00e9riaux naturels","article_modified_time":"2026-02-13T04:52:50+00:00","twitter_card":"summary_large_image","schema":{"@context":"https:\/\/schema.org","@graph":[{"@type":"WebPage","@id":"https:\/\/nature-et-developpement.com\/macabane-materiaux\/produit\/porte-emia-modulo-roziere-d4-uni-traditionnelle\/","url":"https:\/\/nature-et-developpement.com\/macabane-materiaux\/produit\/porte-emia-modulo-roziere-d4-uni-traditionnelle\/","name":"Porte int\u00e9rieure unie Rozi\u00e8re Mod\u00e8le D4 uni pose traditionnelle","isPartOf":{"@id":"https:\/\/nature-et-developpement.com\/macabane-materiaux\/#website"},"primaryImageOfPage":{"@id":"https:\/\/nature-et-developpement.com\/macabane-materiaux\/produit\/porte-emia-modulo-roziere-d4-uni-traditionnelle\/#primaryimage"},"image":{"@id":"https:\/\/nature-et-developpement.com\/macabane-materiaux\/produit\/porte-emia-modulo-roziere-d4-uni-traditionnelle\/#primaryimage"},"thumbnailUrl":"https:\/\/nature-et-developpement.com\/macabane-materiaux\/wp-content\/uploads\/Porte-interieur-Emia-Modulo-de-ROZIERE-modele-D4-Lin-uni.jpg","datePublished":"2025-11-06T09:50:45+00:00","dateModified":"2026-02-13T04:52:50+00:00","description":"Robuste avec un parement ch\u00eane massif, un veinage et une finition laqu\u00e9e donneront de la personnalit\u00e9 \u00e0 votre porte Le mod\u00e8le D4 comporte 1 lame verticale pr\u00e8s de la poign\u00e9e Confort acoustique gr\u00e2ce \u00e0 son \u00e2me pleine Excellent rapport qualit\u00e9\/prix Disponible en placard ouvrant ou coulissant (sur demande)","breadcrumb":{"@id":"https:\/\/nature-et-developpement.com\/macabane-materiaux\/produit\/porte-emia-modulo-roziere-d4-uni-traditionnelle\/#breadcrumb"},"inLanguage":"fr-FR","potentialAction":[{"@type":"ReadAction","target":["https:\/\/nature-et-developpement.com\/macabane-materiaux\/produit\/porte-emia-modulo-roziere-d4-uni-traditionnelle\/"]}]},{"@type":"ImageObject","inLanguage":"fr-FR","@id":"https:\/\/nature-et-developpement.com\/macabane-materiaux\/produit\/porte-emia-modulo-roziere-d4-uni-traditionnelle\/#primaryimage","url":"https:\/\/nature-et-developpement.com\/macabane-materiaux\/wp-content\/uploads\/Porte-interieur-Emia-Modulo-de-ROZIERE-modele-D4-Lin-uni.jpg","contentUrl":"https:\/\/nature-et-developpement.com\/macabane-materiaux\/wp-content\/uploads\/Porte-interieur-Emia-Modulo-de-ROZIERE-modele-D4-Lin-uni.jpg"},{"@type":"BreadcrumbList","@id":"https:\/\/nature-et-developpement.com\/macabane-materiaux\/produit\/porte-emia-modulo-roziere-d4-uni-traditionnelle\/#breadcrumb","itemListElement":[{"@type":"ListItem","position":1,"name":"Accueil","item":"https:\/\/nature-et-developpement.com\/macabane-materiaux\/"},{"@type":"ListItem","position":2,"name":"Boutique","item":"https:\/\/nature-et-developpement.com\/macabane-materiaux\/boutique\/"},{"@type":"ListItem","position":3,"name":"Agencement int\u00e9rieur","item":"https:\/\/nature-et-developpement.com\/macabane-materiaux\/produits\/agencement-interieur\/"},{"@type":"ListItem","position":4,"name":"Escalier et porte","item":"https:\/\/nature-et-developpement.com\/macabane-materiaux\/produits\/agencement-interieur\/escalier-et-porte\/"},{"@type":"ListItem","position":5,"name":"Porte int\u00e9rieure \u00c9MIA Modulo de Rozi\u00e8re Mod\u00e8le D4 uni pose traditionnelle"}]},{"@type":"WebSite","@id":"https:\/\/nature-et-developpement.com\/macabane-materiaux\/#website","url":"https:\/\/nature-et-developpement.com\/macabane-materiaux\/","name":"Ma Cabane mat\u00e9riaux naturels","description":"Ma Cabane est membre du groupement Nature &amp; D\u00e9veloppement","potentialAction":[{"@type":"SearchAction","target":{"@type":"EntryPoint","urlTemplate":"https:\/\/nature-et-developpement.com\/macabane-materiaux\/?s={search_term_string}"},"query-input":{"@type":"PropertyValueSpecification","valueRequired":true,"valueName":"search_term_string"}}],"inLanguage":"fr-FR"}]}},"distributor_meta":false,"distributor_terms":false,"distributor_media":false,"distributor_original_site_name":"Ma Cabane mat\u00e9riaux naturels","distributor_original_site_url":"https:\/\/nature-et-developpement.com\/macabane-materiaux","push-errors":false,"_links":{"self":[{"href":"https:\/\/nature-et-developpement.com\/macabane-materiaux\/wp-json\/wp\/v2\/product\/6199","targetHints":{"allow":["GET"]}}],"collection":[{"href":"https:\/\/nature-et-developpement.com\/macabane-materiaux\/wp-json\/wp\/v2\/product"}],"about":[{"href":"https:\/\/nature-et-developpement.com\/macabane-materiaux\/wp-json\/wp\/v2\/types\/product"}],"wp:featuredmedia":[{"embeddable":true,"href":"https:\/\/nature-et-developpement.com\/macabane-materiaux\/wp-json\/"}],"wp:attachment":[{"href":"https:\/\/nature-et-developpement.com\/macabane-materiaux\/wp-json\/wp\/v2\/media?parent=6199"}],"wp:term":[{"taxonomy":"product_brand","embeddable":true,"href":"https:\/\/nature-et-developpement.com\/macabane-materiaux\/wp-json\/wp\/v2\/product_brand?post=6199"},{"taxonomy":"product_cat","embeddable":true,"href":"https:\/\/nature-et-developpement.com\/macabane-materiaux\/wp-json\/wp\/v2\/product_cat?post=6199"},{"taxonomy":"product_tag","embeddable":true,"href":"https:\/\/nature-et-developpement.com\/macabane-materiaux\/wp-json\/wp\/v2\/product_tag?post=6199"}],"curies":[{"name":"wp","href":"https:\/\/api.w.org\/{rel}","templated":true}]}}