{"id":6429,"date":"2025-11-06T10:25:23","date_gmt":"2025-11-06T09:25:23","guid":{"rendered":"https:\/\/nature-et-developpement.com\/macabane-materiaux\/produit\/porte-emia-modulo-roziere-d4-ral-fin-chantier\/"},"modified":"2026-02-11T21:04:11","modified_gmt":"2026-02-11T20:04:11","slug":"porte-emia-modulo-roziere-d4-ral-fin-chantier","status":"publish","type":"product","link":"https:\/\/nature-et-developpement.com\/macabane-materiaux\/produit\/porte-emia-modulo-roziere-d4-ral-fin-chantier\/","title":{"rendered":"Porte int\u00e9rieure \u00c9MIA Modulo de Rozi\u00e8re Mod\u00e8le D4 couleur RAL pose fin de chantier"},"content":{"rendered":"<h3>POSER VOTRE PORTE D&rsquo;INT\u00c9RIEUR<br \/>\nEN FIN DE CHANTIER<\/h3>\n<p><strong>Qu&rsquo;est-ce que la pose fin de chantier KM1 ?<\/strong><\/p>\n<p>Avec l&rsquo;huisserie KM1, la porte vient s&rsquo;int\u00e9grer dans la cloison apr\u00e8s tous les travaux de finition. Vous pouvez faire cette int\u00e9gration de derni\u00e8re minute, rendue possible gr\u00e2ce aux dimensions de r\u00e9servation (le \u00ab\u00a0trou\u00a0\u00bb) laiss\u00e9es au moment de la cr\u00e9ation de la cloison. D\u00e9couvrez comment poser le KM1 en vid\u00e9o.<\/p>\n<p><b>Pourquoi choisir la pose fin de chantier ?<\/b><\/p>\n<p>Nos clients la pr\u00e9conisent fortement puisque ce type de pose car elle vous permet :<\/p>\n<p>&#8211; d&rsquo;avoir plus de temps pour se d\u00e9cider sur une finition ou encore le sens d&rsquo;ouverture car le chantier peut se poursuivre malgr\u00e9 l&rsquo;absence de la porte<\/p>\n<p>&#8211; d&rsquo;\u00e9viter que la porte s&rsquo;ab\u00eeme pendant l&rsquo;intervention des autres corps de m\u00e9tier<\/p>\n<p><strong>En option<\/strong>: charni\u00e8res invisibles, serrure magn\u00e9tique<\/p>\n","protected":false},"excerpt":{"rendered":"<p>La pose fin de chantier est une bonne solution pour se donner le temps du choix des couleurs, du sens d&rsquo;ouverture, sans g\u00eaner la poursuite des travaux.<br \/>\nLe mod\u00e8le D4 comporte 1 lame verticale pr\u00e8s de la poign\u00e9e<br \/>\nRobuste avec un parement ch\u00eane massif, un veinage et une finition laqu\u00e9e donneront de la personnalit\u00e9 \u00e0 votre porte aux couleurs de votre int\u00e9rieur<br \/>\nConfort acoustique gr\u00e2ce \u00e0 son \u00e2me pleine<br \/>\nExcellent rapport qualit\u00e9\/prix<\/p>\n<p><em>Disponible en placard ouvrant ou coulissant (sur demande)<\/em><\/p>\n<p><img loading=\"lazy\" decoding=\"async\" class=\"alignnone size-full wp-image-144006\" src=\"https:\/\/nature-et-developpement.com\/wp-content\/uploads\/cms\/ROZIERE\/picto-10ans.jpg\" alt=\"\" width=\"100\" height=\"100\" \/><\/p>\n","protected":false},"featured_media":1000000165761,"template":"","meta":[],"product_brand":[176],"product_cat":[111],"product_tag":[2208],"class_list":{"0":"post-6429","1":"product","2":"type-product","3":"status-publish","4":"has-post-thumbnail","6":"product_brand-roziere","7":"product_cat-escalier-et-porte","8":"product_tag-roziere","10":"first","11":"onbackorder","12":"taxable","13":"shipping-taxable","14":"purchasable","15":"product-type-variable"},"yoast_head":"<!-- This site is optimized with the Yoast SEO plugin v27.5 - https:\/\/yoast.com\/product\/yoast-seo-wordpress\/ -->\n<title>Porte int\u00e9rieure Rozi\u00e8re Mod\u00e8le D4 RAL pose fin de chantier<\/title>\n<meta name=\"description\" content=\"La pose fin de chantier est une bonne solution pour se donner le temps du choix des couleurs, du sens d&#039;ouverture, sans g\u00eaner la poursuite des travaux. Le mod\u00e8le D4 comporte 1 lame verticale pr\u00e8s de la poign\u00e9e Robuste avec un parement ch\u00eane massif, un veinage et une finition laqu\u00e9e donneront de la personnalit\u00e9 \u00e0 votre porte aux couleurs de votre int\u00e9rieur Confort acoustique gr\u00e2ce \u00e0 son \u00e2me pleine Excellent rapport qualit\u00e9\/prix  Disponible en placard ouvrant ou coulissant (sur demande)\" \/>\n<meta name=\"robots\" content=\"noindex, nofollow\" \/>\n<meta property=\"og:locale\" content=\"fr_FR\" \/>\n<meta property=\"og:type\" content=\"article\" \/>\n<meta property=\"og:title\" content=\"Porte int\u00e9rieure Rozi\u00e8re Mod\u00e8le D4 RAL pose fin de chantier\" \/>\n<meta property=\"og:description\" content=\"La pose fin de chantier est une bonne solution pour se donner le temps du choix des couleurs, du sens d&#039;ouverture, sans g\u00eaner la poursuite des travaux. Le mod\u00e8le D4 comporte 1 lame verticale pr\u00e8s de la poign\u00e9e Robuste avec un parement ch\u00eane massif, un veinage et une finition laqu\u00e9e donneront de la personnalit\u00e9 \u00e0 votre porte aux couleurs de votre int\u00e9rieur Confort acoustique gr\u00e2ce \u00e0 son \u00e2me pleine Excellent rapport qualit\u00e9\/prix  Disponible en placard ouvrant ou coulissant (sur demande)\" \/>\n<meta property=\"og:url\" content=\"https:\/\/nature-et-developpement.com\/macabane-materiaux\/produit\/porte-emia-modulo-roziere-d4-ral-fin-chantier\/\" \/>\n<meta property=\"og:site_name\" content=\"Ma Cabane mat\u00e9riaux naturels\" \/>\n<meta property=\"article:modified_time\" content=\"2026-02-11T20:04:11+00:00\" \/>\n<meta name=\"twitter:card\" content=\"summary_large_image\" \/>\n<meta name=\"twitter:label1\" content=\"Dur\u00e9e de lecture estim\u00e9e\" \/>\n\t<meta name=\"twitter:data1\" content=\"1 minute\" \/>\n<script type=\"application\/ld+json\" class=\"yoast-schema-graph\">{\"@context\":\"https:\\\/\\\/schema.org\",\"@graph\":[{\"@type\":\"WebPage\",\"@id\":\"https:\\\/\\\/nature-et-developpement.com\\\/macabane-materiaux\\\/produit\\\/porte-emia-modulo-roziere-d4-ral-fin-chantier\\\/\",\"url\":\"https:\\\/\\\/nature-et-developpement.com\\\/macabane-materiaux\\\/produit\\\/porte-emia-modulo-roziere-d4-ral-fin-chantier\\\/\",\"name\":\"Porte int\u00e9rieure Rozi\u00e8re Mod\u00e8le D4 RAL pose fin de chantier\",\"isPartOf\":{\"@id\":\"https:\\\/\\\/nature-et-developpement.com\\\/macabane-materiaux\\\/#website\"},\"primaryImageOfPage\":{\"@id\":\"https:\\\/\\\/nature-et-developpement.com\\\/macabane-materiaux\\\/produit\\\/porte-emia-modulo-roziere-d4-ral-fin-chantier\\\/#primaryimage\"},\"image\":{\"@id\":\"https:\\\/\\\/nature-et-developpement.com\\\/macabane-materiaux\\\/produit\\\/porte-emia-modulo-roziere-d4-ral-fin-chantier\\\/#primaryimage\"},\"thumbnailUrl\":\"https:\\\/\\\/nature-et-developpement.com\\\/macabane-materiaux\\\/wp-content\\\/uploads\\\/Porte-interieur-Emia-Modulo-de-ROZIERE-modele-D4-Couleur-RAL-a-definir.jpg\",\"datePublished\":\"2025-11-06T09:25:23+00:00\",\"dateModified\":\"2026-02-11T20:04:11+00:00\",\"description\":\"La pose fin de chantier est une bonne solution pour se donner le temps du choix des couleurs, du sens d'ouverture, sans g\u00eaner la poursuite des travaux. Le mod\u00e8le D4 comporte 1 lame verticale pr\u00e8s de la poign\u00e9e Robuste avec un parement ch\u00eane massif, un veinage et une finition laqu\u00e9e donneront de la personnalit\u00e9 \u00e0 votre porte aux couleurs de votre int\u00e9rieur Confort acoustique gr\u00e2ce \u00e0 son \u00e2me pleine Excellent rapport qualit\u00e9\\\/prix Disponible en placard ouvrant ou coulissant (sur demande)\",\"breadcrumb\":{\"@id\":\"https:\\\/\\\/nature-et-developpement.com\\\/macabane-materiaux\\\/produit\\\/porte-emia-modulo-roziere-d4-ral-fin-chantier\\\/#breadcrumb\"},\"inLanguage\":\"fr-FR\",\"potentialAction\":[{\"@type\":\"ReadAction\",\"target\":[\"https:\\\/\\\/nature-et-developpement.com\\\/macabane-materiaux\\\/produit\\\/porte-emia-modulo-roziere-d4-ral-fin-chantier\\\/\"]}]},{\"@type\":\"ImageObject\",\"inLanguage\":\"fr-FR\",\"@id\":\"https:\\\/\\\/nature-et-developpement.com\\\/macabane-materiaux\\\/produit\\\/porte-emia-modulo-roziere-d4-ral-fin-chantier\\\/#primaryimage\",\"url\":\"https:\\\/\\\/nature-et-developpement.com\\\/macabane-materiaux\\\/wp-content\\\/uploads\\\/Porte-interieur-Emia-Modulo-de-ROZIERE-modele-D4-Couleur-RAL-a-definir.jpg\",\"contentUrl\":\"https:\\\/\\\/nature-et-developpement.com\\\/macabane-materiaux\\\/wp-content\\\/uploads\\\/Porte-interieur-Emia-Modulo-de-ROZIERE-modele-D4-Couleur-RAL-a-definir.jpg\"},{\"@type\":\"BreadcrumbList\",\"@id\":\"https:\\\/\\\/nature-et-developpement.com\\\/macabane-materiaux\\\/produit\\\/porte-emia-modulo-roziere-d4-ral-fin-chantier\\\/#breadcrumb\",\"itemListElement\":[{\"@type\":\"ListItem\",\"position\":1,\"name\":\"Accueil\",\"item\":\"https:\\\/\\\/nature-et-developpement.com\\\/macabane-materiaux\\\/\"},{\"@type\":\"ListItem\",\"position\":2,\"name\":\"Boutique\",\"item\":\"https:\\\/\\\/nature-et-developpement.com\\\/macabane-materiaux\\\/boutique\\\/\"},{\"@type\":\"ListItem\",\"position\":3,\"name\":\"Agencement int\u00e9rieur\",\"item\":\"https:\\\/\\\/nature-et-developpement.com\\\/macabane-materiaux\\\/produits\\\/agencement-interieur\\\/\"},{\"@type\":\"ListItem\",\"position\":4,\"name\":\"Escalier et porte\",\"item\":\"https:\\\/\\\/nature-et-developpement.com\\\/macabane-materiaux\\\/produits\\\/agencement-interieur\\\/escalier-et-porte\\\/\"},{\"@type\":\"ListItem\",\"position\":5,\"name\":\"Porte int\u00e9rieure \u00c9MIA Modulo de Rozi\u00e8re Mod\u00e8le D4 couleur RAL pose fin de chantier\"}]},{\"@type\":\"WebSite\",\"@id\":\"https:\\\/\\\/nature-et-developpement.com\\\/macabane-materiaux\\\/#website\",\"url\":\"https:\\\/\\\/nature-et-developpement.com\\\/macabane-materiaux\\\/\",\"name\":\"Ma Cabane mat\u00e9riaux naturels\",\"description\":\"Ma Cabane est membre du groupement Nature &amp; D\u00e9veloppement\",\"potentialAction\":[{\"@type\":\"SearchAction\",\"target\":{\"@type\":\"EntryPoint\",\"urlTemplate\":\"https:\\\/\\\/nature-et-developpement.com\\\/macabane-materiaux\\\/?s={search_term_string}\"},\"query-input\":{\"@type\":\"PropertyValueSpecification\",\"valueRequired\":true,\"valueName\":\"search_term_string\"}}],\"inLanguage\":\"fr-FR\"}]}<\/script>\n<!-- \/ Yoast SEO plugin. -->","yoast_head_json":{"title":"Porte int\u00e9rieure Rozi\u00e8re Mod\u00e8le D4 RAL pose fin de chantier","description":"La pose fin de chantier est une bonne solution pour se donner le temps du choix des couleurs, du sens d'ouverture, sans g\u00eaner la poursuite des travaux. Le mod\u00e8le D4 comporte 1 lame verticale pr\u00e8s de la poign\u00e9e Robuste avec un parement ch\u00eane massif, un veinage et une finition laqu\u00e9e donneront de la personnalit\u00e9 \u00e0 votre porte aux couleurs de votre int\u00e9rieur Confort acoustique gr\u00e2ce \u00e0 son \u00e2me pleine Excellent rapport qualit\u00e9\/prix  Disponible en placard ouvrant ou coulissant (sur demande)","robots":{"index":"noindex","follow":"nofollow"},"og_locale":"fr_FR","og_type":"article","og_title":"Porte int\u00e9rieure Rozi\u00e8re Mod\u00e8le D4 RAL pose fin de chantier","og_description":"La pose fin de chantier est une bonne solution pour se donner le temps du choix des couleurs, du sens d'ouverture, sans g\u00eaner la poursuite des travaux. Le mod\u00e8le D4 comporte 1 lame verticale pr\u00e8s de la poign\u00e9e Robuste avec un parement ch\u00eane massif, un veinage et une finition laqu\u00e9e donneront de la personnalit\u00e9 \u00e0 votre porte aux couleurs de votre int\u00e9rieur Confort acoustique gr\u00e2ce \u00e0 son \u00e2me pleine Excellent rapport qualit\u00e9\/prix  Disponible en placard ouvrant ou coulissant (sur demande)","og_url":"https:\/\/nature-et-developpement.com\/macabane-materiaux\/produit\/porte-emia-modulo-roziere-d4-ral-fin-chantier\/","og_site_name":"Ma Cabane mat\u00e9riaux naturels","article_modified_time":"2026-02-11T20:04:11+00:00","twitter_card":"summary_large_image","twitter_misc":{"Dur\u00e9e de lecture estim\u00e9e":"1 minute"},"schema":{"@context":"https:\/\/schema.org","@graph":[{"@type":"WebPage","@id":"https:\/\/nature-et-developpement.com\/macabane-materiaux\/produit\/porte-emia-modulo-roziere-d4-ral-fin-chantier\/","url":"https:\/\/nature-et-developpement.com\/macabane-materiaux\/produit\/porte-emia-modulo-roziere-d4-ral-fin-chantier\/","name":"Porte int\u00e9rieure Rozi\u00e8re Mod\u00e8le D4 RAL pose fin de chantier","isPartOf":{"@id":"https:\/\/nature-et-developpement.com\/macabane-materiaux\/#website"},"primaryImageOfPage":{"@id":"https:\/\/nature-et-developpement.com\/macabane-materiaux\/produit\/porte-emia-modulo-roziere-d4-ral-fin-chantier\/#primaryimage"},"image":{"@id":"https:\/\/nature-et-developpement.com\/macabane-materiaux\/produit\/porte-emia-modulo-roziere-d4-ral-fin-chantier\/#primaryimage"},"thumbnailUrl":"https:\/\/nature-et-developpement.com\/macabane-materiaux\/wp-content\/uploads\/Porte-interieur-Emia-Modulo-de-ROZIERE-modele-D4-Couleur-RAL-a-definir.jpg","datePublished":"2025-11-06T09:25:23+00:00","dateModified":"2026-02-11T20:04:11+00:00","description":"La pose fin de chantier est une bonne solution pour se donner le temps du choix des couleurs, du sens d'ouverture, sans g\u00eaner la poursuite des travaux. Le mod\u00e8le D4 comporte 1 lame verticale pr\u00e8s de la poign\u00e9e Robuste avec un parement ch\u00eane massif, un veinage et une finition laqu\u00e9e donneront de la personnalit\u00e9 \u00e0 votre porte aux couleurs de votre int\u00e9rieur Confort acoustique gr\u00e2ce \u00e0 son \u00e2me pleine Excellent rapport qualit\u00e9\/prix Disponible en placard ouvrant ou coulissant (sur demande)","breadcrumb":{"@id":"https:\/\/nature-et-developpement.com\/macabane-materiaux\/produit\/porte-emia-modulo-roziere-d4-ral-fin-chantier\/#breadcrumb"},"inLanguage":"fr-FR","potentialAction":[{"@type":"ReadAction","target":["https:\/\/nature-et-developpement.com\/macabane-materiaux\/produit\/porte-emia-modulo-roziere-d4-ral-fin-chantier\/"]}]},{"@type":"ImageObject","inLanguage":"fr-FR","@id":"https:\/\/nature-et-developpement.com\/macabane-materiaux\/produit\/porte-emia-modulo-roziere-d4-ral-fin-chantier\/#primaryimage","url":"https:\/\/nature-et-developpement.com\/macabane-materiaux\/wp-content\/uploads\/Porte-interieur-Emia-Modulo-de-ROZIERE-modele-D4-Couleur-RAL-a-definir.jpg","contentUrl":"https:\/\/nature-et-developpement.com\/macabane-materiaux\/wp-content\/uploads\/Porte-interieur-Emia-Modulo-de-ROZIERE-modele-D4-Couleur-RAL-a-definir.jpg"},{"@type":"BreadcrumbList","@id":"https:\/\/nature-et-developpement.com\/macabane-materiaux\/produit\/porte-emia-modulo-roziere-d4-ral-fin-chantier\/#breadcrumb","itemListElement":[{"@type":"ListItem","position":1,"name":"Accueil","item":"https:\/\/nature-et-developpement.com\/macabane-materiaux\/"},{"@type":"ListItem","position":2,"name":"Boutique","item":"https:\/\/nature-et-developpement.com\/macabane-materiaux\/boutique\/"},{"@type":"ListItem","position":3,"name":"Agencement int\u00e9rieur","item":"https:\/\/nature-et-developpement.com\/macabane-materiaux\/produits\/agencement-interieur\/"},{"@type":"ListItem","position":4,"name":"Escalier et porte","item":"https:\/\/nature-et-developpement.com\/macabane-materiaux\/produits\/agencement-interieur\/escalier-et-porte\/"},{"@type":"ListItem","position":5,"name":"Porte int\u00e9rieure \u00c9MIA Modulo de Rozi\u00e8re Mod\u00e8le D4 couleur RAL pose fin de chantier"}]},{"@type":"WebSite","@id":"https:\/\/nature-et-developpement.com\/macabane-materiaux\/#website","url":"https:\/\/nature-et-developpement.com\/macabane-materiaux\/","name":"Ma Cabane mat\u00e9riaux naturels","description":"Ma Cabane est membre du groupement Nature &amp; D\u00e9veloppement","potentialAction":[{"@type":"SearchAction","target":{"@type":"EntryPoint","urlTemplate":"https:\/\/nature-et-developpement.com\/macabane-materiaux\/?s={search_term_string}"},"query-input":{"@type":"PropertyValueSpecification","valueRequired":true,"valueName":"search_term_string"}}],"inLanguage":"fr-FR"}]}},"distributor_meta":false,"distributor_terms":false,"distributor_media":false,"distributor_original_site_name":"Ma Cabane mat\u00e9riaux naturels","distributor_original_site_url":"https:\/\/nature-et-developpement.com\/macabane-materiaux","push-errors":false,"_links":{"self":[{"href":"https:\/\/nature-et-developpement.com\/macabane-materiaux\/wp-json\/wp\/v2\/product\/6429","targetHints":{"allow":["GET"]}}],"collection":[{"href":"https:\/\/nature-et-developpement.com\/macabane-materiaux\/wp-json\/wp\/v2\/product"}],"about":[{"href":"https:\/\/nature-et-developpement.com\/macabane-materiaux\/wp-json\/wp\/v2\/types\/product"}],"wp:featuredmedia":[{"embeddable":true,"href":"https:\/\/nature-et-developpement.com\/macabane-materiaux\/wp-json\/"}],"wp:attachment":[{"href":"https:\/\/nature-et-developpement.com\/macabane-materiaux\/wp-json\/wp\/v2\/media?parent=6429"}],"wp:term":[{"taxonomy":"product_brand","embeddable":true,"href":"https:\/\/nature-et-developpement.com\/macabane-materiaux\/wp-json\/wp\/v2\/product_brand?post=6429"},{"taxonomy":"product_cat","embeddable":true,"href":"https:\/\/nature-et-developpement.com\/macabane-materiaux\/wp-json\/wp\/v2\/product_cat?post=6429"},{"taxonomy":"product_tag","embeddable":true,"href":"https:\/\/nature-et-developpement.com\/macabane-materiaux\/wp-json\/wp\/v2\/product_tag?post=6429"}],"curies":[{"name":"wp","href":"https:\/\/api.w.org\/{rel}","templated":true}]}}