{"id":6912,"date":"2021-11-10T10:05:23","date_gmt":"2021-11-10T09:05:23","guid":{"rendered":"https:\/\/nature-et-developpement.com\/macabane-materiaux\/produit\/enduit-base-argile-effet-beton-stonat-rock\/"},"modified":"2025-09-30T13:22:45","modified_gmt":"2025-09-30T11:22:45","slug":"enduit-base-argile-effet-beton-stonat-rock","status":"publish","type":"product","link":"https:\/\/nature-et-developpement.com\/macabane-materiaux\/produit\/enduit-base-argile-effet-beton-stonat-rock\/","title":{"rendered":"Enduit argile effet b\u00e9ton STONAT Rock"},"content":{"rendered":"<h2>Enduit Stonat Rock \u00e0 base d\u2019argile.<\/h2>\n<p>Ecologique, durable, d\u00e9coratif et de grande qualit\u00e9, il est applicable sur des sols, parois, meubles et plans de travail (cuisine).<\/p>\n<p>Le Stonat Rock peut se rapprocher d\u2019un effet b\u00e9ton.<\/p>\n<p><strong>L\u2019aspect peut varier en fonction de la technique d\u2019application (nuanc\u00e9, non nuanc\u00e9, brillant ou mat)<\/strong>.<\/p>\n<p>Le Stonat Rock peut \u00eatre appliqu\u00e9 sur diff\u00e9rents supports solides et en bon \u00e9tat, comme les rev\u00eatements de sol, les murs peints, les chapes, les b\u00e9tons, les dalles et aussi les meubles.<\/p>\n<p>Il convient tout particuli\u00e8rement aux r\u00e9novations d\u2019anciens carrelages.<\/p>\n","protected":false},"excerpt":{"rendered":"<p>Le STONAT Rock est applicable sur des sols, parois, meubles et plans de travail de cuisine.<br \/>\nIl est compos\u00e9 \u00e0 92% de produits naturels et disponible en 15 couleurs.<\/p>\n","protected":false},"featured_media":1000000159039,"template":"","meta":[],"product_brand":[184],"product_cat":[73,89,2380,90,100],"product_tag":[],"class_list":{"0":"post-6912","1":"product","2":"type-product","3":"status-publish","4":"has-post-thumbnail","6":"product_brand-stonat","7":"product_cat-demande-de-devis-uniquement-sans-prix","8":"product_cat-enduits-naturels","9":"product_cat-revetements-muraux","10":"product_cat-revetement-muraux","11":"product_cat-tomette-beton-cire-pierre-naturelle","12":"product_shipping_class-petit-equipement-outil-eclairage","14":"first","15":"instock","16":"taxable","17":"shipping-taxable","18":"purchasable","19":"product-type-variable"},"yoast_head":"<!-- This site is optimized with the Yoast SEO plugin v27.5 - https:\/\/yoast.com\/product\/yoast-seo-wordpress\/ -->\n<title>Enduit argile effet b\u00e9ton STONAT Rock - Ma Cabane mat\u00e9riaux naturels<\/title>\n<meta name=\"description\" content=\"L&#039;enduit STONAT Rock est applicable sur des sols, parois, meubles et plans de travail de cuisine. Il est compos\u00e9 \u00e0 92% de produits naturels\" \/>\n<meta name=\"robots\" content=\"noindex, nofollow\" \/>\n<meta property=\"og:locale\" content=\"fr_FR\" \/>\n<meta property=\"og:type\" content=\"article\" \/>\n<meta property=\"og:title\" content=\"Enduit argile effet b\u00e9ton STONAT Rock - Ma Cabane mat\u00e9riaux naturels\" \/>\n<meta property=\"og:description\" content=\"L&#039;enduit STONAT Rock est applicable sur des sols, parois, meubles et plans de travail de cuisine. Il est compos\u00e9 \u00e0 92% de produits naturels\" \/>\n<meta property=\"og:url\" content=\"https:\/\/nature-et-developpement.com\/macabane-materiaux\/produit\/enduit-base-argile-effet-beton-stonat-rock\/\" \/>\n<meta property=\"og:site_name\" content=\"Ma Cabane mat\u00e9riaux naturels\" \/>\n<meta property=\"article:modified_time\" content=\"2025-09-30T11:22:45+00:00\" \/>\n<meta name=\"twitter:card\" content=\"summary_large_image\" \/>\n<meta name=\"twitter:label1\" content=\"Dur\u00e9e de lecture estim\u00e9e\" \/>\n\t<meta name=\"twitter:data1\" content=\"1 minute\" \/>\n<script type=\"application\/ld+json\" class=\"yoast-schema-graph\">{\"@context\":\"https:\\\/\\\/schema.org\",\"@graph\":[{\"@type\":\"WebPage\",\"@id\":\"https:\\\/\\\/nature-et-developpement.com\\\/macabane-materiaux\\\/produit\\\/enduit-base-argile-effet-beton-stonat-rock\\\/\",\"url\":\"https:\\\/\\\/nature-et-developpement.com\\\/macabane-materiaux\\\/produit\\\/enduit-base-argile-effet-beton-stonat-rock\\\/\",\"name\":\"Enduit argile effet b\u00e9ton STONAT Rock - Ma Cabane mat\u00e9riaux naturels\",\"isPartOf\":{\"@id\":\"https:\\\/\\\/nature-et-developpement.com\\\/macabane-materiaux\\\/#website\"},\"primaryImageOfPage\":{\"@id\":\"https:\\\/\\\/nature-et-developpement.com\\\/macabane-materiaux\\\/produit\\\/enduit-base-argile-effet-beton-stonat-rock\\\/#primaryimage\"},\"image\":{\"@id\":\"https:\\\/\\\/nature-et-developpement.com\\\/macabane-materiaux\\\/produit\\\/enduit-base-argile-effet-beton-stonat-rock\\\/#primaryimage\"},\"thumbnailUrl\":\"https:\\\/\\\/nature-et-developpement.com\\\/macabane-materiaux\\\/wp-content\\\/uploads\\\/Enduit-base-argile-effet-beton-STONAT-Rock-ambiance.jpg\",\"datePublished\":\"2021-11-10T09:05:23+00:00\",\"dateModified\":\"2025-09-30T11:22:45+00:00\",\"description\":\"L'enduit STONAT Rock est applicable sur des sols, parois, meubles et plans de travail de cuisine. Il est compos\u00e9 \u00e0 92% de produits naturels\",\"breadcrumb\":{\"@id\":\"https:\\\/\\\/nature-et-developpement.com\\\/macabane-materiaux\\\/produit\\\/enduit-base-argile-effet-beton-stonat-rock\\\/#breadcrumb\"},\"inLanguage\":\"fr-FR\",\"potentialAction\":[{\"@type\":\"ReadAction\",\"target\":[\"https:\\\/\\\/nature-et-developpement.com\\\/macabane-materiaux\\\/produit\\\/enduit-base-argile-effet-beton-stonat-rock\\\/\"]}]},{\"@type\":\"ImageObject\",\"inLanguage\":\"fr-FR\",\"@id\":\"https:\\\/\\\/nature-et-developpement.com\\\/macabane-materiaux\\\/produit\\\/enduit-base-argile-effet-beton-stonat-rock\\\/#primaryimage\",\"url\":\"https:\\\/\\\/nature-et-developpement.com\\\/macabane-materiaux\\\/wp-content\\\/uploads\\\/Enduit-base-argile-effet-beton-STONAT-Rock-ambiance.jpg\",\"contentUrl\":\"https:\\\/\\\/nature-et-developpement.com\\\/macabane-materiaux\\\/wp-content\\\/uploads\\\/Enduit-base-argile-effet-beton-STONAT-Rock-ambiance.jpg\"},{\"@type\":\"BreadcrumbList\",\"@id\":\"https:\\\/\\\/nature-et-developpement.com\\\/macabane-materiaux\\\/produit\\\/enduit-base-argile-effet-beton-stonat-rock\\\/#breadcrumb\",\"itemListElement\":[{\"@type\":\"ListItem\",\"position\":1,\"name\":\"Accueil\",\"item\":\"https:\\\/\\\/nature-et-developpement.com\\\/macabane-materiaux\\\/\"},{\"@type\":\"ListItem\",\"position\":2,\"name\":\"Boutique\",\"item\":\"https:\\\/\\\/nature-et-developpement.com\\\/macabane-materiaux\\\/boutique\\\/\"},{\"@type\":\"ListItem\",\"position\":3,\"name\":\"Peinture, pigment et enduit\",\"item\":\"https:\\\/\\\/nature-et-developpement.com\\\/macabane-materiaux\\\/produits\\\/peinture-et-enduit\\\/\"},{\"@type\":\"ListItem\",\"position\":4,\"name\":\"Enduits naturels\",\"item\":\"https:\\\/\\\/nature-et-developpement.com\\\/macabane-materiaux\\\/produits\\\/peinture-et-enduit\\\/enduits-naturels\\\/\"},{\"@type\":\"ListItem\",\"position\":5,\"name\":\"Enduit argile effet b\u00e9ton STONAT Rock\"}]},{\"@type\":\"WebSite\",\"@id\":\"https:\\\/\\\/nature-et-developpement.com\\\/macabane-materiaux\\\/#website\",\"url\":\"https:\\\/\\\/nature-et-developpement.com\\\/macabane-materiaux\\\/\",\"name\":\"Ma Cabane mat\u00e9riaux naturels\",\"description\":\"Ma Cabane est membre du groupement Nature &amp; D\u00e9veloppement\",\"potentialAction\":[{\"@type\":\"SearchAction\",\"target\":{\"@type\":\"EntryPoint\",\"urlTemplate\":\"https:\\\/\\\/nature-et-developpement.com\\\/macabane-materiaux\\\/?s={search_term_string}\"},\"query-input\":{\"@type\":\"PropertyValueSpecification\",\"valueRequired\":true,\"valueName\":\"search_term_string\"}}],\"inLanguage\":\"fr-FR\"}]}<\/script>\n<!-- \/ Yoast SEO plugin. -->","yoast_head_json":{"title":"Enduit argile effet b\u00e9ton STONAT Rock - Ma Cabane mat\u00e9riaux naturels","description":"L'enduit STONAT Rock est applicable sur des sols, parois, meubles et plans de travail de cuisine. Il est compos\u00e9 \u00e0 92% de produits naturels","robots":{"index":"noindex","follow":"nofollow"},"og_locale":"fr_FR","og_type":"article","og_title":"Enduit argile effet b\u00e9ton STONAT Rock - Ma Cabane mat\u00e9riaux naturels","og_description":"L'enduit STONAT Rock est applicable sur des sols, parois, meubles et plans de travail de cuisine. Il est compos\u00e9 \u00e0 92% de produits naturels","og_url":"https:\/\/nature-et-developpement.com\/macabane-materiaux\/produit\/enduit-base-argile-effet-beton-stonat-rock\/","og_site_name":"Ma Cabane mat\u00e9riaux naturels","article_modified_time":"2025-09-30T11:22:45+00:00","twitter_card":"summary_large_image","twitter_misc":{"Dur\u00e9e de lecture estim\u00e9e":"1 minute"},"schema":{"@context":"https:\/\/schema.org","@graph":[{"@type":"WebPage","@id":"https:\/\/nature-et-developpement.com\/macabane-materiaux\/produit\/enduit-base-argile-effet-beton-stonat-rock\/","url":"https:\/\/nature-et-developpement.com\/macabane-materiaux\/produit\/enduit-base-argile-effet-beton-stonat-rock\/","name":"Enduit argile effet b\u00e9ton STONAT Rock - Ma Cabane mat\u00e9riaux naturels","isPartOf":{"@id":"https:\/\/nature-et-developpement.com\/macabane-materiaux\/#website"},"primaryImageOfPage":{"@id":"https:\/\/nature-et-developpement.com\/macabane-materiaux\/produit\/enduit-base-argile-effet-beton-stonat-rock\/#primaryimage"},"image":{"@id":"https:\/\/nature-et-developpement.com\/macabane-materiaux\/produit\/enduit-base-argile-effet-beton-stonat-rock\/#primaryimage"},"thumbnailUrl":"https:\/\/nature-et-developpement.com\/macabane-materiaux\/wp-content\/uploads\/Enduit-base-argile-effet-beton-STONAT-Rock-ambiance.jpg","datePublished":"2021-11-10T09:05:23+00:00","dateModified":"2025-09-30T11:22:45+00:00","description":"L'enduit STONAT Rock est applicable sur des sols, parois, meubles et plans de travail de cuisine. Il est compos\u00e9 \u00e0 92% de produits naturels","breadcrumb":{"@id":"https:\/\/nature-et-developpement.com\/macabane-materiaux\/produit\/enduit-base-argile-effet-beton-stonat-rock\/#breadcrumb"},"inLanguage":"fr-FR","potentialAction":[{"@type":"ReadAction","target":["https:\/\/nature-et-developpement.com\/macabane-materiaux\/produit\/enduit-base-argile-effet-beton-stonat-rock\/"]}]},{"@type":"ImageObject","inLanguage":"fr-FR","@id":"https:\/\/nature-et-developpement.com\/macabane-materiaux\/produit\/enduit-base-argile-effet-beton-stonat-rock\/#primaryimage","url":"https:\/\/nature-et-developpement.com\/macabane-materiaux\/wp-content\/uploads\/Enduit-base-argile-effet-beton-STONAT-Rock-ambiance.jpg","contentUrl":"https:\/\/nature-et-developpement.com\/macabane-materiaux\/wp-content\/uploads\/Enduit-base-argile-effet-beton-STONAT-Rock-ambiance.jpg"},{"@type":"BreadcrumbList","@id":"https:\/\/nature-et-developpement.com\/macabane-materiaux\/produit\/enduit-base-argile-effet-beton-stonat-rock\/#breadcrumb","itemListElement":[{"@type":"ListItem","position":1,"name":"Accueil","item":"https:\/\/nature-et-developpement.com\/macabane-materiaux\/"},{"@type":"ListItem","position":2,"name":"Boutique","item":"https:\/\/nature-et-developpement.com\/macabane-materiaux\/boutique\/"},{"@type":"ListItem","position":3,"name":"Peinture, pigment et enduit","item":"https:\/\/nature-et-developpement.com\/macabane-materiaux\/produits\/peinture-et-enduit\/"},{"@type":"ListItem","position":4,"name":"Enduits naturels","item":"https:\/\/nature-et-developpement.com\/macabane-materiaux\/produits\/peinture-et-enduit\/enduits-naturels\/"},{"@type":"ListItem","position":5,"name":"Enduit argile effet b\u00e9ton STONAT Rock"}]},{"@type":"WebSite","@id":"https:\/\/nature-et-developpement.com\/macabane-materiaux\/#website","url":"https:\/\/nature-et-developpement.com\/macabane-materiaux\/","name":"Ma Cabane mat\u00e9riaux naturels","description":"Ma Cabane est membre du groupement Nature &amp; D\u00e9veloppement","potentialAction":[{"@type":"SearchAction","target":{"@type":"EntryPoint","urlTemplate":"https:\/\/nature-et-developpement.com\/macabane-materiaux\/?s={search_term_string}"},"query-input":{"@type":"PropertyValueSpecification","valueRequired":true,"valueName":"search_term_string"}}],"inLanguage":"fr-FR"}]}},"distributor_meta":false,"distributor_terms":false,"distributor_media":false,"distributor_original_site_name":"Ma Cabane mat\u00e9riaux naturels","distributor_original_site_url":"https:\/\/nature-et-developpement.com\/macabane-materiaux","push-errors":false,"_links":{"self":[{"href":"https:\/\/nature-et-developpement.com\/macabane-materiaux\/wp-json\/wp\/v2\/product\/6912","targetHints":{"allow":["GET"]}}],"collection":[{"href":"https:\/\/nature-et-developpement.com\/macabane-materiaux\/wp-json\/wp\/v2\/product"}],"about":[{"href":"https:\/\/nature-et-developpement.com\/macabane-materiaux\/wp-json\/wp\/v2\/types\/product"}],"wp:featuredmedia":[{"embeddable":true,"href":"https:\/\/nature-et-developpement.com\/macabane-materiaux\/wp-json\/"}],"wp:attachment":[{"href":"https:\/\/nature-et-developpement.com\/macabane-materiaux\/wp-json\/wp\/v2\/media?parent=6912"}],"wp:term":[{"taxonomy":"product_brand","embeddable":true,"href":"https:\/\/nature-et-developpement.com\/macabane-materiaux\/wp-json\/wp\/v2\/product_brand?post=6912"},{"taxonomy":"product_cat","embeddable":true,"href":"https:\/\/nature-et-developpement.com\/macabane-materiaux\/wp-json\/wp\/v2\/product_cat?post=6912"},{"taxonomy":"product_tag","embeddable":true,"href":"https:\/\/nature-et-developpement.com\/macabane-materiaux\/wp-json\/wp\/v2\/product_tag?post=6912"}],"curies":[{"name":"wp","href":"https:\/\/api.w.org\/{rel}","templated":true}]}}