{"id":903,"date":"2024-09-02T00:00:00","date_gmt":"2024-09-01T22:00:00","guid":{"rendered":"https:\/\/nature-et-developpement.com\/macabane-materiaux\/produit\/gamme-adhesif-biofib\/"},"modified":"2026-02-17T13:41:17","modified_gmt":"2026-02-17T12:41:17","slug":"gamme-adhesif-biofib","status":"publish","type":"product","link":"https:\/\/nature-et-developpement.com\/macabane-materiaux\/produit\/gamme-adhesif-biofib\/","title":{"rendered":"Gamme Adh\u00e9sifs BioFib\u2019"},"content":{"rendered":"<h2>Le bon scotch pour un bon travail<\/h2>\n<p>Chaque adh\u00e9sif est adapt\u00e9 \u00e0 un usage particulier :<\/p>\n<ul>\n<li>Transparent 3 en 1 Pare pluie\/Pare vapeur\/ Sous toiture<\/li>\n<li>Marron \u00ab\u00a0double face\u00a0\u00bb pour la fixation de Biofib&rsquo;Control sur l&rsquo;ossature (bois ou m\u00e9tal).<\/li>\n<\/ul>\n","protected":false},"excerpt":{"rendered":"<p>La gamme d&rsquo;adh\u00e9sifs Biofib&rsquo; est sp\u00e9cialement con\u00e7ue pour r\u00e9pondre aux exigences li\u00e9es \u00e0 la pose du frein vapeur Biofib&rsquo;Control.<\/p>\n","protected":false},"featured_media":1000000153840,"template":"","meta":[],"product_brand":[128],"product_cat":[2341],"product_tag":[2718],"class_list":{"0":"post-903","1":"product","2":"type-product","3":"status-publish","4":"has-post-thumbnail","6":"product_brand-biofib","7":"product_cat-accessoires-isolation-et-etancheite","8":"product_tag-biofib","9":"product_shipping_class-petit-equipement-outil-eclairage","11":"first","12":"instock","13":"taxable","14":"shipping-taxable","15":"purchasable","16":"product-type-variable"},"yoast_head":"<!-- This site is optimized with the Yoast SEO plugin v27.5 - https:\/\/yoast.com\/product\/yoast-seo-wordpress\/ -->\n<title>Gamme Adh\u00e9sifs BioFib\u2019 - Ma Cabane mat\u00e9riaux naturels<\/title>\n<meta name=\"description\" content=\"La gamme d&#039;adh\u00e9sifs Biofib&#039; est sp\u00e9cialement con\u00e7ue pour r\u00e9pondre aux exigences li\u00e9es \u00e0 la pose du frein vapeur Biofib&#039;Control.\" \/>\n<meta name=\"robots\" content=\"noindex, nofollow\" \/>\n<meta property=\"og:locale\" content=\"fr_FR\" \/>\n<meta property=\"og:type\" content=\"article\" \/>\n<meta property=\"og:title\" content=\"Gamme Adh\u00e9sifs BioFib\u2019 - Ma Cabane mat\u00e9riaux naturels\" \/>\n<meta property=\"og:description\" content=\"La gamme d&#039;adh\u00e9sifs Biofib&#039; est sp\u00e9cialement con\u00e7ue pour r\u00e9pondre aux exigences li\u00e9es \u00e0 la pose du frein vapeur Biofib&#039;Control.\" \/>\n<meta property=\"og:url\" content=\"https:\/\/nature-et-developpement.com\/macabane-materiaux\/produit\/gamme-adhesif-biofib\/\" \/>\n<meta property=\"og:site_name\" content=\"Ma Cabane mat\u00e9riaux naturels\" \/>\n<meta property=\"article:modified_time\" content=\"2026-02-17T12:41:17+00:00\" \/>\n<meta name=\"twitter:card\" content=\"summary_large_image\" \/>\n<meta name=\"twitter:label1\" content=\"Dur\u00e9e de lecture estim\u00e9e\" \/>\n\t<meta name=\"twitter:data1\" content=\"1 minute\" \/>\n<script type=\"application\/ld+json\" class=\"yoast-schema-graph\">{\"@context\":\"https:\\\/\\\/schema.org\",\"@graph\":[{\"@type\":\"WebPage\",\"@id\":\"https:\\\/\\\/nature-et-developpement.com\\\/macabane-materiaux\\\/produit\\\/gamme-adhesif-biofib\\\/\",\"url\":\"https:\\\/\\\/nature-et-developpement.com\\\/macabane-materiaux\\\/produit\\\/gamme-adhesif-biofib\\\/\",\"name\":\"Gamme Adh\u00e9sifs BioFib\u2019 - Ma Cabane mat\u00e9riaux naturels\",\"isPartOf\":{\"@id\":\"https:\\\/\\\/nature-et-developpement.com\\\/macabane-materiaux\\\/#website\"},\"primaryImageOfPage\":{\"@id\":\"https:\\\/\\\/nature-et-developpement.com\\\/macabane-materiaux\\\/produit\\\/gamme-adhesif-biofib\\\/#primaryimage\"},\"image\":{\"@id\":\"https:\\\/\\\/nature-et-developpement.com\\\/macabane-materiaux\\\/produit\\\/gamme-adhesif-biofib\\\/#primaryimage\"},\"thumbnailUrl\":\"https:\\\/\\\/nature-et-developpement.com\\\/macabane-materiaux\\\/wp-content\\\/uploads\\\/Gamme-adhesif-BioFib.jpg\",\"datePublished\":\"2024-09-01T22:00:00+00:00\",\"dateModified\":\"2026-02-17T12:41:17+00:00\",\"description\":\"La gamme d'adh\u00e9sifs Biofib' est sp\u00e9cialement con\u00e7ue pour r\u00e9pondre aux exigences li\u00e9es \u00e0 la pose du frein vapeur Biofib'Control.\",\"breadcrumb\":{\"@id\":\"https:\\\/\\\/nature-et-developpement.com\\\/macabane-materiaux\\\/produit\\\/gamme-adhesif-biofib\\\/#breadcrumb\"},\"inLanguage\":\"fr-FR\",\"potentialAction\":[{\"@type\":\"ReadAction\",\"target\":[\"https:\\\/\\\/nature-et-developpement.com\\\/macabane-materiaux\\\/produit\\\/gamme-adhesif-biofib\\\/\"]}]},{\"@type\":\"ImageObject\",\"inLanguage\":\"fr-FR\",\"@id\":\"https:\\\/\\\/nature-et-developpement.com\\\/macabane-materiaux\\\/produit\\\/gamme-adhesif-biofib\\\/#primaryimage\",\"url\":\"https:\\\/\\\/nature-et-developpement.com\\\/macabane-materiaux\\\/wp-content\\\/uploads\\\/Gamme-adhesif-BioFib.jpg\",\"contentUrl\":\"https:\\\/\\\/nature-et-developpement.com\\\/macabane-materiaux\\\/wp-content\\\/uploads\\\/Gamme-adhesif-BioFib.jpg\"},{\"@type\":\"BreadcrumbList\",\"@id\":\"https:\\\/\\\/nature-et-developpement.com\\\/macabane-materiaux\\\/produit\\\/gamme-adhesif-biofib\\\/#breadcrumb\",\"itemListElement\":[{\"@type\":\"ListItem\",\"position\":1,\"name\":\"Accueil\",\"item\":\"https:\\\/\\\/nature-et-developpement.com\\\/macabane-materiaux\\\/\"},{\"@type\":\"ListItem\",\"position\":2,\"name\":\"Boutique\",\"item\":\"https:\\\/\\\/nature-et-developpement.com\\\/macabane-materiaux\\\/boutique\\\/\"},{\"@type\":\"ListItem\",\"position\":3,\"name\":\"Isolation et \u00e9tanch\u00e9it\u00e9\",\"item\":\"https:\\\/\\\/nature-et-developpement.com\\\/macabane-materiaux\\\/produits\\\/isolation-et-etancheite\\\/\"},{\"@type\":\"ListItem\",\"position\":4,\"name\":\"Accessoires isolation et \u00e9tanch\u00e9it\u00e9\",\"item\":\"https:\\\/\\\/nature-et-developpement.com\\\/macabane-materiaux\\\/produits\\\/isolation-et-etancheite\\\/accessoires-isolation-et-etancheite\\\/\"},{\"@type\":\"ListItem\",\"position\":5,\"name\":\"Gamme Adh\u00e9sifs BioFib\u2019\"}]},{\"@type\":\"WebSite\",\"@id\":\"https:\\\/\\\/nature-et-developpement.com\\\/macabane-materiaux\\\/#website\",\"url\":\"https:\\\/\\\/nature-et-developpement.com\\\/macabane-materiaux\\\/\",\"name\":\"Ma Cabane mat\u00e9riaux naturels\",\"description\":\"Ma Cabane est membre du groupement Nature &amp; D\u00e9veloppement\",\"potentialAction\":[{\"@type\":\"SearchAction\",\"target\":{\"@type\":\"EntryPoint\",\"urlTemplate\":\"https:\\\/\\\/nature-et-developpement.com\\\/macabane-materiaux\\\/?s={search_term_string}\"},\"query-input\":{\"@type\":\"PropertyValueSpecification\",\"valueRequired\":true,\"valueName\":\"search_term_string\"}}],\"inLanguage\":\"fr-FR\"}]}<\/script>\n<!-- \/ Yoast SEO plugin. -->","yoast_head_json":{"title":"Gamme Adh\u00e9sifs BioFib\u2019 - Ma Cabane mat\u00e9riaux naturels","description":"La gamme d'adh\u00e9sifs Biofib' est sp\u00e9cialement con\u00e7ue pour r\u00e9pondre aux exigences li\u00e9es \u00e0 la pose du frein vapeur Biofib'Control.","robots":{"index":"noindex","follow":"nofollow"},"og_locale":"fr_FR","og_type":"article","og_title":"Gamme Adh\u00e9sifs BioFib\u2019 - Ma Cabane mat\u00e9riaux naturels","og_description":"La gamme d'adh\u00e9sifs Biofib' est sp\u00e9cialement con\u00e7ue pour r\u00e9pondre aux exigences li\u00e9es \u00e0 la pose du frein vapeur Biofib'Control.","og_url":"https:\/\/nature-et-developpement.com\/macabane-materiaux\/produit\/gamme-adhesif-biofib\/","og_site_name":"Ma Cabane mat\u00e9riaux naturels","article_modified_time":"2026-02-17T12:41:17+00:00","twitter_card":"summary_large_image","twitter_misc":{"Dur\u00e9e de lecture estim\u00e9e":"1 minute"},"schema":{"@context":"https:\/\/schema.org","@graph":[{"@type":"WebPage","@id":"https:\/\/nature-et-developpement.com\/macabane-materiaux\/produit\/gamme-adhesif-biofib\/","url":"https:\/\/nature-et-developpement.com\/macabane-materiaux\/produit\/gamme-adhesif-biofib\/","name":"Gamme Adh\u00e9sifs BioFib\u2019 - Ma Cabane mat\u00e9riaux naturels","isPartOf":{"@id":"https:\/\/nature-et-developpement.com\/macabane-materiaux\/#website"},"primaryImageOfPage":{"@id":"https:\/\/nature-et-developpement.com\/macabane-materiaux\/produit\/gamme-adhesif-biofib\/#primaryimage"},"image":{"@id":"https:\/\/nature-et-developpement.com\/macabane-materiaux\/produit\/gamme-adhesif-biofib\/#primaryimage"},"thumbnailUrl":"https:\/\/nature-et-developpement.com\/macabane-materiaux\/wp-content\/uploads\/Gamme-adhesif-BioFib.jpg","datePublished":"2024-09-01T22:00:00+00:00","dateModified":"2026-02-17T12:41:17+00:00","description":"La gamme d'adh\u00e9sifs Biofib' est sp\u00e9cialement con\u00e7ue pour r\u00e9pondre aux exigences li\u00e9es \u00e0 la pose du frein vapeur Biofib'Control.","breadcrumb":{"@id":"https:\/\/nature-et-developpement.com\/macabane-materiaux\/produit\/gamme-adhesif-biofib\/#breadcrumb"},"inLanguage":"fr-FR","potentialAction":[{"@type":"ReadAction","target":["https:\/\/nature-et-developpement.com\/macabane-materiaux\/produit\/gamme-adhesif-biofib\/"]}]},{"@type":"ImageObject","inLanguage":"fr-FR","@id":"https:\/\/nature-et-developpement.com\/macabane-materiaux\/produit\/gamme-adhesif-biofib\/#primaryimage","url":"https:\/\/nature-et-developpement.com\/macabane-materiaux\/wp-content\/uploads\/Gamme-adhesif-BioFib.jpg","contentUrl":"https:\/\/nature-et-developpement.com\/macabane-materiaux\/wp-content\/uploads\/Gamme-adhesif-BioFib.jpg"},{"@type":"BreadcrumbList","@id":"https:\/\/nature-et-developpement.com\/macabane-materiaux\/produit\/gamme-adhesif-biofib\/#breadcrumb","itemListElement":[{"@type":"ListItem","position":1,"name":"Accueil","item":"https:\/\/nature-et-developpement.com\/macabane-materiaux\/"},{"@type":"ListItem","position":2,"name":"Boutique","item":"https:\/\/nature-et-developpement.com\/macabane-materiaux\/boutique\/"},{"@type":"ListItem","position":3,"name":"Isolation et \u00e9tanch\u00e9it\u00e9","item":"https:\/\/nature-et-developpement.com\/macabane-materiaux\/produits\/isolation-et-etancheite\/"},{"@type":"ListItem","position":4,"name":"Accessoires isolation et \u00e9tanch\u00e9it\u00e9","item":"https:\/\/nature-et-developpement.com\/macabane-materiaux\/produits\/isolation-et-etancheite\/accessoires-isolation-et-etancheite\/"},{"@type":"ListItem","position":5,"name":"Gamme Adh\u00e9sifs BioFib\u2019"}]},{"@type":"WebSite","@id":"https:\/\/nature-et-developpement.com\/macabane-materiaux\/#website","url":"https:\/\/nature-et-developpement.com\/macabane-materiaux\/","name":"Ma Cabane mat\u00e9riaux naturels","description":"Ma Cabane est membre du groupement Nature &amp; D\u00e9veloppement","potentialAction":[{"@type":"SearchAction","target":{"@type":"EntryPoint","urlTemplate":"https:\/\/nature-et-developpement.com\/macabane-materiaux\/?s={search_term_string}"},"query-input":{"@type":"PropertyValueSpecification","valueRequired":true,"valueName":"search_term_string"}}],"inLanguage":"fr-FR"}]}},"distributor_meta":false,"distributor_terms":false,"distributor_media":false,"distributor_original_site_name":"Ma Cabane mat\u00e9riaux naturels","distributor_original_site_url":"https:\/\/nature-et-developpement.com\/macabane-materiaux","push-errors":false,"_links":{"self":[{"href":"https:\/\/nature-et-developpement.com\/macabane-materiaux\/wp-json\/wp\/v2\/product\/903","targetHints":{"allow":["GET"]}}],"collection":[{"href":"https:\/\/nature-et-developpement.com\/macabane-materiaux\/wp-json\/wp\/v2\/product"}],"about":[{"href":"https:\/\/nature-et-developpement.com\/macabane-materiaux\/wp-json\/wp\/v2\/types\/product"}],"wp:featuredmedia":[{"embeddable":true,"href":"https:\/\/nature-et-developpement.com\/macabane-materiaux\/wp-json\/"}],"wp:attachment":[{"href":"https:\/\/nature-et-developpement.com\/macabane-materiaux\/wp-json\/wp\/v2\/media?parent=903"}],"wp:term":[{"taxonomy":"product_brand","embeddable":true,"href":"https:\/\/nature-et-developpement.com\/macabane-materiaux\/wp-json\/wp\/v2\/product_brand?post=903"},{"taxonomy":"product_cat","embeddable":true,"href":"https:\/\/nature-et-developpement.com\/macabane-materiaux\/wp-json\/wp\/v2\/product_cat?post=903"},{"taxonomy":"product_tag","embeddable":true,"href":"https:\/\/nature-et-developpement.com\/macabane-materiaux\/wp-json\/wp\/v2\/product_tag?post=903"}],"curies":[{"name":"wp","href":"https:\/\/api.w.org\/{rel}","templated":true}]}}