{"id":23604,"date":"2019-01-11T14:52:30","date_gmt":"2019-01-11T13:52:30","guid":{"rendered":"https:\/\/nature-et-developpement.com\/materrebio\/produit\/panneau-multi-fonction-agepan-dwd\/"},"modified":"2025-06-13T10:08:36","modified_gmt":"2025-06-13T08:08:36","slug":"agepan-dwd-16mm-panneau-multi-fonction","status":"publish","type":"product","link":"https:\/\/nature-et-developpement.com\/materrebio\/produit\/agepan-dwd-16mm-panneau-multi-fonction\/","title":{"rendered":"AGEPAN DWD 16mm panneau multi-fonction"},"content":{"rendered":"<p>Agepan DWD le panneau de fibres de bois\u00a0est obtenu par un proc\u00e9d\u00e9 \u00e0 sec, avec adjonction d\u2019un faible taux de liant exempt de formald\u00e9hyde. Agepan DWD est un\u00a0panneau\u00a0de structure multifonction au format adapt\u00e9 aux constructions ossatures bois, de surface \u00e9tanche et perm\u00e9able \u00e0 la vapeur d\u2019eau.<\/p>\n<p>Agepan DWD s\u2019emploie en mur respirant et compl\u00e9ment d\u2019isolation thermique et acoustique.<\/p>\n<p>Ce\u00a0<strong>panneau<\/strong>\u00a0est est id\u00e9al pour :<\/p>\n<ul>\n<li>Paroi de mur ossature bois<\/li>\n<li>Paroi de mur respirant<\/li>\n<li>La pr\u00e9fabrication de mur<\/li>\n<\/ul>\n<p>Rigidifie les ossatures ext\u00e9rieures sur les maisons de bois, r\u00e9siste bien \u00e0 la pression dans le cas du soufflage de cellulose.<\/p>\n<table style=\"height: 156px;\" width=\"579\">\n<tbody>\n<tr>\n<td>Masse volumique moyenne<\/td>\n<td>570\u00a0Kg\/m\u00b3<\/td>\n<\/tr>\n<tr>\n<td>Conductivit\u00e9 thermique<\/td>\n<td>0,090\u00a0W\/mK<\/td>\n<\/tr>\n<tr>\n<td>R\u00e9sistance thermique<\/td>\n<td>R\u00a0 0,18<\/td>\n<\/tr>\n<tr>\n<td>Coefficient de transmission thermique<\/td>\n<td>5,625\u00a0\u00a0 W\/m\u00b2 K<\/td>\n<\/tr>\n<tr>\n<td>Comportement \u00e0 l\u2019eau<\/td>\n<td>Hydrophobe \/ Non hydrophile<\/td>\n<\/tr>\n<tr>\n<td>R\u00e9action au feu<\/td>\n<td>Euroclasse\u00a0 E<\/td>\n<\/tr>\n<tr>\n<td>Emission de formald\u00e9hyde<\/td>\n<td>Pas d\u2018\u00e9mission<\/td>\n<\/tr>\n<tr>\n<td>Epaisseur<\/td>\n<td>16mm<\/td>\n<\/tr>\n<\/tbody>\n<\/table>\n","protected":false},"excerpt":{"rendered":"<p>Agepan DWD est un\u00a0<strong>panneau<\/strong>\u00a0de structure multifonction au format adapt\u00e9 aux constructions ossatures bois, de surface \u00e9tanche et perm\u00e9able \u00e0 la vapeur d\u2019eau.<\/p>\n","protected":false},"featured_media":12744,"template":"","meta":[],"product_brand":[2785],"product_cat":[103,152,130,2830,286],"product_tag":[],"class_list":{"0":"post-23604","1":"product","2":"type-product","3":"status-publish","4":"has-post-thumbnail","6":"product_brand-agepan","7":"product_cat-accessoires-agencement-interieur","8":"product_cat-construction-maison-bois","9":"product_cat-construction","10":"product_cat-demande-de-devis-uniquement-avec-prix","11":"product_cat-revetement-muraux","12":"product_shipping_class-impact-transport-important","14":"first","15":"onbackorder","16":"taxable","17":"shipping-taxable","18":"purchasable","19":"product-type-variable"},"yoast_head":"<!-- This site is optimized with the Yoast SEO plugin v27.5 - https:\/\/yoast.com\/product\/yoast-seo-wordpress\/ -->\n<title>AGEPAN DWD 16mm panneau multi-fonction<\/title>\n<meta name=\"description\" content=\"Agepan DWD est un\u00a0panneau\u00a0de structure multifonction au format adapt\u00e9 aux constructions ossatures bois, de surface \u00e9tanche et perm\u00e9able \u00e0 la vapeur d\u2019eau.\" \/>\n<meta name=\"robots\" content=\"noindex, follow\" \/>\n<meta property=\"og:locale\" content=\"fr_FR\" \/>\n<meta property=\"og:type\" content=\"article\" \/>\n<meta property=\"og:title\" content=\"AGEPAN DWD 16mm panneau multi-fonction\" \/>\n<meta property=\"og:description\" content=\"Agepan DWD est un\u00a0panneau\u00a0de structure multifonction au format adapt\u00e9 aux constructions ossatures bois, de surface \u00e9tanche et perm\u00e9able \u00e0 la vapeur d\u2019eau.\" \/>\n<meta property=\"og:url\" content=\"https:\/\/nature-et-developpement.com\/materrebio\/produit\/agepan-dwd-16mm-panneau-multi-fonction\/\" \/>\n<meta property=\"og:site_name\" content=\"Ma terre bio\" \/>\n<meta property=\"article:modified_time\" content=\"2025-06-13T08:08:36+00:00\" \/>\n<meta property=\"og:image\" content=\"https:\/\/nature-et-developpement.com\/materrebio\/wp-content\/uploads\/sites\/8\/2021\/06\/AGEPAN-DWD.jpg\" \/>\n\t<meta property=\"og:image:width\" content=\"880\" \/>\n\t<meta property=\"og:image:height\" content=\"880\" \/>\n\t<meta property=\"og:image:type\" content=\"image\/jpeg\" \/>\n<meta name=\"twitter:card\" content=\"summary_large_image\" \/>\n<meta name=\"twitter:label1\" content=\"Dur\u00e9e de lecture estim\u00e9e\" \/>\n\t<meta name=\"twitter:data1\" content=\"1 minute\" \/>\n<script type=\"application\/ld+json\" class=\"yoast-schema-graph\">{\"@context\":\"https:\\\/\\\/schema.org\",\"@graph\":[{\"@type\":\"WebPage\",\"@id\":\"https:\\\/\\\/nature-et-developpement.com\\\/materrebio\\\/produit\\\/agepan-dwd-16mm-panneau-multi-fonction\\\/\",\"url\":\"https:\\\/\\\/nature-et-developpement.com\\\/materrebio\\\/produit\\\/agepan-dwd-16mm-panneau-multi-fonction\\\/\",\"name\":\"AGEPAN DWD 16mm panneau multi-fonction\",\"isPartOf\":{\"@id\":\"https:\\\/\\\/nature-et-developpement.com\\\/materrebio\\\/#website\"},\"primaryImageOfPage\":{\"@id\":\"https:\\\/\\\/nature-et-developpement.com\\\/materrebio\\\/produit\\\/agepan-dwd-16mm-panneau-multi-fonction\\\/#primaryimage\"},\"image\":{\"@id\":\"https:\\\/\\\/nature-et-developpement.com\\\/materrebio\\\/produit\\\/agepan-dwd-16mm-panneau-multi-fonction\\\/#primaryimage\"},\"thumbnailUrl\":\"https:\\\/\\\/nature-et-developpement.com\\\/materrebio\\\/wp-content\\\/uploads\\\/sites\\\/8\\\/2021\\\/06\\\/AGEPAN-DWD.jpg\",\"datePublished\":\"2019-01-11T13:52:30+00:00\",\"dateModified\":\"2025-06-13T08:08:36+00:00\",\"description\":\"Agepan DWD est un\u00a0panneau\u00a0de structure multifonction au format adapt\u00e9 aux constructions ossatures bois, de surface \u00e9tanche et perm\u00e9able \u00e0 la vapeur d\u2019eau.\",\"breadcrumb\":{\"@id\":\"https:\\\/\\\/nature-et-developpement.com\\\/materrebio\\\/produit\\\/agepan-dwd-16mm-panneau-multi-fonction\\\/#breadcrumb\"},\"inLanguage\":\"fr-FR\",\"potentialAction\":[{\"@type\":\"ReadAction\",\"target\":[\"https:\\\/\\\/nature-et-developpement.com\\\/materrebio\\\/produit\\\/agepan-dwd-16mm-panneau-multi-fonction\\\/\"]}]},{\"@type\":\"ImageObject\",\"inLanguage\":\"fr-FR\",\"@id\":\"https:\\\/\\\/nature-et-developpement.com\\\/materrebio\\\/produit\\\/agepan-dwd-16mm-panneau-multi-fonction\\\/#primaryimage\",\"url\":\"https:\\\/\\\/nature-et-developpement.com\\\/materrebio\\\/wp-content\\\/uploads\\\/sites\\\/8\\\/2021\\\/06\\\/AGEPAN-DWD.jpg\",\"contentUrl\":\"https:\\\/\\\/nature-et-developpement.com\\\/materrebio\\\/wp-content\\\/uploads\\\/sites\\\/8\\\/2021\\\/06\\\/AGEPAN-DWD.jpg\",\"width\":880,\"height\":880},{\"@type\":\"BreadcrumbList\",\"@id\":\"https:\\\/\\\/nature-et-developpement.com\\\/materrebio\\\/produit\\\/agepan-dwd-16mm-panneau-multi-fonction\\\/#breadcrumb\",\"itemListElement\":[{\"@type\":\"ListItem\",\"position\":1,\"name\":\"Accueil\",\"item\":\"https:\\\/\\\/nature-et-developpement.com\\\/materrebio\\\/\"},{\"@type\":\"ListItem\",\"position\":2,\"name\":\"Produits\",\"item\":\"https:\\\/\\\/nature-et-developpement.com\\\/materrebio\\\/shop\\\/\"},{\"@type\":\"ListItem\",\"position\":3,\"name\":\"Construction, cloison et fen\u00eatres\",\"item\":\"https:\\\/\\\/nature-et-developpement.com\\\/materrebio\\\/produits\\\/construction\\\/\"},{\"@type\":\"ListItem\",\"position\":4,\"name\":\"Construction bois\",\"item\":\"https:\\\/\\\/nature-et-developpement.com\\\/materrebio\\\/produits\\\/construction\\\/construction-maison-bois\\\/\"},{\"@type\":\"ListItem\",\"position\":5,\"name\":\"AGEPAN DWD 16mm panneau multi-fonction\"}]},{\"@type\":\"WebSite\",\"@id\":\"https:\\\/\\\/nature-et-developpement.com\\\/materrebio\\\/#website\",\"url\":\"https:\\\/\\\/nature-et-developpement.com\\\/materrebio\\\/\",\"name\":\"Ma terre bio\",\"description\":\"Materrebio est membre du groupement Nature &amp; D\u00e9veloppement\",\"publisher\":{\"@id\":\"https:\\\/\\\/nature-et-developpement.com\\\/materrebio\\\/#organization\"},\"potentialAction\":[{\"@type\":\"SearchAction\",\"target\":{\"@type\":\"EntryPoint\",\"urlTemplate\":\"https:\\\/\\\/nature-et-developpement.com\\\/materrebio\\\/?s={search_term_string}\"},\"query-input\":{\"@type\":\"PropertyValueSpecification\",\"valueRequired\":true,\"valueName\":\"search_term_string\"}}],\"inLanguage\":\"fr-FR\"},{\"@type\":\"Organization\",\"@id\":\"https:\\\/\\\/nature-et-developpement.com\\\/materrebio\\\/#organization\",\"name\":\"Ma Terre Bio\",\"url\":\"https:\\\/\\\/nature-et-developpement.com\\\/materrebio\\\/\",\"logo\":{\"@type\":\"ImageObject\",\"inLanguage\":\"fr-FR\",\"@id\":\"https:\\\/\\\/nature-et-developpement.com\\\/materrebio\\\/#\\\/schema\\\/logo\\\/image\\\/\",\"url\":\"https:\\\/\\\/nature-et-developpement.com\\\/materrebio\\\/wp-content\\\/uploads\\\/sites\\\/8\\\/2021\\\/09\\\/logo-ma-terre-bio.png\",\"contentUrl\":\"https:\\\/\\\/nature-et-developpement.com\\\/materrebio\\\/wp-content\\\/uploads\\\/sites\\\/8\\\/2021\\\/09\\\/logo-ma-terre-bio.png\",\"width\":960,\"height\":960,\"caption\":\"Ma Terre Bio\"},\"image\":{\"@id\":\"https:\\\/\\\/nature-et-developpement.com\\\/materrebio\\\/#\\\/schema\\\/logo\\\/image\\\/\"}}]}<\/script>\n<!-- \/ Yoast SEO plugin. -->","yoast_head_json":{"title":"AGEPAN DWD 16mm panneau multi-fonction","description":"Agepan DWD est un\u00a0panneau\u00a0de structure multifonction au format adapt\u00e9 aux constructions ossatures bois, de surface \u00e9tanche et perm\u00e9able \u00e0 la vapeur d\u2019eau.","robots":{"index":"noindex","follow":"follow"},"og_locale":"fr_FR","og_type":"article","og_title":"AGEPAN DWD 16mm panneau multi-fonction","og_description":"Agepan DWD est un\u00a0panneau\u00a0de structure multifonction au format adapt\u00e9 aux constructions ossatures bois, de surface \u00e9tanche et perm\u00e9able \u00e0 la vapeur d\u2019eau.","og_url":"https:\/\/nature-et-developpement.com\/materrebio\/produit\/agepan-dwd-16mm-panneau-multi-fonction\/","og_site_name":"Ma terre bio","article_modified_time":"2025-06-13T08:08:36+00:00","og_image":[{"width":880,"height":880,"url":"https:\/\/nature-et-developpement.com\/materrebio\/wp-content\/uploads\/sites\/8\/2021\/06\/AGEPAN-DWD.jpg","type":"image\/jpeg"}],"twitter_card":"summary_large_image","twitter_misc":{"Dur\u00e9e de lecture estim\u00e9e":"1 minute"},"schema":{"@context":"https:\/\/schema.org","@graph":[{"@type":"WebPage","@id":"https:\/\/nature-et-developpement.com\/materrebio\/produit\/agepan-dwd-16mm-panneau-multi-fonction\/","url":"https:\/\/nature-et-developpement.com\/materrebio\/produit\/agepan-dwd-16mm-panneau-multi-fonction\/","name":"AGEPAN DWD 16mm panneau multi-fonction","isPartOf":{"@id":"https:\/\/nature-et-developpement.com\/materrebio\/#website"},"primaryImageOfPage":{"@id":"https:\/\/nature-et-developpement.com\/materrebio\/produit\/agepan-dwd-16mm-panneau-multi-fonction\/#primaryimage"},"image":{"@id":"https:\/\/nature-et-developpement.com\/materrebio\/produit\/agepan-dwd-16mm-panneau-multi-fonction\/#primaryimage"},"thumbnailUrl":"https:\/\/nature-et-developpement.com\/materrebio\/wp-content\/uploads\/sites\/8\/2021\/06\/AGEPAN-DWD.jpg","datePublished":"2019-01-11T13:52:30+00:00","dateModified":"2025-06-13T08:08:36+00:00","description":"Agepan DWD est un\u00a0panneau\u00a0de structure multifonction au format adapt\u00e9 aux constructions ossatures bois, de surface \u00e9tanche et perm\u00e9able \u00e0 la vapeur d\u2019eau.","breadcrumb":{"@id":"https:\/\/nature-et-developpement.com\/materrebio\/produit\/agepan-dwd-16mm-panneau-multi-fonction\/#breadcrumb"},"inLanguage":"fr-FR","potentialAction":[{"@type":"ReadAction","target":["https:\/\/nature-et-developpement.com\/materrebio\/produit\/agepan-dwd-16mm-panneau-multi-fonction\/"]}]},{"@type":"ImageObject","inLanguage":"fr-FR","@id":"https:\/\/nature-et-developpement.com\/materrebio\/produit\/agepan-dwd-16mm-panneau-multi-fonction\/#primaryimage","url":"https:\/\/nature-et-developpement.com\/materrebio\/wp-content\/uploads\/sites\/8\/2021\/06\/AGEPAN-DWD.jpg","contentUrl":"https:\/\/nature-et-developpement.com\/materrebio\/wp-content\/uploads\/sites\/8\/2021\/06\/AGEPAN-DWD.jpg","width":880,"height":880},{"@type":"BreadcrumbList","@id":"https:\/\/nature-et-developpement.com\/materrebio\/produit\/agepan-dwd-16mm-panneau-multi-fonction\/#breadcrumb","itemListElement":[{"@type":"ListItem","position":1,"name":"Accueil","item":"https:\/\/nature-et-developpement.com\/materrebio\/"},{"@type":"ListItem","position":2,"name":"Produits","item":"https:\/\/nature-et-developpement.com\/materrebio\/shop\/"},{"@type":"ListItem","position":3,"name":"Construction, cloison et fen\u00eatres","item":"https:\/\/nature-et-developpement.com\/materrebio\/produits\/construction\/"},{"@type":"ListItem","position":4,"name":"Construction bois","item":"https:\/\/nature-et-developpement.com\/materrebio\/produits\/construction\/construction-maison-bois\/"},{"@type":"ListItem","position":5,"name":"AGEPAN DWD 16mm panneau multi-fonction"}]},{"@type":"WebSite","@id":"https:\/\/nature-et-developpement.com\/materrebio\/#website","url":"https:\/\/nature-et-developpement.com\/materrebio\/","name":"Ma terre bio","description":"Materrebio est membre du groupement Nature &amp; D\u00e9veloppement","publisher":{"@id":"https:\/\/nature-et-developpement.com\/materrebio\/#organization"},"potentialAction":[{"@type":"SearchAction","target":{"@type":"EntryPoint","urlTemplate":"https:\/\/nature-et-developpement.com\/materrebio\/?s={search_term_string}"},"query-input":{"@type":"PropertyValueSpecification","valueRequired":true,"valueName":"search_term_string"}}],"inLanguage":"fr-FR"},{"@type":"Organization","@id":"https:\/\/nature-et-developpement.com\/materrebio\/#organization","name":"Ma Terre Bio","url":"https:\/\/nature-et-developpement.com\/materrebio\/","logo":{"@type":"ImageObject","inLanguage":"fr-FR","@id":"https:\/\/nature-et-developpement.com\/materrebio\/#\/schema\/logo\/image\/","url":"https:\/\/nature-et-developpement.com\/materrebio\/wp-content\/uploads\/sites\/8\/2021\/09\/logo-ma-terre-bio.png","contentUrl":"https:\/\/nature-et-developpement.com\/materrebio\/wp-content\/uploads\/sites\/8\/2021\/09\/logo-ma-terre-bio.png","width":960,"height":960,"caption":"Ma Terre Bio"},"image":{"@id":"https:\/\/nature-et-developpement.com\/materrebio\/#\/schema\/logo\/image\/"}}]}},"distributor_meta":false,"distributor_terms":false,"distributor_media":false,"distributor_original_site_name":"Ma terre bio","distributor_original_site_url":"https:\/\/nature-et-developpement.com\/materrebio","push-errors":false,"_links":{"self":[{"href":"https:\/\/nature-et-developpement.com\/materrebio\/wp-json\/wp\/v2\/product\/23604","targetHints":{"allow":["GET"]}}],"collection":[{"href":"https:\/\/nature-et-developpement.com\/materrebio\/wp-json\/wp\/v2\/product"}],"about":[{"href":"https:\/\/nature-et-developpement.com\/materrebio\/wp-json\/wp\/v2\/types\/product"}],"wp:featuredmedia":[{"embeddable":true,"href":"https:\/\/nature-et-developpement.com\/materrebio\/wp-json\/wp\/v2\/media\/12744"}],"wp:attachment":[{"href":"https:\/\/nature-et-developpement.com\/materrebio\/wp-json\/wp\/v2\/media?parent=23604"}],"wp:term":[{"taxonomy":"product_brand","embeddable":true,"href":"https:\/\/nature-et-developpement.com\/materrebio\/wp-json\/wp\/v2\/product_brand?post=23604"},{"taxonomy":"product_cat","embeddable":true,"href":"https:\/\/nature-et-developpement.com\/materrebio\/wp-json\/wp\/v2\/product_cat?post=23604"},{"taxonomy":"product_tag","embeddable":true,"href":"https:\/\/nature-et-developpement.com\/materrebio\/wp-json\/wp\/v2\/product_tag?post=23604"}],"curies":[{"name":"wp","href":"https:\/\/api.w.org\/{rel}","templated":true}]}}