{"id":26693,"date":"2024-09-22T11:52:43","date_gmt":"2024-09-22T09:52:43","guid":{"rendered":"https:\/\/nature-et-developpement.com\/mbc\/produit\/fenetre-a-projection-et-rotation-en-bois-fakro-fpp-v-preselect-max\/"},"modified":"2025-09-02T12:26:26","modified_gmt":"2025-09-02T10:26:26","slug":"fenetre-a-projection-et-rotation-en-bois-fakro-fpp-v-preselect-max","status":"publish","type":"product","link":"https:\/\/nature-et-developpement.com\/mbc\/produit\/fenetre-a-projection-et-rotation-en-bois-fakro-fpp-v-preselect-max\/","title":{"rendered":"Fen\u00eatre \u00e0 projection et rotation en bois FPP-V preSelect MAX Fakro"},"content":{"rendered":"<h2>Fen\u00eatre \u00e0 projection et rotation FPP-V preSelect MAX Fakro | Grande ouverture<\/h2>\n<h4>Une fen\u00eatre aux multiples options d\u2019ouverture<\/h4>\n<p>La fen\u00eatre en bois FPP-V preSelect MAX de Fakro combine deux modes d\u2019ouverture : projection et rotation. Avec une inclinaison jusqu&rsquo;\u00e0 45\u00b0, elle offre 30 % de plus que le mod\u00e8le pr\u00e9c\u00e9dent. Gr\u00e2ce \u00e0 sa fonction rotative, l&rsquo;ouvrant peut tourner \u00e0 180\u00b0, facilitant le nettoyage et le montage d\u2019accessoires comme les stores. Ces deux modes d\u2019ouverture permettent une flexibilit\u00e9 d\u2019utilisation et optimisent l\u2019espace sous la toiture.<\/p>\n<h4>Syst\u00e8me de quincaillerie innovant<\/h4>\n<p>Le syst\u00e8me preSelect s\u00e9pare les deux modes d\u2019ouverture (projection et rotation), garantissant la stabilit\u00e9 totale de l\u2019ouvrant dans chaque position. Le s\u00e9lecteur se trouve au bas du dormant pour un acc\u00e8s facile et reste invisible lorsque la fen\u00eatre est ferm\u00e9e. Ce m\u00e9canisme assure une grande durabilit\u00e9 ainsi qu&rsquo;une utilisation s\u00e9curis\u00e9e, m\u00eame apr\u00e8s plusieurs ann\u00e9es.<\/p>\n<h4>Confort et performance<\/h4>\n<p>La fen\u00eatre est \u00e9quip\u00e9e d&rsquo;une poign\u00e9e \u00e9l\u00e9gante avec deux niveaux de micro-ouverture, pour a\u00e9rer la pi\u00e8ce selon vos besoins. L\u2019entr\u00e9e d&rsquo;air automatique V40P ajuste le d\u00e9bit d&rsquo;air en fonction des conditions, assurant un microclimat optimal \u00e0 l&rsquo;int\u00e9rieur. Ce syst\u00e8me contribue \u00e0 am\u00e9liorer le confort thermique tout en r\u00e9duisant les co\u00fbts de chauffage.<\/p>\n<h4>S\u00e9curit\u00e9 renforc\u00e9e<\/h4>\n<p>Le mod\u00e8le FPP-V preSelect MAX b\u00e9n\u00e9ficie du syst\u00e8me de s\u00e9curit\u00e9 anti-effraction topSafe. Ce syst\u00e8me renforce la structure de la fen\u00eatre, garantissant une r\u00e9sistance accrue aux tentatives d\u2019effraction. Vous pouvez ainsi profiter de la lumi\u00e8re naturelle et de la vue sur l&rsquo;ext\u00e9rieur en toute tranquillit\u00e9.<\/p>\n<h4>Techniques de pose<\/h4>\n<p>La fen\u00eatre s\u2019installe sur des toitures avec des pentes allant de 15\u00b0 \u00e0 55\u00b0. Pour les pentes plus fortes (jusqu\u2019\u00e0 85\u00b0), une version sp\u00e9ciale est disponible. L\u2019installation est simple et adaptable, permettant de r\u00e9pondre \u00e0 une grande vari\u00e9t\u00e9 de configurations.<\/p>\n<h4>Grandes dimensions, plus de lumi\u00e8re<\/h4>\n<p>Les grandes dimensions de la fen\u00eatre offrent une surface vitr\u00e9e plus importante. Par exemple, le mod\u00e8le de 134&#215;160 cm offre 1,63 m\u00b2 de surface vitr\u00e9e, permettant une luminosit\u00e9 naturelle optimale dans votre espace sous les combles.<\/p>\n<h3><strong>Choix du vitrage<\/strong><\/h3>\n<p><img loading=\"lazy\" decoding=\"async\" class=\"alignnone size-medium wp-image-168363\" src=\"https:\/\/nature-et-developpement.com\/wp-content\/uploads\/Choix-du-vitrage-FPP-V-MAX-450x450.jpg\" alt=\"\" width=\"450\" height=\"450\" \/><\/p>\n<p>&nbsp;<\/p>\n","protected":false},"excerpt":{"rendered":"<p>Profitez d&rsquo;une fen\u00eatre \u00e0 projection et rotation avec la FPP-V preSelect MAX Fakro. Confort, s\u00e9curit\u00e9 et ventilation int\u00e9gr\u00e9e pour votre espace sous les toits.<br \/>\nL\u2019ouvrant s&rsquo;incline jusqu&rsquo;\u00e0 un angle de 45 \u00b0 et s&rsquo;ouvre, en projection ou rotation, avec un simple bouton.<\/p>\n<p><span style=\"color: #008000\"><strong>N&rsquo;oubliez pas de<\/strong><\/span><br \/>\n<span style=\"color: #008000\"><strong>Choisir votre raccord d&rsquo;\u00e9tanch\u00e9it\u00e9<\/strong><\/span><br \/>\n<span style=\"color: #008000\"><strong>Choisir votre store int\u00e9rieur<\/strong><\/span><\/p>\n","protected":false},"featured_media":1000000168366,"template":"","meta":[],"product_brand":[2760],"product_cat":[91],"product_tag":[4254],"class_list":{"0":"post-26693","1":"product","2":"type-product","3":"status-publish","4":"has-post-thumbnail","6":"product_brand-fakro","7":"product_cat-menuiseries-exterieures","8":"product_tag-fakro","9":"product_shipping_class-petit-equipement-outil-eclairage","11":"first","12":"instock","13":"taxable","14":"shipping-taxable","15":"purchasable","16":"product-type-variable"},"yoast_head":"<!-- This site is optimized with the Yoast SEO plugin v27.5 - https:\/\/yoast.com\/product\/yoast-seo-wordpress\/ -->\n<title>Fen\u00eatre \u00e0 projection et rotation en bois preSelect MAX Fakro<\/title>\n<meta name=\"description\" content=\"Profitez d&#039;une fen\u00eatre \u00e0 projection et rotation avec la preSelect MAX Fakro. Confort, s\u00e9curit\u00e9 et ventilation int\u00e9gr\u00e9e pour votre espace sous les toits\" \/>\n<meta name=\"robots\" content=\"noindex, nofollow\" \/>\n<meta property=\"og:locale\" content=\"fr_FR\" \/>\n<meta property=\"og:type\" content=\"article\" \/>\n<meta property=\"og:title\" content=\"Fen\u00eatre \u00e0 projection et rotation en bois preSelect MAX Fakro\" \/>\n<meta property=\"og:description\" content=\"Profitez d&#039;une fen\u00eatre \u00e0 projection et rotation avec la preSelect MAX Fakro. Confort, s\u00e9curit\u00e9 et ventilation int\u00e9gr\u00e9e pour votre espace sous les toits\" \/>\n<meta property=\"og:url\" content=\"https:\/\/nature-et-developpement.com\/mbc\/produit\/fenetre-a-projection-et-rotation-en-bois-fakro-fpp-v-preselect-max\/\" \/>\n<meta property=\"og:site_name\" content=\"MBC\" \/>\n<meta property=\"article:modified_time\" content=\"2025-09-02T10:26:26+00:00\" \/>\n<meta name=\"twitter:card\" content=\"summary_large_image\" \/>\n<meta name=\"twitter:label1\" content=\"Dur\u00e9e de lecture estim\u00e9e\" \/>\n\t<meta name=\"twitter:data1\" content=\"3 minutes\" \/>\n<script type=\"application\/ld+json\" class=\"yoast-schema-graph\">{\"@context\":\"https:\\\/\\\/schema.org\",\"@graph\":[{\"@type\":\"WebPage\",\"@id\":\"https:\\\/\\\/nature-et-developpement.com\\\/mbc\\\/produit\\\/fenetre-a-projection-et-rotation-en-bois-fakro-fpp-v-preselect-max\\\/\",\"url\":\"https:\\\/\\\/nature-et-developpement.com\\\/mbc\\\/produit\\\/fenetre-a-projection-et-rotation-en-bois-fakro-fpp-v-preselect-max\\\/\",\"name\":\"Fen\u00eatre \u00e0 projection et rotation en bois preSelect MAX Fakro\",\"isPartOf\":{\"@id\":\"https:\\\/\\\/nature-et-developpement.com\\\/mbc\\\/#website\"},\"primaryImageOfPage\":{\"@id\":\"https:\\\/\\\/nature-et-developpement.com\\\/mbc\\\/produit\\\/fenetre-a-projection-et-rotation-en-bois-fakro-fpp-v-preselect-max\\\/#primaryimage\"},\"image\":{\"@id\":\"https:\\\/\\\/nature-et-developpement.com\\\/mbc\\\/produit\\\/fenetre-a-projection-et-rotation-en-bois-fakro-fpp-v-preselect-max\\\/#primaryimage\"},\"thumbnailUrl\":\"https:\\\/\\\/nature-et-developpement.com\\\/mbc\\\/wp-content\\\/uploads\\\/Fenetre-a-projection-et-rotation-en-bois-Fakro-FPP-V-preSelect-MAX.jpg\",\"datePublished\":\"2024-09-22T09:52:43+00:00\",\"dateModified\":\"2025-09-02T10:26:26+00:00\",\"description\":\"Profitez d'une fen\u00eatre \u00e0 projection et rotation avec la preSelect MAX Fakro. Confort, s\u00e9curit\u00e9 et ventilation int\u00e9gr\u00e9e pour votre espace sous les toits\",\"breadcrumb\":{\"@id\":\"https:\\\/\\\/nature-et-developpement.com\\\/mbc\\\/produit\\\/fenetre-a-projection-et-rotation-en-bois-fakro-fpp-v-preselect-max\\\/#breadcrumb\"},\"inLanguage\":\"fr-FR\",\"potentialAction\":[{\"@type\":\"ReadAction\",\"target\":[\"https:\\\/\\\/nature-et-developpement.com\\\/mbc\\\/produit\\\/fenetre-a-projection-et-rotation-en-bois-fakro-fpp-v-preselect-max\\\/\"]}]},{\"@type\":\"ImageObject\",\"inLanguage\":\"fr-FR\",\"@id\":\"https:\\\/\\\/nature-et-developpement.com\\\/mbc\\\/produit\\\/fenetre-a-projection-et-rotation-en-bois-fakro-fpp-v-preselect-max\\\/#primaryimage\",\"url\":\"https:\\\/\\\/nature-et-developpement.com\\\/mbc\\\/wp-content\\\/uploads\\\/Fenetre-a-projection-et-rotation-en-bois-Fakro-FPP-V-preSelect-MAX.jpg\",\"contentUrl\":\"https:\\\/\\\/nature-et-developpement.com\\\/mbc\\\/wp-content\\\/uploads\\\/Fenetre-a-projection-et-rotation-en-bois-Fakro-FPP-V-preSelect-MAX.jpg\"},{\"@type\":\"BreadcrumbList\",\"@id\":\"https:\\\/\\\/nature-et-developpement.com\\\/mbc\\\/produit\\\/fenetre-a-projection-et-rotation-en-bois-fakro-fpp-v-preselect-max\\\/#breadcrumb\",\"itemListElement\":[{\"@type\":\"ListItem\",\"position\":1,\"name\":\"Accueil\",\"item\":\"https:\\\/\\\/nature-et-developpement.com\\\/mbc\\\/\"},{\"@type\":\"ListItem\",\"position\":2,\"name\":\"Produits\",\"item\":\"https:\\\/\\\/nature-et-developpement.com\\\/mbc\\\/shop\\\/\"},{\"@type\":\"ListItem\",\"position\":3,\"name\":\"Construction, cloison et fen\u00eatres\",\"item\":\"https:\\\/\\\/nature-et-developpement.com\\\/mbc\\\/produits\\\/construction\\\/\"},{\"@type\":\"ListItem\",\"position\":4,\"name\":\"Menuiserie ext\u00e9rieure\",\"item\":\"https:\\\/\\\/nature-et-developpement.com\\\/mbc\\\/produits\\\/construction\\\/menuiseries-exterieures\\\/\"},{\"@type\":\"ListItem\",\"position\":5,\"name\":\"Fen\u00eatre \u00e0 projection et rotation en bois FPP-V preSelect MAX Fakro\"}]},{\"@type\":\"WebSite\",\"@id\":\"https:\\\/\\\/nature-et-developpement.com\\\/mbc\\\/#website\",\"url\":\"https:\\\/\\\/nature-et-developpement.com\\\/mbc\\\/\",\"name\":\"MBC\",\"description\":\"MBC est membre du groupement Nature &amp; D\u00e9veloppement\",\"publisher\":{\"@id\":\"https:\\\/\\\/nature-et-developpement.com\\\/mbc\\\/#organization\"},\"potentialAction\":[{\"@type\":\"SearchAction\",\"target\":{\"@type\":\"EntryPoint\",\"urlTemplate\":\"https:\\\/\\\/nature-et-developpement.com\\\/mbc\\\/?s={search_term_string}\"},\"query-input\":{\"@type\":\"PropertyValueSpecification\",\"valueRequired\":true,\"valueName\":\"search_term_string\"}}],\"inLanguage\":\"fr-FR\"},{\"@type\":\"Organization\",\"@id\":\"https:\\\/\\\/nature-et-developpement.com\\\/mbc\\\/#organization\",\"name\":\"MBC Mat\u00e9riaux Biosourc\u00e9s de Construction\",\"url\":\"https:\\\/\\\/nature-et-developpement.com\\\/mbc\\\/\",\"logo\":{\"@type\":\"ImageObject\",\"inLanguage\":\"fr-FR\",\"@id\":\"https:\\\/\\\/nature-et-developpement.com\\\/mbc\\\/#\\\/schema\\\/logo\\\/image\\\/\",\"url\":\"https:\\\/\\\/nature-et-developpement.com\\\/mbc\\\/wp-content\\\/uploads\\\/sites\\\/18\\\/2021\\\/09\\\/cropped-MBC-2019-03.jpg\",\"contentUrl\":\"https:\\\/\\\/nature-et-developpement.com\\\/mbc\\\/wp-content\\\/uploads\\\/sites\\\/18\\\/2021\\\/09\\\/cropped-MBC-2019-03.jpg\",\"width\":512,\"height\":512,\"caption\":\"MBC Mat\u00e9riaux Biosourc\u00e9s de Construction\"},\"image\":{\"@id\":\"https:\\\/\\\/nature-et-developpement.com\\\/mbc\\\/#\\\/schema\\\/logo\\\/image\\\/\"}}]}<\/script>\n<!-- \/ Yoast SEO plugin. -->","yoast_head_json":{"title":"Fen\u00eatre \u00e0 projection et rotation en bois preSelect MAX Fakro","description":"Profitez d'une fen\u00eatre \u00e0 projection et rotation avec la preSelect MAX Fakro. Confort, s\u00e9curit\u00e9 et ventilation int\u00e9gr\u00e9e pour votre espace sous les toits","robots":{"index":"noindex","follow":"nofollow"},"og_locale":"fr_FR","og_type":"article","og_title":"Fen\u00eatre \u00e0 projection et rotation en bois preSelect MAX Fakro","og_description":"Profitez d'une fen\u00eatre \u00e0 projection et rotation avec la preSelect MAX Fakro. Confort, s\u00e9curit\u00e9 et ventilation int\u00e9gr\u00e9e pour votre espace sous les toits","og_url":"https:\/\/nature-et-developpement.com\/mbc\/produit\/fenetre-a-projection-et-rotation-en-bois-fakro-fpp-v-preselect-max\/","og_site_name":"MBC","article_modified_time":"2025-09-02T10:26:26+00:00","twitter_card":"summary_large_image","twitter_misc":{"Dur\u00e9e de lecture estim\u00e9e":"3 minutes"},"schema":{"@context":"https:\/\/schema.org","@graph":[{"@type":"WebPage","@id":"https:\/\/nature-et-developpement.com\/mbc\/produit\/fenetre-a-projection-et-rotation-en-bois-fakro-fpp-v-preselect-max\/","url":"https:\/\/nature-et-developpement.com\/mbc\/produit\/fenetre-a-projection-et-rotation-en-bois-fakro-fpp-v-preselect-max\/","name":"Fen\u00eatre \u00e0 projection et rotation en bois preSelect MAX Fakro","isPartOf":{"@id":"https:\/\/nature-et-developpement.com\/mbc\/#website"},"primaryImageOfPage":{"@id":"https:\/\/nature-et-developpement.com\/mbc\/produit\/fenetre-a-projection-et-rotation-en-bois-fakro-fpp-v-preselect-max\/#primaryimage"},"image":{"@id":"https:\/\/nature-et-developpement.com\/mbc\/produit\/fenetre-a-projection-et-rotation-en-bois-fakro-fpp-v-preselect-max\/#primaryimage"},"thumbnailUrl":"https:\/\/nature-et-developpement.com\/mbc\/wp-content\/uploads\/Fenetre-a-projection-et-rotation-en-bois-Fakro-FPP-V-preSelect-MAX.jpg","datePublished":"2024-09-22T09:52:43+00:00","dateModified":"2025-09-02T10:26:26+00:00","description":"Profitez d'une fen\u00eatre \u00e0 projection et rotation avec la preSelect MAX Fakro. Confort, s\u00e9curit\u00e9 et ventilation int\u00e9gr\u00e9e pour votre espace sous les toits","breadcrumb":{"@id":"https:\/\/nature-et-developpement.com\/mbc\/produit\/fenetre-a-projection-et-rotation-en-bois-fakro-fpp-v-preselect-max\/#breadcrumb"},"inLanguage":"fr-FR","potentialAction":[{"@type":"ReadAction","target":["https:\/\/nature-et-developpement.com\/mbc\/produit\/fenetre-a-projection-et-rotation-en-bois-fakro-fpp-v-preselect-max\/"]}]},{"@type":"ImageObject","inLanguage":"fr-FR","@id":"https:\/\/nature-et-developpement.com\/mbc\/produit\/fenetre-a-projection-et-rotation-en-bois-fakro-fpp-v-preselect-max\/#primaryimage","url":"https:\/\/nature-et-developpement.com\/mbc\/wp-content\/uploads\/Fenetre-a-projection-et-rotation-en-bois-Fakro-FPP-V-preSelect-MAX.jpg","contentUrl":"https:\/\/nature-et-developpement.com\/mbc\/wp-content\/uploads\/Fenetre-a-projection-et-rotation-en-bois-Fakro-FPP-V-preSelect-MAX.jpg"},{"@type":"BreadcrumbList","@id":"https:\/\/nature-et-developpement.com\/mbc\/produit\/fenetre-a-projection-et-rotation-en-bois-fakro-fpp-v-preselect-max\/#breadcrumb","itemListElement":[{"@type":"ListItem","position":1,"name":"Accueil","item":"https:\/\/nature-et-developpement.com\/mbc\/"},{"@type":"ListItem","position":2,"name":"Produits","item":"https:\/\/nature-et-developpement.com\/mbc\/shop\/"},{"@type":"ListItem","position":3,"name":"Construction, cloison et fen\u00eatres","item":"https:\/\/nature-et-developpement.com\/mbc\/produits\/construction\/"},{"@type":"ListItem","position":4,"name":"Menuiserie ext\u00e9rieure","item":"https:\/\/nature-et-developpement.com\/mbc\/produits\/construction\/menuiseries-exterieures\/"},{"@type":"ListItem","position":5,"name":"Fen\u00eatre \u00e0 projection et rotation en bois FPP-V preSelect MAX Fakro"}]},{"@type":"WebSite","@id":"https:\/\/nature-et-developpement.com\/mbc\/#website","url":"https:\/\/nature-et-developpement.com\/mbc\/","name":"MBC","description":"MBC est membre du groupement Nature &amp; D\u00e9veloppement","publisher":{"@id":"https:\/\/nature-et-developpement.com\/mbc\/#organization"},"potentialAction":[{"@type":"SearchAction","target":{"@type":"EntryPoint","urlTemplate":"https:\/\/nature-et-developpement.com\/mbc\/?s={search_term_string}"},"query-input":{"@type":"PropertyValueSpecification","valueRequired":true,"valueName":"search_term_string"}}],"inLanguage":"fr-FR"},{"@type":"Organization","@id":"https:\/\/nature-et-developpement.com\/mbc\/#organization","name":"MBC Mat\u00e9riaux Biosourc\u00e9s de Construction","url":"https:\/\/nature-et-developpement.com\/mbc\/","logo":{"@type":"ImageObject","inLanguage":"fr-FR","@id":"https:\/\/nature-et-developpement.com\/mbc\/#\/schema\/logo\/image\/","url":"https:\/\/nature-et-developpement.com\/mbc\/wp-content\/uploads\/sites\/18\/2021\/09\/cropped-MBC-2019-03.jpg","contentUrl":"https:\/\/nature-et-developpement.com\/mbc\/wp-content\/uploads\/sites\/18\/2021\/09\/cropped-MBC-2019-03.jpg","width":512,"height":512,"caption":"MBC Mat\u00e9riaux Biosourc\u00e9s de Construction"},"image":{"@id":"https:\/\/nature-et-developpement.com\/mbc\/#\/schema\/logo\/image\/"}}]}},"distributor_meta":false,"distributor_terms":false,"distributor_media":false,"distributor_original_site_name":"MBC","distributor_original_site_url":"https:\/\/nature-et-developpement.com\/mbc","push-errors":false,"_links":{"self":[{"href":"https:\/\/nature-et-developpement.com\/mbc\/wp-json\/wp\/v2\/product\/26693","targetHints":{"allow":["GET"]}}],"collection":[{"href":"https:\/\/nature-et-developpement.com\/mbc\/wp-json\/wp\/v2\/product"}],"about":[{"href":"https:\/\/nature-et-developpement.com\/mbc\/wp-json\/wp\/v2\/types\/product"}],"wp:featuredmedia":[{"embeddable":true,"href":"https:\/\/nature-et-developpement.com\/mbc\/wp-json\/"}],"wp:attachment":[{"href":"https:\/\/nature-et-developpement.com\/mbc\/wp-json\/wp\/v2\/media?parent=26693"}],"wp:term":[{"taxonomy":"product_brand","embeddable":true,"href":"https:\/\/nature-et-developpement.com\/mbc\/wp-json\/wp\/v2\/product_brand?post=26693"},{"taxonomy":"product_cat","embeddable":true,"href":"https:\/\/nature-et-developpement.com\/mbc\/wp-json\/wp\/v2\/product_cat?post=26693"},{"taxonomy":"product_tag","embeddable":true,"href":"https:\/\/nature-et-developpement.com\/mbc\/wp-json\/wp\/v2\/product_tag?post=26693"}],"curies":[{"name":"wp","href":"https:\/\/api.w.org\/{rel}","templated":true}]}}