{"id":33608,"date":"2024-06-15T17:23:47","date_gmt":"2024-06-15T15:23:47","guid":{"rendered":"https:\/\/nature-et-developpement.com\/mbc\/produit\/pack-3-outils-18v-flex\/"},"modified":"2025-10-03T18:10:43","modified_gmt":"2025-10-03T16:10:43","slug":"pack-3-outils-18v-flex","status":"publish","type":"product","link":"https:\/\/nature-et-developpement.com\/mbc\/produit\/pack-3-outils-18v-flex\/","title":{"rendered":"Pack 3 outils 18V FLEX au choix"},"content":{"rendered":"","protected":false},"excerpt":{"rendered":"<p><strong>FLEX PACK = 3 outils 1 set de 3 batteries\/chargeur 1 sac<\/strong><br \/>\n<a href=\"https:\/\/nature-et-developpement.com\/wp-content\/uploads\/FLEX-pack-3-outils-18V-au-choix-2024.pdf\" target=\"_blank\" rel=\"noopener\">S\u00e9lectionnez 3 outils 18 Volts<\/a><br \/>\ndans l&rsquo;impressionnante gamme de machines sur batterie FLEX<br \/>\net mettez les 3 r\u00e9f\u00e9rences dans les commentaires de votre demande.<br \/>\n<em><strong><span style=\"color: #008080\">Possibilit\u00e9 de s\u00e9lectionner plusieurs fois le m\u00eame outil.<\/span><\/strong><\/em><\/p>\n<p><img loading=\"lazy\" decoding=\"async\" class=\"alignnone size-full wp-image-173642\" src=\"https:\/\/nature-et-developpement.com\/wp-content\/uploads\/Picto-pack-3-outils-18v-flex.png\" alt=\"\" width=\"400\" height=\"258\" \/><\/p>\n","protected":false},"featured_media":1000000173640,"template":"","meta":[],"product_brand":[4070],"product_cat":[2471,2412,60,242,243,59,2821,314,102,2816,4215,4213,4214,109,748,1462,2409],"product_tag":[4236],"class_list":{"0":"post-33608","1":"product","2":"type-product","3":"status-publish","4":"has-post-thumbnail","6":"product_brand-flex","7":"product_cat-accessoires","8":"product_cat-accessoires-agencement-exterieur","9":"product_cat-accessoires-agencement-interieur","10":"product_cat-accessoires-construction","11":"product_cat-accessoires-isolation-et-etancheite","12":"product_cat-accessoires-peinture-et-enduit","13":"product_cat-bardages","14":"product_cat-cloisons-et-doublage","15":"product_cat-construction-maison-bois","16":"product_cat-demande-de-devis-uniquement-avec-prix","17":"product_cat-isolation-exterieure","18":"product_cat-isolation-interieure","19":"product_cat-isolation-phonique","20":"product_cat-maconnerie","21":"product_cat-outillage","22":"product_cat-outillage-peinture-et-enduit","23":"product_cat-terrasses","24":"product_tag-flex","26":"first","27":"instock","28":"taxable","29":"shipping-taxable","30":"purchasable","31":"product-type-variable"},"yoast_head":"<!-- This site is optimized with the Yoast SEO plugin v27.5 - https:\/\/yoast.com\/product\/yoast-seo-wordpress\/ -->\n<title>Pack 3 outils 18V FLEX au choix<\/title>\n<meta name=\"description\" content=\"FLEX PACK = 3 outils + 1 set de 3 batteries\/chargeur + 1 sac. S\u00e9lectionnez 3 outils 18 Volts dans l&#039;impressionnante gamme de machines sur batterie FLEX\" \/>\n<meta name=\"robots\" content=\"noindex, nofollow\" \/>\n<meta property=\"og:locale\" content=\"fr_FR\" \/>\n<meta property=\"og:type\" content=\"article\" \/>\n<meta property=\"og:title\" content=\"Pack 3 outils 18V FLEX au choix\" \/>\n<meta property=\"og:description\" content=\"FLEX PACK = 3 outils + 1 set de 3 batteries\/chargeur + 1 sac. S\u00e9lectionnez 3 outils 18 Volts dans l&#039;impressionnante gamme de machines sur batterie FLEX\" \/>\n<meta property=\"og:url\" content=\"https:\/\/nature-et-developpement.com\/mbc\/produit\/pack-3-outils-18v-flex\/\" \/>\n<meta property=\"og:site_name\" content=\"MBC\" \/>\n<meta property=\"article:modified_time\" content=\"2025-10-03T16:10:43+00:00\" \/>\n<meta name=\"twitter:card\" content=\"summary_large_image\" \/>\n<script type=\"application\/ld+json\" class=\"yoast-schema-graph\">{\"@context\":\"https:\\\/\\\/schema.org\",\"@graph\":[{\"@type\":\"WebPage\",\"@id\":\"https:\\\/\\\/nature-et-developpement.com\\\/mbc\\\/produit\\\/pack-3-outils-18v-flex\\\/\",\"url\":\"https:\\\/\\\/nature-et-developpement.com\\\/mbc\\\/produit\\\/pack-3-outils-18v-flex\\\/\",\"name\":\"Pack 3 outils 18V FLEX au choix\",\"isPartOf\":{\"@id\":\"https:\\\/\\\/nature-et-developpement.com\\\/mbc\\\/#website\"},\"primaryImageOfPage\":{\"@id\":\"https:\\\/\\\/nature-et-developpement.com\\\/mbc\\\/produit\\\/pack-3-outils-18v-flex\\\/#primaryimage\"},\"image\":{\"@id\":\"https:\\\/\\\/nature-et-developpement.com\\\/mbc\\\/produit\\\/pack-3-outils-18v-flex\\\/#primaryimage\"},\"thumbnailUrl\":\"https:\\\/\\\/nature-et-developpement.com\\\/mbc\\\/wp-content\\\/uploads\\\/FLEX-pack-3-18V.jpg\",\"datePublished\":\"2024-06-15T15:23:47+00:00\",\"dateModified\":\"2025-10-03T16:10:43+00:00\",\"description\":\"FLEX PACK = 3 outils + 1 set de 3 batteries\\\/chargeur + 1 sac. S\u00e9lectionnez 3 outils 18 Volts dans l'impressionnante gamme de machines sur batterie FLEX\",\"breadcrumb\":{\"@id\":\"https:\\\/\\\/nature-et-developpement.com\\\/mbc\\\/produit\\\/pack-3-outils-18v-flex\\\/#breadcrumb\"},\"inLanguage\":\"fr-FR\",\"potentialAction\":[{\"@type\":\"ReadAction\",\"target\":[\"https:\\\/\\\/nature-et-developpement.com\\\/mbc\\\/produit\\\/pack-3-outils-18v-flex\\\/\"]}]},{\"@type\":\"ImageObject\",\"inLanguage\":\"fr-FR\",\"@id\":\"https:\\\/\\\/nature-et-developpement.com\\\/mbc\\\/produit\\\/pack-3-outils-18v-flex\\\/#primaryimage\",\"url\":\"https:\\\/\\\/nature-et-developpement.com\\\/mbc\\\/wp-content\\\/uploads\\\/FLEX-pack-3-18V.jpg\",\"contentUrl\":\"https:\\\/\\\/nature-et-developpement.com\\\/mbc\\\/wp-content\\\/uploads\\\/FLEX-pack-3-18V.jpg\"},{\"@type\":\"BreadcrumbList\",\"@id\":\"https:\\\/\\\/nature-et-developpement.com\\\/mbc\\\/produit\\\/pack-3-outils-18v-flex\\\/#breadcrumb\",\"itemListElement\":[{\"@type\":\"ListItem\",\"position\":1,\"name\":\"Accueil\",\"item\":\"https:\\\/\\\/nature-et-developpement.com\\\/mbc\\\/\"},{\"@type\":\"ListItem\",\"position\":2,\"name\":\"Produits\",\"item\":\"https:\\\/\\\/nature-et-developpement.com\\\/mbc\\\/shop\\\/\"},{\"@type\":\"ListItem\",\"position\":3,\"name\":\"Construction, cloison et fen\u00eatres\",\"item\":\"https:\\\/\\\/nature-et-developpement.com\\\/mbc\\\/produits\\\/construction\\\/\"},{\"@type\":\"ListItem\",\"position\":4,\"name\":\"Construction bois\",\"item\":\"https:\\\/\\\/nature-et-developpement.com\\\/mbc\\\/produits\\\/construction\\\/construction-maison-bois\\\/\"},{\"@type\":\"ListItem\",\"position\":5,\"name\":\"Pack 3 outils 18V FLEX au choix\"}]},{\"@type\":\"WebSite\",\"@id\":\"https:\\\/\\\/nature-et-developpement.com\\\/mbc\\\/#website\",\"url\":\"https:\\\/\\\/nature-et-developpement.com\\\/mbc\\\/\",\"name\":\"MBC\",\"description\":\"MBC est membre du groupement Nature &amp; D\u00e9veloppement\",\"publisher\":{\"@id\":\"https:\\\/\\\/nature-et-developpement.com\\\/mbc\\\/#organization\"},\"potentialAction\":[{\"@type\":\"SearchAction\",\"target\":{\"@type\":\"EntryPoint\",\"urlTemplate\":\"https:\\\/\\\/nature-et-developpement.com\\\/mbc\\\/?s={search_term_string}\"},\"query-input\":{\"@type\":\"PropertyValueSpecification\",\"valueRequired\":true,\"valueName\":\"search_term_string\"}}],\"inLanguage\":\"fr-FR\"},{\"@type\":\"Organization\",\"@id\":\"https:\\\/\\\/nature-et-developpement.com\\\/mbc\\\/#organization\",\"name\":\"MBC Mat\u00e9riaux Biosourc\u00e9s de Construction\",\"url\":\"https:\\\/\\\/nature-et-developpement.com\\\/mbc\\\/\",\"logo\":{\"@type\":\"ImageObject\",\"inLanguage\":\"fr-FR\",\"@id\":\"https:\\\/\\\/nature-et-developpement.com\\\/mbc\\\/#\\\/schema\\\/logo\\\/image\\\/\",\"url\":\"https:\\\/\\\/nature-et-developpement.com\\\/mbc\\\/wp-content\\\/uploads\\\/sites\\\/18\\\/2021\\\/09\\\/cropped-MBC-2019-03.jpg\",\"contentUrl\":\"https:\\\/\\\/nature-et-developpement.com\\\/mbc\\\/wp-content\\\/uploads\\\/sites\\\/18\\\/2021\\\/09\\\/cropped-MBC-2019-03.jpg\",\"width\":512,\"height\":512,\"caption\":\"MBC Mat\u00e9riaux Biosourc\u00e9s de Construction\"},\"image\":{\"@id\":\"https:\\\/\\\/nature-et-developpement.com\\\/mbc\\\/#\\\/schema\\\/logo\\\/image\\\/\"}}]}<\/script>\n<!-- \/ Yoast SEO plugin. -->","yoast_head_json":{"title":"Pack 3 outils 18V FLEX au choix","description":"FLEX PACK = 3 outils + 1 set de 3 batteries\/chargeur + 1 sac. S\u00e9lectionnez 3 outils 18 Volts dans l'impressionnante gamme de machines sur batterie FLEX","robots":{"index":"noindex","follow":"nofollow"},"og_locale":"fr_FR","og_type":"article","og_title":"Pack 3 outils 18V FLEX au choix","og_description":"FLEX PACK = 3 outils + 1 set de 3 batteries\/chargeur + 1 sac. S\u00e9lectionnez 3 outils 18 Volts dans l'impressionnante gamme de machines sur batterie FLEX","og_url":"https:\/\/nature-et-developpement.com\/mbc\/produit\/pack-3-outils-18v-flex\/","og_site_name":"MBC","article_modified_time":"2025-10-03T16:10:43+00:00","twitter_card":"summary_large_image","schema":{"@context":"https:\/\/schema.org","@graph":[{"@type":"WebPage","@id":"https:\/\/nature-et-developpement.com\/mbc\/produit\/pack-3-outils-18v-flex\/","url":"https:\/\/nature-et-developpement.com\/mbc\/produit\/pack-3-outils-18v-flex\/","name":"Pack 3 outils 18V FLEX au choix","isPartOf":{"@id":"https:\/\/nature-et-developpement.com\/mbc\/#website"},"primaryImageOfPage":{"@id":"https:\/\/nature-et-developpement.com\/mbc\/produit\/pack-3-outils-18v-flex\/#primaryimage"},"image":{"@id":"https:\/\/nature-et-developpement.com\/mbc\/produit\/pack-3-outils-18v-flex\/#primaryimage"},"thumbnailUrl":"https:\/\/nature-et-developpement.com\/mbc\/wp-content\/uploads\/FLEX-pack-3-18V.jpg","datePublished":"2024-06-15T15:23:47+00:00","dateModified":"2025-10-03T16:10:43+00:00","description":"FLEX PACK = 3 outils + 1 set de 3 batteries\/chargeur + 1 sac. S\u00e9lectionnez 3 outils 18 Volts dans l'impressionnante gamme de machines sur batterie FLEX","breadcrumb":{"@id":"https:\/\/nature-et-developpement.com\/mbc\/produit\/pack-3-outils-18v-flex\/#breadcrumb"},"inLanguage":"fr-FR","potentialAction":[{"@type":"ReadAction","target":["https:\/\/nature-et-developpement.com\/mbc\/produit\/pack-3-outils-18v-flex\/"]}]},{"@type":"ImageObject","inLanguage":"fr-FR","@id":"https:\/\/nature-et-developpement.com\/mbc\/produit\/pack-3-outils-18v-flex\/#primaryimage","url":"https:\/\/nature-et-developpement.com\/mbc\/wp-content\/uploads\/FLEX-pack-3-18V.jpg","contentUrl":"https:\/\/nature-et-developpement.com\/mbc\/wp-content\/uploads\/FLEX-pack-3-18V.jpg"},{"@type":"BreadcrumbList","@id":"https:\/\/nature-et-developpement.com\/mbc\/produit\/pack-3-outils-18v-flex\/#breadcrumb","itemListElement":[{"@type":"ListItem","position":1,"name":"Accueil","item":"https:\/\/nature-et-developpement.com\/mbc\/"},{"@type":"ListItem","position":2,"name":"Produits","item":"https:\/\/nature-et-developpement.com\/mbc\/shop\/"},{"@type":"ListItem","position":3,"name":"Construction, cloison et fen\u00eatres","item":"https:\/\/nature-et-developpement.com\/mbc\/produits\/construction\/"},{"@type":"ListItem","position":4,"name":"Construction bois","item":"https:\/\/nature-et-developpement.com\/mbc\/produits\/construction\/construction-maison-bois\/"},{"@type":"ListItem","position":5,"name":"Pack 3 outils 18V FLEX au choix"}]},{"@type":"WebSite","@id":"https:\/\/nature-et-developpement.com\/mbc\/#website","url":"https:\/\/nature-et-developpement.com\/mbc\/","name":"MBC","description":"MBC est membre du groupement Nature &amp; D\u00e9veloppement","publisher":{"@id":"https:\/\/nature-et-developpement.com\/mbc\/#organization"},"potentialAction":[{"@type":"SearchAction","target":{"@type":"EntryPoint","urlTemplate":"https:\/\/nature-et-developpement.com\/mbc\/?s={search_term_string}"},"query-input":{"@type":"PropertyValueSpecification","valueRequired":true,"valueName":"search_term_string"}}],"inLanguage":"fr-FR"},{"@type":"Organization","@id":"https:\/\/nature-et-developpement.com\/mbc\/#organization","name":"MBC Mat\u00e9riaux Biosourc\u00e9s de Construction","url":"https:\/\/nature-et-developpement.com\/mbc\/","logo":{"@type":"ImageObject","inLanguage":"fr-FR","@id":"https:\/\/nature-et-developpement.com\/mbc\/#\/schema\/logo\/image\/","url":"https:\/\/nature-et-developpement.com\/mbc\/wp-content\/uploads\/sites\/18\/2021\/09\/cropped-MBC-2019-03.jpg","contentUrl":"https:\/\/nature-et-developpement.com\/mbc\/wp-content\/uploads\/sites\/18\/2021\/09\/cropped-MBC-2019-03.jpg","width":512,"height":512,"caption":"MBC Mat\u00e9riaux Biosourc\u00e9s de Construction"},"image":{"@id":"https:\/\/nature-et-developpement.com\/mbc\/#\/schema\/logo\/image\/"}}]}},"distributor_meta":false,"distributor_terms":false,"distributor_media":false,"distributor_original_site_name":"MBC","distributor_original_site_url":"https:\/\/nature-et-developpement.com\/mbc","push-errors":false,"_links":{"self":[{"href":"https:\/\/nature-et-developpement.com\/mbc\/wp-json\/wp\/v2\/product\/33608","targetHints":{"allow":["GET"]}}],"collection":[{"href":"https:\/\/nature-et-developpement.com\/mbc\/wp-json\/wp\/v2\/product"}],"about":[{"href":"https:\/\/nature-et-developpement.com\/mbc\/wp-json\/wp\/v2\/types\/product"}],"wp:featuredmedia":[{"embeddable":true,"href":"https:\/\/nature-et-developpement.com\/mbc\/wp-json\/"}],"wp:attachment":[{"href":"https:\/\/nature-et-developpement.com\/mbc\/wp-json\/wp\/v2\/media?parent=33608"}],"wp:term":[{"taxonomy":"product_brand","embeddable":true,"href":"https:\/\/nature-et-developpement.com\/mbc\/wp-json\/wp\/v2\/product_brand?post=33608"},{"taxonomy":"product_cat","embeddable":true,"href":"https:\/\/nature-et-developpement.com\/mbc\/wp-json\/wp\/v2\/product_cat?post=33608"},{"taxonomy":"product_tag","embeddable":true,"href":"https:\/\/nature-et-developpement.com\/mbc\/wp-json\/wp\/v2\/product_tag?post=33608"}],"curies":[{"name":"wp","href":"https:\/\/api.w.org\/{rel}","templated":true}]}}